{"id":12911,"date":"2025-04-25T16:14:40","date_gmt":"2025-04-25T14:14:40","guid":{"rendered":"https:\/\/premiumkeszulek.hu\/termek\/aeg-to64ia0fxb-beepitheto-indukcios-fozolap-hob2hood-60cm-fem-kerettel\/"},"modified":"2026-04-02T18:37:15","modified_gmt":"2026-04-02T16:37:15","slug":"aeg-to64ia0fxb-beepitheto-indukcios-fozolap-hob2hood-60cm-fem-kerettel","status":"publish","type":"product","link":"https:\/\/premiumkeszulek.hu\/hu\/termek\/aeg-to64ia0fxb-beepitheto-indukcios-fozolap-hob2hood-60cm-fem-kerettel\/","title":{"rendered":"AEG TO64IA0FXB be\u00e9p\u00edthet\u0151 indukci\u00f3s f\u0151z\u0151lap Hob2Hood 60cm f\u00e9m kerettel"},"content":{"rendered":"<p><span style=\"font-size:16px;\"><span style=\"color:#008080;\"><strong>A h\u00e1zhozsz\u00e1ll\u00edt\u00e1st egy biztons\u00e1gos j\u00f6v\u0151beli c\u00e9ggel v\u00e9gezz\u00fck. S\u00e9r\u00fcl\u00e9s \u00e9s t\u00f6r\u00e9s n\u00e9lk\u00fcl tudod \u00e1tvenni a term\u00e9ket, elker\u00fclve a kellemetlens\u00e9geket.<\/strong><\/span><\/span> 60 cm, DirektTouch, SlimFit(v\u00e9kony be\u00e9p\u00edt\u00e9s), Hob2Hood, 4 z\u00f3na, keretes (Super Flat XL), 3 l\u00e9pcs\u0151s marad\u00e9kh\u0151 kijelz\u00e9s,hangjelz\u00e9s,automata felf\u0171t\u00e9s,Booster,gyerekz\u00e1r,felfel\u00e9 sz\u00e1mol\u00f3 \u00f3ra,\u00d6ko Id\u0151z\u00edt\u00e9s,Hob2Hood,funkci\u00f3z\u00e1r,Percsz\u00e1ml\u00e1l\u00f3,hangjelz\u00e9s kikapcsol\u00e1sa,sz\u00fcnet funkci\u00f3,Id\u0151z\u00edt\u00e9s <\/p>","protected":false},"excerpt":{"rendered":"<p>A h\u00e1zhozsz\u00e1ll\u00edt\u00e1st egy biztons\u00e1gos j\u00f6v\u0151beli c\u00e9ggel v\u00e9gezz\u00fck. S\u00e9r\u00fcl\u00e9s \u00e9s t\u00f6r\u00e9s n\u00e9lk\u00fcl tudod \u00e1tvenni a term\u00e9ket, elker\u00fclve a kellemetlens\u00e9geket. 60 cm, DirektTouch, SlimFit(v\u00e9kony be\u00e9p\u00edt\u00e9s), Hob2Hood, 4 z\u00f3na, keretes (Super Flat XL), 3 l\u00e9pcs\u0151s marad\u00e9kh\u0151 kijelz\u00e9s,hangjelz\u00e9s,automata felf\u0171t\u00e9s,Booster,gyerekz\u00e1r,felfel\u00e9 sz\u00e1mol\u00f3 \u00f3ra,\u00d6ko Id\u0151z\u00edt\u00e9s,Hob2Hood,funkci\u00f3z\u00e1r,Percsz\u00e1ml\u00e1l\u00f3,hangjelz\u00e9s kikapcsol\u00e1sa,sz\u00fcnet funkci\u00f3,Id\u0151z\u00edt\u00e9s<\/p>","protected":false},"featured_media":12910,"comment_status":"closed","ping_status":"closed","template":"","meta":{"_crdt_document":"","content-type":"","jetpack_post_was_ever_published":false,"jetpack_publicize_message":"","jetpack_publicize_feature_enabled":true,"jetpack_social_post_already_shared":true,"jetpack_social_options":{"image_generator_settings":{"template":"highway","default_image_id":0,"font":"","enabled":false},"version":2},"_wpas_customize_per_network":false},"product_brand":[1632],"product_cat":[1522,1526,1527],"product_tag":[],"woo-feed-brand":[],"class_list":{"0":"post-12911","1":"product","2":"type-product","3":"status-publish","4":"has-post-thumbnail","6":"product_brand-aeg","7":"product_cat-beepitheto-indukcios-fozolap","8":"product_cat-fozolap","9":"product_cat-sutok-es-fozolapok","10":"product_shipping_class-100000felett","12":"first","13":"instock","14":"sale","15":"taxable","16":"shipping-taxable","17":"purchasable","18":"product-type-simple"},"yoast_head":"<!-- This site is optimized with the Yoast SEO Premium plugin v26.9 (Yoast SEO v26.9) - https:\/\/yoast.com\/product\/yoast-seo-premium-wordpress\/ -->\n<title>AEG TO64IA0FXB be\u00e9p\u00edthet\u0151 indukci\u00f3s f\u0151z\u0151lap Hob2Hood 60cm f\u00e9m kerettel - Pr\u00e9miumK\u00e9sz\u00fcl\u00e9k<\/title>\n<meta name=\"description\" content=\"Az AEG TO64IA0FXB be\u00e9p\u00edthet\u0151 indukci\u00f3s f\u0151z\u0151lap a k\u00e9nyelem \u00e9s a hat\u00e9konys\u00e1g \u00f6tv\u00f6zete. Tapasztald meg az automata felf\u0171t\u00e9st \u00e9s a SlimFit diz\u00e1jnt! \ud83d\udd25\" \/>\n<meta name=\"robots\" content=\"index, follow, max-snippet:-1, max-image-preview:large, max-video-preview:-1\" \/>\n<link rel=\"canonical\" href=\"https:\/\/premiumkeszulek.hu\/hu\/termek\/aeg-to64ia0fxb-beepitheto-indukcios-fozolap-hob2hood-60cm-fem-kerettel\/\" \/>\n<meta property=\"og:locale\" content=\"hu_HU\" \/>\n<meta property=\"og:type\" content=\"article\" \/>\n<meta property=\"og:title\" content=\"AEG TO64IA0FXB be\u00e9p\u00edthet\u0151 indukci\u00f3s f\u0151z\u0151lap Hob2Hood 60cm f\u00e9m kerettel\" \/>\n<meta property=\"og:description\" content=\"Az AEG TO64IA0FXB be\u00e9p\u00edthet\u0151 indukci\u00f3s f\u0151z\u0151lap a k\u00e9nyelem \u00e9s a hat\u00e9konys\u00e1g \u00f6tv\u00f6zete. Tapasztald meg az automata felf\u0171t\u00e9st \u00e9s a SlimFit diz\u00e1jnt! \ud83d\udd25\" \/>\n<meta property=\"og:url\" content=\"https:\/\/premiumkeszulek.hu\/hu\/termek\/aeg-to64ia0fxb-beepitheto-indukcios-fozolap-hob2hood-60cm-fem-kerettel\/\" \/>\n<meta property=\"og:site_name\" content=\"Pr\u00e9miumK\u00e9sz\u00fcl\u00e9k\" \/>\n<meta property=\"article:publisher\" content=\"https:\/\/www.facebook.com\/konyhaluxnet\" \/>\n<meta property=\"article:modified_time\" content=\"2026-04-02T16:37:15+00:00\" \/>\n<meta property=\"og:image\" content=\"https:\/\/i0.wp.com\/premiumkeszulek.hu\/wp-content\/uploads\/2025\/04\/TO64IA0FXB-111.png?fit=800%2C800&ssl=1\" \/>\n\t<meta property=\"og:image:width\" content=\"800\" \/>\n\t<meta property=\"og:image:height\" content=\"800\" \/>\n\t<meta property=\"og:image:type\" content=\"image\/png\" \/>\n<meta name=\"twitter:card\" content=\"summary_large_image\" \/>\n<meta name=\"twitter:label1\" content=\"\u00c1r\" \/>\n\t<meta name=\"twitter:data1\" content=\"130.055&#070;&#116;\" \/>\n\t<meta name=\"twitter:label2\" content=\"El\u00e9rhet\u0151s\u00e9g\" \/>\n\t<meta name=\"twitter:data2\" content=\"K\u00e9szleten\" \/>\n<script type=\"application\/ld+json\" class=\"yoast-schema-graph\">{\"@context\":\"https:\/\/schema.org\",\"@graph\":[{\"@type\":\"WebPage\",\"@id\":\"https:\/\/premiumkeszulek.hu\/hu\/termek\/aeg-to64ia0fxb-beepitheto-indukcios-fozolap-hob2hood-60cm-fem-kerettel\/\",\"url\":\"https:\/\/premiumkeszulek.hu\/hu\/termek\/aeg-to64ia0fxb-beepitheto-indukcios-fozolap-hob2hood-60cm-fem-kerettel\/\",\"name\":\"AEG TO64IA0FXB be\u00e9p\u00edthet\u0151 indukci\u00f3s f\u0151z\u0151lap Hob2Hood 60cm f\u00e9m kerettel - Pr\u00e9miumK\u00e9sz\u00fcl\u00e9k\",\"isPartOf\":{\"@id\":\"https:\/\/premiumkeszulek.hu\/en\/#website\"},\"primaryImageOfPage\":{\"@id\":\"https:\/\/premiumkeszulek.hu\/hu\/termek\/aeg-to64ia0fxb-beepitheto-indukcios-fozolap-hob2hood-60cm-fem-kerettel\/#primaryimage\"},\"image\":{\"@id\":\"https:\/\/premiumkeszulek.hu\/hu\/termek\/aeg-to64ia0fxb-beepitheto-indukcios-fozolap-hob2hood-60cm-fem-kerettel\/#primaryimage\"},\"thumbnailUrl\":\"https:\/\/i0.wp.com\/premiumkeszulek.hu\/wp-content\/uploads\/2025\/04\/TO64IA0FXB-111.png?fit=800%2C800&ssl=1\",\"datePublished\":\"2025-04-25T14:14:40+00:00\",\"dateModified\":\"2026-04-02T16:37:15+00:00\",\"description\":\"Az AEG TO64IA0FXB be\u00e9p\u00edthet\u0151 indukci\u00f3s f\u0151z\u0151lap a k\u00e9nyelem \u00e9s a hat\u00e9konys\u00e1g \u00f6tv\u00f6zete. Tapasztald meg az automata felf\u0171t\u00e9st \u00e9s a SlimFit diz\u00e1jnt! \ud83d\udd25\",\"breadcrumb\":{\"@id\":\"https:\/\/premiumkeszulek.hu\/hu\/termek\/aeg-to64ia0fxb-beepitheto-indukcios-fozolap-hob2hood-60cm-fem-kerettel\/#breadcrumb\"},\"inLanguage\":\"hu\",\"potentialAction\":[{\"@type\":\"ReadAction\",\"target\":[\"https:\/\/premiumkeszulek.hu\/hu\/termek\/aeg-to64ia0fxb-beepitheto-indukcios-fozolap-hob2hood-60cm-fem-kerettel\/\"]}]},{\"@type\":\"ImageObject\",\"inLanguage\":\"hu\",\"@id\":\"https:\/\/premiumkeszulek.hu\/hu\/termek\/aeg-to64ia0fxb-beepitheto-indukcios-fozolap-hob2hood-60cm-fem-kerettel\/#primaryimage\",\"url\":\"https:\/\/i0.wp.com\/premiumkeszulek.hu\/wp-content\/uploads\/2025\/04\/TO64IA0FXB-111.png?fit=800%2C800&ssl=1\",\"contentUrl\":\"https:\/\/i0.wp.com\/premiumkeszulek.hu\/wp-content\/uploads\/2025\/04\/TO64IA0FXB-111.png?fit=800%2C800&ssl=1\",\"width\":800,\"height\":800},{\"@type\":\"BreadcrumbList\",\"@id\":\"https:\/\/premiumkeszulek.hu\/hu\/termek\/aeg-to64ia0fxb-beepitheto-indukcios-fozolap-hob2hood-60cm-fem-kerettel\/#breadcrumb\",\"itemListElement\":[{\"@type\":\"ListItem\",\"position\":1,\"name\":\"Home\",\"item\":\"https:\/\/premiumkeszulek.hu\/en\/\"},{\"@type\":\"ListItem\",\"position\":2,\"name\":\"Shop\",\"item\":\"https:\/\/premiumkeszulek.hu\/en\/shop\/\"},{\"@type\":\"ListItem\",\"position\":3,\"name\":\"AEG TO64IA0FXB be\u00e9p\u00edthet\u0151 indukci\u00f3s f\u0151z\u0151lap Hob2Hood 60cm f\u00e9m kerettel\"}]},{\"@type\":\"WebSite\",\"@id\":\"https:\/\/premiumkeszulek.hu\/en\/#website\",\"url\":\"https:\/\/premiumkeszulek.hu\/en\/\",\"name\":\"Pr\u00e9miumK\u00e9sz\u00fcl\u00e9k\",\"description\":\"\",\"publisher\":{\"@id\":\"https:\/\/premiumkeszulek.hu\/en\/#organization\"},\"potentialAction\":[{\"@type\":\"SearchAction\",\"target\":{\"@type\":\"EntryPoint\",\"urlTemplate\":\"https:\/\/premiumkeszulek.hu\/en\/?s={search_term_string}\"},\"query-input\":{\"@type\":\"PropertyValueSpecification\",\"valueRequired\":true,\"valueName\":\"search_term_string\"}}],\"inLanguage\":\"hu\"},{\"@type\":\"Organization\",\"@id\":\"https:\/\/premiumkeszulek.hu\/en\/#organization\",\"name\":\"Pr\u00e9miumK\u00e9sz\u00fcl\u00e9k\",\"alternateName\":\"HPH Special Kft\",\"url\":\"https:\/\/premiumkeszulek.hu\/en\/\",\"logo\":{\"@type\":\"ImageObject\",\"inLanguage\":\"hu\",\"@id\":\"https:\/\/premiumkeszulek.hu\/en\/#\/schema\/logo\/image\/\",\"url\":\"http:\/\/premiumkeszulek.hu\/wp-content\/uploads\/2025\/03\/TURKIZLOGO-kicsi.png\",\"contentUrl\":\"http:\/\/premiumkeszulek.hu\/wp-content\/uploads\/2025\/03\/TURKIZLOGO-kicsi.png\",\"width\":1600,\"height\":547,\"caption\":\"Pr\u00e9miumK\u00e9sz\u00fcl\u00e9k\"},\"image\":{\"@id\":\"https:\/\/premiumkeszulek.hu\/en\/#\/schema\/logo\/image\/\"},\"sameAs\":[\"https:\/\/www.facebook.com\/konyhaluxnet\",\"https:\/\/www.instagram.com\/konyhaluxnet\/#\"],\"email\":\"info@premiumkeszulek.hu\",\"telephone\":\"36 1 \/ 226-1992\",\"legalName\":\"HPH Special Kft\",\"vatID\":\"HU12549502\",\"taxID\":\"12549502\",\"hasMerchantReturnPolicy\":{\"@type\":\"MerchantReturnPolicy\",\"merchantReturnLink\":\"https:\/\/premiumkeszulek.hu\/hu\/altalanos-szerzodesi-es-felhasznalasi-feltetelek\/\"}}]}<\/script>\n<meta property=\"product:brand\" content=\"AEG\" \/>\n<meta property=\"product:price:amount\" content=\"130055\" \/>\n<meta property=\"product:price:currency\" content=\"HUF\" \/>\n<meta property=\"og:availability\" content=\"instock\" \/>\n<meta property=\"product:availability\" content=\"instock\" \/>\n<meta property=\"product:retailer_item_id\" content=\"949493010\" \/>\n<meta property=\"product:condition\" content=\"new\" \/>\n<!-- \/ Yoast SEO Premium plugin. -->","yoast_head_json":{"title":"AEG TO64IA0FXB be\u00e9p\u00edthet\u0151 indukci\u00f3s f\u0151z\u0151lap Hob2Hood 60cm f\u00e9m kerettel - Pr\u00e9miumK\u00e9sz\u00fcl\u00e9k","description":"Az AEG TO64IA0FXB be\u00e9p\u00edthet\u0151 indukci\u00f3s f\u0151z\u0151lap a k\u00e9nyelem \u00e9s a hat\u00e9konys\u00e1g \u00f6tv\u00f6zete. Tapasztald meg az automata felf\u0171t\u00e9st \u00e9s a SlimFit diz\u00e1jnt! \ud83d\udd25","robots":{"index":"index","follow":"follow","max-snippet":"max-snippet:-1","max-image-preview":"max-image-preview:large","max-video-preview":"max-video-preview:-1"},"canonical":"https:\/\/premiumkeszulek.hu\/hu\/termek\/aeg-to64ia0fxb-beepitheto-indukcios-fozolap-hob2hood-60cm-fem-kerettel\/","og_locale":"hu_HU","og_type":"article","og_title":"AEG TO64IA0FXB be\u00e9p\u00edthet\u0151 indukci\u00f3s f\u0151z\u0151lap Hob2Hood 60cm f\u00e9m kerettel","og_description":"Az AEG TO64IA0FXB be\u00e9p\u00edthet\u0151 indukci\u00f3s f\u0151z\u0151lap a k\u00e9nyelem \u00e9s a hat\u00e9konys\u00e1g \u00f6tv\u00f6zete. Tapasztald meg az automata felf\u0171t\u00e9st \u00e9s a SlimFit diz\u00e1jnt! \ud83d\udd25","og_url":"https:\/\/premiumkeszulek.hu\/hu\/termek\/aeg-to64ia0fxb-beepitheto-indukcios-fozolap-hob2hood-60cm-fem-kerettel\/","og_site_name":"Pr\u00e9miumK\u00e9sz\u00fcl\u00e9k","article_publisher":"https:\/\/www.facebook.com\/konyhaluxnet","article_modified_time":"2026-04-02T16:37:15+00:00","og_image":[{"width":800,"height":800,"url":"https:\/\/i0.wp.com\/premiumkeszulek.hu\/wp-content\/uploads\/2025\/04\/TO64IA0FXB-111.png?fit=800%2C800&ssl=1","type":"image\/png"}],"twitter_card":"summary_large_image","twitter_misc":{"\u00c1r":"130.055&#70;&#116;","El\u00e9rhet\u0151s\u00e9g":"K\u00e9szleten"},"schema":{"@context":"https:\/\/schema.org","@graph":[{"@type":"WebPage","@id":"https:\/\/premiumkeszulek.hu\/hu\/termek\/aeg-to64ia0fxb-beepitheto-indukcios-fozolap-hob2hood-60cm-fem-kerettel\/","url":"https:\/\/premiumkeszulek.hu\/hu\/termek\/aeg-to64ia0fxb-beepitheto-indukcios-fozolap-hob2hood-60cm-fem-kerettel\/","name":"AEG TO64IA0FXB be\u00e9p\u00edthet\u0151 indukci\u00f3s f\u0151z\u0151lap Hob2Hood 60cm f\u00e9m kerettel - Pr\u00e9miumK\u00e9sz\u00fcl\u00e9k","isPartOf":{"@id":"https:\/\/premiumkeszulek.hu\/en\/#website"},"primaryImageOfPage":{"@id":"https:\/\/premiumkeszulek.hu\/hu\/termek\/aeg-to64ia0fxb-beepitheto-indukcios-fozolap-hob2hood-60cm-fem-kerettel\/#primaryimage"},"image":{"@id":"https:\/\/premiumkeszulek.hu\/hu\/termek\/aeg-to64ia0fxb-beepitheto-indukcios-fozolap-hob2hood-60cm-fem-kerettel\/#primaryimage"},"thumbnailUrl":"https:\/\/i0.wp.com\/premiumkeszulek.hu\/wp-content\/uploads\/2025\/04\/TO64IA0FXB-111.png?fit=800%2C800&ssl=1","datePublished":"2025-04-25T14:14:40+00:00","dateModified":"2026-04-02T16:37:15+00:00","description":"Az AEG TO64IA0FXB be\u00e9p\u00edthet\u0151 indukci\u00f3s f\u0151z\u0151lap a k\u00e9nyelem \u00e9s a hat\u00e9konys\u00e1g \u00f6tv\u00f6zete. Tapasztald meg az automata felf\u0171t\u00e9st \u00e9s a SlimFit diz\u00e1jnt! \ud83d\udd25","breadcrumb":{"@id":"https:\/\/premiumkeszulek.hu\/hu\/termek\/aeg-to64ia0fxb-beepitheto-indukcios-fozolap-hob2hood-60cm-fem-kerettel\/#breadcrumb"},"inLanguage":"hu","potentialAction":[{"@type":"ReadAction","target":["https:\/\/premiumkeszulek.hu\/hu\/termek\/aeg-to64ia0fxb-beepitheto-indukcios-fozolap-hob2hood-60cm-fem-kerettel\/"]}]},{"@type":"ImageObject","inLanguage":"hu","@id":"https:\/\/premiumkeszulek.hu\/hu\/termek\/aeg-to64ia0fxb-beepitheto-indukcios-fozolap-hob2hood-60cm-fem-kerettel\/#primaryimage","url":"https:\/\/i0.wp.com\/premiumkeszulek.hu\/wp-content\/uploads\/2025\/04\/TO64IA0FXB-111.png?fit=800%2C800&ssl=1","contentUrl":"https:\/\/i0.wp.com\/premiumkeszulek.hu\/wp-content\/uploads\/2025\/04\/TO64IA0FXB-111.png?fit=800%2C800&ssl=1","width":800,"height":800},{"@type":"BreadcrumbList","@id":"https:\/\/premiumkeszulek.hu\/hu\/termek\/aeg-to64ia0fxb-beepitheto-indukcios-fozolap-hob2hood-60cm-fem-kerettel\/#breadcrumb","itemListElement":[{"@type":"ListItem","position":1,"name":"Home","item":"https:\/\/premiumkeszulek.hu\/en\/"},{"@type":"ListItem","position":2,"name":"Shop","item":"https:\/\/premiumkeszulek.hu\/en\/shop\/"},{"@type":"ListItem","position":3,"name":"AEG TO64IA0FXB be\u00e9p\u00edthet\u0151 indukci\u00f3s f\u0151z\u0151lap Hob2Hood 60cm f\u00e9m kerettel"}]},{"@type":"WebSite","@id":"https:\/\/premiumkeszulek.hu\/en\/#website","url":"https:\/\/premiumkeszulek.hu\/en\/","name":"Pr\u00e9miumK\u00e9sz\u00fcl\u00e9k","description":"","publisher":{"@id":"https:\/\/premiumkeszulek.hu\/en\/#organization"},"potentialAction":[{"@type":"SearchAction","target":{"@type":"EntryPoint","urlTemplate":"https:\/\/premiumkeszulek.hu\/en\/?s={search_term_string}"},"query-input":{"@type":"PropertyValueSpecification","valueRequired":true,"valueName":"search_term_string"}}],"inLanguage":"hu"},{"@type":"Organization","@id":"https:\/\/premiumkeszulek.hu\/en\/#organization","name":"Pr\u00e9miumK\u00e9sz\u00fcl\u00e9k","alternateName":"HPH Special Kft","url":"https:\/\/premiumkeszulek.hu\/en\/","logo":{"@type":"ImageObject","inLanguage":"hu","@id":"https:\/\/premiumkeszulek.hu\/en\/#\/schema\/logo\/image\/","url":"http:\/\/premiumkeszulek.hu\/wp-content\/uploads\/2025\/03\/TURKIZLOGO-kicsi.png","contentUrl":"http:\/\/premiumkeszulek.hu\/wp-content\/uploads\/2025\/03\/TURKIZLOGO-kicsi.png","width":1600,"height":547,"caption":"Pr\u00e9miumK\u00e9sz\u00fcl\u00e9k"},"image":{"@id":"https:\/\/premiumkeszulek.hu\/en\/#\/schema\/logo\/image\/"},"sameAs":["https:\/\/www.facebook.com\/konyhaluxnet","https:\/\/www.instagram.com\/konyhaluxnet\/#"],"email":"info@premiumkeszulek.hu","telephone":"36 1 \/ 226-1992","legalName":"HPH Special Kft","vatID":"HU12549502","taxID":"12549502","hasMerchantReturnPolicy":{"@type":"MerchantReturnPolicy","merchantReturnLink":"https:\/\/premiumkeszulek.hu\/hu\/altalanos-szerzodesi-es-felhasznalasi-feltetelek\/"}}]},"product_brand":"AEG","product_price_amount":"130055","product_price_currency":"HUF","og_availability":"instock","product_availability":"instock","product_retailer_item_id":"949493010","product_condition":"new"},"jetpack_publicize_connections":[],"jetpack_likes_enabled":true,"jetpack_sharing_enabled":true,"jetpack-related-posts":[],"_links":{"self":[{"href":"https:\/\/premiumkeszulek.hu\/hu\/wp-json\/wp\/v2\/product\/12911","targetHints":{"allow":["GET"]}}],"collection":[{"href":"https:\/\/premiumkeszulek.hu\/hu\/wp-json\/wp\/v2\/product"}],"about":[{"href":"https:\/\/premiumkeszulek.hu\/hu\/wp-json\/wp\/v2\/types\/product"}],"replies":[{"embeddable":true,"href":"https:\/\/premiumkeszulek.hu\/hu\/wp-json\/wp\/v2\/comments?post=12911"}],"wp:featuredmedia":[{"embeddable":true,"href":"https:\/\/premiumkeszulek.hu\/hu\/wp-json\/wp\/v2\/media\/12910"}],"wp:attachment":[{"href":"https:\/\/premiumkeszulek.hu\/hu\/wp-json\/wp\/v2\/media?parent=12911"}],"wp:term":[{"taxonomy":"product_brand","embeddable":true,"href":"https:\/\/premiumkeszulek.hu\/hu\/wp-json\/wp\/v2\/product_brand?post=12911"},{"taxonomy":"product_cat","embeddable":true,"href":"https:\/\/premiumkeszulek.hu\/hu\/wp-json\/wp\/v2\/product_cat?post=12911"},{"taxonomy":"product_tag","embeddable":true,"href":"https:\/\/premiumkeszulek.hu\/hu\/wp-json\/wp\/v2\/product_tag?post=12911"},{"taxonomy":"woo-feed-brand","embeddable":true,"href":"https:\/\/premiumkeszulek.hu\/hu\/wp-json\/wp\/v2\/woo-feed-brand?post=12911"}],"curies":[{"name":"wp","href":"https:\/\/api.w.org\/{rel}","templated":true}]}}