{"id":12835,"date":"2025-04-25T16:12:43","date_gmt":"2025-04-25T14:12:43","guid":{"rendered":"https:\/\/premiumkeszulek.hu\/termek\/aeg-tr6pb531sb-sensecook-steamcrisp-6000-gozfunkcios-suto-pirolitikus-tisztitassal\/"},"modified":"2026-04-02T18:37:16","modified_gmt":"2026-04-02T16:37:16","slug":"aeg-tr6pb531sb-sensecook-steamcrisp-6000-gozfunkcios-suto-pirolitikus-tisztitassal","status":"publish","type":"product","link":"https:\/\/premiumkeszulek.hu\/hu\/termek\/aeg-tr6pb531sb-sensecook-steamcrisp-6000-gozfunkcios-suto-pirolitikus-tisztitassal\/","title":{"rendered":"AEG TR6PB531SB SenseCook\/SteamCrisp 6000 g\u0151zfunkci\u00f3s s\u00fct\u0151 pirolitikus tiszt\u00edt\u00e1ssal"},"content":{"rendered":"<p>Wifi; SteamCrisp g\u0151zs\u00fct\u0151; sz\u00edn: fekete; vez\u00e9rl\u00e9s: benyomhat\u00f3 teker\u0151gomb EXPlore LED kijelz\u0151vel(LUX); automatikus programok(45); tiszt\u00edt\u00e1s: pirolitikus; 3 r\u00e9teg\u0171 \u00fcvegajt\u00f3; nett\u00f3 \u0171rtartalom: 72l; finoman csuk\u00f3d\u00f3 ajt\u00f3; teleszk\u00f3pos s\u00fct\u0151s\u00edn; magh\u0151m\u00e9r\u0151<\/p>\n<p>Elektronika funkci\u00f3i: 45 k\u00fcl\u00f6nf\u00e9le el\u0151re be\u00e1ll\u00edtott f\u0151z\u00e9si program, pirolitika (3 ciklus), akusztikus jelz\u00e9s (Buzzer), applik\u00e1ci\u00f3 vez\u00e9rl\u00e9s, automatikus kikapcsol\u00e1s (csak s\u00fct\u0151), \u00e1ll\u00edthat\u00f3 jelz\u0151hang, gyerekz\u00e1r, tiszt\u00edt\u00e1s figyelmeztet\u0151, okos panel, programozott s\u00fct\u00e9s, programozott s\u00fct\u00e9s, H\u00e1tral\u00e9v\u0151 id\u0151 sz\u00e1ml\u00e1l\u00f3, K\u00e9sleltetett ind\u00edt\u00e1s (id\u0151), demo m\u00f3d, \u00e1ll\u00edthat\u00f3 kijlez\u0151 f\u00e9nyer\u0151, elektronikus h\u0151m\u00e9rs\u00e9klet szab\u00e1lyoz\u00f3, elektronikus ajt\u00f3z\u00e1r, Elektronikus ajt\u00f3\u00e9rz\u00e9kel\u0151, v\u00e1laszthat\u00f3 gyors felf\u0171t\u00e9s, magh\u0151m\u00e9r\u0151, magh\u0151m\u00e9r\u0151 h\u0151m\u00e9rs\u00e9klet kijelz\u00e9ssel, magh\u0151m\u00e9r\u0151 h\u0151m\u00e9rs\u00e9klet kijelz\u00e9ssel, \u00e9tel\u00e9rz\u00e9kel\u0151 v\u00e9ghat\u00e1s \u00e1ll\u00edthat\u00f3, funkci\u00f3z\u00e1r, billenty\u0171hang kikapcsolhat\u00f3, percsz\u00e1ml\u00e1l\u00f3, s\u00fct\u0151vil\u00e1g\u00edt\u00e1s (ki-bekapcsolhat\u00f3), val\u00f3s h\u0151m\u00e9rs\u00e9klet kijelz\u00e9s, marad\u00e9kh\u0151 kijelz\u00e9s (\u00b0C), szervizk\u00f3d, g\u0151ztart\u00e1ly v\u00edzszint, h\u0151m\u00e9rs\u00e9klet aj\u00e1nl\u00e1s, \u00f3ra (napi id\u0151)<br \/>\n S\u00fct\u00e9si Funkci\u00f3k: als\u00f3 s\u00fct\u00e9s, hagyom\u00e1nyos s\u00fct\u00e9s, f\u00e9lk\u00e9sz \u00e9tel, grill, alacsony p\u00e1ratartalom, nedves h\u0151l\u00e9gbef\u00fav\u00e1s, pizza, h\u0151l\u00e9gkever\u00e9s, turb\u00f3 grill<\/p>","protected":false},"excerpt":{"rendered":"<p>Wifi; SteamCrisp g\u0151zs\u00fct\u0151; sz\u00edn: fekete; vez\u00e9rl\u00e9s: benyomhat\u00f3 teker\u0151gomb EXPlore LED kijelz\u0151vel(LUX); automatikus programok(45); tiszt\u00edt\u00e1s: pirolitikus; 3 r\u00e9teg\u0171 \u00fcvegajt\u00f3; nett\u00f3 \u0171rtartalom: 72l; finoman csuk\u00f3d\u00f3 ajt\u00f3; teleszk\u00f3pos s\u00fct\u0151s\u00edn; magh\u0151m\u00e9r\u0151 Elektronika funkci\u00f3i: 45 k\u00fcl\u00f6nf\u00e9le el\u0151re be\u00e1ll\u00edtott f\u0151z\u00e9si program, pirolitika (3 ciklus), Acoustic signal (Buzzer), applik\u00e1ci\u00f3 vez\u00e9rl\u00e9s, auto kikapcsol\u00e1s (csak s\u00fct\u0151), \u00e1ll\u00edthat\u00f3 jelz\u0151hang, gyerekz\u00e1r, tiszt\u00edt\u00e1s figyelmeztet\u0151, okos panel, programozott [&hellip;]<\/p>\n","protected":false},"featured_media":12834,"comment_status":"closed","ping_status":"closed","template":"","meta":{"_crdt_document":"","content-type":"","jetpack_post_was_ever_published":false,"jetpack_publicize_message":"","jetpack_publicize_feature_enabled":true,"jetpack_social_post_already_shared":true,"jetpack_social_options":{"image_generator_settings":{"template":"highway","default_image_id":0,"font":"","enabled":false},"version":2},"_wpas_customize_per_network":false},"product_brand":[1632],"product_cat":[1389,1527],"product_tag":[],"woo-feed-brand":[],"class_list":{"0":"post-12835","1":"product","2":"type-product","3":"status-publish","4":"has-post-thumbnail","6":"product_brand-aeg","7":"product_cat-beepithetosutok","8":"product_cat-sutok-es-fozolapok","9":"product_shipping_class-100000felett","11":"first","12":"instock","13":"sale","14":"taxable","15":"shipping-taxable","16":"purchasable","17":"product-type-simple"},"yoast_head":"<!-- This site is optimized with the Yoast SEO Premium plugin v26.9 (Yoast SEO v26.9) - https:\/\/yoast.com\/product\/yoast-seo-premium-wordpress\/ -->\n<title>AEG TR6PB531SB SenseCook\/SteamCrisp 6000 g\u0151zfunkci\u00f3s s\u00fct\u0151 pirolitikus tiszt\u00edt\u00e1ssal - Pr\u00e9miumK\u00e9sz\u00fcl\u00e9k<\/title>\n<meta name=\"description\" content=\"Az AEG TR6PB531SB g\u0151zfunkci\u00f3s s\u00fct\u0151 ide\u00e1lis a t\u00f6k\u00e9letes \u00e9telekhez! \u00c9lvezze az automatikus programokat \u00e9s a pirolitikus tiszt\u00edt\u00e1st!\" \/>\n<meta name=\"robots\" content=\"index, follow, max-snippet:-1, max-image-preview:large, max-video-preview:-1\" \/>\n<link rel=\"canonical\" href=\"https:\/\/premiumkeszulek.hu\/hu\/termek\/aeg-tr6pb531sb-sensecook-steamcrisp-6000-gozfunkcios-suto-pirolitikus-tisztitassal\/\" \/>\n<meta property=\"og:locale\" content=\"hu_HU\" \/>\n<meta property=\"og:type\" content=\"article\" \/>\n<meta property=\"og:title\" content=\"AEG TR6PB531SB SenseCook\/SteamCrisp 6000 g\u0151zfunkci\u00f3s s\u00fct\u0151 pirolitikus tiszt\u00edt\u00e1ssal\" \/>\n<meta property=\"og:description\" content=\"Az AEG TR6PB531SB g\u0151zfunkci\u00f3s s\u00fct\u0151 ide\u00e1lis a t\u00f6k\u00e9letes \u00e9telekhez! \u00c9lvezze az automatikus programokat \u00e9s a pirolitikus tiszt\u00edt\u00e1st!\" \/>\n<meta property=\"og:url\" content=\"https:\/\/premiumkeszulek.hu\/hu\/termek\/aeg-tr6pb531sb-sensecook-steamcrisp-6000-gozfunkcios-suto-pirolitikus-tisztitassal\/\" \/>\n<meta property=\"og:site_name\" content=\"Pr\u00e9miumK\u00e9sz\u00fcl\u00e9k\" \/>\n<meta property=\"article:publisher\" content=\"https:\/\/www.facebook.com\/konyhaluxnet\" \/>\n<meta property=\"article:modified_time\" content=\"2026-04-02T16:37:16+00:00\" \/>\n<meta property=\"og:image\" content=\"https:\/\/i0.wp.com\/premiumkeszulek.hu\/wp-content\/uploads\/2025\/04\/TR6PB531SB-111.png?fit=800%2C800&ssl=1\" \/>\n\t<meta property=\"og:image:width\" content=\"800\" \/>\n\t<meta property=\"og:image:height\" content=\"800\" \/>\n\t<meta property=\"og:image:type\" content=\"image\/png\" \/>\n<meta name=\"twitter:card\" content=\"summary_large_image\" \/>\n<meta name=\"twitter:label1\" content=\"\u00c1r\" \/>\n\t<meta name=\"twitter:data1\" content=\"237.405&#070;&#116;\" \/>\n\t<meta name=\"twitter:label2\" content=\"El\u00e9rhet\u0151s\u00e9g\" \/>\n\t<meta name=\"twitter:data2\" content=\"K\u00e9szleten\" \/>\n<script type=\"application\/ld+json\" class=\"yoast-schema-graph\">{\"@context\":\"https:\/\/schema.org\",\"@graph\":[{\"@type\":\"WebPage\",\"@id\":\"https:\/\/premiumkeszulek.hu\/hu\/termek\/aeg-tr6pb531sb-sensecook-steamcrisp-6000-gozfunkcios-suto-pirolitikus-tisztitassal\/\",\"url\":\"https:\/\/premiumkeszulek.hu\/hu\/termek\/aeg-tr6pb531sb-sensecook-steamcrisp-6000-gozfunkcios-suto-pirolitikus-tisztitassal\/\",\"name\":\"AEG TR6PB531SB SenseCook\/SteamCrisp 6000 g\u0151zfunkci\u00f3s s\u00fct\u0151 pirolitikus tiszt\u00edt\u00e1ssal - Pr\u00e9miumK\u00e9sz\u00fcl\u00e9k\",\"isPartOf\":{\"@id\":\"https:\/\/premiumkeszulek.hu\/en\/#website\"},\"primaryImageOfPage\":{\"@id\":\"https:\/\/premiumkeszulek.hu\/hu\/termek\/aeg-tr6pb531sb-sensecook-steamcrisp-6000-gozfunkcios-suto-pirolitikus-tisztitassal\/#primaryimage\"},\"image\":{\"@id\":\"https:\/\/premiumkeszulek.hu\/hu\/termek\/aeg-tr6pb531sb-sensecook-steamcrisp-6000-gozfunkcios-suto-pirolitikus-tisztitassal\/#primaryimage\"},\"thumbnailUrl\":\"https:\/\/i0.wp.com\/premiumkeszulek.hu\/wp-content\/uploads\/2025\/04\/TR6PB531SB-111.png?fit=800%2C800&ssl=1\",\"datePublished\":\"2025-04-25T14:12:43+00:00\",\"dateModified\":\"2026-04-02T16:37:16+00:00\",\"description\":\"Az AEG TR6PB531SB g\u0151zfunkci\u00f3s s\u00fct\u0151 ide\u00e1lis a t\u00f6k\u00e9letes \u00e9telekhez! \u00c9lvezze az automatikus programokat \u00e9s a pirolitikus tiszt\u00edt\u00e1st!\",\"breadcrumb\":{\"@id\":\"https:\/\/premiumkeszulek.hu\/hu\/termek\/aeg-tr6pb531sb-sensecook-steamcrisp-6000-gozfunkcios-suto-pirolitikus-tisztitassal\/#breadcrumb\"},\"inLanguage\":\"hu\",\"potentialAction\":[{\"@type\":\"ReadAction\",\"target\":[\"https:\/\/premiumkeszulek.hu\/hu\/termek\/aeg-tr6pb531sb-sensecook-steamcrisp-6000-gozfunkcios-suto-pirolitikus-tisztitassal\/\"]}]},{\"@type\":\"ImageObject\",\"inLanguage\":\"hu\",\"@id\":\"https:\/\/premiumkeszulek.hu\/hu\/termek\/aeg-tr6pb531sb-sensecook-steamcrisp-6000-gozfunkcios-suto-pirolitikus-tisztitassal\/#primaryimage\",\"url\":\"https:\/\/i0.wp.com\/premiumkeszulek.hu\/wp-content\/uploads\/2025\/04\/TR6PB531SB-111.png?fit=800%2C800&ssl=1\",\"contentUrl\":\"https:\/\/i0.wp.com\/premiumkeszulek.hu\/wp-content\/uploads\/2025\/04\/TR6PB531SB-111.png?fit=800%2C800&ssl=1\",\"width\":800,\"height\":800},{\"@type\":\"BreadcrumbList\",\"@id\":\"https:\/\/premiumkeszulek.hu\/hu\/termek\/aeg-tr6pb531sb-sensecook-steamcrisp-6000-gozfunkcios-suto-pirolitikus-tisztitassal\/#breadcrumb\",\"itemListElement\":[{\"@type\":\"ListItem\",\"position\":1,\"name\":\"Home\",\"item\":\"https:\/\/premiumkeszulek.hu\/en\/\"},{\"@type\":\"ListItem\",\"position\":2,\"name\":\"Shop\",\"item\":\"https:\/\/premiumkeszulek.hu\/en\/shop\/\"},{\"@type\":\"ListItem\",\"position\":3,\"name\":\"AEG TR6PB531SB SenseCook\/SteamCrisp 6000 g\u0151zfunkci\u00f3s s\u00fct\u0151 pirolitikus tiszt\u00edt\u00e1ssal\"}]},{\"@type\":\"WebSite\",\"@id\":\"https:\/\/premiumkeszulek.hu\/en\/#website\",\"url\":\"https:\/\/premiumkeszulek.hu\/en\/\",\"name\":\"Pr\u00e9miumK\u00e9sz\u00fcl\u00e9k\",\"description\":\"\",\"publisher\":{\"@id\":\"https:\/\/premiumkeszulek.hu\/en\/#organization\"},\"potentialAction\":[{\"@type\":\"SearchAction\",\"target\":{\"@type\":\"EntryPoint\",\"urlTemplate\":\"https:\/\/premiumkeszulek.hu\/en\/?s={search_term_string}\"},\"query-input\":{\"@type\":\"PropertyValueSpecification\",\"valueRequired\":true,\"valueName\":\"search_term_string\"}}],\"inLanguage\":\"hu\"},{\"@type\":\"Organization\",\"@id\":\"https:\/\/premiumkeszulek.hu\/en\/#organization\",\"name\":\"Pr\u00e9miumK\u00e9sz\u00fcl\u00e9k\",\"alternateName\":\"HPH Special Kft\",\"url\":\"https:\/\/premiumkeszulek.hu\/en\/\",\"logo\":{\"@type\":\"ImageObject\",\"inLanguage\":\"hu\",\"@id\":\"https:\/\/premiumkeszulek.hu\/en\/#\/schema\/logo\/image\/\",\"url\":\"http:\/\/premiumkeszulek.hu\/wp-content\/uploads\/2025\/03\/TURKIZLOGO-kicsi.png\",\"contentUrl\":\"http:\/\/premiumkeszulek.hu\/wp-content\/uploads\/2025\/03\/TURKIZLOGO-kicsi.png\",\"width\":1600,\"height\":547,\"caption\":\"Pr\u00e9miumK\u00e9sz\u00fcl\u00e9k\"},\"image\":{\"@id\":\"https:\/\/premiumkeszulek.hu\/en\/#\/schema\/logo\/image\/\"},\"sameAs\":[\"https:\/\/www.facebook.com\/konyhaluxnet\",\"https:\/\/www.instagram.com\/konyhaluxnet\/#\"],\"email\":\"info@premiumkeszulek.hu\",\"telephone\":\"36 1 \/ 226-1992\",\"legalName\":\"HPH Special Kft\",\"vatID\":\"HU12549502\",\"taxID\":\"12549502\",\"hasMerchantReturnPolicy\":{\"@type\":\"MerchantReturnPolicy\",\"merchantReturnLink\":\"https:\/\/premiumkeszulek.hu\/hu\/altalanos-szerzodesi-es-felhasznalasi-feltetelek\/\"}}]}<\/script>\n<meta property=\"product:brand\" content=\"AEG\" \/>\n<meta property=\"product:price:amount\" content=\"237405\" \/>\n<meta property=\"product:price:currency\" content=\"HUF\" \/>\n<meta property=\"og:availability\" content=\"instock\" \/>\n<meta property=\"product:availability\" content=\"instock\" \/>\n<meta property=\"product:retailer_item_id\" content=\"949494916\" \/>\n<meta property=\"product:condition\" content=\"new\" \/>\n<!-- \/ Yoast SEO Premium plugin. -->","yoast_head_json":{"title":"AEG TR6PB531SB SenseCook\/SteamCrisp 6000 g\u0151zfunkci\u00f3s s\u00fct\u0151 pirolitikus tiszt\u00edt\u00e1ssal - Pr\u00e9miumK\u00e9sz\u00fcl\u00e9k","description":"Az AEG TR6PB531SB g\u0151zfunkci\u00f3s s\u00fct\u0151 ide\u00e1lis a t\u00f6k\u00e9letes \u00e9telekhez! \u00c9lvezze az automatikus programokat \u00e9s a pirolitikus tiszt\u00edt\u00e1st!","robots":{"index":"index","follow":"follow","max-snippet":"max-snippet:-1","max-image-preview":"max-image-preview:large","max-video-preview":"max-video-preview:-1"},"canonical":"https:\/\/premiumkeszulek.hu\/hu\/termek\/aeg-tr6pb531sb-sensecook-steamcrisp-6000-gozfunkcios-suto-pirolitikus-tisztitassal\/","og_locale":"hu_HU","og_type":"article","og_title":"AEG TR6PB531SB SenseCook\/SteamCrisp 6000 g\u0151zfunkci\u00f3s s\u00fct\u0151 pirolitikus tiszt\u00edt\u00e1ssal","og_description":"Az AEG TR6PB531SB g\u0151zfunkci\u00f3s s\u00fct\u0151 ide\u00e1lis a t\u00f6k\u00e9letes \u00e9telekhez! \u00c9lvezze az automatikus programokat \u00e9s a pirolitikus tiszt\u00edt\u00e1st!","og_url":"https:\/\/premiumkeszulek.hu\/hu\/termek\/aeg-tr6pb531sb-sensecook-steamcrisp-6000-gozfunkcios-suto-pirolitikus-tisztitassal\/","og_site_name":"Pr\u00e9miumK\u00e9sz\u00fcl\u00e9k","article_publisher":"https:\/\/www.facebook.com\/konyhaluxnet","article_modified_time":"2026-04-02T16:37:16+00:00","og_image":[{"width":800,"height":800,"url":"https:\/\/i0.wp.com\/premiumkeszulek.hu\/wp-content\/uploads\/2025\/04\/TR6PB531SB-111.png?fit=800%2C800&ssl=1","type":"image\/png"}],"twitter_card":"summary_large_image","twitter_misc":{"\u00c1r":"237.405&#70;&#116;","El\u00e9rhet\u0151s\u00e9g":"K\u00e9szleten"},"schema":{"@context":"https:\/\/schema.org","@graph":[{"@type":"WebPage","@id":"https:\/\/premiumkeszulek.hu\/hu\/termek\/aeg-tr6pb531sb-sensecook-steamcrisp-6000-gozfunkcios-suto-pirolitikus-tisztitassal\/","url":"https:\/\/premiumkeszulek.hu\/hu\/termek\/aeg-tr6pb531sb-sensecook-steamcrisp-6000-gozfunkcios-suto-pirolitikus-tisztitassal\/","name":"AEG TR6PB531SB SenseCook\/SteamCrisp 6000 g\u0151zfunkci\u00f3s s\u00fct\u0151 pirolitikus tiszt\u00edt\u00e1ssal - Pr\u00e9miumK\u00e9sz\u00fcl\u00e9k","isPartOf":{"@id":"https:\/\/premiumkeszulek.hu\/en\/#website"},"primaryImageOfPage":{"@id":"https:\/\/premiumkeszulek.hu\/hu\/termek\/aeg-tr6pb531sb-sensecook-steamcrisp-6000-gozfunkcios-suto-pirolitikus-tisztitassal\/#primaryimage"},"image":{"@id":"https:\/\/premiumkeszulek.hu\/hu\/termek\/aeg-tr6pb531sb-sensecook-steamcrisp-6000-gozfunkcios-suto-pirolitikus-tisztitassal\/#primaryimage"},"thumbnailUrl":"https:\/\/i0.wp.com\/premiumkeszulek.hu\/wp-content\/uploads\/2025\/04\/TR6PB531SB-111.png?fit=800%2C800&ssl=1","datePublished":"2025-04-25T14:12:43+00:00","dateModified":"2026-04-02T16:37:16+00:00","description":"Az AEG TR6PB531SB g\u0151zfunkci\u00f3s s\u00fct\u0151 ide\u00e1lis a t\u00f6k\u00e9letes \u00e9telekhez! \u00c9lvezze az automatikus programokat \u00e9s a pirolitikus tiszt\u00edt\u00e1st!","breadcrumb":{"@id":"https:\/\/premiumkeszulek.hu\/hu\/termek\/aeg-tr6pb531sb-sensecook-steamcrisp-6000-gozfunkcios-suto-pirolitikus-tisztitassal\/#breadcrumb"},"inLanguage":"hu","potentialAction":[{"@type":"ReadAction","target":["https:\/\/premiumkeszulek.hu\/hu\/termek\/aeg-tr6pb531sb-sensecook-steamcrisp-6000-gozfunkcios-suto-pirolitikus-tisztitassal\/"]}]},{"@type":"ImageObject","inLanguage":"hu","@id":"https:\/\/premiumkeszulek.hu\/hu\/termek\/aeg-tr6pb531sb-sensecook-steamcrisp-6000-gozfunkcios-suto-pirolitikus-tisztitassal\/#primaryimage","url":"https:\/\/i0.wp.com\/premiumkeszulek.hu\/wp-content\/uploads\/2025\/04\/TR6PB531SB-111.png?fit=800%2C800&ssl=1","contentUrl":"https:\/\/i0.wp.com\/premiumkeszulek.hu\/wp-content\/uploads\/2025\/04\/TR6PB531SB-111.png?fit=800%2C800&ssl=1","width":800,"height":800},{"@type":"BreadcrumbList","@id":"https:\/\/premiumkeszulek.hu\/hu\/termek\/aeg-tr6pb531sb-sensecook-steamcrisp-6000-gozfunkcios-suto-pirolitikus-tisztitassal\/#breadcrumb","itemListElement":[{"@type":"ListItem","position":1,"name":"Home","item":"https:\/\/premiumkeszulek.hu\/en\/"},{"@type":"ListItem","position":2,"name":"Shop","item":"https:\/\/premiumkeszulek.hu\/en\/shop\/"},{"@type":"ListItem","position":3,"name":"AEG TR6PB531SB SenseCook\/SteamCrisp 6000 g\u0151zfunkci\u00f3s s\u00fct\u0151 pirolitikus tiszt\u00edt\u00e1ssal"}]},{"@type":"WebSite","@id":"https:\/\/premiumkeszulek.hu\/en\/#website","url":"https:\/\/premiumkeszulek.hu\/en\/","name":"Pr\u00e9miumK\u00e9sz\u00fcl\u00e9k","description":"","publisher":{"@id":"https:\/\/premiumkeszulek.hu\/en\/#organization"},"potentialAction":[{"@type":"SearchAction","target":{"@type":"EntryPoint","urlTemplate":"https:\/\/premiumkeszulek.hu\/en\/?s={search_term_string}"},"query-input":{"@type":"PropertyValueSpecification","valueRequired":true,"valueName":"search_term_string"}}],"inLanguage":"hu"},{"@type":"Organization","@id":"https:\/\/premiumkeszulek.hu\/en\/#organization","name":"Pr\u00e9miumK\u00e9sz\u00fcl\u00e9k","alternateName":"HPH Special Kft","url":"https:\/\/premiumkeszulek.hu\/en\/","logo":{"@type":"ImageObject","inLanguage":"hu","@id":"https:\/\/premiumkeszulek.hu\/en\/#\/schema\/logo\/image\/","url":"http:\/\/premiumkeszulek.hu\/wp-content\/uploads\/2025\/03\/TURKIZLOGO-kicsi.png","contentUrl":"http:\/\/premiumkeszulek.hu\/wp-content\/uploads\/2025\/03\/TURKIZLOGO-kicsi.png","width":1600,"height":547,"caption":"Pr\u00e9miumK\u00e9sz\u00fcl\u00e9k"},"image":{"@id":"https:\/\/premiumkeszulek.hu\/en\/#\/schema\/logo\/image\/"},"sameAs":["https:\/\/www.facebook.com\/konyhaluxnet","https:\/\/www.instagram.com\/konyhaluxnet\/#"],"email":"info@premiumkeszulek.hu","telephone":"36 1 \/ 226-1992","legalName":"HPH Special Kft","vatID":"HU12549502","taxID":"12549502","hasMerchantReturnPolicy":{"@type":"MerchantReturnPolicy","merchantReturnLink":"https:\/\/premiumkeszulek.hu\/hu\/altalanos-szerzodesi-es-felhasznalasi-feltetelek\/"}}]},"product_brand":"AEG","product_price_amount":"237405","product_price_currency":"HUF","og_availability":"instock","product_availability":"instock","product_retailer_item_id":"949494916","product_condition":"new"},"jetpack_publicize_connections":[],"jetpack_likes_enabled":true,"jetpack_sharing_enabled":true,"jetpack-related-posts":[],"_links":{"self":[{"href":"https:\/\/premiumkeszulek.hu\/hu\/wp-json\/wp\/v2\/product\/12835","targetHints":{"allow":["GET"]}}],"collection":[{"href":"https:\/\/premiumkeszulek.hu\/hu\/wp-json\/wp\/v2\/product"}],"about":[{"href":"https:\/\/premiumkeszulek.hu\/hu\/wp-json\/wp\/v2\/types\/product"}],"replies":[{"embeddable":true,"href":"https:\/\/premiumkeszulek.hu\/hu\/wp-json\/wp\/v2\/comments?post=12835"}],"wp:featuredmedia":[{"embeddable":true,"href":"https:\/\/premiumkeszulek.hu\/hu\/wp-json\/wp\/v2\/media\/12834"}],"wp:attachment":[{"href":"https:\/\/premiumkeszulek.hu\/hu\/wp-json\/wp\/v2\/media?parent=12835"}],"wp:term":[{"taxonomy":"product_brand","embeddable":true,"href":"https:\/\/premiumkeszulek.hu\/hu\/wp-json\/wp\/v2\/product_brand?post=12835"},{"taxonomy":"product_cat","embeddable":true,"href":"https:\/\/premiumkeszulek.hu\/hu\/wp-json\/wp\/v2\/product_cat?post=12835"},{"taxonomy":"product_tag","embeddable":true,"href":"https:\/\/premiumkeszulek.hu\/hu\/wp-json\/wp\/v2\/product_tag?post=12835"},{"taxonomy":"woo-feed-brand","embeddable":true,"href":"https:\/\/premiumkeszulek.hu\/hu\/wp-json\/wp\/v2\/woo-feed-brand?post=12835"}],"curies":[{"name":"wp","href":"https:\/\/api.w.org\/{rel}","templated":true}]}}