{"id":12798,"date":"2025-04-25T16:11:37","date_gmt":"2025-04-25T14:11:37","guid":{"rendered":"https:\/\/premiumkeszulek.hu\/termek\/aeg-oa5cb31sm-surroundcook-steambake-5000-gozfunkcios-suto-katalitikus-hatfal-aqua-clean-tisztitassal-inox\/"},"modified":"2026-04-02T18:37:12","modified_gmt":"2026-04-02T16:37:12","slug":"aeg-oa5cb31sm-surroundcook-steambake-5000-gozfunkcios-suto-katalitikus-hatfal-aqua-clean-tisztitassal-inox","status":"publish","type":"product","link":"https:\/\/premiumkeszulek.hu\/hu\/termek\/aeg-oa5cb31sm-surroundcook-steambake-5000-gozfunkcios-suto-katalitikus-hatfal-aqua-clean-tisztitassal-inox\/","title":{"rendered":"AEG OA5CB31SM SurroundCook\/SteamBake 5000 g\u0151zfunkci\u00f3s s\u00fct\u0151 katalitikus h\u00e1tfal\/aqua clean tiszt\u00edt\u00e1ssal inox"},"content":{"rendered":"<p>SteamBake s\u00fct\u0151; sz\u00edn: inox(ujjlenyomatmentes); vez\u00e9rl\u00e9s: benyomhat\u00f3 teker\u0151gomb,\u00e9rint\u0151kapcsol\u00f3s kijelz\u0151vel(UMPD); tiszt\u00edt\u00e1s: aqua clean + katalitikus h\u00e1tfal; 2 r\u00e9teg\u0171 \u00fcvegajt\u00f3; nett\u00f3 \u0171rtartalom: 72l; magh\u0151m\u00e9r\u0151; teleszk\u00f3pos s\u00fct\u0151s\u00edn S\u00fct\u00e9si Funkci\u00f3k: vil\u00e1g\u00edt\u00e1s, h\u0151l\u00e9gkever\u00e9s PLUS, nedves h\u0151l\u00e9gbef\u00fav\u00e1s, als\u00f3 s\u00fct\u00e9s, h\u0151l\u00e9gkever\u00e9s, turb\u00f3 grill, gyors grill, pizza, hagyom\u00e1nyos s\u00fct\u00e9s.<\/p>","protected":false},"excerpt":{"rendered":"<p>SteamBake s\u00fct\u0151; sz\u00edn: inox(ujjlenyomatmentes); vez\u00e9rl\u00e9s: benyomhat\u00f3 teker\u0151gomb,\u00e9rint\u0151kapcsol\u00f3s kijelz\u0151vel(UMPD); tiszt\u00edt\u00e1s: aqua clean + katalitikus h\u00e1tfal; 2 r\u00e9teg\u0171 \u00fcvegajt\u00f3; nett\u00f3 \u0171rtartalom: 72l; magh\u0151m\u00e9r\u0151; teleszk\u00f3pos s\u00fct\u0151s\u00edn S\u00fct\u00e9si Funkci\u00f3k: vil\u00e1g\u00edt\u00e1s, h\u0151l\u00e9gkever\u00e9s PLUS, nedves h\u0151l\u00e9gbef\u00fav\u00e1s, als\u00f3 s\u00fct\u00e9s, h\u0151l\u00e9gkever\u00e9s, turb\u00f3 grill, gyors grill, pizza, hagyom\u00e1nyos s\u00fct\u00e9s.<\/p>","protected":false},"featured_media":12797,"comment_status":"closed","ping_status":"closed","template":"","meta":{"_crdt_document":"","content-type":"","jetpack_post_was_ever_published":false,"jetpack_publicize_message":"","jetpack_publicize_feature_enabled":true,"jetpack_social_post_already_shared":true,"jetpack_social_options":{"image_generator_settings":{"template":"highway","default_image_id":0,"font":"","enabled":false},"version":2},"_wpas_customize_per_network":false},"product_brand":[1632],"product_cat":[1389,1527],"product_tag":[],"woo-feed-brand":[],"class_list":{"0":"post-12798","1":"product","2":"type-product","3":"status-publish","4":"has-post-thumbnail","6":"product_brand-aeg","7":"product_cat-beepithetosutok","8":"product_cat-sutok-es-fozolapok","9":"product_shipping_class-100000felett","11":"first","12":"instock","13":"sale","14":"taxable","15":"shipping-taxable","16":"purchasable","17":"product-type-simple"},"yoast_head":"<!-- This site is optimized with the Yoast SEO Premium plugin v26.9 (Yoast SEO v26.9) - https:\/\/yoast.com\/product\/yoast-seo-premium-wordpress\/ -->\n<title>AEG OA5CB31SM SurroundCook\/SteamBake 5000 g\u0151zfunkci\u00f3s s\u00fct\u0151 katalitikus h\u00e1tfal\/aqua clean tiszt\u00edt\u00e1ssal inox - Pr\u00e9miumK\u00e9sz\u00fcl\u00e9k<\/title>\n<meta name=\"description\" content=\"Fedezze fel az AEG OA5CB31SM 5000 g\u0151zfunkci\u00f3s s\u00fct\u0151t, amely inox sz\u00edn\u00e9vel \u00e9s 72 literes \u0171rtartalm\u00e1val elvar\u00e1zsolja \u00d6nt! Ne hagyja ki v\u00e1s\u00e1rl\u00e1s\u00e1t!\" \/>\n<meta name=\"robots\" content=\"index, follow, max-snippet:-1, max-image-preview:large, max-video-preview:-1\" \/>\n<link rel=\"canonical\" href=\"https:\/\/premiumkeszulek.hu\/hu\/termek\/aeg-oa5cb31sm-surroundcook-steambake-5000-gozfunkcios-suto-katalitikus-hatfal-aqua-clean-tisztitassal-inox\/\" \/>\n<meta property=\"og:locale\" content=\"hu_HU\" \/>\n<meta property=\"og:type\" content=\"article\" \/>\n<meta property=\"og:title\" content=\"AEG OA5CB31SM SurroundCook\/SteamBake 5000 g\u0151zfunkci\u00f3s s\u00fct\u0151 katalitikus h\u00e1tfal\/aqua clean tiszt\u00edt\u00e1ssal inox\" \/>\n<meta property=\"og:description\" content=\"Fedezze fel az AEG OA5CB31SM 5000 g\u0151zfunkci\u00f3s s\u00fct\u0151t, amely inox sz\u00edn\u00e9vel \u00e9s 72 literes \u0171rtartalm\u00e1val elvar\u00e1zsolja \u00d6nt! Ne hagyja ki v\u00e1s\u00e1rl\u00e1s\u00e1t!\" \/>\n<meta property=\"og:url\" content=\"https:\/\/premiumkeszulek.hu\/hu\/termek\/aeg-oa5cb31sm-surroundcook-steambake-5000-gozfunkcios-suto-katalitikus-hatfal-aqua-clean-tisztitassal-inox\/\" \/>\n<meta property=\"og:site_name\" content=\"Pr\u00e9miumK\u00e9sz\u00fcl\u00e9k\" \/>\n<meta property=\"article:publisher\" content=\"https:\/\/www.facebook.com\/konyhaluxnet\" \/>\n<meta property=\"article:modified_time\" content=\"2026-04-02T16:37:12+00:00\" \/>\n<meta property=\"og:image\" content=\"https:\/\/i0.wp.com\/premiumkeszulek.hu\/wp-content\/uploads\/2025\/04\/OA5CB31SM-111.png?fit=800%2C800&ssl=1\" \/>\n\t<meta property=\"og:image:width\" content=\"800\" \/>\n\t<meta property=\"og:image:height\" content=\"800\" \/>\n\t<meta property=\"og:image:type\" content=\"image\/png\" \/>\n<meta name=\"twitter:card\" content=\"summary_large_image\" \/>\n<meta name=\"twitter:label1\" content=\"\u00c1r\" \/>\n\t<meta name=\"twitter:data1\" content=\"163.305&#070;&#116;\" \/>\n\t<meta name=\"twitter:label2\" content=\"El\u00e9rhet\u0151s\u00e9g\" \/>\n\t<meta name=\"twitter:data2\" content=\"K\u00e9szleten\" \/>\n<script type=\"application\/ld+json\" class=\"yoast-schema-graph\">{\"@context\":\"https:\/\/schema.org\",\"@graph\":[{\"@type\":\"WebPage\",\"@id\":\"https:\/\/premiumkeszulek.hu\/hu\/termek\/aeg-oa5cb31sm-surroundcook-steambake-5000-gozfunkcios-suto-katalitikus-hatfal-aqua-clean-tisztitassal-inox\/\",\"url\":\"https:\/\/premiumkeszulek.hu\/hu\/termek\/aeg-oa5cb31sm-surroundcook-steambake-5000-gozfunkcios-suto-katalitikus-hatfal-aqua-clean-tisztitassal-inox\/\",\"name\":\"AEG OA5CB31SM SurroundCook\/SteamBake 5000 g\u0151zfunkci\u00f3s s\u00fct\u0151 katalitikus h\u00e1tfal\/aqua clean tiszt\u00edt\u00e1ssal inox - Pr\u00e9miumK\u00e9sz\u00fcl\u00e9k\",\"isPartOf\":{\"@id\":\"https:\/\/premiumkeszulek.hu\/en\/#website\"},\"primaryImageOfPage\":{\"@id\":\"https:\/\/premiumkeszulek.hu\/hu\/termek\/aeg-oa5cb31sm-surroundcook-steambake-5000-gozfunkcios-suto-katalitikus-hatfal-aqua-clean-tisztitassal-inox\/#primaryimage\"},\"image\":{\"@id\":\"https:\/\/premiumkeszulek.hu\/hu\/termek\/aeg-oa5cb31sm-surroundcook-steambake-5000-gozfunkcios-suto-katalitikus-hatfal-aqua-clean-tisztitassal-inox\/#primaryimage\"},\"thumbnailUrl\":\"https:\/\/i0.wp.com\/premiumkeszulek.hu\/wp-content\/uploads\/2025\/04\/OA5CB31SM-111.png?fit=800%2C800&ssl=1\",\"datePublished\":\"2025-04-25T14:11:37+00:00\",\"dateModified\":\"2026-04-02T16:37:12+00:00\",\"description\":\"Fedezze fel az AEG OA5CB31SM 5000 g\u0151zfunkci\u00f3s s\u00fct\u0151t, amely inox sz\u00edn\u00e9vel \u00e9s 72 literes \u0171rtartalm\u00e1val elvar\u00e1zsolja \u00d6nt! Ne hagyja ki v\u00e1s\u00e1rl\u00e1s\u00e1t!\",\"breadcrumb\":{\"@id\":\"https:\/\/premiumkeszulek.hu\/hu\/termek\/aeg-oa5cb31sm-surroundcook-steambake-5000-gozfunkcios-suto-katalitikus-hatfal-aqua-clean-tisztitassal-inox\/#breadcrumb\"},\"inLanguage\":\"hu\",\"potentialAction\":[{\"@type\":\"ReadAction\",\"target\":[\"https:\/\/premiumkeszulek.hu\/hu\/termek\/aeg-oa5cb31sm-surroundcook-steambake-5000-gozfunkcios-suto-katalitikus-hatfal-aqua-clean-tisztitassal-inox\/\"]}]},{\"@type\":\"ImageObject\",\"inLanguage\":\"hu\",\"@id\":\"https:\/\/premiumkeszulek.hu\/hu\/termek\/aeg-oa5cb31sm-surroundcook-steambake-5000-gozfunkcios-suto-katalitikus-hatfal-aqua-clean-tisztitassal-inox\/#primaryimage\",\"url\":\"https:\/\/i0.wp.com\/premiumkeszulek.hu\/wp-content\/uploads\/2025\/04\/OA5CB31SM-111.png?fit=800%2C800&ssl=1\",\"contentUrl\":\"https:\/\/i0.wp.com\/premiumkeszulek.hu\/wp-content\/uploads\/2025\/04\/OA5CB31SM-111.png?fit=800%2C800&ssl=1\",\"width\":800,\"height\":800},{\"@type\":\"BreadcrumbList\",\"@id\":\"https:\/\/premiumkeszulek.hu\/hu\/termek\/aeg-oa5cb31sm-surroundcook-steambake-5000-gozfunkcios-suto-katalitikus-hatfal-aqua-clean-tisztitassal-inox\/#breadcrumb\",\"itemListElement\":[{\"@type\":\"ListItem\",\"position\":1,\"name\":\"Home\",\"item\":\"https:\/\/premiumkeszulek.hu\/en\/\"},{\"@type\":\"ListItem\",\"position\":2,\"name\":\"Shop\",\"item\":\"https:\/\/premiumkeszulek.hu\/en\/shop\/\"},{\"@type\":\"ListItem\",\"position\":3,\"name\":\"AEG OA5CB31SM SurroundCook\/SteamBake 5000 g\u0151zfunkci\u00f3s s\u00fct\u0151 katalitikus h\u00e1tfal\/aqua clean tiszt\u00edt\u00e1ssal inox\"}]},{\"@type\":\"WebSite\",\"@id\":\"https:\/\/premiumkeszulek.hu\/en\/#website\",\"url\":\"https:\/\/premiumkeszulek.hu\/en\/\",\"name\":\"Pr\u00e9miumK\u00e9sz\u00fcl\u00e9k\",\"description\":\"\",\"publisher\":{\"@id\":\"https:\/\/premiumkeszulek.hu\/en\/#organization\"},\"potentialAction\":[{\"@type\":\"SearchAction\",\"target\":{\"@type\":\"EntryPoint\",\"urlTemplate\":\"https:\/\/premiumkeszulek.hu\/en\/?s={search_term_string}\"},\"query-input\":{\"@type\":\"PropertyValueSpecification\",\"valueRequired\":true,\"valueName\":\"search_term_string\"}}],\"inLanguage\":\"hu\"},{\"@type\":\"Organization\",\"@id\":\"https:\/\/premiumkeszulek.hu\/en\/#organization\",\"name\":\"Pr\u00e9miumK\u00e9sz\u00fcl\u00e9k\",\"alternateName\":\"HPH Special Kft\",\"url\":\"https:\/\/premiumkeszulek.hu\/en\/\",\"logo\":{\"@type\":\"ImageObject\",\"inLanguage\":\"hu\",\"@id\":\"https:\/\/premiumkeszulek.hu\/en\/#\/schema\/logo\/image\/\",\"url\":\"http:\/\/premiumkeszulek.hu\/wp-content\/uploads\/2025\/03\/TURKIZLOGO-kicsi.png\",\"contentUrl\":\"http:\/\/premiumkeszulek.hu\/wp-content\/uploads\/2025\/03\/TURKIZLOGO-kicsi.png\",\"width\":1600,\"height\":547,\"caption\":\"Pr\u00e9miumK\u00e9sz\u00fcl\u00e9k\"},\"image\":{\"@id\":\"https:\/\/premiumkeszulek.hu\/en\/#\/schema\/logo\/image\/\"},\"sameAs\":[\"https:\/\/www.facebook.com\/konyhaluxnet\",\"https:\/\/www.instagram.com\/konyhaluxnet\/#\"],\"email\":\"info@premiumkeszulek.hu\",\"telephone\":\"36 1 \/ 226-1992\",\"legalName\":\"HPH Special Kft\",\"vatID\":\"HU12549502\",\"taxID\":\"12549502\",\"hasMerchantReturnPolicy\":{\"@type\":\"MerchantReturnPolicy\",\"merchantReturnLink\":\"https:\/\/premiumkeszulek.hu\/hu\/altalanos-szerzodesi-es-felhasznalasi-feltetelek\/\"}}]}<\/script>\n<meta property=\"product:brand\" content=\"AEG\" \/>\n<meta property=\"product:price:amount\" content=\"163305\" \/>\n<meta property=\"product:price:currency\" content=\"HUF\" \/>\n<meta property=\"og:availability\" content=\"instock\" \/>\n<meta property=\"product:availability\" content=\"instock\" \/>\n<meta property=\"product:retailer_item_id\" content=\"949499361\" \/>\n<meta property=\"product:condition\" content=\"new\" \/>\n<!-- \/ Yoast SEO Premium plugin. -->","yoast_head_json":{"title":"AEG OA5CB31SM SurroundCook\/SteamBake 5000 g\u0151zfunkci\u00f3s s\u00fct\u0151 katalitikus h\u00e1tfal\/aqua clean tiszt\u00edt\u00e1ssal inox - Pr\u00e9miumK\u00e9sz\u00fcl\u00e9k","description":"Fedezze fel az AEG OA5CB31SM 5000 g\u0151zfunkci\u00f3s s\u00fct\u0151t, amely inox sz\u00edn\u00e9vel \u00e9s 72 literes \u0171rtartalm\u00e1val elvar\u00e1zsolja \u00d6nt! Ne hagyja ki v\u00e1s\u00e1rl\u00e1s\u00e1t!","robots":{"index":"index","follow":"follow","max-snippet":"max-snippet:-1","max-image-preview":"max-image-preview:large","max-video-preview":"max-video-preview:-1"},"canonical":"https:\/\/premiumkeszulek.hu\/hu\/termek\/aeg-oa5cb31sm-surroundcook-steambake-5000-gozfunkcios-suto-katalitikus-hatfal-aqua-clean-tisztitassal-inox\/","og_locale":"hu_HU","og_type":"article","og_title":"AEG OA5CB31SM SurroundCook\/SteamBake 5000 g\u0151zfunkci\u00f3s s\u00fct\u0151 katalitikus h\u00e1tfal\/aqua clean tiszt\u00edt\u00e1ssal inox","og_description":"Fedezze fel az AEG OA5CB31SM 5000 g\u0151zfunkci\u00f3s s\u00fct\u0151t, amely inox sz\u00edn\u00e9vel \u00e9s 72 literes \u0171rtartalm\u00e1val elvar\u00e1zsolja \u00d6nt! Ne hagyja ki v\u00e1s\u00e1rl\u00e1s\u00e1t!","og_url":"https:\/\/premiumkeszulek.hu\/hu\/termek\/aeg-oa5cb31sm-surroundcook-steambake-5000-gozfunkcios-suto-katalitikus-hatfal-aqua-clean-tisztitassal-inox\/","og_site_name":"Pr\u00e9miumK\u00e9sz\u00fcl\u00e9k","article_publisher":"https:\/\/www.facebook.com\/konyhaluxnet","article_modified_time":"2026-04-02T16:37:12+00:00","og_image":[{"width":800,"height":800,"url":"https:\/\/i0.wp.com\/premiumkeszulek.hu\/wp-content\/uploads\/2025\/04\/OA5CB31SM-111.png?fit=800%2C800&ssl=1","type":"image\/png"}],"twitter_card":"summary_large_image","twitter_misc":{"\u00c1r":"163.305&#70;&#116;","El\u00e9rhet\u0151s\u00e9g":"K\u00e9szleten"},"schema":{"@context":"https:\/\/schema.org","@graph":[{"@type":"WebPage","@id":"https:\/\/premiumkeszulek.hu\/hu\/termek\/aeg-oa5cb31sm-surroundcook-steambake-5000-gozfunkcios-suto-katalitikus-hatfal-aqua-clean-tisztitassal-inox\/","url":"https:\/\/premiumkeszulek.hu\/hu\/termek\/aeg-oa5cb31sm-surroundcook-steambake-5000-gozfunkcios-suto-katalitikus-hatfal-aqua-clean-tisztitassal-inox\/","name":"AEG OA5CB31SM SurroundCook\/SteamBake 5000 g\u0151zfunkci\u00f3s s\u00fct\u0151 katalitikus h\u00e1tfal\/aqua clean tiszt\u00edt\u00e1ssal inox - Pr\u00e9miumK\u00e9sz\u00fcl\u00e9k","isPartOf":{"@id":"https:\/\/premiumkeszulek.hu\/en\/#website"},"primaryImageOfPage":{"@id":"https:\/\/premiumkeszulek.hu\/hu\/termek\/aeg-oa5cb31sm-surroundcook-steambake-5000-gozfunkcios-suto-katalitikus-hatfal-aqua-clean-tisztitassal-inox\/#primaryimage"},"image":{"@id":"https:\/\/premiumkeszulek.hu\/hu\/termek\/aeg-oa5cb31sm-surroundcook-steambake-5000-gozfunkcios-suto-katalitikus-hatfal-aqua-clean-tisztitassal-inox\/#primaryimage"},"thumbnailUrl":"https:\/\/i0.wp.com\/premiumkeszulek.hu\/wp-content\/uploads\/2025\/04\/OA5CB31SM-111.png?fit=800%2C800&ssl=1","datePublished":"2025-04-25T14:11:37+00:00","dateModified":"2026-04-02T16:37:12+00:00","description":"Fedezze fel az AEG OA5CB31SM 5000 g\u0151zfunkci\u00f3s s\u00fct\u0151t, amely inox sz\u00edn\u00e9vel \u00e9s 72 literes \u0171rtartalm\u00e1val elvar\u00e1zsolja \u00d6nt! Ne hagyja ki v\u00e1s\u00e1rl\u00e1s\u00e1t!","breadcrumb":{"@id":"https:\/\/premiumkeszulek.hu\/hu\/termek\/aeg-oa5cb31sm-surroundcook-steambake-5000-gozfunkcios-suto-katalitikus-hatfal-aqua-clean-tisztitassal-inox\/#breadcrumb"},"inLanguage":"hu","potentialAction":[{"@type":"ReadAction","target":["https:\/\/premiumkeszulek.hu\/hu\/termek\/aeg-oa5cb31sm-surroundcook-steambake-5000-gozfunkcios-suto-katalitikus-hatfal-aqua-clean-tisztitassal-inox\/"]}]},{"@type":"ImageObject","inLanguage":"hu","@id":"https:\/\/premiumkeszulek.hu\/hu\/termek\/aeg-oa5cb31sm-surroundcook-steambake-5000-gozfunkcios-suto-katalitikus-hatfal-aqua-clean-tisztitassal-inox\/#primaryimage","url":"https:\/\/i0.wp.com\/premiumkeszulek.hu\/wp-content\/uploads\/2025\/04\/OA5CB31SM-111.png?fit=800%2C800&ssl=1","contentUrl":"https:\/\/i0.wp.com\/premiumkeszulek.hu\/wp-content\/uploads\/2025\/04\/OA5CB31SM-111.png?fit=800%2C800&ssl=1","width":800,"height":800},{"@type":"BreadcrumbList","@id":"https:\/\/premiumkeszulek.hu\/hu\/termek\/aeg-oa5cb31sm-surroundcook-steambake-5000-gozfunkcios-suto-katalitikus-hatfal-aqua-clean-tisztitassal-inox\/#breadcrumb","itemListElement":[{"@type":"ListItem","position":1,"name":"Home","item":"https:\/\/premiumkeszulek.hu\/en\/"},{"@type":"ListItem","position":2,"name":"Shop","item":"https:\/\/premiumkeszulek.hu\/en\/shop\/"},{"@type":"ListItem","position":3,"name":"AEG OA5CB31SM SurroundCook\/SteamBake 5000 g\u0151zfunkci\u00f3s s\u00fct\u0151 katalitikus h\u00e1tfal\/aqua clean tiszt\u00edt\u00e1ssal inox"}]},{"@type":"WebSite","@id":"https:\/\/premiumkeszulek.hu\/en\/#website","url":"https:\/\/premiumkeszulek.hu\/en\/","name":"Pr\u00e9miumK\u00e9sz\u00fcl\u00e9k","description":"","publisher":{"@id":"https:\/\/premiumkeszulek.hu\/en\/#organization"},"potentialAction":[{"@type":"SearchAction","target":{"@type":"EntryPoint","urlTemplate":"https:\/\/premiumkeszulek.hu\/en\/?s={search_term_string}"},"query-input":{"@type":"PropertyValueSpecification","valueRequired":true,"valueName":"search_term_string"}}],"inLanguage":"hu"},{"@type":"Organization","@id":"https:\/\/premiumkeszulek.hu\/en\/#organization","name":"Pr\u00e9miumK\u00e9sz\u00fcl\u00e9k","alternateName":"HPH Special Kft","url":"https:\/\/premiumkeszulek.hu\/en\/","logo":{"@type":"ImageObject","inLanguage":"hu","@id":"https:\/\/premiumkeszulek.hu\/en\/#\/schema\/logo\/image\/","url":"http:\/\/premiumkeszulek.hu\/wp-content\/uploads\/2025\/03\/TURKIZLOGO-kicsi.png","contentUrl":"http:\/\/premiumkeszulek.hu\/wp-content\/uploads\/2025\/03\/TURKIZLOGO-kicsi.png","width":1600,"height":547,"caption":"Pr\u00e9miumK\u00e9sz\u00fcl\u00e9k"},"image":{"@id":"https:\/\/premiumkeszulek.hu\/en\/#\/schema\/logo\/image\/"},"sameAs":["https:\/\/www.facebook.com\/konyhaluxnet","https:\/\/www.instagram.com\/konyhaluxnet\/#"],"email":"info@premiumkeszulek.hu","telephone":"36 1 \/ 226-1992","legalName":"HPH Special Kft","vatID":"HU12549502","taxID":"12549502","hasMerchantReturnPolicy":{"@type":"MerchantReturnPolicy","merchantReturnLink":"https:\/\/premiumkeszulek.hu\/hu\/altalanos-szerzodesi-es-felhasznalasi-feltetelek\/"}}]},"product_brand":"AEG","product_price_amount":"163305","product_price_currency":"HUF","og_availability":"instock","product_availability":"instock","product_retailer_item_id":"949499361","product_condition":"new"},"jetpack_publicize_connections":[],"jetpack_likes_enabled":true,"jetpack_sharing_enabled":true,"jetpack-related-posts":[],"_links":{"self":[{"href":"https:\/\/premiumkeszulek.hu\/hu\/wp-json\/wp\/v2\/product\/12798","targetHints":{"allow":["GET"]}}],"collection":[{"href":"https:\/\/premiumkeszulek.hu\/hu\/wp-json\/wp\/v2\/product"}],"about":[{"href":"https:\/\/premiumkeszulek.hu\/hu\/wp-json\/wp\/v2\/types\/product"}],"replies":[{"embeddable":true,"href":"https:\/\/premiumkeszulek.hu\/hu\/wp-json\/wp\/v2\/comments?post=12798"}],"wp:featuredmedia":[{"embeddable":true,"href":"https:\/\/premiumkeszulek.hu\/hu\/wp-json\/wp\/v2\/media\/12797"}],"wp:attachment":[{"href":"https:\/\/premiumkeszulek.hu\/hu\/wp-json\/wp\/v2\/media?parent=12798"}],"wp:term":[{"taxonomy":"product_brand","embeddable":true,"href":"https:\/\/premiumkeszulek.hu\/hu\/wp-json\/wp\/v2\/product_brand?post=12798"},{"taxonomy":"product_cat","embeddable":true,"href":"https:\/\/premiumkeszulek.hu\/hu\/wp-json\/wp\/v2\/product_cat?post=12798"},{"taxonomy":"product_tag","embeddable":true,"href":"https:\/\/premiumkeszulek.hu\/hu\/wp-json\/wp\/v2\/product_tag?post=12798"},{"taxonomy":"woo-feed-brand","embeddable":true,"href":"https:\/\/premiumkeszulek.hu\/hu\/wp-json\/wp\/v2\/woo-feed-brand?post=12798"}],"curies":[{"name":"wp","href":"https:\/\/api.w.org\/{rel}","templated":true}]}}