{"id":12378,"date":"2025-04-16T20:02:20","date_gmt":"2025-04-16T18:02:20","guid":{"rendered":"https:\/\/premiumkeszulek.hu\/termek\/kitchenaid-5kfp0921ept-aprito-robotgep-pisztacia\/"},"modified":"2026-05-05T11:09:46","modified_gmt":"2026-05-05T09:09:46","slug":"kitchenaid-5kfp0921ept-aprito-robotgep-pisztacia","status":"publish","type":"product","link":"https:\/\/premiumkeszulek.hu\/hu\/termek\/kitchenaid-5kfp0921ept-aprito-robotgep-pisztacia\/","title":{"rendered":"KitchenAid 5KFP0921EPT Apr\u00edt\u00f3 robotg\u00e9p piszt\u00e1cia"},"content":{"rendered":"<p>\u0170rtartalom: 2,1L<\/p>\n","protected":false},"excerpt":{"rendered":"<p><img decoding=\"async\" alt=\"\" src=\"https:\/\/konyhaluxnet.hu\/custom\/konyhalux\/image\/cache\/w100h24q80np1\/Log%C3%B3k\/KitchenAidlogored.jpg\" style=\"width: 100px; height: 24px;\" \/> \u2022 2,1 literes multifunkci\u00f3s konyhag\u00e9p cs\u00f6kkentett sz\u00e9nl\u00e1bnyommal, sima fel\u00fclettel, csavar\u00e1smentes kialak\u00edt\u00e1ssal, egyetlen mozdulattal r\u00e1pattinthat\u00f3 t\u00e1llal \u00e9s reteszes fed\u00e9llel<br \/>\nEgyszer\u0171 be\u00e1ll\u00edt\u00e1s, haszn\u00e1lat \u00e9s tiszt\u00edthat\u00f3s\u00e1g Friss hozz\u00e1val\u00f3kkal pontosan, minden nap<br \/>\n\u2022 LED-es vez\u00e9rl\u0151k 3 k\u00f6nnyen lenyomhat\u00f3 sebess\u00e9gbe\u00e1ll\u00edt\u00e1si lehet\u0151s\u00e9ggel (magas, alacsony \u00e9s pulz\u00e1l\u00f3)<br \/>\nSz\u00e1mos hozz\u00e1val\u00f3 prec\u00edz kezel\u00e9s\u00e9hezA kezel\u00e9s megk\u00f6nny\u00edt\u00e9s\u00e9hez<br \/>\n\u2022 T\u00f6bbfunkci\u00f3s tartoz\u00e9kok: t\u00f6bbfunkci\u00f3s k\u00e9s \u00e9s dagaszt\u00f3lap\u00e1t, 4 mm-es, k\u00e9toldal\u00fa k\u00f6zepes szeletel\u0151-\/reszel\u0151t\u00e1rcsa \u00e9s Julienne-cs\u00edkokra v\u00e1g\u00f3 t\u00e1rcsa, valamint habver\u0151 tartoz\u00e9k<br \/>\nA k\u00f6nnyed apr\u00edt\u00e1shoz, reszel\u00e9shez, dar\u00e1l\u00e1shoz, szeletel\u00e9shez, dagaszt\u00e1shoz, kikever\u00e9shez, habver\u00e9shez, kever\u00e9shez, p\u00fcr\u00e9s\u00edt\u00e9shez \u00e9s kavargat\u00e1shozA Julienne-cs\u00edkok k\u00f6nnyed elk\u00e9sz\u00edt\u00e9s\u00e9hezVaj k\u00e9sz\u00edt\u00e9s\u00e9hez tejsz\u00ednb\u0151l, valamint h\u00e1zi tejsz\u00ednhab k\u00e9sz\u00edt\u00e9s\u00e9hez<br \/>\n\u2022 A fed\u00e9len tal\u00e1lhat\u00f3 2 az 1-ben adagol\u00f3cs\u0151, olajcsepegtet\u0151 ny\u00edl\u00e1ssal rendelkez\u0151 kis t\u00f6m\u0151eszk\u00f6zzel \u00e9s k\u00f6zepes m\u00e9ret\u0171 t\u00f6m\u0151eszk\u00f6zzel<br \/>\nSz\u00e1mos k\u00fcl\u00f6nb\u00f6z\u0151 alak\u00fa \u00e9s m\u00e9ret\u0171 hozz\u00e1val\u00f3 feldolgoz\u00e1s\u00e1hozSz\u00f3szok \u00e9s \u00f6ntetek elkever\u00e9s\u00e9hez<br \/>\n\u2022 Kever\u0151t\u00e1lban t\u00f6rt\u00e9n\u0151 t\u00e1rol\u00e1sra alkalmas kialak\u00edt\u00e1s \u00e9s h\u0171t\u0151szekr\u00e9nyben val\u00f3 t\u00e1rol\u00e1sra szolg\u00e1l\u00f3 fed\u00e9l<br \/>\nA k\u00e9sek, t\u00e1rcs\u00e1k \u00e9s egy\u00e9b tartoz\u00e9kok k\u00f6nnyed\u00e9n t\u00e1rolhat\u00f3k a t\u00e1lban, ha \u00e9pp nincsenek haszn\u00e1latbanHelytakar\u00e9kos megold\u00e1sAz egy\u00e9b hozz\u00e1val\u00f3k frissen tart\u00e1s\u00e1hoz<br \/>\n\u2022 R\u00e1pattinthat\u00f3, sziv\u00e1rg\u00e1smentes kever\u0151t\u00e1l t\u00f6m\u00edtett foganty\u00faval \u00e9s r\u00f6gz\u00edt\u0151mechanizmussal, lekerek\u00edtett sz\u00e9lekkel \u00e9s sima fel\u00fclettel<br \/>\nA k\u00f6nnyebb takar\u00edt\u00e1s\u00e9rt A t\u00e1l, a fed\u00e9l \u00e9s a tartoz\u00e9kok mosogat\u00f3g\u00e9pben moshat\u00f3<\/p>\n","protected":false},"featured_media":12377,"comment_status":"closed","ping_status":"closed","template":"","meta":{"_crdt_document":"","content-type":"","jetpack_post_was_ever_published":false,"jetpack_publicize_message":"","jetpack_publicize_feature_enabled":true,"jetpack_social_post_already_shared":true,"jetpack_social_options":{"image_generator_settings":{"template":"highway","default_image_id":0,"font":"","enabled":false},"version":2},"_wpas_customize_per_network":false},"product_brand":[1641],"product_cat":[5335,5033,5032],"product_tag":[],"woo-feed-brand":[],"class_list":{"0":"post-12378","1":"product","2":"type-product","3":"status-publish","4":"has-post-thumbnail","6":"product_brand-kitchenaid","7":"product_cat-aprito","8":"product_cat-kiskeszulek","9":"product_cat-tobb-kategoria","10":"product_shipping_class-100000felett","12":"first","13":"onbackorder","14":"taxable","15":"shipping-taxable","16":"purchasable","17":"product-type-simple"},"yoast_head":"<!-- This site is optimized with the Yoast SEO Premium plugin v26.9 (Yoast SEO v27.4) - https:\/\/yoast.com\/product\/yoast-seo-premium-wordpress\/ -->\n<title>KitchenAid 5KFP0921EPT Apr\u00edt\u00f3 robotg\u00e9p piszt\u00e1cia - Pr\u00e9miumK\u00e9sz\u00fcl\u00e9k<\/title>\n<meta name=\"description\" content=\"Fedezze fel a KitchenAid 5KFP0921EPT Apr\u00edt\u00f3 robotg\u00e9pet, amely megk\u00f6nny\u00edti a konyhai feladatokat! K\u00e9nyeztesse mag\u00e1t egy \u00faj seg\u00e9deszk\u00f6zzel!\" \/>\n<meta name=\"robots\" content=\"index, follow, max-snippet:-1, max-image-preview:large, max-video-preview:-1\" \/>\n<link rel=\"canonical\" href=\"https:\/\/premiumkeszulek.hu\/hu\/termek\/kitchenaid-5kfp0921ept-aprito-robotgep-pisztacia\/\" \/>\n<meta property=\"og:locale\" content=\"hu_HU\" \/>\n<meta property=\"og:type\" content=\"article\" \/>\n<meta property=\"og:title\" content=\"KitchenAid 5KFP0921EPT Apr\u00edt\u00f3 robotg\u00e9p piszt\u00e1cia\" \/>\n<meta property=\"og:description\" content=\"Fedezze fel a KitchenAid 5KFP0921EPT Apr\u00edt\u00f3 robotg\u00e9pet, amely megk\u00f6nny\u00edti a konyhai feladatokat! K\u00e9nyeztesse mag\u00e1t egy \u00faj seg\u00e9deszk\u00f6zzel!\" \/>\n<meta property=\"og:url\" content=\"https:\/\/premiumkeszulek.hu\/hu\/termek\/kitchenaid-5kfp0921ept-aprito-robotgep-pisztacia\/\" \/>\n<meta property=\"og:site_name\" content=\"Pr\u00e9miumK\u00e9sz\u00fcl\u00e9k\" \/>\n<meta property=\"article:publisher\" content=\"https:\/\/www.facebook.com\/konyhaluxnet\" \/>\n<meta property=\"article:modified_time\" content=\"2026-05-05T09:09:46+00:00\" \/>\n<meta property=\"og:image\" content=\"https:\/\/i0.wp.com\/premiumkeszulek.hu\/wp-content\/uploads\/2025\/04\/5KFP0921EPT-111.png?fit=800%2C800&ssl=1\" \/>\n\t<meta property=\"og:image:width\" content=\"800\" \/>\n\t<meta property=\"og:image:height\" content=\"800\" \/>\n\t<meta property=\"og:image:type\" content=\"image\/png\" \/>\n<meta name=\"twitter:card\" content=\"summary_large_image\" \/>\n<meta name=\"twitter:label1\" content=\"\u00c1r\" \/>\n\t<meta name=\"twitter:data1\" content=\"99.990&#070;&#116;\" \/>\n\t<meta name=\"twitter:label2\" content=\"El\u00e9rhet\u0151s\u00e9g\" \/>\n\t<meta name=\"twitter:data2\" content=\"Beszerz\u00e9s alatt\" \/>\n<script type=\"application\/ld+json\" class=\"yoast-schema-graph\">{\"@context\":\"https:\\\/\\\/schema.org\",\"@graph\":[{\"@type\":\"WebPage\",\"@id\":\"https:\\\/\\\/premiumkeszulek.hu\\\/hu\\\/termek\\\/kitchenaid-5kfp0921ept-aprito-robotgep-pisztacia\\\/\",\"url\":\"https:\\\/\\\/premiumkeszulek.hu\\\/hu\\\/termek\\\/kitchenaid-5kfp0921ept-aprito-robotgep-pisztacia\\\/\",\"name\":\"KitchenAid 5KFP0921EPT Apr\u00edt\u00f3 robotg\u00e9p piszt\u00e1cia - Pr\u00e9miumK\u00e9sz\u00fcl\u00e9k\",\"isPartOf\":{\"@id\":\"https:\\\/\\\/premiumkeszulek.hu\\\/hu\\\/#website\"},\"primaryImageOfPage\":{\"@id\":\"https:\\\/\\\/premiumkeszulek.hu\\\/hu\\\/termek\\\/kitchenaid-5kfp0921ept-aprito-robotgep-pisztacia\\\/#primaryimage\"},\"image\":{\"@id\":\"https:\\\/\\\/premiumkeszulek.hu\\\/hu\\\/termek\\\/kitchenaid-5kfp0921ept-aprito-robotgep-pisztacia\\\/#primaryimage\"},\"thumbnailUrl\":\"https:\\\/\\\/i0.wp.com\\\/premiumkeszulek.hu\\\/wp-content\\\/uploads\\\/2025\\\/04\\\/5KFP0921EPT-111.png?fit=800%2C800&ssl=1\",\"datePublished\":\"2025-04-16T18:02:20+00:00\",\"dateModified\":\"2026-05-05T09:09:46+00:00\",\"description\":\"Fedezze fel a KitchenAid 5KFP0921EPT Apr\u00edt\u00f3 robotg\u00e9pet, amely megk\u00f6nny\u00edti a konyhai feladatokat! K\u00e9nyeztesse mag\u00e1t egy \u00faj seg\u00e9deszk\u00f6zzel!\",\"breadcrumb\":{\"@id\":\"https:\\\/\\\/premiumkeszulek.hu\\\/hu\\\/termek\\\/kitchenaid-5kfp0921ept-aprito-robotgep-pisztacia\\\/#breadcrumb\"},\"inLanguage\":\"hu\",\"potentialAction\":[{\"@type\":\"ReadAction\",\"target\":[\"https:\\\/\\\/premiumkeszulek.hu\\\/hu\\\/termek\\\/kitchenaid-5kfp0921ept-aprito-robotgep-pisztacia\\\/\"]}]},{\"@type\":\"ImageObject\",\"inLanguage\":\"hu\",\"@id\":\"https:\\\/\\\/premiumkeszulek.hu\\\/hu\\\/termek\\\/kitchenaid-5kfp0921ept-aprito-robotgep-pisztacia\\\/#primaryimage\",\"url\":\"https:\\\/\\\/i0.wp.com\\\/premiumkeszulek.hu\\\/wp-content\\\/uploads\\\/2025\\\/04\\\/5KFP0921EPT-111.png?fit=800%2C800&ssl=1\",\"contentUrl\":\"https:\\\/\\\/i0.wp.com\\\/premiumkeszulek.hu\\\/wp-content\\\/uploads\\\/2025\\\/04\\\/5KFP0921EPT-111.png?fit=800%2C800&ssl=1\",\"width\":800,\"height\":800},{\"@type\":\"BreadcrumbList\",\"@id\":\"https:\\\/\\\/premiumkeszulek.hu\\\/hu\\\/termek\\\/kitchenaid-5kfp0921ept-aprito-robotgep-pisztacia\\\/#breadcrumb\",\"itemListElement\":[{\"@type\":\"ListItem\",\"position\":1,\"name\":\"Home\",\"item\":\"https:\\\/\\\/premiumkeszulek.hu\\\/hu\\\/\"},{\"@type\":\"ListItem\",\"position\":2,\"name\":\"Shop\",\"item\":\"https:\\\/\\\/premiumkeszulek.hu\\\/hu\\\/shop\\\/\"},{\"@type\":\"ListItem\",\"position\":3,\"name\":\"KitchenAid 5KFP0921EPT Apr\u00edt\u00f3 robotg\u00e9p piszt\u00e1cia\"}]},{\"@type\":\"WebSite\",\"@id\":\"https:\\\/\\\/premiumkeszulek.hu\\\/hu\\\/#website\",\"url\":\"https:\\\/\\\/premiumkeszulek.hu\\\/hu\\\/\",\"name\":\"Pr\u00e9miumK\u00e9sz\u00fcl\u00e9k\",\"description\":\"\",\"publisher\":{\"@id\":\"https:\\\/\\\/premiumkeszulek.hu\\\/hu\\\/#organization\"},\"potentialAction\":[{\"@type\":\"SearchAction\",\"target\":{\"@type\":\"EntryPoint\",\"urlTemplate\":\"https:\\\/\\\/premiumkeszulek.hu\\\/hu\\\/?s={search_term_string}\"},\"query-input\":{\"@type\":\"PropertyValueSpecification\",\"valueRequired\":true,\"valueName\":\"search_term_string\"}}],\"inLanguage\":\"hu\"},{\"@type\":\"Organization\",\"@id\":\"https:\\\/\\\/premiumkeszulek.hu\\\/hu\\\/#organization\",\"name\":\"Pr\u00e9miumK\u00e9sz\u00fcl\u00e9k\",\"alternateName\":\"HPH Special Kft\",\"url\":\"https:\\\/\\\/premiumkeszulek.hu\\\/hu\\\/\",\"logo\":{\"@type\":\"ImageObject\",\"inLanguage\":\"hu\",\"@id\":\"https:\\\/\\\/premiumkeszulek.hu\\\/hu\\\/#\\\/schema\\\/logo\\\/image\\\/\",\"url\":\"http:\\\/\\\/premiumkeszulek.hu\\\/wp-content\\\/uploads\\\/2025\\\/03\\\/TURKIZLOGO-kicsi.png\",\"contentUrl\":\"http:\\\/\\\/premiumkeszulek.hu\\\/wp-content\\\/uploads\\\/2025\\\/03\\\/TURKIZLOGO-kicsi.png\",\"width\":1600,\"height\":547,\"caption\":\"Pr\u00e9miumK\u00e9sz\u00fcl\u00e9k\"},\"image\":{\"@id\":\"https:\\\/\\\/premiumkeszulek.hu\\\/hu\\\/#\\\/schema\\\/logo\\\/image\\\/\"},\"sameAs\":[\"https:\\\/\\\/www.facebook.com\\\/konyhaluxnet\",\"https:\\\/\\\/www.instagram.com\\\/konyhaluxnet\\\/#\"],\"email\":\"info@premiumkeszulek.hu\",\"telephone\":\"36 1 \\\/ 226-1992\",\"legalName\":\"HPH Special Kft\",\"vatID\":\"HU12549502\",\"taxID\":\"12549502\",\"hasMerchantReturnPolicy\":{\"@type\":\"MerchantReturnPolicy\",\"merchantReturnLink\":\"https:\\\/\\\/premiumkeszulek.hu\\\/hu\\\/altalanos-szerzodesi-es-felhasznalasi-feltetelek\\\/\"}}]}<\/script>\n<meta property=\"product:brand\" content=\"KitchenAid\" \/>\n<meta property=\"product:price:amount\" content=\"99990\" \/>\n<meta property=\"product:price:currency\" content=\"HUF\" \/>\n<meta property=\"og:availability\" content=\"backorder\" \/>\n<meta property=\"product:availability\" content=\"available for order\" \/>\n<meta property=\"product:retailer_item_id\" content=\"8003437625848\" \/>\n<meta property=\"product:condition\" content=\"new\" \/>\n<!-- \/ Yoast SEO Premium plugin. -->","yoast_head_json":{"title":"KitchenAid 5KFP0921EPT Apr\u00edt\u00f3 robotg\u00e9p piszt\u00e1cia - Pr\u00e9miumK\u00e9sz\u00fcl\u00e9k","description":"Fedezze fel a KitchenAid 5KFP0921EPT Apr\u00edt\u00f3 robotg\u00e9pet, amely megk\u00f6nny\u00edti a konyhai feladatokat! K\u00e9nyeztesse mag\u00e1t egy \u00faj seg\u00e9deszk\u00f6zzel!","robots":{"index":"index","follow":"follow","max-snippet":"max-snippet:-1","max-image-preview":"max-image-preview:large","max-video-preview":"max-video-preview:-1"},"canonical":"https:\/\/premiumkeszulek.hu\/hu\/termek\/kitchenaid-5kfp0921ept-aprito-robotgep-pisztacia\/","og_locale":"hu_HU","og_type":"article","og_title":"KitchenAid 5KFP0921EPT Apr\u00edt\u00f3 robotg\u00e9p piszt\u00e1cia","og_description":"Fedezze fel a KitchenAid 5KFP0921EPT Apr\u00edt\u00f3 robotg\u00e9pet, amely megk\u00f6nny\u00edti a konyhai feladatokat! K\u00e9nyeztesse mag\u00e1t egy \u00faj seg\u00e9deszk\u00f6zzel!","og_url":"https:\/\/premiumkeszulek.hu\/hu\/termek\/kitchenaid-5kfp0921ept-aprito-robotgep-pisztacia\/","og_site_name":"Pr\u00e9miumK\u00e9sz\u00fcl\u00e9k","article_publisher":"https:\/\/www.facebook.com\/konyhaluxnet","article_modified_time":"2026-05-05T09:09:46+00:00","og_image":[{"width":800,"height":800,"url":"https:\/\/i0.wp.com\/premiumkeszulek.hu\/wp-content\/uploads\/2025\/04\/5KFP0921EPT-111.png?fit=800%2C800&ssl=1","type":"image\/png"}],"twitter_card":"summary_large_image","twitter_misc":{"\u00c1r":"99.990&#70;&#116;","El\u00e9rhet\u0151s\u00e9g":"Beszerz\u00e9s alatt"},"schema":{"@context":"https:\/\/schema.org","@graph":[{"@type":"WebPage","@id":"https:\/\/premiumkeszulek.hu\/hu\/termek\/kitchenaid-5kfp0921ept-aprito-robotgep-pisztacia\/","url":"https:\/\/premiumkeszulek.hu\/hu\/termek\/kitchenaid-5kfp0921ept-aprito-robotgep-pisztacia\/","name":"KitchenAid 5KFP0921EPT Apr\u00edt\u00f3 robotg\u00e9p piszt\u00e1cia - Pr\u00e9miumK\u00e9sz\u00fcl\u00e9k","isPartOf":{"@id":"https:\/\/premiumkeszulek.hu\/hu\/#website"},"primaryImageOfPage":{"@id":"https:\/\/premiumkeszulek.hu\/hu\/termek\/kitchenaid-5kfp0921ept-aprito-robotgep-pisztacia\/#primaryimage"},"image":{"@id":"https:\/\/premiumkeszulek.hu\/hu\/termek\/kitchenaid-5kfp0921ept-aprito-robotgep-pisztacia\/#primaryimage"},"thumbnailUrl":"https:\/\/i0.wp.com\/premiumkeszulek.hu\/wp-content\/uploads\/2025\/04\/5KFP0921EPT-111.png?fit=800%2C800&ssl=1","datePublished":"2025-04-16T18:02:20+00:00","dateModified":"2026-05-05T09:09:46+00:00","description":"Fedezze fel a KitchenAid 5KFP0921EPT Apr\u00edt\u00f3 robotg\u00e9pet, amely megk\u00f6nny\u00edti a konyhai feladatokat! K\u00e9nyeztesse mag\u00e1t egy \u00faj seg\u00e9deszk\u00f6zzel!","breadcrumb":{"@id":"https:\/\/premiumkeszulek.hu\/hu\/termek\/kitchenaid-5kfp0921ept-aprito-robotgep-pisztacia\/#breadcrumb"},"inLanguage":"hu","potentialAction":[{"@type":"ReadAction","target":["https:\/\/premiumkeszulek.hu\/hu\/termek\/kitchenaid-5kfp0921ept-aprito-robotgep-pisztacia\/"]}]},{"@type":"ImageObject","inLanguage":"hu","@id":"https:\/\/premiumkeszulek.hu\/hu\/termek\/kitchenaid-5kfp0921ept-aprito-robotgep-pisztacia\/#primaryimage","url":"https:\/\/i0.wp.com\/premiumkeszulek.hu\/wp-content\/uploads\/2025\/04\/5KFP0921EPT-111.png?fit=800%2C800&ssl=1","contentUrl":"https:\/\/i0.wp.com\/premiumkeszulek.hu\/wp-content\/uploads\/2025\/04\/5KFP0921EPT-111.png?fit=800%2C800&ssl=1","width":800,"height":800},{"@type":"BreadcrumbList","@id":"https:\/\/premiumkeszulek.hu\/hu\/termek\/kitchenaid-5kfp0921ept-aprito-robotgep-pisztacia\/#breadcrumb","itemListElement":[{"@type":"ListItem","position":1,"name":"Home","item":"https:\/\/premiumkeszulek.hu\/hu\/"},{"@type":"ListItem","position":2,"name":"Shop","item":"https:\/\/premiumkeszulek.hu\/hu\/shop\/"},{"@type":"ListItem","position":3,"name":"KitchenAid 5KFP0921EPT Apr\u00edt\u00f3 robotg\u00e9p piszt\u00e1cia"}]},{"@type":"WebSite","@id":"https:\/\/premiumkeszulek.hu\/hu\/#website","url":"https:\/\/premiumkeszulek.hu\/hu\/","name":"Pr\u00e9miumK\u00e9sz\u00fcl\u00e9k","description":"","publisher":{"@id":"https:\/\/premiumkeszulek.hu\/hu\/#organization"},"potentialAction":[{"@type":"SearchAction","target":{"@type":"EntryPoint","urlTemplate":"https:\/\/premiumkeszulek.hu\/hu\/?s={search_term_string}"},"query-input":{"@type":"PropertyValueSpecification","valueRequired":true,"valueName":"search_term_string"}}],"inLanguage":"hu"},{"@type":"Organization","@id":"https:\/\/premiumkeszulek.hu\/hu\/#organization","name":"Pr\u00e9miumK\u00e9sz\u00fcl\u00e9k","alternateName":"HPH Special Kft","url":"https:\/\/premiumkeszulek.hu\/hu\/","logo":{"@type":"ImageObject","inLanguage":"hu","@id":"https:\/\/premiumkeszulek.hu\/hu\/#\/schema\/logo\/image\/","url":"http:\/\/premiumkeszulek.hu\/wp-content\/uploads\/2025\/03\/TURKIZLOGO-kicsi.png","contentUrl":"http:\/\/premiumkeszulek.hu\/wp-content\/uploads\/2025\/03\/TURKIZLOGO-kicsi.png","width":1600,"height":547,"caption":"Pr\u00e9miumK\u00e9sz\u00fcl\u00e9k"},"image":{"@id":"https:\/\/premiumkeszulek.hu\/hu\/#\/schema\/logo\/image\/"},"sameAs":["https:\/\/www.facebook.com\/konyhaluxnet","https:\/\/www.instagram.com\/konyhaluxnet\/#"],"email":"info@premiumkeszulek.hu","telephone":"36 1 \/ 226-1992","legalName":"HPH Special Kft","vatID":"HU12549502","taxID":"12549502","hasMerchantReturnPolicy":{"@type":"MerchantReturnPolicy","merchantReturnLink":"https:\/\/premiumkeszulek.hu\/hu\/altalanos-szerzodesi-es-felhasznalasi-feltetelek\/"}}]},"product_brand":"KitchenAid","product_price_amount":"99990","product_price_currency":"HUF","og_availability":"backorder","product_availability":"available for order","product_retailer_item_id":"8003437625848","product_condition":"new"},"jetpack_publicize_connections":[],"jetpack_likes_enabled":true,"jetpack_sharing_enabled":true,"jetpack-related-posts":[],"_links":{"self":[{"href":"https:\/\/premiumkeszulek.hu\/hu\/wp-json\/wp\/v2\/product\/12378","targetHints":{"allow":["GET"]}}],"collection":[{"href":"https:\/\/premiumkeszulek.hu\/hu\/wp-json\/wp\/v2\/product"}],"about":[{"href":"https:\/\/premiumkeszulek.hu\/hu\/wp-json\/wp\/v2\/types\/product"}],"replies":[{"embeddable":true,"href":"https:\/\/premiumkeszulek.hu\/hu\/wp-json\/wp\/v2\/comments?post=12378"}],"wp:featuredmedia":[{"embeddable":true,"href":"https:\/\/premiumkeszulek.hu\/hu\/wp-json\/wp\/v2\/media\/12377"}],"wp:attachment":[{"href":"https:\/\/premiumkeszulek.hu\/hu\/wp-json\/wp\/v2\/media?parent=12378"}],"wp:term":[{"taxonomy":"product_brand","embeddable":true,"href":"https:\/\/premiumkeszulek.hu\/hu\/wp-json\/wp\/v2\/product_brand?post=12378"},{"taxonomy":"product_cat","embeddable":true,"href":"https:\/\/premiumkeszulek.hu\/hu\/wp-json\/wp\/v2\/product_cat?post=12378"},{"taxonomy":"product_tag","embeddable":true,"href":"https:\/\/premiumkeszulek.hu\/hu\/wp-json\/wp\/v2\/product_tag?post=12378"},{"taxonomy":"woo-feed-brand","embeddable":true,"href":"https:\/\/premiumkeszulek.hu\/hu\/wp-json\/wp\/v2\/woo-feed-brand?post=12378"}],"curies":[{"name":"wp","href":"https:\/\/api.w.org\/{rel}","templated":true}]}}