{"id":1200,"date":"2025-02-06T13:39:12","date_gmt":"2025-02-06T12:39:12","guid":{"rendered":"https:\/\/premiumkeszulek.hu\/product\/miele-h-7840-bmx-grafitszurke-fogantyu-nelkuli-mikrohullamu-uzemmoddal-kombinalt-suto\/"},"modified":"2026-04-01T19:51:34","modified_gmt":"2026-04-01T17:51:34","slug":"miele-h-7840-bmx-grafitszurke-fogantyu-nelkuli-mikrohullamu-uzemmoddal-kombinalt-suto","status":"publish","type":"product","link":"https:\/\/premiumkeszulek.hu\/hu\/termek\/miele-h-7840-bmx-grafitszurke-fogantyu-nelkuli-mikrohullamu-uzemmoddal-kombinalt-suto\/","title":{"rendered":"Miele H 7840 BMX grafitsz\u00fcrke foganty\u00fa n\u00e9lk\u00fcli mikrohull\u00e1m\u00fa \u00fczemm\u00f3ddal kombin\u00e1lt s\u00fct\u0151"},"content":{"rendered":"<div class=\"loadbeeTabContent\" data-loadbee-apikey=\"bVxDWaSdseFz5PWWtvKmAkGr88n6WXYY\" data-loadbee-gtin=\"4002516132752\" data-loadbee-locale=\"hu_HU\">\u00a0\n<\/div>\n<p><script async src=\"https:\/\/cdn.loadbee.com\/js\/loadbee_integration.js\"><\/script><script type=\"text\/javascript\"\nsrc=\"https:\/\/tracking.channelsight.com\/api\/tracking\/v2\/Init\">\n<\/script> <\/p>","protected":false},"excerpt":{"rendered":"<p>\u00a0<\/p>","protected":false},"featured_media":15762,"comment_status":"closed","ping_status":"closed","template":"","meta":{"_crdt_document":"","content-type":"","jetpack_post_was_ever_published":false,"jetpack_publicize_message":"","jetpack_publicize_feature_enabled":true,"jetpack_social_post_already_shared":true,"jetpack_social_options":{"image_generator_settings":{"template":"highway","default_image_id":0,"font":"","enabled":false},"version":2},"_wpas_customize_per_network":false},"product_brand":[1372],"product_cat":[1389,1527],"product_tag":[],"woo-feed-brand":[],"class_list":{"0":"post-1200","1":"product","2":"type-product","3":"status-publish","4":"has-post-thumbnail","6":"product_brand-miele","7":"product_cat-beepithetosutok","8":"product_cat-sutok-es-fozolapok","9":"product_shipping_class-100000felett","11":"first","12":"onbackorder","13":"taxable","14":"shipping-taxable","15":"purchasable","16":"product-type-simple"},"yoast_head":"<!-- This site is optimized with the Yoast SEO Premium plugin v26.9 (Yoast SEO v26.9) - https:\/\/yoast.com\/product\/yoast-seo-premium-wordpress\/ -->\n<title>Miele H 7840 BMX grafitsz\u00fcrke foganty\u00fa n\u00e9lk\u00fcli mikrohull\u00e1m\u00fa \u00fczemm\u00f3ddal kombin\u00e1lt s\u00fct\u0151 - Pr\u00e9miumK\u00e9sz\u00fcl\u00e9k<\/title>\n<meta name=\"description\" content=\"A Miele H 7840 kombin\u00e1lt s\u00fct\u0151 a hat\u00e9konys\u00e1g \u00e9s elegancia \u00f6tv\u00f6zete! K\u00e9nyeztesse mag\u00e1t a legjobb s\u00fct\u00e9si \u00e9lm\u00e9nnyel. N\u00e9zze meg k\u00edn\u00e1latunkat!\" \/>\n<meta name=\"robots\" content=\"index, follow, max-snippet:-1, max-image-preview:large, max-video-preview:-1\" \/>\n<link rel=\"canonical\" href=\"https:\/\/premiumkeszulek.hu\/hu\/termek\/miele-h-7840-bmx-grafitszurke-fogantyu-nelkuli-mikrohullamu-uzemmoddal-kombinalt-suto\/\" \/>\n<meta property=\"og:locale\" content=\"hu_HU\" \/>\n<meta property=\"og:type\" content=\"article\" \/>\n<meta property=\"og:title\" content=\"Miele H 7840 BMX grafitsz\u00fcrke foganty\u00fa n\u00e9lk\u00fcli mikrohull\u00e1m\u00fa \u00fczemm\u00f3ddal kombin\u00e1lt s\u00fct\u0151\" \/>\n<meta property=\"og:description\" content=\"A Miele H 7840 kombin\u00e1lt s\u00fct\u0151 a hat\u00e9konys\u00e1g \u00e9s elegancia \u00f6tv\u00f6zete! K\u00e9nyeztesse mag\u00e1t a legjobb s\u00fct\u00e9si \u00e9lm\u00e9nnyel. N\u00e9zze meg k\u00edn\u00e1latunkat!\" \/>\n<meta property=\"og:url\" content=\"https:\/\/premiumkeszulek.hu\/hu\/termek\/miele-h-7840-bmx-grafitszurke-fogantyu-nelkuli-mikrohullamu-uzemmoddal-kombinalt-suto\/\" \/>\n<meta property=\"og:site_name\" content=\"Pr\u00e9miumK\u00e9sz\u00fcl\u00e9k\" \/>\n<meta property=\"article:publisher\" content=\"https:\/\/www.facebook.com\/konyhaluxnet\" \/>\n<meta property=\"article:modified_time\" content=\"2026-04-01T17:51:34+00:00\" \/>\n<meta property=\"og:image\" content=\"https:\/\/i0.wp.com\/premiumkeszulek.hu\/wp-content\/uploads\/2025\/05\/h7840_bmx_gg_1.jpg?fit=1000%2C1000&ssl=1\" \/>\n\t<meta property=\"og:image:width\" content=\"1000\" \/>\n\t<meta property=\"og:image:height\" content=\"1000\" \/>\n\t<meta property=\"og:image:type\" content=\"image\/jpeg\" \/>\n<meta name=\"twitter:card\" content=\"summary_large_image\" \/>\n<meta name=\"twitter:label1\" content=\"\u00c1r\" \/>\n\t<meta name=\"twitter:data1\" content=\"1.549.900&#070;&#116;\" \/>\n\t<meta name=\"twitter:label2\" content=\"El\u00e9rhet\u0151s\u00e9g\" \/>\n\t<meta name=\"twitter:data2\" content=\"Beszerz\u00e9s alatt\" \/>\n<script type=\"application\/ld+json\" class=\"yoast-schema-graph\">{\"@context\":\"https:\/\/schema.org\",\"@graph\":[{\"@type\":\"WebPage\",\"@id\":\"https:\/\/premiumkeszulek.hu\/en\/product\/miele-h-7840-bmx-grafitszurke-fogantyu-nelkuli-mikrohullamu-uzemmoddal-kombinalt-suto\/\",\"url\":\"https:\/\/premiumkeszulek.hu\/en\/product\/miele-h-7840-bmx-grafitszurke-fogantyu-nelkuli-mikrohullamu-uzemmoddal-kombinalt-suto\/\",\"name\":\"Miele H 7840 BMX grafitsz\u00fcrke foganty\u00fa n\u00e9lk\u00fcli mikrohull\u00e1m\u00fa \u00fczemm\u00f3ddal kombin\u00e1lt s\u00fct\u0151 - Pr\u00e9miumK\u00e9sz\u00fcl\u00e9k\",\"isPartOf\":{\"@id\":\"http:\/\/premiumkeszulek.hu\/hu\/#website\"},\"primaryImageOfPage\":{\"@id\":\"https:\/\/premiumkeszulek.hu\/en\/product\/miele-h-7840-bmx-grafitszurke-fogantyu-nelkuli-mikrohullamu-uzemmoddal-kombinalt-suto\/#primaryimage\"},\"image\":{\"@id\":\"https:\/\/premiumkeszulek.hu\/en\/product\/miele-h-7840-bmx-grafitszurke-fogantyu-nelkuli-mikrohullamu-uzemmoddal-kombinalt-suto\/#primaryimage\"},\"thumbnailUrl\":\"https:\/\/i0.wp.com\/premiumkeszulek.hu\/wp-content\/uploads\/2025\/05\/h7840_bmx_gg_1.jpg?fit=1000%2C1000&ssl=1\",\"datePublished\":\"2025-02-06T12:39:12+00:00\",\"dateModified\":\"2026-04-01T17:51:34+00:00\",\"description\":\"A Miele H 7840 kombin\u00e1lt s\u00fct\u0151 a hat\u00e9konys\u00e1g \u00e9s elegancia \u00f6tv\u00f6zete! K\u00e9nyeztesse mag\u00e1t a legjobb s\u00fct\u00e9si \u00e9lm\u00e9nnyel. N\u00e9zze meg k\u00edn\u00e1latunkat!\",\"breadcrumb\":{\"@id\":\"https:\/\/premiumkeszulek.hu\/en\/product\/miele-h-7840-bmx-grafitszurke-fogantyu-nelkuli-mikrohullamu-uzemmoddal-kombinalt-suto\/#breadcrumb\"},\"inLanguage\":\"hu\",\"potentialAction\":[{\"@type\":\"ReadAction\",\"target\":[\"https:\/\/premiumkeszulek.hu\/en\/product\/miele-h-7840-bmx-grafitszurke-fogantyu-nelkuli-mikrohullamu-uzemmoddal-kombinalt-suto\/\"]}]},{\"@type\":\"ImageObject\",\"inLanguage\":\"hu\",\"@id\":\"https:\/\/premiumkeszulek.hu\/en\/product\/miele-h-7840-bmx-grafitszurke-fogantyu-nelkuli-mikrohullamu-uzemmoddal-kombinalt-suto\/#primaryimage\",\"url\":\"https:\/\/i0.wp.com\/premiumkeszulek.hu\/wp-content\/uploads\/2025\/05\/h7840_bmx_gg_1.jpg?fit=1000%2C1000&ssl=1\",\"contentUrl\":\"https:\/\/i0.wp.com\/premiumkeszulek.hu\/wp-content\/uploads\/2025\/05\/h7840_bmx_gg_1.jpg?fit=1000%2C1000&ssl=1\",\"width\":1000,\"height\":1000},{\"@type\":\"BreadcrumbList\",\"@id\":\"https:\/\/premiumkeszulek.hu\/en\/product\/miele-h-7840-bmx-grafitszurke-fogantyu-nelkuli-mikrohullamu-uzemmoddal-kombinalt-suto\/#breadcrumb\",\"itemListElement\":[{\"@type\":\"ListItem\",\"position\":1,\"name\":\"Home\",\"item\":\"http:\/\/premiumkeszulek.hu\/hu\/\"},{\"@type\":\"ListItem\",\"position\":2,\"name\":\"Shop\",\"item\":\"http:\/\/premiumkeszulek.hu\/hu\/shop\/\"},{\"@type\":\"ListItem\",\"position\":3,\"name\":\"Miele H 7840 BMX grafitsz\u00fcrke foganty\u00fa n\u00e9lk\u00fcli mikrohull\u00e1m\u00fa \u00fczemm\u00f3ddal kombin\u00e1lt s\u00fct\u0151\"}]},{\"@type\":\"WebSite\",\"@id\":\"http:\/\/premiumkeszulek.hu\/hu\/#website\",\"url\":\"http:\/\/premiumkeszulek.hu\/hu\/\",\"name\":\"Pr\u00e9miumK\u00e9sz\u00fcl\u00e9k\",\"description\":\"\",\"publisher\":{\"@id\":\"http:\/\/premiumkeszulek.hu\/hu\/#organization\"},\"potentialAction\":[{\"@type\":\"SearchAction\",\"target\":{\"@type\":\"EntryPoint\",\"urlTemplate\":\"http:\/\/premiumkeszulek.hu\/hu\/?s={search_term_string}\"},\"query-input\":{\"@type\":\"PropertyValueSpecification\",\"valueRequired\":true,\"valueName\":\"search_term_string\"}}],\"inLanguage\":\"hu\"},{\"@type\":\"Organization\",\"@id\":\"http:\/\/premiumkeszulek.hu\/hu\/#organization\",\"name\":\"Pr\u00e9miumK\u00e9sz\u00fcl\u00e9k\",\"alternateName\":\"HPH Special Kft\",\"url\":\"http:\/\/premiumkeszulek.hu\/hu\/\",\"logo\":{\"@type\":\"ImageObject\",\"inLanguage\":\"hu\",\"@id\":\"http:\/\/premiumkeszulek.hu\/hu\/#\/schema\/logo\/image\/\",\"url\":\"http:\/\/premiumkeszulek.hu\/wp-content\/uploads\/2025\/03\/TURKIZLOGO-kicsi.png\",\"contentUrl\":\"http:\/\/premiumkeszulek.hu\/wp-content\/uploads\/2025\/03\/TURKIZLOGO-kicsi.png\",\"width\":1600,\"height\":547,\"caption\":\"Pr\u00e9miumK\u00e9sz\u00fcl\u00e9k\"},\"image\":{\"@id\":\"http:\/\/premiumkeszulek.hu\/hu\/#\/schema\/logo\/image\/\"},\"sameAs\":[\"https:\/\/www.facebook.com\/konyhaluxnet\",\"https:\/\/www.instagram.com\/konyhaluxnet\/#\"],\"email\":\"info@premiumkeszulek.hu\",\"telephone\":\"36 1 \/ 226-1992\",\"legalName\":\"HPH Special Kft\",\"vatID\":\"HU12549502\",\"taxID\":\"12549502\",\"hasMerchantReturnPolicy\":{\"@type\":\"MerchantReturnPolicy\",\"merchantReturnLink\":\"https:\/\/premiumkeszulek.hu\/hu\/altalanos-szerzodesi-es-felhasznalasi-feltetelek\/\"}}]}<\/script>\n<meta property=\"product:brand\" content=\"Miele\" \/>\n<meta property=\"product:price:amount\" content=\"1549900\" \/>\n<meta property=\"product:price:currency\" content=\"HUF\" \/>\n<meta property=\"og:availability\" content=\"backorder\" \/>\n<meta property=\"product:availability\" content=\"available for order\" \/>\n<meta property=\"product:retailer_item_id\" content=\"4002516132752\" \/>\n<meta property=\"product:condition\" content=\"new\" \/>\n<!-- \/ Yoast SEO Premium plugin. -->","yoast_head_json":{"title":"Miele H 7840 BMX grafitsz\u00fcrke foganty\u00fa n\u00e9lk\u00fcli mikrohull\u00e1m\u00fa \u00fczemm\u00f3ddal kombin\u00e1lt s\u00fct\u0151 - Pr\u00e9miumK\u00e9sz\u00fcl\u00e9k","description":"A Miele H 7840 kombin\u00e1lt s\u00fct\u0151 a hat\u00e9konys\u00e1g \u00e9s elegancia \u00f6tv\u00f6zete! K\u00e9nyeztesse mag\u00e1t a legjobb s\u00fct\u00e9si \u00e9lm\u00e9nnyel. N\u00e9zze meg k\u00edn\u00e1latunkat!","robots":{"index":"index","follow":"follow","max-snippet":"max-snippet:-1","max-image-preview":"max-image-preview:large","max-video-preview":"max-video-preview:-1"},"canonical":"https:\/\/premiumkeszulek.hu\/hu\/termek\/miele-h-7840-bmx-grafitszurke-fogantyu-nelkuli-mikrohullamu-uzemmoddal-kombinalt-suto\/","og_locale":"hu_HU","og_type":"article","og_title":"Miele H 7840 BMX grafitsz\u00fcrke foganty\u00fa n\u00e9lk\u00fcli mikrohull\u00e1m\u00fa \u00fczemm\u00f3ddal kombin\u00e1lt s\u00fct\u0151","og_description":"A Miele H 7840 kombin\u00e1lt s\u00fct\u0151 a hat\u00e9konys\u00e1g \u00e9s elegancia \u00f6tv\u00f6zete! K\u00e9nyeztesse mag\u00e1t a legjobb s\u00fct\u00e9si \u00e9lm\u00e9nnyel. N\u00e9zze meg k\u00edn\u00e1latunkat!","og_url":"https:\/\/premiumkeszulek.hu\/hu\/termek\/miele-h-7840-bmx-grafitszurke-fogantyu-nelkuli-mikrohullamu-uzemmoddal-kombinalt-suto\/","og_site_name":"Pr\u00e9miumK\u00e9sz\u00fcl\u00e9k","article_publisher":"https:\/\/www.facebook.com\/konyhaluxnet","article_modified_time":"2026-04-01T17:51:34+00:00","og_image":[{"width":1000,"height":1000,"url":"https:\/\/i0.wp.com\/premiumkeszulek.hu\/wp-content\/uploads\/2025\/05\/h7840_bmx_gg_1.jpg?fit=1000%2C1000&ssl=1","type":"image\/jpeg"}],"twitter_card":"summary_large_image","twitter_misc":{"\u00c1r":"1.549.900&#70;&#116;","El\u00e9rhet\u0151s\u00e9g":"Beszerz\u00e9s alatt"},"schema":{"@context":"https:\/\/schema.org","@graph":[{"@type":"WebPage","@id":"https:\/\/premiumkeszulek.hu\/en\/product\/miele-h-7840-bmx-grafitszurke-fogantyu-nelkuli-mikrohullamu-uzemmoddal-kombinalt-suto\/","url":"https:\/\/premiumkeszulek.hu\/en\/product\/miele-h-7840-bmx-grafitszurke-fogantyu-nelkuli-mikrohullamu-uzemmoddal-kombinalt-suto\/","name":"Miele H 7840 BMX grafitsz\u00fcrke foganty\u00fa n\u00e9lk\u00fcli mikrohull\u00e1m\u00fa \u00fczemm\u00f3ddal kombin\u00e1lt s\u00fct\u0151 - Pr\u00e9miumK\u00e9sz\u00fcl\u00e9k","isPartOf":{"@id":"http:\/\/premiumkeszulek.hu\/hu\/#website"},"primaryImageOfPage":{"@id":"https:\/\/premiumkeszulek.hu\/en\/product\/miele-h-7840-bmx-grafitszurke-fogantyu-nelkuli-mikrohullamu-uzemmoddal-kombinalt-suto\/#primaryimage"},"image":{"@id":"https:\/\/premiumkeszulek.hu\/en\/product\/miele-h-7840-bmx-grafitszurke-fogantyu-nelkuli-mikrohullamu-uzemmoddal-kombinalt-suto\/#primaryimage"},"thumbnailUrl":"https:\/\/i0.wp.com\/premiumkeszulek.hu\/wp-content\/uploads\/2025\/05\/h7840_bmx_gg_1.jpg?fit=1000%2C1000&ssl=1","datePublished":"2025-02-06T12:39:12+00:00","dateModified":"2026-04-01T17:51:34+00:00","description":"A Miele H 7840 kombin\u00e1lt s\u00fct\u0151 a hat\u00e9konys\u00e1g \u00e9s elegancia \u00f6tv\u00f6zete! K\u00e9nyeztesse mag\u00e1t a legjobb s\u00fct\u00e9si \u00e9lm\u00e9nnyel. N\u00e9zze meg k\u00edn\u00e1latunkat!","breadcrumb":{"@id":"https:\/\/premiumkeszulek.hu\/en\/product\/miele-h-7840-bmx-grafitszurke-fogantyu-nelkuli-mikrohullamu-uzemmoddal-kombinalt-suto\/#breadcrumb"},"inLanguage":"hu","potentialAction":[{"@type":"ReadAction","target":["https:\/\/premiumkeszulek.hu\/en\/product\/miele-h-7840-bmx-grafitszurke-fogantyu-nelkuli-mikrohullamu-uzemmoddal-kombinalt-suto\/"]}]},{"@type":"ImageObject","inLanguage":"hu","@id":"https:\/\/premiumkeszulek.hu\/en\/product\/miele-h-7840-bmx-grafitszurke-fogantyu-nelkuli-mikrohullamu-uzemmoddal-kombinalt-suto\/#primaryimage","url":"https:\/\/i0.wp.com\/premiumkeszulek.hu\/wp-content\/uploads\/2025\/05\/h7840_bmx_gg_1.jpg?fit=1000%2C1000&ssl=1","contentUrl":"https:\/\/i0.wp.com\/premiumkeszulek.hu\/wp-content\/uploads\/2025\/05\/h7840_bmx_gg_1.jpg?fit=1000%2C1000&ssl=1","width":1000,"height":1000},{"@type":"BreadcrumbList","@id":"https:\/\/premiumkeszulek.hu\/en\/product\/miele-h-7840-bmx-grafitszurke-fogantyu-nelkuli-mikrohullamu-uzemmoddal-kombinalt-suto\/#breadcrumb","itemListElement":[{"@type":"ListItem","position":1,"name":"Home","item":"http:\/\/premiumkeszulek.hu\/hu\/"},{"@type":"ListItem","position":2,"name":"Shop","item":"http:\/\/premiumkeszulek.hu\/hu\/shop\/"},{"@type":"ListItem","position":3,"name":"Miele H 7840 BMX grafitsz\u00fcrke foganty\u00fa n\u00e9lk\u00fcli mikrohull\u00e1m\u00fa \u00fczemm\u00f3ddal kombin\u00e1lt s\u00fct\u0151"}]},{"@type":"WebSite","@id":"http:\/\/premiumkeszulek.hu\/hu\/#website","url":"http:\/\/premiumkeszulek.hu\/hu\/","name":"Pr\u00e9miumK\u00e9sz\u00fcl\u00e9k","description":"","publisher":{"@id":"http:\/\/premiumkeszulek.hu\/hu\/#organization"},"potentialAction":[{"@type":"SearchAction","target":{"@type":"EntryPoint","urlTemplate":"http:\/\/premiumkeszulek.hu\/hu\/?s={search_term_string}"},"query-input":{"@type":"PropertyValueSpecification","valueRequired":true,"valueName":"search_term_string"}}],"inLanguage":"hu"},{"@type":"Organization","@id":"http:\/\/premiumkeszulek.hu\/hu\/#organization","name":"Pr\u00e9miumK\u00e9sz\u00fcl\u00e9k","alternateName":"HPH Special Kft","url":"http:\/\/premiumkeszulek.hu\/hu\/","logo":{"@type":"ImageObject","inLanguage":"hu","@id":"http:\/\/premiumkeszulek.hu\/hu\/#\/schema\/logo\/image\/","url":"http:\/\/premiumkeszulek.hu\/wp-content\/uploads\/2025\/03\/TURKIZLOGO-kicsi.png","contentUrl":"http:\/\/premiumkeszulek.hu\/wp-content\/uploads\/2025\/03\/TURKIZLOGO-kicsi.png","width":1600,"height":547,"caption":"Pr\u00e9miumK\u00e9sz\u00fcl\u00e9k"},"image":{"@id":"http:\/\/premiumkeszulek.hu\/hu\/#\/schema\/logo\/image\/"},"sameAs":["https:\/\/www.facebook.com\/konyhaluxnet","https:\/\/www.instagram.com\/konyhaluxnet\/#"],"email":"info@premiumkeszulek.hu","telephone":"36 1 \/ 226-1992","legalName":"HPH Special Kft","vatID":"HU12549502","taxID":"12549502","hasMerchantReturnPolicy":{"@type":"MerchantReturnPolicy","merchantReturnLink":"https:\/\/premiumkeszulek.hu\/hu\/altalanos-szerzodesi-es-felhasznalasi-feltetelek\/"}}]},"product_brand":"Miele","product_price_amount":"1549900","product_price_currency":"HUF","og_availability":"backorder","product_availability":"available for order","product_retailer_item_id":"4002516132752","product_condition":"new"},"jetpack_publicize_connections":[],"jetpack_likes_enabled":true,"jetpack_sharing_enabled":true,"jetpack-related-posts":[],"_links":{"self":[{"href":"https:\/\/premiumkeszulek.hu\/hu\/wp-json\/wp\/v2\/product\/1200","targetHints":{"allow":["GET"]}}],"collection":[{"href":"https:\/\/premiumkeszulek.hu\/hu\/wp-json\/wp\/v2\/product"}],"about":[{"href":"https:\/\/premiumkeszulek.hu\/hu\/wp-json\/wp\/v2\/types\/product"}],"replies":[{"embeddable":true,"href":"https:\/\/premiumkeszulek.hu\/hu\/wp-json\/wp\/v2\/comments?post=1200"}],"wp:featuredmedia":[{"embeddable":true,"href":"https:\/\/premiumkeszulek.hu\/hu\/wp-json\/wp\/v2\/media\/15762"}],"wp:attachment":[{"href":"https:\/\/premiumkeszulek.hu\/hu\/wp-json\/wp\/v2\/media?parent=1200"}],"wp:term":[{"taxonomy":"product_brand","embeddable":true,"href":"https:\/\/premiumkeszulek.hu\/hu\/wp-json\/wp\/v2\/product_brand?post=1200"},{"taxonomy":"product_cat","embeddable":true,"href":"https:\/\/premiumkeszulek.hu\/hu\/wp-json\/wp\/v2\/product_cat?post=1200"},{"taxonomy":"product_tag","embeddable":true,"href":"https:\/\/premiumkeszulek.hu\/hu\/wp-json\/wp\/v2\/product_tag?post=1200"},{"taxonomy":"woo-feed-brand","embeddable":true,"href":"https:\/\/premiumkeszulek.hu\/hu\/wp-json\/wp\/v2\/woo-feed-brand?post=1200"}],"curies":[{"name":"wp","href":"https:\/\/api.w.org\/{rel}","templated":true}]}}