{"id":11345,"date":"2025-04-14T22:01:19","date_gmt":"2025-04-14T20:01:19","guid":{"rendered":"https:\/\/premiumkeszulek.hu\/termek\/smeg-espresso-retro-kavefozo-feher\/"},"modified":"2026-04-17T19:39:26","modified_gmt":"2026-04-17T17:39:26","slug":"smeg-espresso-retro-kavefozo-feher","status":"publish","type":"product","link":"https:\/\/premiumkeszulek.hu\/hu\/termek\/smeg-espresso-retro-kavefozo-feher\/","title":{"rendered":"SMEG ESPRESSO RETRO K\u00c1V\u00c9F\u0150Z\u0150 Feh\u00e9r"},"content":{"rendered":"<p><img data-recalc-dims=\"1\" decoding=\"async\" alt=\"\" src=\"https:\/\/i0.wp.com\/konyhaluxnet.hu\/custom\/konyhalux\/image\/cache\/w0h0q80np1\/images\/SMEG\/ECF02\/11.jpg?ssl=1\" style=\"width: 100%; height: 100%;\" \/>100%-ban Made in Italy a saj\u00e1t otthona k\u00e9nyelm\u00e9ben.<br \/>\nK\u00e9nyeztesse mag\u00e1t azzal a luxussal, hogy otthona k\u00e9nyelm\u00e9ben k\u00f3stoljon meg egy olyan k\u00e1v\u00e9t, amely olyan finom, mint a k\u00e1v\u00e9z\u00f3ban felszolg\u00e1lt. A ECF02 egy k\u00e9zi eszpressz\u00f3 k\u00e1v\u00e9f\u0151z\u0151, amely 15 bar nyom\u00e1s\u00e1val a legjobb eredm\u00e9nyt garant\u00e1lja, ha kiv\u00e1l\u00f3 eszpressz\u00f3 k\u00e1v\u00e9r\u00f3l van sz\u00f3. K\u00f6nnyen haszn\u00e1lhat\u00f3, \u00e9s g\u0151zkrj\u00e1nak \u00a0k\u00f6sz\u00f6nhet\u0151en zamatos, kr\u00e9mes tejhabot k\u00e9sz\u00edthet egy igazi olasz barista st\u00edlus\u00e1val \u00e9s gesztusaival kombin\u00e1lva.<\/p>\n","protected":false},"excerpt":{"rendered":"<p> \u00c1ll\u00edthat\u00f3 k\u00e1v\u00e9hossz.<br \/>\n\u00c1ll\u00edthat\u00f3 v\u00edzkem\u00e9nys\u00e9g: puha\/k\u00f6zepes\/kem\u00e9ny<br \/>\nV\u00edzk\u0151mentes\u00edt\u00e9si riaszt\u00f3.<br \/>\n\u00dcres v\u00edztart\u00e1ly riaszt\u00e1s.<br \/>\nForr\u00f3v\u00edz funkci\u00f3 (tea)<br \/>\nK\u00e9szenl\u00e9ti be\u00e1ll\u00edt\u00e1s: 10 perc\/30 perc\/1 \u00f3ra<br \/>\n\u00c1ll\u00edthat\u00f3 k\u00e1v\u00e9h\u0151m\u00e9rs\u00e9klet.<br \/>\nFilteres lehet\u0151s\u00e9g.<br \/>\n\u0150r\u00f6lt k\u00e1v\u00e9val haszn\u00e1lhat\u00f3.<\/p>\n","protected":false},"featured_media":11344,"comment_status":"closed","ping_status":"closed","template":"","meta":{"_crdt_document":"","content-type":"","jetpack_post_was_ever_published":false,"jetpack_publicize_message":"","jetpack_publicize_feature_enabled":true,"jetpack_social_post_already_shared":true,"jetpack_social_options":{"image_generator_settings":{"template":"highway","default_image_id":0,"font":"","enabled":false},"version":2},"_wpas_customize_per_network":false},"product_brand":[1634],"product_cat":[5035,5033,5032],"product_tag":[],"woo-feed-brand":[],"class_list":{"0":"post-11345","1":"product","2":"type-product","3":"status-publish","4":"has-post-thumbnail","6":"product_brand-smeg","7":"product_cat-kavefozok","8":"product_cat-kiskeszulek","9":"product_cat-tobb-kategoria","10":"product_shipping_class-100000felett","12":"first","13":"instock","14":"sale","15":"taxable","16":"shipping-taxable","17":"purchasable","18":"product-type-simple"},"yoast_head":"<!-- This site is optimized with the Yoast SEO Premium plugin v26.9 (Yoast SEO v27.4) - https:\/\/yoast.com\/product\/yoast-seo-premium-wordpress\/ -->\n<title>SMEG ESPRESSO RETRO K\u00c1V\u00c9F\u0150Z\u0150 Feh\u00e9r - Pr\u00e9miumK\u00e9sz\u00fcl\u00e9k<\/title>\n<meta name=\"description\" content=\"\u00c9lvezze az olasz luxust otthon a SMEG ESPRESSO RETRO K\u00c1V\u00c9F\u0150Z\u0150 seg\u00edts\u00e9g\u00e9vel! K\u00e9sz\u00edtsen kr\u00e9mes habot \u00e9s \u00edzletes k\u00e1v\u00e9t minden alkalommal!\" \/>\n<meta name=\"robots\" content=\"index, follow, max-snippet:-1, max-image-preview:large, max-video-preview:-1\" \/>\n<link rel=\"canonical\" href=\"http:\/\/premiumkeszulek.hu\/hu\/termek\/smeg-espresso-retro-kavefozo-feher\/\" \/>\n<meta property=\"og:locale\" content=\"hu_HU\" \/>\n<meta property=\"og:type\" content=\"article\" \/>\n<meta property=\"og:title\" content=\"SMEG ESPRESSO RETRO K\u00c1V\u00c9F\u0150Z\u0150 Feh\u00e9r\" \/>\n<meta property=\"og:description\" content=\"\u00c9lvezze az olasz luxust otthon a SMEG ESPRESSO RETRO K\u00c1V\u00c9F\u0150Z\u0150 seg\u00edts\u00e9g\u00e9vel! K\u00e9sz\u00edtsen kr\u00e9mes habot \u00e9s \u00edzletes k\u00e1v\u00e9t minden alkalommal!\" \/>\n<meta property=\"og:url\" content=\"http:\/\/premiumkeszulek.hu\/hu\/termek\/smeg-espresso-retro-kavefozo-feher\/\" \/>\n<meta property=\"og:site_name\" content=\"Pr\u00e9miumK\u00e9sz\u00fcl\u00e9k\" \/>\n<meta property=\"article:publisher\" content=\"https:\/\/www.facebook.com\/konyhaluxnet\" \/>\n<meta property=\"article:modified_time\" content=\"2026-04-17T17:39:26+00:00\" \/>\n<meta property=\"og:image\" content=\"https:\/\/i0.wp.com\/premiumkeszulek.hu\/wp-content\/uploads\/2025\/04\/1FEHER.jpg?fit=800%2C800\" \/>\n\t<meta property=\"og:image:width\" content=\"800\" \/>\n\t<meta property=\"og:image:height\" content=\"800\" \/>\n\t<meta property=\"og:image:type\" content=\"image\/jpeg\" \/>\n<meta name=\"twitter:card\" content=\"summary_large_image\" \/>\n<meta name=\"twitter:label1\" content=\"\u00c1r\" \/>\n\t<meta name=\"twitter:data1\" content=\"159.990&#070;&#116;\" \/>\n\t<meta name=\"twitter:label2\" content=\"El\u00e9rhet\u0151s\u00e9g\" \/>\n\t<meta name=\"twitter:data2\" content=\"K\u00e9szleten\" \/>\n<script type=\"application\/ld+json\" class=\"yoast-schema-graph\">{\"@context\":\"https:\\\/\\\/schema.org\",\"@graph\":[{\"@type\":\"WebPage\",\"@id\":\"http:\\\/\\\/premiumkeszulek.hu\\\/hu\\\/termek\\\/smeg-espresso-retro-kavefozo-feher\\\/\",\"url\":\"http:\\\/\\\/premiumkeszulek.hu\\\/hu\\\/termek\\\/smeg-espresso-retro-kavefozo-feher\\\/\",\"name\":\"SMEG ESPRESSO RETRO K\u00c1V\u00c9F\u0150Z\u0150 Feh\u00e9r - Pr\u00e9miumK\u00e9sz\u00fcl\u00e9k\",\"isPartOf\":{\"@id\":\"https:\\\/\\\/premiumkeszulek.hu\\\/hu\\\/#website\"},\"primaryImageOfPage\":{\"@id\":\"http:\\\/\\\/premiumkeszulek.hu\\\/hu\\\/termek\\\/smeg-espresso-retro-kavefozo-feher\\\/#primaryimage\"},\"image\":{\"@id\":\"http:\\\/\\\/premiumkeszulek.hu\\\/hu\\\/termek\\\/smeg-espresso-retro-kavefozo-feher\\\/#primaryimage\"},\"thumbnailUrl\":\"https:\\\/\\\/i0.wp.com\\\/premiumkeszulek.hu\\\/wp-content\\\/uploads\\\/2025\\\/04\\\/1FEHER.jpg?fit=800%2C800&ssl=1\",\"datePublished\":\"2025-04-14T20:01:19+00:00\",\"dateModified\":\"2026-04-17T17:39:26+00:00\",\"description\":\"\u00c9lvezze az olasz luxust otthon a SMEG ESPRESSO RETRO K\u00c1V\u00c9F\u0150Z\u0150 seg\u00edts\u00e9g\u00e9vel! K\u00e9sz\u00edtsen kr\u00e9mes habot \u00e9s \u00edzletes k\u00e1v\u00e9t minden alkalommal!\",\"breadcrumb\":{\"@id\":\"http:\\\/\\\/premiumkeszulek.hu\\\/hu\\\/termek\\\/smeg-espresso-retro-kavefozo-feher\\\/#breadcrumb\"},\"inLanguage\":\"hu\",\"potentialAction\":[{\"@type\":\"ReadAction\",\"target\":[\"http:\\\/\\\/premiumkeszulek.hu\\\/hu\\\/termek\\\/smeg-espresso-retro-kavefozo-feher\\\/\"]}]},{\"@type\":\"ImageObject\",\"inLanguage\":\"hu\",\"@id\":\"http:\\\/\\\/premiumkeszulek.hu\\\/hu\\\/termek\\\/smeg-espresso-retro-kavefozo-feher\\\/#primaryimage\",\"url\":\"https:\\\/\\\/i0.wp.com\\\/premiumkeszulek.hu\\\/wp-content\\\/uploads\\\/2025\\\/04\\\/1FEHER.jpg?fit=800%2C800&ssl=1\",\"contentUrl\":\"https:\\\/\\\/i0.wp.com\\\/premiumkeszulek.hu\\\/wp-content\\\/uploads\\\/2025\\\/04\\\/1FEHER.jpg?fit=800%2C800&ssl=1\",\"width\":800,\"height\":800},{\"@type\":\"BreadcrumbList\",\"@id\":\"http:\\\/\\\/premiumkeszulek.hu\\\/hu\\\/termek\\\/smeg-espresso-retro-kavefozo-feher\\\/#breadcrumb\",\"itemListElement\":[{\"@type\":\"ListItem\",\"position\":1,\"name\":\"Home\",\"item\":\"https:\\\/\\\/premiumkeszulek.hu\\\/hu\\\/\"},{\"@type\":\"ListItem\",\"position\":2,\"name\":\"Shop\",\"item\":\"https:\\\/\\\/premiumkeszulek.hu\\\/hu\\\/shop\\\/\"},{\"@type\":\"ListItem\",\"position\":3,\"name\":\"SMEG ESPRESSO RETRO K\u00c1V\u00c9F\u0150Z\u0150 Feh\u00e9r\"}]},{\"@type\":\"WebSite\",\"@id\":\"https:\\\/\\\/premiumkeszulek.hu\\\/hu\\\/#website\",\"url\":\"https:\\\/\\\/premiumkeszulek.hu\\\/hu\\\/\",\"name\":\"Pr\u00e9miumK\u00e9sz\u00fcl\u00e9k\",\"description\":\"\",\"publisher\":{\"@id\":\"https:\\\/\\\/premiumkeszulek.hu\\\/hu\\\/#organization\"},\"potentialAction\":[{\"@type\":\"SearchAction\",\"target\":{\"@type\":\"EntryPoint\",\"urlTemplate\":\"https:\\\/\\\/premiumkeszulek.hu\\\/hu\\\/?s={search_term_string}\"},\"query-input\":{\"@type\":\"PropertyValueSpecification\",\"valueRequired\":true,\"valueName\":\"search_term_string\"}}],\"inLanguage\":\"hu\"},{\"@type\":\"Organization\",\"@id\":\"https:\\\/\\\/premiumkeszulek.hu\\\/hu\\\/#organization\",\"name\":\"Pr\u00e9miumK\u00e9sz\u00fcl\u00e9k\",\"alternateName\":\"HPH Special Kft\",\"url\":\"https:\\\/\\\/premiumkeszulek.hu\\\/hu\\\/\",\"logo\":{\"@type\":\"ImageObject\",\"inLanguage\":\"hu\",\"@id\":\"https:\\\/\\\/premiumkeszulek.hu\\\/hu\\\/#\\\/schema\\\/logo\\\/image\\\/\",\"url\":\"http:\\\/\\\/premiumkeszulek.hu\\\/wp-content\\\/uploads\\\/2025\\\/03\\\/TURKIZLOGO-kicsi.png\",\"contentUrl\":\"http:\\\/\\\/premiumkeszulek.hu\\\/wp-content\\\/uploads\\\/2025\\\/03\\\/TURKIZLOGO-kicsi.png\",\"width\":1600,\"height\":547,\"caption\":\"Pr\u00e9miumK\u00e9sz\u00fcl\u00e9k\"},\"image\":{\"@id\":\"https:\\\/\\\/premiumkeszulek.hu\\\/hu\\\/#\\\/schema\\\/logo\\\/image\\\/\"},\"sameAs\":[\"https:\\\/\\\/www.facebook.com\\\/konyhaluxnet\",\"https:\\\/\\\/www.instagram.com\\\/konyhaluxnet\\\/#\"],\"email\":\"info@premiumkeszulek.hu\",\"telephone\":\"36 1 \\\/ 226-1992\",\"legalName\":\"HPH Special Kft\",\"vatID\":\"HU12549502\",\"taxID\":\"12549502\",\"hasMerchantReturnPolicy\":{\"@type\":\"MerchantReturnPolicy\",\"merchantReturnLink\":\"https:\\\/\\\/premiumkeszulek.hu\\\/hu\\\/altalanos-szerzodesi-es-felhasznalasi-feltetelek\\\/\"}}]}<\/script>\n<meta property=\"product:brand\" content=\"Smeg\" \/>\n<meta property=\"product:price:amount\" content=\"159990\" \/>\n<meta property=\"product:price:currency\" content=\"HUF\" \/>\n<meta property=\"og:availability\" content=\"instock\" \/>\n<meta property=\"product:availability\" content=\"instock\" \/>\n<meta property=\"product:retailer_item_id\" content=\"ECF02WHEU\" \/>\n<meta property=\"product:condition\" content=\"new\" \/>\n<!-- \/ Yoast SEO Premium plugin. -->","yoast_head_json":{"title":"SMEG ESPRESSO RETRO K\u00c1V\u00c9F\u0150Z\u0150 Feh\u00e9r - Pr\u00e9miumK\u00e9sz\u00fcl\u00e9k","description":"\u00c9lvezze az olasz luxust otthon a SMEG ESPRESSO RETRO K\u00c1V\u00c9F\u0150Z\u0150 seg\u00edts\u00e9g\u00e9vel! K\u00e9sz\u00edtsen kr\u00e9mes habot \u00e9s \u00edzletes k\u00e1v\u00e9t minden alkalommal!","robots":{"index":"index","follow":"follow","max-snippet":"max-snippet:-1","max-image-preview":"max-image-preview:large","max-video-preview":"max-video-preview:-1"},"canonical":"http:\/\/premiumkeszulek.hu\/hu\/termek\/smeg-espresso-retro-kavefozo-feher\/","og_locale":"hu_HU","og_type":"article","og_title":"SMEG ESPRESSO RETRO K\u00c1V\u00c9F\u0150Z\u0150 Feh\u00e9r","og_description":"\u00c9lvezze az olasz luxust otthon a SMEG ESPRESSO RETRO K\u00c1V\u00c9F\u0150Z\u0150 seg\u00edts\u00e9g\u00e9vel! K\u00e9sz\u00edtsen kr\u00e9mes habot \u00e9s \u00edzletes k\u00e1v\u00e9t minden alkalommal!","og_url":"http:\/\/premiumkeszulek.hu\/hu\/termek\/smeg-espresso-retro-kavefozo-feher\/","og_site_name":"Pr\u00e9miumK\u00e9sz\u00fcl\u00e9k","article_publisher":"https:\/\/www.facebook.com\/konyhaluxnet","article_modified_time":"2026-04-17T17:39:26+00:00","og_image":[{"width":800,"height":800,"url":"https:\/\/i0.wp.com\/premiumkeszulek.hu\/wp-content\/uploads\/2025\/04\/1FEHER.jpg?fit=800%2C800","type":"image\/jpeg"}],"twitter_card":"summary_large_image","twitter_misc":{"\u00c1r":"159.990&#70;&#116;","El\u00e9rhet\u0151s\u00e9g":"K\u00e9szleten"},"schema":{"@context":"https:\/\/schema.org","@graph":[{"@type":"WebPage","@id":"http:\/\/premiumkeszulek.hu\/hu\/termek\/smeg-espresso-retro-kavefozo-feher\/","url":"http:\/\/premiumkeszulek.hu\/hu\/termek\/smeg-espresso-retro-kavefozo-feher\/","name":"SMEG ESPRESSO RETRO K\u00c1V\u00c9F\u0150Z\u0150 Feh\u00e9r - Pr\u00e9miumK\u00e9sz\u00fcl\u00e9k","isPartOf":{"@id":"https:\/\/premiumkeszulek.hu\/hu\/#website"},"primaryImageOfPage":{"@id":"http:\/\/premiumkeszulek.hu\/hu\/termek\/smeg-espresso-retro-kavefozo-feher\/#primaryimage"},"image":{"@id":"http:\/\/premiumkeszulek.hu\/hu\/termek\/smeg-espresso-retro-kavefozo-feher\/#primaryimage"},"thumbnailUrl":"https:\/\/i0.wp.com\/premiumkeszulek.hu\/wp-content\/uploads\/2025\/04\/1FEHER.jpg?fit=800%2C800&ssl=1","datePublished":"2025-04-14T20:01:19+00:00","dateModified":"2026-04-17T17:39:26+00:00","description":"\u00c9lvezze az olasz luxust otthon a SMEG ESPRESSO RETRO K\u00c1V\u00c9F\u0150Z\u0150 seg\u00edts\u00e9g\u00e9vel! K\u00e9sz\u00edtsen kr\u00e9mes habot \u00e9s \u00edzletes k\u00e1v\u00e9t minden alkalommal!","breadcrumb":{"@id":"http:\/\/premiumkeszulek.hu\/hu\/termek\/smeg-espresso-retro-kavefozo-feher\/#breadcrumb"},"inLanguage":"hu","potentialAction":[{"@type":"ReadAction","target":["http:\/\/premiumkeszulek.hu\/hu\/termek\/smeg-espresso-retro-kavefozo-feher\/"]}]},{"@type":"ImageObject","inLanguage":"hu","@id":"http:\/\/premiumkeszulek.hu\/hu\/termek\/smeg-espresso-retro-kavefozo-feher\/#primaryimage","url":"https:\/\/i0.wp.com\/premiumkeszulek.hu\/wp-content\/uploads\/2025\/04\/1FEHER.jpg?fit=800%2C800&ssl=1","contentUrl":"https:\/\/i0.wp.com\/premiumkeszulek.hu\/wp-content\/uploads\/2025\/04\/1FEHER.jpg?fit=800%2C800&ssl=1","width":800,"height":800},{"@type":"BreadcrumbList","@id":"http:\/\/premiumkeszulek.hu\/hu\/termek\/smeg-espresso-retro-kavefozo-feher\/#breadcrumb","itemListElement":[{"@type":"ListItem","position":1,"name":"Home","item":"https:\/\/premiumkeszulek.hu\/hu\/"},{"@type":"ListItem","position":2,"name":"Shop","item":"https:\/\/premiumkeszulek.hu\/hu\/shop\/"},{"@type":"ListItem","position":3,"name":"SMEG ESPRESSO RETRO K\u00c1V\u00c9F\u0150Z\u0150 Feh\u00e9r"}]},{"@type":"WebSite","@id":"https:\/\/premiumkeszulek.hu\/hu\/#website","url":"https:\/\/premiumkeszulek.hu\/hu\/","name":"Pr\u00e9miumK\u00e9sz\u00fcl\u00e9k","description":"","publisher":{"@id":"https:\/\/premiumkeszulek.hu\/hu\/#organization"},"potentialAction":[{"@type":"SearchAction","target":{"@type":"EntryPoint","urlTemplate":"https:\/\/premiumkeszulek.hu\/hu\/?s={search_term_string}"},"query-input":{"@type":"PropertyValueSpecification","valueRequired":true,"valueName":"search_term_string"}}],"inLanguage":"hu"},{"@type":"Organization","@id":"https:\/\/premiumkeszulek.hu\/hu\/#organization","name":"Pr\u00e9miumK\u00e9sz\u00fcl\u00e9k","alternateName":"HPH Special Kft","url":"https:\/\/premiumkeszulek.hu\/hu\/","logo":{"@type":"ImageObject","inLanguage":"hu","@id":"https:\/\/premiumkeszulek.hu\/hu\/#\/schema\/logo\/image\/","url":"http:\/\/premiumkeszulek.hu\/wp-content\/uploads\/2025\/03\/TURKIZLOGO-kicsi.png","contentUrl":"http:\/\/premiumkeszulek.hu\/wp-content\/uploads\/2025\/03\/TURKIZLOGO-kicsi.png","width":1600,"height":547,"caption":"Pr\u00e9miumK\u00e9sz\u00fcl\u00e9k"},"image":{"@id":"https:\/\/premiumkeszulek.hu\/hu\/#\/schema\/logo\/image\/"},"sameAs":["https:\/\/www.facebook.com\/konyhaluxnet","https:\/\/www.instagram.com\/konyhaluxnet\/#"],"email":"info@premiumkeszulek.hu","telephone":"36 1 \/ 226-1992","legalName":"HPH Special Kft","vatID":"HU12549502","taxID":"12549502","hasMerchantReturnPolicy":{"@type":"MerchantReturnPolicy","merchantReturnLink":"https:\/\/premiumkeszulek.hu\/hu\/altalanos-szerzodesi-es-felhasznalasi-feltetelek\/"}}]},"product_brand":"Smeg","product_price_amount":"159990","product_price_currency":"HUF","og_availability":"instock","product_availability":"instock","product_retailer_item_id":"ECF02WHEU","product_condition":"new"},"jetpack_publicize_connections":[],"jetpack_likes_enabled":true,"jetpack_sharing_enabled":true,"jetpack-related-posts":[],"_links":{"self":[{"href":"https:\/\/premiumkeszulek.hu\/hu\/wp-json\/wp\/v2\/product\/11345","targetHints":{"allow":["GET"]}}],"collection":[{"href":"https:\/\/premiumkeszulek.hu\/hu\/wp-json\/wp\/v2\/product"}],"about":[{"href":"https:\/\/premiumkeszulek.hu\/hu\/wp-json\/wp\/v2\/types\/product"}],"replies":[{"embeddable":true,"href":"https:\/\/premiumkeszulek.hu\/hu\/wp-json\/wp\/v2\/comments?post=11345"}],"wp:featuredmedia":[{"embeddable":true,"href":"https:\/\/premiumkeszulek.hu\/hu\/wp-json\/wp\/v2\/media\/11344"}],"wp:attachment":[{"href":"https:\/\/premiumkeszulek.hu\/hu\/wp-json\/wp\/v2\/media?parent=11345"}],"wp:term":[{"taxonomy":"product_brand","embeddable":true,"href":"https:\/\/premiumkeszulek.hu\/hu\/wp-json\/wp\/v2\/product_brand?post=11345"},{"taxonomy":"product_cat","embeddable":true,"href":"https:\/\/premiumkeszulek.hu\/hu\/wp-json\/wp\/v2\/product_cat?post=11345"},{"taxonomy":"product_tag","embeddable":true,"href":"https:\/\/premiumkeszulek.hu\/hu\/wp-json\/wp\/v2\/product_tag?post=11345"},{"taxonomy":"woo-feed-brand","embeddable":true,"href":"https:\/\/premiumkeszulek.hu\/hu\/wp-json\/wp\/v2\/woo-feed-brand?post=11345"}],"curies":[{"name":"wp","href":"https:\/\/api.w.org\/{rel}","templated":true}]}}