{"id":10817,"date":"2025-04-08T18:14:58","date_gmt":"2025-04-08T16:14:58","guid":{"rendered":"https:\/\/premiumkeszulek.hu\/termek\/dyson-cinetic-big-ball-multi-floor-2-porszivo\/"},"modified":"2026-04-02T18:37:50","modified_gmt":"2026-04-02T16:37:50","slug":"dyson-cinetic-big-ball-multi-floor-2-porszivo","status":"publish","type":"product","link":"https:\/\/premiumkeszulek.hu\/hu\/termek\/dyson-cinetic-big-ball-multi-floor-2-porszivo\/","title":{"rendered":"DYSON Cinetic Big Ball Multi Floor 2 Porsz\u00edv\u00f3"},"content":{"rendered":"<div id=\"flix-minisite\"><strong><\/strong>\n<\/div>\n<div id=\"flix-inpage\" style=\"text-align: center;\">\u00a0\n<\/div>\n<p><script type=\"text\/javascript\" src=\"\/\/media.flixfacts.com\/js\/loader.js\" data-flix-distributor=\"17974\" data-flix-language=\"hu\" data-flix-brand=\"DYSON\" data-flix-mpn=\"230278-01\" data-flix-ean=\"5025155027523\" data-flix-sku=\"\" data-flix-button=\"flix-minisite\" data-flix-inpage=\"flix-inpage\" data-flix-button-image=\"\" data-flix-price=\"\" data-flix-fallback-language=\"\" async><\/script><\/p>","protected":false},"excerpt":{"rendered":"<p><img decoding=\"async\" alt=\"\" src=\"https:\/\/konyhaluxnet.hu\/custom\/konyhalux\/image\/cache\/w100h39q80np1\/Log%C3%B3k\/dyson.jpg\" style=\"width: 100px; height: 39px;\" \/> Dyson Cinetic\u2122 technol\u00f3gia<br \/>\n\tDyson Pneumatikus tiszt\u00edt\u00f3fej<br \/>\n\tAz egyetlen porsz\u00edv\u00f3, amely ha felborulna mag\u00e1t\u00f3l helyrebillen<br \/>\n\tHigi\u00e9nikus portart\u00e1ly\u00fcr\u00edt\u00e9s<br \/>\n\tCsukl\u00f3s foganty\u00fa, k\u00f6nny\u0171 \u00e9s sokoldal\u00fa tiszt\u00edt\u00e1s\u00e9rt<br \/>\n\tA hosszabb teleszk\u00f3pcs\u0151 seg\u00edts\u00e9g\u00e9vel el\u00e9rhet\u0151k a nehezen el\u00e9rhet\u0151 helyek is<br \/>\n\tSz\u00e9nsz\u00e1las turbinafej<br \/>\n\t25%-kal alacsonyabb zajszint<br \/>\n\tTartoz\u00e9kok: kombi sz\u00edv\u00f3ka, l\u00e9pcs\u0151tiszt\u00edt\u00f3-fej<\/p>","protected":false},"featured_media":10816,"comment_status":"closed","ping_status":"closed","template":"","meta":{"_crdt_document":"","content-type":"","jetpack_post_was_ever_published":false,"jetpack_publicize_message":"","jetpack_publicize_feature_enabled":true,"jetpack_social_post_already_shared":true,"jetpack_social_options":{"image_generator_settings":{"template":"highway","default_image_id":0,"font":"","enabled":false},"version":2},"_wpas_customize_per_network":false},"product_brand":[1374],"product_cat":[1380,1381],"product_tag":[],"woo-feed-brand":[],"class_list":{"0":"post-10817","1":"product","2":"type-product","3":"status-publish","4":"has-post-thumbnail","6":"product_brand-dyson","7":"product_cat-porszivo","8":"product_cat-porzsakporszivo","9":"product_shipping_class-100000felett","11":"first","12":"instock","13":"sale","14":"taxable","15":"shipping-taxable","16":"purchasable","17":"product-type-simple"},"yoast_head":"<!-- This site is optimized with the Yoast SEO Premium plugin v26.9 (Yoast SEO v26.9) - https:\/\/yoast.com\/product\/yoast-seo-premium-wordpress\/ -->\n<title>DYSON Cinetic Big Ball Multi Floor 2 Porsz\u00edv\u00f3 - Pr\u00e9miumK\u00e9sz\u00fcl\u00e9k<\/title>\n<meta name=\"description\" content=\"Tapasztalja meg a val\u00f3di tisztas\u00e1got a DYSON Cinetic Big Ball Multi Floor 2 Porsz\u00edv\u00f3val, amely a nehezen el\u00e9rhet\u0151 helyeket is el\u00e9ri! Tekintse meg!\" \/>\n<meta name=\"robots\" content=\"index, follow, max-snippet:-1, max-image-preview:large, max-video-preview:-1\" \/>\n<link rel=\"canonical\" href=\"https:\/\/premiumkeszulek.hu\/hu\/termek\/dyson-cinetic-big-ball-multi-floor-2-porszivo\/\" \/>\n<meta property=\"og:locale\" content=\"hu_HU\" \/>\n<meta property=\"og:type\" content=\"article\" \/>\n<meta property=\"og:title\" content=\"DYSON Cinetic Big Ball Multi Floor 2 Porsz\u00edv\u00f3\" \/>\n<meta property=\"og:description\" content=\"Tapasztalja meg a val\u00f3di tisztas\u00e1got a DYSON Cinetic Big Ball Multi Floor 2 Porsz\u00edv\u00f3val, amely a nehezen el\u00e9rhet\u0151 helyeket is el\u00e9ri! Tekintse meg!\" \/>\n<meta property=\"og:url\" content=\"https:\/\/premiumkeszulek.hu\/hu\/termek\/dyson-cinetic-big-ball-multi-floor-2-porszivo\/\" \/>\n<meta property=\"og:site_name\" content=\"Pr\u00e9miumK\u00e9sz\u00fcl\u00e9k\" \/>\n<meta property=\"article:publisher\" content=\"https:\/\/www.facebook.com\/konyhaluxnet\" \/>\n<meta property=\"article:modified_time\" content=\"2026-04-02T16:37:50+00:00\" \/>\n<meta property=\"og:image\" content=\"https:\/\/i0.wp.com\/premiumkeszulek.hu\/wp-content\/uploads\/2025\/04\/DYSON_Cinetic_Big_Ball_Multi_Floor_220FILEminimizer20FILEminimizer.jpg?fit=800%2C800&ssl=1\" \/>\n\t<meta property=\"og:image:width\" content=\"800\" \/>\n\t<meta property=\"og:image:height\" content=\"800\" \/>\n\t<meta property=\"og:image:type\" content=\"image\/jpeg\" \/>\n<meta name=\"twitter:card\" content=\"summary_large_image\" \/>\n<meta name=\"twitter:label1\" content=\"\u00c1r\" \/>\n\t<meta name=\"twitter:data1\" content=\"142.404&#070;&#116;\" \/>\n\t<meta name=\"twitter:label2\" content=\"El\u00e9rhet\u0151s\u00e9g\" \/>\n\t<meta name=\"twitter:data2\" content=\"K\u00e9szleten\" \/>\n<script type=\"application\/ld+json\" class=\"yoast-schema-graph\">{\"@context\":\"https:\/\/schema.org\",\"@graph\":[{\"@type\":\"WebPage\",\"@id\":\"https:\/\/premiumkeszulek.hu\/en\/product\/dyson-cinetic-big-ball-multi-floor-2-porszivo\/\",\"url\":\"https:\/\/premiumkeszulek.hu\/en\/product\/dyson-cinetic-big-ball-multi-floor-2-porszivo\/\",\"name\":\"DYSON Cinetic Big Ball Multi Floor 2 Porsz\u00edv\u00f3 - Pr\u00e9miumK\u00e9sz\u00fcl\u00e9k\",\"isPartOf\":{\"@id\":\"http:\/\/premiumkeszulek.hu\/hu\/#website\"},\"primaryImageOfPage\":{\"@id\":\"https:\/\/premiumkeszulek.hu\/en\/product\/dyson-cinetic-big-ball-multi-floor-2-porszivo\/#primaryimage\"},\"image\":{\"@id\":\"https:\/\/premiumkeszulek.hu\/en\/product\/dyson-cinetic-big-ball-multi-floor-2-porszivo\/#primaryimage\"},\"thumbnailUrl\":\"https:\/\/i0.wp.com\/premiumkeszulek.hu\/wp-content\/uploads\/2025\/04\/DYSON_Cinetic_Big_Ball_Multi_Floor_220FILEminimizer20FILEminimizer.jpg?fit=800%2C800&ssl=1\",\"datePublished\":\"2025-04-08T16:14:58+00:00\",\"dateModified\":\"2026-04-02T16:37:50+00:00\",\"description\":\"Tapasztalja meg a val\u00f3di tisztas\u00e1got a DYSON Cinetic Big Ball Multi Floor 2 Porsz\u00edv\u00f3val, amely a nehezen el\u00e9rhet\u0151 helyeket is el\u00e9ri! Tekintse meg!\",\"breadcrumb\":{\"@id\":\"https:\/\/premiumkeszulek.hu\/en\/product\/dyson-cinetic-big-ball-multi-floor-2-porszivo\/#breadcrumb\"},\"inLanguage\":\"hu\",\"potentialAction\":[{\"@type\":\"ReadAction\",\"target\":[\"https:\/\/premiumkeszulek.hu\/en\/product\/dyson-cinetic-big-ball-multi-floor-2-porszivo\/\"]}]},{\"@type\":\"ImageObject\",\"inLanguage\":\"hu\",\"@id\":\"https:\/\/premiumkeszulek.hu\/en\/product\/dyson-cinetic-big-ball-multi-floor-2-porszivo\/#primaryimage\",\"url\":\"https:\/\/i0.wp.com\/premiumkeszulek.hu\/wp-content\/uploads\/2025\/04\/DYSON_Cinetic_Big_Ball_Multi_Floor_220FILEminimizer20FILEminimizer.jpg?fit=800%2C800&ssl=1\",\"contentUrl\":\"https:\/\/i0.wp.com\/premiumkeszulek.hu\/wp-content\/uploads\/2025\/04\/DYSON_Cinetic_Big_Ball_Multi_Floor_220FILEminimizer20FILEminimizer.jpg?fit=800%2C800&ssl=1\",\"width\":800,\"height\":800},{\"@type\":\"BreadcrumbList\",\"@id\":\"https:\/\/premiumkeszulek.hu\/en\/product\/dyson-cinetic-big-ball-multi-floor-2-porszivo\/#breadcrumb\",\"itemListElement\":[{\"@type\":\"ListItem\",\"position\":1,\"name\":\"Home\",\"item\":\"https:\/\/premiumkeszulek.hu\/hu\/\"},{\"@type\":\"ListItem\",\"position\":2,\"name\":\"Shop\",\"item\":\"https:\/\/premiumkeszulek.hu\/hu\/shop\/\"},{\"@type\":\"ListItem\",\"position\":3,\"name\":\"DYSON Cinetic Big Ball Multi Floor 2 Porsz\u00edv\u00f3\"}]},{\"@type\":\"WebSite\",\"@id\":\"http:\/\/premiumkeszulek.hu\/hu\/#website\",\"url\":\"http:\/\/premiumkeszulek.hu\/hu\/\",\"name\":\"Pr\u00e9miumK\u00e9sz\u00fcl\u00e9k\",\"description\":\"\",\"publisher\":{\"@id\":\"http:\/\/premiumkeszulek.hu\/hu\/#organization\"},\"potentialAction\":[{\"@type\":\"SearchAction\",\"target\":{\"@type\":\"EntryPoint\",\"urlTemplate\":\"http:\/\/premiumkeszulek.hu\/hu\/?s={search_term_string}\"},\"query-input\":{\"@type\":\"PropertyValueSpecification\",\"valueRequired\":true,\"valueName\":\"search_term_string\"}}],\"inLanguage\":\"hu\"},{\"@type\":\"Organization\",\"@id\":\"http:\/\/premiumkeszulek.hu\/hu\/#organization\",\"name\":\"Pr\u00e9miumK\u00e9sz\u00fcl\u00e9k\",\"alternateName\":\"HPH Special Kft\",\"url\":\"http:\/\/premiumkeszulek.hu\/hu\/\",\"logo\":{\"@type\":\"ImageObject\",\"inLanguage\":\"hu\",\"@id\":\"http:\/\/premiumkeszulek.hu\/hu\/#\/schema\/logo\/image\/\",\"url\":\"http:\/\/premiumkeszulek.hu\/wp-content\/uploads\/2025\/03\/TURKIZLOGO-kicsi.png\",\"contentUrl\":\"http:\/\/premiumkeszulek.hu\/wp-content\/uploads\/2025\/03\/TURKIZLOGO-kicsi.png\",\"width\":1600,\"height\":547,\"caption\":\"Pr\u00e9miumK\u00e9sz\u00fcl\u00e9k\"},\"image\":{\"@id\":\"http:\/\/premiumkeszulek.hu\/hu\/#\/schema\/logo\/image\/\"},\"sameAs\":[\"https:\/\/www.facebook.com\/konyhaluxnet\",\"https:\/\/www.instagram.com\/konyhaluxnet\/#\"],\"email\":\"info@premiumkeszulek.hu\",\"telephone\":\"36 1 \/ 226-1992\",\"legalName\":\"HPH Special Kft\",\"vatID\":\"HU12549502\",\"taxID\":\"12549502\",\"hasMerchantReturnPolicy\":{\"@type\":\"MerchantReturnPolicy\",\"merchantReturnLink\":\"https:\/\/premiumkeszulek.hu\/hu\/altalanos-szerzodesi-es-felhasznalasi-feltetelek\/\"}}]}<\/script>\n<meta property=\"product:brand\" content=\"Dyson\" \/>\n<meta property=\"product:price:amount\" content=\"142404\" \/>\n<meta property=\"product:price:currency\" content=\"HUF\" \/>\n<meta property=\"og:availability\" content=\"instock\" \/>\n<meta property=\"product:availability\" content=\"instock\" \/>\n<meta property=\"product:retailer_item_id\" content=\"5025155027523\" \/>\n<meta property=\"product:condition\" content=\"new\" \/>\n<!-- \/ Yoast SEO Premium plugin. -->","yoast_head_json":{"title":"DYSON Cinetic Big Ball Multi Floor 2 Porsz\u00edv\u00f3 - Pr\u00e9miumK\u00e9sz\u00fcl\u00e9k","description":"Tapasztalja meg a val\u00f3di tisztas\u00e1got a DYSON Cinetic Big Ball Multi Floor 2 Porsz\u00edv\u00f3val, amely a nehezen el\u00e9rhet\u0151 helyeket is el\u00e9ri! Tekintse meg!","robots":{"index":"index","follow":"follow","max-snippet":"max-snippet:-1","max-image-preview":"max-image-preview:large","max-video-preview":"max-video-preview:-1"},"canonical":"https:\/\/premiumkeszulek.hu\/hu\/termek\/dyson-cinetic-big-ball-multi-floor-2-porszivo\/","og_locale":"hu_HU","og_type":"article","og_title":"DYSON Cinetic Big Ball Multi Floor 2 Porsz\u00edv\u00f3","og_description":"Tapasztalja meg a val\u00f3di tisztas\u00e1got a DYSON Cinetic Big Ball Multi Floor 2 Porsz\u00edv\u00f3val, amely a nehezen el\u00e9rhet\u0151 helyeket is el\u00e9ri! Tekintse meg!","og_url":"https:\/\/premiumkeszulek.hu\/hu\/termek\/dyson-cinetic-big-ball-multi-floor-2-porszivo\/","og_site_name":"Pr\u00e9miumK\u00e9sz\u00fcl\u00e9k","article_publisher":"https:\/\/www.facebook.com\/konyhaluxnet","article_modified_time":"2026-04-02T16:37:50+00:00","og_image":[{"width":800,"height":800,"url":"https:\/\/i0.wp.com\/premiumkeszulek.hu\/wp-content\/uploads\/2025\/04\/DYSON_Cinetic_Big_Ball_Multi_Floor_220FILEminimizer20FILEminimizer.jpg?fit=800%2C800&ssl=1","type":"image\/jpeg"}],"twitter_card":"summary_large_image","twitter_misc":{"\u00c1r":"142.404&#70;&#116;","El\u00e9rhet\u0151s\u00e9g":"K\u00e9szleten"},"schema":{"@context":"https:\/\/schema.org","@graph":[{"@type":"WebPage","@id":"https:\/\/premiumkeszulek.hu\/en\/product\/dyson-cinetic-big-ball-multi-floor-2-porszivo\/","url":"https:\/\/premiumkeszulek.hu\/en\/product\/dyson-cinetic-big-ball-multi-floor-2-porszivo\/","name":"DYSON Cinetic Big Ball Multi Floor 2 Porsz\u00edv\u00f3 - Pr\u00e9miumK\u00e9sz\u00fcl\u00e9k","isPartOf":{"@id":"http:\/\/premiumkeszulek.hu\/hu\/#website"},"primaryImageOfPage":{"@id":"https:\/\/premiumkeszulek.hu\/en\/product\/dyson-cinetic-big-ball-multi-floor-2-porszivo\/#primaryimage"},"image":{"@id":"https:\/\/premiumkeszulek.hu\/en\/product\/dyson-cinetic-big-ball-multi-floor-2-porszivo\/#primaryimage"},"thumbnailUrl":"https:\/\/i0.wp.com\/premiumkeszulek.hu\/wp-content\/uploads\/2025\/04\/DYSON_Cinetic_Big_Ball_Multi_Floor_220FILEminimizer20FILEminimizer.jpg?fit=800%2C800&ssl=1","datePublished":"2025-04-08T16:14:58+00:00","dateModified":"2026-04-02T16:37:50+00:00","description":"Tapasztalja meg a val\u00f3di tisztas\u00e1got a DYSON Cinetic Big Ball Multi Floor 2 Porsz\u00edv\u00f3val, amely a nehezen el\u00e9rhet\u0151 helyeket is el\u00e9ri! Tekintse meg!","breadcrumb":{"@id":"https:\/\/premiumkeszulek.hu\/en\/product\/dyson-cinetic-big-ball-multi-floor-2-porszivo\/#breadcrumb"},"inLanguage":"hu","potentialAction":[{"@type":"ReadAction","target":["https:\/\/premiumkeszulek.hu\/en\/product\/dyson-cinetic-big-ball-multi-floor-2-porszivo\/"]}]},{"@type":"ImageObject","inLanguage":"hu","@id":"https:\/\/premiumkeszulek.hu\/en\/product\/dyson-cinetic-big-ball-multi-floor-2-porszivo\/#primaryimage","url":"https:\/\/i0.wp.com\/premiumkeszulek.hu\/wp-content\/uploads\/2025\/04\/DYSON_Cinetic_Big_Ball_Multi_Floor_220FILEminimizer20FILEminimizer.jpg?fit=800%2C800&ssl=1","contentUrl":"https:\/\/i0.wp.com\/premiumkeszulek.hu\/wp-content\/uploads\/2025\/04\/DYSON_Cinetic_Big_Ball_Multi_Floor_220FILEminimizer20FILEminimizer.jpg?fit=800%2C800&ssl=1","width":800,"height":800},{"@type":"BreadcrumbList","@id":"https:\/\/premiumkeszulek.hu\/en\/product\/dyson-cinetic-big-ball-multi-floor-2-porszivo\/#breadcrumb","itemListElement":[{"@type":"ListItem","position":1,"name":"Home","item":"https:\/\/premiumkeszulek.hu\/hu\/"},{"@type":"ListItem","position":2,"name":"Shop","item":"https:\/\/premiumkeszulek.hu\/hu\/shop\/"},{"@type":"ListItem","position":3,"name":"DYSON Cinetic Big Ball Multi Floor 2 Porsz\u00edv\u00f3"}]},{"@type":"WebSite","@id":"http:\/\/premiumkeszulek.hu\/hu\/#website","url":"http:\/\/premiumkeszulek.hu\/hu\/","name":"Pr\u00e9miumK\u00e9sz\u00fcl\u00e9k","description":"","publisher":{"@id":"http:\/\/premiumkeszulek.hu\/hu\/#organization"},"potentialAction":[{"@type":"SearchAction","target":{"@type":"EntryPoint","urlTemplate":"http:\/\/premiumkeszulek.hu\/hu\/?s={search_term_string}"},"query-input":{"@type":"PropertyValueSpecification","valueRequired":true,"valueName":"search_term_string"}}],"inLanguage":"hu"},{"@type":"Organization","@id":"http:\/\/premiumkeszulek.hu\/hu\/#organization","name":"Pr\u00e9miumK\u00e9sz\u00fcl\u00e9k","alternateName":"HPH Special Kft","url":"http:\/\/premiumkeszulek.hu\/hu\/","logo":{"@type":"ImageObject","inLanguage":"hu","@id":"http:\/\/premiumkeszulek.hu\/hu\/#\/schema\/logo\/image\/","url":"http:\/\/premiumkeszulek.hu\/wp-content\/uploads\/2025\/03\/TURKIZLOGO-kicsi.png","contentUrl":"http:\/\/premiumkeszulek.hu\/wp-content\/uploads\/2025\/03\/TURKIZLOGO-kicsi.png","width":1600,"height":547,"caption":"Pr\u00e9miumK\u00e9sz\u00fcl\u00e9k"},"image":{"@id":"http:\/\/premiumkeszulek.hu\/hu\/#\/schema\/logo\/image\/"},"sameAs":["https:\/\/www.facebook.com\/konyhaluxnet","https:\/\/www.instagram.com\/konyhaluxnet\/#"],"email":"info@premiumkeszulek.hu","telephone":"36 1 \/ 226-1992","legalName":"HPH Special Kft","vatID":"HU12549502","taxID":"12549502","hasMerchantReturnPolicy":{"@type":"MerchantReturnPolicy","merchantReturnLink":"https:\/\/premiumkeszulek.hu\/hu\/altalanos-szerzodesi-es-felhasznalasi-feltetelek\/"}}]},"product_brand":"Dyson","product_price_amount":"142404","product_price_currency":"HUF","og_availability":"instock","product_availability":"instock","product_retailer_item_id":"5025155027523","product_condition":"new"},"jetpack_publicize_connections":[],"jetpack_likes_enabled":true,"jetpack_sharing_enabled":true,"jetpack-related-posts":[],"_links":{"self":[{"href":"https:\/\/premiumkeszulek.hu\/hu\/wp-json\/wp\/v2\/product\/10817","targetHints":{"allow":["GET"]}}],"collection":[{"href":"https:\/\/premiumkeszulek.hu\/hu\/wp-json\/wp\/v2\/product"}],"about":[{"href":"https:\/\/premiumkeszulek.hu\/hu\/wp-json\/wp\/v2\/types\/product"}],"replies":[{"embeddable":true,"href":"https:\/\/premiumkeszulek.hu\/hu\/wp-json\/wp\/v2\/comments?post=10817"}],"wp:featuredmedia":[{"embeddable":true,"href":"https:\/\/premiumkeszulek.hu\/hu\/wp-json\/wp\/v2\/media\/10816"}],"wp:attachment":[{"href":"https:\/\/premiumkeszulek.hu\/hu\/wp-json\/wp\/v2\/media?parent=10817"}],"wp:term":[{"taxonomy":"product_brand","embeddable":true,"href":"https:\/\/premiumkeszulek.hu\/hu\/wp-json\/wp\/v2\/product_brand?post=10817"},{"taxonomy":"product_cat","embeddable":true,"href":"https:\/\/premiumkeszulek.hu\/hu\/wp-json\/wp\/v2\/product_cat?post=10817"},{"taxonomy":"product_tag","embeddable":true,"href":"https:\/\/premiumkeszulek.hu\/hu\/wp-json\/wp\/v2\/product_tag?post=10817"},{"taxonomy":"woo-feed-brand","embeddable":true,"href":"https:\/\/premiumkeszulek.hu\/hu\/wp-json\/wp\/v2\/woo-feed-brand?post=10817"}],"curies":[{"name":"wp","href":"https:\/\/api.w.org\/{rel}","templated":true}]}}