{"id":10810,"date":"2025-04-08T17:29:57","date_gmt":"2025-04-08T15:29:57","guid":{"rendered":"https:\/\/premiumkeszulek.hu\/termek\/miele-g-7985-scvi-xxl-autodos-k2o-cleansteel-obszidianfekete-teljesen-integralt-mosogatogep\/"},"modified":"2026-04-14T15:48:33","modified_gmt":"2026-04-14T13:48:33","slug":"miele-g-7985-scvi-xxl-autodos-k2o-cleansteel-obszidianfekete-teljesen-integralt-mosogatogep","status":"publish","type":"product","link":"https:\/\/premiumkeszulek.hu\/hu\/termek\/miele-g-7985-scvi-xxl-autodos-k2o-cleansteel-obszidianfekete-teljesen-integralt-mosogatogep\/","title":{"rendered":"Miele G 7985 SCVi XXL AutoDos K2O CleanSteel\/obszidi\u00e1nfekete teljesen integr\u00e1lt mosogat\u00f3g\u00e9p"},"content":{"rendered":"<figure class=\"wp-block-image size-full\"><img data-recalc-dims=\"1\" fetchpriority=\"high\" decoding=\"async\" width=\"364\" height=\"138\" data-attachment-id=\"79707\" data-permalink=\"https:\/\/premiumkeszulek.hu\/hu\/?attachment_id=79707\" data-orig-file=\"https:\/\/i0.wp.com\/premiumkeszulek.hu\/wp-content\/uploads\/2026\/04\/images-3.png?fit=364%2C138&amp;ssl=1\" data-orig-size=\"364,138\" data-comments-opened=\"1\" data-image-meta=\"{&quot;aperture&quot;:&quot;0&quot;,&quot;credit&quot;:&quot;&quot;,&quot;camera&quot;:&quot;&quot;,&quot;caption&quot;:&quot;&quot;,&quot;created_timestamp&quot;:&quot;0&quot;,&quot;copyright&quot;:&quot;&quot;,&quot;focal_length&quot;:&quot;0&quot;,&quot;iso&quot;:&quot;0&quot;,&quot;shutter_speed&quot;:&quot;0&quot;,&quot;title&quot;:&quot;&quot;,&quot;orientation&quot;:&quot;0&quot;}\" data-image-title=\"images (3)\" data-image-description=\"\" data-image-caption=\"\" data-medium-file=\"https:\/\/i0.wp.com\/premiumkeszulek.hu\/wp-content\/uploads\/2026\/04\/images-3.png?fit=300%2C114&amp;ssl=1\" data-large-file=\"https:\/\/i0.wp.com\/premiumkeszulek.hu\/wp-content\/uploads\/2026\/04\/images-3.png?fit=364%2C138&amp;ssl=1\" src=\"https:\/\/i0.wp.com\/premiumkeszulek.hu\/wp-content\/uploads\/2026\/04\/images-3.png?resize=364%2C138&#038;ssl=1\" alt=\"\" class=\"wp-image-79707\" srcset=\"https:\/\/i0.wp.com\/premiumkeszulek.hu\/wp-content\/uploads\/2026\/04\/images-3.png?w=364&amp;ssl=1 364w, https:\/\/i0.wp.com\/premiumkeszulek.hu\/wp-content\/uploads\/2026\/04\/images-3.png?resize=300%2C114&amp;ssl=1 300w, https:\/\/i0.wp.com\/premiumkeszulek.hu\/wp-content\/uploads\/2026\/04\/images-3.png?resize=18%2C7&amp;ssl=1 18w\" sizes=\"(max-width: 364px) 100vw, 364px\" \/><\/figure>\n<div class=\"loadbeeTabContent\" data-loadbee-apikey=\"bVxDWaSdseFz5PWWtvKmAkGr88n6WXYY\" data-loadbee-gtin=\"4002516745303\" data-loadbee-locale=\"hu_HU\">\u00a0\n<\/div><script async src=\"https:\/\/cdn.loadbee.com\/js\/loadbee_integration.js\"><\/script><script type=\"text\/javascript\"\nsrc=\"https:\/\/tracking.channelsight.com\/api\/tracking\/v2\/Init\">\n<\/script>","protected":false},"excerpt":{"rendered":"<p>QuickPowerWash<br \/>\nECO<br \/>\nAutomatikus<br \/>\nComfortWash 45 \u00b0C<br \/>\nIntenz\u00edv 75 \u00b0C<br \/>\nPowerWash<br \/>\nComfortWash+ 55 \u00b0C<br \/>\nK\u00edm\u00e9l\u0151<br \/>\nHigi\u00e9nia<br \/>\nSolarSpar<br \/>\nExtra halk 37 dB(A)<br \/>\nT\u00e9szta\/paella<br \/>\nFels\u0151 kos\u00e1r n\u00e9lk\u00fcl 65 \u00b0C<br \/>\nG\u00e9p tiszt\u00edt\u00e1sa<br \/>\nS\u00f3 ki\u00f6bl\u00edt\u00e9se<\/p>","protected":false},"featured_media":10881,"comment_status":"closed","ping_status":"closed","template":"","meta":{"_crdt_document":"","content-type":"","jetpack_post_was_ever_published":false,"jetpack_publicize_message":"","jetpack_publicize_feature_enabled":true,"jetpack_social_post_already_shared":true,"jetpack_social_options":{"image_generator_settings":{"template":"highway","default_image_id":0,"font":"","enabled":false},"version":2},"_wpas_customize_per_network":false},"product_brand":[1372],"product_cat":[1385,1384],"product_tag":[],"woo-feed-brand":[],"class_list":{"0":"post-10810","1":"product","2":"type-product","3":"status-publish","4":"has-post-thumbnail","6":"product_brand-miele","7":"product_cat-beepithetomosogatogep","8":"product_cat-mosogatogep","9":"product_shipping_class-100000felett","11":"first","12":"onbackorder","13":"sale","14":"taxable","15":"shipping-taxable","16":"purchasable","17":"product-type-simple"},"yoast_head":"<!-- This site is optimized with the Yoast SEO Premium plugin v26.9 (Yoast SEO v27.4) - https:\/\/yoast.com\/product\/yoast-seo-premium-wordpress\/ -->\n<title>Miele G 7985 SCVi XXL AutoDos K2O CleanSteel\/obszidi\u00e1nfekete teljesen integr\u00e1lt mosogat\u00f3g\u00e9p - Pr\u00e9miumK\u00e9sz\u00fcl\u00e9k<\/title>\n<meta name=\"description\" content=\"Fedezze fel a Miele G 7985 teljesen integr\u00e1lt mosogat\u00f3g\u00e9p gyorsprogramjait \u00e9s halk m\u0171k\u00f6d\u00e9s\u00e9t. \u00c9lvezze a hat\u00e9kony mosogat\u00e1st otthon! \ud83c\udf1f\" \/>\n<meta name=\"robots\" content=\"index, follow, max-snippet:-1, max-image-preview:large, max-video-preview:-1\" \/>\n<link rel=\"canonical\" href=\"https:\/\/premiumkeszulek.hu\/hu\/termek\/miele-g-7985-scvi-xxl-autodos-k2o-cleansteel-obszidianfekete-teljesen-integralt-mosogatogep\/\" \/>\n<meta property=\"og:locale\" content=\"hu_HU\" \/>\n<meta property=\"og:type\" content=\"article\" \/>\n<meta property=\"og:title\" content=\"Miele G 7985 SCVi XXL AutoDos K2O CleanSteel\/obszidi\u00e1nfekete teljesen integr\u00e1lt mosogat\u00f3g\u00e9p\" \/>\n<meta property=\"og:description\" content=\"Fedezze fel a Miele G 7985 teljesen integr\u00e1lt mosogat\u00f3g\u00e9p gyorsprogramjait \u00e9s halk m\u0171k\u00f6d\u00e9s\u00e9t. \u00c9lvezze a hat\u00e9kony mosogat\u00e1st otthon! \ud83c\udf1f\" \/>\n<meta property=\"og:url\" content=\"https:\/\/premiumkeszulek.hu\/hu\/termek\/miele-g-7985-scvi-xxl-autodos-k2o-cleansteel-obszidianfekete-teljesen-integralt-mosogatogep\/\" \/>\n<meta property=\"og:site_name\" content=\"Pr\u00e9miumK\u00e9sz\u00fcl\u00e9k\" \/>\n<meta property=\"article:publisher\" content=\"https:\/\/www.facebook.com\/konyhaluxnet\" \/>\n<meta property=\"article:modified_time\" content=\"2026-04-14T13:48:33+00:00\" \/>\n<meta property=\"og:image\" content=\"https:\/\/i0.wp.com\/premiumkeszulek.hu\/wp-content\/uploads\/2025\/04\/7985SCVI.webp?fit=800%2C800&ssl=1\" \/>\n\t<meta property=\"og:image:width\" content=\"800\" \/>\n\t<meta property=\"og:image:height\" content=\"800\" \/>\n\t<meta property=\"og:image:type\" content=\"image\/webp\" \/>\n<meta name=\"twitter:card\" content=\"summary_large_image\" \/>\n<meta name=\"twitter:label1\" content=\"\u00c1r\" \/>\n\t<meta name=\"twitter:data1\" content=\"1.339.405&#070;&#116;\" \/>\n\t<meta name=\"twitter:label2\" content=\"El\u00e9rhet\u0151s\u00e9g\" \/>\n\t<meta name=\"twitter:data2\" content=\"Beszerz\u00e9s alatt\" \/>\n<script type=\"application\/ld+json\" class=\"yoast-schema-graph\">{\"@context\":\"https:\\\/\\\/schema.org\",\"@graph\":[{\"@type\":\"WebPage\",\"@id\":\"https:\\\/\\\/premiumkeszulek.hu\\\/hu\\\/termek\\\/miele-g-7985-scvi-xxl-autodos-k2o-cleansteel-obszidianfekete-teljesen-integralt-mosogatogep\\\/\",\"url\":\"https:\\\/\\\/premiumkeszulek.hu\\\/hu\\\/termek\\\/miele-g-7985-scvi-xxl-autodos-k2o-cleansteel-obszidianfekete-teljesen-integralt-mosogatogep\\\/\",\"name\":\"Miele G 7985 SCVi XXL AutoDos K2O CleanSteel\\\/obszidi\u00e1nfekete teljesen integr\u00e1lt mosogat\u00f3g\u00e9p - Pr\u00e9miumK\u00e9sz\u00fcl\u00e9k\",\"isPartOf\":{\"@id\":\"https:\\\/\\\/premiumkeszulek.hu\\\/hu\\\/#website\"},\"primaryImageOfPage\":{\"@id\":\"https:\\\/\\\/premiumkeszulek.hu\\\/hu\\\/termek\\\/miele-g-7985-scvi-xxl-autodos-k2o-cleansteel-obszidianfekete-teljesen-integralt-mosogatogep\\\/#primaryimage\"},\"image\":{\"@id\":\"https:\\\/\\\/premiumkeszulek.hu\\\/hu\\\/termek\\\/miele-g-7985-scvi-xxl-autodos-k2o-cleansteel-obszidianfekete-teljesen-integralt-mosogatogep\\\/#primaryimage\"},\"thumbnailUrl\":\"https:\\\/\\\/i0.wp.com\\\/premiumkeszulek.hu\\\/wp-content\\\/uploads\\\/2025\\\/04\\\/7985SCVI.webp?fit=800%2C800&ssl=1\",\"datePublished\":\"2025-04-08T15:29:57+00:00\",\"dateModified\":\"2026-04-14T13:48:33+00:00\",\"description\":\"Fedezze fel a Miele G 7985 teljesen integr\u00e1lt mosogat\u00f3g\u00e9p gyorsprogramjait \u00e9s halk m\u0171k\u00f6d\u00e9s\u00e9t. \u00c9lvezze a hat\u00e9kony mosogat\u00e1st otthon! \ud83c\udf1f\",\"breadcrumb\":{\"@id\":\"https:\\\/\\\/premiumkeszulek.hu\\\/hu\\\/termek\\\/miele-g-7985-scvi-xxl-autodos-k2o-cleansteel-obszidianfekete-teljesen-integralt-mosogatogep\\\/#breadcrumb\"},\"inLanguage\":\"hu\",\"potentialAction\":[{\"@type\":\"ReadAction\",\"target\":[\"https:\\\/\\\/premiumkeszulek.hu\\\/hu\\\/termek\\\/miele-g-7985-scvi-xxl-autodos-k2o-cleansteel-obszidianfekete-teljesen-integralt-mosogatogep\\\/\"]}]},{\"@type\":\"ImageObject\",\"inLanguage\":\"hu\",\"@id\":\"https:\\\/\\\/premiumkeszulek.hu\\\/hu\\\/termek\\\/miele-g-7985-scvi-xxl-autodos-k2o-cleansteel-obszidianfekete-teljesen-integralt-mosogatogep\\\/#primaryimage\",\"url\":\"https:\\\/\\\/i0.wp.com\\\/premiumkeszulek.hu\\\/wp-content\\\/uploads\\\/2025\\\/04\\\/7985SCVI.webp?fit=800%2C800&ssl=1\",\"contentUrl\":\"https:\\\/\\\/i0.wp.com\\\/premiumkeszulek.hu\\\/wp-content\\\/uploads\\\/2025\\\/04\\\/7985SCVI.webp?fit=800%2C800&ssl=1\",\"width\":800,\"height\":800,\"caption\":\"7985SSCVI\"},{\"@type\":\"BreadcrumbList\",\"@id\":\"https:\\\/\\\/premiumkeszulek.hu\\\/hu\\\/termek\\\/miele-g-7985-scvi-xxl-autodos-k2o-cleansteel-obszidianfekete-teljesen-integralt-mosogatogep\\\/#breadcrumb\",\"itemListElement\":[{\"@type\":\"ListItem\",\"position\":1,\"name\":\"Home\",\"item\":\"https:\\\/\\\/premiumkeszulek.hu\\\/hu\\\/\"},{\"@type\":\"ListItem\",\"position\":2,\"name\":\"Shop\",\"item\":\"https:\\\/\\\/premiumkeszulek.hu\\\/hu\\\/shop\\\/\"},{\"@type\":\"ListItem\",\"position\":3,\"name\":\"Miele G 7985 SCVi XXL AutoDos K2O CleanSteel\\\/obszidi\u00e1nfekete teljesen integr\u00e1lt mosogat\u00f3g\u00e9p\"}]},{\"@type\":\"WebSite\",\"@id\":\"https:\\\/\\\/premiumkeszulek.hu\\\/hu\\\/#website\",\"url\":\"https:\\\/\\\/premiumkeszulek.hu\\\/hu\\\/\",\"name\":\"Pr\u00e9miumK\u00e9sz\u00fcl\u00e9k\",\"description\":\"\",\"publisher\":{\"@id\":\"https:\\\/\\\/premiumkeszulek.hu\\\/hu\\\/#organization\"},\"potentialAction\":[{\"@type\":\"SearchAction\",\"target\":{\"@type\":\"EntryPoint\",\"urlTemplate\":\"https:\\\/\\\/premiumkeszulek.hu\\\/hu\\\/?s={search_term_string}\"},\"query-input\":{\"@type\":\"PropertyValueSpecification\",\"valueRequired\":true,\"valueName\":\"search_term_string\"}}],\"inLanguage\":\"hu\"},{\"@type\":\"Organization\",\"@id\":\"https:\\\/\\\/premiumkeszulek.hu\\\/hu\\\/#organization\",\"name\":\"Pr\u00e9miumK\u00e9sz\u00fcl\u00e9k\",\"alternateName\":\"HPH Special Kft\",\"url\":\"https:\\\/\\\/premiumkeszulek.hu\\\/hu\\\/\",\"logo\":{\"@type\":\"ImageObject\",\"inLanguage\":\"hu\",\"@id\":\"https:\\\/\\\/premiumkeszulek.hu\\\/hu\\\/#\\\/schema\\\/logo\\\/image\\\/\",\"url\":\"http:\\\/\\\/premiumkeszulek.hu\\\/wp-content\\\/uploads\\\/2025\\\/03\\\/TURKIZLOGO-kicsi.png\",\"contentUrl\":\"http:\\\/\\\/premiumkeszulek.hu\\\/wp-content\\\/uploads\\\/2025\\\/03\\\/TURKIZLOGO-kicsi.png\",\"width\":1600,\"height\":547,\"caption\":\"Pr\u00e9miumK\u00e9sz\u00fcl\u00e9k\"},\"image\":{\"@id\":\"https:\\\/\\\/premiumkeszulek.hu\\\/hu\\\/#\\\/schema\\\/logo\\\/image\\\/\"},\"sameAs\":[\"https:\\\/\\\/www.facebook.com\\\/konyhaluxnet\",\"https:\\\/\\\/www.instagram.com\\\/konyhaluxnet\\\/#\"],\"email\":\"info@premiumkeszulek.hu\",\"telephone\":\"36 1 \\\/ 226-1992\",\"legalName\":\"HPH Special Kft\",\"vatID\":\"HU12549502\",\"taxID\":\"12549502\",\"hasMerchantReturnPolicy\":{\"@type\":\"MerchantReturnPolicy\",\"merchantReturnLink\":\"https:\\\/\\\/premiumkeszulek.hu\\\/hu\\\/altalanos-szerzodesi-es-felhasznalasi-feltetelek\\\/\"}}]}<\/script>\n<meta property=\"product:brand\" content=\"Miele\" \/>\n<meta property=\"product:price:amount\" content=\"1339405\" \/>\n<meta property=\"product:price:currency\" content=\"HUF\" \/>\n<meta property=\"og:availability\" content=\"backorder\" \/>\n<meta property=\"product:availability\" content=\"available for order\" \/>\n<meta property=\"product:retailer_item_id\" content=\"4002516745303\" \/>\n<meta property=\"product:condition\" content=\"new\" \/>\n<!-- \/ Yoast SEO Premium plugin. -->","yoast_head_json":{"title":"Miele G 7985 SCVi XXL AutoDos K2O CleanSteel\/obszidi\u00e1nfekete teljesen integr\u00e1lt mosogat\u00f3g\u00e9p - Pr\u00e9miumK\u00e9sz\u00fcl\u00e9k","description":"Fedezze fel a Miele G 7985 teljesen integr\u00e1lt mosogat\u00f3g\u00e9p gyorsprogramj\u00e1t \u00e9s halk m\u0171k\u00f6d\u00e9s\u00e9t. \u00c9lvezze a hat\u00e9kony mosogat\u00e1st otthon! \ud83c\udf1f","robots":{"index":"index","follow":"follow","max-snippet":"max-snippet:-1","max-image-preview":"max-image-preview:large","max-video-preview":"max-video-preview:-1"},"canonical":"https:\/\/premiumkeszulek.hu\/hu\/termek\/miele-g-7985-scvi-xxl-autodos-k2o-cleansteel-obszidianfekete-teljesen-integralt-mosogatogep\/","og_locale":"hu_HU","og_type":"article","og_title":"Miele G 7985 SCVi XXL AutoDos K2O CleanSteel\/obszidi\u00e1nfekete teljesen integr\u00e1lt mosogat\u00f3g\u00e9p","og_description":"Fedezze fel a Miele G 7985 teljesen integr\u00e1lt mosogat\u00f3g\u00e9p gyorsprogramjait \u00e9s halk m\u0171k\u00f6d\u00e9s\u00e9t. \u00c9lvezze a hat\u00e9kony mosogat\u00e1st otthon! \ud83c\udf1f","og_url":"https:\/\/premiumkeszulek.hu\/hu\/termek\/miele-g-7985-scvi-xxl-autodos-k2o-cleansteel-obszidianfekete-teljesen-integralt-mosogatogep\/","og_site_name":"Pr\u00e9miumK\u00e9sz\u00fcl\u00e9k","article_publisher":"https:\/\/www.facebook.com\/konyhaluxnet","article_modified_time":"2026-04-14T13:48:33+00:00","og_image":[{"width":800,"height":800,"url":"https:\/\/i0.wp.com\/premiumkeszulek.hu\/wp-content\/uploads\/2025\/04\/7985SCVI.webp?fit=800%2C800&ssl=1","type":"image\/webp"}],"twitter_card":"summary_large_image","twitter_misc":{"\u00c1r":"1.339.405&#70;&#116;","El\u00e9rhet\u0151s\u00e9g":"Beszerz\u00e9s alatt"},"schema":{"@context":"https:\/\/schema.org","@graph":[{"@type":"WebPage","@id":"https:\/\/premiumkeszulek.hu\/hu\/termek\/miele-g-7985-scvi-xxl-autodos-k2o-cleansteel-obszidianfekete-teljesen-integralt-mosogatogep\/","url":"https:\/\/premiumkeszulek.hu\/hu\/termek\/miele-g-7985-scvi-xxl-autodos-k2o-cleansteel-obszidianfekete-teljesen-integralt-mosogatogep\/","name":"Miele G 7985 SCVi XXL AutoDos K2O CleanSteel\/obszidi\u00e1nfekete teljesen integr\u00e1lt mosogat\u00f3g\u00e9p - Pr\u00e9miumK\u00e9sz\u00fcl\u00e9k","isPartOf":{"@id":"https:\/\/premiumkeszulek.hu\/hu\/#website"},"primaryImageOfPage":{"@id":"https:\/\/premiumkeszulek.hu\/hu\/termek\/miele-g-7985-scvi-xxl-autodos-k2o-cleansteel-obszidianfekete-teljesen-integralt-mosogatogep\/#primaryimage"},"image":{"@id":"https:\/\/premiumkeszulek.hu\/hu\/termek\/miele-g-7985-scvi-xxl-autodos-k2o-cleansteel-obszidianfekete-teljesen-integralt-mosogatogep\/#primaryimage"},"thumbnailUrl":"https:\/\/i0.wp.com\/premiumkeszulek.hu\/wp-content\/uploads\/2025\/04\/7985SCVI.webp?fit=800%2C800&ssl=1","datePublished":"2025-04-08T15:29:57+00:00","dateModified":"2026-04-14T13:48:33+00:00","description":"Fedezze fel a Miele G 7985 teljesen integr\u00e1lt mosogat\u00f3g\u00e9p gyorsprogramj\u00e1t \u00e9s halk m\u0171k\u00f6d\u00e9s\u00e9t. \u00c9lvezze a hat\u00e9kony mosogat\u00e1st otthon! \ud83c\udf1f","breadcrumb":{"@id":"https:\/\/premiumkeszulek.hu\/hu\/termek\/miele-g-7985-scvi-xxl-autodos-k2o-cleansteel-obszidianfekete-teljesen-integralt-mosogatogep\/#breadcrumb"},"inLanguage":"hu","potentialAction":[{"@type":"ReadAction","target":["https:\/\/premiumkeszulek.hu\/hu\/termek\/miele-g-7985-scvi-xxl-autodos-k2o-cleansteel-obszidianfekete-teljesen-integralt-mosogatogep\/"]}]},{"@type":"ImageObject","inLanguage":"hu","@id":"https:\/\/premiumkeszulek.hu\/hu\/termek\/miele-g-7985-scvi-xxl-autodos-k2o-cleansteel-obszidianfekete-teljesen-integralt-mosogatogep\/#primaryimage","url":"https:\/\/i0.wp.com\/premiumkeszulek.hu\/wp-content\/uploads\/2025\/04\/7985SCVI.webp?fit=800%2C800&ssl=1","contentUrl":"https:\/\/i0.wp.com\/premiumkeszulek.hu\/wp-content\/uploads\/2025\/04\/7985SCVI.webp?fit=800%2C800&ssl=1","width":800,"height":800,"caption":"7985SSCVI"},{"@type":"BreadcrumbList","@id":"https:\/\/premiumkeszulek.hu\/hu\/termek\/miele-g-7985-scvi-xxl-autodos-k2o-cleansteel-obszidianfekete-teljesen-integralt-mosogatogep\/#breadcrumb","itemListElement":[{"@type":"ListItem","position":1,"name":"Home","item":"https:\/\/premiumkeszulek.hu\/hu\/"},{"@type":"ListItem","position":2,"name":"Shop","item":"https:\/\/premiumkeszulek.hu\/hu\/shop\/"},{"@type":"ListItem","position":3,"name":"Miele G 7985 SCVi XXL AutoDos K2O CleanSteel\/obszidi\u00e1nfekete teljesen integr\u00e1lt mosogat\u00f3g\u00e9p"}]},{"@type":"WebSite","@id":"https:\/\/premiumkeszulek.hu\/hu\/#website","url":"https:\/\/premiumkeszulek.hu\/hu\/","name":"Pr\u00e9miumK\u00e9sz\u00fcl\u00e9k","description":"","publisher":{"@id":"https:\/\/premiumkeszulek.hu\/hu\/#organization"},"potentialAction":[{"@type":"SearchAction","target":{"@type":"EntryPoint","urlTemplate":"https:\/\/premiumkeszulek.hu\/hu\/?s={search_term_string}"},"query-input":{"@type":"PropertyValueSpecification","valueRequired":true,"valueName":"search_term_string"}}],"inLanguage":"hu"},{"@type":"Organization","@id":"https:\/\/premiumkeszulek.hu\/hu\/#organization","name":"Pr\u00e9miumK\u00e9sz\u00fcl\u00e9k","alternateName":"HPH Special Kft","url":"https:\/\/premiumkeszulek.hu\/hu\/","logo":{"@type":"ImageObject","inLanguage":"hu","@id":"https:\/\/premiumkeszulek.hu\/hu\/#\/schema\/logo\/image\/","url":"http:\/\/premiumkeszulek.hu\/wp-content\/uploads\/2025\/03\/TURKIZLOGO-kicsi.png","contentUrl":"http:\/\/premiumkeszulek.hu\/wp-content\/uploads\/2025\/03\/TURKIZLOGO-kicsi.png","width":1600,"height":547,"caption":"Pr\u00e9miumK\u00e9sz\u00fcl\u00e9k"},"image":{"@id":"https:\/\/premiumkeszulek.hu\/hu\/#\/schema\/logo\/image\/"},"sameAs":["https:\/\/www.facebook.com\/konyhaluxnet","https:\/\/www.instagram.com\/konyhaluxnet\/#"],"email":"info@premiumkeszulek.hu","telephone":"36 1 \/ 226-1992","legalName":"HPH Special Kft","vatID":"HU12549502","taxID":"12549502","hasMerchantReturnPolicy":{"@type":"MerchantReturnPolicy","merchantReturnLink":"https:\/\/premiumkeszulek.hu\/hu\/altalanos-szerzodesi-es-felhasznalasi-feltetelek\/"}}]},"product_brand":"Miele","product_price_amount":"1339405","product_price_currency":"HUF","og_availability":"backorder","product_availability":"available for order","product_retailer_item_id":"4002516745303","product_condition":"new"},"jetpack_publicize_connections":[],"jetpack_likes_enabled":true,"jetpack_sharing_enabled":true,"jetpack-related-posts":[],"_links":{"self":[{"href":"https:\/\/premiumkeszulek.hu\/hu\/wp-json\/wp\/v2\/product\/10810","targetHints":{"allow":["GET"]}}],"collection":[{"href":"https:\/\/premiumkeszulek.hu\/hu\/wp-json\/wp\/v2\/product"}],"about":[{"href":"https:\/\/premiumkeszulek.hu\/hu\/wp-json\/wp\/v2\/types\/product"}],"replies":[{"embeddable":true,"href":"https:\/\/premiumkeszulek.hu\/hu\/wp-json\/wp\/v2\/comments?post=10810"}],"wp:featuredmedia":[{"embeddable":true,"href":"https:\/\/premiumkeszulek.hu\/hu\/wp-json\/wp\/v2\/media\/10881"}],"wp:attachment":[{"href":"https:\/\/premiumkeszulek.hu\/hu\/wp-json\/wp\/v2\/media?parent=10810"}],"wp:term":[{"taxonomy":"product_brand","embeddable":true,"href":"https:\/\/premiumkeszulek.hu\/hu\/wp-json\/wp\/v2\/product_brand?post=10810"},{"taxonomy":"product_cat","embeddable":true,"href":"https:\/\/premiumkeszulek.hu\/hu\/wp-json\/wp\/v2\/product_cat?post=10810"},{"taxonomy":"product_tag","embeddable":true,"href":"https:\/\/premiumkeszulek.hu\/hu\/wp-json\/wp\/v2\/product_tag?post=10810"},{"taxonomy":"woo-feed-brand","embeddable":true,"href":"https:\/\/premiumkeszulek.hu\/hu\/wp-json\/wp\/v2\/woo-feed-brand?post=10810"}],"curies":[{"name":"wp","href":"https:\/\/api.w.org\/{rel}","templated":true}]}}