{"id":10204,"date":"2025-04-07T11:57:55","date_gmt":"2025-04-07T09:57:55","guid":{"rendered":"https:\/\/premiumkeszulek.hu\/termek\/liebherr-swnstd-529i-peak-nofrost-fagyasztoszekreny-bortemperalo-rekesszel\/"},"modified":"2026-04-17T19:36:48","modified_gmt":"2026-04-17T17:36:48","slug":"liebherr-swnstd-529i-peak-nofrost-fagyasztoszekreny-bortemperalo-rekesszel","status":"publish","type":"product","link":"https:\/\/premiumkeszulek.hu\/hu\/termek\/liebherr-swnstd-529i-peak-nofrost-fagyasztoszekreny-bortemperalo-rekesszel\/","title":{"rendered":"Liebherr SWNstd 529i Peak NoFrost fagyaszt\u00f3szekr\u00e9ny bortemper\u00e1l\u00f3 rekesszel"},"content":{"rendered":"<div class=\"loadbeeTabContent\" data-loadbee-apikey=\"bVxDWaSdseFz5PWWtvKmAkGr88n6WXYY\" data-loadbee-gtin=\"4016803058212\" data-loadbee-locale=\"hu_HU\">\u00a0\n<\/div>\n<p><script async src=\"https:\/\/cdn.loadbee.com\/js\/loadbee_integration.js\"><\/script><script type=\"text\/javascript\"\nsrc=\"https:\/\/tracking.channelsight.com\/api\/tracking\/v2\/Init\">\n<\/script><\/p>\n","protected":false},"excerpt":{"rendered":"<p>Fix v\u00edzcsatlakoz\u00f3s IceMaker<br \/>\nMaradt m\u00e9g j\u00e9gkocka? Az IceMaker feleslegess\u00e9 teszi ezt a k\u00e9rd\u00e9st. A fix v\u00edzcsatlakoz\u00f3s IceMaker eset\u00e9ben k\u00f6zvetlen\u00fcl a vezet\u00e9kb\u0151l \u00e9rkezik a v\u00edz. A MaxIce funkci\u00f3nak k\u00f6sz\u00f6nhet\u0151en naponta ak\u00e1r 1,5 kg j\u00e9gkocka is k\u00e9sz\u00edthet\u0151. A rugalmas j\u00e9grekesz elv\u00e1laszt\u00f3val tetsz\u0151legesen oszthatja fel a rekeszt, v\u00e1ltoztatva ezzel a t\u00e1rolt c\u00e9gkock\u00e1k mennyis\u00e9g\u00e9t \u2013 egyszer\u0171en, az ig\u00e9nyekhez igaz\u00edtva!<\/p>\n<p>Integr\u00e1lt SmartDeviceBox<br \/>\nLiebherr k\u00e9sz\u00fcl\u00e9ke a konyh\u00e1ban \u00e1ll \u2013 de ha szeretn\u00e9, b\u00e1rmikor csatlakozik az internethez. Az integr\u00e1lt SmartDeviceBox t\u00e1lc\u00e1n k\u00edn\u00e1lja az okosotthonok \u00f6sszes el\u0151ny\u00e9t. Egyszer\u0171en csak csatlakoztassa \u00e9s kapcsolja be az eszk\u00f6zt, majd k\u00f6sse \u00f6ssze Liebherr k\u00e9sz\u00fcl\u00e9k\u00e9t wifin kereszt\u00fcl a h\u00e1l\u00f3zattal.<\/p>\n<p>NoFrost<br \/>\nAmikor kinyitja a fagyaszt\u00f3rekeszt, m\u00e9lyh\u0171t\u00f6tt \u00e9lelmiszereket szeretne l\u00e1tni, jeget \u00e9s deresed\u00e9st viszont eg\u00e9szen biztosan nem. A NoFrost v\u00e9di a fagyaszt\u00f3teret a nem k\u00edv\u00e1nt jegesed\u00e9st\u0151l, amely sok energi\u00e1t fogyaszt \u00e9s a p\u00e9nzt\u00e1rc\u00e1t sem k\u00edm\u00e9li. A NoFrost azt jelenti: soha t\u00f6bb\u00e9 nem kell a fagyaszt\u00f3rekesz leolvaszt\u00e1s\u00e1val bajl\u00f3dnia, t\u00f6bb ideje jut m\u00e1s dolgokra, r\u00e1ad\u00e1sul p\u00e9nzt sp\u00f3rolhat.<\/p>\n<p>Bort\u00e1rol\u00f3 rekesz<br \/>\n44 db 0,75 l-es bord\u00f3i palack<br \/>\n4 db kih\u00fazhat\u00f3 teleszk\u00f3pos polc<br \/>\n2 z\u00f3n\u00e1s bor temper\u00e1l\u00e1s (fix)<br \/>\nFreshAir-sz\u0171r\u0151\u00a0\u00a0\u00a0 z\u00f3na elv\u00e1laszt\u00f3ban<\/p>\n<p>2,4\u201d sz\u00ednes TFT-kijelz\u0151, Touch Swipe kijelz\u0151<\/p>\n","protected":false},"featured_media":10203,"comment_status":"closed","ping_status":"closed","template":"","meta":{"_crdt_document":"","content-type":"","jetpack_post_was_ever_published":false,"jetpack_publicize_message":"","jetpack_publicize_feature_enabled":true,"jetpack_social_post_already_shared":true,"jetpack_social_options":{"image_generator_settings":{"template":"highway","default_image_id":0,"font":"","enabled":false},"version":2},"_wpas_customize_per_network":false},"product_brand":[1373],"product_cat":[1544,1404],"product_tag":[],"woo-feed-brand":[],"class_list":{"0":"post-10204","1":"product","2":"type-product","3":"status-publish","4":"has-post-thumbnail","6":"product_brand-liebherr","7":"product_cat-beepitheto-fagyasztoszekrenyek","8":"product_cat-hutokfagyasztok","9":"product_shipping_class-100000felett","11":"first","12":"onbackorder","13":"taxable","14":"shipping-taxable","15":"purchasable","16":"product-type-simple"},"yoast_head":"<!-- This site is optimized with the Yoast SEO Premium plugin v26.9 (Yoast SEO v27.4) - https:\/\/yoast.com\/product\/yoast-seo-premium-wordpress\/ -->\n<title>Liebherr SWNstd 529i Peak NoFrost fagyaszt\u00f3szekr\u00e9ny bortemper\u00e1l\u00f3 rekesszel - Pr\u00e9miumK\u00e9sz\u00fcl\u00e9k<\/title>\n<meta name=\"description\" content=\"Fedezze fel a Liebherr SWNstd 529i fagyaszt\u00f3szekr\u00e9ny el\u0151nyeit! Az integ\u00e1lt SmartDeviceBox a modern konyha t\u00f6k\u00e9letes kieg\u00e9sz\u00edt\u0151je.\" \/>\n<meta name=\"robots\" content=\"index, follow, max-snippet:-1, max-image-preview:large, max-video-preview:-1\" \/>\n<link rel=\"canonical\" href=\"https:\/\/premiumkeszulek.hu\/hu\/termek\/liebherr-swnstd-529i-peak-nofrost-fagyasztoszekreny-bortemperalo-rekesszel\/\" \/>\n<meta property=\"og:locale\" content=\"hu_HU\" \/>\n<meta property=\"og:type\" content=\"article\" \/>\n<meta property=\"og:title\" content=\"Liebherr SWNstd 529i Peak NoFrost fagyaszt\u00f3szekr\u00e9ny bortemper\u00e1l\u00f3 rekesszel\" \/>\n<meta property=\"og:description\" content=\"Fedezze fel a Liebherr SWNstd 529i fagyaszt\u00f3szekr\u00e9ny el\u0151nyeit! Az integ\u00e1lt SmartDeviceBox a modern konyha t\u00f6k\u00e9letes kieg\u00e9sz\u00edt\u0151je.\" \/>\n<meta property=\"og:url\" content=\"https:\/\/premiumkeszulek.hu\/hu\/termek\/liebherr-swnstd-529i-peak-nofrost-fagyasztoszekreny-bortemperalo-rekesszel\/\" \/>\n<meta property=\"og:site_name\" content=\"Pr\u00e9miumK\u00e9sz\u00fcl\u00e9k\" \/>\n<meta property=\"article:publisher\" content=\"https:\/\/www.facebook.com\/konyhaluxnet\" \/>\n<meta property=\"article:modified_time\" content=\"2026-04-17T17:36:48+00:00\" \/>\n<meta property=\"og:image\" content=\"https:\/\/i0.wp.com\/premiumkeszulek.hu\/wp-content\/uploads\/2025\/04\/SWNstd529i-111.png?fit=800%2C800&ssl=1\" \/>\n\t<meta property=\"og:image:width\" content=\"800\" \/>\n\t<meta property=\"og:image:height\" content=\"800\" \/>\n\t<meta property=\"og:image:type\" content=\"image\/png\" \/>\n<meta name=\"twitter:card\" content=\"summary_large_image\" \/>\n<meta name=\"twitter:label1\" content=\"\u00c1r\" \/>\n\t<meta name=\"twitter:data1\" content=\"1.709.900&#070;&#116;\" \/>\n\t<meta name=\"twitter:label2\" content=\"El\u00e9rhet\u0151s\u00e9g\" \/>\n\t<meta name=\"twitter:data2\" content=\"Beszerz\u00e9s alatt\" \/>\n<script type=\"application\/ld+json\" class=\"yoast-schema-graph\">{\"@context\":\"https:\\\/\\\/schema.org\",\"@graph\":[{\"@type\":\"WebPage\",\"@id\":\"https:\\\/\\\/premiumkeszulek.hu\\\/product\\\/liebherr-swnstd-529i-peak-nofrost-fagyasztoszekreny-bortemperalo-rekesszel\\\/\",\"url\":\"https:\\\/\\\/premiumkeszulek.hu\\\/product\\\/liebherr-swnstd-529i-peak-nofrost-fagyasztoszekreny-bortemperalo-rekesszel\\\/\",\"name\":\"Liebherr SWNstd 529i Peak NoFrost fagyaszt\u00f3szekr\u00e9ny bortemper\u00e1l\u00f3 rekesszel - Pr\u00e9miumK\u00e9sz\u00fcl\u00e9k\",\"isPartOf\":{\"@id\":\"https:\\\/\\\/premiumkeszulek.hu\\\/hu\\\/#website\"},\"primaryImageOfPage\":{\"@id\":\"https:\\\/\\\/premiumkeszulek.hu\\\/product\\\/liebherr-swnstd-529i-peak-nofrost-fagyasztoszekreny-bortemperalo-rekesszel\\\/#primaryimage\"},\"image\":{\"@id\":\"https:\\\/\\\/premiumkeszulek.hu\\\/product\\\/liebherr-swnstd-529i-peak-nofrost-fagyasztoszekreny-bortemperalo-rekesszel\\\/#primaryimage\"},\"thumbnailUrl\":\"https:\\\/\\\/i0.wp.com\\\/premiumkeszulek.hu\\\/wp-content\\\/uploads\\\/2025\\\/04\\\/SWNstd529i-111.png?fit=800%2C800&ssl=1\",\"datePublished\":\"2025-04-07T09:57:55+00:00\",\"dateModified\":\"2026-04-17T17:36:48+00:00\",\"description\":\"Fedezze fel a Liebherr SWNstd 529i fagyaszt\u00f3szekr\u00e9ny el\u0151nyeit! Az integ\u00e1lt SmartDeviceBox a modern konyha t\u00f6k\u00e9letes kieg\u00e9sz\u00edt\u0151je.\",\"breadcrumb\":{\"@id\":\"https:\\\/\\\/premiumkeszulek.hu\\\/product\\\/liebherr-swnstd-529i-peak-nofrost-fagyasztoszekreny-bortemperalo-rekesszel\\\/#breadcrumb\"},\"inLanguage\":\"hu\",\"potentialAction\":[{\"@type\":\"ReadAction\",\"target\":[\"https:\\\/\\\/premiumkeszulek.hu\\\/product\\\/liebherr-swnstd-529i-peak-nofrost-fagyasztoszekreny-bortemperalo-rekesszel\\\/\"]}]},{\"@type\":\"ImageObject\",\"inLanguage\":\"hu\",\"@id\":\"https:\\\/\\\/premiumkeszulek.hu\\\/product\\\/liebherr-swnstd-529i-peak-nofrost-fagyasztoszekreny-bortemperalo-rekesszel\\\/#primaryimage\",\"url\":\"https:\\\/\\\/i0.wp.com\\\/premiumkeszulek.hu\\\/wp-content\\\/uploads\\\/2025\\\/04\\\/SWNstd529i-111.png?fit=800%2C800&ssl=1\",\"contentUrl\":\"https:\\\/\\\/i0.wp.com\\\/premiumkeszulek.hu\\\/wp-content\\\/uploads\\\/2025\\\/04\\\/SWNstd529i-111.png?fit=800%2C800&ssl=1\",\"width\":800,\"height\":800},{\"@type\":\"BreadcrumbList\",\"@id\":\"https:\\\/\\\/premiumkeszulek.hu\\\/product\\\/liebherr-swnstd-529i-peak-nofrost-fagyasztoszekreny-bortemperalo-rekesszel\\\/#breadcrumb\",\"itemListElement\":[{\"@type\":\"ListItem\",\"position\":1,\"name\":\"Home\",\"item\":\"https:\\\/\\\/premiumkeszulek.hu\\\/hu\\\/\"},{\"@type\":\"ListItem\",\"position\":2,\"name\":\"Shop\",\"item\":\"https:\\\/\\\/premiumkeszulek.hu\\\/hu\\\/shop\\\/\"},{\"@type\":\"ListItem\",\"position\":3,\"name\":\"Liebherr SWNstd 529i Peak NoFrost fagyaszt\u00f3szekr\u00e9ny bortemper\u00e1l\u00f3 rekesszel\"}]},{\"@type\":\"WebSite\",\"@id\":\"https:\\\/\\\/premiumkeszulek.hu\\\/hu\\\/#website\",\"url\":\"https:\\\/\\\/premiumkeszulek.hu\\\/hu\\\/\",\"name\":\"Pr\u00e9miumK\u00e9sz\u00fcl\u00e9k\",\"description\":\"\",\"publisher\":{\"@id\":\"https:\\\/\\\/premiumkeszulek.hu\\\/hu\\\/#organization\"},\"potentialAction\":[{\"@type\":\"SearchAction\",\"target\":{\"@type\":\"EntryPoint\",\"urlTemplate\":\"https:\\\/\\\/premiumkeszulek.hu\\\/hu\\\/?s={search_term_string}\"},\"query-input\":{\"@type\":\"PropertyValueSpecification\",\"valueRequired\":true,\"valueName\":\"search_term_string\"}}],\"inLanguage\":\"hu\"},{\"@type\":\"Organization\",\"@id\":\"https:\\\/\\\/premiumkeszulek.hu\\\/hu\\\/#organization\",\"name\":\"Pr\u00e9miumK\u00e9sz\u00fcl\u00e9k\",\"alternateName\":\"HPH Special Kft\",\"url\":\"https:\\\/\\\/premiumkeszulek.hu\\\/hu\\\/\",\"logo\":{\"@type\":\"ImageObject\",\"inLanguage\":\"hu\",\"@id\":\"https:\\\/\\\/premiumkeszulek.hu\\\/hu\\\/#\\\/schema\\\/logo\\\/image\\\/\",\"url\":\"http:\\\/\\\/premiumkeszulek.hu\\\/wp-content\\\/uploads\\\/2025\\\/03\\\/TURKIZLOGO-kicsi.png\",\"contentUrl\":\"http:\\\/\\\/premiumkeszulek.hu\\\/wp-content\\\/uploads\\\/2025\\\/03\\\/TURKIZLOGO-kicsi.png\",\"width\":1600,\"height\":547,\"caption\":\"Pr\u00e9miumK\u00e9sz\u00fcl\u00e9k\"},\"image\":{\"@id\":\"https:\\\/\\\/premiumkeszulek.hu\\\/hu\\\/#\\\/schema\\\/logo\\\/image\\\/\"},\"sameAs\":[\"https:\\\/\\\/www.facebook.com\\\/konyhaluxnet\",\"https:\\\/\\\/www.instagram.com\\\/konyhaluxnet\\\/#\"],\"email\":\"info@premiumkeszulek.hu\",\"telephone\":\"36 1 \\\/ 226-1992\",\"legalName\":\"HPH Special Kft\",\"vatID\":\"HU12549502\",\"taxID\":\"12549502\",\"hasMerchantReturnPolicy\":{\"@type\":\"MerchantReturnPolicy\",\"merchantReturnLink\":\"https:\\\/\\\/premiumkeszulek.hu\\\/hu\\\/altalanos-szerzodesi-es-felhasznalasi-feltetelek\\\/\"}}]}<\/script>\n<meta property=\"product:brand\" content=\"Liebherr\" \/>\n<meta property=\"product:price:amount\" content=\"1709900\" \/>\n<meta property=\"product:price:currency\" content=\"HUF\" \/>\n<meta property=\"og:availability\" content=\"backorder\" \/>\n<meta property=\"product:availability\" content=\"available for order\" \/>\n<meta property=\"product:retailer_item_id\" content=\"4016803058212\" \/>\n<meta property=\"product:condition\" content=\"new\" \/>\n<!-- \/ Yoast SEO Premium plugin. -->","yoast_head_json":{"title":"Liebherr SWNstd 529i Peak NoFrost fagyaszt\u00f3szekr\u00e9ny bortemper\u00e1l\u00f3 rekesszel - Pr\u00e9miumK\u00e9sz\u00fcl\u00e9k","description":"Fedezze fel a Liebherr SWNstd 529i fagyaszt\u00f3szekr\u00e9ny el\u0151nyeit! Az integ\u00e1lt SmartDeviceBox a modern konyha t\u00f6k\u00e9letes kieg\u00e9sz\u00edt\u0151je.","robots":{"index":"index","follow":"follow","max-snippet":"max-snippet:-1","max-image-preview":"max-image-preview:large","max-video-preview":"max-video-preview:-1"},"canonical":"https:\/\/premiumkeszulek.hu\/hu\/termek\/liebherr-swnstd-529i-peak-nofrost-fagyasztoszekreny-bortemperalo-rekesszel\/","og_locale":"hu_HU","og_type":"article","og_title":"Liebherr SWNstd 529i Peak NoFrost fagyaszt\u00f3szekr\u00e9ny bortemper\u00e1l\u00f3 rekesszel","og_description":"Fedezze fel a Liebherr SWNstd 529i fagyaszt\u00f3szekr\u00e9ny el\u0151nyeit! Az integ\u00e1lt SmartDeviceBox a modern konyha t\u00f6k\u00e9letes kieg\u00e9sz\u00edt\u0151je.","og_url":"https:\/\/premiumkeszulek.hu\/hu\/termek\/liebherr-swnstd-529i-peak-nofrost-fagyasztoszekreny-bortemperalo-rekesszel\/","og_site_name":"Pr\u00e9miumK\u00e9sz\u00fcl\u00e9k","article_publisher":"https:\/\/www.facebook.com\/konyhaluxnet","article_modified_time":"2026-04-17T17:36:48+00:00","og_image":[{"width":800,"height":800,"url":"https:\/\/i0.wp.com\/premiumkeszulek.hu\/wp-content\/uploads\/2025\/04\/SWNstd529i-111.png?fit=800%2C800&ssl=1","type":"image\/png"}],"twitter_card":"summary_large_image","twitter_misc":{"\u00c1r":"1.709.900&#70;&#116;","El\u00e9rhet\u0151s\u00e9g":"Beszerz\u00e9s alatt"},"schema":{"@context":"https:\/\/schema.org","@graph":[{"@type":"WebPage","@id":"https:\/\/premiumkeszulek.hu\/product\/liebherr-swnstd-529i-peak-nofrost-fagyasztoszekreny-bortemperalo-rekesszel\/","url":"https:\/\/premiumkeszulek.hu\/product\/liebherr-swnstd-529i-peak-nofrost-fagyasztoszekreny-bortemperalo-rekesszel\/","name":"Liebherr SWNstd 529i Peak NoFrost fagyaszt\u00f3szekr\u00e9ny bortemper\u00e1l\u00f3 rekesszel - Pr\u00e9miumK\u00e9sz\u00fcl\u00e9k","isPartOf":{"@id":"https:\/\/premiumkeszulek.hu\/hu\/#website"},"primaryImageOfPage":{"@id":"https:\/\/premiumkeszulek.hu\/product\/liebherr-swnstd-529i-peak-nofrost-fagyasztoszekreny-bortemperalo-rekesszel\/#primaryimage"},"image":{"@id":"https:\/\/premiumkeszulek.hu\/product\/liebherr-swnstd-529i-peak-nofrost-fagyasztoszekreny-bortemperalo-rekesszel\/#primaryimage"},"thumbnailUrl":"https:\/\/i0.wp.com\/premiumkeszulek.hu\/wp-content\/uploads\/2025\/04\/SWNstd529i-111.png?fit=800%2C800&ssl=1","datePublished":"2025-04-07T09:57:55+00:00","dateModified":"2026-04-17T17:36:48+00:00","description":"Fedezze fel a Liebherr SWNstd 529i fagyaszt\u00f3szekr\u00e9ny el\u0151nyeit! Az integ\u00e1lt SmartDeviceBox a modern konyha t\u00f6k\u00e9letes kieg\u00e9sz\u00edt\u0151je.","breadcrumb":{"@id":"https:\/\/premiumkeszulek.hu\/product\/liebherr-swnstd-529i-peak-nofrost-fagyasztoszekreny-bortemperalo-rekesszel\/#breadcrumb"},"inLanguage":"hu","potentialAction":[{"@type":"ReadAction","target":["https:\/\/premiumkeszulek.hu\/product\/liebherr-swnstd-529i-peak-nofrost-fagyasztoszekreny-bortemperalo-rekesszel\/"]}]},{"@type":"ImageObject","inLanguage":"hu","@id":"https:\/\/premiumkeszulek.hu\/product\/liebherr-swnstd-529i-peak-nofrost-fagyasztoszekreny-bortemperalo-rekesszel\/#primaryimage","url":"https:\/\/i0.wp.com\/premiumkeszulek.hu\/wp-content\/uploads\/2025\/04\/SWNstd529i-111.png?fit=800%2C800&ssl=1","contentUrl":"https:\/\/i0.wp.com\/premiumkeszulek.hu\/wp-content\/uploads\/2025\/04\/SWNstd529i-111.png?fit=800%2C800&ssl=1","width":800,"height":800},{"@type":"BreadcrumbList","@id":"https:\/\/premiumkeszulek.hu\/product\/liebherr-swnstd-529i-peak-nofrost-fagyasztoszekreny-bortemperalo-rekesszel\/#breadcrumb","itemListElement":[{"@type":"ListItem","position":1,"name":"Home","item":"https:\/\/premiumkeszulek.hu\/hu\/"},{"@type":"ListItem","position":2,"name":"Shop","item":"https:\/\/premiumkeszulek.hu\/hu\/shop\/"},{"@type":"ListItem","position":3,"name":"Liebherr SWNstd 529i Peak NoFrost fagyaszt\u00f3szekr\u00e9ny bortemper\u00e1l\u00f3 rekesszel"}]},{"@type":"WebSite","@id":"https:\/\/premiumkeszulek.hu\/hu\/#website","url":"https:\/\/premiumkeszulek.hu\/hu\/","name":"Pr\u00e9miumK\u00e9sz\u00fcl\u00e9k","description":"","publisher":{"@id":"https:\/\/premiumkeszulek.hu\/hu\/#organization"},"potentialAction":[{"@type":"SearchAction","target":{"@type":"EntryPoint","urlTemplate":"https:\/\/premiumkeszulek.hu\/hu\/?s={search_term_string}"},"query-input":{"@type":"PropertyValueSpecification","valueRequired":true,"valueName":"search_term_string"}}],"inLanguage":"hu"},{"@type":"Organization","@id":"https:\/\/premiumkeszulek.hu\/hu\/#organization","name":"Pr\u00e9miumK\u00e9sz\u00fcl\u00e9k","alternateName":"HPH Special Kft","url":"https:\/\/premiumkeszulek.hu\/hu\/","logo":{"@type":"ImageObject","inLanguage":"hu","@id":"https:\/\/premiumkeszulek.hu\/hu\/#\/schema\/logo\/image\/","url":"http:\/\/premiumkeszulek.hu\/wp-content\/uploads\/2025\/03\/TURKIZLOGO-kicsi.png","contentUrl":"http:\/\/premiumkeszulek.hu\/wp-content\/uploads\/2025\/03\/TURKIZLOGO-kicsi.png","width":1600,"height":547,"caption":"Pr\u00e9miumK\u00e9sz\u00fcl\u00e9k"},"image":{"@id":"https:\/\/premiumkeszulek.hu\/hu\/#\/schema\/logo\/image\/"},"sameAs":["https:\/\/www.facebook.com\/konyhaluxnet","https:\/\/www.instagram.com\/konyhaluxnet\/#"],"email":"info@premiumkeszulek.hu","telephone":"36 1 \/ 226-1992","legalName":"HPH Special Kft","vatID":"HU12549502","taxID":"12549502","hasMerchantReturnPolicy":{"@type":"MerchantReturnPolicy","merchantReturnLink":"https:\/\/premiumkeszulek.hu\/hu\/altalanos-szerzodesi-es-felhasznalasi-feltetelek\/"}}]},"product_brand":"Liebherr","product_price_amount":"1709900","product_price_currency":"HUF","og_availability":"backorder","product_availability":"available for order","product_retailer_item_id":"4016803058212","product_condition":"new"},"jetpack_publicize_connections":[],"jetpack_likes_enabled":true,"jetpack_sharing_enabled":true,"jetpack-related-posts":[],"_links":{"self":[{"href":"https:\/\/premiumkeszulek.hu\/hu\/wp-json\/wp\/v2\/product\/10204","targetHints":{"allow":["GET"]}}],"collection":[{"href":"https:\/\/premiumkeszulek.hu\/hu\/wp-json\/wp\/v2\/product"}],"about":[{"href":"https:\/\/premiumkeszulek.hu\/hu\/wp-json\/wp\/v2\/types\/product"}],"replies":[{"embeddable":true,"href":"https:\/\/premiumkeszulek.hu\/hu\/wp-json\/wp\/v2\/comments?post=10204"}],"wp:featuredmedia":[{"embeddable":true,"href":"https:\/\/premiumkeszulek.hu\/hu\/wp-json\/wp\/v2\/media\/10203"}],"wp:attachment":[{"href":"https:\/\/premiumkeszulek.hu\/hu\/wp-json\/wp\/v2\/media?parent=10204"}],"wp:term":[{"taxonomy":"product_brand","embeddable":true,"href":"https:\/\/premiumkeszulek.hu\/hu\/wp-json\/wp\/v2\/product_brand?post=10204"},{"taxonomy":"product_cat","embeddable":true,"href":"https:\/\/premiumkeszulek.hu\/hu\/wp-json\/wp\/v2\/product_cat?post=10204"},{"taxonomy":"product_tag","embeddable":true,"href":"https:\/\/premiumkeszulek.hu\/hu\/wp-json\/wp\/v2\/product_tag?post=10204"},{"taxonomy":"woo-feed-brand","embeddable":true,"href":"https:\/\/premiumkeszulek.hu\/hu\/wp-json\/wp\/v2\/woo-feed-brand?post=10204"}],"curies":[{"name":"wp","href":"https:\/\/api.w.org\/{rel}","templated":true}]}}