{"id":10164,"date":"2025-04-07T11:56:48","date_gmt":"2025-04-07T09:56:48","guid":{"rendered":"https:\/\/premiumkeszulek.hu\/termek\/liebherr-mbsddi-9528-plus-biofresh-nofrost-francia-ajtos-huto-smartsteel\/"},"modified":"2026-04-01T19:50:41","modified_gmt":"2026-04-01T17:50:41","slug":"liebherr-mbsddi-9528-plus-biofresh-nofrost-francia-ajtos-huto-smartsteel","status":"publish","type":"product","link":"https:\/\/premiumkeszulek.hu\/hu\/termek\/liebherr-mbsddi-9528-plus-biofresh-nofrost-francia-ajtos-huto-smartsteel\/","title":{"rendered":"Liebherr MBsddi 9528 Plus BioFresh NoFrost Francia ajt\u00f3 h\u0171t\u0151 SmartSteel"},"content":{"rendered":"<div class=\"loadbeeTabContent\" data-loadbee-apikey=\"bVxDWaSdseFz5PWWtvKmAkGr88n6WXYY\" data-loadbee-gtin=\"4016803097112\" data-loadbee-locale=\"hu_HU\">\u00a0\n<\/div>\n<p><script async src=\"https:\/\/cdn.loadbee.com\/js\/loadbee_integration.js\"><\/script><script type=\"text\/javascript\"\nsrc=\"https:\/\/tracking.channelsight.com\/api\/tracking\/v2\/Init\">\n<\/script><\/p>","protected":false},"excerpt":{"rendered":"<p>V\u00edz J\u00e9g k\u00f6zpont<br \/>\nEgyszer\u0171en friss\u00edt\u0151: A Water Ice k\u00f6zpont mindig friss \u00e9s hideg vizet biztos\u00edt - gy\u00f6ny\u00f6r\u0171en form\u00e1zott, tiszta j\u00e9gkock\u00e1kkal vagy z\u00fazott j\u00e9ggel. Ezt azt jelenti, hogy mindig elegend\u0151 j\u00e9g lesz a j\u00e9ghideg italok felszolg\u00e1l\u00e1s\u00e1hoz, m\u00e9g spont\u00e1n \u00f6sszej\u00f6vetelek eset\u00e9n is. K\u00e9nyelmes extra: a v\u00edzadagol\u00f3 lehet\u0151v\u00e9 teszi, hogy a v\u00edzmennyis\u00e9get a k\u00edv\u00e1nt t\u00e1rol\u00f3 \u0171rtartalm\u00e1hoz igaz\u00edtsa.<\/p>\n<p>PowerCooling-rendszer<br \/>\nSzeretne biztos lenni abban, hogy a hideg leveg\u0151 egyenletesen oszlik el a h\u0171t\u0151k\u00e9sz\u00fcl\u00e9k\u00e9ben? A PowerCooling-rendszer gondoskodik err\u0151l: az egyszerre er\u0151teljes \u00e9s halk ventil\u00e1tor hat\u00e9konyan osztja el a hideg leveg\u0151t a teljes h\u0171t\u0151t\u00e9rben.<\/p>\n<p>BioFresh<br \/>\n\u00c9lvezze a hosszan tart\u00f3 frissess\u00e9get \u00e9s a rugalmas t\u00e1rol\u00e1st: A BioFresh-rekeszek ide\u00e1lis, 0 \u00b0C feletti h\u0151m\u00e9rs\u00e9kletet biztos\u00edtanak. A legfontosabb jellemz\u0151ik: gy\u00fcm\u00f6lcs\u00f6k \u00e9s z\u00f6lds\u00e9gek t\u00e1rol\u00e1sakor z\u00e1rja le a fedelet a p\u00e1ratartalom n\u00f6vel\u00e9se \u00e9s a frissess\u00e9g meg\u0151rz\u00e9se \u00e9rdek\u00e9ben. A h\u00fasok \u00e9s tejterm\u00e9kek viszont nyitott fed\u00e9llel \u00e9s alacsonyabb p\u00e1ratartalom mellett t\u00e1rolhat\u00f3k megfelel\u0151en.<\/p>\n<p>VarioTempZone<br \/>\n\u00c9lvezze a maxim\u00e1lis rugalmass\u00e1got az \u00e9lelmiszerek t\u00e1rol\u00e1sa sor\u00e1n: A VarioTempZone-t -18 \u00e9s -10 \u00b0C k\u00f6z\u00f6tt, illetve -2 \u00e9s +5 \u00b0C k\u00f6z\u00f6tt pontosan be\u00e1ll\u00edthatja. Ez azt jelenti, hogy egy extra h\u0171t\u00e9si z\u00f3n\u00e1t haszn\u00e1lhat a bulikon, p\u00e9ld\u00e1ul az italok h\u0171t\u00e9s\u00e9hez. \u00c9s ha megmaradna valami a sv\u00e9dasztalr\u00f3l? Akkor m\u00e9g mindig marad el\u00e9g hely a fagyaszt\u00e1shoz - \u00edgy nem kell semmit sem kidobni.<\/p>\n<p>Ajt\u00f3polc-rendszerez\u0151<br \/>\nA praktikus ajt\u00f3polc-rendszerez\u0151 seg\u00edt az ajt\u00f3polcokon l\u00e9v\u0151 t\u00e1rgyak k\u00e9nyelmesebb t\u00e1rol\u00e1s\u00e1ban. Sz\u00e9tosztja a polcot, \u00e9s mindent sz\u00e9pen rendben tart. Az \u00e1tl\u00e1tsz\u00f3 keret m\u00e9g a kisebb t\u00e1rgyakat is biztons\u00e1gosan tartja a hely\u00e9n - t\u00f6k\u00e9letes pl. \u00fcvegek, kozmetikumok \u00e9s kis konzervdobozok t\u00e1rol\u00e1s\u00e1hoz. K\u00f6nnyen elhelyezhet\u0151 b\u00e1rmelyik ajt\u00f3polcon.<\/p>\n<p>D\u00f6nthet\u0151 ajt\u00f3polc<br \/>\nExtra t\u00e1rol\u00f3helyre van sz\u00fcks\u00e9ge a h\u0171t\u0151szekr\u00e9ny\u00e9ben? Akkor im\u00e1dni fogja a d\u00f6nthet\u0151 ajt\u00f3polcot: ez a v\u00e9kony rekesz t\u00f6k\u00e9letesen kihaszn\u00e1lja az ajt\u00f3polcok alatti r\u00e9st a kisebb \u00e9lelmiszerek, p\u00e9ld\u00e1ul tubusok vagy kis \u00fcvegek t\u00e1rol\u00e1s\u00e1hoz. \u00c9s a legjobb az eg\u00e9szben: lefel\u00e9 d\u00f6nthet\u0151, \u00edgy nagyon k\u00f6nnyen hozz\u00e1f\u00e9rhet a t\u00e1rolt \u00e9lelmiszerekhez.<\/p>\n<p>Rugalmas ajt\u00f3polcok<br \/>\nBiztons\u00e1gos t\u00e1rol\u00f3helyet keres az italok vagy az \u00e9lelmiszerek sz\u00e1m\u00e1ra? Ugyanakkor k\u00f6nnyen el is szeretn\u00e9 azokat \u00e9rni? \u00c1ll\u00edthat\u00f3 magass\u00e1g\u00fa ajt\u00f3polcaink e k\u00e9t el\u0151nyt k\u00edn\u00e1lj\u00e1k - a biztons\u00e1gi \u00fcvegb\u0151l \u00e9s nemesac\u00e9l r\u00e1csokb\u00f3l \u00e1ll\u00f3 elemeknek k\u00f6sz\u00f6nhet\u0151en. A mozgathat\u00f3 \u00e9s kivehet\u0151 palacktart\u00f3 pedig gondoskodik a palackok stabilit\u00e1s\u00e1r\u00f3l.<\/p>","protected":false},"featured_media":10163,"comment_status":"closed","ping_status":"closed","template":"","meta":{"_crdt_document":"","content-type":"","jetpack_post_was_ever_published":false,"jetpack_publicize_message":"","jetpack_publicize_feature_enabled":true,"jetpack_social_post_already_shared":true,"jetpack_social_options":{"image_generator_settings":{"template":"highway","default_image_id":0,"font":"","enabled":false},"version":2},"_wpas_customize_per_network":false},"product_brand":[1373],"product_cat":[1404,1543],"product_tag":[],"woo-feed-brand":[],"class_list":{"0":"post-10164","1":"product","2":"type-product","3":"status-publish","4":"has-post-thumbnail","6":"product_brand-liebherr","7":"product_cat-hutokfagyasztok","8":"product_cat-szabadonallo-hutoszekrenyek","9":"product_shipping_class-100000felett","11":"first","12":"onbackorder","13":"taxable","14":"shipping-taxable","15":"purchasable","16":"product-type-simple"},"yoast_head":"<!-- This site is optimized with the Yoast SEO Premium plugin v26.9 (Yoast SEO v26.9) - https:\/\/yoast.com\/product\/yoast-seo-premium-wordpress\/ -->\n<title>Liebherr MBsddi 9528 Plus BioFresh NoFrost Francia ajt\u00f3s h\u0171t\u0151 SmartSteel - Pr\u00e9miumK\u00e9sz\u00fcl\u00e9k<\/title>\n<meta name=\"description\" content=\"Tapasztalja meg a frissess\u00e9get a Liebherr MBsddi 9528 h\u0171t\u0151vel! A PowerCooling rendszer \u00e9s a BioFresh rekesz garant\u00e1lt hossz\u00fa t\u00e1v\u00fa frissess\u00e9get ny\u00fajt.\" \/>\n<meta name=\"robots\" content=\"index, follow, max-snippet:-1, max-image-preview:large, max-video-preview:-1\" \/>\n<link rel=\"canonical\" href=\"http:\/\/premiumkeszulek.hu\/hu\/termek\/liebherr-mbsddi-9528-plus-biofresh-nofrost-francia-ajtos-huto-smartsteel\/\" \/>\n<meta property=\"og:locale\" content=\"hu_HU\" \/>\n<meta property=\"og:type\" content=\"article\" \/>\n<meta property=\"og:title\" content=\"Liebherr MBsddi 9528 Plus BioFresh NoFrost Francia ajt\u00f3s h\u0171t\u0151 SmartSteel\" \/>\n<meta property=\"og:description\" content=\"Tapasztalja meg a frissess\u00e9get a Liebherr MBsddi 9528 h\u0171t\u0151vel! A PowerCooling rendszer \u00e9s a BioFresh rekesz garant\u00e1lt hossz\u00fa t\u00e1v\u00fa frissess\u00e9get ny\u00fajt.\" \/>\n<meta property=\"og:url\" content=\"http:\/\/premiumkeszulek.hu\/hu\/termek\/liebherr-mbsddi-9528-plus-biofresh-nofrost-francia-ajtos-huto-smartsteel\/\" \/>\n<meta property=\"og:site_name\" content=\"Pr\u00e9miumK\u00e9sz\u00fcl\u00e9k\" \/>\n<meta property=\"article:publisher\" content=\"https:\/\/www.facebook.com\/konyhaluxnet\" \/>\n<meta property=\"article:modified_time\" content=\"2026-04-01T17:50:41+00:00\" \/>\n<meta property=\"og:image\" content=\"https:\/\/i0.wp.com\/premiumkeszulek.hu\/wp-content\/uploads\/2025\/04\/MBsddi9528-111.png?fit=800%2C800\" \/>\n\t<meta property=\"og:image:width\" content=\"800\" \/>\n\t<meta property=\"og:image:height\" content=\"800\" \/>\n\t<meta property=\"og:image:type\" content=\"image\/png\" \/>\n<meta name=\"twitter:card\" content=\"summary_large_image\" \/>\n<meta name=\"twitter:label1\" content=\"\u00c1r\" \/>\n\t<meta name=\"twitter:data1\" content=\"1.471.900&#070;&#116;\" \/>\n\t<meta name=\"twitter:label2\" content=\"El\u00e9rhet\u0151s\u00e9g\" \/>\n\t<meta name=\"twitter:data2\" content=\"Beszerz\u00e9s alatt\" \/>\n<script type=\"application\/ld+json\" class=\"yoast-schema-graph\">{\"@context\":\"https:\/\/schema.org\",\"@graph\":[{\"@type\":\"WebPage\",\"@id\":\"http:\/\/premiumkeszulek.hu\/product\/liebherr-mbsddi-9528-plus-biofresh-nofrost-francia-ajtos-huto-smartsteel\/\",\"url\":\"http:\/\/premiumkeszulek.hu\/product\/liebherr-mbsddi-9528-plus-biofresh-nofrost-francia-ajtos-huto-smartsteel\/\",\"name\":\"Liebherr MBsddi 9528 Plus BioFresh NoFrost Francia ajt\u00f3s h\u0171t\u0151 SmartSteel - Pr\u00e9miumK\u00e9sz\u00fcl\u00e9k\",\"isPartOf\":{\"@id\":\"https:\/\/premiumkeszulek.hu\/en\/#website\"},\"primaryImageOfPage\":{\"@id\":\"http:\/\/premiumkeszulek.hu\/product\/liebherr-mbsddi-9528-plus-biofresh-nofrost-francia-ajtos-huto-smartsteel\/#primaryimage\"},\"image\":{\"@id\":\"http:\/\/premiumkeszulek.hu\/product\/liebherr-mbsddi-9528-plus-biofresh-nofrost-francia-ajtos-huto-smartsteel\/#primaryimage\"},\"thumbnailUrl\":\"https:\/\/i0.wp.com\/premiumkeszulek.hu\/wp-content\/uploads\/2025\/04\/MBsddi9528-111.png?fit=800%2C800&ssl=1\",\"datePublished\":\"2025-04-07T09:56:48+00:00\",\"dateModified\":\"2026-04-01T17:50:41+00:00\",\"description\":\"Tapasztalja meg a frissess\u00e9get a Liebherr MBsddi 9528 h\u0171t\u0151vel! A PowerCooling rendszer \u00e9s a BioFresh rekesz garant\u00e1lt hossz\u00fa t\u00e1v\u00fa frissess\u00e9get ny\u00fajt.\",\"breadcrumb\":{\"@id\":\"http:\/\/premiumkeszulek.hu\/product\/liebherr-mbsddi-9528-plus-biofresh-nofrost-francia-ajtos-huto-smartsteel\/#breadcrumb\"},\"inLanguage\":\"hu\",\"potentialAction\":[{\"@type\":\"ReadAction\",\"target\":[\"http:\/\/premiumkeszulek.hu\/product\/liebherr-mbsddi-9528-plus-biofresh-nofrost-francia-ajtos-huto-smartsteel\/\"]}]},{\"@type\":\"ImageObject\",\"inLanguage\":\"hu\",\"@id\":\"http:\/\/premiumkeszulek.hu\/product\/liebherr-mbsddi-9528-plus-biofresh-nofrost-francia-ajtos-huto-smartsteel\/#primaryimage\",\"url\":\"https:\/\/i0.wp.com\/premiumkeszulek.hu\/wp-content\/uploads\/2025\/04\/MBsddi9528-111.png?fit=800%2C800&ssl=1\",\"contentUrl\":\"https:\/\/i0.wp.com\/premiumkeszulek.hu\/wp-content\/uploads\/2025\/04\/MBsddi9528-111.png?fit=800%2C800&ssl=1\",\"width\":800,\"height\":800},{\"@type\":\"BreadcrumbList\",\"@id\":\"http:\/\/premiumkeszulek.hu\/product\/liebherr-mbsddi-9528-plus-biofresh-nofrost-francia-ajtos-huto-smartsteel\/#breadcrumb\",\"itemListElement\":[{\"@type\":\"ListItem\",\"position\":1,\"name\":\"Home\",\"item\":\"https:\/\/premiumkeszulek.hu\/en\/\"},{\"@type\":\"ListItem\",\"position\":2,\"name\":\"Shop\",\"item\":\"https:\/\/premiumkeszulek.hu\/en\/shop\/\"},{\"@type\":\"ListItem\",\"position\":3,\"name\":\"Liebherr MBsddi 9528 Plus BioFresh NoFrost Francia ajt\u00f3s h\u0171t\u0151 SmartSteel\"}]},{\"@type\":\"WebSite\",\"@id\":\"https:\/\/premiumkeszulek.hu\/en\/#website\",\"url\":\"https:\/\/premiumkeszulek.hu\/en\/\",\"name\":\"Pr\u00e9miumK\u00e9sz\u00fcl\u00e9k\",\"description\":\"\",\"publisher\":{\"@id\":\"https:\/\/premiumkeszulek.hu\/en\/#organization\"},\"potentialAction\":[{\"@type\":\"SearchAction\",\"target\":{\"@type\":\"EntryPoint\",\"urlTemplate\":\"https:\/\/premiumkeszulek.hu\/en\/?s={search_term_string}\"},\"query-input\":{\"@type\":\"PropertyValueSpecification\",\"valueRequired\":true,\"valueName\":\"search_term_string\"}}],\"inLanguage\":\"hu\"},{\"@type\":\"Organization\",\"@id\":\"https:\/\/premiumkeszulek.hu\/en\/#organization\",\"name\":\"Pr\u00e9miumK\u00e9sz\u00fcl\u00e9k\",\"alternateName\":\"HPH Special Kft\",\"url\":\"https:\/\/premiumkeszulek.hu\/en\/\",\"logo\":{\"@type\":\"ImageObject\",\"inLanguage\":\"hu\",\"@id\":\"https:\/\/premiumkeszulek.hu\/en\/#\/schema\/logo\/image\/\",\"url\":\"http:\/\/premiumkeszulek.hu\/wp-content\/uploads\/2025\/03\/TURKIZLOGO-kicsi.png\",\"contentUrl\":\"http:\/\/premiumkeszulek.hu\/wp-content\/uploads\/2025\/03\/TURKIZLOGO-kicsi.png\",\"width\":1600,\"height\":547,\"caption\":\"Pr\u00e9miumK\u00e9sz\u00fcl\u00e9k\"},\"image\":{\"@id\":\"https:\/\/premiumkeszulek.hu\/en\/#\/schema\/logo\/image\/\"},\"sameAs\":[\"https:\/\/www.facebook.com\/konyhaluxnet\",\"https:\/\/www.instagram.com\/konyhaluxnet\/#\"],\"email\":\"info@premiumkeszulek.hu\",\"telephone\":\"36 1 \/ 226-1992\",\"legalName\":\"HPH Special Kft\",\"vatID\":\"HU12549502\",\"taxID\":\"12549502\",\"hasMerchantReturnPolicy\":{\"@type\":\"MerchantReturnPolicy\",\"merchantReturnLink\":\"https:\/\/premiumkeszulek.hu\/hu\/altalanos-szerzodesi-es-felhasznalasi-feltetelek\/\"}}]}<\/script>\n<meta property=\"product:brand\" content=\"Liebherr\" \/>\n<meta property=\"product:price:amount\" content=\"1471900\" \/>\n<meta property=\"product:price:currency\" content=\"HUF\" \/>\n<meta property=\"og:availability\" content=\"backorder\" \/>\n<meta property=\"product:availability\" content=\"available for order\" \/>\n<meta property=\"product:retailer_item_id\" content=\"4016803097112\" \/>\n<meta property=\"product:condition\" content=\"new\" \/>\n<!-- \/ Yoast SEO Premium plugin. -->","yoast_head_json":{"title":"Liebherr MBsddi 9528 Plus BioFresh NoFrost Francia ajt\u00f3s h\u0171t\u0151 SmartSteel - Pr\u00e9miumK\u00e9sz\u00fcl\u00e9k","description":"Tapasztalja meg a frissess\u00e9get a Liebherr MBsddi 9528 h\u0171t\u0151vel! A PowerCooling rendszer \u00e9s a BioFresh rekesz garant\u00e1lt hossz\u00fa t\u00e1v\u00fa frissess\u00e9get ny\u00fajt.","robots":{"index":"index","follow":"follow","max-snippet":"max-snippet:-1","max-image-preview":"max-image-preview:large","max-video-preview":"max-video-preview:-1"},"canonical":"http:\/\/premiumkeszulek.hu\/hu\/termek\/liebherr-mbsddi-9528-plus-biofresh-nofrost-francia-ajtos-huto-smartsteel\/","og_locale":"hu_HU","og_type":"article","og_title":"Liebherr MBsddi 9528 Plus BioFresh NoFrost Francia ajt\u00f3s h\u0171t\u0151 SmartSteel","og_description":"Tapasztalja meg a frissess\u00e9get a Liebherr MBsddi 9528 h\u0171t\u0151vel! A PowerCooling rendszer \u00e9s a BioFresh rekesz garant\u00e1lt hossz\u00fa t\u00e1v\u00fa frissess\u00e9get ny\u00fajt.","og_url":"http:\/\/premiumkeszulek.hu\/hu\/termek\/liebherr-mbsddi-9528-plus-biofresh-nofrost-francia-ajtos-huto-smartsteel\/","og_site_name":"Pr\u00e9miumK\u00e9sz\u00fcl\u00e9k","article_publisher":"https:\/\/www.facebook.com\/konyhaluxnet","article_modified_time":"2026-04-01T17:50:41+00:00","og_image":[{"width":800,"height":800,"url":"https:\/\/i0.wp.com\/premiumkeszulek.hu\/wp-content\/uploads\/2025\/04\/MBsddi9528-111.png?fit=800%2C800","type":"image\/png"}],"twitter_card":"summary_large_image","twitter_misc":{"\u00c1r":"1.471.900&#70;&#116;","El\u00e9rhet\u0151s\u00e9g":"Beszerz\u00e9s alatt"},"schema":{"@context":"https:\/\/schema.org","@graph":[{"@type":"WebPage","@id":"http:\/\/premiumkeszulek.hu\/product\/liebherr-mbsddi-9528-plus-biofresh-nofrost-francia-ajtos-huto-smartsteel\/","url":"http:\/\/premiumkeszulek.hu\/product\/liebherr-mbsddi-9528-plus-biofresh-nofrost-francia-ajtos-huto-smartsteel\/","name":"Liebherr MBsddi 9528 Plus BioFresh NoFrost Francia ajt\u00f3s h\u0171t\u0151 SmartSteel - Pr\u00e9miumK\u00e9sz\u00fcl\u00e9k","isPartOf":{"@id":"https:\/\/premiumkeszulek.hu\/en\/#website"},"primaryImageOfPage":{"@id":"http:\/\/premiumkeszulek.hu\/product\/liebherr-mbsddi-9528-plus-biofresh-nofrost-francia-ajtos-huto-smartsteel\/#primaryimage"},"image":{"@id":"http:\/\/premiumkeszulek.hu\/product\/liebherr-mbsddi-9528-plus-biofresh-nofrost-francia-ajtos-huto-smartsteel\/#primaryimage"},"thumbnailUrl":"https:\/\/i0.wp.com\/premiumkeszulek.hu\/wp-content\/uploads\/2025\/04\/MBsddi9528-111.png?fit=800%2C800&ssl=1","datePublished":"2025-04-07T09:56:48+00:00","dateModified":"2026-04-01T17:50:41+00:00","description":"Tapasztalja meg a frissess\u00e9get a Liebherr MBsddi 9528 h\u0171t\u0151vel! A PowerCooling rendszer \u00e9s a BioFresh rekesz garant\u00e1lt hossz\u00fa t\u00e1v\u00fa frissess\u00e9get ny\u00fajt.","breadcrumb":{"@id":"http:\/\/premiumkeszulek.hu\/product\/liebherr-mbsddi-9528-plus-biofresh-nofrost-francia-ajtos-huto-smartsteel\/#breadcrumb"},"inLanguage":"hu","potentialAction":[{"@type":"ReadAction","target":["http:\/\/premiumkeszulek.hu\/product\/liebherr-mbsddi-9528-plus-biofresh-nofrost-francia-ajtos-huto-smartsteel\/"]}]},{"@type":"ImageObject","inLanguage":"hu","@id":"http:\/\/premiumkeszulek.hu\/product\/liebherr-mbsddi-9528-plus-biofresh-nofrost-francia-ajtos-huto-smartsteel\/#primaryimage","url":"https:\/\/i0.wp.com\/premiumkeszulek.hu\/wp-content\/uploads\/2025\/04\/MBsddi9528-111.png?fit=800%2C800&ssl=1","contentUrl":"https:\/\/i0.wp.com\/premiumkeszulek.hu\/wp-content\/uploads\/2025\/04\/MBsddi9528-111.png?fit=800%2C800&ssl=1","width":800,"height":800},{"@type":"BreadcrumbList","@id":"http:\/\/premiumkeszulek.hu\/product\/liebherr-mbsddi-9528-plus-biofresh-nofrost-francia-ajtos-huto-smartsteel\/#breadcrumb","itemListElement":[{"@type":"ListItem","position":1,"name":"Home","item":"https:\/\/premiumkeszulek.hu\/en\/"},{"@type":"ListItem","position":2,"name":"Shop","item":"https:\/\/premiumkeszulek.hu\/en\/shop\/"},{"@type":"ListItem","position":3,"name":"Liebherr MBsddi 9528 Plus BioFresh NoFrost Francia ajt\u00f3s h\u0171t\u0151 SmartSteel"}]},{"@type":"WebSite","@id":"https:\/\/premiumkeszulek.hu\/en\/#website","url":"https:\/\/premiumkeszulek.hu\/en\/","name":"Pr\u00e9miumK\u00e9sz\u00fcl\u00e9k","description":"","publisher":{"@id":"https:\/\/premiumkeszulek.hu\/en\/#organization"},"potentialAction":[{"@type":"SearchAction","target":{"@type":"EntryPoint","urlTemplate":"https:\/\/premiumkeszulek.hu\/en\/?s={search_term_string}"},"query-input":{"@type":"PropertyValueSpecification","valueRequired":true,"valueName":"search_term_string"}}],"inLanguage":"hu"},{"@type":"Organization","@id":"https:\/\/premiumkeszulek.hu\/en\/#organization","name":"Pr\u00e9miumK\u00e9sz\u00fcl\u00e9k","alternateName":"HPH Special Kft","url":"https:\/\/premiumkeszulek.hu\/en\/","logo":{"@type":"ImageObject","inLanguage":"hu","@id":"https:\/\/premiumkeszulek.hu\/en\/#\/schema\/logo\/image\/","url":"http:\/\/premiumkeszulek.hu\/wp-content\/uploads\/2025\/03\/TURKIZLOGO-kicsi.png","contentUrl":"http:\/\/premiumkeszulek.hu\/wp-content\/uploads\/2025\/03\/TURKIZLOGO-kicsi.png","width":1600,"height":547,"caption":"Pr\u00e9miumK\u00e9sz\u00fcl\u00e9k"},"image":{"@id":"https:\/\/premiumkeszulek.hu\/en\/#\/schema\/logo\/image\/"},"sameAs":["https:\/\/www.facebook.com\/konyhaluxnet","https:\/\/www.instagram.com\/konyhaluxnet\/#"],"email":"info@premiumkeszulek.hu","telephone":"36 1 \/ 226-1992","legalName":"HPH Special Kft","vatID":"HU12549502","taxID":"12549502","hasMerchantReturnPolicy":{"@type":"MerchantReturnPolicy","merchantReturnLink":"https:\/\/premiumkeszulek.hu\/hu\/altalanos-szerzodesi-es-felhasznalasi-feltetelek\/"}}]},"product_brand":"Liebherr","product_price_amount":"1471900","product_price_currency":"HUF","og_availability":"backorder","product_availability":"available for order","product_retailer_item_id":"4016803097112","product_condition":"new"},"jetpack_publicize_connections":[],"jetpack_likes_enabled":true,"jetpack_sharing_enabled":true,"jetpack-related-posts":[],"_links":{"self":[{"href":"https:\/\/premiumkeszulek.hu\/hu\/wp-json\/wp\/v2\/product\/10164","targetHints":{"allow":["GET"]}}],"collection":[{"href":"https:\/\/premiumkeszulek.hu\/hu\/wp-json\/wp\/v2\/product"}],"about":[{"href":"https:\/\/premiumkeszulek.hu\/hu\/wp-json\/wp\/v2\/types\/product"}],"replies":[{"embeddable":true,"href":"https:\/\/premiumkeszulek.hu\/hu\/wp-json\/wp\/v2\/comments?post=10164"}],"wp:featuredmedia":[{"embeddable":true,"href":"https:\/\/premiumkeszulek.hu\/hu\/wp-json\/wp\/v2\/media\/10163"}],"wp:attachment":[{"href":"https:\/\/premiumkeszulek.hu\/hu\/wp-json\/wp\/v2\/media?parent=10164"}],"wp:term":[{"taxonomy":"product_brand","embeddable":true,"href":"https:\/\/premiumkeszulek.hu\/hu\/wp-json\/wp\/v2\/product_brand?post=10164"},{"taxonomy":"product_cat","embeddable":true,"href":"https:\/\/premiumkeszulek.hu\/hu\/wp-json\/wp\/v2\/product_cat?post=10164"},{"taxonomy":"product_tag","embeddable":true,"href":"https:\/\/premiumkeszulek.hu\/hu\/wp-json\/wp\/v2\/product_tag?post=10164"},{"taxonomy":"woo-feed-brand","embeddable":true,"href":"https:\/\/premiumkeszulek.hu\/hu\/wp-json\/wp\/v2\/woo-feed-brand?post=10164"}],"curies":[{"name":"wp","href":"https:\/\/api.w.org\/{rel}","templated":true}]}}