{"id":39752,"date":"2025-09-15T17:56:56","date_gmt":"2025-09-15T15:56:56","guid":{"rendered":"https:\/\/premiumkeszulek.hu\/?page_id=39752"},"modified":"2025-09-15T18:10:22","modified_gmt":"2025-09-15T16:10:22","slug":"premiumkeszulek-reszletfizetes","status":"publish","type":"page","link":"https:\/\/premiumkeszulek.hu\/hu\/premiumkeszulek-reszletfizetes\/","title":{"rendered":"Pr\u00e9miumk\u00e9sz\u00fcl\u00e9k r\u00e9szletfizet\u00e9s"},"content":{"rendered":"<p class=\"has-text-color has-link-color has-large-font-size wp-elements-4a6b6131026fc76e694776126f2a6511 wp-block-paragraph\" style=\"color:#006d77\"><strong>Pr\u00e9miumK\u00e9sz\u00fcl\u00e9k r\u00e9szletfizet\u00e9s<\/strong><\/p>\n\n\n\n<p class=\"has-medium-font-size wp-block-paragraph\">A legt\u00f6bb ak\u00e1r r\u00e9szletfizet\u00e9ssel is megv\u00e1s\u00e1rolhatod term\u00e9keinket az instacash \u00e1ltal biztos\u00edtott digit\u00e1lis r\u00e9szletfizet\u00e9si megold\u00e1s seg\u00edts\u00e9g\u00e9vel.<\/p>\n\n\n\n<p class=\"has-text-color has-link-color has-medium-font-size wp-elements-e473def5e4097336729b0b06588b7150 wp-block-paragraph\" style=\"color:#006d77\"><strong>7 perc alatt, azonnali b\u00edr\u00e1lattal<\/strong><\/p>\n\n\n\n<p class=\"has-medium-font-size wp-block-paragraph\">Nincs banki \u00fcgyint\u00e9z\u00e9s, nincs bankfi\u00f3ki sorban \u00e1ll\u00e1s, a b\u00edr\u00e1lat eredm\u00e9nye azonnali<\/p>\n\n\n\n<p class=\"has-text-color has-link-color has-medium-font-size wp-elements-fbafa3ce25f7bcd479f57d920f277e12 wp-block-paragraph\" style=\"color:#006d77\"><strong>K\u00f6lts\u00e9gmentes, 0% THM<\/strong><\/p>\n\n\n\n<p class=\"has-medium-font-size wp-block-paragraph\">Nincs d\u00edj, nincs kamat, nincs rejtett k\u00f6lts\u00e9g, \u00edgy sokkal kedvez\u0151bb, mint a piacon el\u00e9rhet\u0151 banki aj\u00e1nlatok<\/p>\n\n\n\n<p class=\"has-text-color has-link-color has-medium-font-size wp-elements-44e2b33c463df97e9b012d55cbbda736 wp-block-paragraph\" style=\"color:#006d77\"><strong>K\u00e9nyelmes, nincs sz\u00fcks\u00e9g dokumentumokra<\/strong><\/p>\n\n\n\n<p class=\"has-medium-font-size wp-block-paragraph\">Nincs sz\u00fcks\u00e9g a banki hitelig\u00e9nyl\u00e9sekn\u00e9l megszokott dokumentumok beny\u00fajt\u00e1s\u00e1ra, nincs sz\u00fcks\u00e9g munk\u00e1ltat\u00f3i igazol\u00e1sra<\/p>\n\n\n\n<p class=\"has-text-color has-link-color has-medium-font-size wp-elements-a0adbd4492df9235095a32713a2bc3a8 wp-block-paragraph\" style=\"color:#006d77\"><strong>Transzparens, egyszer\u0171 m\u0171k\u00f6d\u00e9s<\/strong><\/p>\n\n\n\n<p class=\"has-medium-font-size wp-block-paragraph\">R\u00e9szletfizet\u00e9s egy digit\u00e1lis \u00dcgyf\u00e9lfi\u00f3kban b\u00e1rmikor nyomon k\u00f6vethet\u0151, r\u00e9szletek automatikusan levon\u00e1sra ker\u00fclnek, amir\u0151l automatikus \u00e9rtes\u00edt\u00e9sek mennek<\/p>\n\n\n\n<p class=\"has-text-color has-link-color has-medium-font-size wp-elements-4768e6065d899ef5b9d2e509d6465376 wp-block-paragraph\" style=\"color:#006d77\"><strong>Kihez fordulhatok, ha k\u00e9rd\u00e9sem van a r\u00e9szletfizet\u00e9ssel kapcsolatban?<\/strong><\/p>\n\n\n\n<p class=\"has-medium-font-size wp-block-paragraph\">B\u00e1rmely k\u00e9rd\u00e9s eset\u00e9n fordulj k\u00f6zvetlen\u00fcl a r\u00e9szletfizet\u00e9si szak\u00e9rt\u0151nkh\u00f6z az al\u00e1bbi el\u00e9rhet\u0151s\u00e9gek egyik\u00e9n:<\/p>\n\n\n\n<p class=\"has-text-color has-link-color has-medium-font-size wp-elements-bae9aa2e05e0f8e8a229e43bb205962f wp-block-paragraph\" style=\"color:#3e74ad\"><a href=\"https:\/\/instacash.hu\">Honlap:<\/a> <a href=\"https:\/\/instacash.hu\/\">https:\/\/instacash.hu\/<\/a><\/p>\n\n\n\n<p class=\"has-medium-font-size wp-block-paragraph\">E-mail: reszletfizetes@instacash.hu<\/p>\n\n\n\n<p class=\"has-medium-font-size wp-block-paragraph\">Cseveg\u00e9s: <a href=\"https:\/\/m.me\/instacash.hu\">https:\/\/m.me\/instacash.hu<\/a><\/p>\n\n\n\n<p class=\"has-text-color has-link-color has-medium-font-size wp-elements-c8a3a77dce1fd36e1c3cd242e698cf0f wp-block-paragraph\" style=\"color:#006d77\"><strong>Pontosan mi is ez a r\u00e9szletfizet\u00e9s?<\/strong><\/p>\n\n\n\n<p class=\"has-medium-font-size wp-block-paragraph\">\u2794 \u00d6ner\u0151: 0 %<\/p>\n\n\n\n<p class=\"has-medium-font-size wp-block-paragraph\">\u2794 Futamid\u0151: 4 h\u00f3nap<\/p>\n\n\n\n<p class=\"has-medium-font-size wp-block-paragraph\">\u2794 <strong>FONTOS:<\/strong> a r\u00e9szletfizet\u00e9s minimum <strong>50.000 forint<\/strong>, maximum <strong>1.000.000<\/strong> forint \u00f6ssz\u00e9rt\u00e9k\u0171 v\u00e1s\u00e1rl\u00e1sokra vehet\u0151 ig\u00e9nybe<\/p>\n\n\n\n<p class=\"has-medium-font-size wp-block-paragraph\">\u2794 T\u00f6rleszt\u00e9s: havonta<\/p>\n\n\n\n<p class=\"has-medium-font-size wp-block-paragraph\">\u2794 Ig\u00e9nyl\u00e9si id\u0151: 7 perc<\/p>\n\n\n\n<p class=\"has-medium-font-size wp-block-paragraph\">\u2794 B\u00edr\u00e1lati id\u0151: 1 perc<\/p>\n\n\n\n<p class=\"has-medium-font-size wp-block-paragraph\">\u2794 Ig\u00e9nyl\u00e9shez sz\u00fcks\u00e9ges dokumentumok sz\u00e1ma: 0 db<\/p>\n\n\n\n<p class=\"has-medium-font-size wp-block-paragraph\">\u2794 R\u00e9szletfizet\u00e9s kapcs\u00e1n nyomtatott oldalak sz\u00e1ma: 0 db<\/p>\n\n\n\n<p class=\"has-text-color has-link-color has-medium-font-size wp-elements-97dbe89bf91b17b6180194da3a2b68b5 wp-block-paragraph\" style=\"color:#006d77\"><strong>Mindez mennyibe ker\u00fcl?<\/strong><\/p>\n\n\n\n<p class=\"has-medium-font-size wp-block-paragraph\">\u2794 Kamat: 0 %<\/p>\n\n\n\n<p class=\"has-medium-font-size wp-block-paragraph\">\u2794 Kezel\u00e9si k\u00f6lts\u00e9g: 0 Ft<\/p>\n\n\n\n<p class=\"has-medium-font-size wp-block-paragraph\">\u2794 Hitelb\u00edr\u00e1lati d\u00edj: 0 Ft<\/p>\n\n\n\n<p class=\"has-medium-font-size wp-block-paragraph\">\u2794 THM: 0 %<\/p>\n\n\n\n<p class=\"has-medium-font-size wp-block-paragraph\">\u2794 Csak egy esetben mer\u00fclhet fel k\u00f6lts\u00e9ged, ha t\u00f6bb, mint 30 napot k\u00e9sel egy r\u00e9szlet megfizet\u00e9s\u00e9vel, ilyen esetben behajt\u00e1si csapatunk kezel\u00e9s\u00e9be ker\u00fcl az \u00fcgyleted \u00e9s ez\u00e9rt 15.000 Ft-os d\u00edjat sz\u00e1m\u00edtunk fel.<\/p>\n\n\n\n<p class=\"has-text-color has-link-color has-medium-font-size wp-elements-3d2044cf74a93054c9fcbf7e7e32ed7c wp-block-paragraph\" style=\"color:#006d77\"><strong>Mi sz\u00fcks\u00e9ges az ig\u00e9nyl\u00e9shez?<\/strong><\/p>\n\n\n\n<p class=\"has-medium-font-size wp-block-paragraph\">\u2794 Fel\u00fclet\u00fcnk\u00f6n n\u00e9h\u00e1ny kattint\u00e1ssal el kell ind\u00edtanod egy k\u00e9r\u00e9st a bankod fel\u00e9, hogy megossza vel\u00fcnk a banksz\u00e1mlakivonatodat elektronikusan, \u00edgy<\/p>\n\n\n\n<p class=\"has-medium-font-size wp-block-paragraph\">\u25c6 nem kell bemenni a bankodba, hogy kik\u00e9rd a kivonatokat,<\/p>\n\n\n\n<p class=\"has-medium-font-size wp-block-paragraph\">\u25c6 nem kell keresg\u00e9lned a Netbankodban, hogy hol tal\u00e1lod, ha egy\u00e1ltal\u00e1n el\u00e9rhet\u0151 ott,<\/p>\n\n\n\n<p class=\"has-medium-font-size wp-block-paragraph\">\u2794 k\u00e9zn\u00e9l kell, hogy legyenek az internetbanki azonos\u00edt\u00f3id,<\/p>\n\n\n\n<p class=\"has-medium-font-size wp-block-paragraph\">\u2794 sz\u00fcks\u00e9g van az \u00e9l\u0151, akt\u00edv bankk\u00e1rty\u00e1dra, amivel az \u00f6ner\u0151t \u00e9s k\u00e9s\u0151bb a havi r\u00e9szleteket fogod fizetni.<\/p>\n\n\n\n<p class=\"has-text-color has-link-color has-medium-font-size wp-elements-fd232c6f57d6364340a695ee28bc145e wp-block-paragraph\" style=\"color:#006d77\"><strong>Mi az ig\u00e9nyl\u00e9s folyamata 7 egyszer\u0171 l\u00e9p\u00e9sben?<\/strong><\/p>\n\n\n\n<ol class=\"wp-block-list\">\n<li class=\"has-medium-font-size\">Tedd kos\u00e1rba a kedvenc term\u00e9keidet<\/li>\n\n\n\n<li class=\"has-medium-font-size\">A fizet\u00e9si m\u00f3dokn\u00e1l v\u00e1laszd a Pr\u00e9miumK\u00e9sz\u00fcl\u00e9k r\u00e9szletfizet\u00e9s lehet\u0151s\u00e9g\u00e9t<\/li>\n\n\n\n<li class=\"has-medium-font-size\">Er\u0151s\u00edtsd meg a telefonsz\u00e1mod egy SMS-ben kapott jelsz\u00f3val<\/li>\n\n\n\n<li class=\"has-medium-font-size\">Adj meg n\u00e9h\u00e1ny adatot magadr\u00f3l, hogy rendszer\u00fcnk el tudja k\u00e9sz\u00edteni a szerz\u0151d\u00e9st<\/li>\n\n\n\n<li class=\"has-medium-font-size\">Oszd meg banksz\u00e1mlat\u00f6rt\u00e9neted elektronikusan<\/li>\n\n\n\n<li class=\"has-medium-font-size\">Fogadd el a szerz\u0151d\u00e9st \u00e9s \u00edrd al\u00e1 SMS k\u00f3ddal<\/li>\n\n\n\n<li class=\"has-medium-font-size\">Bankk\u00e1rty\u00e1ddal fizesd ki az els\u0151 r\u00e9szletet<\/li>\n<\/ol>\n\n\n\n<p class=\"wp-block-paragraph\"><\/p>\n\n\n\n<p class=\"has-text-color has-link-color has-medium-font-size wp-elements-bdb1abc648ae05e001b3cde0526ad863 wp-block-paragraph\" style=\"color:#006d77\"><strong>Ki az az instacash?<\/strong><\/p>\n\n\n\n<p class=\"has-medium-font-size wp-block-paragraph\">Az InstaCash Magyarorsz\u00e1g vezet\u0151 fintech c\u00e9ge \u00e9s \u00fatt\u00f6r\u0151 BNPL, vagyis buy now pay later szolg\u00e1ltat\u00f3ja. A Pr\u00e9miumK\u00e9sz\u00fcl\u00e9k strat\u00e9giai partnerek\u00e9nt biztos\u00edtanak teljesen online, n\u00e9h\u00e1ny perces digit\u00e1lis r\u00e9szletfizet\u00e9si megold\u00e1st a web\u00e1ruh\u00e1z v\u00e1s\u00e1rl\u00f3i sz\u00e1m\u00e1ra. Jelenleg havi 10.000 \u00fcgyfelet szolg\u00e1lnak ki digit\u00e1lis hitelez\u00e9si platformjuk seg\u00edts\u00e9g\u00e9vel. 2023-ban elnyert\u00e9k a Vodafone Digit\u00e1lis D\u00edjat, majd \"Az \u00c9v Technol\u00f3giai megold\u00e1sa\" Min\u0151s\u00e9gi d\u00edjas lett r\u00e9szletfizet\u00e9si szolg\u00e1ltat\u00e1suk.<\/p>","protected":false},"excerpt":{"rendered":"<p>Pr\u00e9miumK\u00e9sz\u00fcl\u00e9k r\u00e9szletfizet\u00e9s Most ak\u00e1r r\u00e9szletfizet\u00e9ssel is megv\u00e1s\u00e1rolhatod term\u00e9keinket az instacash \u00e1ltal biztos\u00edtott digit\u00e1lis r\u00e9szletfizet\u00e9si megold\u00e1s seg\u00edts\u00e9g\u00e9vel. 7 perc alatt, azonnali b\u00edr\u00e1lattal Nincs banki \u00fcgyint\u00e9z\u00e9s, nincs bankfi\u00f3ki sorban \u00e1ll\u00e1s, a b\u00edr\u00e1lat eredm\u00e9nye azonnali K\u00f6lts\u00e9gmentes, 0% THM Nincs d\u00edj, nincs kamat, nincs rejtett k\u00f6lts\u00e9g, \u00edgy sokkal kedvez\u0151bb, mint a piacon el\u00e9rhet\u0151 banki aj\u00e1nlatok K\u00e9nyelmes, nincs sz\u00fcks\u00e9g dokumentumokra [&hellip;]<\/p>\n","protected":false},"author":261198488,"featured_media":0,"parent":0,"menu_order":0,"comment_status":"closed","ping_status":"closed","template":"wp-custom-template-pr-mium-k-sz-l-k-r-szletfizet-s","meta":{"_crdt_document":"","content-type":"","jetpack_post_was_ever_published":false,"footnotes":""},"class_list":["post-39752","page","type-page","status-publish","hentry"],"yoast_head":"<!-- This site is optimized with the Yoast SEO Premium plugin v26.9 (Yoast SEO v27.4) - https:\/\/yoast.com\/product\/yoast-seo-premium-wordpress\/ -->\n<title>Pr\u00e9miumk\u00e9sz\u00fcl\u00e9k r\u00e9szletfizet\u00e9s - Pr\u00e9miumK\u00e9sz\u00fcl\u00e9k<\/title>\n<meta name=\"robots\" content=\"index, follow, max-snippet:-1, max-image-preview:large, max-video-preview:-1\" \/>\n<link rel=\"canonical\" href=\"https:\/\/premiumkeszulek.hu\/hu\/premiumkeszulek-reszletfizetes\/\" \/>\n<meta property=\"og:locale\" content=\"hu_HU\" \/>\n<meta property=\"og:type\" content=\"article\" \/>\n<meta property=\"og:title\" content=\"Pr\u00e9miumk\u00e9sz\u00fcl\u00e9k r\u00e9szletfizet\u00e9s\" \/>\n<meta property=\"og:description\" content=\"Pr\u00e9miumK\u00e9sz\u00fcl\u00e9k r\u00e9szletfizet\u00e9s Most ak\u00e1r r\u00e9szletfizet\u00e9ssel is megv\u00e1s\u00e1rolhatod term\u00e9keinket az instacash \u00e1ltal biztos\u00edtott digit\u00e1lis r\u00e9szletfizet\u00e9si megold\u00e1s seg\u00edts\u00e9g\u00e9vel. 7 perc alatt, azonnali b\u00edr\u00e1lattal Nincs banki \u00fcgyint\u00e9z\u00e9s, nincs bankfi\u00f3ki sorban \u00e1ll\u00e1s, a b\u00edr\u00e1lat eredm\u00e9nye azonnali K\u00f6lts\u00e9gmentes, 0% THM Nincs d\u00edj, nincs kamat, nincs rejtett k\u00f6lts\u00e9g, \u00edgy sokkal kedvez\u0151bb, mint a piacon el\u00e9rhet\u0151 banki aj\u00e1nlatok K\u00e9nyelmes, nincs sz\u00fcks\u00e9g dokumentumokra [&hellip;]\" \/>\n<meta property=\"og:url\" content=\"https:\/\/premiumkeszulek.hu\/hu\/premiumkeszulek-reszletfizetes\/\" \/>\n<meta property=\"og:site_name\" content=\"Pr\u00e9miumK\u00e9sz\u00fcl\u00e9k\" \/>\n<meta property=\"article:publisher\" content=\"https:\/\/www.facebook.com\/konyhaluxnet\" \/>\n<meta property=\"article:modified_time\" content=\"2025-09-15T16:10:22+00:00\" \/>\n<meta name=\"twitter:card\" content=\"summary_large_image\" \/>\n<meta name=\"twitter:label1\" content=\"Becs\u00fclt olvas\u00e1si id\u0151\" \/>\n\t<meta name=\"twitter:data1\" content=\"3 perc\" \/>\n<script type=\"application\/ld+json\" class=\"yoast-schema-graph\">{\"@context\":\"https:\\\/\\\/schema.org\",\"@graph\":[{\"@type\":\"WebPage\",\"@id\":\"https:\\\/\\\/premiumkeszulek.hu\\\/premiumkeszulek-reszletfizetes\\\/\",\"url\":\"https:\\\/\\\/premiumkeszulek.hu\\\/premiumkeszulek-reszletfizetes\\\/\",\"name\":\"Pr\u00e9miumk\u00e9sz\u00fcl\u00e9k r\u00e9szletfizet\u00e9s - Pr\u00e9miumK\u00e9sz\u00fcl\u00e9k\",\"isPartOf\":{\"@id\":\"https:\\\/\\\/premiumkeszulek.hu\\\/hu\\\/#website\"},\"datePublished\":\"2025-09-15T15:56:56+00:00\",\"dateModified\":\"2025-09-15T16:10:22+00:00\",\"breadcrumb\":{\"@id\":\"https:\\\/\\\/premiumkeszulek.hu\\\/premiumkeszulek-reszletfizetes\\\/#breadcrumb\"},\"inLanguage\":\"hu\",\"potentialAction\":[{\"@type\":\"ReadAction\",\"target\":[\"https:\\\/\\\/premiumkeszulek.hu\\\/premiumkeszulek-reszletfizetes\\\/\"]}]},{\"@type\":\"BreadcrumbList\",\"@id\":\"https:\\\/\\\/premiumkeszulek.hu\\\/premiumkeszulek-reszletfizetes\\\/#breadcrumb\",\"itemListElement\":[{\"@type\":\"ListItem\",\"position\":1,\"name\":\"Home\",\"item\":\"https:\\\/\\\/premiumkeszulek.hu\\\/hu\\\/\"},{\"@type\":\"ListItem\",\"position\":2,\"name\":\"Pr\u00e9miumk\u00e9sz\u00fcl\u00e9k r\u00e9szletfizet\u00e9s\"}]},{\"@type\":\"WebSite\",\"@id\":\"https:\\\/\\\/premiumkeszulek.hu\\\/hu\\\/#website\",\"url\":\"https:\\\/\\\/premiumkeszulek.hu\\\/hu\\\/\",\"name\":\"Pr\u00e9miumK\u00e9sz\u00fcl\u00e9k\",\"description\":\"\",\"publisher\":{\"@id\":\"https:\\\/\\\/premiumkeszulek.hu\\\/hu\\\/#organization\"},\"potentialAction\":[{\"@type\":\"SearchAction\",\"target\":{\"@type\":\"EntryPoint\",\"urlTemplate\":\"https:\\\/\\\/premiumkeszulek.hu\\\/hu\\\/?s={search_term_string}\"},\"query-input\":{\"@type\":\"PropertyValueSpecification\",\"valueRequired\":true,\"valueName\":\"search_term_string\"}}],\"inLanguage\":\"hu\"},{\"@type\":\"Organization\",\"@id\":\"https:\\\/\\\/premiumkeszulek.hu\\\/hu\\\/#organization\",\"name\":\"Pr\u00e9miumK\u00e9sz\u00fcl\u00e9k\",\"alternateName\":\"HPH Special Kft\",\"url\":\"https:\\\/\\\/premiumkeszulek.hu\\\/hu\\\/\",\"logo\":{\"@type\":\"ImageObject\",\"inLanguage\":\"hu\",\"@id\":\"https:\\\/\\\/premiumkeszulek.hu\\\/hu\\\/#\\\/schema\\\/logo\\\/image\\\/\",\"url\":\"http:\\\/\\\/premiumkeszulek.hu\\\/wp-content\\\/uploads\\\/2025\\\/03\\\/TURKIZLOGO-kicsi.png\",\"contentUrl\":\"http:\\\/\\\/premiumkeszulek.hu\\\/wp-content\\\/uploads\\\/2025\\\/03\\\/TURKIZLOGO-kicsi.png\",\"width\":1600,\"height\":547,\"caption\":\"Pr\u00e9miumK\u00e9sz\u00fcl\u00e9k\"},\"image\":{\"@id\":\"https:\\\/\\\/premiumkeszulek.hu\\\/hu\\\/#\\\/schema\\\/logo\\\/image\\\/\"},\"sameAs\":[\"https:\\\/\\\/www.facebook.com\\\/konyhaluxnet\",\"https:\\\/\\\/www.instagram.com\\\/konyhaluxnet\\\/#\"],\"email\":\"info@premiumkeszulek.hu\",\"telephone\":\"36 1 \\\/ 226-1992\",\"legalName\":\"HPH Special Kft\",\"vatID\":\"HU12549502\",\"taxID\":\"12549502\",\"hasMerchantReturnPolicy\":{\"@type\":\"MerchantReturnPolicy\",\"merchantReturnLink\":\"https:\\\/\\\/premiumkeszulek.hu\\\/hu\\\/altalanos-szerzodesi-es-felhasznalasi-feltetelek\\\/\"}}]}<\/script>\n<!-- \/ Yoast SEO Premium plugin. -->","yoast_head_json":{"title":"Pr\u00e9miumk\u00e9sz\u00fcl\u00e9k r\u00e9szletfizet\u00e9s - Pr\u00e9miumK\u00e9sz\u00fcl\u00e9k","robots":{"index":"index","follow":"follow","max-snippet":"max-snippet:-1","max-image-preview":"max-image-preview:large","max-video-preview":"max-video-preview:-1"},"canonical":"https:\/\/premiumkeszulek.hu\/hu\/premiumkeszulek-reszletfizetes\/","og_locale":"hu_HU","og_type":"article","og_title":"Pr\u00e9miumk\u00e9sz\u00fcl\u00e9k r\u00e9szletfizet\u00e9s","og_description":"Pr\u00e9miumK\u00e9sz\u00fcl\u00e9k r\u00e9szletfizet\u00e9s Most ak\u00e1r r\u00e9szletfizet\u00e9ssel is megv\u00e1s\u00e1rolhatod term\u00e9keinket az instacash \u00e1ltal biztos\u00edtott digit\u00e1lis r\u00e9szletfizet\u00e9si megold\u00e1s seg\u00edts\u00e9g\u00e9vel. 7 perc alatt, azonnali b\u00edr\u00e1lattal Nincs banki \u00fcgyint\u00e9z\u00e9s, nincs bankfi\u00f3ki sorban \u00e1ll\u00e1s, a b\u00edr\u00e1lat eredm\u00e9nye azonnali K\u00f6lts\u00e9gmentes, 0% THM Nincs d\u00edj, nincs kamat, nincs rejtett k\u00f6lts\u00e9g, \u00edgy sokkal kedvez\u0151bb, mint a piacon el\u00e9rhet\u0151 banki aj\u00e1nlatok K\u00e9nyelmes, nincs sz\u00fcks\u00e9g dokumentumokra [&hellip;]","og_url":"https:\/\/premiumkeszulek.hu\/hu\/premiumkeszulek-reszletfizetes\/","og_site_name":"Pr\u00e9miumK\u00e9sz\u00fcl\u00e9k","article_publisher":"https:\/\/www.facebook.com\/konyhaluxnet","article_modified_time":"2025-09-15T16:10:22+00:00","twitter_card":"summary_large_image","twitter_misc":{"Becs\u00fclt olvas\u00e1si id\u0151":"3 perc"},"schema":{"@context":"https:\/\/schema.org","@graph":[{"@type":"WebPage","@id":"https:\/\/premiumkeszulek.hu\/premiumkeszulek-reszletfizetes\/","url":"https:\/\/premiumkeszulek.hu\/premiumkeszulek-reszletfizetes\/","name":"Pr\u00e9miumk\u00e9sz\u00fcl\u00e9k r\u00e9szletfizet\u00e9s - Pr\u00e9miumK\u00e9sz\u00fcl\u00e9k","isPartOf":{"@id":"https:\/\/premiumkeszulek.hu\/hu\/#website"},"datePublished":"2025-09-15T15:56:56+00:00","dateModified":"2025-09-15T16:10:22+00:00","breadcrumb":{"@id":"https:\/\/premiumkeszulek.hu\/premiumkeszulek-reszletfizetes\/#breadcrumb"},"inLanguage":"hu","potentialAction":[{"@type":"ReadAction","target":["https:\/\/premiumkeszulek.hu\/premiumkeszulek-reszletfizetes\/"]}]},{"@type":"BreadcrumbList","@id":"https:\/\/premiumkeszulek.hu\/premiumkeszulek-reszletfizetes\/#breadcrumb","itemListElement":[{"@type":"ListItem","position":1,"name":"Home","item":"https:\/\/premiumkeszulek.hu\/hu\/"},{"@type":"ListItem","position":2,"name":"Pr\u00e9miumk\u00e9sz\u00fcl\u00e9k r\u00e9szletfizet\u00e9s"}]},{"@type":"WebSite","@id":"https:\/\/premiumkeszulek.hu\/hu\/#website","url":"https:\/\/premiumkeszulek.hu\/hu\/","name":"Pr\u00e9miumK\u00e9sz\u00fcl\u00e9k","description":"","publisher":{"@id":"https:\/\/premiumkeszulek.hu\/hu\/#organization"},"potentialAction":[{"@type":"SearchAction","target":{"@type":"EntryPoint","urlTemplate":"https:\/\/premiumkeszulek.hu\/hu\/?s={search_term_string}"},"query-input":{"@type":"PropertyValueSpecification","valueRequired":true,"valueName":"search_term_string"}}],"inLanguage":"hu"},{"@type":"Organization","@id":"https:\/\/premiumkeszulek.hu\/hu\/#organization","name":"Pr\u00e9miumK\u00e9sz\u00fcl\u00e9k","alternateName":"HPH Special Kft","url":"https:\/\/premiumkeszulek.hu\/hu\/","logo":{"@type":"ImageObject","inLanguage":"hu","@id":"https:\/\/premiumkeszulek.hu\/hu\/#\/schema\/logo\/image\/","url":"http:\/\/premiumkeszulek.hu\/wp-content\/uploads\/2025\/03\/TURKIZLOGO-kicsi.png","contentUrl":"http:\/\/premiumkeszulek.hu\/wp-content\/uploads\/2025\/03\/TURKIZLOGO-kicsi.png","width":1600,"height":547,"caption":"Pr\u00e9miumK\u00e9sz\u00fcl\u00e9k"},"image":{"@id":"https:\/\/premiumkeszulek.hu\/hu\/#\/schema\/logo\/image\/"},"sameAs":["https:\/\/www.facebook.com\/konyhaluxnet","https:\/\/www.instagram.com\/konyhaluxnet\/#"],"email":"info@premiumkeszulek.hu","telephone":"36 1 \/ 226-1992","legalName":"HPH Special Kft","vatID":"HU12549502","taxID":"12549502","hasMerchantReturnPolicy":{"@type":"MerchantReturnPolicy","merchantReturnLink":"https:\/\/premiumkeszulek.hu\/hu\/altalanos-szerzodesi-es-felhasznalasi-feltetelek\/"}}]}},"jetpack_likes_enabled":true,"jetpack_sharing_enabled":true,"jetpack_shortlink":"https:\/\/wp.me\/PgjoJi-ala","jetpack-related-posts":[],"_links":{"self":[{"href":"https:\/\/premiumkeszulek.hu\/hu\/wp-json\/wp\/v2\/pages\/39752","targetHints":{"allow":["GET"]}}],"collection":[{"href":"https:\/\/premiumkeszulek.hu\/hu\/wp-json\/wp\/v2\/pages"}],"about":[{"href":"https:\/\/premiumkeszulek.hu\/hu\/wp-json\/wp\/v2\/types\/page"}],"author":[{"embeddable":true,"href":"https:\/\/premiumkeszulek.hu\/hu\/wp-json\/wp\/v2\/users\/261198488"}],"replies":[{"embeddable":true,"href":"https:\/\/premiumkeszulek.hu\/hu\/wp-json\/wp\/v2\/comments?post=39752"}],"version-history":[{"count":5,"href":"https:\/\/premiumkeszulek.hu\/hu\/wp-json\/wp\/v2\/pages\/39752\/revisions"}],"predecessor-version":[{"id":39761,"href":"https:\/\/premiumkeszulek.hu\/hu\/wp-json\/wp\/v2\/pages\/39752\/revisions\/39761"}],"wp:attachment":[{"href":"https:\/\/premiumkeszulek.hu\/hu\/wp-json\/wp\/v2\/media?parent=39752"}],"curies":[{"name":"wp","href":"https:\/\/api.w.org\/{rel}","templated":true}]}}