{"id":8609,"date":"2025-03-06T21:31:20","date_gmt":"2025-03-06T20:31:20","guid":{"rendered":"https:\/\/premiumkeszulek.hu\/product\/aeg-fee73517pm-beepitheto-keskeny-mosogatogep-airdry\/"},"modified":"2026-05-14T14:32:33","modified_gmt":"2026-05-14T12:32:33","slug":"aeg-fee73517pm-beepitheto-keskeny-mosogatogep-airdry","status":"publish","type":"product","link":"https:\/\/premiumkeszulek.hu\/en\/product\/aeg-fee73517pm-beepitheto-keskeny-mosogatogep-airdry\/","title":{"rendered":"AEG FEE73517PM BE\u00c9P\u00cdTHET\u0150 KESKENY MOSOGAT\u00d3G\u00c9P, AIRDRY"},"content":{"rendered":"<p>\n\tMagasra is be\u00e9p\u00edthet\u0151<br \/>\n\tTer\u00edt\u00e9k: 10 ter\u00edt\u00e9k<br \/>\n\tProClean szatelit sz\u00f3r\u00f3kar<br \/>\n\tSz\u00e1r\u00edt\u00e1s: AirDry rendszer<br \/>\n\tSz\u00f6veges+szimb\u00f3lumos panel<br \/>\n\tSzimb\u00f3lumok a panelen<br \/>\n\tAutoOff &#8211; automatikus kikapcsol\u00e1s<br \/>\n\tThermo Efficient technol\u00f3gia a melegvizes bek\u00f6t\u00e9shez<br \/>\n\tK\u00e9sleltetett ind\u00edt\u00e1si lehet\u0151s\u00e9g (1-24 \u00f3ra)<br \/>\n\tProgramfut\u00e1s kijelz\u00e9s<br \/>\n\tS\u00f3 \u00e9s \u00f6bl\u00edt\u0151szer kijelz\u0151<br \/>\n\t\u00c1ll\u00edthat\u00f3 fels\u0151 kos\u00e1r, megpakolva is<br \/>\n\tAQUA CONTROL el\u00e1raszt\u00e1s elleni v\u00e9delem<br \/>\n\tKivet\u0151p\u00e1ntos zsan\u00e9r <\/p>\n<p>\t\u00a0<\/p>\n","protected":false},"excerpt":{"rendered":"<p><iframe src=\" https:\/\/www.mbhbank.hu\/sfcalculation\/?ar=[PRICE]&#038;partner=DX030&#038;konstrukcio=DLSK14\" width=\"100%\" height=\"500\" frameborder=\"0\" scrolling=\"yes\" align=\"left\"><\/iframe><\/p>\n","protected":false},"featured_media":8608,"comment_status":"closed","ping_status":"closed","template":"","meta":{"_crdt_document":"","content-type":"","jetpack_post_was_ever_published":false,"jetpack_publicize_message":"","jetpack_publicize_feature_enabled":true,"jetpack_social_post_already_shared":true,"jetpack_social_options":{"image_generator_settings":{"template":"highway","default_image_id":0,"font":"","enabled":false},"version":2},"_wpas_customize_per_network":false},"product_brand":[1632],"product_cat":[1385,1384],"product_tag":[],"woo-feed-brand":[],"class_list":{"0":"post-8609","1":"product","2":"type-product","3":"status-publish","4":"has-post-thumbnail","6":"product_brand-aeg","7":"product_cat-beepithetomosogatogep","8":"product_cat-mosogatogep","9":"product_shipping_class-100000felett","11":"first","12":"onbackorder","13":"sale","14":"taxable","15":"shipping-taxable","16":"purchasable","17":"product-type-simple"},"yoast_head":"<!-- This site is optimized with the Yoast SEO Premium plugin v26.9 (Yoast SEO v27.4) - https:\/\/yoast.com\/product\/yoast-seo-premium-wordpress\/ -->\n<title>AEG FEE73517PM BE\u00c9P\u00cdTHET\u0150 KESKENY MOSOGAT\u00d3G\u00c9P - Pr\u00e9miumK\u00e9sz\u00fcl\u00e9k<\/title>\n<meta name=\"description\" content=\"Az AEG FEE73517PM BE\u00c9P\u00cdTHET\u0150 KESKENY MOSOGAT\u00d3G\u00c9P mindent tud, amire sz\u00fcks\u00e9ge van! \u00c9lvezze az automatikus kikapcsol\u00e1s \u00e9s a leveg\u0151sz\u00e1r\u00edt\u00e1s el\u0151nyeit!\" \/>\n<meta name=\"robots\" content=\"index, follow, max-snippet:-1, max-image-preview:large, max-video-preview:-1\" \/>\n<link rel=\"canonical\" href=\"https:\/\/premiumkeszulek.hu\/en\/termek\/aeg-fee73517pm-beepitheto-keskeny-mosogatogep-airdry\/\" \/>\n<meta property=\"og:locale\" content=\"en_GB\" \/>\n<meta property=\"og:type\" content=\"article\" \/>\n<meta property=\"og:title\" content=\"AEG FEE73517PM BE\u00c9P\u00cdTHET\u0150 KESKENY MOSOGAT\u00d3G\u00c9P, AIRDRY\" \/>\n<meta property=\"og:description\" content=\"Az AEG FEE73517PM BE\u00c9P\u00cdTHET\u0150 KESKENY MOSOGAT\u00d3G\u00c9P mindent tud, amire sz\u00fcks\u00e9ge van! \u00c9lvezze az automatikus kikapcsol\u00e1s \u00e9s a leveg\u0151sz\u00e1r\u00edt\u00e1s el\u0151nyeit!\" \/>\n<meta property=\"og:url\" content=\"https:\/\/premiumkeszulek.hu\/en\/termek\/aeg-fee73517pm-beepitheto-keskeny-mosogatogep-airdry\/\" \/>\n<meta property=\"og:site_name\" content=\"Pr\u00e9miumK\u00e9sz\u00fcl\u00e9k\" \/>\n<meta property=\"article:publisher\" content=\"https:\/\/www.facebook.com\/konyhaluxnet\" \/>\n<meta property=\"article:modified_time\" content=\"2026-05-14T12:32:33+00:00\" \/>\n<meta property=\"og:image\" content=\"https:\/\/i0.wp.com\/premiumkeszulek.hu\/wp-content\/uploads\/2025\/03\/PSAADW200PE00003.jpg?fit=800%2C800&ssl=1\" \/>\n\t<meta property=\"og:image:width\" content=\"800\" \/>\n\t<meta property=\"og:image:height\" content=\"800\" \/>\n\t<meta property=\"og:image:type\" content=\"image\/jpeg\" \/>\n<meta name=\"twitter:card\" content=\"summary_large_image\" \/>\n<meta name=\"twitter:label1\" content=\"Price\" \/>\n\t<meta name=\"twitter:data1\" content=\"189.900&#070;&#116;\" \/>\n\t<meta name=\"twitter:label2\" content=\"Availability\" \/>\n\t<meta name=\"twitter:data2\" content=\"On back order\" \/>\n<script type=\"application\/ld+json\" class=\"yoast-schema-graph\">{\"@context\":\"https:\\\/\\\/schema.org\",\"@graph\":[{\"@type\":\"WebPage\",\"@id\":\"https:\\\/\\\/premiumkeszulek.hu\\\/hu\\\/termek\\\/aeg-fee73517pm-beepitheto-keskeny-mosogatogep-airdry\\\/\",\"url\":\"https:\\\/\\\/premiumkeszulek.hu\\\/hu\\\/termek\\\/aeg-fee73517pm-beepitheto-keskeny-mosogatogep-airdry\\\/\",\"name\":\"AEG FEE73517PM BE\u00c9P\u00cdTHET\u0150 KESKENY MOSOGAT\u00d3G\u00c9P - Pr\u00e9miumK\u00e9sz\u00fcl\u00e9k\",\"isPartOf\":{\"@id\":\"https:\\\/\\\/premiumkeszulek.hu\\\/hu\\\/#website\"},\"primaryImageOfPage\":{\"@id\":\"https:\\\/\\\/premiumkeszulek.hu\\\/hu\\\/termek\\\/aeg-fee73517pm-beepitheto-keskeny-mosogatogep-airdry\\\/#primaryimage\"},\"image\":{\"@id\":\"https:\\\/\\\/premiumkeszulek.hu\\\/hu\\\/termek\\\/aeg-fee73517pm-beepitheto-keskeny-mosogatogep-airdry\\\/#primaryimage\"},\"thumbnailUrl\":\"https:\\\/\\\/i0.wp.com\\\/premiumkeszulek.hu\\\/wp-content\\\/uploads\\\/2025\\\/03\\\/PSAADW200PE00003.jpg?fit=800%2C800&ssl=1\",\"datePublished\":\"2025-03-06T20:31:20+00:00\",\"dateModified\":\"2026-05-14T12:32:33+00:00\",\"description\":\"Az AEG FEE73517PM BE\u00c9P\u00cdTHET\u0150 KESKENY MOSOGAT\u00d3G\u00c9P mindent tud, amire sz\u00fcks\u00e9ge van! \u00c9lvezze az automatikus kikapcsol\u00e1s \u00e9s a leveg\u0151sz\u00e1r\u00edt\u00e1s el\u0151nyeit!\",\"breadcrumb\":{\"@id\":\"https:\\\/\\\/premiumkeszulek.hu\\\/hu\\\/termek\\\/aeg-fee73517pm-beepitheto-keskeny-mosogatogep-airdry\\\/#breadcrumb\"},\"inLanguage\":\"en-GB\",\"potentialAction\":[{\"@type\":\"ReadAction\",\"target\":[\"https:\\\/\\\/premiumkeszulek.hu\\\/hu\\\/termek\\\/aeg-fee73517pm-beepitheto-keskeny-mosogatogep-airdry\\\/\"]}]},{\"@type\":\"ImageObject\",\"inLanguage\":\"en-GB\",\"@id\":\"https:\\\/\\\/premiumkeszulek.hu\\\/hu\\\/termek\\\/aeg-fee73517pm-beepitheto-keskeny-mosogatogep-airdry\\\/#primaryimage\",\"url\":\"https:\\\/\\\/i0.wp.com\\\/premiumkeszulek.hu\\\/wp-content\\\/uploads\\\/2025\\\/03\\\/PSAADW200PE00003.jpg?fit=800%2C800&ssl=1\",\"contentUrl\":\"https:\\\/\\\/i0.wp.com\\\/premiumkeszulek.hu\\\/wp-content\\\/uploads\\\/2025\\\/03\\\/PSAADW200PE00003.jpg?fit=800%2C800&ssl=1\",\"width\":800,\"height\":800},{\"@type\":\"BreadcrumbList\",\"@id\":\"https:\\\/\\\/premiumkeszulek.hu\\\/hu\\\/termek\\\/aeg-fee73517pm-beepitheto-keskeny-mosogatogep-airdry\\\/#breadcrumb\",\"itemListElement\":[{\"@type\":\"ListItem\",\"position\":1,\"name\":\"Home\",\"item\":\"https:\\\/\\\/premiumkeszulek.hu\\\/hu\\\/\"},{\"@type\":\"ListItem\",\"position\":2,\"name\":\"Shop\",\"item\":\"https:\\\/\\\/premiumkeszulek.hu\\\/hu\\\/shop\\\/\"},{\"@type\":\"ListItem\",\"position\":3,\"name\":\"AEG FEE73517PM BE\u00c9P\u00cdTHET\u0150 KESKENY MOSOGAT\u00d3G\u00c9P, AIRDRY\"}]},{\"@type\":\"WebSite\",\"@id\":\"https:\\\/\\\/premiumkeszulek.hu\\\/hu\\\/#website\",\"url\":\"https:\\\/\\\/premiumkeszulek.hu\\\/hu\\\/\",\"name\":\"Pr\u00e9miumK\u00e9sz\u00fcl\u00e9k\",\"description\":\"\",\"publisher\":{\"@id\":\"https:\\\/\\\/premiumkeszulek.hu\\\/hu\\\/#organization\"},\"potentialAction\":[{\"@type\":\"SearchAction\",\"target\":{\"@type\":\"EntryPoint\",\"urlTemplate\":\"https:\\\/\\\/premiumkeszulek.hu\\\/hu\\\/?s={search_term_string}\"},\"query-input\":{\"@type\":\"PropertyValueSpecification\",\"valueRequired\":true,\"valueName\":\"search_term_string\"}}],\"inLanguage\":\"en-GB\"},{\"@type\":\"Organization\",\"@id\":\"https:\\\/\\\/premiumkeszulek.hu\\\/hu\\\/#organization\",\"name\":\"Pr\u00e9miumK\u00e9sz\u00fcl\u00e9k\",\"alternateName\":\"HPH Special Kft\",\"url\":\"https:\\\/\\\/premiumkeszulek.hu\\\/hu\\\/\",\"logo\":{\"@type\":\"ImageObject\",\"inLanguage\":\"en-GB\",\"@id\":\"https:\\\/\\\/premiumkeszulek.hu\\\/hu\\\/#\\\/schema\\\/logo\\\/image\\\/\",\"url\":\"http:\\\/\\\/premiumkeszulek.hu\\\/wp-content\\\/uploads\\\/2025\\\/03\\\/TURKIZLOGO-kicsi.png\",\"contentUrl\":\"http:\\\/\\\/premiumkeszulek.hu\\\/wp-content\\\/uploads\\\/2025\\\/03\\\/TURKIZLOGO-kicsi.png\",\"width\":1600,\"height\":547,\"caption\":\"Pr\u00e9miumK\u00e9sz\u00fcl\u00e9k\"},\"image\":{\"@id\":\"https:\\\/\\\/premiumkeszulek.hu\\\/hu\\\/#\\\/schema\\\/logo\\\/image\\\/\"},\"sameAs\":[\"https:\\\/\\\/www.facebook.com\\\/konyhaluxnet\",\"https:\\\/\\\/www.instagram.com\\\/konyhaluxnet\\\/#\"],\"email\":\"info@premiumkeszulek.hu\",\"telephone\":\"36 1 \\\/ 226-1992\",\"legalName\":\"HPH Special Kft\",\"vatID\":\"HU12549502\",\"taxID\":\"12549502\",\"hasMerchantReturnPolicy\":{\"@type\":\"MerchantReturnPolicy\",\"merchantReturnLink\":\"https:\\\/\\\/premiumkeszulek.hu\\\/en\\\/altalanos-szerzodesi-es-felhasznalasi-feltetelek\\\/\"}}]}<\/script>\n<meta property=\"product:brand\" content=\"AEG\" \/>\n<meta property=\"product:price:amount\" content=\"189900\" \/>\n<meta property=\"product:price:currency\" content=\"HUF\" \/>\n<meta property=\"og:availability\" content=\"backorder\" \/>\n<meta property=\"product:availability\" content=\"available for order\" \/>\n<meta property=\"product:retailer_item_id\" content=\"911064019\" \/>\n<meta property=\"product:condition\" content=\"new\" \/>\n<!-- \/ Yoast SEO Premium plugin. -->","yoast_head_json":{"title":"AEG FEE73517PM BE\u00c9P\u00cdTHET\u0150 KESKENY MOSOGAT\u00d3G\u00c9P - Pr\u00e9miumK\u00e9sz\u00fcl\u00e9k","description":"Az AEG FEE73517PM BE\u00c9P\u00cdTHET\u0150 KESKENY MOSOGAT\u00d3G\u00c9P mindent tud, amire sz\u00fcks\u00e9ge van! \u00c9lvezze az automatikus kikapcsol\u00e1s \u00e9s a leveg\u0151sz\u00e1r\u00edt\u00e1s el\u0151nyeit!","robots":{"index":"index","follow":"follow","max-snippet":"max-snippet:-1","max-image-preview":"max-image-preview:large","max-video-preview":"max-video-preview:-1"},"canonical":"https:\/\/premiumkeszulek.hu\/en\/termek\/aeg-fee73517pm-beepitheto-keskeny-mosogatogep-airdry\/","og_locale":"en_GB","og_type":"article","og_title":"AEG FEE73517PM BE\u00c9P\u00cdTHET\u0150 KESKENY MOSOGAT\u00d3G\u00c9P, AIRDRY","og_description":"Az AEG FEE73517PM BE\u00c9P\u00cdTHET\u0150 KESKENY MOSOGAT\u00d3G\u00c9P mindent tud, amire sz\u00fcks\u00e9ge van! \u00c9lvezze az automatikus kikapcsol\u00e1s \u00e9s a leveg\u0151sz\u00e1r\u00edt\u00e1s el\u0151nyeit!","og_url":"https:\/\/premiumkeszulek.hu\/en\/termek\/aeg-fee73517pm-beepitheto-keskeny-mosogatogep-airdry\/","og_site_name":"Pr\u00e9miumK\u00e9sz\u00fcl\u00e9k","article_publisher":"https:\/\/www.facebook.com\/konyhaluxnet","article_modified_time":"2026-05-14T12:32:33+00:00","og_image":[{"width":800,"height":800,"url":"https:\/\/i0.wp.com\/premiumkeszulek.hu\/wp-content\/uploads\/2025\/03\/PSAADW200PE00003.jpg?fit=800%2C800&ssl=1","type":"image\/jpeg"}],"twitter_card":"summary_large_image","twitter_misc":{"Price":"189.900&#70;&#116;","Availability":"On back order"},"schema":{"@context":"https:\/\/schema.org","@graph":[{"@type":"WebPage","@id":"https:\/\/premiumkeszulek.hu\/hu\/termek\/aeg-fee73517pm-beepitheto-keskeny-mosogatogep-airdry\/","url":"https:\/\/premiumkeszulek.hu\/hu\/termek\/aeg-fee73517pm-beepitheto-keskeny-mosogatogep-airdry\/","name":"AEG FEE73517PM BE\u00c9P\u00cdTHET\u0150 KESKENY MOSOGAT\u00d3G\u00c9P - Pr\u00e9miumK\u00e9sz\u00fcl\u00e9k","isPartOf":{"@id":"https:\/\/premiumkeszulek.hu\/hu\/#website"},"primaryImageOfPage":{"@id":"https:\/\/premiumkeszulek.hu\/hu\/termek\/aeg-fee73517pm-beepitheto-keskeny-mosogatogep-airdry\/#primaryimage"},"image":{"@id":"https:\/\/premiumkeszulek.hu\/hu\/termek\/aeg-fee73517pm-beepitheto-keskeny-mosogatogep-airdry\/#primaryimage"},"thumbnailUrl":"https:\/\/i0.wp.com\/premiumkeszulek.hu\/wp-content\/uploads\/2025\/03\/PSAADW200PE00003.jpg?fit=800%2C800&ssl=1","datePublished":"2025-03-06T20:31:20+00:00","dateModified":"2026-05-14T12:32:33+00:00","description":"Az AEG FEE73517PM BE\u00c9P\u00cdTHET\u0150 KESKENY MOSOGAT\u00d3G\u00c9P mindent tud, amire sz\u00fcks\u00e9ge van! \u00c9lvezze az automatikus kikapcsol\u00e1s \u00e9s a leveg\u0151sz\u00e1r\u00edt\u00e1s el\u0151nyeit!","breadcrumb":{"@id":"https:\/\/premiumkeszulek.hu\/hu\/termek\/aeg-fee73517pm-beepitheto-keskeny-mosogatogep-airdry\/#breadcrumb"},"inLanguage":"en-GB","potentialAction":[{"@type":"ReadAction","target":["https:\/\/premiumkeszulek.hu\/hu\/termek\/aeg-fee73517pm-beepitheto-keskeny-mosogatogep-airdry\/"]}]},{"@type":"ImageObject","inLanguage":"en-GB","@id":"https:\/\/premiumkeszulek.hu\/hu\/termek\/aeg-fee73517pm-beepitheto-keskeny-mosogatogep-airdry\/#primaryimage","url":"https:\/\/i0.wp.com\/premiumkeszulek.hu\/wp-content\/uploads\/2025\/03\/PSAADW200PE00003.jpg?fit=800%2C800&ssl=1","contentUrl":"https:\/\/i0.wp.com\/premiumkeszulek.hu\/wp-content\/uploads\/2025\/03\/PSAADW200PE00003.jpg?fit=800%2C800&ssl=1","width":800,"height":800},{"@type":"BreadcrumbList","@id":"https:\/\/premiumkeszulek.hu\/hu\/termek\/aeg-fee73517pm-beepitheto-keskeny-mosogatogep-airdry\/#breadcrumb","itemListElement":[{"@type":"ListItem","position":1,"name":"Home","item":"https:\/\/premiumkeszulek.hu\/hu\/"},{"@type":"ListItem","position":2,"name":"Shop","item":"https:\/\/premiumkeszulek.hu\/hu\/shop\/"},{"@type":"ListItem","position":3,"name":"AEG FEE73517PM BE\u00c9P\u00cdTHET\u0150 KESKENY MOSOGAT\u00d3G\u00c9P, AIRDRY"}]},{"@type":"WebSite","@id":"https:\/\/premiumkeszulek.hu\/hu\/#website","url":"https:\/\/premiumkeszulek.hu\/hu\/","name":"Pr\u00e9miumK\u00e9sz\u00fcl\u00e9k","description":"","publisher":{"@id":"https:\/\/premiumkeszulek.hu\/hu\/#organization"},"potentialAction":[{"@type":"SearchAction","target":{"@type":"EntryPoint","urlTemplate":"https:\/\/premiumkeszulek.hu\/hu\/?s={search_term_string}"},"query-input":{"@type":"PropertyValueSpecification","valueRequired":true,"valueName":"search_term_string"}}],"inLanguage":"en-GB"},{"@type":"Organization","@id":"https:\/\/premiumkeszulek.hu\/hu\/#organization","name":"Pr\u00e9miumK\u00e9sz\u00fcl\u00e9k","alternateName":"HPH Special Kft","url":"https:\/\/premiumkeszulek.hu\/hu\/","logo":{"@type":"ImageObject","inLanguage":"en-GB","@id":"https:\/\/premiumkeszulek.hu\/hu\/#\/schema\/logo\/image\/","url":"http:\/\/premiumkeszulek.hu\/wp-content\/uploads\/2025\/03\/TURKIZLOGO-kicsi.png","contentUrl":"http:\/\/premiumkeszulek.hu\/wp-content\/uploads\/2025\/03\/TURKIZLOGO-kicsi.png","width":1600,"height":547,"caption":"Pr\u00e9miumK\u00e9sz\u00fcl\u00e9k"},"image":{"@id":"https:\/\/premiumkeszulek.hu\/hu\/#\/schema\/logo\/image\/"},"sameAs":["https:\/\/www.facebook.com\/konyhaluxnet","https:\/\/www.instagram.com\/konyhaluxnet\/#"],"email":"info@premiumkeszulek.hu","telephone":"36 1 \/ 226-1992","legalName":"HPH Special Kft","vatID":"HU12549502","taxID":"12549502","hasMerchantReturnPolicy":{"@type":"MerchantReturnPolicy","merchantReturnLink":"https:\/\/premiumkeszulek.hu\/en\/altalanos-szerzodesi-es-felhasznalasi-feltetelek\/"}}]},"product_brand":"AEG","product_price_amount":"189900","product_price_currency":"HUF","og_availability":"backorder","product_availability":"available for order","product_retailer_item_id":"911064019","product_condition":"new"},"jetpack_publicize_connections":[],"jetpack_likes_enabled":true,"jetpack_sharing_enabled":true,"jetpack-related-posts":[],"_links":{"self":[{"href":"https:\/\/premiumkeszulek.hu\/en\/wp-json\/wp\/v2\/product\/8609","targetHints":{"allow":["GET"]}}],"collection":[{"href":"https:\/\/premiumkeszulek.hu\/en\/wp-json\/wp\/v2\/product"}],"about":[{"href":"https:\/\/premiumkeszulek.hu\/en\/wp-json\/wp\/v2\/types\/product"}],"replies":[{"embeddable":true,"href":"https:\/\/premiumkeszulek.hu\/en\/wp-json\/wp\/v2\/comments?post=8609"}],"wp:featuredmedia":[{"embeddable":true,"href":"https:\/\/premiumkeszulek.hu\/en\/wp-json\/wp\/v2\/media\/8608"}],"wp:attachment":[{"href":"https:\/\/premiumkeszulek.hu\/en\/wp-json\/wp\/v2\/media?parent=8609"}],"wp:term":[{"taxonomy":"product_brand","embeddable":true,"href":"https:\/\/premiumkeszulek.hu\/en\/wp-json\/wp\/v2\/product_brand?post=8609"},{"taxonomy":"product_cat","embeddable":true,"href":"https:\/\/premiumkeszulek.hu\/en\/wp-json\/wp\/v2\/product_cat?post=8609"},{"taxonomy":"product_tag","embeddable":true,"href":"https:\/\/premiumkeszulek.hu\/en\/wp-json\/wp\/v2\/product_tag?post=8609"},{"taxonomy":"woo-feed-brand","embeddable":true,"href":"https:\/\/premiumkeszulek.hu\/en\/wp-json\/wp\/v2\/woo-feed-brand?post=8609"}],"curies":[{"name":"wp","href":"https:\/\/api.w.org\/{rel}","templated":true}]}}