{"id":7525,"date":"2025-02-12T21:06:37","date_gmt":"2025-02-12T20:06:37","guid":{"rendered":"https:\/\/premiumkeszulek.hu\/product\/smeg-si964xm-victoria-beepitheto-indukcios-fozolap-inox-keret-60cm\/"},"modified":"2026-04-02T18:39:47","modified_gmt":"2026-04-02T16:39:47","slug":"smeg-si964xm-victoria-beepitheto-indukcios-fozolap-inox-keret-60cm","status":"publish","type":"product","link":"https:\/\/premiumkeszulek.hu\/en\/product\/smeg-si964xm-victoria-beepitheto-indukcios-fozolap-inox-keret-60cm\/","title":{"rendered":"Smeg SI964XM Victoria be\u00e9p\u00edthet\u0151 indukci\u00f3s f\u0151z\u0151lap inox keret 60cm"},"content":{"rendered":"<p> Victoria\u00a0design<br \/>\n\u2022 60 x 51 cm<br \/>\n\u2022 4 vez\u00e9rl\u0151gomb<br \/>\n\u2022 4 booster indukci\u00f3s z\u00f3na<br \/>\n\u2022 9 teljes\u00edtm\u00e9ny szint<br \/>\n\u2022 ed\u00e9nyfelismer\u00e9s<br \/>\n\u2022 automatikus teljes\u00edtm\u00e9ny<br \/>\naz ed\u00e9ny m\u00e9ret\u00e9hez igaz\u00edtva<br \/>\n\u2022 t\u00falmeleged\u00e9s elleni v\u00e9delem<br \/>\n\u2022 marad\u00e9kh\u0151 visszajelz\u00e9s<\/p>\n","protected":false},"excerpt":{"rendered":"<p><iframe src=\" https:\/\/www.mbhbank.hu\/sfcalculation\/?ar=[PRICE]&#038;partner=DX030&#038;konstrukcio=DLSK14\" width=\"100%\" height=\"500\" frameborder=\"0\" scrolling=\"yes\" align=\"left\"><\/iframe><\/p>\n","protected":false},"featured_media":7524,"comment_status":"closed","ping_status":"closed","template":"","meta":{"_crdt_document":"","content-type":"","jetpack_post_was_ever_published":false,"jetpack_publicize_message":"","jetpack_publicize_feature_enabled":true,"jetpack_social_post_already_shared":true,"jetpack_social_options":{"image_generator_settings":{"template":"highway","default_image_id":0,"font":"","enabled":false},"version":2},"_wpas_customize_per_network":false},"product_brand":[1634],"product_cat":[1522,1526,1527],"product_tag":[],"woo-feed-brand":[],"class_list":{"0":"post-7525","1":"product","2":"type-product","3":"status-publish","4":"has-post-thumbnail","6":"product_brand-smeg","7":"product_cat-beepitheto-indukcios-fozolap","8":"product_cat-fozolap","9":"product_cat-sutok-es-fozolapok","10":"product_shipping_class-100000felett","12":"first","13":"onbackorder","14":"sale","15":"taxable","16":"shipping-taxable","17":"purchasable","18":"product-type-simple"},"yoast_head":"<!-- This site is optimized with the Yoast SEO Premium plugin v26.9 (Yoast SEO v26.9) - https:\/\/yoast.com\/product\/yoast-seo-premium-wordpress\/ -->\n<title>Smeg SI964XM Victoria be\u00e9p\u00edthet\u0151 indukci\u00f3s f\u0151z\u0151lap inox keret 60cm - Pr\u00e9miumK\u00e9sz\u00fcl\u00e9k<\/title>\n<meta name=\"description\" content=\"Fedezze fel a Smeg SI964XM Victoria be\u00e9p\u00edthet\u0151 indukci\u00f3s f\u0151z\u0151lap kiemelked\u0151 teljes\u00edtm\u00e9ny\u00e9t! \u00c9lvezze az ed\u00e9nyfelismer\u00e9st \u00e9s a 9 szint teljes\u00edtm\u00e9nyt.\" \/>\n<meta name=\"robots\" content=\"index, follow, max-snippet:-1, max-image-preview:large, max-video-preview:-1\" \/>\n<link rel=\"canonical\" href=\"https:\/\/premiumkeszulek.hu\/en\/product\/smeg-si964xm-victoria-beepitheto-indukcios-fozolap-inox-keret-60cm\/\" \/>\n<meta property=\"og:locale\" content=\"en_GB\" \/>\n<meta property=\"og:type\" content=\"article\" \/>\n<meta property=\"og:title\" content=\"Smeg SI964XM Victoria be\u00e9p\u00edthet\u0151 indukci\u00f3s f\u0151z\u0151lap inox keret 60cm\" \/>\n<meta property=\"og:description\" content=\"Fedezze fel a Smeg SI964XM Victoria be\u00e9p\u00edthet\u0151 indukci\u00f3s f\u0151z\u0151lap kiemelked\u0151 teljes\u00edtm\u00e9ny\u00e9t! \u00c9lvezze az ed\u00e9nyfelismer\u00e9st \u00e9s a 9 szint teljes\u00edtm\u00e9nyt.\" \/>\n<meta property=\"og:url\" content=\"https:\/\/premiumkeszulek.hu\/en\/product\/smeg-si964xm-victoria-beepitheto-indukcios-fozolap-inox-keret-60cm\/\" \/>\n<meta property=\"og:site_name\" content=\"Pr\u00e9miumK\u00e9sz\u00fcl\u00e9k\" \/>\n<meta property=\"article:publisher\" content=\"https:\/\/www.facebook.com\/konyhaluxnet\" \/>\n<meta property=\"article:modified_time\" content=\"2026-04-02T16:39:47+00:00\" \/>\n<meta property=\"og:image\" content=\"https:\/\/i0.wp.com\/premiumkeszulek.hu\/wp-content\/uploads\/2025\/02\/SI964XM-111.jpg?fit=800%2C800&ssl=1\" \/>\n\t<meta property=\"og:image:width\" content=\"800\" \/>\n\t<meta property=\"og:image:height\" content=\"800\" \/>\n\t<meta property=\"og:image:type\" content=\"image\/jpeg\" \/>\n<meta name=\"twitter:card\" content=\"summary_large_image\" \/>\n<meta name=\"twitter:label1\" content=\"Price\" \/>\n\t<meta name=\"twitter:data1\" content=\"504.355&#070;&#116;\" \/>\n\t<meta name=\"twitter:label2\" content=\"Availability\" \/>\n\t<meta name=\"twitter:data2\" content=\"On back order\" \/>\n<script type=\"application\/ld+json\" class=\"yoast-schema-graph\">{\"@context\":\"https:\/\/schema.org\",\"@graph\":[{\"@type\":\"WebPage\",\"@id\":\"https:\/\/premiumkeszulek.hu\/en\/product\/smeg-si964xm-victoria-beepitheto-indukcios-fozolap-inox-keret-60cm\/\",\"url\":\"https:\/\/premiumkeszulek.hu\/en\/product\/smeg-si964xm-victoria-beepitheto-indukcios-fozolap-inox-keret-60cm\/\",\"name\":\"Smeg SI964XM Victoria be\u00e9p\u00edthet\u0151 indukci\u00f3s f\u0151z\u0151lap inox keret 60cm - Pr\u00e9miumK\u00e9sz\u00fcl\u00e9k\",\"isPartOf\":{\"@id\":\"http:\/\/premiumkeszulek.hu\/hu\/#website\"},\"primaryImageOfPage\":{\"@id\":\"https:\/\/premiumkeszulek.hu\/en\/product\/smeg-si964xm-victoria-beepitheto-indukcios-fozolap-inox-keret-60cm\/#primaryimage\"},\"image\":{\"@id\":\"https:\/\/premiumkeszulek.hu\/en\/product\/smeg-si964xm-victoria-beepitheto-indukcios-fozolap-inox-keret-60cm\/#primaryimage\"},\"thumbnailUrl\":\"https:\/\/i0.wp.com\/premiumkeszulek.hu\/wp-content\/uploads\/2025\/02\/SI964XM-111.jpg?fit=800%2C800&ssl=1\",\"datePublished\":\"2025-02-12T20:06:37+00:00\",\"dateModified\":\"2026-04-02T16:39:47+00:00\",\"description\":\"Fedezze fel a Smeg SI964XM Victoria be\u00e9p\u00edthet\u0151 indukci\u00f3s f\u0151z\u0151lap kiemelked\u0151 teljes\u00edtm\u00e9ny\u00e9t! \u00c9lvezze az ed\u00e9nyfelismer\u00e9st \u00e9s a 9 szint teljes\u00edtm\u00e9nyt.\",\"breadcrumb\":{\"@id\":\"https:\/\/premiumkeszulek.hu\/en\/product\/smeg-si964xm-victoria-beepitheto-indukcios-fozolap-inox-keret-60cm\/#breadcrumb\"},\"inLanguage\":\"en-GB\",\"potentialAction\":[{\"@type\":\"ReadAction\",\"target\":[\"https:\/\/premiumkeszulek.hu\/en\/product\/smeg-si964xm-victoria-beepitheto-indukcios-fozolap-inox-keret-60cm\/\"]}]},{\"@type\":\"ImageObject\",\"inLanguage\":\"en-GB\",\"@id\":\"https:\/\/premiumkeszulek.hu\/en\/product\/smeg-si964xm-victoria-beepitheto-indukcios-fozolap-inox-keret-60cm\/#primaryimage\",\"url\":\"https:\/\/i0.wp.com\/premiumkeszulek.hu\/wp-content\/uploads\/2025\/02\/SI964XM-111.jpg?fit=800%2C800&ssl=1\",\"contentUrl\":\"https:\/\/i0.wp.com\/premiumkeszulek.hu\/wp-content\/uploads\/2025\/02\/SI964XM-111.jpg?fit=800%2C800&ssl=1\",\"width\":800,\"height\":800},{\"@type\":\"BreadcrumbList\",\"@id\":\"https:\/\/premiumkeszulek.hu\/en\/product\/smeg-si964xm-victoria-beepitheto-indukcios-fozolap-inox-keret-60cm\/#breadcrumb\",\"itemListElement\":[{\"@type\":\"ListItem\",\"position\":1,\"name\":\"Home\",\"item\":\"https:\/\/premiumkeszulek.hu\/hu\/\"},{\"@type\":\"ListItem\",\"position\":2,\"name\":\"Shop\",\"item\":\"https:\/\/premiumkeszulek.hu\/hu\/shop\/\"},{\"@type\":\"ListItem\",\"position\":3,\"name\":\"Smeg SI964XM Victoria be\u00e9p\u00edthet\u0151 indukci\u00f3s f\u0151z\u0151lap inox keret 60cm\"}]},{\"@type\":\"WebSite\",\"@id\":\"http:\/\/premiumkeszulek.hu\/hu\/#website\",\"url\":\"http:\/\/premiumkeszulek.hu\/hu\/\",\"name\":\"Pr\u00e9miumK\u00e9sz\u00fcl\u00e9k\",\"description\":\"\",\"publisher\":{\"@id\":\"http:\/\/premiumkeszulek.hu\/hu\/#organization\"},\"potentialAction\":[{\"@type\":\"SearchAction\",\"target\":{\"@type\":\"EntryPoint\",\"urlTemplate\":\"http:\/\/premiumkeszulek.hu\/hu\/?s={search_term_string}\"},\"query-input\":{\"@type\":\"PropertyValueSpecification\",\"valueRequired\":true,\"valueName\":\"search_term_string\"}}],\"inLanguage\":\"en-GB\"},{\"@type\":\"Organization\",\"@id\":\"http:\/\/premiumkeszulek.hu\/hu\/#organization\",\"name\":\"Pr\u00e9miumK\u00e9sz\u00fcl\u00e9k\",\"alternateName\":\"HPH Special Kft\",\"url\":\"http:\/\/premiumkeszulek.hu\/hu\/\",\"logo\":{\"@type\":\"ImageObject\",\"inLanguage\":\"en-GB\",\"@id\":\"http:\/\/premiumkeszulek.hu\/hu\/#\/schema\/logo\/image\/\",\"url\":\"http:\/\/premiumkeszulek.hu\/wp-content\/uploads\/2025\/03\/TURKIZLOGO-kicsi.png\",\"contentUrl\":\"http:\/\/premiumkeszulek.hu\/wp-content\/uploads\/2025\/03\/TURKIZLOGO-kicsi.png\",\"width\":1600,\"height\":547,\"caption\":\"Pr\u00e9miumK\u00e9sz\u00fcl\u00e9k\"},\"image\":{\"@id\":\"http:\/\/premiumkeszulek.hu\/hu\/#\/schema\/logo\/image\/\"},\"sameAs\":[\"https:\/\/www.facebook.com\/konyhaluxnet\",\"https:\/\/www.instagram.com\/konyhaluxnet\/#\"],\"email\":\"info@premiumkeszulek.hu\",\"telephone\":\"36 1 \/ 226-1992\",\"legalName\":\"HPH Special Kft\",\"vatID\":\"HU12549502\",\"taxID\":\"12549502\",\"hasMerchantReturnPolicy\":{\"@type\":\"MerchantReturnPolicy\",\"merchantReturnLink\":\"https:\/\/premiumkeszulek.hu\/en\/altalanos-szerzodesi-es-felhasznalasi-feltetelek\/\"}}]}<\/script>\n<meta property=\"product:brand\" content=\"Smeg\" \/>\n<meta property=\"product:price:amount\" content=\"504355\" \/>\n<meta property=\"product:price:currency\" content=\"HUF\" \/>\n<meta property=\"og:availability\" content=\"backorder\" \/>\n<meta property=\"product:availability\" content=\"available for order\" \/>\n<meta property=\"product:retailer_item_id\" content=\"SI964XM\" \/>\n<meta property=\"product:condition\" content=\"new\" \/>\n<!-- \/ Yoast SEO Premium plugin. -->","yoast_head_json":{"title":"Smeg SI964XM Victoria be\u00e9p\u00edthet\u0151 indukci\u00f3s f\u0151z\u0151lap inox keret 60cm - Pr\u00e9miumK\u00e9sz\u00fcl\u00e9k","description":"Fedezze fel a Smeg SI964XM Victoria be\u00e9p\u00edthet\u0151 indukci\u00f3s f\u0151z\u0151lap kiemelked\u0151 teljes\u00edtm\u00e9ny\u00e9t! \u00c9lvezze az ed\u00e9nyfelismer\u00e9st \u00e9s a 9 szint teljes\u00edtm\u00e9nyt.","robots":{"index":"index","follow":"follow","max-snippet":"max-snippet:-1","max-image-preview":"max-image-preview:large","max-video-preview":"max-video-preview:-1"},"canonical":"https:\/\/premiumkeszulek.hu\/en\/product\/smeg-si964xm-victoria-beepitheto-indukcios-fozolap-inox-keret-60cm\/","og_locale":"en_GB","og_type":"article","og_title":"Smeg SI964XM Victoria be\u00e9p\u00edthet\u0151 indukci\u00f3s f\u0151z\u0151lap inox keret 60cm","og_description":"Fedezze fel a Smeg SI964XM Victoria be\u00e9p\u00edthet\u0151 indukci\u00f3s f\u0151z\u0151lap kiemelked\u0151 teljes\u00edtm\u00e9ny\u00e9t! \u00c9lvezze az ed\u00e9nyfelismer\u00e9st \u00e9s a 9 szint teljes\u00edtm\u00e9nyt.","og_url":"https:\/\/premiumkeszulek.hu\/en\/product\/smeg-si964xm-victoria-beepitheto-indukcios-fozolap-inox-keret-60cm\/","og_site_name":"Pr\u00e9miumK\u00e9sz\u00fcl\u00e9k","article_publisher":"https:\/\/www.facebook.com\/konyhaluxnet","article_modified_time":"2026-04-02T16:39:47+00:00","og_image":[{"width":800,"height":800,"url":"https:\/\/i0.wp.com\/premiumkeszulek.hu\/wp-content\/uploads\/2025\/02\/SI964XM-111.jpg?fit=800%2C800&ssl=1","type":"image\/jpeg"}],"twitter_card":"summary_large_image","twitter_misc":{"Price":"504.355&#70;&#116;","Availability":"On back order"},"schema":{"@context":"https:\/\/schema.org","@graph":[{"@type":"WebPage","@id":"https:\/\/premiumkeszulek.hu\/en\/product\/smeg-si964xm-victoria-beepitheto-indukcios-fozolap-inox-keret-60cm\/","url":"https:\/\/premiumkeszulek.hu\/en\/product\/smeg-si964xm-victoria-beepitheto-indukcios-fozolap-inox-keret-60cm\/","name":"Smeg SI964XM Victoria be\u00e9p\u00edthet\u0151 indukci\u00f3s f\u0151z\u0151lap inox keret 60cm - Pr\u00e9miumK\u00e9sz\u00fcl\u00e9k","isPartOf":{"@id":"http:\/\/premiumkeszulek.hu\/hu\/#website"},"primaryImageOfPage":{"@id":"https:\/\/premiumkeszulek.hu\/en\/product\/smeg-si964xm-victoria-beepitheto-indukcios-fozolap-inox-keret-60cm\/#primaryimage"},"image":{"@id":"https:\/\/premiumkeszulek.hu\/en\/product\/smeg-si964xm-victoria-beepitheto-indukcios-fozolap-inox-keret-60cm\/#primaryimage"},"thumbnailUrl":"https:\/\/i0.wp.com\/premiumkeszulek.hu\/wp-content\/uploads\/2025\/02\/SI964XM-111.jpg?fit=800%2C800&ssl=1","datePublished":"2025-02-12T20:06:37+00:00","dateModified":"2026-04-02T16:39:47+00:00","description":"Fedezze fel a Smeg SI964XM Victoria be\u00e9p\u00edthet\u0151 indukci\u00f3s f\u0151z\u0151lap kiemelked\u0151 teljes\u00edtm\u00e9ny\u00e9t! \u00c9lvezze az ed\u00e9nyfelismer\u00e9st \u00e9s a 9 szint teljes\u00edtm\u00e9nyt.","breadcrumb":{"@id":"https:\/\/premiumkeszulek.hu\/en\/product\/smeg-si964xm-victoria-beepitheto-indukcios-fozolap-inox-keret-60cm\/#breadcrumb"},"inLanguage":"en-GB","potentialAction":[{"@type":"ReadAction","target":["https:\/\/premiumkeszulek.hu\/en\/product\/smeg-si964xm-victoria-beepitheto-indukcios-fozolap-inox-keret-60cm\/"]}]},{"@type":"ImageObject","inLanguage":"en-GB","@id":"https:\/\/premiumkeszulek.hu\/en\/product\/smeg-si964xm-victoria-beepitheto-indukcios-fozolap-inox-keret-60cm\/#primaryimage","url":"https:\/\/i0.wp.com\/premiumkeszulek.hu\/wp-content\/uploads\/2025\/02\/SI964XM-111.jpg?fit=800%2C800&ssl=1","contentUrl":"https:\/\/i0.wp.com\/premiumkeszulek.hu\/wp-content\/uploads\/2025\/02\/SI964XM-111.jpg?fit=800%2C800&ssl=1","width":800,"height":800},{"@type":"BreadcrumbList","@id":"https:\/\/premiumkeszulek.hu\/en\/product\/smeg-si964xm-victoria-beepitheto-indukcios-fozolap-inox-keret-60cm\/#breadcrumb","itemListElement":[{"@type":"ListItem","position":1,"name":"Home","item":"https:\/\/premiumkeszulek.hu\/hu\/"},{"@type":"ListItem","position":2,"name":"Shop","item":"https:\/\/premiumkeszulek.hu\/hu\/shop\/"},{"@type":"ListItem","position":3,"name":"Smeg SI964XM Victoria be\u00e9p\u00edthet\u0151 indukci\u00f3s f\u0151z\u0151lap inox keret 60cm"}]},{"@type":"WebSite","@id":"http:\/\/premiumkeszulek.hu\/hu\/#website","url":"http:\/\/premiumkeszulek.hu\/hu\/","name":"Pr\u00e9miumK\u00e9sz\u00fcl\u00e9k","description":"","publisher":{"@id":"http:\/\/premiumkeszulek.hu\/hu\/#organization"},"potentialAction":[{"@type":"SearchAction","target":{"@type":"EntryPoint","urlTemplate":"http:\/\/premiumkeszulek.hu\/hu\/?s={search_term_string}"},"query-input":{"@type":"PropertyValueSpecification","valueRequired":true,"valueName":"search_term_string"}}],"inLanguage":"en-GB"},{"@type":"Organization","@id":"http:\/\/premiumkeszulek.hu\/hu\/#organization","name":"Pr\u00e9miumK\u00e9sz\u00fcl\u00e9k","alternateName":"HPH Special Kft","url":"http:\/\/premiumkeszulek.hu\/hu\/","logo":{"@type":"ImageObject","inLanguage":"en-GB","@id":"http:\/\/premiumkeszulek.hu\/hu\/#\/schema\/logo\/image\/","url":"http:\/\/premiumkeszulek.hu\/wp-content\/uploads\/2025\/03\/TURKIZLOGO-kicsi.png","contentUrl":"http:\/\/premiumkeszulek.hu\/wp-content\/uploads\/2025\/03\/TURKIZLOGO-kicsi.png","width":1600,"height":547,"caption":"Pr\u00e9miumK\u00e9sz\u00fcl\u00e9k"},"image":{"@id":"http:\/\/premiumkeszulek.hu\/hu\/#\/schema\/logo\/image\/"},"sameAs":["https:\/\/www.facebook.com\/konyhaluxnet","https:\/\/www.instagram.com\/konyhaluxnet\/#"],"email":"info@premiumkeszulek.hu","telephone":"36 1 \/ 226-1992","legalName":"HPH Special Kft","vatID":"HU12549502","taxID":"12549502","hasMerchantReturnPolicy":{"@type":"MerchantReturnPolicy","merchantReturnLink":"https:\/\/premiumkeszulek.hu\/en\/altalanos-szerzodesi-es-felhasznalasi-feltetelek\/"}}]},"product_brand":"Smeg","product_price_amount":"504355","product_price_currency":"HUF","og_availability":"backorder","product_availability":"available for order","product_retailer_item_id":"SI964XM","product_condition":"new"},"jetpack_publicize_connections":[],"jetpack_likes_enabled":true,"jetpack_sharing_enabled":true,"jetpack-related-posts":[],"_links":{"self":[{"href":"https:\/\/premiumkeszulek.hu\/en\/wp-json\/wp\/v2\/product\/7525","targetHints":{"allow":["GET"]}}],"collection":[{"href":"https:\/\/premiumkeszulek.hu\/en\/wp-json\/wp\/v2\/product"}],"about":[{"href":"https:\/\/premiumkeszulek.hu\/en\/wp-json\/wp\/v2\/types\/product"}],"replies":[{"embeddable":true,"href":"https:\/\/premiumkeszulek.hu\/en\/wp-json\/wp\/v2\/comments?post=7525"}],"wp:featuredmedia":[{"embeddable":true,"href":"https:\/\/premiumkeszulek.hu\/en\/wp-json\/wp\/v2\/media\/7524"}],"wp:attachment":[{"href":"https:\/\/premiumkeszulek.hu\/en\/wp-json\/wp\/v2\/media?parent=7525"}],"wp:term":[{"taxonomy":"product_brand","embeddable":true,"href":"https:\/\/premiumkeszulek.hu\/en\/wp-json\/wp\/v2\/product_brand?post=7525"},{"taxonomy":"product_cat","embeddable":true,"href":"https:\/\/premiumkeszulek.hu\/en\/wp-json\/wp\/v2\/product_cat?post=7525"},{"taxonomy":"product_tag","embeddable":true,"href":"https:\/\/premiumkeszulek.hu\/en\/wp-json\/wp\/v2\/product_tag?post=7525"},{"taxonomy":"woo-feed-brand","embeddable":true,"href":"https:\/\/premiumkeszulek.hu\/en\/wp-json\/wp\/v2\/woo-feed-brand?post=7525"}],"curies":[{"name":"wp","href":"https:\/\/api.w.org\/{rel}","templated":true}]}}