{"id":7496,"date":"2025-02-12T21:06:06","date_gmt":"2025-02-12T20:06:06","guid":{"rendered":"https:\/\/premiumkeszulek.hu\/product\/smeg-sim3644d-beepitheto-indukcios-fozolap-linea-design-fekete-60cm\/"},"modified":"2026-04-02T18:39:47","modified_gmt":"2026-04-02T16:39:47","slug":"smeg-sim3644d-beepitheto-indukcios-fozolap-linea-design-fekete-60cm","status":"publish","type":"product","link":"https:\/\/premiumkeszulek.hu\/en\/product\/smeg-sim3644d-beepitheto-indukcios-fozolap-linea-design-fekete-60cm\/","title":{"rendered":"Smeg SIM3644D be\u00e9p\u00edthet\u0151 indukci\u00f3s f\u0151z\u0151lap Linea design fekete 60cm"},"content":{"rendered":"<p> Sz\u00edn: Fekete<br \/>\n\tFel\u00fcletkezel\u00e9s: \u00dcveg<br \/>\n\tEszt\u00e9tika: Linea<br \/>\n\tAnyag: \u00dcveg<br \/>\n\t\u00dcveg t\u00edpusa: ker\u00e1mia Eclipse<br \/>\n\tVez\u00e9rl\u00e9si be\u00e1ll\u00edt\u00e1s t\u00edpusa: EVO cs\u00faszka<br \/>\n\tVez\u00e9rl\u0151gomb poz\u00edci\u00f3ja: El\u00f6ln\u00e9zet<br \/>\n\tCs\u00faszka: Igen<br \/>\n\tLED sz\u00ednek: Feh\u00e9r<br \/>\n\t\u00dcveg pereme: Egyenes perem<br \/>\n\tGrafika sz\u00edne: Sz\u00fcrke<\/p>\n<p>\tF\u0151z\u0151z\u00f3n\u00e1k sz\u00e1ma \u00f6sszesen: 4<br \/>\n\tAz indukci\u00f3s f\u0151z\u0151z\u00f3n\u00e1k sz\u00e1ma: 4<br \/>\n\tId\u0151be\u00e1ll\u00edt\u00e1si lehet\u0151s\u00e9gek: Spegnimento automatico<br \/>\n\tR\u00e1seg\u00edt\u00e9ses f\u0151z\u0151z\u00f3n\u00e1k sz\u00e1ma: 4<br \/>\n\tRugalmas z\u00f3n\u00e1k sz\u00e1ma: 2<br \/>\n\tF\u0151 be-\/kikapcsol\u00f3 gomb: Igen<br \/>\n\tTeljes\u00edtm\u00e9nyszintek: 9<br \/>\n\tAuto-vent 2.0: S\u00ec<\/p>\n<p>\tMunkalap kiv\u00e1g\u00e1s: 478-482&#215;555-560 mm<br \/>\n\tMultiZone opci\u00f3: Igen<br \/>\n\tRugalmas z\u00f3na t\u00edpus: MultiZone<br \/>\n\tId\u0151z\u00edt\u0151 v\u00e9ge: 4<br \/>\n\tSz\u00fcnet opci\u00f3: Igen<br \/>\n\tId\u0151z\u00edt\u0151: 1<br \/>\n\tS\u00fct\u00e9s v\u00e9ge jelz\u00e9s: Igen<br \/>\n\tH\u00e1tral\u00e9v\u0151 id\u0151 kijelz\u00e9se: Igen<br \/>\n\tKorl\u00e1tozott energiafogyaszt\u00e1s\u00fa \u00fczemm\u00f3d: Si Advance<br \/>\n\tKorl\u00e1tozott energiafogyaszt\u00e1s W-ban: 2400 a 7400 &#8211; step 100 W<br \/>\n\tBemutat\u00f3terem dem\u00f3 opci\u00f3: Igen<br \/>\n\tGrill funkci\u00f3: Igen<br \/>\n\tA z\u00e1r\/gyermekbiztons\u00e1g vez\u00e9rl\u00e9se: Igen<br \/>\n\tMelegen tart\u00e1s automatikus funkci\u00f3: Igen<br \/>\n\tH\u00edd opci\u00f3: Igen<br \/>\n\tGyorsind\u00edt\u00e1s: Igen<br \/>\n\tGyors szintv\u00e1laszt\u00e1s: Igen<br \/>\n\tAutomatikus be\u00e1ll\u00edt\u00e1s az ed\u00e9ny m\u00e9ret\u00e9nek megfelel\u0151en: Igen<br \/>\n\t\u00c1lland\u00f3 automata ed\u00e9ny\u00e9rz\u00e9kel\u00e9s a relat\u00edv vez\u00e9rl\u00e9s jelz\u00e9s\u00e9vel: Igen<br \/>\n\ted\u00e9ny\u00e9szlel\u00e9s: Igen, min. 9 cm<br \/>\n\tAutomatikus kikapcsol\u00e1s t\u00falmeleged\u00e9s eset\u00e9n: Igen<br \/>\n\tAutomatikus kikapcsol\u00e1s t\u00falfoly\u00e1s eset\u00e9n: Igen<br \/>\n\tMarad\u00e9kh\u0151 visszajelz\u0151: Igen<br \/>\n\tV\u00e9letlen beind\u00edt\u00e1s elleni v\u00e9delem: Igen<\/p>\n<p>br<br \/>\n\tA term\u00e9k m\u00e9retei (mm): 53x600x510<br \/>\n\tM\u00e9lys\u00e9g: 510 mm<br \/>\n\tSz\u00e9less\u00e9g: 600 mm<br \/>\n\tA term\u00e9k magass\u00e1ga: 53 mm<br \/>\n\tNett\u00f3 t\u00f6meg (kg): 10.200 kg<br \/>\n\tBrutt\u00f3 s\u00faly (kg): 11.200 kg<br \/>\n\tPacked width: 700 mm<br \/>\n\tPackaged depth: 620 mm<br \/>\n\tHeight (mm) packed: 110 mm<br \/>\n\tDimensions of the packed product (mm): 110X700X620<br \/>\n\tMaximum stackability: 15<br \/>\n\tType of packaging: Cardboard<br \/>\n\tPackaging composition &#8211; paper &#038;amp cardboard (kg): 0.457 kg<br \/>\n\tPackaging composition &#8211; polystyrene (kg): 0.528 kg<br \/>\n\tPackaging composition &#8211; wood (kg): 0.000 kg<br \/>\n\tPackaging composition &#8211; plastic (kg): 0.039 kg<\/p>\n<p>\u00a0<\/p>\n","protected":false},"excerpt":{"rendered":"<p><iframe src=\" https:\/\/www.mbhbank.hu\/sfcalculation\/?ar=[PRICE]&#038;partner=DX030&#038;konstrukcio=DLSK14\" width=\"100%\" height=\"500\" frameborder=\"0\" scrolling=\"yes\" align=\"left\"><\/iframe><\/p>\n","protected":false},"featured_media":7495,"comment_status":"closed","ping_status":"closed","template":"","meta":{"_crdt_document":"","content-type":"","jetpack_post_was_ever_published":false,"jetpack_publicize_message":"","jetpack_publicize_feature_enabled":true,"jetpack_social_post_already_shared":true,"jetpack_social_options":{"image_generator_settings":{"template":"highway","default_image_id":0,"font":"","enabled":false},"version":2},"_wpas_customize_per_network":false},"product_brand":[1634],"product_cat":[1522,1526,1527],"product_tag":[],"woo-feed-brand":[],"class_list":{"0":"post-7496","1":"product","2":"type-product","3":"status-publish","4":"has-post-thumbnail","6":"product_brand-smeg","7":"product_cat-beepitheto-indukcios-fozolap","8":"product_cat-fozolap","9":"product_cat-sutok-es-fozolapok","10":"product_shipping_class-100000felett","12":"first","13":"onbackorder","14":"sale","15":"taxable","16":"shipping-taxable","17":"purchasable","18":"product-type-simple"},"yoast_head":"<!-- This site is optimized with the Yoast SEO Premium plugin v26.9 (Yoast SEO v26.9) - https:\/\/yoast.com\/product\/yoast-seo-premium-wordpress\/ -->\n<title>Smeg SIM3644D be\u00e9p\u00edthet\u0151 indukci\u00f3s f\u0151z\u0151lap Linea design fekete 60cm - Pr\u00e9miumK\u00e9sz\u00fcl\u00e9k<\/title>\n<meta name=\"description\" content=\"Fedezze fel a Smeg SIM3644D be\u00e9p\u00edthet\u0151 indukci\u00f3s f\u0151z\u0151lapot, modern Linea diz\u00e1jnnal! \u00c9lvezze a st\u00edlust \u00e9s a hat\u00e9konys\u00e1got a konyh\u00e1j\u00e1ban!\" \/>\n<meta name=\"robots\" content=\"index, follow, max-snippet:-1, max-image-preview:large, max-video-preview:-1\" \/>\n<link rel=\"canonical\" href=\"https:\/\/premiumkeszulek.hu\/en\/product\/smeg-sim3644d-beepitheto-indukcios-fozolap-linea-design-fekete-60cm\/\" \/>\n<meta property=\"og:locale\" content=\"en_GB\" \/>\n<meta property=\"og:type\" content=\"article\" \/>\n<meta property=\"og:title\" content=\"Smeg SIM3644D be\u00e9p\u00edthet\u0151 indukci\u00f3s f\u0151z\u0151lap Linea design fekete 60cm\" \/>\n<meta property=\"og:description\" content=\"Fedezze fel a Smeg SIM3644D be\u00e9p\u00edthet\u0151 indukci\u00f3s f\u0151z\u0151lapot, modern Linea diz\u00e1jnnal! \u00c9lvezze a st\u00edlust \u00e9s a hat\u00e9konys\u00e1got a konyh\u00e1j\u00e1ban!\" \/>\n<meta property=\"og:url\" content=\"https:\/\/premiumkeszulek.hu\/en\/product\/smeg-sim3644d-beepitheto-indukcios-fozolap-linea-design-fekete-60cm\/\" \/>\n<meta property=\"og:site_name\" content=\"Pr\u00e9miumK\u00e9sz\u00fcl\u00e9k\" \/>\n<meta property=\"article:publisher\" content=\"https:\/\/www.facebook.com\/konyhaluxnet\" \/>\n<meta property=\"article:modified_time\" content=\"2026-04-02T16:39:47+00:00\" \/>\n<meta property=\"og:image\" content=\"https:\/\/i0.wp.com\/premiumkeszulek.hu\/wp-content\/uploads\/2025\/02\/SIM3644D-111.jpg?fit=800%2C800&ssl=1\" \/>\n\t<meta property=\"og:image:width\" content=\"800\" \/>\n\t<meta property=\"og:image:height\" content=\"800\" \/>\n\t<meta property=\"og:image:type\" content=\"image\/jpeg\" \/>\n<meta name=\"twitter:card\" content=\"summary_large_image\" \/>\n<meta name=\"twitter:label1\" content=\"Price\" \/>\n\t<meta name=\"twitter:data1\" content=\"455.905&#070;&#116;\" \/>\n\t<meta name=\"twitter:label2\" content=\"Availability\" \/>\n\t<meta name=\"twitter:data2\" content=\"On back order\" \/>\n<script type=\"application\/ld+json\" class=\"yoast-schema-graph\">{\"@context\":\"https:\/\/schema.org\",\"@graph\":[{\"@type\":\"WebPage\",\"@id\":\"https:\/\/premiumkeszulek.hu\/en\/product\/smeg-sim3644d-beepitheto-indukcios-fozolap-linea-design-fekete-60cm\/\",\"url\":\"https:\/\/premiumkeszulek.hu\/en\/product\/smeg-sim3644d-beepitheto-indukcios-fozolap-linea-design-fekete-60cm\/\",\"name\":\"Smeg SIM3644D be\u00e9p\u00edthet\u0151 indukci\u00f3s f\u0151z\u0151lap Linea design fekete 60cm - Pr\u00e9miumK\u00e9sz\u00fcl\u00e9k\",\"isPartOf\":{\"@id\":\"https:\/\/premiumkeszulek.hu\/en\/#website\"},\"primaryImageOfPage\":{\"@id\":\"https:\/\/premiumkeszulek.hu\/en\/product\/smeg-sim3644d-beepitheto-indukcios-fozolap-linea-design-fekete-60cm\/#primaryimage\"},\"image\":{\"@id\":\"https:\/\/premiumkeszulek.hu\/en\/product\/smeg-sim3644d-beepitheto-indukcios-fozolap-linea-design-fekete-60cm\/#primaryimage\"},\"thumbnailUrl\":\"https:\/\/i0.wp.com\/premiumkeszulek.hu\/wp-content\/uploads\/2025\/02\/SIM3644D-111.jpg?fit=800%2C800&ssl=1\",\"datePublished\":\"2025-02-12T20:06:06+00:00\",\"dateModified\":\"2026-04-02T16:39:47+00:00\",\"description\":\"Fedezze fel a Smeg SIM3644D be\u00e9p\u00edthet\u0151 indukci\u00f3s f\u0151z\u0151lapot, modern Linea diz\u00e1jnnal! \u00c9lvezze a st\u00edlust \u00e9s a hat\u00e9konys\u00e1got a konyh\u00e1j\u00e1ban!\",\"breadcrumb\":{\"@id\":\"https:\/\/premiumkeszulek.hu\/en\/product\/smeg-sim3644d-beepitheto-indukcios-fozolap-linea-design-fekete-60cm\/#breadcrumb\"},\"inLanguage\":\"en-GB\",\"potentialAction\":[{\"@type\":\"ReadAction\",\"target\":[\"https:\/\/premiumkeszulek.hu\/en\/product\/smeg-sim3644d-beepitheto-indukcios-fozolap-linea-design-fekete-60cm\/\"]}]},{\"@type\":\"ImageObject\",\"inLanguage\":\"en-GB\",\"@id\":\"https:\/\/premiumkeszulek.hu\/en\/product\/smeg-sim3644d-beepitheto-indukcios-fozolap-linea-design-fekete-60cm\/#primaryimage\",\"url\":\"https:\/\/i0.wp.com\/premiumkeszulek.hu\/wp-content\/uploads\/2025\/02\/SIM3644D-111.jpg?fit=800%2C800&ssl=1\",\"contentUrl\":\"https:\/\/i0.wp.com\/premiumkeszulek.hu\/wp-content\/uploads\/2025\/02\/SIM3644D-111.jpg?fit=800%2C800&ssl=1\",\"width\":800,\"height\":800},{\"@type\":\"BreadcrumbList\",\"@id\":\"https:\/\/premiumkeszulek.hu\/en\/product\/smeg-sim3644d-beepitheto-indukcios-fozolap-linea-design-fekete-60cm\/#breadcrumb\",\"itemListElement\":[{\"@type\":\"ListItem\",\"position\":1,\"name\":\"Home\",\"item\":\"https:\/\/premiumkeszulek.hu\/en\/\"},{\"@type\":\"ListItem\",\"position\":2,\"name\":\"Shop\",\"item\":\"https:\/\/premiumkeszulek.hu\/en\/shop\/\"},{\"@type\":\"ListItem\",\"position\":3,\"name\":\"Smeg SIM3644D be\u00e9p\u00edthet\u0151 indukci\u00f3s f\u0151z\u0151lap Linea design fekete 60cm\"}]},{\"@type\":\"WebSite\",\"@id\":\"https:\/\/premiumkeszulek.hu\/en\/#website\",\"url\":\"https:\/\/premiumkeszulek.hu\/en\/\",\"name\":\"Pr\u00e9miumK\u00e9sz\u00fcl\u00e9k\",\"description\":\"\",\"publisher\":{\"@id\":\"https:\/\/premiumkeszulek.hu\/en\/#organization\"},\"potentialAction\":[{\"@type\":\"SearchAction\",\"target\":{\"@type\":\"EntryPoint\",\"urlTemplate\":\"https:\/\/premiumkeszulek.hu\/en\/?s={search_term_string}\"},\"query-input\":{\"@type\":\"PropertyValueSpecification\",\"valueRequired\":true,\"valueName\":\"search_term_string\"}}],\"inLanguage\":\"en-GB\"},{\"@type\":\"Organization\",\"@id\":\"https:\/\/premiumkeszulek.hu\/en\/#organization\",\"name\":\"Pr\u00e9miumK\u00e9sz\u00fcl\u00e9k\",\"alternateName\":\"HPH Special Kft\",\"url\":\"https:\/\/premiumkeszulek.hu\/en\/\",\"logo\":{\"@type\":\"ImageObject\",\"inLanguage\":\"en-GB\",\"@id\":\"https:\/\/premiumkeszulek.hu\/en\/#\/schema\/logo\/image\/\",\"url\":\"http:\/\/premiumkeszulek.hu\/wp-content\/uploads\/2025\/03\/TURKIZLOGO-kicsi.png\",\"contentUrl\":\"http:\/\/premiumkeszulek.hu\/wp-content\/uploads\/2025\/03\/TURKIZLOGO-kicsi.png\",\"width\":1600,\"height\":547,\"caption\":\"Pr\u00e9miumK\u00e9sz\u00fcl\u00e9k\"},\"image\":{\"@id\":\"https:\/\/premiumkeszulek.hu\/en\/#\/schema\/logo\/image\/\"},\"sameAs\":[\"https:\/\/www.facebook.com\/konyhaluxnet\",\"https:\/\/www.instagram.com\/konyhaluxnet\/#\"],\"email\":\"info@premiumkeszulek.hu\",\"telephone\":\"36 1 \/ 226-1992\",\"legalName\":\"HPH Special Kft\",\"vatID\":\"HU12549502\",\"taxID\":\"12549502\",\"hasMerchantReturnPolicy\":{\"@type\":\"MerchantReturnPolicy\",\"merchantReturnLink\":\"https:\/\/premiumkeszulek.hu\/en\/altalanos-szerzodesi-es-felhasznalasi-feltetelek\/\"}}]}<\/script>\n<meta property=\"product:brand\" content=\"Smeg\" \/>\n<meta property=\"product:price:amount\" content=\"455905\" \/>\n<meta property=\"product:price:currency\" content=\"HUF\" \/>\n<meta property=\"og:availability\" content=\"backorder\" \/>\n<meta property=\"product:availability\" content=\"available for order\" \/>\n<meta property=\"product:retailer_item_id\" content=\"SIM3644D\" \/>\n<meta property=\"product:condition\" content=\"new\" \/>\n<!-- \/ Yoast SEO Premium plugin. -->","yoast_head_json":{"title":"Smeg SIM3644D be\u00e9p\u00edthet\u0151 indukci\u00f3s f\u0151z\u0151lap Linea design fekete 60cm - Pr\u00e9miumK\u00e9sz\u00fcl\u00e9k","description":"Fedezze fel a Smeg SIM3644D be\u00e9p\u00edthet\u0151 indukci\u00f3s f\u0151z\u0151lapot, modern Linea diz\u00e1jnnal! \u00c9lvezze a st\u00edlust \u00e9s a hat\u00e9konys\u00e1got a konyh\u00e1j\u00e1ban!","robots":{"index":"index","follow":"follow","max-snippet":"max-snippet:-1","max-image-preview":"max-image-preview:large","max-video-preview":"max-video-preview:-1"},"canonical":"https:\/\/premiumkeszulek.hu\/en\/product\/smeg-sim3644d-beepitheto-indukcios-fozolap-linea-design-fekete-60cm\/","og_locale":"en_GB","og_type":"article","og_title":"Smeg SIM3644D be\u00e9p\u00edthet\u0151 indukci\u00f3s f\u0151z\u0151lap Linea design fekete 60cm","og_description":"Fedezze fel a Smeg SIM3644D be\u00e9p\u00edthet\u0151 indukci\u00f3s f\u0151z\u0151lapot, modern Linea diz\u00e1jnnal! \u00c9lvezze a st\u00edlust \u00e9s a hat\u00e9konys\u00e1got a konyh\u00e1j\u00e1ban!","og_url":"https:\/\/premiumkeszulek.hu\/en\/product\/smeg-sim3644d-beepitheto-indukcios-fozolap-linea-design-fekete-60cm\/","og_site_name":"Pr\u00e9miumK\u00e9sz\u00fcl\u00e9k","article_publisher":"https:\/\/www.facebook.com\/konyhaluxnet","article_modified_time":"2026-04-02T16:39:47+00:00","og_image":[{"width":800,"height":800,"url":"https:\/\/i0.wp.com\/premiumkeszulek.hu\/wp-content\/uploads\/2025\/02\/SIM3644D-111.jpg?fit=800%2C800&ssl=1","type":"image\/jpeg"}],"twitter_card":"summary_large_image","twitter_misc":{"Price":"455.905&#70;&#116;","Availability":"On back order"},"schema":{"@context":"https:\/\/schema.org","@graph":[{"@type":"WebPage","@id":"https:\/\/premiumkeszulek.hu\/en\/product\/smeg-sim3644d-beepitheto-indukcios-fozolap-linea-design-fekete-60cm\/","url":"https:\/\/premiumkeszulek.hu\/en\/product\/smeg-sim3644d-beepitheto-indukcios-fozolap-linea-design-fekete-60cm\/","name":"Smeg SIM3644D be\u00e9p\u00edthet\u0151 indukci\u00f3s f\u0151z\u0151lap Linea design fekete 60cm - Pr\u00e9miumK\u00e9sz\u00fcl\u00e9k","isPartOf":{"@id":"https:\/\/premiumkeszulek.hu\/en\/#website"},"primaryImageOfPage":{"@id":"https:\/\/premiumkeszulek.hu\/en\/product\/smeg-sim3644d-beepitheto-indukcios-fozolap-linea-design-fekete-60cm\/#primaryimage"},"image":{"@id":"https:\/\/premiumkeszulek.hu\/en\/product\/smeg-sim3644d-beepitheto-indukcios-fozolap-linea-design-fekete-60cm\/#primaryimage"},"thumbnailUrl":"https:\/\/i0.wp.com\/premiumkeszulek.hu\/wp-content\/uploads\/2025\/02\/SIM3644D-111.jpg?fit=800%2C800&ssl=1","datePublished":"2025-02-12T20:06:06+00:00","dateModified":"2026-04-02T16:39:47+00:00","description":"Fedezze fel a Smeg SIM3644D be\u00e9p\u00edthet\u0151 indukci\u00f3s f\u0151z\u0151lapot, modern Linea diz\u00e1jnnal! \u00c9lvezze a st\u00edlust \u00e9s a hat\u00e9konys\u00e1got a konyh\u00e1j\u00e1ban!","breadcrumb":{"@id":"https:\/\/premiumkeszulek.hu\/en\/product\/smeg-sim3644d-beepitheto-indukcios-fozolap-linea-design-fekete-60cm\/#breadcrumb"},"inLanguage":"en-GB","potentialAction":[{"@type":"ReadAction","target":["https:\/\/premiumkeszulek.hu\/en\/product\/smeg-sim3644d-beepitheto-indukcios-fozolap-linea-design-fekete-60cm\/"]}]},{"@type":"ImageObject","inLanguage":"en-GB","@id":"https:\/\/premiumkeszulek.hu\/en\/product\/smeg-sim3644d-beepitheto-indukcios-fozolap-linea-design-fekete-60cm\/#primaryimage","url":"https:\/\/i0.wp.com\/premiumkeszulek.hu\/wp-content\/uploads\/2025\/02\/SIM3644D-111.jpg?fit=800%2C800&ssl=1","contentUrl":"https:\/\/i0.wp.com\/premiumkeszulek.hu\/wp-content\/uploads\/2025\/02\/SIM3644D-111.jpg?fit=800%2C800&ssl=1","width":800,"height":800},{"@type":"BreadcrumbList","@id":"https:\/\/premiumkeszulek.hu\/en\/product\/smeg-sim3644d-beepitheto-indukcios-fozolap-linea-design-fekete-60cm\/#breadcrumb","itemListElement":[{"@type":"ListItem","position":1,"name":"Home","item":"https:\/\/premiumkeszulek.hu\/en\/"},{"@type":"ListItem","position":2,"name":"Shop","item":"https:\/\/premiumkeszulek.hu\/en\/shop\/"},{"@type":"ListItem","position":3,"name":"Smeg SIM3644D be\u00e9p\u00edthet\u0151 indukci\u00f3s f\u0151z\u0151lap Linea design fekete 60cm"}]},{"@type":"WebSite","@id":"https:\/\/premiumkeszulek.hu\/en\/#website","url":"https:\/\/premiumkeszulek.hu\/en\/","name":"Pr\u00e9miumK\u00e9sz\u00fcl\u00e9k","description":"","publisher":{"@id":"https:\/\/premiumkeszulek.hu\/en\/#organization"},"potentialAction":[{"@type":"SearchAction","target":{"@type":"EntryPoint","urlTemplate":"https:\/\/premiumkeszulek.hu\/en\/?s={search_term_string}"},"query-input":{"@type":"PropertyValueSpecification","valueRequired":true,"valueName":"search_term_string"}}],"inLanguage":"en-GB"},{"@type":"Organization","@id":"https:\/\/premiumkeszulek.hu\/en\/#organization","name":"Pr\u00e9miumK\u00e9sz\u00fcl\u00e9k","alternateName":"HPH Special Kft","url":"https:\/\/premiumkeszulek.hu\/en\/","logo":{"@type":"ImageObject","inLanguage":"en-GB","@id":"https:\/\/premiumkeszulek.hu\/en\/#\/schema\/logo\/image\/","url":"http:\/\/premiumkeszulek.hu\/wp-content\/uploads\/2025\/03\/TURKIZLOGO-kicsi.png","contentUrl":"http:\/\/premiumkeszulek.hu\/wp-content\/uploads\/2025\/03\/TURKIZLOGO-kicsi.png","width":1600,"height":547,"caption":"Pr\u00e9miumK\u00e9sz\u00fcl\u00e9k"},"image":{"@id":"https:\/\/premiumkeszulek.hu\/en\/#\/schema\/logo\/image\/"},"sameAs":["https:\/\/www.facebook.com\/konyhaluxnet","https:\/\/www.instagram.com\/konyhaluxnet\/#"],"email":"info@premiumkeszulek.hu","telephone":"36 1 \/ 226-1992","legalName":"HPH Special Kft","vatID":"HU12549502","taxID":"12549502","hasMerchantReturnPolicy":{"@type":"MerchantReturnPolicy","merchantReturnLink":"https:\/\/premiumkeszulek.hu\/en\/altalanos-szerzodesi-es-felhasznalasi-feltetelek\/"}}]},"product_brand":"Smeg","product_price_amount":"455905","product_price_currency":"HUF","og_availability":"backorder","product_availability":"available for order","product_retailer_item_id":"SIM3644D","product_condition":"new"},"jetpack_publicize_connections":[],"jetpack_likes_enabled":true,"jetpack_sharing_enabled":true,"jetpack-related-posts":[],"_links":{"self":[{"href":"https:\/\/premiumkeszulek.hu\/en\/wp-json\/wp\/v2\/product\/7496","targetHints":{"allow":["GET"]}}],"collection":[{"href":"https:\/\/premiumkeszulek.hu\/en\/wp-json\/wp\/v2\/product"}],"about":[{"href":"https:\/\/premiumkeszulek.hu\/en\/wp-json\/wp\/v2\/types\/product"}],"replies":[{"embeddable":true,"href":"https:\/\/premiumkeszulek.hu\/en\/wp-json\/wp\/v2\/comments?post=7496"}],"wp:featuredmedia":[{"embeddable":true,"href":"https:\/\/premiumkeszulek.hu\/en\/wp-json\/wp\/v2\/media\/7495"}],"wp:attachment":[{"href":"https:\/\/premiumkeszulek.hu\/en\/wp-json\/wp\/v2\/media?parent=7496"}],"wp:term":[{"taxonomy":"product_brand","embeddable":true,"href":"https:\/\/premiumkeszulek.hu\/en\/wp-json\/wp\/v2\/product_brand?post=7496"},{"taxonomy":"product_cat","embeddable":true,"href":"https:\/\/premiumkeszulek.hu\/en\/wp-json\/wp\/v2\/product_cat?post=7496"},{"taxonomy":"product_tag","embeddable":true,"href":"https:\/\/premiumkeszulek.hu\/en\/wp-json\/wp\/v2\/product_tag?post=7496"},{"taxonomy":"woo-feed-brand","embeddable":true,"href":"https:\/\/premiumkeszulek.hu\/en\/wp-json\/wp\/v2\/woo-feed-brand?post=7496"}],"curies":[{"name":"wp","href":"https:\/\/api.w.org\/{rel}","templated":true}]}}