{"id":7473,"date":"2025-02-12T21:05:40","date_gmt":"2025-02-12T20:05:40","guid":{"rendered":"https:\/\/premiumkeszulek.hu\/product\/smeg-sia1963d-beepitheto-indukcios-fozolap-universal-design-fekete-93cm\/"},"modified":"2026-04-02T18:39:47","modified_gmt":"2026-04-02T16:39:47","slug":"smeg-sia1963d-beepitheto-indukcios-fozolap-universal-design-fekete-93cm","status":"publish","type":"product","link":"https:\/\/premiumkeszulek.hu\/en\/product\/smeg-sia1963d-beepitheto-indukcios-fozolap-universal-design-fekete-93cm\/","title":{"rendered":"Smeg SIA1963D be\u00e9p\u00edthet\u0151 indukci\u00f3s f\u0151z\u0151lap Universal design fekete 93cm"},"content":{"rendered":"<p> Term\u00e9kcsal\u00e1d: F\u0151z\u0151lap<br \/>\n\tM\u00e9retek: 90 cm<br \/>\n\tT\u00edpus: Indukci\u00f3s<br \/>\n\tBe\u00e9p\u00edtett t\u00edpus: Ultra-alacsony profil vagy teljesen s\u00edkban<br \/>\n\tT\u00e1pell\u00e1t\u00e1s: Elektromos<br \/>\n\tEAN k\u00f3d: 8017709304034<br \/>\n\tDesign csal\u00e1d<br \/>\n\t7 h\u00fcvelykes TFT \u00e9rint\u0151k\u00e9perny\u0151, nagy felbont\u00e1s\u00fa, val\u00f3s sz\u00ednekkel A cs\u00faszka vez\u00e9rl\u0151panel lehet\u0151v\u00e9 teszi a teljes\u00edtm\u00e9ny be\u00e1ll\u00edt\u00e1s\u00e1t egyszer\u0171en \u00fagy, hogy az ujj\u00e1t az \u00e9rint\u0151k\u00e9perny\u0151re helyezi. Eleg\u00e1ns ez\u00fcst vagy fekete \u00fcveg, \u00fcveg alatti grafik\u00e1val, ami simas\u00e1got \u00e9s ragyog\u00e1st biztos\u00edt a fel\u00fcletnek<br \/>\n\tSz\u00edn: Fekete<br \/>\n\tFel\u00fcletkezel\u00e9s: \u00dcveg<br \/>\n\tEszt\u00e9tika: Univerz\u00e1lis<br \/>\n\tAnyag: \u00dcveg<br \/>\n\t\u00dcveg t\u00edpusa: \u00dcvegker\u00e1mia<br \/>\n\tVez\u00e9rl\u00e9si be\u00e1ll\u00edt\u00e1s t\u00edpusa: Vivo Screen Max<br \/>\n\tVez\u00e9rl\u0151gomb poz\u00edci\u00f3ja: El\u00f6l<br \/>\n\tCs\u00faszka: Igen<br \/>\n\tLED sz\u00ednek: TFT<br \/>\n\t\u00dcveg pereme: Egyenes perem<br \/>\n\tGrafika sz\u00edne: Sz\u00fcrke<\/p>\n<p>Az indukci\u00f3s f\u0151z\u0151z\u00f3n\u00e1k sz\u00e1ma: 6<br \/>\n\tId\u0151be\u00e1ll\u00edt\u00e1si lehet\u0151s\u00e9gek: Spegnimento automatico<br \/>\n\tR\u00e1seg\u00edt\u00e9ses f\u0151z\u0151z\u00f3n\u00e1k sz\u00e1ma: 6<br \/>\n\tF\u0151 be-\/kikapcsol\u00f3 gomb: Igen<br \/>\n\tTeljes\u00edtm\u00e9nyszintek: 17<\/p>\n<p>Munkalap kiv\u00e1g\u00e1s: 500-916 mm<br \/>\n\tEd\u00e9nyk\u00f6vet\u00e9s: Igen<br \/>\n\tMultiZone opci\u00f3: Igen<br \/>\n\tAuto Multizone: Igen<br \/>\n\tRugalmas z\u00f3na t\u00edpus: AreaZone<br \/>\n\tId\u0151z\u00edt\u0151 v\u00e9ge: 6<br \/>\n\tSz\u00fcnet opci\u00f3: Igen<br \/>\n\tId\u0151z\u00edt\u0151: 1<br \/>\n\tS\u00fct\u00e9s v\u00e9ge jelz\u00e9s: Igen<br \/>\n\tH\u00e1tral\u00e9v\u0151 id\u0151 kijelz\u00e9se: Igen<br \/>\n\tKorl\u00e1tozott energiafogyaszt\u00e1s\u00fa \u00fczemm\u00f3d: Si Advance<br \/>\n\tKorl\u00e1tozott energiafogyaszt\u00e1s W-ban: 2400 a 11100 &#8211; step 100 W<br \/>\n\tBemutat\u00f3terem dem\u00f3 opci\u00f3: Igen<br \/>\n\tA z\u00e1r\/gyermekbiztons\u00e1g vez\u00e9rl\u00e9se: Igen<br \/>\n\tMelegen tart\u00e1s automatikus funkci\u00f3: Igen<br \/>\n\tH\u00edd opci\u00f3: Igen<br \/>\n\tAutomatikus forr\u00e1s funkci\u00f3: Igen<br \/>\n\tGyorsind\u00edt\u00e1s: Igen<br \/>\n\tP\u00e1rol\u00e1si funkci\u00f3: Igen<br \/>\n\tOlvaszt\u00e1s\/Alacsony h\u0151m\u00e9rs\u00e9klet\u0171 s\u00fct\u00e9s funkci\u00f3: Igen<br \/>\n\tGyors szintv\u00e1laszt\u00e1s: Igen<\/p>\n<p>Elektromos csatlakoz\u00e1s n\u00e9vleges \u00e9rt\u00e9ke (W): 11100 W<br \/>\n\tJelenlegi: 49 A<br \/>\n\tFesz\u00fclts\u00e9g (V): 220-240 V<br \/>\n\tFesz\u00fclts\u00e9g 2 (V): 380-415 V<br \/>\n\tFrekvencia (Hz): 50\/60 Hz<br \/>\n\tElektromos k\u00e1bel t\u00edpusa: Egyf\u00e1zis\u00fa \u00e9s k\u00e9tf\u00e1zis\u00fa<br \/>\n\tA sz\u00e1ll\u00edtott elektromos k\u00e1bel t\u00edpusa: Igen, egy- \u00e9s k\u00e9tf\u00e1zis\u00fa<br \/>\n\tElektromos k\u00e1bel t\u00edpusa: H\u00e1romf\u00e1zis\u00fa<br \/>\n\tT\u00e1pk\u00e1bel hossza: 120 cm<br \/>\n\tLogisztikai inform\u00e1ci\u00f3k<br \/>\n\tA term\u00e9k m\u00e9retei (mm): 51x930x515<br \/>\n\tM\u00e9lys\u00e9g: 515 mm<br \/>\n\tSz\u00e9less\u00e9g: 930 mm<br \/>\n\tA term\u00e9k magass\u00e1ga: 51 mm <\/p>\n<p>\tPacked width: 1000 mm<br \/>\n\tPackaged depth: 570 mm<br \/>\n\tHeight (mm) packed: 120 mm<br \/>\n\tDimensions of the packed product (mm): 120X1000X570<br \/>\n\tMaximum stackability: 15<br \/>\n\tType of packaging: Cardboard<br \/>\n\tPackaging composition &#8211; paper &#038;amp cardboard (kg): 0.648 kg<br \/>\n\tPackaging composition &#8211; polystyrene (kg): 1.350 kg<br \/>\n\tPackaging composition &#8211; wood (kg): 0.000 kg<br \/>\n\tPackaging composition &#8211; plastic (kg): 0.049 kg<\/p>\n<p>\u00a0<\/p>\n","protected":false},"excerpt":{"rendered":"<p><iframe src=\" https:\/\/www.mbhbank.hu\/sfcalculation\/?ar=[PRICE]&#038;partner=DX030&#038;konstrukcio=DLSK14\" width=\"100%\" height=\"500\" frameborder=\"0\" scrolling=\"yes\" align=\"left\"><\/iframe><\/p>\n","protected":false},"featured_media":7472,"comment_status":"closed","ping_status":"closed","template":"","meta":{"_crdt_document":"","content-type":"","jetpack_post_was_ever_published":false,"jetpack_publicize_message":"","jetpack_publicize_feature_enabled":true,"jetpack_social_post_already_shared":true,"jetpack_social_options":{"image_generator_settings":{"template":"highway","default_image_id":0,"font":"","enabled":false},"version":2},"_wpas_customize_per_network":false},"product_brand":[1634],"product_cat":[1522,1526,1527],"product_tag":[],"woo-feed-brand":[],"class_list":{"0":"post-7473","1":"product","2":"type-product","3":"status-publish","4":"has-post-thumbnail","6":"product_brand-smeg","7":"product_cat-beepitheto-indukcios-fozolap","8":"product_cat-fozolap","9":"product_cat-sutok-es-fozolapok","10":"product_shipping_class-100000felett","12":"first","13":"onbackorder","14":"sale","15":"taxable","16":"shipping-taxable","17":"purchasable","18":"product-type-simple"},"yoast_head":"<!-- This site is optimized with the Yoast SEO Premium plugin v26.9 (Yoast SEO v26.9) - https:\/\/yoast.com\/product\/yoast-seo-premium-wordpress\/ -->\n<title>Smeg SIA1963D be\u00e9p\u00edthet\u0151 indukci\u00f3s f\u0151z\u0151lap Universal design fekete 93cm - Pr\u00e9miumK\u00e9sz\u00fcl\u00e9k<\/title>\n<meta name=\"description\" content=\"F\u0151zz\u00f6n st\u00edlusosan a Smeg SIA1963D indukci\u00f3s f\u0151z\u0151lapj\u00e1val! Az eleg\u00e1ns design \u00e9s a TFT \u00e9rint\u0151k\u00e9perny\u0151 t\u00f6k\u00e9letes v\u00e1laszt\u00e1s minden konyh\u00e1ba.\" \/>\n<meta name=\"robots\" content=\"index, follow, max-snippet:-1, max-image-preview:large, max-video-preview:-1\" \/>\n<link rel=\"canonical\" href=\"https:\/\/premiumkeszulek.hu\/en\/product\/smeg-sia1963d-beepitheto-indukcios-fozolap-universal-design-fekete-93cm\/\" \/>\n<meta property=\"og:locale\" content=\"en_GB\" \/>\n<meta property=\"og:type\" content=\"article\" \/>\n<meta property=\"og:title\" content=\"Smeg SIA1963D be\u00e9p\u00edthet\u0151 indukci\u00f3s f\u0151z\u0151lap Universal design fekete 93cm\" \/>\n<meta property=\"og:description\" content=\"F\u0151zz\u00f6n st\u00edlusosan a Smeg SIA1963D indukci\u00f3s f\u0151z\u0151lapj\u00e1val! Az eleg\u00e1ns design \u00e9s a TFT \u00e9rint\u0151k\u00e9perny\u0151 t\u00f6k\u00e9letes v\u00e1laszt\u00e1s minden konyh\u00e1ba.\" \/>\n<meta property=\"og:url\" content=\"https:\/\/premiumkeszulek.hu\/en\/product\/smeg-sia1963d-beepitheto-indukcios-fozolap-universal-design-fekete-93cm\/\" \/>\n<meta property=\"og:site_name\" content=\"Pr\u00e9miumK\u00e9sz\u00fcl\u00e9k\" \/>\n<meta property=\"article:publisher\" content=\"https:\/\/www.facebook.com\/konyhaluxnet\" \/>\n<meta property=\"article:modified_time\" content=\"2026-04-02T16:39:47+00:00\" \/>\n<meta property=\"og:image\" content=\"https:\/\/i0.wp.com\/premiumkeszulek.hu\/wp-content\/uploads\/2025\/02\/SIA1963D-11111.jpg?fit=800%2C800&ssl=1\" \/>\n\t<meta property=\"og:image:width\" content=\"800\" \/>\n\t<meta property=\"og:image:height\" content=\"800\" \/>\n\t<meta property=\"og:image:type\" content=\"image\/jpeg\" \/>\n<meta name=\"twitter:card\" content=\"summary_large_image\" \/>\n<meta name=\"twitter:label1\" content=\"Price\" \/>\n\t<meta name=\"twitter:data1\" content=\"2.139.305&#070;&#116;\" \/>\n\t<meta name=\"twitter:label2\" content=\"Availability\" \/>\n\t<meta name=\"twitter:data2\" content=\"On back order\" \/>\n<script type=\"application\/ld+json\" class=\"yoast-schema-graph\">{\"@context\":\"https:\/\/schema.org\",\"@graph\":[{\"@type\":\"WebPage\",\"@id\":\"https:\/\/premiumkeszulek.hu\/en\/product\/smeg-sia1963d-beepitheto-indukcios-fozolap-universal-design-fekete-93cm\/\",\"url\":\"https:\/\/premiumkeszulek.hu\/en\/product\/smeg-sia1963d-beepitheto-indukcios-fozolap-universal-design-fekete-93cm\/\",\"name\":\"Smeg SIA1963D be\u00e9p\u00edthet\u0151 indukci\u00f3s f\u0151z\u0151lap Universal design fekete 93cm - Pr\u00e9miumK\u00e9sz\u00fcl\u00e9k\",\"isPartOf\":{\"@id\":\"http:\/\/premiumkeszulek.hu\/hu\/#website\"},\"primaryImageOfPage\":{\"@id\":\"https:\/\/premiumkeszulek.hu\/en\/product\/smeg-sia1963d-beepitheto-indukcios-fozolap-universal-design-fekete-93cm\/#primaryimage\"},\"image\":{\"@id\":\"https:\/\/premiumkeszulek.hu\/en\/product\/smeg-sia1963d-beepitheto-indukcios-fozolap-universal-design-fekete-93cm\/#primaryimage\"},\"thumbnailUrl\":\"https:\/\/i0.wp.com\/premiumkeszulek.hu\/wp-content\/uploads\/2025\/02\/SIA1963D-11111.jpg?fit=800%2C800&ssl=1\",\"datePublished\":\"2025-02-12T20:05:40+00:00\",\"dateModified\":\"2026-04-02T16:39:47+00:00\",\"description\":\"F\u0151zz\u00f6n st\u00edlusosan a Smeg SIA1963D indukci\u00f3s f\u0151z\u0151lapj\u00e1val! Az eleg\u00e1ns design \u00e9s a TFT \u00e9rint\u0151k\u00e9perny\u0151 t\u00f6k\u00e9letes v\u00e1laszt\u00e1s minden konyh\u00e1ba.\",\"breadcrumb\":{\"@id\":\"https:\/\/premiumkeszulek.hu\/en\/product\/smeg-sia1963d-beepitheto-indukcios-fozolap-universal-design-fekete-93cm\/#breadcrumb\"},\"inLanguage\":\"en-GB\",\"potentialAction\":[{\"@type\":\"ReadAction\",\"target\":[\"https:\/\/premiumkeszulek.hu\/en\/product\/smeg-sia1963d-beepitheto-indukcios-fozolap-universal-design-fekete-93cm\/\"]}]},{\"@type\":\"ImageObject\",\"inLanguage\":\"en-GB\",\"@id\":\"https:\/\/premiumkeszulek.hu\/en\/product\/smeg-sia1963d-beepitheto-indukcios-fozolap-universal-design-fekete-93cm\/#primaryimage\",\"url\":\"https:\/\/i0.wp.com\/premiumkeszulek.hu\/wp-content\/uploads\/2025\/02\/SIA1963D-11111.jpg?fit=800%2C800&ssl=1\",\"contentUrl\":\"https:\/\/i0.wp.com\/premiumkeszulek.hu\/wp-content\/uploads\/2025\/02\/SIA1963D-11111.jpg?fit=800%2C800&ssl=1\",\"width\":800,\"height\":800},{\"@type\":\"BreadcrumbList\",\"@id\":\"https:\/\/premiumkeszulek.hu\/en\/product\/smeg-sia1963d-beepitheto-indukcios-fozolap-universal-design-fekete-93cm\/#breadcrumb\",\"itemListElement\":[{\"@type\":\"ListItem\",\"position\":1,\"name\":\"Home\",\"item\":\"https:\/\/premiumkeszulek.hu\/hu\/\"},{\"@type\":\"ListItem\",\"position\":2,\"name\":\"Shop\",\"item\":\"https:\/\/premiumkeszulek.hu\/hu\/shop\/\"},{\"@type\":\"ListItem\",\"position\":3,\"name\":\"Smeg SIA1963D be\u00e9p\u00edthet\u0151 indukci\u00f3s f\u0151z\u0151lap Universal design fekete 93cm\"}]},{\"@type\":\"WebSite\",\"@id\":\"http:\/\/premiumkeszulek.hu\/hu\/#website\",\"url\":\"http:\/\/premiumkeszulek.hu\/hu\/\",\"name\":\"Pr\u00e9miumK\u00e9sz\u00fcl\u00e9k\",\"description\":\"\",\"publisher\":{\"@id\":\"http:\/\/premiumkeszulek.hu\/hu\/#organization\"},\"potentialAction\":[{\"@type\":\"SearchAction\",\"target\":{\"@type\":\"EntryPoint\",\"urlTemplate\":\"http:\/\/premiumkeszulek.hu\/hu\/?s={search_term_string}\"},\"query-input\":{\"@type\":\"PropertyValueSpecification\",\"valueRequired\":true,\"valueName\":\"search_term_string\"}}],\"inLanguage\":\"en-GB\"},{\"@type\":\"Organization\",\"@id\":\"http:\/\/premiumkeszulek.hu\/hu\/#organization\",\"name\":\"Pr\u00e9miumK\u00e9sz\u00fcl\u00e9k\",\"alternateName\":\"HPH Special Kft\",\"url\":\"http:\/\/premiumkeszulek.hu\/hu\/\",\"logo\":{\"@type\":\"ImageObject\",\"inLanguage\":\"en-GB\",\"@id\":\"http:\/\/premiumkeszulek.hu\/hu\/#\/schema\/logo\/image\/\",\"url\":\"http:\/\/premiumkeszulek.hu\/wp-content\/uploads\/2025\/03\/TURKIZLOGO-kicsi.png\",\"contentUrl\":\"http:\/\/premiumkeszulek.hu\/wp-content\/uploads\/2025\/03\/TURKIZLOGO-kicsi.png\",\"width\":1600,\"height\":547,\"caption\":\"Pr\u00e9miumK\u00e9sz\u00fcl\u00e9k\"},\"image\":{\"@id\":\"http:\/\/premiumkeszulek.hu\/hu\/#\/schema\/logo\/image\/\"},\"sameAs\":[\"https:\/\/www.facebook.com\/konyhaluxnet\",\"https:\/\/www.instagram.com\/konyhaluxnet\/#\"],\"email\":\"info@premiumkeszulek.hu\",\"telephone\":\"36 1 \/ 226-1992\",\"legalName\":\"HPH Special Kft\",\"vatID\":\"HU12549502\",\"taxID\":\"12549502\",\"hasMerchantReturnPolicy\":{\"@type\":\"MerchantReturnPolicy\",\"merchantReturnLink\":\"https:\/\/premiumkeszulek.hu\/en\/altalanos-szerzodesi-es-felhasznalasi-feltetelek\/\"}}]}<\/script>\n<meta property=\"product:brand\" content=\"Smeg\" \/>\n<meta property=\"product:price:amount\" content=\"2139305\" \/>\n<meta property=\"product:price:currency\" content=\"HUF\" \/>\n<meta property=\"og:availability\" content=\"backorder\" \/>\n<meta property=\"product:availability\" content=\"available for order\" \/>\n<meta property=\"product:retailer_item_id\" content=\"SIA1963D\" \/>\n<meta property=\"product:condition\" content=\"new\" \/>\n<!-- \/ Yoast SEO Premium plugin. -->","yoast_head_json":{"title":"Smeg SIA1963D be\u00e9p\u00edthet\u0151 indukci\u00f3s f\u0151z\u0151lap Universal design fekete 93cm - Pr\u00e9miumK\u00e9sz\u00fcl\u00e9k","description":"F\u0151zz\u00f6n st\u00edlusosan a Smeg SIA1963D indukci\u00f3s f\u0151z\u0151lapj\u00e1val! Az eleg\u00e1ns design \u00e9s a TFT \u00e9rint\u0151k\u00e9perny\u0151 t\u00f6k\u00e9letes v\u00e1laszt\u00e1s minden konyh\u00e1ba.","robots":{"index":"index","follow":"follow","max-snippet":"max-snippet:-1","max-image-preview":"max-image-preview:large","max-video-preview":"max-video-preview:-1"},"canonical":"https:\/\/premiumkeszulek.hu\/en\/product\/smeg-sia1963d-beepitheto-indukcios-fozolap-universal-design-fekete-93cm\/","og_locale":"en_GB","og_type":"article","og_title":"Smeg SIA1963D be\u00e9p\u00edthet\u0151 indukci\u00f3s f\u0151z\u0151lap Universal design fekete 93cm","og_description":"F\u0151zz\u00f6n st\u00edlusosan a Smeg SIA1963D indukci\u00f3s f\u0151z\u0151lapj\u00e1val! Az eleg\u00e1ns design \u00e9s a TFT \u00e9rint\u0151k\u00e9perny\u0151 t\u00f6k\u00e9letes v\u00e1laszt\u00e1s minden konyh\u00e1ba.","og_url":"https:\/\/premiumkeszulek.hu\/en\/product\/smeg-sia1963d-beepitheto-indukcios-fozolap-universal-design-fekete-93cm\/","og_site_name":"Pr\u00e9miumK\u00e9sz\u00fcl\u00e9k","article_publisher":"https:\/\/www.facebook.com\/konyhaluxnet","article_modified_time":"2026-04-02T16:39:47+00:00","og_image":[{"width":800,"height":800,"url":"https:\/\/i0.wp.com\/premiumkeszulek.hu\/wp-content\/uploads\/2025\/02\/SIA1963D-11111.jpg?fit=800%2C800&ssl=1","type":"image\/jpeg"}],"twitter_card":"summary_large_image","twitter_misc":{"Price":"2.139.305&#70;&#116;","Availability":"On back order"},"schema":{"@context":"https:\/\/schema.org","@graph":[{"@type":"WebPage","@id":"https:\/\/premiumkeszulek.hu\/en\/product\/smeg-sia1963d-beepitheto-indukcios-fozolap-universal-design-fekete-93cm\/","url":"https:\/\/premiumkeszulek.hu\/en\/product\/smeg-sia1963d-beepitheto-indukcios-fozolap-universal-design-fekete-93cm\/","name":"Smeg SIA1963D be\u00e9p\u00edthet\u0151 indukci\u00f3s f\u0151z\u0151lap Universal design fekete 93cm - Pr\u00e9miumK\u00e9sz\u00fcl\u00e9k","isPartOf":{"@id":"http:\/\/premiumkeszulek.hu\/hu\/#website"},"primaryImageOfPage":{"@id":"https:\/\/premiumkeszulek.hu\/en\/product\/smeg-sia1963d-beepitheto-indukcios-fozolap-universal-design-fekete-93cm\/#primaryimage"},"image":{"@id":"https:\/\/premiumkeszulek.hu\/en\/product\/smeg-sia1963d-beepitheto-indukcios-fozolap-universal-design-fekete-93cm\/#primaryimage"},"thumbnailUrl":"https:\/\/i0.wp.com\/premiumkeszulek.hu\/wp-content\/uploads\/2025\/02\/SIA1963D-11111.jpg?fit=800%2C800&ssl=1","datePublished":"2025-02-12T20:05:40+00:00","dateModified":"2026-04-02T16:39:47+00:00","description":"F\u0151zz\u00f6n st\u00edlusosan a Smeg SIA1963D indukci\u00f3s f\u0151z\u0151lapj\u00e1val! Az eleg\u00e1ns design \u00e9s a TFT \u00e9rint\u0151k\u00e9perny\u0151 t\u00f6k\u00e9letes v\u00e1laszt\u00e1s minden konyh\u00e1ba.","breadcrumb":{"@id":"https:\/\/premiumkeszulek.hu\/en\/product\/smeg-sia1963d-beepitheto-indukcios-fozolap-universal-design-fekete-93cm\/#breadcrumb"},"inLanguage":"en-GB","potentialAction":[{"@type":"ReadAction","target":["https:\/\/premiumkeszulek.hu\/en\/product\/smeg-sia1963d-beepitheto-indukcios-fozolap-universal-design-fekete-93cm\/"]}]},{"@type":"ImageObject","inLanguage":"en-GB","@id":"https:\/\/premiumkeszulek.hu\/en\/product\/smeg-sia1963d-beepitheto-indukcios-fozolap-universal-design-fekete-93cm\/#primaryimage","url":"https:\/\/i0.wp.com\/premiumkeszulek.hu\/wp-content\/uploads\/2025\/02\/SIA1963D-11111.jpg?fit=800%2C800&ssl=1","contentUrl":"https:\/\/i0.wp.com\/premiumkeszulek.hu\/wp-content\/uploads\/2025\/02\/SIA1963D-11111.jpg?fit=800%2C800&ssl=1","width":800,"height":800},{"@type":"BreadcrumbList","@id":"https:\/\/premiumkeszulek.hu\/en\/product\/smeg-sia1963d-beepitheto-indukcios-fozolap-universal-design-fekete-93cm\/#breadcrumb","itemListElement":[{"@type":"ListItem","position":1,"name":"Home","item":"https:\/\/premiumkeszulek.hu\/hu\/"},{"@type":"ListItem","position":2,"name":"Shop","item":"https:\/\/premiumkeszulek.hu\/hu\/shop\/"},{"@type":"ListItem","position":3,"name":"Smeg SIA1963D be\u00e9p\u00edthet\u0151 indukci\u00f3s f\u0151z\u0151lap Universal design fekete 93cm"}]},{"@type":"WebSite","@id":"http:\/\/premiumkeszulek.hu\/hu\/#website","url":"http:\/\/premiumkeszulek.hu\/hu\/","name":"Pr\u00e9miumK\u00e9sz\u00fcl\u00e9k","description":"","publisher":{"@id":"http:\/\/premiumkeszulek.hu\/hu\/#organization"},"potentialAction":[{"@type":"SearchAction","target":{"@type":"EntryPoint","urlTemplate":"http:\/\/premiumkeszulek.hu\/hu\/?s={search_term_string}"},"query-input":{"@type":"PropertyValueSpecification","valueRequired":true,"valueName":"search_term_string"}}],"inLanguage":"en-GB"},{"@type":"Organization","@id":"http:\/\/premiumkeszulek.hu\/hu\/#organization","name":"Pr\u00e9miumK\u00e9sz\u00fcl\u00e9k","alternateName":"HPH Special Kft","url":"http:\/\/premiumkeszulek.hu\/hu\/","logo":{"@type":"ImageObject","inLanguage":"en-GB","@id":"http:\/\/premiumkeszulek.hu\/hu\/#\/schema\/logo\/image\/","url":"http:\/\/premiumkeszulek.hu\/wp-content\/uploads\/2025\/03\/TURKIZLOGO-kicsi.png","contentUrl":"http:\/\/premiumkeszulek.hu\/wp-content\/uploads\/2025\/03\/TURKIZLOGO-kicsi.png","width":1600,"height":547,"caption":"Pr\u00e9miumK\u00e9sz\u00fcl\u00e9k"},"image":{"@id":"http:\/\/premiumkeszulek.hu\/hu\/#\/schema\/logo\/image\/"},"sameAs":["https:\/\/www.facebook.com\/konyhaluxnet","https:\/\/www.instagram.com\/konyhaluxnet\/#"],"email":"info@premiumkeszulek.hu","telephone":"36 1 \/ 226-1992","legalName":"HPH Special Kft","vatID":"HU12549502","taxID":"12549502","hasMerchantReturnPolicy":{"@type":"MerchantReturnPolicy","merchantReturnLink":"https:\/\/premiumkeszulek.hu\/en\/altalanos-szerzodesi-es-felhasznalasi-feltetelek\/"}}]},"product_brand":"Smeg","product_price_amount":"2139305","product_price_currency":"HUF","og_availability":"backorder","product_availability":"available for order","product_retailer_item_id":"SIA1963D","product_condition":"new"},"jetpack_publicize_connections":[],"jetpack_likes_enabled":true,"jetpack_sharing_enabled":true,"jetpack-related-posts":[],"_links":{"self":[{"href":"https:\/\/premiumkeszulek.hu\/en\/wp-json\/wp\/v2\/product\/7473","targetHints":{"allow":["GET"]}}],"collection":[{"href":"https:\/\/premiumkeszulek.hu\/en\/wp-json\/wp\/v2\/product"}],"about":[{"href":"https:\/\/premiumkeszulek.hu\/en\/wp-json\/wp\/v2\/types\/product"}],"replies":[{"embeddable":true,"href":"https:\/\/premiumkeszulek.hu\/en\/wp-json\/wp\/v2\/comments?post=7473"}],"wp:featuredmedia":[{"embeddable":true,"href":"https:\/\/premiumkeszulek.hu\/en\/wp-json\/wp\/v2\/media\/7472"}],"wp:attachment":[{"href":"https:\/\/premiumkeszulek.hu\/en\/wp-json\/wp\/v2\/media?parent=7473"}],"wp:term":[{"taxonomy":"product_brand","embeddable":true,"href":"https:\/\/premiumkeszulek.hu\/en\/wp-json\/wp\/v2\/product_brand?post=7473"},{"taxonomy":"product_cat","embeddable":true,"href":"https:\/\/premiumkeszulek.hu\/en\/wp-json\/wp\/v2\/product_cat?post=7473"},{"taxonomy":"product_tag","embeddable":true,"href":"https:\/\/premiumkeszulek.hu\/en\/wp-json\/wp\/v2\/product_tag?post=7473"},{"taxonomy":"woo-feed-brand","embeddable":true,"href":"https:\/\/premiumkeszulek.hu\/en\/wp-json\/wp\/v2\/woo-feed-brand?post=7473"}],"curies":[{"name":"wp","href":"https:\/\/api.w.org\/{rel}","templated":true}]}}