{"id":7225,"date":"2025-02-12T21:01:05","date_gmt":"2025-02-12T20:01:05","guid":{"rendered":"https:\/\/premiumkeszulek.hu\/product\/smeg-cpf92imx-portofino-indukcios-tuzhely-2-sutoter-inox-90cm\/"},"modified":"2026-04-02T18:39:30","modified_gmt":"2026-04-02T16:39:30","slug":"smeg-cpf92imx-portofino-indukcios-tuzhely-2-sutoter-inox-90cm","status":"publish","type":"product","link":"https:\/\/premiumkeszulek.hu\/en\/product\/smeg-cpf92imx-portofino-indukcios-tuzhely-2-sutoter-inox-90cm\/","title":{"rendered":"Smeg CPF92IMX Portofino indukci\u00f3s t\u0171zhely 2 s\u00fct\u0151t\u00e9r inox 90cm"},"content":{"rendered":"<p><strong>PORTOFINO<\/strong><br \/>\n\tA Portofino term\u00e9kcsal\u00e1dot Liguria kik\u00f6t\u0151inek mediterr\u00e1n \u00e1rnyalatai ihlett\u00e9k, \u00edgy nem csoda, hogy olaszos romantik\u00e1t \u00e9s boldogs\u00e1got hoz<br \/>\n\ta konyh\u00e1ba.\n<\/p>\n<p><strong>EGY DESIGN, AMI MINDEN T\u00c9RHEZ PASSZOL A PORTOFINO<\/strong><br \/>\n\t\u00a0term\u00e9kcsal\u00e1d 8 k\u00fcl\u00f6nb\u00f6z\u0151 sz\u00ednben \u00e9rhet\u0151 el 3 k\u00fcl\u00f6nb\u00f6z\u0151 konfigur\u00e1ci\u00f3val:<br \/>\n\t90 cm-es cooker g\u00e1z vagy indukci\u00f3s indukci\u00f3s f\u0151z\u0151lappal, illetve a nagyobb t\u00e9rrel rendelkez\u0151k sz\u00e1m\u00e1ra egy 120 cm-es vegyes f\u0151z\u0151lappal<br \/>\n\trendelkez\u0151 modell is kaphat\u00f3. \u00c9l\u00e9nk sz\u00edneivel \u00e9s karakteres megjelen\u00e9s\u00e9vel b\u00e1rmely konyha \u00e9kk\u00f6ve lehet.\n<\/p>\n<p><strong>ENERGIAHAT\u00c9KONY S\u00dcT\u00c9S<\/strong><br \/>\n\tA s\u00fct\u0151k innovat\u00edv elektronikus h\u0151m\u00e9rs\u00e9kletszab\u00e1lyoz\u00f3 rendszere alkalmazkodik minden f\u0151z\u00e9si folyamathoz. A f\u0151z\u00e9si h\u0151m\u00e9rs\u00e9klet<br \/>\n\tprec\u00edz szab\u00e1lyoz\u00e1sa lehet\u0151v\u00e9 teszi az energiafogyaszt\u00e1s tov\u00e1bbi cs\u00f6kkent\u00e9s\u00e9t, hozz\u00e1j\u00e1rulva a k\u00e9sz\u00fcl\u00e9kek k\u00f6rnyezetbar\u00e1-<br \/>\n\ttabb\u00e1 t\u00e9tel\u00e9hez, a SMEG filoz\u00f3fi\u00e1j\u00e1val \u00f6sszhangban.\n<\/p>\n<p><strong>XXL-ES S\u00dcT\u0150T\u00c9R \u00c9S S\u00dcT\u00c9S PIZZAK\u00d6V\u00d6N<\/strong><br \/>\n\tA Portofino g\u00e1z f\u0151z\u0151lapos cooker extra nagy, 126 vagy 115 literes s\u00fct\u0151tere (t\u00edpust\u00f3l f\u00fcgg\u0151en) m\u00e9g t\u00f6bb helyet biztos\u00edt azoknak, akik egyszerre t\u00f6bb \u00e9telt<br \/>\n\tszeretn\u00e9nek elk\u00e9sz\u00edteni a s\u00fct\u0151ben, an\u00e9lk\u00fcl hogy az \u00edzek \u00e9s illatok keveredn\u00e9nek. A s\u00fct\u0151be helyezhet\u0151 s\u00fct\u0151lap seg\u00edts\u00e9g\u00e9vel<br \/>\n\tgyorsan \u00e9s k\u00f6nnyen k\u00e9sz\u00edthet\u00fcnk kenyeret, s\u00fctem\u00e9nyeket, halat, z\u00f6lds\u00e9ges \u00e9teleket vagy<br \/>\n\tpizz\u00e1t, s\u0151t a Turbo funkci\u00f3 haszn\u00e1lat\u00e1val ak\u00e1r k\u00e9t pizz\u00e1t is s\u00fcthet\u00fcnk egyszerre.\n<\/p>\n<p> 90 x 60 cm<br \/>\n\t\u2022 8 vez\u00e9rl\u0151gomb<br \/>\n\tF\u0150Z\u0150LAP:<br \/>\n\t\u2022 5 booster indukci\u00f3s z\u00f3na<br \/>\n\t\u2022 9 teljes\u00edtm\u00e9ny szint<br \/>\n\t\u2022 ed\u00e9nyfelismer\u00e9s<br \/>\n\t\u2022 t\u00falmeleged\u00e9s elleni v\u00e9delem<br \/>\n\t\u2022 marad\u00e9kh\u0151 visszajelz\u00e9s<br \/>\n\tS\u00dcT\u0150:<br \/>\n\t\u2022 7 s\u00fct\u00e9si funkci\u00f3<br \/>\n\taz 1. s\u00fct\u0151t\u00e9rben<br \/>\n\t\u2022 3 s\u00fct\u00e9si funkci\u00f3<br \/>\n\ta 2. s\u00fct\u0151t\u00e9rben<br \/>\n\t\u2022 g\u0151ztiszt\u00edt\u00e1s<br \/>\n\t\u2022 3 r\u00e9teg\u0171 \u00fcvegajt\u00f3<br \/>\n\t\u2022 70 l s\u00fct\u0151t\u00e9r \u0171rtartalom<br \/>\n\taz 1. s\u00fct\u0151t\u00e9rben<br \/>\n\t\u2022 35 l s\u00fct\u0151t\u00e9r \u0171rtartalom<br \/>\n\ta 2. s\u00fct\u0151t\u00e9rben<br \/>\n\t\u2022 tartoz\u00e9kok: 3 db tepsi, 1 p\u00e1r<br \/>\n\tteljesen kih\u00fazhat\u00f3 teleszk\u00f3pos<br \/>\n\ts\u00fct\u0151s\u00edn, 2 db grillr\u00e1cs<\/p>\n<p>antracit\u00a0\u00a0 CPF92IMA<br \/>\n\tfeh\u00e9r\u00a0\u00a0\u00a0\u00a0\u00a0\u00a0 CPF92IMWH<br \/>\n\tfekete\u00a0\u00a0\u00a0\u00a0 CPF92IMBL<br \/>\n\tinox\u00a0\u00a0\u00a0\u00a0\u00a0\u00a0\u00a0 CPF92IMX<br \/>\n\t\u00a0<\/p>\n<p>\u00a0<\/p>\n","protected":false},"excerpt":{"rendered":"<p><iframe src=\" https:\/\/www.mbhbank.hu\/sfcalculation\/?ar=[PRICE]&#038;partner=DX030&#038;konstrukcio=DLSK14\" width=\"100%\" height=\"500\" frameborder=\"0\" scrolling=\"yes\" align=\"left\"><\/iframe><\/p>\n","protected":false},"featured_media":7224,"comment_status":"closed","ping_status":"closed","template":"","meta":{"_crdt_document":"","content-type":"","jetpack_post_was_ever_published":false,"jetpack_publicize_message":"","jetpack_publicize_feature_enabled":true,"jetpack_social_post_already_shared":true,"jetpack_social_options":{"image_generator_settings":{"template":"highway","default_image_id":0,"font":"","enabled":false},"version":2},"_wpas_customize_per_network":false},"product_brand":[1634],"product_cat":[1527,1643],"product_tag":[],"woo-feed-brand":[],"class_list":{"0":"post-7225","1":"product","2":"type-product","3":"status-publish","4":"has-post-thumbnail","6":"product_brand-smeg","7":"product_cat-sutok-es-fozolapok","8":"product_cat-tuzhelyek","9":"product_shipping_class-100000felett","11":"first","12":"onbackorder","13":"sale","14":"taxable","15":"shipping-taxable","16":"purchasable","17":"product-type-simple"},"yoast_head":"<!-- This site is optimized with the Yoast SEO Premium plugin v26.9 (Yoast SEO v26.9) - https:\/\/yoast.com\/product\/yoast-seo-premium-wordpress\/ -->\n<title>Smeg CPF92IMX Portofino indukci\u00f3s t\u0171zhely 2 s\u00fct\u0151t\u00e9r inox 90cm - Pr\u00e9miumK\u00e9sz\u00fcl\u00e9k<\/title>\n<meta name=\"description\" content=\"Fedezze fel a Smeg CPF92IMX Portofino indukci\u00f3s t\u0171zhely var\u00e1zs\u00e1t! \u00c9l\u00e9nk sz\u00ednek \u00e9s energiahat\u00e9kony s\u00fct\u00e9s egy helyen. Rendelje meg most!\" \/>\n<meta name=\"robots\" content=\"index, follow, max-snippet:-1, max-image-preview:large, max-video-preview:-1\" \/>\n<link rel=\"canonical\" href=\"https:\/\/premiumkeszulek.hu\/en\/termek\/smeg-cpf92imx-portofino-indukcios-tuzhely-2-sutoter-inox-90cm\/\" \/>\n<meta property=\"og:locale\" content=\"en_GB\" \/>\n<meta property=\"og:type\" content=\"article\" \/>\n<meta property=\"og:title\" content=\"Smeg CPF92IMX Portofino indukci\u00f3s t\u0171zhely 2 s\u00fct\u0151t\u00e9r inox 90cm\" \/>\n<meta property=\"og:description\" content=\"Fedezze fel a Smeg CPF92IMX Portofino indukci\u00f3s t\u0171zhely var\u00e1zs\u00e1t! \u00c9l\u00e9nk sz\u00ednek \u00e9s energiahat\u00e9kony s\u00fct\u00e9s egy helyen. Rendelje meg most!\" \/>\n<meta property=\"og:url\" content=\"https:\/\/premiumkeszulek.hu\/en\/termek\/smeg-cpf92imx-portofino-indukcios-tuzhely-2-sutoter-inox-90cm\/\" \/>\n<meta property=\"og:site_name\" content=\"Pr\u00e9miumK\u00e9sz\u00fcl\u00e9k\" \/>\n<meta property=\"article:publisher\" content=\"https:\/\/www.facebook.com\/konyhaluxnet\" \/>\n<meta property=\"article:modified_time\" content=\"2026-04-02T16:39:30+00:00\" \/>\n<meta property=\"og:image\" content=\"https:\/\/i0.wp.com\/premiumkeszulek.hu\/wp-content\/uploads\/2025\/02\/CPF92IMX-111.jpg?fit=800%2C800&ssl=1\" \/>\n\t<meta property=\"og:image:width\" content=\"800\" \/>\n\t<meta property=\"og:image:height\" content=\"800\" \/>\n\t<meta property=\"og:image:type\" content=\"image\/jpeg\" \/>\n<meta name=\"twitter:card\" content=\"summary_large_image\" \/>\n<meta name=\"twitter:label1\" content=\"Price\" \/>\n\t<meta name=\"twitter:data1\" content=\"1.684.255&#070;&#116;\" \/>\n\t<meta name=\"twitter:label2\" content=\"Availability\" \/>\n\t<meta name=\"twitter:data2\" content=\"On back order\" \/>\n<script type=\"application\/ld+json\" class=\"yoast-schema-graph\">{\"@context\":\"https:\/\/schema.org\",\"@graph\":[{\"@type\":\"WebPage\",\"@id\":\"https:\/\/premiumkeszulek.hu\/hu\/termek\/smeg-cpf92imx-portofino-indukcios-tuzhely-2-sutoter-inox-90cm\/\",\"url\":\"https:\/\/premiumkeszulek.hu\/hu\/termek\/smeg-cpf92imx-portofino-indukcios-tuzhely-2-sutoter-inox-90cm\/\",\"name\":\"Smeg CPF92IMX Portofino indukci\u00f3s t\u0171zhely 2 s\u00fct\u0151t\u00e9r inox 90cm - Pr\u00e9miumK\u00e9sz\u00fcl\u00e9k\",\"isPartOf\":{\"@id\":\"http:\/\/premiumkeszulek.hu\/hu\/#website\"},\"primaryImageOfPage\":{\"@id\":\"https:\/\/premiumkeszulek.hu\/hu\/termek\/smeg-cpf92imx-portofino-indukcios-tuzhely-2-sutoter-inox-90cm\/#primaryimage\"},\"image\":{\"@id\":\"https:\/\/premiumkeszulek.hu\/hu\/termek\/smeg-cpf92imx-portofino-indukcios-tuzhely-2-sutoter-inox-90cm\/#primaryimage\"},\"thumbnailUrl\":\"https:\/\/i0.wp.com\/premiumkeszulek.hu\/wp-content\/uploads\/2025\/02\/CPF92IMX-111.jpg?fit=800%2C800&ssl=1\",\"datePublished\":\"2025-02-12T20:01:05+00:00\",\"dateModified\":\"2026-04-02T16:39:30+00:00\",\"description\":\"Fedezze fel a Smeg CPF92IMX Portofino indukci\u00f3s t\u0171zhely var\u00e1zs\u00e1t! \u00c9l\u00e9nk sz\u00ednek \u00e9s energiahat\u00e9kony s\u00fct\u00e9s egy helyen. Rendelje meg most!\",\"breadcrumb\":{\"@id\":\"https:\/\/premiumkeszulek.hu\/hu\/termek\/smeg-cpf92imx-portofino-indukcios-tuzhely-2-sutoter-inox-90cm\/#breadcrumb\"},\"inLanguage\":\"en-GB\",\"potentialAction\":[{\"@type\":\"ReadAction\",\"target\":[\"https:\/\/premiumkeszulek.hu\/hu\/termek\/smeg-cpf92imx-portofino-indukcios-tuzhely-2-sutoter-inox-90cm\/\"]}]},{\"@type\":\"ImageObject\",\"inLanguage\":\"en-GB\",\"@id\":\"https:\/\/premiumkeszulek.hu\/hu\/termek\/smeg-cpf92imx-portofino-indukcios-tuzhely-2-sutoter-inox-90cm\/#primaryimage\",\"url\":\"https:\/\/i0.wp.com\/premiumkeszulek.hu\/wp-content\/uploads\/2025\/02\/CPF92IMX-111.jpg?fit=800%2C800&ssl=1\",\"contentUrl\":\"https:\/\/i0.wp.com\/premiumkeszulek.hu\/wp-content\/uploads\/2025\/02\/CPF92IMX-111.jpg?fit=800%2C800&ssl=1\",\"width\":800,\"height\":800},{\"@type\":\"BreadcrumbList\",\"@id\":\"https:\/\/premiumkeszulek.hu\/hu\/termek\/smeg-cpf92imx-portofino-indukcios-tuzhely-2-sutoter-inox-90cm\/#breadcrumb\",\"itemListElement\":[{\"@type\":\"ListItem\",\"position\":1,\"name\":\"Home\",\"item\":\"https:\/\/premiumkeszulek.hu\/hu\/\"},{\"@type\":\"ListItem\",\"position\":2,\"name\":\"Shop\",\"item\":\"https:\/\/premiumkeszulek.hu\/hu\/shop\/\"},{\"@type\":\"ListItem\",\"position\":3,\"name\":\"Smeg CPF92IMX Portofino indukci\u00f3s t\u0171zhely 2 s\u00fct\u0151t\u00e9r inox 90cm\"}]},{\"@type\":\"WebSite\",\"@id\":\"http:\/\/premiumkeszulek.hu\/hu\/#website\",\"url\":\"http:\/\/premiumkeszulek.hu\/hu\/\",\"name\":\"Pr\u00e9miumK\u00e9sz\u00fcl\u00e9k\",\"description\":\"\",\"publisher\":{\"@id\":\"http:\/\/premiumkeszulek.hu\/hu\/#organization\"},\"potentialAction\":[{\"@type\":\"SearchAction\",\"target\":{\"@type\":\"EntryPoint\",\"urlTemplate\":\"http:\/\/premiumkeszulek.hu\/hu\/?s={search_term_string}\"},\"query-input\":{\"@type\":\"PropertyValueSpecification\",\"valueRequired\":true,\"valueName\":\"search_term_string\"}}],\"inLanguage\":\"en-GB\"},{\"@type\":\"Organization\",\"@id\":\"http:\/\/premiumkeszulek.hu\/hu\/#organization\",\"name\":\"Pr\u00e9miumK\u00e9sz\u00fcl\u00e9k\",\"alternateName\":\"HPH Special Kft\",\"url\":\"http:\/\/premiumkeszulek.hu\/hu\/\",\"logo\":{\"@type\":\"ImageObject\",\"inLanguage\":\"en-GB\",\"@id\":\"http:\/\/premiumkeszulek.hu\/hu\/#\/schema\/logo\/image\/\",\"url\":\"http:\/\/premiumkeszulek.hu\/wp-content\/uploads\/2025\/03\/TURKIZLOGO-kicsi.png\",\"contentUrl\":\"http:\/\/premiumkeszulek.hu\/wp-content\/uploads\/2025\/03\/TURKIZLOGO-kicsi.png\",\"width\":1600,\"height\":547,\"caption\":\"Pr\u00e9miumK\u00e9sz\u00fcl\u00e9k\"},\"image\":{\"@id\":\"http:\/\/premiumkeszulek.hu\/hu\/#\/schema\/logo\/image\/\"},\"sameAs\":[\"https:\/\/www.facebook.com\/konyhaluxnet\",\"https:\/\/www.instagram.com\/konyhaluxnet\/#\"],\"email\":\"info@premiumkeszulek.hu\",\"telephone\":\"36 1 \/ 226-1992\",\"legalName\":\"HPH Special Kft\",\"vatID\":\"HU12549502\",\"taxID\":\"12549502\",\"hasMerchantReturnPolicy\":{\"@type\":\"MerchantReturnPolicy\",\"merchantReturnLink\":\"https:\/\/premiumkeszulek.hu\/en\/altalanos-szerzodesi-es-felhasznalasi-feltetelek\/\"}}]}<\/script>\n<meta property=\"product:brand\" content=\"Smeg\" \/>\n<meta property=\"product:price:amount\" content=\"1684255\" \/>\n<meta property=\"product:price:currency\" content=\"HUF\" \/>\n<meta property=\"og:availability\" content=\"backorder\" \/>\n<meta property=\"product:availability\" content=\"available for order\" \/>\n<meta property=\"product:retailer_item_id\" content=\"CPF92IMX\" \/>\n<meta property=\"product:condition\" content=\"new\" \/>\n<!-- \/ Yoast SEO Premium plugin. -->","yoast_head_json":{"title":"Smeg CPF92IMX Portofino indukci\u00f3s t\u0171zhely 2 s\u00fct\u0151t\u00e9r inox 90cm - Pr\u00e9miumK\u00e9sz\u00fcl\u00e9k","description":"Fedezze fel a Smeg CPF92IMX Portofino indukci\u00f3s t\u0171zhely var\u00e1zs\u00e1t! \u00c9l\u00e9nk sz\u00ednek \u00e9s energiahat\u00e9kony s\u00fct\u00e9s egy helyen. Rendelje meg most!","robots":{"index":"index","follow":"follow","max-snippet":"max-snippet:-1","max-image-preview":"max-image-preview:large","max-video-preview":"max-video-preview:-1"},"canonical":"https:\/\/premiumkeszulek.hu\/en\/termek\/smeg-cpf92imx-portofino-indukcios-tuzhely-2-sutoter-inox-90cm\/","og_locale":"en_GB","og_type":"article","og_title":"Smeg CPF92IMX Portofino indukci\u00f3s t\u0171zhely 2 s\u00fct\u0151t\u00e9r inox 90cm","og_description":"Fedezze fel a Smeg CPF92IMX Portofino indukci\u00f3s t\u0171zhely var\u00e1zs\u00e1t! \u00c9l\u00e9nk sz\u00ednek \u00e9s energiahat\u00e9kony s\u00fct\u00e9s egy helyen. Rendelje meg most!","og_url":"https:\/\/premiumkeszulek.hu\/en\/termek\/smeg-cpf92imx-portofino-indukcios-tuzhely-2-sutoter-inox-90cm\/","og_site_name":"Pr\u00e9miumK\u00e9sz\u00fcl\u00e9k","article_publisher":"https:\/\/www.facebook.com\/konyhaluxnet","article_modified_time":"2026-04-02T16:39:30+00:00","og_image":[{"width":800,"height":800,"url":"https:\/\/i0.wp.com\/premiumkeszulek.hu\/wp-content\/uploads\/2025\/02\/CPF92IMX-111.jpg?fit=800%2C800&ssl=1","type":"image\/jpeg"}],"twitter_card":"summary_large_image","twitter_misc":{"Price":"1.684.255&#70;&#116;","Availability":"On back order"},"schema":{"@context":"https:\/\/schema.org","@graph":[{"@type":"WebPage","@id":"https:\/\/premiumkeszulek.hu\/hu\/termek\/smeg-cpf92imx-portofino-indukcios-tuzhely-2-sutoter-inox-90cm\/","url":"https:\/\/premiumkeszulek.hu\/hu\/termek\/smeg-cpf92imx-portofino-indukcios-tuzhely-2-sutoter-inox-90cm\/","name":"Smeg CPF92IMX Portofino indukci\u00f3s t\u0171zhely 2 s\u00fct\u0151t\u00e9r inox 90cm - Pr\u00e9miumK\u00e9sz\u00fcl\u00e9k","isPartOf":{"@id":"http:\/\/premiumkeszulek.hu\/hu\/#website"},"primaryImageOfPage":{"@id":"https:\/\/premiumkeszulek.hu\/hu\/termek\/smeg-cpf92imx-portofino-indukcios-tuzhely-2-sutoter-inox-90cm\/#primaryimage"},"image":{"@id":"https:\/\/premiumkeszulek.hu\/hu\/termek\/smeg-cpf92imx-portofino-indukcios-tuzhely-2-sutoter-inox-90cm\/#primaryimage"},"thumbnailUrl":"https:\/\/i0.wp.com\/premiumkeszulek.hu\/wp-content\/uploads\/2025\/02\/CPF92IMX-111.jpg?fit=800%2C800&ssl=1","datePublished":"2025-02-12T20:01:05+00:00","dateModified":"2026-04-02T16:39:30+00:00","description":"Fedezze fel a Smeg CPF92IMX Portofino indukci\u00f3s t\u0171zhely var\u00e1zs\u00e1t! \u00c9l\u00e9nk sz\u00ednek \u00e9s energiahat\u00e9kony s\u00fct\u00e9s egy helyen. Rendelje meg most!","breadcrumb":{"@id":"https:\/\/premiumkeszulek.hu\/hu\/termek\/smeg-cpf92imx-portofino-indukcios-tuzhely-2-sutoter-inox-90cm\/#breadcrumb"},"inLanguage":"en-GB","potentialAction":[{"@type":"ReadAction","target":["https:\/\/premiumkeszulek.hu\/hu\/termek\/smeg-cpf92imx-portofino-indukcios-tuzhely-2-sutoter-inox-90cm\/"]}]},{"@type":"ImageObject","inLanguage":"en-GB","@id":"https:\/\/premiumkeszulek.hu\/hu\/termek\/smeg-cpf92imx-portofino-indukcios-tuzhely-2-sutoter-inox-90cm\/#primaryimage","url":"https:\/\/i0.wp.com\/premiumkeszulek.hu\/wp-content\/uploads\/2025\/02\/CPF92IMX-111.jpg?fit=800%2C800&ssl=1","contentUrl":"https:\/\/i0.wp.com\/premiumkeszulek.hu\/wp-content\/uploads\/2025\/02\/CPF92IMX-111.jpg?fit=800%2C800&ssl=1","width":800,"height":800},{"@type":"BreadcrumbList","@id":"https:\/\/premiumkeszulek.hu\/hu\/termek\/smeg-cpf92imx-portofino-indukcios-tuzhely-2-sutoter-inox-90cm\/#breadcrumb","itemListElement":[{"@type":"ListItem","position":1,"name":"Home","item":"https:\/\/premiumkeszulek.hu\/hu\/"},{"@type":"ListItem","position":2,"name":"Shop","item":"https:\/\/premiumkeszulek.hu\/hu\/shop\/"},{"@type":"ListItem","position":3,"name":"Smeg CPF92IMX Portofino indukci\u00f3s t\u0171zhely 2 s\u00fct\u0151t\u00e9r inox 90cm"}]},{"@type":"WebSite","@id":"http:\/\/premiumkeszulek.hu\/hu\/#website","url":"http:\/\/premiumkeszulek.hu\/hu\/","name":"Pr\u00e9miumK\u00e9sz\u00fcl\u00e9k","description":"","publisher":{"@id":"http:\/\/premiumkeszulek.hu\/hu\/#organization"},"potentialAction":[{"@type":"SearchAction","target":{"@type":"EntryPoint","urlTemplate":"http:\/\/premiumkeszulek.hu\/hu\/?s={search_term_string}"},"query-input":{"@type":"PropertyValueSpecification","valueRequired":true,"valueName":"search_term_string"}}],"inLanguage":"en-GB"},{"@type":"Organization","@id":"http:\/\/premiumkeszulek.hu\/hu\/#organization","name":"Pr\u00e9miumK\u00e9sz\u00fcl\u00e9k","alternateName":"HPH Special Kft","url":"http:\/\/premiumkeszulek.hu\/hu\/","logo":{"@type":"ImageObject","inLanguage":"en-GB","@id":"http:\/\/premiumkeszulek.hu\/hu\/#\/schema\/logo\/image\/","url":"http:\/\/premiumkeszulek.hu\/wp-content\/uploads\/2025\/03\/TURKIZLOGO-kicsi.png","contentUrl":"http:\/\/premiumkeszulek.hu\/wp-content\/uploads\/2025\/03\/TURKIZLOGO-kicsi.png","width":1600,"height":547,"caption":"Pr\u00e9miumK\u00e9sz\u00fcl\u00e9k"},"image":{"@id":"http:\/\/premiumkeszulek.hu\/hu\/#\/schema\/logo\/image\/"},"sameAs":["https:\/\/www.facebook.com\/konyhaluxnet","https:\/\/www.instagram.com\/konyhaluxnet\/#"],"email":"info@premiumkeszulek.hu","telephone":"36 1 \/ 226-1992","legalName":"HPH Special Kft","vatID":"HU12549502","taxID":"12549502","hasMerchantReturnPolicy":{"@type":"MerchantReturnPolicy","merchantReturnLink":"https:\/\/premiumkeszulek.hu\/en\/altalanos-szerzodesi-es-felhasznalasi-feltetelek\/"}}]},"product_brand":"Smeg","product_price_amount":"1684255","product_price_currency":"HUF","og_availability":"backorder","product_availability":"available for order","product_retailer_item_id":"CPF92IMX","product_condition":"new"},"jetpack_publicize_connections":[],"jetpack_likes_enabled":true,"jetpack_sharing_enabled":true,"jetpack-related-posts":[],"_links":{"self":[{"href":"https:\/\/premiumkeszulek.hu\/en\/wp-json\/wp\/v2\/product\/7225","targetHints":{"allow":["GET"]}}],"collection":[{"href":"https:\/\/premiumkeszulek.hu\/en\/wp-json\/wp\/v2\/product"}],"about":[{"href":"https:\/\/premiumkeszulek.hu\/en\/wp-json\/wp\/v2\/types\/product"}],"replies":[{"embeddable":true,"href":"https:\/\/premiumkeszulek.hu\/en\/wp-json\/wp\/v2\/comments?post=7225"}],"wp:featuredmedia":[{"embeddable":true,"href":"https:\/\/premiumkeszulek.hu\/en\/wp-json\/wp\/v2\/media\/7224"}],"wp:attachment":[{"href":"https:\/\/premiumkeszulek.hu\/en\/wp-json\/wp\/v2\/media?parent=7225"}],"wp:term":[{"taxonomy":"product_brand","embeddable":true,"href":"https:\/\/premiumkeszulek.hu\/en\/wp-json\/wp\/v2\/product_brand?post=7225"},{"taxonomy":"product_cat","embeddable":true,"href":"https:\/\/premiumkeszulek.hu\/en\/wp-json\/wp\/v2\/product_cat?post=7225"},{"taxonomy":"product_tag","embeddable":true,"href":"https:\/\/premiumkeszulek.hu\/en\/wp-json\/wp\/v2\/product_tag?post=7225"},{"taxonomy":"woo-feed-brand","embeddable":true,"href":"https:\/\/premiumkeszulek.hu\/en\/wp-json\/wp\/v2\/woo-feed-brand?post=7225"}],"curies":[{"name":"wp","href":"https:\/\/api.w.org\/{rel}","templated":true}]}}