{"id":71894,"date":"2025-12-09T15:44:04","date_gmt":"2025-12-09T14:44:04","guid":{"rendered":"https:\/\/premiumkeszulek.hu\/product\/smeg-smf05bleu-retro-konyhai-robotgep-fekete-test-es-talp\/"},"modified":"2026-04-01T19:52:44","modified_gmt":"2026-04-01T17:52:44","slug":"smeg-smf05bleu-retro-konyhai-robotgep-fekete-test-es-talp","status":"publish","type":"product","link":"https:\/\/premiumkeszulek.hu\/en\/product\/smeg-smf05bleu-retro-konyhai-robotgep-fekete-test-es-talp\/","title":{"rendered":"Smeg SMF05BLEU retro konyhai robotg\u00e9p fekete test \u00e9s talp"},"content":{"rendered":"<p>Cikk hossza (cm)\u00a0 \u00a0 \u00a0 \u00a0 \u00a0 \u00a0 22,1 cm\u00a0<br \/>\nCikk sz\u00e9less\u00e9ge (cm)\u00a0 \u00a0 \u00a0 \u00a0 \u00a0 \u00a0 40,5 cm\u00a0<br \/>\nCikk magass\u00e1ga (cm)\u00a0 \u00a0 \u00a0 \u00a0 \u00a0 \u00a0 37,8 cm\u00a0<br \/>\nTerm\u00e9k kateg\u00f3ria\u00a0 \u00a0 \u00a0 \u00a0 \u00a0 \u00a0 \u00c9telk\u00e9sz\u00edt\u00e9s\u00a0<br \/>\nDesign csal\u00e1d\u00a0 \u00a0 \u00a0 \u00a0 \u00a0 \u00a0 50-es \u00e9vek retro\u00a0<br \/>\nK\u00e9sz\u00fcl\u00e9kh\u00e1z anyag\u00a0 \u00a0 \u00a0 \u00a0 \u00d6nt\u00f6tt alum\u00ednium\u00a0<br \/>\nSz\u00edn\/fel\u00fclet\u00a0 \u00a0 \u00a0 \u00a0 \u00a0 \u00a0 Fekete\u00a0<br \/>\nFokozatok sz\u00e1ma\u00a0 \u00a0 \u00a0 \u00a0 \u00a0 \u00a0 10\u00a0<br \/>\nEd\u00e9ny \u0171rtartalom (L)\u00a0 \u00a0 \u00a0 \u00a0 \u00a0 \u00a0 4,8 liter\u00a0<br \/>\nEd\u00e9ny\/t\u00e1l anyaga\u00a0 \u00a0 \u00a0 \u00a0 \u00a0 \u00a0 Rozsdamentes ac\u00e9l\u00a0<br \/>\nTeljes\u00edtm\u00e9ny (W)\u00a0 \u00a0 \u00a0 \u00a0 \u00a0 \u00a0 1000 W\u00a0<br \/>\nT\u00e1pk\u00e1bel hossza (m)\u00a0 \u00a0 \u00a0 \u00a0 \u00a0 \u00a0 1 m\u00a0<br \/>\nSpeci\u00e1lis term\u00e9ktulajdons\u00e1g<br \/>\nSmooth start funkci\u00f3<br \/>\nTritan\u2122 Renew kieg\u00e9sz\u00edt\u0151k\u00a0<\/p>\n<p>Brutt\u00f3 t\u00f6meg\u00a0 \u00a0 \u00a0 \u00a0 \u00a0 \u00a0 12,7 kg\u00a0<br \/>\nNett\u00f3 t\u00f6meg\u00a0 \u00a0 \u00a0 \u00a0 \u00a0 \u00a0 9,8 kg\u00a0<\/p>\n","protected":false},"excerpt":{"rendered":"<p>Cikk hossza (cm)\u00a0 \u00a0 \u00a0 \u00a0 \u00a0 \u00a0 22,1 cm\u00a0 Cikk sz\u00e9less\u00e9ge (cm)\u00a0 \u00a0 \u00a0 \u00a0 \u00a0 \u00a0 40,5 cm\u00a0 Cikk magass\u00e1ga (cm)\u00a0 \u00a0 \u00a0 \u00a0 \u00a0 \u00a0 37,8 cm\u00a0 Term\u00e9k kateg\u00f3ria\u00a0 \u00a0 \u00a0 \u00a0 \u00a0 \u00a0 \u00c9telk\u00e9sz\u00edt\u00e9s\u00a0 Design csal\u00e1d\u00a0 \u00a0 \u00a0 \u00a0 \u00a0 \u00a0 50-es \u00e9vek retro\u00a0 K\u00e9sz\u00fcl\u00e9kh\u00e1z anyag\u00a0 \u00a0 \u00a0 \u00a0 \u00d6nt\u00f6tt alum\u00ednium\u00a0 [&hellip;]<\/p>\n","protected":false},"featured_media":71893,"comment_status":"closed","ping_status":"closed","template":"","meta":{"_crdt_document":"","content-type":"","jetpack_post_was_ever_published":false,"jetpack_publicize_message":"","jetpack_publicize_feature_enabled":true,"jetpack_social_post_already_shared":true,"jetpack_social_options":{"image_generator_settings":{"template":"highway","default_image_id":0,"font":"","enabled":false},"version":2},"_wpas_customize_per_network":false},"product_brand":[1634],"product_cat":[5033,5037,5032],"product_tag":[],"woo-feed-brand":[],"class_list":{"0":"post-71894","1":"product","2":"type-product","3":"status-publish","4":"has-post-thumbnail","6":"product_brand-smeg","7":"product_cat-kiskeszulek","8":"product_cat-robotgep","9":"product_cat-tobb-kategoria","10":"product_shipping_class-100000felett","12":"first","13":"instock","14":"sale","15":"taxable","16":"shipping-taxable","17":"purchasable","18":"product-type-simple"},"yoast_head":"<!-- This site is optimized with the Yoast SEO Premium plugin v26.9 (Yoast SEO v26.9) - https:\/\/yoast.com\/product\/yoast-seo-premium-wordpress\/ -->\n<title>Smeg SMF05BLEU retro konyhai robotg\u00e9p fekete test \u00e9s talp - Pr\u00e9miumK\u00e9sz\u00fcl\u00e9k<\/title>\n<meta name=\"description\" content=\"Fedezze fel a Smeg SMF05BLEU retro konyhai robotg\u00e9pet, amely eleganci\u00e1t \u00e9s teljes\u00edtm\u00e9nyt k\u00edn\u00e1l minden konyh\u00e1ban. V\u00e1s\u00e1rolja meg most!\" \/>\n<meta name=\"robots\" content=\"index, follow, max-snippet:-1, max-image-preview:large, max-video-preview:-1\" \/>\n<link rel=\"canonical\" href=\"https:\/\/premiumkeszulek.hu\/en\/termek\/smeg-smf05bleu-retro-konyhai-robotgep-fekete-test-es-talp\/\" \/>\n<meta property=\"og:locale\" content=\"en_GB\" \/>\n<meta property=\"og:type\" content=\"article\" \/>\n<meta property=\"og:title\" content=\"Smeg SMF05BLEU retro konyhai robotg\u00e9p fekete test \u00e9s talp\" \/>\n<meta property=\"og:description\" content=\"Fedezze fel a Smeg SMF05BLEU retro konyhai robotg\u00e9pet, amely eleganci\u00e1t \u00e9s teljes\u00edtm\u00e9nyt k\u00edn\u00e1l minden konyh\u00e1ban. V\u00e1s\u00e1rolja meg most!\" \/>\n<meta property=\"og:url\" content=\"https:\/\/premiumkeszulek.hu\/en\/termek\/smeg-smf05bleu-retro-konyhai-robotgep-fekete-test-es-talp\/\" \/>\n<meta property=\"og:site_name\" content=\"Pr\u00e9miumK\u00e9sz\u00fcl\u00e9k\" \/>\n<meta property=\"article:publisher\" content=\"https:\/\/www.facebook.com\/konyhaluxnet\" \/>\n<meta property=\"article:modified_time\" content=\"2026-04-01T17:52:44+00:00\" \/>\n<meta property=\"og:image\" content=\"https:\/\/i0.wp.com\/premiumkeszulek.hu\/wp-content\/uploads\/2025\/12\/SMF05BLEU-1111111111111.jpg?fit=800%2C800&ssl=1\" \/>\n\t<meta property=\"og:image:width\" content=\"800\" \/>\n\t<meta property=\"og:image:height\" content=\"800\" \/>\n\t<meta property=\"og:image:type\" content=\"image\/jpeg\" \/>\n<meta name=\"twitter:card\" content=\"summary_large_image\" \/>\n<meta name=\"twitter:label1\" content=\"Price\" \/>\n\t<meta name=\"twitter:data1\" content=\"213.900&#070;&#116;\" \/>\n\t<meta name=\"twitter:label2\" content=\"Availability\" \/>\n\t<meta name=\"twitter:data2\" content=\"In stock\" \/>\n<script type=\"application\/ld+json\" class=\"yoast-schema-graph\">{\"@context\":\"https:\/\/schema.org\",\"@graph\":[{\"@type\":\"WebPage\",\"@id\":\"https:\/\/premiumkeszulek.hu\/hu\/termek\/smeg-smf05bleu-retro-konyhai-robotgep-fekete-test-es-talp\/\",\"url\":\"https:\/\/premiumkeszulek.hu\/hu\/termek\/smeg-smf05bleu-retro-konyhai-robotgep-fekete-test-es-talp\/\",\"name\":\"Smeg SMF05BLEU retro konyhai robotg\u00e9p fekete test \u00e9s talp - Pr\u00e9miumK\u00e9sz\u00fcl\u00e9k\",\"isPartOf\":{\"@id\":\"https:\/\/premiumkeszulek.hu\/en\/#website\"},\"primaryImageOfPage\":{\"@id\":\"https:\/\/premiumkeszulek.hu\/hu\/termek\/smeg-smf05bleu-retro-konyhai-robotgep-fekete-test-es-talp\/#primaryimage\"},\"image\":{\"@id\":\"https:\/\/premiumkeszulek.hu\/hu\/termek\/smeg-smf05bleu-retro-konyhai-robotgep-fekete-test-es-talp\/#primaryimage\"},\"thumbnailUrl\":\"https:\/\/i0.wp.com\/premiumkeszulek.hu\/wp-content\/uploads\/2025\/12\/SMF05BLEU-1111111111111.jpg?fit=800%2C800&ssl=1\",\"datePublished\":\"2025-12-09T14:44:04+00:00\",\"dateModified\":\"2026-04-01T17:52:44+00:00\",\"description\":\"Fedezze fel a Smeg SMF05BLEU retro konyhai robotg\u00e9pet, amely eleganci\u00e1t \u00e9s teljes\u00edtm\u00e9nyt k\u00edn\u00e1l minden konyh\u00e1ban. V\u00e1s\u00e1rolja meg most!\",\"breadcrumb\":{\"@id\":\"https:\/\/premiumkeszulek.hu\/hu\/termek\/smeg-smf05bleu-retro-konyhai-robotgep-fekete-test-es-talp\/#breadcrumb\"},\"inLanguage\":\"en-GB\",\"potentialAction\":[{\"@type\":\"ReadAction\",\"target\":[\"https:\/\/premiumkeszulek.hu\/hu\/termek\/smeg-smf05bleu-retro-konyhai-robotgep-fekete-test-es-talp\/\"]}]},{\"@type\":\"ImageObject\",\"inLanguage\":\"en-GB\",\"@id\":\"https:\/\/premiumkeszulek.hu\/hu\/termek\/smeg-smf05bleu-retro-konyhai-robotgep-fekete-test-es-talp\/#primaryimage\",\"url\":\"https:\/\/i0.wp.com\/premiumkeszulek.hu\/wp-content\/uploads\/2025\/12\/SMF05BLEU-1111111111111.jpg?fit=800%2C800&ssl=1\",\"contentUrl\":\"https:\/\/i0.wp.com\/premiumkeszulek.hu\/wp-content\/uploads\/2025\/12\/SMF05BLEU-1111111111111.jpg?fit=800%2C800&ssl=1\",\"width\":800,\"height\":800},{\"@type\":\"BreadcrumbList\",\"@id\":\"https:\/\/premiumkeszulek.hu\/hu\/termek\/smeg-smf05bleu-retro-konyhai-robotgep-fekete-test-es-talp\/#breadcrumb\",\"itemListElement\":[{\"@type\":\"ListItem\",\"position\":1,\"name\":\"Home\",\"item\":\"https:\/\/premiumkeszulek.hu\/en\/\"},{\"@type\":\"ListItem\",\"position\":2,\"name\":\"Shop\",\"item\":\"https:\/\/premiumkeszulek.hu\/en\/shop\/\"},{\"@type\":\"ListItem\",\"position\":3,\"name\":\"Smeg SMF05BLEU retro konyhai robotg\u00e9p fekete test \u00e9s talp\"}]},{\"@type\":\"WebSite\",\"@id\":\"https:\/\/premiumkeszulek.hu\/en\/#website\",\"url\":\"https:\/\/premiumkeszulek.hu\/en\/\",\"name\":\"Pr\u00e9miumK\u00e9sz\u00fcl\u00e9k\",\"description\":\"\",\"publisher\":{\"@id\":\"https:\/\/premiumkeszulek.hu\/en\/#organization\"},\"potentialAction\":[{\"@type\":\"SearchAction\",\"target\":{\"@type\":\"EntryPoint\",\"urlTemplate\":\"https:\/\/premiumkeszulek.hu\/en\/?s={search_term_string}\"},\"query-input\":{\"@type\":\"PropertyValueSpecification\",\"valueRequired\":true,\"valueName\":\"search_term_string\"}}],\"inLanguage\":\"en-GB\"},{\"@type\":\"Organization\",\"@id\":\"https:\/\/premiumkeszulek.hu\/en\/#organization\",\"name\":\"Pr\u00e9miumK\u00e9sz\u00fcl\u00e9k\",\"alternateName\":\"HPH Special Kft\",\"url\":\"https:\/\/premiumkeszulek.hu\/en\/\",\"logo\":{\"@type\":\"ImageObject\",\"inLanguage\":\"en-GB\",\"@id\":\"https:\/\/premiumkeszulek.hu\/en\/#\/schema\/logo\/image\/\",\"url\":\"http:\/\/premiumkeszulek.hu\/wp-content\/uploads\/2025\/03\/TURKIZLOGO-kicsi.png\",\"contentUrl\":\"http:\/\/premiumkeszulek.hu\/wp-content\/uploads\/2025\/03\/TURKIZLOGO-kicsi.png\",\"width\":1600,\"height\":547,\"caption\":\"Pr\u00e9miumK\u00e9sz\u00fcl\u00e9k\"},\"image\":{\"@id\":\"https:\/\/premiumkeszulek.hu\/en\/#\/schema\/logo\/image\/\"},\"sameAs\":[\"https:\/\/www.facebook.com\/konyhaluxnet\",\"https:\/\/www.instagram.com\/konyhaluxnet\/#\"],\"email\":\"info@premiumkeszulek.hu\",\"telephone\":\"36 1 \/ 226-1992\",\"legalName\":\"HPH Special Kft\",\"vatID\":\"HU12549502\",\"taxID\":\"12549502\",\"hasMerchantReturnPolicy\":{\"@type\":\"MerchantReturnPolicy\",\"merchantReturnLink\":\"https:\/\/premiumkeszulek.hu\/en\/altalanos-szerzodesi-es-felhasznalasi-feltetelek\/\"}}]}<\/script>\n<meta property=\"product:brand\" content=\"Smeg\" \/>\n<meta property=\"product:price:amount\" content=\"213900\" \/>\n<meta property=\"product:price:currency\" content=\"HUF\" \/>\n<meta property=\"og:availability\" content=\"instock\" \/>\n<meta property=\"product:availability\" content=\"instock\" \/>\n<meta property=\"product:retailer_item_id\" content=\"SMF05BLEU\" \/>\n<meta property=\"product:condition\" content=\"new\" \/>\n<!-- \/ Yoast SEO Premium plugin. -->","yoast_head_json":{"title":"Smeg SMF05BLEU retro konyhai robotg\u00e9p fekete test \u00e9s talp - Pr\u00e9miumK\u00e9sz\u00fcl\u00e9k","description":"Fedezze fel a Smeg SMF05BLEU retro konyhai robotg\u00e9pet, amely eleganci\u00e1t \u00e9s teljes\u00edtm\u00e9nyt k\u00edn\u00e1l minden konyh\u00e1ban. V\u00e1s\u00e1rolja meg most!","robots":{"index":"index","follow":"follow","max-snippet":"max-snippet:-1","max-image-preview":"max-image-preview:large","max-video-preview":"max-video-preview:-1"},"canonical":"https:\/\/premiumkeszulek.hu\/en\/termek\/smeg-smf05bleu-retro-konyhai-robotgep-fekete-test-es-talp\/","og_locale":"en_GB","og_type":"article","og_title":"Smeg SMF05BLEU retro konyhai robotg\u00e9p fekete test \u00e9s talp","og_description":"Fedezze fel a Smeg SMF05BLEU retro konyhai robotg\u00e9pet, amely eleganci\u00e1t \u00e9s teljes\u00edtm\u00e9nyt k\u00edn\u00e1l minden konyh\u00e1ban. V\u00e1s\u00e1rolja meg most!","og_url":"https:\/\/premiumkeszulek.hu\/en\/termek\/smeg-smf05bleu-retro-konyhai-robotgep-fekete-test-es-talp\/","og_site_name":"Pr\u00e9miumK\u00e9sz\u00fcl\u00e9k","article_publisher":"https:\/\/www.facebook.com\/konyhaluxnet","article_modified_time":"2026-04-01T17:52:44+00:00","og_image":[{"width":800,"height":800,"url":"https:\/\/i0.wp.com\/premiumkeszulek.hu\/wp-content\/uploads\/2025\/12\/SMF05BLEU-1111111111111.jpg?fit=800%2C800&ssl=1","type":"image\/jpeg"}],"twitter_card":"summary_large_image","twitter_misc":{"Price":"213.900&#70;&#116;","Availability":"In stock"},"schema":{"@context":"https:\/\/schema.org","@graph":[{"@type":"WebPage","@id":"https:\/\/premiumkeszulek.hu\/hu\/termek\/smeg-smf05bleu-retro-konyhai-robotgep-fekete-test-es-talp\/","url":"https:\/\/premiumkeszulek.hu\/hu\/termek\/smeg-smf05bleu-retro-konyhai-robotgep-fekete-test-es-talp\/","name":"Smeg SMF05BLEU retro konyhai robotg\u00e9p fekete test \u00e9s talp - Pr\u00e9miumK\u00e9sz\u00fcl\u00e9k","isPartOf":{"@id":"https:\/\/premiumkeszulek.hu\/en\/#website"},"primaryImageOfPage":{"@id":"https:\/\/premiumkeszulek.hu\/hu\/termek\/smeg-smf05bleu-retro-konyhai-robotgep-fekete-test-es-talp\/#primaryimage"},"image":{"@id":"https:\/\/premiumkeszulek.hu\/hu\/termek\/smeg-smf05bleu-retro-konyhai-robotgep-fekete-test-es-talp\/#primaryimage"},"thumbnailUrl":"https:\/\/i0.wp.com\/premiumkeszulek.hu\/wp-content\/uploads\/2025\/12\/SMF05BLEU-1111111111111.jpg?fit=800%2C800&ssl=1","datePublished":"2025-12-09T14:44:04+00:00","dateModified":"2026-04-01T17:52:44+00:00","description":"Fedezze fel a Smeg SMF05BLEU retro konyhai robotg\u00e9pet, amely eleganci\u00e1t \u00e9s teljes\u00edtm\u00e9nyt k\u00edn\u00e1l minden konyh\u00e1ban. V\u00e1s\u00e1rolja meg most!","breadcrumb":{"@id":"https:\/\/premiumkeszulek.hu\/hu\/termek\/smeg-smf05bleu-retro-konyhai-robotgep-fekete-test-es-talp\/#breadcrumb"},"inLanguage":"en-GB","potentialAction":[{"@type":"ReadAction","target":["https:\/\/premiumkeszulek.hu\/hu\/termek\/smeg-smf05bleu-retro-konyhai-robotgep-fekete-test-es-talp\/"]}]},{"@type":"ImageObject","inLanguage":"en-GB","@id":"https:\/\/premiumkeszulek.hu\/hu\/termek\/smeg-smf05bleu-retro-konyhai-robotgep-fekete-test-es-talp\/#primaryimage","url":"https:\/\/i0.wp.com\/premiumkeszulek.hu\/wp-content\/uploads\/2025\/12\/SMF05BLEU-1111111111111.jpg?fit=800%2C800&ssl=1","contentUrl":"https:\/\/i0.wp.com\/premiumkeszulek.hu\/wp-content\/uploads\/2025\/12\/SMF05BLEU-1111111111111.jpg?fit=800%2C800&ssl=1","width":800,"height":800},{"@type":"BreadcrumbList","@id":"https:\/\/premiumkeszulek.hu\/hu\/termek\/smeg-smf05bleu-retro-konyhai-robotgep-fekete-test-es-talp\/#breadcrumb","itemListElement":[{"@type":"ListItem","position":1,"name":"Home","item":"https:\/\/premiumkeszulek.hu\/en\/"},{"@type":"ListItem","position":2,"name":"Shop","item":"https:\/\/premiumkeszulek.hu\/en\/shop\/"},{"@type":"ListItem","position":3,"name":"Smeg SMF05BLEU retro konyhai robotg\u00e9p fekete test \u00e9s talp"}]},{"@type":"WebSite","@id":"https:\/\/premiumkeszulek.hu\/en\/#website","url":"https:\/\/premiumkeszulek.hu\/en\/","name":"Pr\u00e9miumK\u00e9sz\u00fcl\u00e9k","description":"","publisher":{"@id":"https:\/\/premiumkeszulek.hu\/en\/#organization"},"potentialAction":[{"@type":"SearchAction","target":{"@type":"EntryPoint","urlTemplate":"https:\/\/premiumkeszulek.hu\/en\/?s={search_term_string}"},"query-input":{"@type":"PropertyValueSpecification","valueRequired":true,"valueName":"search_term_string"}}],"inLanguage":"en-GB"},{"@type":"Organization","@id":"https:\/\/premiumkeszulek.hu\/en\/#organization","name":"Pr\u00e9miumK\u00e9sz\u00fcl\u00e9k","alternateName":"HPH Special Kft","url":"https:\/\/premiumkeszulek.hu\/en\/","logo":{"@type":"ImageObject","inLanguage":"en-GB","@id":"https:\/\/premiumkeszulek.hu\/en\/#\/schema\/logo\/image\/","url":"http:\/\/premiumkeszulek.hu\/wp-content\/uploads\/2025\/03\/TURKIZLOGO-kicsi.png","contentUrl":"http:\/\/premiumkeszulek.hu\/wp-content\/uploads\/2025\/03\/TURKIZLOGO-kicsi.png","width":1600,"height":547,"caption":"Pr\u00e9miumK\u00e9sz\u00fcl\u00e9k"},"image":{"@id":"https:\/\/premiumkeszulek.hu\/en\/#\/schema\/logo\/image\/"},"sameAs":["https:\/\/www.facebook.com\/konyhaluxnet","https:\/\/www.instagram.com\/konyhaluxnet\/#"],"email":"info@premiumkeszulek.hu","telephone":"36 1 \/ 226-1992","legalName":"HPH Special Kft","vatID":"HU12549502","taxID":"12549502","hasMerchantReturnPolicy":{"@type":"MerchantReturnPolicy","merchantReturnLink":"https:\/\/premiumkeszulek.hu\/en\/altalanos-szerzodesi-es-felhasznalasi-feltetelek\/"}}]},"product_brand":"Smeg","product_price_amount":"213900","product_price_currency":"HUF","og_availability":"instock","product_availability":"instock","product_retailer_item_id":"SMF05BLEU","product_condition":"new"},"jetpack_publicize_connections":[],"jetpack_likes_enabled":true,"jetpack_sharing_enabled":true,"jetpack-related-posts":[],"_links":{"self":[{"href":"https:\/\/premiumkeszulek.hu\/en\/wp-json\/wp\/v2\/product\/71894","targetHints":{"allow":["GET"]}}],"collection":[{"href":"https:\/\/premiumkeszulek.hu\/en\/wp-json\/wp\/v2\/product"}],"about":[{"href":"https:\/\/premiumkeszulek.hu\/en\/wp-json\/wp\/v2\/types\/product"}],"replies":[{"embeddable":true,"href":"https:\/\/premiumkeszulek.hu\/en\/wp-json\/wp\/v2\/comments?post=71894"}],"wp:featuredmedia":[{"embeddable":true,"href":"https:\/\/premiumkeszulek.hu\/en\/wp-json\/wp\/v2\/media\/71893"}],"wp:attachment":[{"href":"https:\/\/premiumkeszulek.hu\/en\/wp-json\/wp\/v2\/media?parent=71894"}],"wp:term":[{"taxonomy":"product_brand","embeddable":true,"href":"https:\/\/premiumkeszulek.hu\/en\/wp-json\/wp\/v2\/product_brand?post=71894"},{"taxonomy":"product_cat","embeddable":true,"href":"https:\/\/premiumkeszulek.hu\/en\/wp-json\/wp\/v2\/product_cat?post=71894"},{"taxonomy":"product_tag","embeddable":true,"href":"https:\/\/premiumkeszulek.hu\/en\/wp-json\/wp\/v2\/product_tag?post=71894"},{"taxonomy":"woo-feed-brand","embeddable":true,"href":"https:\/\/premiumkeszulek.hu\/en\/wp-json\/wp\/v2\/woo-feed-brand?post=71894"}],"curies":[{"name":"wp","href":"https:\/\/api.w.org\/{rel}","templated":true}]}}