{"id":6581,"date":"2025-02-12T20:48:51","date_gmt":"2025-02-12T19:48:51","guid":{"rendered":"https:\/\/premiumkeszulek.hu\/product\/smeg-so6606apnr-omnichef-harom-az-egyben-suto\/"},"modified":"2026-04-02T18:39:47","modified_gmt":"2026-04-02T16:39:47","slug":"smeg-so6606apnr-omnichef-harom-az-egyben-suto","status":"publish","type":"product","link":"https:\/\/premiumkeszulek.hu\/en\/product\/smeg-so6606apnr-omnichef-harom-az-egyben-suto\/","title":{"rendered":"SMEG SO6606APNR OMNICHEF H\u00c1ROM AZ EGYBEN S\u00dcT\u0150"},"content":{"rendered":"<p>\n\tkijelz\u0151: TFT Vivoscreen max \u00e9rint\u0151vez\u00e9rl\u00e9s<br \/>\n\tVil\u00e1g\u00edt\u00e1s: 2 multilevel LeD<br \/>\n\tsoft open &#038;amp soft close ajt\u00f3nyit\u00e1s \u00e9s csuk\u00e1s<br \/>\n\t7 s\u00fct\u00e9s kombin\u00e1ci\u00f3<br \/>\n\t150 k\u00fcl\u00f6nb\u00f6z\u0151 automatikus program<br \/>\n\tV\u00edzbet\u00f6lt\u00e9s: Fill&#038;amphide<br \/>\n\ts\u00fct\u00e9s 5 szinten s\u00fct\u0151t\u00e9r<br \/>\n\tspeci\u00e1lis funkci\u00f3k: multitech, multistep, same time, Delta t, smart cooking<br \/>\n\tgyorsabb s\u00fct\u00e9s: a\u00a0hagyom\u00e1nyos s\u00fct\u00e9s, g\u0151zp\u00e1rol\u00e1s \u00e9s mikrohull\u00e1m\u00fa s\u00fct\u00e9s kombin\u00e1ci\u00f3j\u00e1val a s\u00fct\u00e9si id\u0151 ak\u00e1r 70%-al ler\u00f6vid\u00fclhet a hagyom\u00e1nyos s\u00fct\u0151kh\u00f6z k\u00e9pest.<br \/>\n\tProfesszion\u00e1lis algoritmus: A galileo s\u00fct\u0151k professzion\u00e1lis algoritmusokat haszn\u00e1lnak annak \u00e9rdek\u00e9ben, hogy \u00d6n m\u00e9g finomabb \u00e9s eg\u00e9szs\u00e9gesebb \u00e9teleket k\u00e9sz\u00edthessen, amivel ak\u00e1r a vend\u00e9geit is elk\u00e1pr\u00e1ztathatja.<br \/>\n\t\u00daj mikrohull\u00e1m\u00fa technol\u00f3gia:\u00a0Az \u00faj inverter \u00e9s stirrer technol\u00f3gia alkalmaz\u00e1s\u00e1val ez az \u00faj gener\u00e1ci\u00f3s mikrohull\u00e1m\u00fa technol\u00f3gia kontroll\u00e1lt \u00e9s egyenletes mikrohull\u00e1m eloszt\u00e1st biztos\u00edt a s\u00fct\u0151t\u00e9rben, ez\u00e1ltal nincs sz\u00fcks\u00e9g a forg\u00f3t\u00e1ny\u00e9rra.<\/p>\n","protected":false},"excerpt":{"rendered":"<p><iframe src=\" https:\/\/www.mbhbank.hu\/sfcalculation\/?ar=[PRICE]&#038;partner=DX030&#038;konstrukcio=DLSK14\" width=\"100%\" height=\"500\" frameborder=\"0\" scrolling=\"yes\" align=\"left\"><\/iframe><\/p>\n","protected":false},"featured_media":6580,"comment_status":"closed","ping_status":"closed","template":"","meta":{"_crdt_document":"","content-type":"","jetpack_post_was_ever_published":false,"jetpack_publicize_message":"","jetpack_publicize_feature_enabled":true,"jetpack_social_post_already_shared":true,"jetpack_social_options":{"image_generator_settings":{"template":"highway","default_image_id":0,"font":"","enabled":false},"version":2},"_wpas_customize_per_network":false},"product_brand":[1634],"product_cat":[1389,1527],"product_tag":[],"woo-feed-brand":[],"class_list":{"0":"post-6581","1":"product","2":"type-product","3":"status-publish","4":"has-post-thumbnail","6":"product_brand-smeg","7":"product_cat-beepithetosutok","8":"product_cat-sutok-es-fozolapok","9":"product_shipping_class-100000felett","11":"first","12":"onbackorder","13":"sale","14":"taxable","15":"shipping-taxable","16":"purchasable","17":"product-type-simple"},"yoast_head":"<!-- This site is optimized with the Yoast SEO Premium plugin v26.9 (Yoast SEO v26.9) - https:\/\/yoast.com\/product\/yoast-seo-premium-wordpress\/ -->\n<title>SMEG SO6606APNR OMNICHEF H\u00c1ROM AZ EGYBEN S\u00dcT\u0150 - Pr\u00e9miumK\u00e9sz\u00fcl\u00e9k<\/title>\n<meta name=\"description\" content=\"S\u00fct\u00e9s egyszer\u0171en a SMEG SO6606APNR OMNICHEF h\u00e1rom az egyben s\u00fct\u0151vel! Tapasztalja meg a k\u00fcl\u00f6nb\u00f6z\u0151 programokat \u00e9s finom falatokat! \ud83c\udf7d\ufe0f\" \/>\n<meta name=\"robots\" content=\"index, follow, max-snippet:-1, max-image-preview:large, max-video-preview:-1\" \/>\n<link rel=\"canonical\" href=\"https:\/\/premiumkeszulek.hu\/en\/termek\/smeg-so6606apnr-omnichef-harom-az-egyben-suto\/\" \/>\n<meta property=\"og:locale\" content=\"en_GB\" \/>\n<meta property=\"og:type\" content=\"article\" \/>\n<meta property=\"og:title\" content=\"SMEG SO6606APNR OMNICHEF H\u00c1ROM AZ EGYBEN S\u00dcT\u0150\" \/>\n<meta property=\"og:description\" content=\"S\u00fct\u00e9s egyszer\u0171en a SMEG SO6606APNR OMNICHEF h\u00e1rom az egyben s\u00fct\u0151vel! Tapasztalja meg a k\u00fcl\u00f6nb\u00f6z\u0151 programokat \u00e9s finom falatokat! \ud83c\udf7d\ufe0f\" \/>\n<meta property=\"og:url\" content=\"https:\/\/premiumkeszulek.hu\/en\/termek\/smeg-so6606apnr-omnichef-harom-az-egyben-suto\/\" \/>\n<meta property=\"og:site_name\" content=\"Pr\u00e9miumK\u00e9sz\u00fcl\u00e9k\" \/>\n<meta property=\"article:publisher\" content=\"https:\/\/www.facebook.com\/konyhaluxnet\" \/>\n<meta property=\"article:modified_time\" content=\"2026-04-02T16:39:47+00:00\" \/>\n<meta property=\"og:image\" content=\"https:\/\/i0.wp.com\/premiumkeszulek.hu\/wp-content\/uploads\/2025\/02\/SO6606APNR.png?fit=800%2C800&ssl=1\" \/>\n\t<meta property=\"og:image:width\" content=\"800\" \/>\n\t<meta property=\"og:image:height\" content=\"800\" \/>\n\t<meta property=\"og:image:type\" content=\"image\/png\" \/>\n<meta name=\"twitter:card\" content=\"summary_large_image\" \/>\n<meta name=\"twitter:label1\" content=\"Price\" \/>\n\t<meta name=\"twitter:data1\" content=\"2.279.897&#070;&#116;\" \/>\n\t<meta name=\"twitter:label2\" content=\"Availability\" \/>\n\t<meta name=\"twitter:data2\" content=\"On back order\" \/>\n<script type=\"application\/ld+json\" class=\"yoast-schema-graph\">{\"@context\":\"https:\/\/schema.org\",\"@graph\":[{\"@type\":\"WebPage\",\"@id\":\"https:\/\/premiumkeszulek.hu\/hu\/termek\/smeg-so6606apnr-omnichef-harom-az-egyben-suto\/\",\"url\":\"https:\/\/premiumkeszulek.hu\/hu\/termek\/smeg-so6606apnr-omnichef-harom-az-egyben-suto\/\",\"name\":\"SMEG SO6606APNR OMNICHEF H\u00c1ROM AZ EGYBEN S\u00dcT\u0150 - Pr\u00e9miumK\u00e9sz\u00fcl\u00e9k\",\"isPartOf\":{\"@id\":\"http:\/\/premiumkeszulek.hu\/hu\/#website\"},\"primaryImageOfPage\":{\"@id\":\"https:\/\/premiumkeszulek.hu\/hu\/termek\/smeg-so6606apnr-omnichef-harom-az-egyben-suto\/#primaryimage\"},\"image\":{\"@id\":\"https:\/\/premiumkeszulek.hu\/hu\/termek\/smeg-so6606apnr-omnichef-harom-az-egyben-suto\/#primaryimage\"},\"thumbnailUrl\":\"https:\/\/i0.wp.com\/premiumkeszulek.hu\/wp-content\/uploads\/2025\/02\/SO6606APNR.png?fit=800%2C800&ssl=1\",\"datePublished\":\"2025-02-12T19:48:51+00:00\",\"dateModified\":\"2026-04-02T16:39:47+00:00\",\"description\":\"S\u00fct\u00e9s egyszer\u0171en a SMEG SO6606APNR OMNICHEF h\u00e1rom az egyben s\u00fct\u0151vel! Tapasztalja meg a k\u00fcl\u00f6nb\u00f6z\u0151 programokat \u00e9s finom falatokat! \ud83c\udf7d\ufe0f\",\"breadcrumb\":{\"@id\":\"https:\/\/premiumkeszulek.hu\/hu\/termek\/smeg-so6606apnr-omnichef-harom-az-egyben-suto\/#breadcrumb\"},\"inLanguage\":\"en-GB\",\"potentialAction\":[{\"@type\":\"ReadAction\",\"target\":[\"https:\/\/premiumkeszulek.hu\/hu\/termek\/smeg-so6606apnr-omnichef-harom-az-egyben-suto\/\"]}]},{\"@type\":\"ImageObject\",\"inLanguage\":\"en-GB\",\"@id\":\"https:\/\/premiumkeszulek.hu\/hu\/termek\/smeg-so6606apnr-omnichef-harom-az-egyben-suto\/#primaryimage\",\"url\":\"https:\/\/i0.wp.com\/premiumkeszulek.hu\/wp-content\/uploads\/2025\/02\/SO6606APNR.png?fit=800%2C800&ssl=1\",\"contentUrl\":\"https:\/\/i0.wp.com\/premiumkeszulek.hu\/wp-content\/uploads\/2025\/02\/SO6606APNR.png?fit=800%2C800&ssl=1\",\"width\":800,\"height\":800},{\"@type\":\"BreadcrumbList\",\"@id\":\"https:\/\/premiumkeszulek.hu\/hu\/termek\/smeg-so6606apnr-omnichef-harom-az-egyben-suto\/#breadcrumb\",\"itemListElement\":[{\"@type\":\"ListItem\",\"position\":1,\"name\":\"Home\",\"item\":\"http:\/\/premiumkeszulek.hu\/hu\/\"},{\"@type\":\"ListItem\",\"position\":2,\"name\":\"Shop\",\"item\":\"http:\/\/premiumkeszulek.hu\/hu\/shop\/\"},{\"@type\":\"ListItem\",\"position\":3,\"name\":\"SMEG SO6606APNR OMNICHEF H\u00c1ROM AZ EGYBEN S\u00dcT\u0150\"}]},{\"@type\":\"WebSite\",\"@id\":\"http:\/\/premiumkeszulek.hu\/hu\/#website\",\"url\":\"http:\/\/premiumkeszulek.hu\/hu\/\",\"name\":\"Pr\u00e9miumK\u00e9sz\u00fcl\u00e9k\",\"description\":\"\",\"publisher\":{\"@id\":\"http:\/\/premiumkeszulek.hu\/hu\/#organization\"},\"potentialAction\":[{\"@type\":\"SearchAction\",\"target\":{\"@type\":\"EntryPoint\",\"urlTemplate\":\"http:\/\/premiumkeszulek.hu\/hu\/?s={search_term_string}\"},\"query-input\":{\"@type\":\"PropertyValueSpecification\",\"valueRequired\":true,\"valueName\":\"search_term_string\"}}],\"inLanguage\":\"en-GB\"},{\"@type\":\"Organization\",\"@id\":\"http:\/\/premiumkeszulek.hu\/hu\/#organization\",\"name\":\"Pr\u00e9miumK\u00e9sz\u00fcl\u00e9k\",\"alternateName\":\"HPH Special Kft\",\"url\":\"http:\/\/premiumkeszulek.hu\/hu\/\",\"logo\":{\"@type\":\"ImageObject\",\"inLanguage\":\"en-GB\",\"@id\":\"http:\/\/premiumkeszulek.hu\/hu\/#\/schema\/logo\/image\/\",\"url\":\"http:\/\/premiumkeszulek.hu\/wp-content\/uploads\/2025\/03\/TURKIZLOGO-kicsi.png\",\"contentUrl\":\"http:\/\/premiumkeszulek.hu\/wp-content\/uploads\/2025\/03\/TURKIZLOGO-kicsi.png\",\"width\":1600,\"height\":547,\"caption\":\"Pr\u00e9miumK\u00e9sz\u00fcl\u00e9k\"},\"image\":{\"@id\":\"http:\/\/premiumkeszulek.hu\/hu\/#\/schema\/logo\/image\/\"},\"sameAs\":[\"https:\/\/www.facebook.com\/konyhaluxnet\",\"https:\/\/www.instagram.com\/konyhaluxnet\/#\"],\"email\":\"info@premiumkeszulek.hu\",\"telephone\":\"36 1 \/ 226-1992\",\"legalName\":\"HPH Special Kft\",\"vatID\":\"HU12549502\",\"taxID\":\"12549502\",\"hasMerchantReturnPolicy\":{\"@type\":\"MerchantReturnPolicy\",\"merchantReturnLink\":\"https:\/\/premiumkeszulek.hu\/en\/altalanos-szerzodesi-es-felhasznalasi-feltetelek\/\"}}]}<\/script>\n<meta property=\"product:brand\" content=\"Smeg\" \/>\n<meta property=\"product:price:amount\" content=\"2279897\" \/>\n<meta property=\"product:price:currency\" content=\"HUF\" \/>\n<meta property=\"og:availability\" content=\"backorder\" \/>\n<meta property=\"product:availability\" content=\"available for order\" \/>\n<meta property=\"product:retailer_item_id\" content=\"SO6606APNR\" \/>\n<meta property=\"product:condition\" content=\"new\" \/>\n<!-- \/ Yoast SEO Premium plugin. -->","yoast_head_json":{"title":"SMEG SO6606APNR OMNICHEF H\u00c1ROM AZ EGYBEN S\u00dcT\u0150 - Pr\u00e9miumK\u00e9sz\u00fcl\u00e9k","description":"S\u00fct\u00e9s egyszer\u0171en a SMEG SO6606APNR OMNICHEF h\u00e1rom az egyben s\u00fct\u0151vel! Tapasztalja meg a k\u00fcl\u00f6nb\u00f6z\u0151 programokat \u00e9s finom falatokat! \ud83c\udf7d\ufe0f","robots":{"index":"index","follow":"follow","max-snippet":"max-snippet:-1","max-image-preview":"max-image-preview:large","max-video-preview":"max-video-preview:-1"},"canonical":"https:\/\/premiumkeszulek.hu\/en\/termek\/smeg-so6606apnr-omnichef-harom-az-egyben-suto\/","og_locale":"en_GB","og_type":"article","og_title":"SMEG SO6606APNR OMNICHEF H\u00c1ROM AZ EGYBEN S\u00dcT\u0150","og_description":"S\u00fct\u00e9s egyszer\u0171en a SMEG SO6606APNR OMNICHEF h\u00e1rom az egyben s\u00fct\u0151vel! Tapasztalja meg a k\u00fcl\u00f6nb\u00f6z\u0151 programokat \u00e9s finom falatokat! \ud83c\udf7d\ufe0f","og_url":"https:\/\/premiumkeszulek.hu\/en\/termek\/smeg-so6606apnr-omnichef-harom-az-egyben-suto\/","og_site_name":"Pr\u00e9miumK\u00e9sz\u00fcl\u00e9k","article_publisher":"https:\/\/www.facebook.com\/konyhaluxnet","article_modified_time":"2026-04-02T16:39:47+00:00","og_image":[{"width":800,"height":800,"url":"https:\/\/i0.wp.com\/premiumkeszulek.hu\/wp-content\/uploads\/2025\/02\/SO6606APNR.png?fit=800%2C800&ssl=1","type":"image\/png"}],"twitter_card":"summary_large_image","twitter_misc":{"Price":"2.279.897&#70;&#116;","Availability":"On back order"},"schema":{"@context":"https:\/\/schema.org","@graph":[{"@type":"WebPage","@id":"https:\/\/premiumkeszulek.hu\/hu\/termek\/smeg-so6606apnr-omnichef-harom-az-egyben-suto\/","url":"https:\/\/premiumkeszulek.hu\/hu\/termek\/smeg-so6606apnr-omnichef-harom-az-egyben-suto\/","name":"SMEG SO6606APNR OMNICHEF H\u00c1ROM AZ EGYBEN S\u00dcT\u0150 - Pr\u00e9miumK\u00e9sz\u00fcl\u00e9k","isPartOf":{"@id":"http:\/\/premiumkeszulek.hu\/hu\/#website"},"primaryImageOfPage":{"@id":"https:\/\/premiumkeszulek.hu\/hu\/termek\/smeg-so6606apnr-omnichef-harom-az-egyben-suto\/#primaryimage"},"image":{"@id":"https:\/\/premiumkeszulek.hu\/hu\/termek\/smeg-so6606apnr-omnichef-harom-az-egyben-suto\/#primaryimage"},"thumbnailUrl":"https:\/\/i0.wp.com\/premiumkeszulek.hu\/wp-content\/uploads\/2025\/02\/SO6606APNR.png?fit=800%2C800&ssl=1","datePublished":"2025-02-12T19:48:51+00:00","dateModified":"2026-04-02T16:39:47+00:00","description":"S\u00fct\u00e9s egyszer\u0171en a SMEG SO6606APNR OMNICHEF h\u00e1rom az egyben s\u00fct\u0151vel! Tapasztalja meg a k\u00fcl\u00f6nb\u00f6z\u0151 programokat \u00e9s finom falatokat! \ud83c\udf7d\ufe0f","breadcrumb":{"@id":"https:\/\/premiumkeszulek.hu\/hu\/termek\/smeg-so6606apnr-omnichef-harom-az-egyben-suto\/#breadcrumb"},"inLanguage":"en-GB","potentialAction":[{"@type":"ReadAction","target":["https:\/\/premiumkeszulek.hu\/hu\/termek\/smeg-so6606apnr-omnichef-harom-az-egyben-suto\/"]}]},{"@type":"ImageObject","inLanguage":"en-GB","@id":"https:\/\/premiumkeszulek.hu\/hu\/termek\/smeg-so6606apnr-omnichef-harom-az-egyben-suto\/#primaryimage","url":"https:\/\/i0.wp.com\/premiumkeszulek.hu\/wp-content\/uploads\/2025\/02\/SO6606APNR.png?fit=800%2C800&ssl=1","contentUrl":"https:\/\/i0.wp.com\/premiumkeszulek.hu\/wp-content\/uploads\/2025\/02\/SO6606APNR.png?fit=800%2C800&ssl=1","width":800,"height":800},{"@type":"BreadcrumbList","@id":"https:\/\/premiumkeszulek.hu\/hu\/termek\/smeg-so6606apnr-omnichef-harom-az-egyben-suto\/#breadcrumb","itemListElement":[{"@type":"ListItem","position":1,"name":"Home","item":"http:\/\/premiumkeszulek.hu\/hu\/"},{"@type":"ListItem","position":2,"name":"Shop","item":"http:\/\/premiumkeszulek.hu\/hu\/shop\/"},{"@type":"ListItem","position":3,"name":"SMEG SO6606APNR OMNICHEF H\u00c1ROM AZ EGYBEN S\u00dcT\u0150"}]},{"@type":"WebSite","@id":"http:\/\/premiumkeszulek.hu\/hu\/#website","url":"http:\/\/premiumkeszulek.hu\/hu\/","name":"Pr\u00e9miumK\u00e9sz\u00fcl\u00e9k","description":"","publisher":{"@id":"http:\/\/premiumkeszulek.hu\/hu\/#organization"},"potentialAction":[{"@type":"SearchAction","target":{"@type":"EntryPoint","urlTemplate":"http:\/\/premiumkeszulek.hu\/hu\/?s={search_term_string}"},"query-input":{"@type":"PropertyValueSpecification","valueRequired":true,"valueName":"search_term_string"}}],"inLanguage":"en-GB"},{"@type":"Organization","@id":"http:\/\/premiumkeszulek.hu\/hu\/#organization","name":"Pr\u00e9miumK\u00e9sz\u00fcl\u00e9k","alternateName":"HPH Special Kft","url":"http:\/\/premiumkeszulek.hu\/hu\/","logo":{"@type":"ImageObject","inLanguage":"en-GB","@id":"http:\/\/premiumkeszulek.hu\/hu\/#\/schema\/logo\/image\/","url":"http:\/\/premiumkeszulek.hu\/wp-content\/uploads\/2025\/03\/TURKIZLOGO-kicsi.png","contentUrl":"http:\/\/premiumkeszulek.hu\/wp-content\/uploads\/2025\/03\/TURKIZLOGO-kicsi.png","width":1600,"height":547,"caption":"Pr\u00e9miumK\u00e9sz\u00fcl\u00e9k"},"image":{"@id":"http:\/\/premiumkeszulek.hu\/hu\/#\/schema\/logo\/image\/"},"sameAs":["https:\/\/www.facebook.com\/konyhaluxnet","https:\/\/www.instagram.com\/konyhaluxnet\/#"],"email":"info@premiumkeszulek.hu","telephone":"36 1 \/ 226-1992","legalName":"HPH Special Kft","vatID":"HU12549502","taxID":"12549502","hasMerchantReturnPolicy":{"@type":"MerchantReturnPolicy","merchantReturnLink":"https:\/\/premiumkeszulek.hu\/en\/altalanos-szerzodesi-es-felhasznalasi-feltetelek\/"}}]},"product_brand":"Smeg","product_price_amount":"2279897","product_price_currency":"HUF","og_availability":"backorder","product_availability":"available for order","product_retailer_item_id":"SO6606APNR","product_condition":"new"},"jetpack_publicize_connections":[],"jetpack_likes_enabled":true,"jetpack_sharing_enabled":true,"jetpack-related-posts":[],"_links":{"self":[{"href":"https:\/\/premiumkeszulek.hu\/en\/wp-json\/wp\/v2\/product\/6581","targetHints":{"allow":["GET"]}}],"collection":[{"href":"https:\/\/premiumkeszulek.hu\/en\/wp-json\/wp\/v2\/product"}],"about":[{"href":"https:\/\/premiumkeszulek.hu\/en\/wp-json\/wp\/v2\/types\/product"}],"replies":[{"embeddable":true,"href":"https:\/\/premiumkeszulek.hu\/en\/wp-json\/wp\/v2\/comments?post=6581"}],"wp:featuredmedia":[{"embeddable":true,"href":"https:\/\/premiumkeszulek.hu\/en\/wp-json\/wp\/v2\/media\/6580"}],"wp:attachment":[{"href":"https:\/\/premiumkeszulek.hu\/en\/wp-json\/wp\/v2\/media?parent=6581"}],"wp:term":[{"taxonomy":"product_brand","embeddable":true,"href":"https:\/\/premiumkeszulek.hu\/en\/wp-json\/wp\/v2\/product_brand?post=6581"},{"taxonomy":"product_cat","embeddable":true,"href":"https:\/\/premiumkeszulek.hu\/en\/wp-json\/wp\/v2\/product_cat?post=6581"},{"taxonomy":"product_tag","embeddable":true,"href":"https:\/\/premiumkeszulek.hu\/en\/wp-json\/wp\/v2\/product_tag?post=6581"},{"taxonomy":"woo-feed-brand","embeddable":true,"href":"https:\/\/premiumkeszulek.hu\/en\/wp-json\/wp\/v2\/woo-feed-brand?post=6581"}],"curies":[{"name":"wp","href":"https:\/\/api.w.org\/{rel}","templated":true}]}}