{"id":6342,"date":"2025-02-12T17:35:48","date_gmt":"2025-02-12T16:35:48","guid":{"rendered":"https:\/\/premiumkeszulek.hu\/product\/faber-air-hub-stilo-glass-comfort-x-v-a90-fali-paraelszivo-inox-90cm\/"},"modified":"2026-04-15T20:00:25","modified_gmt":"2026-04-15T18:00:25","slug":"faber-air-hub-stilo-glass-comfort-x-v-a90-fali-paraelszivo-inox-90cm","status":"publish","type":"product","link":"https:\/\/premiumkeszulek.hu\/en\/product\/faber-air-hub-stilo-glass-comfort-x-v-a90-fali-paraelszivo-inox-90cm\/","title":{"rendered":"Faber Air Hub Stilo Glass Comfort X\/V A90 fali p\u00e1raelsz\u00edv\u00f3 inox 90cm"},"content":{"rendered":"<p> Az AIR HUB az \u00faj Faber term\u00e9kcsal\u00e1d, amely kett\u0151s funkci\u00f3t foglal mag\u00e1ban egyetlen term\u00e9kben.<br \/>\n\tAmellett, hogy elsz\u00edvja a konyh\u00e1ban a f\u0151z\u00e9s sor\u00e1n keletkez\u0151 f\u00fcst\u00f6ket, g\u0151z\u00f6ket \u00e9s szagokat, mint egy klasszikus p\u00e1raelsz\u00edv\u00f3, az AIR HUB a belsej\u00e9ben tal\u00e1lhat\u00f3 UV-C l\u00e1mp\u00e1nak k\u00f6sz\u00f6nhet\u0151en megtiszt\u00edtja a leveg\u0151t a v\u00edrusok \u00e9s bakt\u00e9riumok jelenl\u00e9t\u00e9t\u0151l.<\/p>\n<p>Az AIR HUB a k\u00f6vetkez\u0151ket k\u00edn\u00e1lja \u00d6nnek:<\/p>\n<p>\u00a0\u00a0\u00a0 maxim\u00e1lis hat\u00e9konys\u00e1g: UVC technol\u00f3gia haszn\u00e1lata a v\u00edrusok \u00e9s bakt\u00e9riumok 99,99%-os cs\u00f6kkent\u00e9s\u00e9re<br \/>\n\t\u00a0\u00a0\u00a0 praktikum \u00e9s egyszer\u0171 haszn\u00e1lat: csak kapcsolja be a k\u00e9sz\u00fcl\u00e9ket a leveg\u0151tiszt\u00edt\u00e1si folyamat azonnali elind\u00edt\u00e1s\u00e1hoz<br \/>\n\t\u00a0\u00a0\u00a0 automatikus programok: v\u00e1lassza az \u00c9jszakai ciklus programot, hogy teljes fert\u0151tlen\u00edt\u00e9si ciklust hajtson v\u00e9gre a legalacsonyabb zajszint mellett. Vagy \u00e1ll\u00edtsa be az Intenz\u00edv fert\u0151tlen\u00edt\u00e9st, hogy a lehet\u0151 legr\u00f6videbb id\u0151 alatt a legjobb eredm\u00e9nyt \u00e9rje el.<\/p>\n<p>Az AIR HUB nemcsak tiszt\u00edtott leveg\u0151t garant\u00e1l a f\u00fcst\u00f6kt\u0151l \u00e9s szagokt\u00f3l f\u0151z\u00e9s k\u00f6zben, hanem eg\u00e9szs\u00e9ges \u00e9s tiszta leveg\u0151t is.<br \/>\n\tMindez egyetlen term\u00e9kbe van z\u00e1rva, amely a leveg\u0151min\u0151s\u00e9g jav\u00edt\u00e1sa mellett helyet takar\u00edt meg.<\/p>\n","protected":false},"excerpt":{"rendered":"<p><iframe src=\" https:\/\/www.mbhbank.hu\/sfcalculation\/?ar=[PRICE]&#038;partner=DX030&#038;konstrukcio=DLSK14\" width=\"100%\" height=\"500\" frameborder=\"0\" scrolling=\"yes\" align=\"left\"><\/iframe><\/p>\n","protected":false},"featured_media":6341,"comment_status":"closed","ping_status":"closed","template":"","meta":{"_crdt_document":"","content-type":"","jetpack_post_was_ever_published":false,"jetpack_publicize_message":"","jetpack_publicize_feature_enabled":true,"jetpack_social_post_already_shared":true,"jetpack_social_options":{"image_generator_settings":{"template":"highway","default_image_id":0,"font":"","enabled":false},"version":2},"_wpas_customize_per_network":false},"product_brand":[1636],"product_cat":[1525],"product_tag":[],"woo-feed-brand":[],"class_list":{"0":"post-6342","1":"product","2":"type-product","3":"status-publish","4":"has-post-thumbnail","6":"product_brand-faber","7":"product_cat-paraelszivok","8":"product_shipping_class-100000felett","10":"first","11":"onbackorder","12":"sale","13":"taxable","14":"shipping-taxable","15":"purchasable","16":"product-type-simple"},"yoast_head":"<!-- This site is optimized with the Yoast SEO Premium plugin v26.9 (Yoast SEO v27.4) - https:\/\/yoast.com\/product\/yoast-seo-premium-wordpress\/ -->\n<title>Faber Air Hub Stilo Glass Comfort X\/V A90 fali p\u00e1raelsz\u00edv\u00f3 inox 90cm - Pr\u00e9miumK\u00e9sz\u00fcl\u00e9k<\/title>\n<meta name=\"description\" content=\"Vir\u00e1gtalan konyh\u00e1t var\u00e1zsol a Faber Air Hub Stilo Glass Comfort X\/V A90 fali p\u00e1raelsz\u00edv\u00f3. Modern technol\u00f3gia \u00e9s egyszer\u0171 haszn\u00e1lat egyes\u00fcl\u00e9se! \ud83c\udf1f\" \/>\n<meta name=\"robots\" content=\"index, follow, max-snippet:-1, max-image-preview:large, max-video-preview:-1\" \/>\n<link rel=\"canonical\" href=\"http:\/\/premiumkeszulek.hu\/en\/termek\/faber-air-hub-stilo-glass-comfort-x-v-a90-fali-paraelszivo-inox-90cm\/\" \/>\n<meta property=\"og:locale\" content=\"en_GB\" \/>\n<meta property=\"og:type\" content=\"article\" \/>\n<meta property=\"og:title\" content=\"Faber Air Hub Stilo Glass Comfort X\/V A90 fali p\u00e1raelsz\u00edv\u00f3 inox 90cm\" \/>\n<meta property=\"og:description\" content=\"Vir\u00e1gtalan konyh\u00e1t var\u00e1zsol a Faber Air Hub Stilo Glass Comfort X\/V A90 fali p\u00e1raelsz\u00edv\u00f3. Modern technol\u00f3gia \u00e9s egyszer\u0171 haszn\u00e1lat egyes\u00fcl\u00e9se! \ud83c\udf1f\" \/>\n<meta property=\"og:url\" content=\"http:\/\/premiumkeszulek.hu\/en\/termek\/faber-air-hub-stilo-glass-comfort-x-v-a90-fali-paraelszivo-inox-90cm\/\" \/>\n<meta property=\"og:site_name\" content=\"Pr\u00e9miumK\u00e9sz\u00fcl\u00e9k\" \/>\n<meta property=\"article:publisher\" content=\"https:\/\/www.facebook.com\/konyhaluxnet\" \/>\n<meta property=\"article:modified_time\" content=\"2026-04-15T18:00:25+00:00\" \/>\n<meta property=\"og:image\" content=\"https:\/\/i0.wp.com\/premiumkeszulek.hu\/wp-content\/uploads\/2025\/02\/AirHubStiloGlassComfortXVA90-111.jpg?fit=800%2C800\" \/>\n\t<meta property=\"og:image:width\" content=\"800\" \/>\n\t<meta property=\"og:image:height\" content=\"800\" \/>\n\t<meta property=\"og:image:type\" content=\"image\/jpeg\" \/>\n<meta name=\"twitter:card\" content=\"summary_large_image\" \/>\n<meta name=\"twitter:label1\" content=\"Price\" \/>\n\t<meta name=\"twitter:data1\" content=\"398.896&#070;&#116;\" \/>\n\t<meta name=\"twitter:label2\" content=\"Availability\" \/>\n\t<meta name=\"twitter:data2\" content=\"On back order\" \/>\n<script type=\"application\/ld+json\" class=\"yoast-schema-graph\">{\"@context\":\"https:\\\/\\\/schema.org\",\"@graph\":[{\"@type\":\"WebPage\",\"@id\":\"http:\\\/\\\/premiumkeszulek.hu\\\/hu\\\/termek\\\/faber-air-hub-stilo-glass-comfort-x-v-a90-fali-paraelszivo-inox-90cm\\\/\",\"url\":\"http:\\\/\\\/premiumkeszulek.hu\\\/hu\\\/termek\\\/faber-air-hub-stilo-glass-comfort-x-v-a90-fali-paraelszivo-inox-90cm\\\/\",\"name\":\"Faber Air Hub Stilo Glass Comfort X\\\/V A90 fali p\u00e1raelsz\u00edv\u00f3 inox 90cm - Pr\u00e9miumK\u00e9sz\u00fcl\u00e9k\",\"isPartOf\":{\"@id\":\"https:\\\/\\\/premiumkeszulek.hu\\\/hu\\\/#website\"},\"primaryImageOfPage\":{\"@id\":\"http:\\\/\\\/premiumkeszulek.hu\\\/hu\\\/termek\\\/faber-air-hub-stilo-glass-comfort-x-v-a90-fali-paraelszivo-inox-90cm\\\/#primaryimage\"},\"image\":{\"@id\":\"http:\\\/\\\/premiumkeszulek.hu\\\/hu\\\/termek\\\/faber-air-hub-stilo-glass-comfort-x-v-a90-fali-paraelszivo-inox-90cm\\\/#primaryimage\"},\"thumbnailUrl\":\"https:\\\/\\\/i0.wp.com\\\/premiumkeszulek.hu\\\/wp-content\\\/uploads\\\/2025\\\/02\\\/AirHubStiloGlassComfortXVA90-111.jpg?fit=800%2C800&ssl=1\",\"datePublished\":\"2025-02-12T16:35:48+00:00\",\"dateModified\":\"2026-04-15T18:00:25+00:00\",\"description\":\"Vir\u00e1gtalan konyh\u00e1t var\u00e1zsol a Faber Air Hub Stilo Glass Comfort X\\\/V A90 fali p\u00e1raelsz\u00edv\u00f3. Modern technol\u00f3gia \u00e9s egyszer\u0171 haszn\u00e1lat egyes\u00fcl\u00e9se! \ud83c\udf1f\",\"breadcrumb\":{\"@id\":\"http:\\\/\\\/premiumkeszulek.hu\\\/hu\\\/termek\\\/faber-air-hub-stilo-glass-comfort-x-v-a90-fali-paraelszivo-inox-90cm\\\/#breadcrumb\"},\"inLanguage\":\"en-GB\",\"potentialAction\":[{\"@type\":\"ReadAction\",\"target\":[\"http:\\\/\\\/premiumkeszulek.hu\\\/hu\\\/termek\\\/faber-air-hub-stilo-glass-comfort-x-v-a90-fali-paraelszivo-inox-90cm\\\/\"]}]},{\"@type\":\"ImageObject\",\"inLanguage\":\"en-GB\",\"@id\":\"http:\\\/\\\/premiumkeszulek.hu\\\/hu\\\/termek\\\/faber-air-hub-stilo-glass-comfort-x-v-a90-fali-paraelszivo-inox-90cm\\\/#primaryimage\",\"url\":\"https:\\\/\\\/i0.wp.com\\\/premiumkeszulek.hu\\\/wp-content\\\/uploads\\\/2025\\\/02\\\/AirHubStiloGlassComfortXVA90-111.jpg?fit=800%2C800&ssl=1\",\"contentUrl\":\"https:\\\/\\\/i0.wp.com\\\/premiumkeszulek.hu\\\/wp-content\\\/uploads\\\/2025\\\/02\\\/AirHubStiloGlassComfortXVA90-111.jpg?fit=800%2C800&ssl=1\",\"width\":800,\"height\":800},{\"@type\":\"BreadcrumbList\",\"@id\":\"http:\\\/\\\/premiumkeszulek.hu\\\/hu\\\/termek\\\/faber-air-hub-stilo-glass-comfort-x-v-a90-fali-paraelszivo-inox-90cm\\\/#breadcrumb\",\"itemListElement\":[{\"@type\":\"ListItem\",\"position\":1,\"name\":\"Home\",\"item\":\"https:\\\/\\\/premiumkeszulek.hu\\\/hu\\\/\"},{\"@type\":\"ListItem\",\"position\":2,\"name\":\"Shop\",\"item\":\"https:\\\/\\\/premiumkeszulek.hu\\\/hu\\\/shop\\\/\"},{\"@type\":\"ListItem\",\"position\":3,\"name\":\"Faber Air Hub Stilo Glass Comfort X\\\/V A90 fali p\u00e1raelsz\u00edv\u00f3 inox 90cm\"}]},{\"@type\":\"WebSite\",\"@id\":\"https:\\\/\\\/premiumkeszulek.hu\\\/hu\\\/#website\",\"url\":\"https:\\\/\\\/premiumkeszulek.hu\\\/hu\\\/\",\"name\":\"Pr\u00e9miumK\u00e9sz\u00fcl\u00e9k\",\"description\":\"\",\"publisher\":{\"@id\":\"https:\\\/\\\/premiumkeszulek.hu\\\/hu\\\/#organization\"},\"potentialAction\":[{\"@type\":\"SearchAction\",\"target\":{\"@type\":\"EntryPoint\",\"urlTemplate\":\"https:\\\/\\\/premiumkeszulek.hu\\\/hu\\\/?s={search_term_string}\"},\"query-input\":{\"@type\":\"PropertyValueSpecification\",\"valueRequired\":true,\"valueName\":\"search_term_string\"}}],\"inLanguage\":\"en-GB\"},{\"@type\":\"Organization\",\"@id\":\"https:\\\/\\\/premiumkeszulek.hu\\\/hu\\\/#organization\",\"name\":\"Pr\u00e9miumK\u00e9sz\u00fcl\u00e9k\",\"alternateName\":\"HPH Special Kft\",\"url\":\"https:\\\/\\\/premiumkeszulek.hu\\\/hu\\\/\",\"logo\":{\"@type\":\"ImageObject\",\"inLanguage\":\"en-GB\",\"@id\":\"https:\\\/\\\/premiumkeszulek.hu\\\/hu\\\/#\\\/schema\\\/logo\\\/image\\\/\",\"url\":\"http:\\\/\\\/premiumkeszulek.hu\\\/wp-content\\\/uploads\\\/2025\\\/03\\\/TURKIZLOGO-kicsi.png\",\"contentUrl\":\"http:\\\/\\\/premiumkeszulek.hu\\\/wp-content\\\/uploads\\\/2025\\\/03\\\/TURKIZLOGO-kicsi.png\",\"width\":1600,\"height\":547,\"caption\":\"Pr\u00e9miumK\u00e9sz\u00fcl\u00e9k\"},\"image\":{\"@id\":\"https:\\\/\\\/premiumkeszulek.hu\\\/hu\\\/#\\\/schema\\\/logo\\\/image\\\/\"},\"sameAs\":[\"https:\\\/\\\/www.facebook.com\\\/konyhaluxnet\",\"https:\\\/\\\/www.instagram.com\\\/konyhaluxnet\\\/#\"],\"email\":\"info@premiumkeszulek.hu\",\"telephone\":\"36 1 \\\/ 226-1992\",\"legalName\":\"HPH Special Kft\",\"vatID\":\"HU12549502\",\"taxID\":\"12549502\",\"hasMerchantReturnPolicy\":{\"@type\":\"MerchantReturnPolicy\",\"merchantReturnLink\":\"https:\\\/\\\/premiumkeszulek.hu\\\/en\\\/altalanos-szerzodesi-es-felhasznalasi-feltetelek\\\/\"}}]}<\/script>\n<meta property=\"product:brand\" content=\"Faber\" \/>\n<meta property=\"product:price:amount\" content=\"398896\" \/>\n<meta property=\"product:price:currency\" content=\"HUF\" \/>\n<meta property=\"og:availability\" content=\"backorder\" \/>\n<meta property=\"product:availability\" content=\"available for order\" \/>\n<meta property=\"product:retailer_item_id\" content=\"325.0656.897\" \/>\n<meta property=\"product:condition\" content=\"new\" \/>\n<!-- \/ Yoast SEO Premium plugin. -->","yoast_head_json":{"title":"Faber Air Hub Stilo Glass Comfort X\/V A90 fali p\u00e1raelsz\u00edv\u00f3 inox 90cm - Pr\u00e9miumK\u00e9sz\u00fcl\u00e9k","description":"Vir\u00e1gtalan konyh\u00e1t var\u00e1zsol a Faber Air Hub Stilo Glass Comfort X\/V A90 fali p\u00e1raelsz\u00edv\u00f3. Modern technol\u00f3gia \u00e9s egyszer\u0171 haszn\u00e1lat egyes\u00fcl\u00e9se! \ud83c\udf1f","robots":{"index":"index","follow":"follow","max-snippet":"max-snippet:-1","max-image-preview":"max-image-preview:large","max-video-preview":"max-video-preview:-1"},"canonical":"http:\/\/premiumkeszulek.hu\/en\/termek\/faber-air-hub-stilo-glass-comfort-x-v-a90-fali-paraelszivo-inox-90cm\/","og_locale":"en_GB","og_type":"article","og_title":"Faber Air Hub Stilo Glass Comfort X\/V A90 fali p\u00e1raelsz\u00edv\u00f3 inox 90cm","og_description":"Vir\u00e1gtalan konyh\u00e1t var\u00e1zsol a Faber Air Hub Stilo Glass Comfort X\/V A90 fali p\u00e1raelsz\u00edv\u00f3. Modern technol\u00f3gia \u00e9s egyszer\u0171 haszn\u00e1lat egyes\u00fcl\u00e9se! \ud83c\udf1f","og_url":"http:\/\/premiumkeszulek.hu\/en\/termek\/faber-air-hub-stilo-glass-comfort-x-v-a90-fali-paraelszivo-inox-90cm\/","og_site_name":"Pr\u00e9miumK\u00e9sz\u00fcl\u00e9k","article_publisher":"https:\/\/www.facebook.com\/konyhaluxnet","article_modified_time":"2026-04-15T18:00:25+00:00","og_image":[{"width":800,"height":800,"url":"https:\/\/i0.wp.com\/premiumkeszulek.hu\/wp-content\/uploads\/2025\/02\/AirHubStiloGlassComfortXVA90-111.jpg?fit=800%2C800","type":"image\/jpeg"}],"twitter_card":"summary_large_image","twitter_misc":{"Price":"398.896&#70;&#116;","Availability":"On back order"},"schema":{"@context":"https:\/\/schema.org","@graph":[{"@type":"WebPage","@id":"http:\/\/premiumkeszulek.hu\/hu\/termek\/faber-air-hub-stilo-glass-comfort-x-v-a90-fali-paraelszivo-inox-90cm\/","url":"http:\/\/premiumkeszulek.hu\/hu\/termek\/faber-air-hub-stilo-glass-comfort-x-v-a90-fali-paraelszivo-inox-90cm\/","name":"Faber Air Hub Stilo Glass Comfort X\/V A90 fali p\u00e1raelsz\u00edv\u00f3 inox 90cm - Pr\u00e9miumK\u00e9sz\u00fcl\u00e9k","isPartOf":{"@id":"https:\/\/premiumkeszulek.hu\/hu\/#website"},"primaryImageOfPage":{"@id":"http:\/\/premiumkeszulek.hu\/hu\/termek\/faber-air-hub-stilo-glass-comfort-x-v-a90-fali-paraelszivo-inox-90cm\/#primaryimage"},"image":{"@id":"http:\/\/premiumkeszulek.hu\/hu\/termek\/faber-air-hub-stilo-glass-comfort-x-v-a90-fali-paraelszivo-inox-90cm\/#primaryimage"},"thumbnailUrl":"https:\/\/i0.wp.com\/premiumkeszulek.hu\/wp-content\/uploads\/2025\/02\/AirHubStiloGlassComfortXVA90-111.jpg?fit=800%2C800&ssl=1","datePublished":"2025-02-12T16:35:48+00:00","dateModified":"2026-04-15T18:00:25+00:00","description":"Vir\u00e1gtalan konyh\u00e1t var\u00e1zsol a Faber Air Hub Stilo Glass Comfort X\/V A90 fali p\u00e1raelsz\u00edv\u00f3. Modern technol\u00f3gia \u00e9s egyszer\u0171 haszn\u00e1lat egyes\u00fcl\u00e9se! \ud83c\udf1f","breadcrumb":{"@id":"http:\/\/premiumkeszulek.hu\/hu\/termek\/faber-air-hub-stilo-glass-comfort-x-v-a90-fali-paraelszivo-inox-90cm\/#breadcrumb"},"inLanguage":"en-GB","potentialAction":[{"@type":"ReadAction","target":["http:\/\/premiumkeszulek.hu\/hu\/termek\/faber-air-hub-stilo-glass-comfort-x-v-a90-fali-paraelszivo-inox-90cm\/"]}]},{"@type":"ImageObject","inLanguage":"en-GB","@id":"http:\/\/premiumkeszulek.hu\/hu\/termek\/faber-air-hub-stilo-glass-comfort-x-v-a90-fali-paraelszivo-inox-90cm\/#primaryimage","url":"https:\/\/i0.wp.com\/premiumkeszulek.hu\/wp-content\/uploads\/2025\/02\/AirHubStiloGlassComfortXVA90-111.jpg?fit=800%2C800&ssl=1","contentUrl":"https:\/\/i0.wp.com\/premiumkeszulek.hu\/wp-content\/uploads\/2025\/02\/AirHubStiloGlassComfortXVA90-111.jpg?fit=800%2C800&ssl=1","width":800,"height":800},{"@type":"BreadcrumbList","@id":"http:\/\/premiumkeszulek.hu\/hu\/termek\/faber-air-hub-stilo-glass-comfort-x-v-a90-fali-paraelszivo-inox-90cm\/#breadcrumb","itemListElement":[{"@type":"ListItem","position":1,"name":"Home","item":"https:\/\/premiumkeszulek.hu\/hu\/"},{"@type":"ListItem","position":2,"name":"Shop","item":"https:\/\/premiumkeszulek.hu\/hu\/shop\/"},{"@type":"ListItem","position":3,"name":"Faber Air Hub Stilo Glass Comfort X\/V A90 fali p\u00e1raelsz\u00edv\u00f3 inox 90cm"}]},{"@type":"WebSite","@id":"https:\/\/premiumkeszulek.hu\/hu\/#website","url":"https:\/\/premiumkeszulek.hu\/hu\/","name":"Pr\u00e9miumK\u00e9sz\u00fcl\u00e9k","description":"","publisher":{"@id":"https:\/\/premiumkeszulek.hu\/hu\/#organization"},"potentialAction":[{"@type":"SearchAction","target":{"@type":"EntryPoint","urlTemplate":"https:\/\/premiumkeszulek.hu\/hu\/?s={search_term_string}"},"query-input":{"@type":"PropertyValueSpecification","valueRequired":true,"valueName":"search_term_string"}}],"inLanguage":"en-GB"},{"@type":"Organization","@id":"https:\/\/premiumkeszulek.hu\/hu\/#organization","name":"Pr\u00e9miumK\u00e9sz\u00fcl\u00e9k","alternateName":"HPH Special Kft","url":"https:\/\/premiumkeszulek.hu\/hu\/","logo":{"@type":"ImageObject","inLanguage":"en-GB","@id":"https:\/\/premiumkeszulek.hu\/hu\/#\/schema\/logo\/image\/","url":"http:\/\/premiumkeszulek.hu\/wp-content\/uploads\/2025\/03\/TURKIZLOGO-kicsi.png","contentUrl":"http:\/\/premiumkeszulek.hu\/wp-content\/uploads\/2025\/03\/TURKIZLOGO-kicsi.png","width":1600,"height":547,"caption":"Pr\u00e9miumK\u00e9sz\u00fcl\u00e9k"},"image":{"@id":"https:\/\/premiumkeszulek.hu\/hu\/#\/schema\/logo\/image\/"},"sameAs":["https:\/\/www.facebook.com\/konyhaluxnet","https:\/\/www.instagram.com\/konyhaluxnet\/#"],"email":"info@premiumkeszulek.hu","telephone":"36 1 \/ 226-1992","legalName":"HPH Special Kft","vatID":"HU12549502","taxID":"12549502","hasMerchantReturnPolicy":{"@type":"MerchantReturnPolicy","merchantReturnLink":"https:\/\/premiumkeszulek.hu\/en\/altalanos-szerzodesi-es-felhasznalasi-feltetelek\/"}}]},"product_brand":"Faber","product_price_amount":"398896","product_price_currency":"HUF","og_availability":"backorder","product_availability":"available for order","product_retailer_item_id":"325.0656.897","product_condition":"new"},"jetpack_publicize_connections":[],"jetpack_likes_enabled":true,"jetpack_sharing_enabled":true,"jetpack-related-posts":[],"_links":{"self":[{"href":"https:\/\/premiumkeszulek.hu\/en\/wp-json\/wp\/v2\/product\/6342","targetHints":{"allow":["GET"]}}],"collection":[{"href":"https:\/\/premiumkeszulek.hu\/en\/wp-json\/wp\/v2\/product"}],"about":[{"href":"https:\/\/premiumkeszulek.hu\/en\/wp-json\/wp\/v2\/types\/product"}],"replies":[{"embeddable":true,"href":"https:\/\/premiumkeszulek.hu\/en\/wp-json\/wp\/v2\/comments?post=6342"}],"wp:featuredmedia":[{"embeddable":true,"href":"https:\/\/premiumkeszulek.hu\/en\/wp-json\/wp\/v2\/media\/6341"}],"wp:attachment":[{"href":"https:\/\/premiumkeszulek.hu\/en\/wp-json\/wp\/v2\/media?parent=6342"}],"wp:term":[{"taxonomy":"product_brand","embeddable":true,"href":"https:\/\/premiumkeszulek.hu\/en\/wp-json\/wp\/v2\/product_brand?post=6342"},{"taxonomy":"product_cat","embeddable":true,"href":"https:\/\/premiumkeszulek.hu\/en\/wp-json\/wp\/v2\/product_cat?post=6342"},{"taxonomy":"product_tag","embeddable":true,"href":"https:\/\/premiumkeszulek.hu\/en\/wp-json\/wp\/v2\/product_tag?post=6342"},{"taxonomy":"woo-feed-brand","embeddable":true,"href":"https:\/\/premiumkeszulek.hu\/en\/wp-json\/wp\/v2\/woo-feed-brand?post=6342"}],"curies":[{"name":"wp","href":"https:\/\/api.w.org\/{rel}","templated":true}]}}