{"id":33196,"date":"2025-08-10T13:29:32","date_gmt":"2025-08-10T11:29:32","guid":{"rendered":"https:\/\/premiumkeszulek.hu\/termek\/smeg-sf69m3tno-victoria-beepitheto-suto-fekete\/"},"modified":"2026-04-02T18:39:44","modified_gmt":"2026-04-02T16:39:44","slug":"smeg-sf69m3tno-victoria-beepitheto-suto-fekete","status":"publish","type":"product","link":"https:\/\/premiumkeszulek.hu\/en\/product\/smeg-sf69m3tno-victoria-beepitheto-suto-fekete\/","title":{"rendered":"Smeg SF69M3TNO Victoria be\u00e9p\u00edthet\u0151 s\u00fct\u0151 fekete"},"content":{"rendered":"<p>VICTORIA<br \/>\n\tA SMEG legels\u0151, 1948-ban gy\u00e1rtott,Elisabeth n\u00e9vre keresztelt cooker-e ihlette a Victoria term\u00e9kcsal\u00e1dot, mely t\u00f6k\u00e9letesen<br \/>\n\tmegragadja az id\u0151tlen, klasszikus design esszenci\u00e1j\u00e1t \u00e9s b\u00e1j\u00e1t. Az ikonikus \u201e1950-es \u00e9vek\u201c st\u00edlus \u00e9s a pr\u00e9mium min\u0151s\u00e9g\u0171 kivitelez\u00e9s<br \/>\n\tegyar\u00e1nt a m\u00e1rka v\u00e9djegy\u00e9nek sz\u00e1m\u00edt.<\/p>\n<p>SZ\u00cdNEK \u00c9S DESIGN<br \/>\n\tA Victoria term\u00e9kcsal\u00e1d nosztalgikus, \u201eretro\u201c ihlet\u00e9s\u0171 term\u00e9kein megmutatkozik a r\u00e9szletek ir\u00e1nti szenved\u00e9ly \u00e9s a hagyom\u00e1nytisztelet.<br \/>\n\tA mark\u00e1ns kezel\u0151gombok, az \u00f6sszet\u00e9veszthetetlen formatervez\u00e9s, \u00e9s a szemet gy\u00f6ny\u00f6rk\u00f6dtet\u0151 sz\u00ednek val\u00f3di karaktert k\u00f6lcs\u00f6n\u00f6znek<br \/>\n\tkonyh\u00e1j\u00e1nak.<\/p>\n<p>\u00a0<\/p>\n<p>60 x 60 cm<br \/>\n\t\u2022 3 vez\u00e9rl\u0151gomb<br \/>\n\t\u2022 8 s\u00fct\u00e9si funkci\u00f3<br \/>\n\t\u2022 g\u0151ztiszt\u00edt\u00e1s<br \/>\n\t\u2022 3 r\u00e9teg\u0171 \u00fcvegajt\u00f3<br \/>\n\t\u2022 70 l s\u00fct\u0151t\u00e9r \u0171rtartalom<br \/>\n\t\u2022 A energiaoszt\u00e1ly<br \/>\n\t\u2022 tartoz\u00e9kok: 1 db tepsi, 1 db r\u00e1cs<\/p>\n<p>\u00a0<\/p>\n","protected":false},"excerpt":{"rendered":"<p>VICTORIA A SMEG legels\u0151, 1948-ban gy\u00e1rtott,Elisabeth n\u00e9vre keresztelt cooker-e ihlette a Victoria term\u00e9kcsal\u00e1dot, mely t\u00f6k\u00e9letesen megragadja az id\u0151tlen, klasszikus design esszenci\u00e1j\u00e1t \u00e9s b\u00e1j\u00e1t. Az ikonikus \u201e1950-es \u00e9vek\u201c st\u00edlus \u00e9s a pr\u00e9mium min\u0151s\u00e9g\u0171 kivitelez\u00e9s egyar\u00e1nt a m\u00e1rka v\u00e9djegy\u00e9nek sz\u00e1m\u00edt. SZ\u00cdNEK \u00c9S DESIGN A Victoria term\u00e9kcsal\u00e1d nosztalgikus, \u201eretro\u201c ihlet\u00e9s\u0171 term\u00e9kein megmutatkozik a r\u00e9szletek ir\u00e1nti szenved\u00e9ly \u00e9s a [&hellip;]<\/p>\n","protected":false},"featured_media":33195,"comment_status":"closed","ping_status":"closed","template":"","meta":{"_crdt_document":"","content-type":"","jetpack_post_was_ever_published":false,"jetpack_publicize_message":"","jetpack_publicize_feature_enabled":true,"jetpack_social_post_already_shared":true,"jetpack_social_options":{"image_generator_settings":{"template":"highway","default_image_id":0,"font":"","enabled":false},"version":2},"_wpas_customize_per_network":false},"product_brand":[1634],"product_cat":[1389,1527],"product_tag":[],"woo-feed-brand":[],"class_list":{"0":"post-33196","1":"product","2":"type-product","3":"status-publish","4":"has-post-thumbnail","6":"product_brand-smeg","7":"product_cat-beepithetosutok","8":"product_cat-sutok-es-fozolapok","9":"product_shipping_class-100000felett","11":"first","12":"onbackorder","13":"sale","14":"taxable","15":"shipping-taxable","16":"purchasable","17":"product-type-simple"},"yoast_head":"<!-- This site is optimized with the Yoast SEO Premium plugin v26.9 (Yoast SEO v26.9) - https:\/\/yoast.com\/product\/yoast-seo-premium-wordpress\/ -->\n<title>Smeg SF69M3TNO Victoria be\u00e9p\u00edthet\u0151 s\u00fct\u0151 fekete - Pr\u00e9miumK\u00e9sz\u00fcl\u00e9k<\/title>\n<meta name=\"description\" content=\"\u00c9lvezd a klasszikus diz\u00e1jnt a Smeg SF69M3TNO Victoria be\u00e9p\u00edthet\u0151 s\u00fct\u0151vel. Tedd otthonod st\u00edlusosabb\u00e1 ezzel a retro ihlet\u00e9s\u0171 konyhai csod\u00e1val!\" \/>\n<meta name=\"robots\" content=\"index, follow, max-snippet:-1, max-image-preview:large, max-video-preview:-1\" \/>\n<link rel=\"canonical\" href=\"https:\/\/premiumkeszulek.hu\/en\/product\/smeg-sf69m3tno-victoria-beepitheto-suto-fekete\/\" \/>\n<meta property=\"og:locale\" content=\"en_GB\" \/>\n<meta property=\"og:type\" content=\"article\" \/>\n<meta property=\"og:title\" content=\"Smeg SF69M3TNO Victoria be\u00e9p\u00edthet\u0151 s\u00fct\u0151 fekete\" \/>\n<meta property=\"og:description\" content=\"\u00c9lvezd a klasszikus diz\u00e1jnt a Smeg SF69M3TNO Victoria be\u00e9p\u00edthet\u0151 s\u00fct\u0151vel. Tedd otthonod st\u00edlusosabb\u00e1 ezzel a retro ihlet\u00e9s\u0171 konyhai csod\u00e1val!\" \/>\n<meta property=\"og:url\" content=\"https:\/\/premiumkeszulek.hu\/en\/product\/smeg-sf69m3tno-victoria-beepitheto-suto-fekete\/\" \/>\n<meta property=\"og:site_name\" content=\"Pr\u00e9miumK\u00e9sz\u00fcl\u00e9k\" \/>\n<meta property=\"article:publisher\" content=\"https:\/\/www.facebook.com\/konyhaluxnet\" \/>\n<meta property=\"article:modified_time\" content=\"2026-04-02T16:39:44+00:00\" \/>\n<meta property=\"og:image\" content=\"https:\/\/i0.wp.com\/premiumkeszulek.hu\/wp-content\/uploads\/2025\/08\/SF69M3TNO-111.jpg?fit=800%2C800&ssl=1\" \/>\n\t<meta property=\"og:image:width\" content=\"800\" \/>\n\t<meta property=\"og:image:height\" content=\"800\" \/>\n\t<meta property=\"og:image:type\" content=\"image\/jpeg\" \/>\n<meta name=\"twitter:card\" content=\"summary_large_image\" \/>\n<meta name=\"twitter:label1\" content=\"Price\" \/>\n\t<meta name=\"twitter:data1\" content=\"445.455&#070;&#116;\" \/>\n\t<meta name=\"twitter:label2\" content=\"Availability\" \/>\n\t<meta name=\"twitter:data2\" content=\"On back order\" \/>\n<script type=\"application\/ld+json\" class=\"yoast-schema-graph\">{\"@context\":\"https:\/\/schema.org\",\"@graph\":[{\"@type\":\"WebPage\",\"@id\":\"https:\/\/premiumkeszulek.hu\/en\/product\/smeg-sf69m3tno-victoria-beepitheto-suto-fekete\/\",\"url\":\"https:\/\/premiumkeszulek.hu\/en\/product\/smeg-sf69m3tno-victoria-beepitheto-suto-fekete\/\",\"name\":\"Smeg SF69M3TNO Victoria be\u00e9p\u00edthet\u0151 s\u00fct\u0151 fekete - Pr\u00e9miumK\u00e9sz\u00fcl\u00e9k\",\"isPartOf\":{\"@id\":\"http:\/\/premiumkeszulek.hu\/hu\/#website\"},\"primaryImageOfPage\":{\"@id\":\"https:\/\/premiumkeszulek.hu\/en\/product\/smeg-sf69m3tno-victoria-beepitheto-suto-fekete\/#primaryimage\"},\"image\":{\"@id\":\"https:\/\/premiumkeszulek.hu\/en\/product\/smeg-sf69m3tno-victoria-beepitheto-suto-fekete\/#primaryimage\"},\"thumbnailUrl\":\"https:\/\/i0.wp.com\/premiumkeszulek.hu\/wp-content\/uploads\/2025\/08\/SF69M3TNO-111.jpg?fit=800%2C800&ssl=1\",\"datePublished\":\"2025-08-10T11:29:32+00:00\",\"dateModified\":\"2026-04-02T16:39:44+00:00\",\"description\":\"\u00c9lvezd a klasszikus diz\u00e1jnt a Smeg SF69M3TNO Victoria be\u00e9p\u00edthet\u0151 s\u00fct\u0151vel. Tedd otthonod st\u00edlusosabb\u00e1 ezzel a retro ihlet\u00e9s\u0171 konyhai csod\u00e1val!\",\"breadcrumb\":{\"@id\":\"https:\/\/premiumkeszulek.hu\/en\/product\/smeg-sf69m3tno-victoria-beepitheto-suto-fekete\/#breadcrumb\"},\"inLanguage\":\"en-GB\",\"potentialAction\":[{\"@type\":\"ReadAction\",\"target\":[\"https:\/\/premiumkeszulek.hu\/en\/product\/smeg-sf69m3tno-victoria-beepitheto-suto-fekete\/\"]}]},{\"@type\":\"ImageObject\",\"inLanguage\":\"en-GB\",\"@id\":\"https:\/\/premiumkeszulek.hu\/en\/product\/smeg-sf69m3tno-victoria-beepitheto-suto-fekete\/#primaryimage\",\"url\":\"https:\/\/i0.wp.com\/premiumkeszulek.hu\/wp-content\/uploads\/2025\/08\/SF69M3TNO-111.jpg?fit=800%2C800&ssl=1\",\"contentUrl\":\"https:\/\/i0.wp.com\/premiumkeszulek.hu\/wp-content\/uploads\/2025\/08\/SF69M3TNO-111.jpg?fit=800%2C800&ssl=1\",\"width\":800,\"height\":800},{\"@type\":\"BreadcrumbList\",\"@id\":\"https:\/\/premiumkeszulek.hu\/en\/product\/smeg-sf69m3tno-victoria-beepitheto-suto-fekete\/#breadcrumb\",\"itemListElement\":[{\"@type\":\"ListItem\",\"position\":1,\"name\":\"Home\",\"item\":\"https:\/\/premiumkeszulek.hu\/hu\/\"},{\"@type\":\"ListItem\",\"position\":2,\"name\":\"Shop\",\"item\":\"https:\/\/premiumkeszulek.hu\/hu\/shop\/\"},{\"@type\":\"ListItem\",\"position\":3,\"name\":\"Smeg SF69M3TNO Victoria be\u00e9p\u00edthet\u0151 s\u00fct\u0151 fekete\"}]},{\"@type\":\"WebSite\",\"@id\":\"http:\/\/premiumkeszulek.hu\/hu\/#website\",\"url\":\"http:\/\/premiumkeszulek.hu\/hu\/\",\"name\":\"Pr\u00e9miumK\u00e9sz\u00fcl\u00e9k\",\"description\":\"\",\"publisher\":{\"@id\":\"http:\/\/premiumkeszulek.hu\/hu\/#organization\"},\"potentialAction\":[{\"@type\":\"SearchAction\",\"target\":{\"@type\":\"EntryPoint\",\"urlTemplate\":\"http:\/\/premiumkeszulek.hu\/hu\/?s={search_term_string}\"},\"query-input\":{\"@type\":\"PropertyValueSpecification\",\"valueRequired\":true,\"valueName\":\"search_term_string\"}}],\"inLanguage\":\"en-GB\"},{\"@type\":\"Organization\",\"@id\":\"http:\/\/premiumkeszulek.hu\/hu\/#organization\",\"name\":\"Pr\u00e9miumK\u00e9sz\u00fcl\u00e9k\",\"alternateName\":\"HPH Special Kft\",\"url\":\"http:\/\/premiumkeszulek.hu\/hu\/\",\"logo\":{\"@type\":\"ImageObject\",\"inLanguage\":\"en-GB\",\"@id\":\"http:\/\/premiumkeszulek.hu\/hu\/#\/schema\/logo\/image\/\",\"url\":\"http:\/\/premiumkeszulek.hu\/wp-content\/uploads\/2025\/03\/TURKIZLOGO-kicsi.png\",\"contentUrl\":\"http:\/\/premiumkeszulek.hu\/wp-content\/uploads\/2025\/03\/TURKIZLOGO-kicsi.png\",\"width\":1600,\"height\":547,\"caption\":\"Pr\u00e9miumK\u00e9sz\u00fcl\u00e9k\"},\"image\":{\"@id\":\"http:\/\/premiumkeszulek.hu\/hu\/#\/schema\/logo\/image\/\"},\"sameAs\":[\"https:\/\/www.facebook.com\/konyhaluxnet\",\"https:\/\/www.instagram.com\/konyhaluxnet\/#\"],\"email\":\"info@premiumkeszulek.hu\",\"telephone\":\"36 1 \/ 226-1992\",\"legalName\":\"HPH Special Kft\",\"vatID\":\"HU12549502\",\"taxID\":\"12549502\",\"hasMerchantReturnPolicy\":{\"@type\":\"MerchantReturnPolicy\",\"merchantReturnLink\":\"https:\/\/premiumkeszulek.hu\/en\/altalanos-szerzodesi-es-felhasznalasi-feltetelek\/\"}}]}<\/script>\n<meta property=\"product:brand\" content=\"Smeg\" \/>\n<meta property=\"product:price:amount\" content=\"445455\" \/>\n<meta property=\"product:price:currency\" content=\"HUF\" \/>\n<meta property=\"og:availability\" content=\"backorder\" \/>\n<meta property=\"product:availability\" content=\"available for order\" \/>\n<meta property=\"product:retailer_item_id\" content=\"SF69M3TNO\" \/>\n<meta property=\"product:condition\" content=\"new\" \/>\n<!-- \/ Yoast SEO Premium plugin. -->","yoast_head_json":{"title":"Smeg SF69M3TNO Victoria be\u00e9p\u00edthet\u0151 s\u00fct\u0151 fekete - Pr\u00e9miumK\u00e9sz\u00fcl\u00e9k","description":"\u00c9lvezd a klasszikus diz\u00e1jnt a Smeg SF69M3TNO Victoria be\u00e9p\u00edthet\u0151 s\u00fct\u0151vel. Tedd otthonod st\u00edlusosabb\u00e1 ezzel a retro ihlet\u00e9s\u0171 konyhai csod\u00e1val!","robots":{"index":"index","follow":"follow","max-snippet":"max-snippet:-1","max-image-preview":"max-image-preview:large","max-video-preview":"max-video-preview:-1"},"canonical":"https:\/\/premiumkeszulek.hu\/en\/product\/smeg-sf69m3tno-victoria-beepitheto-suto-fekete\/","og_locale":"en_GB","og_type":"article","og_title":"Smeg SF69M3TNO Victoria be\u00e9p\u00edthet\u0151 s\u00fct\u0151 fekete","og_description":"\u00c9lvezd a klasszikus diz\u00e1jnt a Smeg SF69M3TNO Victoria be\u00e9p\u00edthet\u0151 s\u00fct\u0151vel. Tedd otthonod st\u00edlusosabb\u00e1 ezzel a retro ihlet\u00e9s\u0171 konyhai csod\u00e1val!","og_url":"https:\/\/premiumkeszulek.hu\/en\/product\/smeg-sf69m3tno-victoria-beepitheto-suto-fekete\/","og_site_name":"Pr\u00e9miumK\u00e9sz\u00fcl\u00e9k","article_publisher":"https:\/\/www.facebook.com\/konyhaluxnet","article_modified_time":"2026-04-02T16:39:44+00:00","og_image":[{"width":800,"height":800,"url":"https:\/\/i0.wp.com\/premiumkeszulek.hu\/wp-content\/uploads\/2025\/08\/SF69M3TNO-111.jpg?fit=800%2C800&ssl=1","type":"image\/jpeg"}],"twitter_card":"summary_large_image","twitter_misc":{"Price":"445.455&#70;&#116;","Availability":"On back order"},"schema":{"@context":"https:\/\/schema.org","@graph":[{"@type":"WebPage","@id":"https:\/\/premiumkeszulek.hu\/en\/product\/smeg-sf69m3tno-victoria-beepitheto-suto-fekete\/","url":"https:\/\/premiumkeszulek.hu\/en\/product\/smeg-sf69m3tno-victoria-beepitheto-suto-fekete\/","name":"Smeg SF69M3TNO Victoria be\u00e9p\u00edthet\u0151 s\u00fct\u0151 fekete - Pr\u00e9miumK\u00e9sz\u00fcl\u00e9k","isPartOf":{"@id":"http:\/\/premiumkeszulek.hu\/hu\/#website"},"primaryImageOfPage":{"@id":"https:\/\/premiumkeszulek.hu\/en\/product\/smeg-sf69m3tno-victoria-beepitheto-suto-fekete\/#primaryimage"},"image":{"@id":"https:\/\/premiumkeszulek.hu\/en\/product\/smeg-sf69m3tno-victoria-beepitheto-suto-fekete\/#primaryimage"},"thumbnailUrl":"https:\/\/i0.wp.com\/premiumkeszulek.hu\/wp-content\/uploads\/2025\/08\/SF69M3TNO-111.jpg?fit=800%2C800&ssl=1","datePublished":"2025-08-10T11:29:32+00:00","dateModified":"2026-04-02T16:39:44+00:00","description":"\u00c9lvezd a klasszikus diz\u00e1jnt a Smeg SF69M3TNO Victoria be\u00e9p\u00edthet\u0151 s\u00fct\u0151vel. Tedd otthonod st\u00edlusosabb\u00e1 ezzel a retro ihlet\u00e9s\u0171 konyhai csod\u00e1val!","breadcrumb":{"@id":"https:\/\/premiumkeszulek.hu\/en\/product\/smeg-sf69m3tno-victoria-beepitheto-suto-fekete\/#breadcrumb"},"inLanguage":"en-GB","potentialAction":[{"@type":"ReadAction","target":["https:\/\/premiumkeszulek.hu\/en\/product\/smeg-sf69m3tno-victoria-beepitheto-suto-fekete\/"]}]},{"@type":"ImageObject","inLanguage":"en-GB","@id":"https:\/\/premiumkeszulek.hu\/en\/product\/smeg-sf69m3tno-victoria-beepitheto-suto-fekete\/#primaryimage","url":"https:\/\/i0.wp.com\/premiumkeszulek.hu\/wp-content\/uploads\/2025\/08\/SF69M3TNO-111.jpg?fit=800%2C800&ssl=1","contentUrl":"https:\/\/i0.wp.com\/premiumkeszulek.hu\/wp-content\/uploads\/2025\/08\/SF69M3TNO-111.jpg?fit=800%2C800&ssl=1","width":800,"height":800},{"@type":"BreadcrumbList","@id":"https:\/\/premiumkeszulek.hu\/en\/product\/smeg-sf69m3tno-victoria-beepitheto-suto-fekete\/#breadcrumb","itemListElement":[{"@type":"ListItem","position":1,"name":"Home","item":"https:\/\/premiumkeszulek.hu\/hu\/"},{"@type":"ListItem","position":2,"name":"Shop","item":"https:\/\/premiumkeszulek.hu\/hu\/shop\/"},{"@type":"ListItem","position":3,"name":"Smeg SF69M3TNO Victoria be\u00e9p\u00edthet\u0151 s\u00fct\u0151 fekete"}]},{"@type":"WebSite","@id":"http:\/\/premiumkeszulek.hu\/hu\/#website","url":"http:\/\/premiumkeszulek.hu\/hu\/","name":"Pr\u00e9miumK\u00e9sz\u00fcl\u00e9k","description":"","publisher":{"@id":"http:\/\/premiumkeszulek.hu\/hu\/#organization"},"potentialAction":[{"@type":"SearchAction","target":{"@type":"EntryPoint","urlTemplate":"http:\/\/premiumkeszulek.hu\/hu\/?s={search_term_string}"},"query-input":{"@type":"PropertyValueSpecification","valueRequired":true,"valueName":"search_term_string"}}],"inLanguage":"en-GB"},{"@type":"Organization","@id":"http:\/\/premiumkeszulek.hu\/hu\/#organization","name":"Pr\u00e9miumK\u00e9sz\u00fcl\u00e9k","alternateName":"HPH Special Kft","url":"http:\/\/premiumkeszulek.hu\/hu\/","logo":{"@type":"ImageObject","inLanguage":"en-GB","@id":"http:\/\/premiumkeszulek.hu\/hu\/#\/schema\/logo\/image\/","url":"http:\/\/premiumkeszulek.hu\/wp-content\/uploads\/2025\/03\/TURKIZLOGO-kicsi.png","contentUrl":"http:\/\/premiumkeszulek.hu\/wp-content\/uploads\/2025\/03\/TURKIZLOGO-kicsi.png","width":1600,"height":547,"caption":"Pr\u00e9miumK\u00e9sz\u00fcl\u00e9k"},"image":{"@id":"http:\/\/premiumkeszulek.hu\/hu\/#\/schema\/logo\/image\/"},"sameAs":["https:\/\/www.facebook.com\/konyhaluxnet","https:\/\/www.instagram.com\/konyhaluxnet\/#"],"email":"info@premiumkeszulek.hu","telephone":"36 1 \/ 226-1992","legalName":"HPH Special Kft","vatID":"HU12549502","taxID":"12549502","hasMerchantReturnPolicy":{"@type":"MerchantReturnPolicy","merchantReturnLink":"https:\/\/premiumkeszulek.hu\/en\/altalanos-szerzodesi-es-felhasznalasi-feltetelek\/"}}]},"product_brand":"Smeg","product_price_amount":"445455","product_price_currency":"HUF","og_availability":"backorder","product_availability":"available for order","product_retailer_item_id":"SF69M3TNO","product_condition":"new"},"jetpack_publicize_connections":[],"jetpack_likes_enabled":true,"jetpack_sharing_enabled":true,"jetpack-related-posts":[],"_links":{"self":[{"href":"https:\/\/premiumkeszulek.hu\/en\/wp-json\/wp\/v2\/product\/33196","targetHints":{"allow":["GET"]}}],"collection":[{"href":"https:\/\/premiumkeszulek.hu\/en\/wp-json\/wp\/v2\/product"}],"about":[{"href":"https:\/\/premiumkeszulek.hu\/en\/wp-json\/wp\/v2\/types\/product"}],"replies":[{"embeddable":true,"href":"https:\/\/premiumkeszulek.hu\/en\/wp-json\/wp\/v2\/comments?post=33196"}],"wp:featuredmedia":[{"embeddable":true,"href":"https:\/\/premiumkeszulek.hu\/en\/wp-json\/wp\/v2\/media\/33195"}],"wp:attachment":[{"href":"https:\/\/premiumkeszulek.hu\/en\/wp-json\/wp\/v2\/media?parent=33196"}],"wp:term":[{"taxonomy":"product_brand","embeddable":true,"href":"https:\/\/premiumkeszulek.hu\/en\/wp-json\/wp\/v2\/product_brand?post=33196"},{"taxonomy":"product_cat","embeddable":true,"href":"https:\/\/premiumkeszulek.hu\/en\/wp-json\/wp\/v2\/product_cat?post=33196"},{"taxonomy":"product_tag","embeddable":true,"href":"https:\/\/premiumkeszulek.hu\/en\/wp-json\/wp\/v2\/product_tag?post=33196"},{"taxonomy":"woo-feed-brand","embeddable":true,"href":"https:\/\/premiumkeszulek.hu\/en\/wp-json\/wp\/v2\/woo-feed-brand?post=33196"}],"curies":[{"name":"wp","href":"https:\/\/api.w.org\/{rel}","templated":true}]}}