{"id":31905,"date":"2025-06-30T15:34:41","date_gmt":"2025-06-30T13:34:41","guid":{"rendered":"https:\/\/premiumkeszulek.hu\/termek\/smeg-stfabcr3-beepitheto-mosogatogep-bezs-60cm-50-es-evek-stilusa\/"},"modified":"2026-04-02T18:39:51","modified_gmt":"2026-04-02T16:39:51","slug":"smeg-stfabcr3-beepitheto-mosogatogep-bezs-60cm-50-es-evek-stilusa","status":"publish","type":"product","link":"https:\/\/premiumkeszulek.hu\/en\/product\/smeg-stfabcr3-beepitheto-mosogatogep-bezs-60cm-50-es-evek-stilusa\/","title":{"rendered":"Smeg STFABCR3 be\u00e9p\u00edthet\u0151 mosogat\u00f3g\u00e9p b\u00e9zs 60cm 50-es \u00e9vek st\u00edlusa"},"content":{"rendered":"<p>Sz\u00edn: B\u00e9zs<br \/>\n\tFel\u00fcletkezel\u00e9s: F\u00e9nyes<br \/>\n\tEszt\u00e9tika: 50-es \u00e9vek st\u00edlusa<br \/>\n\tEl\u00fcls\u0151 panel sz\u00edn: Ujjlenyomatmentes rozsdamentes ac\u00e9l<br \/>\n\tAjt\u00f3 t\u00edpusa: 50-es \u00e9vek st\u00edlusa<br \/>\n\tAjt\u00f3 sz\u00edne: Fekete<br \/>\n\tLED\/kijelz\u0151 sz\u00edne: Feh\u00e9r<br \/>\n\tFoganty\u00fa sz\u00edne: Kr\u00f3m<br \/>\n\tGombok sz\u00edne: Ez\u00fcst (oropal sz\u00fcrke)<\/p>\n<p>\t\u00a0<\/p>\n<p>Dry Assist+ opci\u00f3: Igen<br \/>\n\tK\u00e9sleltet\u00e9si id\u0151 opci\u00f3: ak\u00e1r 9 \u00f3ra<br \/>\n\t1\/2 t\u00f6ltet FlexiZone opci\u00f3: Igen<br \/>\n\tSpeci\u00e1lis programok opci\u00f3: Igen<\/p>\n<p>Kosarak sz\u00e1ma: 3, FlexiDuo<br \/>\n\tKos\u00e1r sz\u00edne: Sz\u00fcrke<br \/>\n\tKos\u00e1r \u00f6sszetev\u0151inek sz\u00edne: Sz\u00fcrke<br \/>\n\tFoganty\u00fa: M\u0171anyag, rozsdamentes ac\u00e9l bet\u00e9ttel a fels\u0151 \u00e9s az als\u00f3 kos\u00e1ron<br \/>\n\tFels\u0151 kos\u00e1r: 3 \u00f6sszehajthat\u00f3 r\u00e1ccsal<br \/>\n\t\u00dcvegtart\u00f3: Igen<br \/>\n\tFels\u0151 kos\u00e1r EasyGlide rendszerrel: Igen<br \/>\n\tA fels\u0151 kos\u00e1r magass\u00e1g\u00e1nak be\u00e1ll\u00edt\u00e1sa: H\u00e1rom szinten (5 cm)<br \/>\n\tAls\u00f3 kos\u00e1r: 4 \u00f6sszehajthat\u00f3 r\u00e1ccsal<br \/>\n\tA fels\u0151 kos\u00e1r legnagyobb berakhat\u00f3 ed\u00e9nye: 19,0 cm<br \/>\n\tAls\u00f3 kos\u00e1r csepeg\u00e9sg\u00e1tl\u00f3 bet\u00e9tekkel: Igen<br \/>\n\tA legnagyobb berakhat\u00f3 ed\u00e9ny az als\u00f3 kos\u00e1rba: 30,0 cm<br \/>\n\tSz\u00ednes bels\u0151 komponensek: Sz\u00fcrke<\/p>\n<p>\tEllen\u0151rz\u0151 elemek: Elektronikus<br \/>\n\tKijelz\u0151: K\u00e9sleltetett ind\u00edt\u00e1s<br \/>\n\tAjt\u00f3ny\u00edl\u00e1si rendszer: Igen<br \/>\n\tMegjelen\u00edt\u00e9si t\u00edpus: LED kijelz\u0151 (1 sz\u00e1mjegy)<br \/>\n\tBe\/ki jelz\u0151f\u00e9ny: Igen<br \/>\n\tS\u00f3 jelz\u0151f\u00e9ny: Vil\u00e1g\u00edt\u00e1s<br \/>\n\t\u00d6bl\u00edt\u0151szer visszajelz\u0151: Vil\u00e1g\u00edt\u00e1s<br \/>\n\tCiklus v\u00e9ge jelz\u00e9s: Hangjelz\u00e9s<br \/>\n\tMos\u00f3rendszer: Planet\u00e1rium<br \/>\n\tSz\u00e1r\u00edt\u00f3rendszer: Term\u00e9szetes kondenz\u00e1ci\u00f3s sz\u00e1r\u00edt\u00e1s, Dry Assist + automatikus ajt\u00f3nyit\u00f3 rendszer a ciklus v\u00e9g\u00e9n<br \/>\n\tMotor: Inverter 2.0<br \/>\n\tHarmadik sz\u00f3r\u00f3kar: Egyed\u00fcl\u00e1ll\u00f3 vagyok<br \/>\n\tV\u00edzl\u00e1gy\u00edt\u00f3: Elektronikus be\u00e1ll\u00edt\u00e1ssal<br \/>\n\tZavaross\u00e1g \u00e9rz\u00e9kel\u0151 Aquatest: Igen<br \/>\n\tEl\u00e1raszt\u00e1sv\u00e9delmi rendszer: Total Acquastop<br \/>\n\tV\u00edzell\u00e1t\u00e1s: Szimpla; hideg\/meleg v\u00edz max. 60\u00b0C &#8211; ak\u00e1r 35% -os energiamegtakar\u00edt\u00e1s meleg v\u00edzzel<br \/>\n\tMax. v\u00edzkem\u00e9nys\u00e9g: 100\u00b0fH;58\u00b0dH<br \/>\n\tG\u0151zv\u00e9delem: F\u00e9mlemez<br \/>\n\tCs\u0151 anyaga: Rozsdamentes ac\u00e9l<br \/>\n\tSz\u0171r\u0151: Rozsdamentes ac\u00e9l<br \/>\n\tRejtett f\u0171t\u0151elem: Igen<br \/>\n\tL\u00e1bazat min. \u00e9s max. magass\u00e1ga: 98 \u2013 168 mm<br \/>\n\tSarokvas: \u00d6nkiegyens\u00falyoz\u00f3, r\u00f6gz\u00edtett zsan\u00e9rokkal<br \/>\n\t\u00c1ll\u00edthat\u00f3 l\u00e1b: 7cm, 820 \u00e9s 890 mm k\u00f6z\u00f6tt<br \/>\n\tEl\u00f6lr\u0151l \u00e1ll\u00edthat\u00f3 h\u00e1ts\u00f3 l\u00e1bak: Igen<\/p>\n<p>\tEnergiahat\u00e9konys\u00e1gi oszt\u00e1ly: B<br \/>\n\tEnergiafogyaszt\u00e1s [100 ciklusonk\u00e9nt, az eco program alapj\u00e1n]: 63 KWh<br \/>\n\tN\u00e9vleges kapacit\u00e1s (ps): 13<br \/>\n\tV\u00edzfogyaszt\u00e1s [ciklusonk\u00e9nt]: 9.0 litres<br \/>\n\tProgram id\u0151tartama: 4:25 h:min<br \/>\n\tLeveg\u0151ben terjed\u0151 akusztikus zajkibocs\u00e1t\u00e1s: 44 dB(A) re 1 pW<br \/>\n\tLeveg\u0151ben terjed\u0151 akusztikus zajkibocs\u00e1t\u00e1si oszt\u00e1ly: B<br \/>\n\tEnergiahat\u00e9konys\u00e1gi mutat\u00f3 (EEI): 37.9<br \/>\n\tElektromos csatlakoz\u00e1s<br \/>\n\tCsatlakoztatott \u00e1ramforr\u00e1s: 1800 W<br \/>\n\tJelenlegi: 10 A<br \/>\n\tFesz\u00fclts\u00e9g: 220-240 V<br \/>\n\tA kapcsolat t\u00edpusa: Egyf\u00e1zis\u00fa (pl. motor)<br \/>\n\tFrekvencia (Hz): 50 Hz<br \/>\n\tT\u00e1pk\u00e1bel hossza: 140 cm<br \/>\n\tJellemz\u0151 tulajdons\u00e1gok<br \/>\n\tZajszint: 40 &#8211; 44 dB(A)<\/p>\n<p>\u00a0A term\u00e9k m\u00e9retei MaxSz\u00e9xM\u00e9 (mm): 818x598x584<br \/>\n\tNett\u00f3 t\u00f6meg (kg): 46.000 kg<br \/>\n\tBrutt\u00f3 s\u00faly (kg): 49.000 kg<\/p>\n","protected":false},"excerpt":{"rendered":"<p>Programok sz\u00e1ma: 10+1<br \/>\n\u00c1ztat\u00e1s: Igen<br \/>\nExpressz 27\u2019: Igen<br \/>\nTeljes expressz \u2013 60 perc: Igen<br \/>\nECO: Igen<br \/>\nCsendes (-2 dB): Igen<br \/>\nAuto szenzor 45-65: Igen<br \/>\nKever\u00e9s: Igen<br \/>\nIntenz\u00edv: Igen<br \/>\nHigi\u00e9nikus 99,9%: Igen<br \/>\n\u00d6ntiszt\u00edt\u00f3: Igen<br \/>\nCrystal: Igen<br \/>\nMos\u00e1si h\u0151m\u00e9rs\u00e9kletek: 38, 45, 50, 55, 65, 70, 75 \u00b0C<\/p>\n","protected":false},"featured_media":31904,"comment_status":"closed","ping_status":"closed","template":"","meta":{"_crdt_document":"","content-type":"","jetpack_post_was_ever_published":false,"jetpack_publicize_message":"","jetpack_publicize_feature_enabled":true,"jetpack_social_post_already_shared":true,"jetpack_social_options":{"image_generator_settings":{"template":"highway","default_image_id":0,"font":"","enabled":false},"version":2},"_wpas_customize_per_network":false},"product_brand":[1634],"product_cat":[1385,1384],"product_tag":[],"woo-feed-brand":[],"class_list":{"0":"post-31905","1":"product","2":"type-product","3":"status-publish","4":"has-post-thumbnail","6":"product_brand-smeg","7":"product_cat-beepithetomosogatogep","8":"product_cat-mosogatogep","9":"product_shipping_class-100000felett","11":"first","12":"onbackorder","13":"sale","14":"taxable","15":"shipping-taxable","16":"purchasable","17":"product-type-simple"},"yoast_head":"<!-- This site is optimized with the Yoast SEO Premium plugin v26.9 (Yoast SEO v26.9) - https:\/\/yoast.com\/product\/yoast-seo-premium-wordpress\/ -->\n<title>Smeg STFABCR3 be\u00e9p\u00edthet\u0151 mosogat\u00f3g\u00e9p b\u00e9zs 60cm 50-es \u00e9vek st\u00edlusa - Pr\u00e9miumK\u00e9sz\u00fcl\u00e9k<\/title>\n<meta name=\"description\" content=\"A Smeg STFABCR3 be\u00e9p\u00edthet\u0151 mosogat\u00f3g\u00e9p nemcsak eszt\u00e9tikus, hanem praktikus is! \u00c9lvezze a kiv\u00e1l\u00f3 teljes\u00edtm\u00e9nyt okos megold\u00e1sokkal. \ud83e\uddfc\" \/>\n<meta name=\"robots\" content=\"index, follow, max-snippet:-1, max-image-preview:large, max-video-preview:-1\" \/>\n<link rel=\"canonical\" href=\"https:\/\/premiumkeszulek.hu\/en\/termek\/smeg-stfabcr3-beepitheto-mosogatogep-bezs-60cm-50-es-evek-stilusa\/\" \/>\n<meta property=\"og:locale\" content=\"en_GB\" \/>\n<meta property=\"og:type\" content=\"article\" \/>\n<meta property=\"og:title\" content=\"Smeg STFABCR3 be\u00e9p\u00edthet\u0151 mosogat\u00f3g\u00e9p b\u00e9zs 60cm 50-es \u00e9vek st\u00edlusa\" \/>\n<meta property=\"og:description\" content=\"A Smeg STFABCR3 be\u00e9p\u00edthet\u0151 mosogat\u00f3g\u00e9p nemcsak eszt\u00e9tikus, hanem praktikus is! \u00c9lvezze a kiv\u00e1l\u00f3 teljes\u00edtm\u00e9nyt okos megold\u00e1sokkal. \ud83e\uddfc\" \/>\n<meta property=\"og:url\" content=\"https:\/\/premiumkeszulek.hu\/en\/termek\/smeg-stfabcr3-beepitheto-mosogatogep-bezs-60cm-50-es-evek-stilusa\/\" \/>\n<meta property=\"og:site_name\" content=\"Pr\u00e9miumK\u00e9sz\u00fcl\u00e9k\" \/>\n<meta property=\"article:publisher\" content=\"https:\/\/www.facebook.com\/konyhaluxnet\" \/>\n<meta property=\"article:modified_time\" content=\"2026-04-02T16:39:51+00:00\" \/>\n<meta property=\"og:image\" content=\"https:\/\/i0.wp.com\/premiumkeszulek.hu\/wp-content\/uploads\/2025\/06\/STFABCR3-111.jpg?fit=800%2C800&ssl=1\" \/>\n\t<meta property=\"og:image:width\" content=\"800\" \/>\n\t<meta property=\"og:image:height\" content=\"800\" \/>\n\t<meta property=\"og:image:type\" content=\"image\/jpeg\" \/>\n<meta name=\"twitter:card\" content=\"summary_large_image\" \/>\n<meta name=\"twitter:label1\" content=\"Price\" \/>\n\t<meta name=\"twitter:data1\" content=\"789.355&#070;&#116;\" \/>\n\t<meta name=\"twitter:label2\" content=\"Availability\" \/>\n\t<meta name=\"twitter:data2\" content=\"On back order\" \/>\n<script type=\"application\/ld+json\" class=\"yoast-schema-graph\">{\"@context\":\"https:\/\/schema.org\",\"@graph\":[{\"@type\":\"WebPage\",\"@id\":\"https:\/\/premiumkeszulek.hu\/hu\/termek\/smeg-stfabcr3-beepitheto-mosogatogep-bezs-60cm-50-es-evek-stilusa\/\",\"url\":\"https:\/\/premiumkeszulek.hu\/hu\/termek\/smeg-stfabcr3-beepitheto-mosogatogep-bezs-60cm-50-es-evek-stilusa\/\",\"name\":\"Smeg STFABCR3 be\u00e9p\u00edthet\u0151 mosogat\u00f3g\u00e9p b\u00e9zs 60cm 50-es \u00e9vek st\u00edlusa - Pr\u00e9miumK\u00e9sz\u00fcl\u00e9k\",\"isPartOf\":{\"@id\":\"http:\/\/premiumkeszulek.hu\/hu\/#website\"},\"primaryImageOfPage\":{\"@id\":\"https:\/\/premiumkeszulek.hu\/hu\/termek\/smeg-stfabcr3-beepitheto-mosogatogep-bezs-60cm-50-es-evek-stilusa\/#primaryimage\"},\"image\":{\"@id\":\"https:\/\/premiumkeszulek.hu\/hu\/termek\/smeg-stfabcr3-beepitheto-mosogatogep-bezs-60cm-50-es-evek-stilusa\/#primaryimage\"},\"thumbnailUrl\":\"https:\/\/i0.wp.com\/premiumkeszulek.hu\/wp-content\/uploads\/2025\/06\/STFABCR3-111.jpg?fit=800%2C800&ssl=1\",\"datePublished\":\"2025-06-30T13:34:41+00:00\",\"dateModified\":\"2026-04-02T16:39:51+00:00\",\"description\":\"A Smeg STFABCR3 be\u00e9p\u00edthet\u0151 mosogat\u00f3g\u00e9p nemcsak eszt\u00e9tikus, hanem praktikus is! \u00c9lvezze a kiv\u00e1l\u00f3 teljes\u00edtm\u00e9nyt okos megold\u00e1sokkal. \ud83e\uddfc\",\"breadcrumb\":{\"@id\":\"https:\/\/premiumkeszulek.hu\/hu\/termek\/smeg-stfabcr3-beepitheto-mosogatogep-bezs-60cm-50-es-evek-stilusa\/#breadcrumb\"},\"inLanguage\":\"en-GB\",\"potentialAction\":[{\"@type\":\"ReadAction\",\"target\":[\"https:\/\/premiumkeszulek.hu\/hu\/termek\/smeg-stfabcr3-beepitheto-mosogatogep-bezs-60cm-50-es-evek-stilusa\/\"]}]},{\"@type\":\"ImageObject\",\"inLanguage\":\"en-GB\",\"@id\":\"https:\/\/premiumkeszulek.hu\/hu\/termek\/smeg-stfabcr3-beepitheto-mosogatogep-bezs-60cm-50-es-evek-stilusa\/#primaryimage\",\"url\":\"https:\/\/i0.wp.com\/premiumkeszulek.hu\/wp-content\/uploads\/2025\/06\/STFABCR3-111.jpg?fit=800%2C800&ssl=1\",\"contentUrl\":\"https:\/\/i0.wp.com\/premiumkeszulek.hu\/wp-content\/uploads\/2025\/06\/STFABCR3-111.jpg?fit=800%2C800&ssl=1\",\"width\":800,\"height\":800},{\"@type\":\"BreadcrumbList\",\"@id\":\"https:\/\/premiumkeszulek.hu\/hu\/termek\/smeg-stfabcr3-beepitheto-mosogatogep-bezs-60cm-50-es-evek-stilusa\/#breadcrumb\",\"itemListElement\":[{\"@type\":\"ListItem\",\"position\":1,\"name\":\"Home\",\"item\":\"http:\/\/premiumkeszulek.hu\/hu\/\"},{\"@type\":\"ListItem\",\"position\":2,\"name\":\"Shop\",\"item\":\"http:\/\/premiumkeszulek.hu\/hu\/shop\/\"},{\"@type\":\"ListItem\",\"position\":3,\"name\":\"Smeg STFABCR3 be\u00e9p\u00edthet\u0151 mosogat\u00f3g\u00e9p b\u00e9zs 60cm 50-es \u00e9vek st\u00edlusa\"}]},{\"@type\":\"WebSite\",\"@id\":\"http:\/\/premiumkeszulek.hu\/hu\/#website\",\"url\":\"http:\/\/premiumkeszulek.hu\/hu\/\",\"name\":\"Pr\u00e9miumK\u00e9sz\u00fcl\u00e9k\",\"description\":\"\",\"publisher\":{\"@id\":\"http:\/\/premiumkeszulek.hu\/hu\/#organization\"},\"potentialAction\":[{\"@type\":\"SearchAction\",\"target\":{\"@type\":\"EntryPoint\",\"urlTemplate\":\"http:\/\/premiumkeszulek.hu\/hu\/?s={search_term_string}\"},\"query-input\":{\"@type\":\"PropertyValueSpecification\",\"valueRequired\":true,\"valueName\":\"search_term_string\"}}],\"inLanguage\":\"en-GB\"},{\"@type\":\"Organization\",\"@id\":\"http:\/\/premiumkeszulek.hu\/hu\/#organization\",\"name\":\"Pr\u00e9miumK\u00e9sz\u00fcl\u00e9k\",\"alternateName\":\"HPH Special Kft\",\"url\":\"http:\/\/premiumkeszulek.hu\/hu\/\",\"logo\":{\"@type\":\"ImageObject\",\"inLanguage\":\"en-GB\",\"@id\":\"http:\/\/premiumkeszulek.hu\/hu\/#\/schema\/logo\/image\/\",\"url\":\"http:\/\/premiumkeszulek.hu\/wp-content\/uploads\/2025\/03\/TURKIZLOGO-kicsi.png\",\"contentUrl\":\"http:\/\/premiumkeszulek.hu\/wp-content\/uploads\/2025\/03\/TURKIZLOGO-kicsi.png\",\"width\":1600,\"height\":547,\"caption\":\"Pr\u00e9miumK\u00e9sz\u00fcl\u00e9k\"},\"image\":{\"@id\":\"http:\/\/premiumkeszulek.hu\/hu\/#\/schema\/logo\/image\/\"},\"sameAs\":[\"https:\/\/www.facebook.com\/konyhaluxnet\",\"https:\/\/www.instagram.com\/konyhaluxnet\/#\"],\"email\":\"info@premiumkeszulek.hu\",\"telephone\":\"36 1 \/ 226-1992\",\"legalName\":\"HPH Special Kft\",\"vatID\":\"HU12549502\",\"taxID\":\"12549502\",\"hasMerchantReturnPolicy\":{\"@type\":\"MerchantReturnPolicy\",\"merchantReturnLink\":\"https:\/\/premiumkeszulek.hu\/en\/altalanos-szerzodesi-es-felhasznalasi-feltetelek\/\"}}]}<\/script>\n<meta property=\"product:brand\" content=\"Smeg\" \/>\n<meta property=\"product:price:amount\" content=\"789355\" \/>\n<meta property=\"product:price:currency\" content=\"HUF\" \/>\n<meta property=\"og:availability\" content=\"backorder\" \/>\n<meta property=\"product:availability\" content=\"available for order\" \/>\n<meta property=\"product:retailer_item_id\" content=\"STFABCR3\" \/>\n<meta property=\"product:condition\" content=\"new\" \/>\n<!-- \/ Yoast SEO Premium plugin. -->","yoast_head_json":{"title":"Smeg STFABCR3 be\u00e9p\u00edthet\u0151 mosogat\u00f3g\u00e9p b\u00e9zs 60cm 50-es \u00e9vek st\u00edlusa - Pr\u00e9miumK\u00e9sz\u00fcl\u00e9k","description":"A Smeg STFABCR3 be\u00e9p\u00edthet\u0151 mosogat\u00f3g\u00e9p nemcsak eszt\u00e9tikus, hanem praktikus is! \u00c9lvezze a kiv\u00e1l\u00f3 teljes\u00edtm\u00e9nyt okos megold\u00e1sokkal. \ud83e\uddfc","robots":{"index":"index","follow":"follow","max-snippet":"max-snippet:-1","max-image-preview":"max-image-preview:large","max-video-preview":"max-video-preview:-1"},"canonical":"https:\/\/premiumkeszulek.hu\/en\/termek\/smeg-stfabcr3-beepitheto-mosogatogep-bezs-60cm-50-es-evek-stilusa\/","og_locale":"en_GB","og_type":"article","og_title":"Smeg STFABCR3 be\u00e9p\u00edthet\u0151 mosogat\u00f3g\u00e9p b\u00e9zs 60cm 50-es \u00e9vek st\u00edlusa","og_description":"A Smeg STFABCR3 be\u00e9p\u00edthet\u0151 mosogat\u00f3g\u00e9p nemcsak eszt\u00e9tikus, hanem praktikus is! \u00c9lvezze a kiv\u00e1l\u00f3 teljes\u00edtm\u00e9nyt okos megold\u00e1sokkal. \ud83e\uddfc","og_url":"https:\/\/premiumkeszulek.hu\/en\/termek\/smeg-stfabcr3-beepitheto-mosogatogep-bezs-60cm-50-es-evek-stilusa\/","og_site_name":"Pr\u00e9miumK\u00e9sz\u00fcl\u00e9k","article_publisher":"https:\/\/www.facebook.com\/konyhaluxnet","article_modified_time":"2026-04-02T16:39:51+00:00","og_image":[{"width":800,"height":800,"url":"https:\/\/i0.wp.com\/premiumkeszulek.hu\/wp-content\/uploads\/2025\/06\/STFABCR3-111.jpg?fit=800%2C800&ssl=1","type":"image\/jpeg"}],"twitter_card":"summary_large_image","twitter_misc":{"Price":"789.355&#70;&#116;","Availability":"On back order"},"schema":{"@context":"https:\/\/schema.org","@graph":[{"@type":"WebPage","@id":"https:\/\/premiumkeszulek.hu\/hu\/termek\/smeg-stfabcr3-beepitheto-mosogatogep-bezs-60cm-50-es-evek-stilusa\/","url":"https:\/\/premiumkeszulek.hu\/hu\/termek\/smeg-stfabcr3-beepitheto-mosogatogep-bezs-60cm-50-es-evek-stilusa\/","name":"Smeg STFABCR3 be\u00e9p\u00edthet\u0151 mosogat\u00f3g\u00e9p b\u00e9zs 60cm 50-es \u00e9vek st\u00edlusa - Pr\u00e9miumK\u00e9sz\u00fcl\u00e9k","isPartOf":{"@id":"http:\/\/premiumkeszulek.hu\/hu\/#website"},"primaryImageOfPage":{"@id":"https:\/\/premiumkeszulek.hu\/hu\/termek\/smeg-stfabcr3-beepitheto-mosogatogep-bezs-60cm-50-es-evek-stilusa\/#primaryimage"},"image":{"@id":"https:\/\/premiumkeszulek.hu\/hu\/termek\/smeg-stfabcr3-beepitheto-mosogatogep-bezs-60cm-50-es-evek-stilusa\/#primaryimage"},"thumbnailUrl":"https:\/\/i0.wp.com\/premiumkeszulek.hu\/wp-content\/uploads\/2025\/06\/STFABCR3-111.jpg?fit=800%2C800&ssl=1","datePublished":"2025-06-30T13:34:41+00:00","dateModified":"2026-04-02T16:39:51+00:00","description":"A Smeg STFABCR3 be\u00e9p\u00edthet\u0151 mosogat\u00f3g\u00e9p nemcsak eszt\u00e9tikus, hanem praktikus is! \u00c9lvezze a kiv\u00e1l\u00f3 teljes\u00edtm\u00e9nyt okos megold\u00e1sokkal. \ud83e\uddfc","breadcrumb":{"@id":"https:\/\/premiumkeszulek.hu\/hu\/termek\/smeg-stfabcr3-beepitheto-mosogatogep-bezs-60cm-50-es-evek-stilusa\/#breadcrumb"},"inLanguage":"en-GB","potentialAction":[{"@type":"ReadAction","target":["https:\/\/premiumkeszulek.hu\/hu\/termek\/smeg-stfabcr3-beepitheto-mosogatogep-bezs-60cm-50-es-evek-stilusa\/"]}]},{"@type":"ImageObject","inLanguage":"en-GB","@id":"https:\/\/premiumkeszulek.hu\/hu\/termek\/smeg-stfabcr3-beepitheto-mosogatogep-bezs-60cm-50-es-evek-stilusa\/#primaryimage","url":"https:\/\/i0.wp.com\/premiumkeszulek.hu\/wp-content\/uploads\/2025\/06\/STFABCR3-111.jpg?fit=800%2C800&ssl=1","contentUrl":"https:\/\/i0.wp.com\/premiumkeszulek.hu\/wp-content\/uploads\/2025\/06\/STFABCR3-111.jpg?fit=800%2C800&ssl=1","width":800,"height":800},{"@type":"BreadcrumbList","@id":"https:\/\/premiumkeszulek.hu\/hu\/termek\/smeg-stfabcr3-beepitheto-mosogatogep-bezs-60cm-50-es-evek-stilusa\/#breadcrumb","itemListElement":[{"@type":"ListItem","position":1,"name":"Home","item":"http:\/\/premiumkeszulek.hu\/hu\/"},{"@type":"ListItem","position":2,"name":"Shop","item":"http:\/\/premiumkeszulek.hu\/hu\/shop\/"},{"@type":"ListItem","position":3,"name":"Smeg STFABCR3 be\u00e9p\u00edthet\u0151 mosogat\u00f3g\u00e9p b\u00e9zs 60cm 50-es \u00e9vek st\u00edlusa"}]},{"@type":"WebSite","@id":"http:\/\/premiumkeszulek.hu\/hu\/#website","url":"http:\/\/premiumkeszulek.hu\/hu\/","name":"Pr\u00e9miumK\u00e9sz\u00fcl\u00e9k","description":"","publisher":{"@id":"http:\/\/premiumkeszulek.hu\/hu\/#organization"},"potentialAction":[{"@type":"SearchAction","target":{"@type":"EntryPoint","urlTemplate":"http:\/\/premiumkeszulek.hu\/hu\/?s={search_term_string}"},"query-input":{"@type":"PropertyValueSpecification","valueRequired":true,"valueName":"search_term_string"}}],"inLanguage":"en-GB"},{"@type":"Organization","@id":"http:\/\/premiumkeszulek.hu\/hu\/#organization","name":"Pr\u00e9miumK\u00e9sz\u00fcl\u00e9k","alternateName":"HPH Special Kft","url":"http:\/\/premiumkeszulek.hu\/hu\/","logo":{"@type":"ImageObject","inLanguage":"en-GB","@id":"http:\/\/premiumkeszulek.hu\/hu\/#\/schema\/logo\/image\/","url":"http:\/\/premiumkeszulek.hu\/wp-content\/uploads\/2025\/03\/TURKIZLOGO-kicsi.png","contentUrl":"http:\/\/premiumkeszulek.hu\/wp-content\/uploads\/2025\/03\/TURKIZLOGO-kicsi.png","width":1600,"height":547,"caption":"Pr\u00e9miumK\u00e9sz\u00fcl\u00e9k"},"image":{"@id":"http:\/\/premiumkeszulek.hu\/hu\/#\/schema\/logo\/image\/"},"sameAs":["https:\/\/www.facebook.com\/konyhaluxnet","https:\/\/www.instagram.com\/konyhaluxnet\/#"],"email":"info@premiumkeszulek.hu","telephone":"36 1 \/ 226-1992","legalName":"HPH Special Kft","vatID":"HU12549502","taxID":"12549502","hasMerchantReturnPolicy":{"@type":"MerchantReturnPolicy","merchantReturnLink":"https:\/\/premiumkeszulek.hu\/en\/altalanos-szerzodesi-es-felhasznalasi-feltetelek\/"}}]},"product_brand":"Smeg","product_price_amount":"789355","product_price_currency":"HUF","og_availability":"backorder","product_availability":"available for order","product_retailer_item_id":"STFABCR3","product_condition":"new"},"jetpack_publicize_connections":[],"jetpack_likes_enabled":true,"jetpack_sharing_enabled":true,"jetpack-related-posts":[],"_links":{"self":[{"href":"https:\/\/premiumkeszulek.hu\/en\/wp-json\/wp\/v2\/product\/31905","targetHints":{"allow":["GET"]}}],"collection":[{"href":"https:\/\/premiumkeszulek.hu\/en\/wp-json\/wp\/v2\/product"}],"about":[{"href":"https:\/\/premiumkeszulek.hu\/en\/wp-json\/wp\/v2\/types\/product"}],"replies":[{"embeddable":true,"href":"https:\/\/premiumkeszulek.hu\/en\/wp-json\/wp\/v2\/comments?post=31905"}],"wp:featuredmedia":[{"embeddable":true,"href":"https:\/\/premiumkeszulek.hu\/en\/wp-json\/wp\/v2\/media\/31904"}],"wp:attachment":[{"href":"https:\/\/premiumkeszulek.hu\/en\/wp-json\/wp\/v2\/media?parent=31905"}],"wp:term":[{"taxonomy":"product_brand","embeddable":true,"href":"https:\/\/premiumkeszulek.hu\/en\/wp-json\/wp\/v2\/product_brand?post=31905"},{"taxonomy":"product_cat","embeddable":true,"href":"https:\/\/premiumkeszulek.hu\/en\/wp-json\/wp\/v2\/product_cat?post=31905"},{"taxonomy":"product_tag","embeddable":true,"href":"https:\/\/premiumkeszulek.hu\/en\/wp-json\/wp\/v2\/product_tag?post=31905"},{"taxonomy":"woo-feed-brand","embeddable":true,"href":"https:\/\/premiumkeszulek.hu\/en\/wp-json\/wp\/v2\/woo-feed-brand?post=31905"}],"curies":[{"name":"wp","href":"https:\/\/api.w.org\/{rel}","templated":true}]}}