{"id":31851,"date":"2025-06-30T13:00:32","date_gmt":"2025-06-30T11:00:32","guid":{"rendered":"https:\/\/premiumkeszulek.hu\/termek\/sirius-s-ddh6-synthesis-brushless-indukcios-keramialap-beepitett-elszivoval-ajandek-cata-professional-edenyszett\/"},"modified":"2026-04-01T19:52:10","modified_gmt":"2026-04-01T17:52:10","slug":"sirius-s-ddh6-synthesis-brushless-indukcios-keramialap-beepitett-elszivoval-ajandek-cata-professional-edenyszett","status":"publish","type":"product","link":"https:\/\/premiumkeszulek.hu\/en\/product\/sirius-s-ddh6-synthesis-brushless-indukcios-keramialap-beepitett-elszivoval-ajandek-cata-professional-edenyszett\/","title":{"rendered":"SIRIUS S-DDH6 SYNTHESIS BRUSHLESS indukci\u00f3s ker\u00e1mialap be\u00e9p\u00edtett elsz\u00edv\u00f3val + aj\u00e1nd\u00e9k CATA &#8211; PROFESSIONAL ed\u00e9nyszett"},"content":{"rendered":"<p>S-DDH6 SYNTHESYS\u00a0a leg\u00fajabb gener\u00e1ci\u00f3s f\u0151z\u0151lap \u00e9s p\u00e1raelsz\u00edv\u00f3 kombin\u00e1ci\u00f3ja\u00a0egyetlen term\u00e9kben. A Synthesis indukci\u00f3s f\u0151z\u0151lap, amelynek elsz\u00edv\u00f3 rendszere teljesen integr\u00e1lt. A\u00a0nagy teljes\u00edtm\u00e9ny\u0171 \u00e9s alacsony zajszint\u0171 sz\u00e9nkefe n\u00e9lk\u00fcli motor\u00a0r\u00e9v\u00e9n a Synthesis azonnal felfogja a g\u0151z\u00f6ket \u00e9s a szagokat.\u00a0A+ energiaoszt\u00e1ly\u00fa besorol\u00e1st kapott.\u00a0A term\u00e9k magass\u00e1ga 220 mm, \u00edgy az als\u00f3 szekr\u00e9nyben t\u00f6bb hely marad a fi\u00f3koknak. A v\u00e9gfelhaszn\u00e1l\u00f3 k\u00f6nnyen elt\u00e1vol\u00edthatja a r\u00e1csot \u00e9s a zs\u00edrsz\u0171r\u0151ket \u00edgy a rendszeres tiszt\u00edt\u00e1shoz egyszer\u0171 \u00e9s k\u00f6nny\u0171.<\/p>\n<p>\u00a0<\/p>\n<p>p\u00e1raelsz\u00edv\u00f3 egyedi tulajdons\u00e1gai:<br \/>\n\tl\u00e9gsz\u00e1ll\u00edt\u00e1s: 800\/645 m3\/h, zajszint: 53-63 dB(A), Brushless motor, \u00e9rint\u0151vez\u00e9rl\u00e9s, ut\u00f3szell\u0151ztet\u00e9s, A+ energiaoszt\u00e1ly, kivehet\u0151 f\u00e9mr\u00e1cs a k\u00f6nnyebb tiszt\u00edt\u00e1s \u00e9rdek\u00e9ben, szabadalmaztatott elox\u00e1lt alum\u00ednium sz\u0171r\u0151 olajgy\u0171jt\u0151vel<\/p>\n<p>\tker\u00e1mialap egyedi tulajdons\u00e1gai:<br \/>\n\t4 indukci\u00f3s f\u0151z\u0151z\u00f3na (184&#215;220 mm), hidalhat\u00f3 f\u0151z\u0151lapok (f\u0151z\u0151lapok \u00f6sszek\u00f6t\u00e9se), touch control \u00e9rint\u0151vez\u00e9rl\u00e9s, STOP and GO funkci\u00f3, G5 Indukci\u00f3s technol\u00f3gia, teljes\u00edtm\u00e9ny: 7,4 kW, gyerekz\u00e1r, digit\u00e1lis kijelz\u00e9s, automatikus meleg\u00edt\u0151 funkci\u00f3, minden z\u00f3n\u00e1hoz BOOSTER (gyorsfelf\u0171t\u00e9s) funkci\u00f3, id\u0151z\u00edt\u00e9s, t\u00falmeleged\u00e9s elleni v\u00e9delem<\/p>\n","protected":false},"excerpt":{"rendered":"<p>\tp\u00e1raelsz\u00edv\u00f3 egyedi tulajdons\u00e1gai:<\/p>\n<p>l\u00e9gsz\u00e1ll\u00edt\u00e1s: 800\/645 m3\/h,\u00a0<br \/>\n\tzajszint: 53-63 dB(A),\u00a0<br \/>\n\tBrushless motor,\u00a0<br \/>\n\t\u00e9rint\u0151vez\u00e9rl\u00e9s,\u00a0<br \/>\n\tut\u00f3szell\u0151ztet\u00e9s,\u00a0<br \/>\n\tA+ energiaoszt\u00e1ly,\u00a0<br \/>\n\tkivehet\u0151 f\u00e9mr\u00e1cs a k\u00f6nnyebb tiszt\u00edt\u00e1s \u00e9rdek\u00e9ben,\u00a0<br \/>\n\tszabadalmaztatott elox\u00e1lt alum\u00ednium sz\u0171r\u0151 olajgy\u0171jt\u0151vel<\/p>\n<p>\u00a0<\/p>\n<p>\tker\u00e1mialap egyedi tulajdons\u00e1gai:<\/p>\n<p>4 indukci\u00f3s f\u0151z\u0151z\u00f3na (184&#215;220 mm),\u00a0<br \/>\n\thidalhat\u00f3 f\u0151z\u0151lapok (f\u0151z\u0151lapok \u00f6sszek\u00f6t\u00e9se),\u00a0<br \/>\n\ttouch control \u00e9rint\u0151vez\u00e9rl\u00e9s,\u00a0<br \/>\n\tSTOP and GO funkci\u00f3,\u00a0<br \/>\n\tG5 Indukci\u00f3s technol\u00f3gia,\u00a0<br \/>\n\tteljes\u00edtm\u00e9ny: 7,4 kW,\u00a0<br \/>\n\tgyerekz\u00e1r,\u00a0<br \/>\n\tdigit\u00e1lis kijelz\u00e9s,\u00a0<br \/>\n\tautomatikus meleg\u00edt\u0151 funkci\u00f3,\u00a0<br \/>\n\tminden z\u00f3n\u00e1hoz BOOSTER (gyorsfelf\u0171t\u00e9s) funkci\u00f3,\u00a0<br \/>\n\tid\u0151z\u00edt\u00e9s,\u00a0<br \/>\n\tt\u00falmeleged\u00e9s elleni v\u00e9delem<\/p>\n","protected":false},"featured_media":5643,"comment_status":"closed","ping_status":"closed","template":"","meta":{"_crdt_document":"","content-type":"","jetpack_post_was_ever_published":false,"jetpack_publicize_message":"","jetpack_publicize_feature_enabled":true,"jetpack_social_post_already_shared":true,"jetpack_social_options":{"image_generator_settings":{"template":"highway","default_image_id":0,"font":"","enabled":false},"version":2},"_wpas_customize_per_network":false},"product_brand":[1639],"product_cat":[1522,1525],"product_tag":[],"woo-feed-brand":[],"class_list":{"0":"post-31851","1":"product","2":"type-product","3":"status-publish","4":"has-post-thumbnail","6":"product_brand-sirius","7":"product_cat-beepitheto-indukcios-fozolap","8":"product_cat-paraelszivok","9":"product_shipping_class-100000felett","11":"first","12":"onbackorder","13":"taxable","14":"shipping-taxable","15":"purchasable","16":"product-type-simple"},"yoast_head":"<!-- This site is optimized with the Yoast SEO Premium plugin v26.9 (Yoast SEO v26.9) - https:\/\/yoast.com\/product\/yoast-seo-premium-wordpress\/ -->\n<title>SIRIUS S-DDH6 SYNTHESIS BRUSHLESS indukci\u00f3s ker\u00e1mialap be\u00e9p\u00edtett elsz\u00edv\u00f3val + aj\u00e1nd\u00e9k CATA - PROFESSIONAL ed\u00e9nyszett - Pr\u00e9miumK\u00e9sz\u00fcl\u00e9k<\/title>\n<meta name=\"description\" content=\"Fedezze fel a SIRIUS S-DDH6 SYNTHESIS BRUSHLESS indukci\u00f3s ker\u00e1mialap erej\u00e9t \u00e9s csendes m\u0171k\u00f6d\u00e9s\u00e9t. Egy igaz\u00e1n innovat\u00edv f\u0151z\u0151lap, amelyet aj\u00e1nlunk!\" \/>\n<meta name=\"robots\" content=\"index, follow, max-snippet:-1, max-image-preview:large, max-video-preview:-1\" \/>\n<link rel=\"canonical\" href=\"https:\/\/premiumkeszulek.hu\/en\/termek\/sirius-s-ddh6-synthesis-brushless-indukcios-keramialap-beepitett-elszivoval-ajandek-cata-professional-edenyszett\/\" \/>\n<meta property=\"og:locale\" content=\"en_GB\" \/>\n<meta property=\"og:type\" content=\"article\" \/>\n<meta property=\"og:title\" content=\"SIRIUS S-DDH6 SYNTHESIS BRUSHLESS indukci\u00f3s ker\u00e1mialap be\u00e9p\u00edtett elsz\u00edv\u00f3val + aj\u00e1nd\u00e9k CATA - PROFESSIONAL ed\u00e9nyszett\" \/>\n<meta property=\"og:description\" content=\"Fedezze fel a SIRIUS S-DDH6 SYNTHESIS BRUSHLESS indukci\u00f3s ker\u00e1mialap erej\u00e9t \u00e9s csendes m\u0171k\u00f6d\u00e9s\u00e9t. Egy igaz\u00e1n innovat\u00edv f\u0151z\u0151lap, amelyet aj\u00e1nlunk!\" \/>\n<meta property=\"og:url\" content=\"https:\/\/premiumkeszulek.hu\/en\/termek\/sirius-s-ddh6-synthesis-brushless-indukcios-keramialap-beepitett-elszivoval-ajandek-cata-professional-edenyszett\/\" \/>\n<meta property=\"og:site_name\" content=\"Pr\u00e9miumK\u00e9sz\u00fcl\u00e9k\" \/>\n<meta property=\"article:publisher\" content=\"https:\/\/www.facebook.com\/konyhaluxnet\" \/>\n<meta property=\"article:modified_time\" content=\"2026-04-01T17:52:10+00:00\" \/>\n<meta property=\"og:image\" content=\"https:\/\/i0.wp.com\/premiumkeszulek.hu\/wp-content\/uploads\/2025\/02\/sirius_s_ddh6_synthesis_1.jpg?fit=800%2C800&ssl=1\" \/>\n\t<meta property=\"og:image:width\" content=\"800\" \/>\n\t<meta property=\"og:image:height\" content=\"800\" \/>\n\t<meta property=\"og:image:type\" content=\"image\/jpeg\" \/>\n<meta name=\"twitter:card\" content=\"summary_large_image\" \/>\n<meta name=\"twitter:label1\" content=\"Price\" \/>\n\t<meta name=\"twitter:data1\" content=\"1.099.990&#070;&#116;\" \/>\n\t<meta name=\"twitter:label2\" content=\"Availability\" \/>\n\t<meta name=\"twitter:data2\" content=\"On back order\" \/>\n<script type=\"application\/ld+json\" class=\"yoast-schema-graph\">{\"@context\":\"https:\/\/schema.org\",\"@graph\":[{\"@type\":\"WebPage\",\"@id\":\"https:\/\/premiumkeszulek.hu\/hu\/termek\/sirius-s-ddh6-synthesis-brushless-indukcios-keramialap-beepitett-elszivoval-ajandek-cata-professional-edenyszett\/\",\"url\":\"https:\/\/premiumkeszulek.hu\/hu\/termek\/sirius-s-ddh6-synthesis-brushless-indukcios-keramialap-beepitett-elszivoval-ajandek-cata-professional-edenyszett\/\",\"name\":\"SIRIUS S-DDH6 SYNTHESIS BRUSHLESS indukci\u00f3s ker\u00e1mialap be\u00e9p\u00edtett elsz\u00edv\u00f3val + aj\u00e1nd\u00e9k CATA - PROFESSIONAL ed\u00e9nyszett - Pr\u00e9miumK\u00e9sz\u00fcl\u00e9k\",\"isPartOf\":{\"@id\":\"http:\/\/premiumkeszulek.hu\/hu\/#website\"},\"primaryImageOfPage\":{\"@id\":\"https:\/\/premiumkeszulek.hu\/hu\/termek\/sirius-s-ddh6-synthesis-brushless-indukcios-keramialap-beepitett-elszivoval-ajandek-cata-professional-edenyszett\/#primaryimage\"},\"image\":{\"@id\":\"https:\/\/premiumkeszulek.hu\/hu\/termek\/sirius-s-ddh6-synthesis-brushless-indukcios-keramialap-beepitett-elszivoval-ajandek-cata-professional-edenyszett\/#primaryimage\"},\"thumbnailUrl\":\"https:\/\/i0.wp.com\/premiumkeszulek.hu\/wp-content\/uploads\/2025\/02\/sirius_s_ddh6_synthesis_1.jpg?fit=800%2C800&ssl=1\",\"datePublished\":\"2025-06-30T11:00:32+00:00\",\"dateModified\":\"2026-04-01T17:52:10+00:00\",\"description\":\"Fedezze fel a SIRIUS S-DDH6 SYNTHESIS BRUSHLESS indukci\u00f3s ker\u00e1mialap erej\u00e9t \u00e9s csendes m\u0171k\u00f6d\u00e9s\u00e9t. Egy igaz\u00e1n innovat\u00edv f\u0151z\u0151lap, amelyet aj\u00e1nlunk!\",\"breadcrumb\":{\"@id\":\"https:\/\/premiumkeszulek.hu\/hu\/termek\/sirius-s-ddh6-synthesis-brushless-indukcios-keramialap-beepitett-elszivoval-ajandek-cata-professional-edenyszett\/#breadcrumb\"},\"inLanguage\":\"en-GB\",\"potentialAction\":[{\"@type\":\"ReadAction\",\"target\":[\"https:\/\/premiumkeszulek.hu\/hu\/termek\/sirius-s-ddh6-synthesis-brushless-indukcios-keramialap-beepitett-elszivoval-ajandek-cata-professional-edenyszett\/\"]}]},{\"@type\":\"ImageObject\",\"inLanguage\":\"en-GB\",\"@id\":\"https:\/\/premiumkeszulek.hu\/hu\/termek\/sirius-s-ddh6-synthesis-brushless-indukcios-keramialap-beepitett-elszivoval-ajandek-cata-professional-edenyszett\/#primaryimage\",\"url\":\"https:\/\/i0.wp.com\/premiumkeszulek.hu\/wp-content\/uploads\/2025\/02\/sirius_s_ddh6_synthesis_1.jpg?fit=800%2C800&ssl=1\",\"contentUrl\":\"https:\/\/i0.wp.com\/premiumkeszulek.hu\/wp-content\/uploads\/2025\/02\/sirius_s_ddh6_synthesis_1.jpg?fit=800%2C800&ssl=1\",\"width\":800,\"height\":800},{\"@type\":\"BreadcrumbList\",\"@id\":\"https:\/\/premiumkeszulek.hu\/hu\/termek\/sirius-s-ddh6-synthesis-brushless-indukcios-keramialap-beepitett-elszivoval-ajandek-cata-professional-edenyszett\/#breadcrumb\",\"itemListElement\":[{\"@type\":\"ListItem\",\"position\":1,\"name\":\"Home\",\"item\":\"http:\/\/premiumkeszulek.hu\/hu\/\"},{\"@type\":\"ListItem\",\"position\":2,\"name\":\"Shop\",\"item\":\"http:\/\/premiumkeszulek.hu\/hu\/shop\/\"},{\"@type\":\"ListItem\",\"position\":3,\"name\":\"SIRIUS S-DDH6 SYNTHESIS BRUSHLESS indukci\u00f3s ker\u00e1mialap be\u00e9p\u00edtett elsz\u00edv\u00f3val + aj\u00e1nd\u00e9k CATA &#8211; PROFESSIONAL ed\u00e9nyszett\"}]},{\"@type\":\"WebSite\",\"@id\":\"http:\/\/premiumkeszulek.hu\/hu\/#website\",\"url\":\"http:\/\/premiumkeszulek.hu\/hu\/\",\"name\":\"Pr\u00e9miumK\u00e9sz\u00fcl\u00e9k\",\"description\":\"\",\"publisher\":{\"@id\":\"http:\/\/premiumkeszulek.hu\/hu\/#organization\"},\"potentialAction\":[{\"@type\":\"SearchAction\",\"target\":{\"@type\":\"EntryPoint\",\"urlTemplate\":\"http:\/\/premiumkeszulek.hu\/hu\/?s={search_term_string}\"},\"query-input\":{\"@type\":\"PropertyValueSpecification\",\"valueRequired\":true,\"valueName\":\"search_term_string\"}}],\"inLanguage\":\"en-GB\"},{\"@type\":\"Organization\",\"@id\":\"http:\/\/premiumkeszulek.hu\/hu\/#organization\",\"name\":\"Pr\u00e9miumK\u00e9sz\u00fcl\u00e9k\",\"alternateName\":\"HPH Special Kft\",\"url\":\"http:\/\/premiumkeszulek.hu\/hu\/\",\"logo\":{\"@type\":\"ImageObject\",\"inLanguage\":\"en-GB\",\"@id\":\"http:\/\/premiumkeszulek.hu\/hu\/#\/schema\/logo\/image\/\",\"url\":\"http:\/\/premiumkeszulek.hu\/wp-content\/uploads\/2025\/03\/TURKIZLOGO-kicsi.png\",\"contentUrl\":\"http:\/\/premiumkeszulek.hu\/wp-content\/uploads\/2025\/03\/TURKIZLOGO-kicsi.png\",\"width\":1600,\"height\":547,\"caption\":\"Pr\u00e9miumK\u00e9sz\u00fcl\u00e9k\"},\"image\":{\"@id\":\"http:\/\/premiumkeszulek.hu\/hu\/#\/schema\/logo\/image\/\"},\"sameAs\":[\"https:\/\/www.facebook.com\/konyhaluxnet\",\"https:\/\/www.instagram.com\/konyhaluxnet\/#\"],\"email\":\"info@premiumkeszulek.hu\",\"telephone\":\"36 1 \/ 226-1992\",\"legalName\":\"HPH Special Kft\",\"vatID\":\"HU12549502\",\"taxID\":\"12549502\",\"hasMerchantReturnPolicy\":{\"@type\":\"MerchantReturnPolicy\",\"merchantReturnLink\":\"https:\/\/premiumkeszulek.hu\/en\/altalanos-szerzodesi-es-felhasznalasi-feltetelek\/\"}}]}<\/script>\n<meta property=\"product:brand\" content=\"Sirius\" \/>\n<meta property=\"product:price:amount\" content=\"1099990\" \/>\n<meta property=\"product:price:currency\" content=\"HUF\" \/>\n<meta property=\"og:availability\" content=\"backorder\" \/>\n<meta property=\"product:availability\" content=\"available for order\" \/>\n<meta property=\"product:retailer_item_id\" content=\"SIR779p\" \/>\n<meta property=\"product:condition\" content=\"new\" \/>\n<!-- \/ Yoast SEO Premium plugin. -->","yoast_head_json":{"title":"SIRIUS S-DDH6 SYNTHESIS BRUSHLESS indukci\u00f3s ker\u00e1mialap be\u00e9p\u00edtett elsz\u00edv\u00f3val + aj\u00e1nd\u00e9k CATA - PROFESSIONAL ed\u00e9nyszett - Pr\u00e9miumK\u00e9sz\u00fcl\u00e9k","description":"Fedezze fel a SIRIUS S-DDH6 SYNTHESIS BRUSHLESS indukci\u00f3s ker\u00e1mialap erej\u00e9t \u00e9s csendes m\u0171k\u00f6d\u00e9s\u00e9t. Egy igaz\u00e1n innovat\u00edv f\u0151z\u0151lap, amelyet aj\u00e1nlunk!","robots":{"index":"index","follow":"follow","max-snippet":"max-snippet:-1","max-image-preview":"max-image-preview:large","max-video-preview":"max-video-preview:-1"},"canonical":"https:\/\/premiumkeszulek.hu\/en\/termek\/sirius-s-ddh6-synthesis-brushless-indukcios-keramialap-beepitett-elszivoval-ajandek-cata-professional-edenyszett\/","og_locale":"en_GB","og_type":"article","og_title":"SIRIUS S-DDH6 SYNTHESIS BRUSHLESS indukci\u00f3s ker\u00e1mialap be\u00e9p\u00edtett elsz\u00edv\u00f3val + aj\u00e1nd\u00e9k CATA - PROFESSIONAL ed\u00e9nyszett","og_description":"Fedezze fel a SIRIUS S-DDH6 SYNTHESIS BRUSHLESS indukci\u00f3s ker\u00e1mialap erej\u00e9t \u00e9s csendes m\u0171k\u00f6d\u00e9s\u00e9t. Egy igaz\u00e1n innovat\u00edv f\u0151z\u0151lap, amelyet aj\u00e1nlunk!","og_url":"https:\/\/premiumkeszulek.hu\/en\/termek\/sirius-s-ddh6-synthesis-brushless-indukcios-keramialap-beepitett-elszivoval-ajandek-cata-professional-edenyszett\/","og_site_name":"Pr\u00e9miumK\u00e9sz\u00fcl\u00e9k","article_publisher":"https:\/\/www.facebook.com\/konyhaluxnet","article_modified_time":"2026-04-01T17:52:10+00:00","og_image":[{"width":800,"height":800,"url":"https:\/\/i0.wp.com\/premiumkeszulek.hu\/wp-content\/uploads\/2025\/02\/sirius_s_ddh6_synthesis_1.jpg?fit=800%2C800&ssl=1","type":"image\/jpeg"}],"twitter_card":"summary_large_image","twitter_misc":{"Price":"1.099.990&#70;&#116;","Availability":"On back order"},"schema":{"@context":"https:\/\/schema.org","@graph":[{"@type":"WebPage","@id":"https:\/\/premiumkeszulek.hu\/hu\/termek\/sirius-s-ddh6-synthesis-brushless-indukcios-keramialap-beepitett-elszivoval-ajandek-cata-professional-edenyszett\/","url":"https:\/\/premiumkeszulek.hu\/hu\/termek\/sirius-s-ddh6-synthesis-brushless-indukcios-keramialap-beepitett-elszivoval-ajandek-cata-professional-edenyszett\/","name":"SIRIUS S-DDH6 SYNTHESIS BRUSHLESS indukci\u00f3s ker\u00e1mialap be\u00e9p\u00edtett elsz\u00edv\u00f3val + aj\u00e1nd\u00e9k CATA - PROFESSIONAL ed\u00e9nyszett - Pr\u00e9miumK\u00e9sz\u00fcl\u00e9k","isPartOf":{"@id":"http:\/\/premiumkeszulek.hu\/hu\/#website"},"primaryImageOfPage":{"@id":"https:\/\/premiumkeszulek.hu\/hu\/termek\/sirius-s-ddh6-synthesis-brushless-indukcios-keramialap-beepitett-elszivoval-ajandek-cata-professional-edenyszett\/#primaryimage"},"image":{"@id":"https:\/\/premiumkeszulek.hu\/hu\/termek\/sirius-s-ddh6-synthesis-brushless-indukcios-keramialap-beepitett-elszivoval-ajandek-cata-professional-edenyszett\/#primaryimage"},"thumbnailUrl":"https:\/\/i0.wp.com\/premiumkeszulek.hu\/wp-content\/uploads\/2025\/02\/sirius_s_ddh6_synthesis_1.jpg?fit=800%2C800&ssl=1","datePublished":"2025-06-30T11:00:32+00:00","dateModified":"2026-04-01T17:52:10+00:00","description":"Fedezze fel a SIRIUS S-DDH6 SYNTHESIS BRUSHLESS indukci\u00f3s ker\u00e1mialap erej\u00e9t \u00e9s csendes m\u0171k\u00f6d\u00e9s\u00e9t. Egy igaz\u00e1n innovat\u00edv f\u0151z\u0151lap, amelyet aj\u00e1nlunk!","breadcrumb":{"@id":"https:\/\/premiumkeszulek.hu\/hu\/termek\/sirius-s-ddh6-synthesis-brushless-indukcios-keramialap-beepitett-elszivoval-ajandek-cata-professional-edenyszett\/#breadcrumb"},"inLanguage":"en-GB","potentialAction":[{"@type":"ReadAction","target":["https:\/\/premiumkeszulek.hu\/hu\/termek\/sirius-s-ddh6-synthesis-brushless-indukcios-keramialap-beepitett-elszivoval-ajandek-cata-professional-edenyszett\/"]}]},{"@type":"ImageObject","inLanguage":"en-GB","@id":"https:\/\/premiumkeszulek.hu\/hu\/termek\/sirius-s-ddh6-synthesis-brushless-indukcios-keramialap-beepitett-elszivoval-ajandek-cata-professional-edenyszett\/#primaryimage","url":"https:\/\/i0.wp.com\/premiumkeszulek.hu\/wp-content\/uploads\/2025\/02\/sirius_s_ddh6_synthesis_1.jpg?fit=800%2C800&ssl=1","contentUrl":"https:\/\/i0.wp.com\/premiumkeszulek.hu\/wp-content\/uploads\/2025\/02\/sirius_s_ddh6_synthesis_1.jpg?fit=800%2C800&ssl=1","width":800,"height":800},{"@type":"BreadcrumbList","@id":"https:\/\/premiumkeszulek.hu\/hu\/termek\/sirius-s-ddh6-synthesis-brushless-indukcios-keramialap-beepitett-elszivoval-ajandek-cata-professional-edenyszett\/#breadcrumb","itemListElement":[{"@type":"ListItem","position":1,"name":"Home","item":"http:\/\/premiumkeszulek.hu\/hu\/"},{"@type":"ListItem","position":2,"name":"Shop","item":"http:\/\/premiumkeszulek.hu\/hu\/shop\/"},{"@type":"ListItem","position":3,"name":"SIRIUS S-DDH6 SYNTHESIS BRUSHLESS indukci\u00f3s ker\u00e1mialap be\u00e9p\u00edtett elsz\u00edv\u00f3val + aj\u00e1nd\u00e9k CATA &#8211; PROFESSIONAL ed\u00e9nyszett"}]},{"@type":"WebSite","@id":"http:\/\/premiumkeszulek.hu\/hu\/#website","url":"http:\/\/premiumkeszulek.hu\/hu\/","name":"Pr\u00e9miumK\u00e9sz\u00fcl\u00e9k","description":"","publisher":{"@id":"http:\/\/premiumkeszulek.hu\/hu\/#organization"},"potentialAction":[{"@type":"SearchAction","target":{"@type":"EntryPoint","urlTemplate":"http:\/\/premiumkeszulek.hu\/hu\/?s={search_term_string}"},"query-input":{"@type":"PropertyValueSpecification","valueRequired":true,"valueName":"search_term_string"}}],"inLanguage":"en-GB"},{"@type":"Organization","@id":"http:\/\/premiumkeszulek.hu\/hu\/#organization","name":"Pr\u00e9miumK\u00e9sz\u00fcl\u00e9k","alternateName":"HPH Special Kft","url":"http:\/\/premiumkeszulek.hu\/hu\/","logo":{"@type":"ImageObject","inLanguage":"en-GB","@id":"http:\/\/premiumkeszulek.hu\/hu\/#\/schema\/logo\/image\/","url":"http:\/\/premiumkeszulek.hu\/wp-content\/uploads\/2025\/03\/TURKIZLOGO-kicsi.png","contentUrl":"http:\/\/premiumkeszulek.hu\/wp-content\/uploads\/2025\/03\/TURKIZLOGO-kicsi.png","width":1600,"height":547,"caption":"Pr\u00e9miumK\u00e9sz\u00fcl\u00e9k"},"image":{"@id":"http:\/\/premiumkeszulek.hu\/hu\/#\/schema\/logo\/image\/"},"sameAs":["https:\/\/www.facebook.com\/konyhaluxnet","https:\/\/www.instagram.com\/konyhaluxnet\/#"],"email":"info@premiumkeszulek.hu","telephone":"36 1 \/ 226-1992","legalName":"HPH Special Kft","vatID":"HU12549502","taxID":"12549502","hasMerchantReturnPolicy":{"@type":"MerchantReturnPolicy","merchantReturnLink":"https:\/\/premiumkeszulek.hu\/en\/altalanos-szerzodesi-es-felhasznalasi-feltetelek\/"}}]},"product_brand":"Sirius","product_price_amount":"1099990","product_price_currency":"HUF","og_availability":"backorder","product_availability":"available for order","product_retailer_item_id":"SIR779p","product_condition":"new"},"jetpack_publicize_connections":[],"jetpack_likes_enabled":true,"jetpack_sharing_enabled":true,"jetpack-related-posts":[],"_links":{"self":[{"href":"https:\/\/premiumkeszulek.hu\/en\/wp-json\/wp\/v2\/product\/31851","targetHints":{"allow":["GET"]}}],"collection":[{"href":"https:\/\/premiumkeszulek.hu\/en\/wp-json\/wp\/v2\/product"}],"about":[{"href":"https:\/\/premiumkeszulek.hu\/en\/wp-json\/wp\/v2\/types\/product"}],"replies":[{"embeddable":true,"href":"https:\/\/premiumkeszulek.hu\/en\/wp-json\/wp\/v2\/comments?post=31851"}],"wp:featuredmedia":[{"embeddable":true,"href":"https:\/\/premiumkeszulek.hu\/en\/wp-json\/wp\/v2\/media\/5643"}],"wp:attachment":[{"href":"https:\/\/premiumkeszulek.hu\/en\/wp-json\/wp\/v2\/media?parent=31851"}],"wp:term":[{"taxonomy":"product_brand","embeddable":true,"href":"https:\/\/premiumkeszulek.hu\/en\/wp-json\/wp\/v2\/product_brand?post=31851"},{"taxonomy":"product_cat","embeddable":true,"href":"https:\/\/premiumkeszulek.hu\/en\/wp-json\/wp\/v2\/product_cat?post=31851"},{"taxonomy":"product_tag","embeddable":true,"href":"https:\/\/premiumkeszulek.hu\/en\/wp-json\/wp\/v2\/product_tag?post=31851"},{"taxonomy":"woo-feed-brand","embeddable":true,"href":"https:\/\/premiumkeszulek.hu\/en\/wp-json\/wp\/v2\/woo-feed-brand?post=31851"}],"curies":[{"name":"wp","href":"https:\/\/api.w.org\/{rel}","templated":true}]}}