{"id":31786,"date":"2025-06-30T12:58:50","date_gmt":"2025-06-30T10:58:50","guid":{"rendered":"https:\/\/premiumkeszulek.hu\/termek\/sirius-slt-973-halo-brushless-wi-fi-paraelszivo-szurke\/"},"modified":"2026-04-14T15:49:18","modified_gmt":"2026-04-14T13:49:18","slug":"sirius-slt-973-halo-brushless-wi-fi-paraelszivo-szurke","status":"publish","type":"product","link":"https:\/\/premiumkeszulek.hu\/en\/product\/sirius-slt-973-halo-brushless-wi-fi-paraelszivo-szurke\/","title":{"rendered":"SIRIUS SLT-973 HALO BRUSHLESS WI-FI P\u00e1raelsz\u00edv\u00f3 sz\u00fcrke"},"content":{"rendered":"<p>Az SLT-973 HALO elind\u00edtja a mennyezeti p\u00e1raelsz\u00edv\u00f3k \u00faj gener\u00e1ci\u00f3j\u00e1t. A f\u00e9ny \u00e9s az elsz\u00edv\u00e1si teljes\u00edtm\u00e9ny megtal\u00e1lta a t\u00f6k\u00e9letes egyens\u00falyt. K\u00e9t jellegzetes elem harm\u00f3ni\u00e1ban egym\u00e1ssal, \u00e9letet adva egy egyedi t\u00e1rgynak. A mind\u00f6ssze 20 cm magas sz\u00edv\u00f3rendszer teljes eg\u00e9sz\u00e9ben az \u00e1lmennyezetbe van be\u00e9p\u00edtve, \u00e9s egy sz\u00e9nkefe n\u00e9lk\u00fcli motorral van felszerelve, amely er\u0151teljes \u00e9s csendes elsz\u00edv\u00e1st tesz lehet\u0151v\u00e9. A legmodernebb LED l\u00e1mp\u00e1kkal \u00e9s nagy hat\u00e9konys\u00e1g\u00fa op\u00e1l diff\u00fazorral felszerelt vil\u00e1g\u00edt\u00f3gy\u0171r\u0171 egyenletes f\u00e9nyeloszl\u00e1st tesz lehet\u0151v\u00e9, egy felfokozott vizu\u00e1lis \u00e9lm\u00e9nnyel. SIRIUS APPLIK\u00c1CI\u00d3 A Sirius p\u00e1raelsz\u00edv\u00f3k gyors \u00e9s hat\u00e9kony vez\u00e9rl\u00e9se wi-fi kapcsolattal, mobiltelefon vagy tablet seg\u00edts\u00e9g\u00e9vel ak\u00e1r t\u00e1volr\u00f3l is. \u00c1ll\u00edthat\u00f3 a p\u00e1raelsz\u00edv\u00f3 teljes\u00edtm\u00e9nye, vil\u00e1g\u00edt\u00e1sa, speci\u00e1lis modellekn\u00e9l a leveg\u0151min\u0151s\u00e9g ellen\u0151rz\u00e9st is vez\u00e9relheti. A Sirius APP automatikusan be\u00e1ll\u00edtja a vez\u00e9rl\u00e9si funkci\u00f3kat a megv\u00e1s\u00e1rolt modellt\u0151l f\u00fcgg\u0151en. Az applik\u00e1ci\u00f3 figyelmezteti a felhaszn\u00e1l\u00f3t a sz\u00fcks\u00e9ges karbantart\u00e1si m\u0171veletekre pl.: sz\u0171r\u0151csere, tiszt\u00edt\u00e1s. Az applik\u00e1ci\u00f3 kompatibilis a Google Home \u00e9s az Alexa Vocal alkalmaz\u00e1sokkal \u00e9s k\u00e9sz\u00fcl\u00e9kekkel. Szab\u00e1lyozhat\u00f3 LED vil\u00e1g\u00edt\u00e1s P\u00e1raelsz\u00edv\u00f3ink leg\u00fajabb gener\u00e1ci\u00f3s LED-jei lehet\u0151v\u00e9 teszik a f\u00e9nyintenzit\u00e1s szab\u00e1lyoz\u00e1s\u00e1t a teljes\u00edtm\u00e9ny n\u00f6vel\u00e9s\u00e9vel vagy cs\u00f6kkent\u00e9s\u00e9vel, valamint a melegt\u0151l a hidegig terjed\u0151 sz\u00ednh\u0151m\u00e9rs\u00e9klet kiv\u00e1laszt\u00e1s\u00e1t (2700\u00b0K-t\u00f3l 6500\u00b0K-ig), \u00edgy a p\u00e1raelsz\u00edv\u00f3 vil\u00e1g\u00edt\u00e1s\u00e1t a h\u00e1ztart\u00e1si k\u00f6rnyezet f\u00e9ny\u00e9hez igaz\u00edtj\u00e1k.  <\/p>\n","protected":false},"excerpt":{"rendered":"<p>A p\u00e1raelsz\u00edv\u00f3 vez\u00e9rl\u00e9se wi-fi kapcsolattal, mobiltelefon vagy tablet seg\u00edts\u00e9g\u00e9vel.<\/p>\n<p>Vez\u00e9rl\u00e9s t\u00e1vvez\u00e9rl\u0151vel.<\/p>\n<p>Brushless: Csendes nagy teljes\u00edtm\u00e9ny\u0171 motorok, cs\u00f6kkentett zajszinttel.\u00a0<br \/>\n\t\u00a0<\/p>\n","protected":false},"featured_media":31785,"comment_status":"closed","ping_status":"closed","template":"","meta":{"_crdt_document":"","content-type":"","jetpack_post_was_ever_published":false,"jetpack_publicize_message":"","jetpack_publicize_feature_enabled":true,"jetpack_social_post_already_shared":true,"jetpack_social_options":{"image_generator_settings":{"template":"highway","default_image_id":0,"font":"","enabled":false},"version":2},"_wpas_customize_per_network":false},"product_brand":[1639],"product_cat":[1525],"product_tag":[],"woo-feed-brand":[],"class_list":{"0":"post-31786","1":"product","2":"type-product","3":"status-publish","4":"has-post-thumbnail","6":"product_brand-sirius","7":"product_cat-paraelszivok","8":"product_shipping_class-100000felett","10":"first","11":"onbackorder","12":"taxable","13":"shipping-taxable","14":"purchasable","15":"product-type-simple"},"yoast_head":"<!-- This site is optimized with the Yoast SEO Premium plugin v26.9 (Yoast SEO v27.4) - https:\/\/yoast.com\/product\/yoast-seo-premium-wordpress\/ -->\n<title>SIRIUS SLT-973 HALO BRUSHLESS WI-FI P\u00e1raelsz\u00edv\u00f3 sz\u00fcrke - Pr\u00e9miumK\u00e9sz\u00fcl\u00e9k<\/title>\n<meta name=\"description\" content=\"Fedezze fel a korszakos SIRIUS SLT-973 HALO BRUSHLESS WI-FI p\u00e1raelsz\u00edv\u00f3t! Csendes m\u0171k\u00f6d\u00e9s \u00e9s er\u0151teljes elsz\u00edv\u00e1s v\u00e1rja \u00d6nt. V\u00e1lassza most!\" \/>\n<meta name=\"robots\" content=\"index, follow, max-snippet:-1, max-image-preview:large, max-video-preview:-1\" \/>\n<link rel=\"canonical\" href=\"https:\/\/premiumkeszulek.hu\/en\/termek\/sirius-slt-973-halo-brushless-wi-fi-paraelszivo-szurke\/\" \/>\n<meta property=\"og:locale\" content=\"en_GB\" \/>\n<meta property=\"og:type\" content=\"article\" \/>\n<meta property=\"og:title\" content=\"SIRIUS SLT-973 HALO BRUSHLESS WI-FI P\u00e1raelsz\u00edv\u00f3 sz\u00fcrke\" \/>\n<meta property=\"og:description\" content=\"Fedezze fel a korszakos SIRIUS SLT-973 HALO BRUSHLESS WI-FI p\u00e1raelsz\u00edv\u00f3t! Csendes m\u0171k\u00f6d\u00e9s \u00e9s er\u0151teljes elsz\u00edv\u00e1s v\u00e1rja \u00d6nt. V\u00e1lassza most!\" \/>\n<meta property=\"og:url\" content=\"https:\/\/premiumkeszulek.hu\/en\/termek\/sirius-slt-973-halo-brushless-wi-fi-paraelszivo-szurke\/\" \/>\n<meta property=\"og:site_name\" content=\"Pr\u00e9miumK\u00e9sz\u00fcl\u00e9k\" \/>\n<meta property=\"article:publisher\" content=\"https:\/\/www.facebook.com\/konyhaluxnet\" \/>\n<meta property=\"article:modified_time\" content=\"2026-04-14T13:49:18+00:00\" \/>\n<meta property=\"og:image\" content=\"https:\/\/i0.wp.com\/premiumkeszulek.hu\/wp-content\/uploads\/2025\/06\/1-11.png?fit=800%2C800&ssl=1\" \/>\n\t<meta property=\"og:image:width\" content=\"800\" \/>\n\t<meta property=\"og:image:height\" content=\"800\" \/>\n\t<meta property=\"og:image:type\" content=\"image\/png\" \/>\n<meta name=\"twitter:card\" content=\"summary_large_image\" \/>\n<meta name=\"twitter:label1\" content=\"Price\" \/>\n\t<meta name=\"twitter:data1\" content=\"599.990&#070;&#116;\" \/>\n\t<meta name=\"twitter:label2\" content=\"Availability\" \/>\n\t<meta name=\"twitter:data2\" content=\"On back order\" \/>\n<script type=\"application\/ld+json\" class=\"yoast-schema-graph\">{\"@context\":\"https:\\\/\\\/schema.org\",\"@graph\":[{\"@type\":\"WebPage\",\"@id\":\"https:\\\/\\\/premiumkeszulek.hu\\\/hu\\\/termek\\\/sirius-slt-973-halo-brushless-wi-fi-paraelszivo-szurke\\\/\",\"url\":\"https:\\\/\\\/premiumkeszulek.hu\\\/hu\\\/termek\\\/sirius-slt-973-halo-brushless-wi-fi-paraelszivo-szurke\\\/\",\"name\":\"SIRIUS SLT-973 HALO BRUSHLESS WI-FI P\u00e1raelsz\u00edv\u00f3 sz\u00fcrke - Pr\u00e9miumK\u00e9sz\u00fcl\u00e9k\",\"isPartOf\":{\"@id\":\"https:\\\/\\\/premiumkeszulek.hu\\\/hu\\\/#website\"},\"primaryImageOfPage\":{\"@id\":\"https:\\\/\\\/premiumkeszulek.hu\\\/hu\\\/termek\\\/sirius-slt-973-halo-brushless-wi-fi-paraelszivo-szurke\\\/#primaryimage\"},\"image\":{\"@id\":\"https:\\\/\\\/premiumkeszulek.hu\\\/hu\\\/termek\\\/sirius-slt-973-halo-brushless-wi-fi-paraelszivo-szurke\\\/#primaryimage\"},\"thumbnailUrl\":\"https:\\\/\\\/i0.wp.com\\\/premiumkeszulek.hu\\\/wp-content\\\/uploads\\\/2025\\\/06\\\/1-11.png?fit=800%2C800&ssl=1\",\"datePublished\":\"2025-06-30T10:58:50+00:00\",\"dateModified\":\"2026-04-14T13:49:18+00:00\",\"description\":\"Fedezze fel a korszakos SIRIUS SLT-973 HALO BRUSHLESS WI-FI p\u00e1raelsz\u00edv\u00f3t! Csendes m\u0171k\u00f6d\u00e9s \u00e9s er\u0151teljes elsz\u00edv\u00e1s v\u00e1rja \u00d6nt. V\u00e1lassza most!\",\"breadcrumb\":{\"@id\":\"https:\\\/\\\/premiumkeszulek.hu\\\/hu\\\/termek\\\/sirius-slt-973-halo-brushless-wi-fi-paraelszivo-szurke\\\/#breadcrumb\"},\"inLanguage\":\"en-GB\",\"potentialAction\":[{\"@type\":\"ReadAction\",\"target\":[\"https:\\\/\\\/premiumkeszulek.hu\\\/hu\\\/termek\\\/sirius-slt-973-halo-brushless-wi-fi-paraelszivo-szurke\\\/\"]}]},{\"@type\":\"ImageObject\",\"inLanguage\":\"en-GB\",\"@id\":\"https:\\\/\\\/premiumkeszulek.hu\\\/hu\\\/termek\\\/sirius-slt-973-halo-brushless-wi-fi-paraelszivo-szurke\\\/#primaryimage\",\"url\":\"https:\\\/\\\/i0.wp.com\\\/premiumkeszulek.hu\\\/wp-content\\\/uploads\\\/2025\\\/06\\\/1-11.png?fit=800%2C800&ssl=1\",\"contentUrl\":\"https:\\\/\\\/i0.wp.com\\\/premiumkeszulek.hu\\\/wp-content\\\/uploads\\\/2025\\\/06\\\/1-11.png?fit=800%2C800&ssl=1\",\"width\":800,\"height\":800},{\"@type\":\"BreadcrumbList\",\"@id\":\"https:\\\/\\\/premiumkeszulek.hu\\\/hu\\\/termek\\\/sirius-slt-973-halo-brushless-wi-fi-paraelszivo-szurke\\\/#breadcrumb\",\"itemListElement\":[{\"@type\":\"ListItem\",\"position\":1,\"name\":\"Home\",\"item\":\"https:\\\/\\\/premiumkeszulek.hu\\\/hu\\\/\"},{\"@type\":\"ListItem\",\"position\":2,\"name\":\"Shop\",\"item\":\"https:\\\/\\\/premiumkeszulek.hu\\\/hu\\\/shop\\\/\"},{\"@type\":\"ListItem\",\"position\":3,\"name\":\"SIRIUS SLT-973 HALO BRUSHLESS WI-FI P\u00e1raelsz\u00edv\u00f3 sz\u00fcrke\"}]},{\"@type\":\"WebSite\",\"@id\":\"https:\\\/\\\/premiumkeszulek.hu\\\/hu\\\/#website\",\"url\":\"https:\\\/\\\/premiumkeszulek.hu\\\/hu\\\/\",\"name\":\"Pr\u00e9miumK\u00e9sz\u00fcl\u00e9k\",\"description\":\"\",\"publisher\":{\"@id\":\"https:\\\/\\\/premiumkeszulek.hu\\\/hu\\\/#organization\"},\"potentialAction\":[{\"@type\":\"SearchAction\",\"target\":{\"@type\":\"EntryPoint\",\"urlTemplate\":\"https:\\\/\\\/premiumkeszulek.hu\\\/hu\\\/?s={search_term_string}\"},\"query-input\":{\"@type\":\"PropertyValueSpecification\",\"valueRequired\":true,\"valueName\":\"search_term_string\"}}],\"inLanguage\":\"en-GB\"},{\"@type\":\"Organization\",\"@id\":\"https:\\\/\\\/premiumkeszulek.hu\\\/hu\\\/#organization\",\"name\":\"Pr\u00e9miumK\u00e9sz\u00fcl\u00e9k\",\"alternateName\":\"HPH Special Kft\",\"url\":\"https:\\\/\\\/premiumkeszulek.hu\\\/hu\\\/\",\"logo\":{\"@type\":\"ImageObject\",\"inLanguage\":\"en-GB\",\"@id\":\"https:\\\/\\\/premiumkeszulek.hu\\\/hu\\\/#\\\/schema\\\/logo\\\/image\\\/\",\"url\":\"http:\\\/\\\/premiumkeszulek.hu\\\/wp-content\\\/uploads\\\/2025\\\/03\\\/TURKIZLOGO-kicsi.png\",\"contentUrl\":\"http:\\\/\\\/premiumkeszulek.hu\\\/wp-content\\\/uploads\\\/2025\\\/03\\\/TURKIZLOGO-kicsi.png\",\"width\":1600,\"height\":547,\"caption\":\"Pr\u00e9miumK\u00e9sz\u00fcl\u00e9k\"},\"image\":{\"@id\":\"https:\\\/\\\/premiumkeszulek.hu\\\/hu\\\/#\\\/schema\\\/logo\\\/image\\\/\"},\"sameAs\":[\"https:\\\/\\\/www.facebook.com\\\/konyhaluxnet\",\"https:\\\/\\\/www.instagram.com\\\/konyhaluxnet\\\/#\"],\"email\":\"info@premiumkeszulek.hu\",\"telephone\":\"36 1 \\\/ 226-1992\",\"legalName\":\"HPH Special Kft\",\"vatID\":\"HU12549502\",\"taxID\":\"12549502\",\"hasMerchantReturnPolicy\":{\"@type\":\"MerchantReturnPolicy\",\"merchantReturnLink\":\"https:\\\/\\\/premiumkeszulek.hu\\\/en\\\/altalanos-szerzodesi-es-felhasznalasi-feltetelek\\\/\"}}]}<\/script>\n<meta property=\"product:brand\" content=\"Sirius\" \/>\n<meta property=\"product:price:amount\" content=\"599990\" \/>\n<meta property=\"product:price:currency\" content=\"HUF\" \/>\n<meta property=\"og:availability\" content=\"backorder\" \/>\n<meta property=\"product:availability\" content=\"available for order\" \/>\n<meta property=\"product:retailer_item_id\" content=\"SIR1185\" \/>\n<meta property=\"product:condition\" content=\"new\" \/>\n<!-- \/ Yoast SEO Premium plugin. -->","yoast_head_json":{"title":"SIRIUS SLT-973 HALO BRUSHLESS WI-FI P\u00e1raelsz\u00edv\u00f3 sz\u00fcrke - Pr\u00e9miumK\u00e9sz\u00fcl\u00e9k","description":"Fedezze fel a korszakos SIRIUS SLT-973 HALO BRUSHLESS WI-FI p\u00e1raelsz\u00edv\u00f3t! Csendes m\u0171k\u00f6d\u00e9s \u00e9s er\u0151teljes elsz\u00edv\u00e1s v\u00e1rja \u00d6nt. V\u00e1lassza most!","robots":{"index":"index","follow":"follow","max-snippet":"max-snippet:-1","max-image-preview":"max-image-preview:large","max-video-preview":"max-video-preview:-1"},"canonical":"https:\/\/premiumkeszulek.hu\/en\/termek\/sirius-slt-973-halo-brushless-wi-fi-paraelszivo-szurke\/","og_locale":"en_GB","og_type":"article","og_title":"SIRIUS SLT-973 HALO BRUSHLESS WI-FI P\u00e1raelsz\u00edv\u00f3 sz\u00fcrke","og_description":"Fedezze fel a korszakos SIRIUS SLT-973 HALO BRUSHLESS WI-FI p\u00e1raelsz\u00edv\u00f3t! Csendes m\u0171k\u00f6d\u00e9s \u00e9s er\u0151teljes elsz\u00edv\u00e1s v\u00e1rja \u00d6nt. V\u00e1lassza most!","og_url":"https:\/\/premiumkeszulek.hu\/en\/termek\/sirius-slt-973-halo-brushless-wi-fi-paraelszivo-szurke\/","og_site_name":"Pr\u00e9miumK\u00e9sz\u00fcl\u00e9k","article_publisher":"https:\/\/www.facebook.com\/konyhaluxnet","article_modified_time":"2026-04-14T13:49:18+00:00","og_image":[{"width":800,"height":800,"url":"https:\/\/i0.wp.com\/premiumkeszulek.hu\/wp-content\/uploads\/2025\/06\/1-11.png?fit=800%2C800&ssl=1","type":"image\/png"}],"twitter_card":"summary_large_image","twitter_misc":{"Price":"599.990&#70;&#116;","Availability":"On back order"},"schema":{"@context":"https:\/\/schema.org","@graph":[{"@type":"WebPage","@id":"https:\/\/premiumkeszulek.hu\/hu\/termek\/sirius-slt-973-halo-brushless-wi-fi-paraelszivo-szurke\/","url":"https:\/\/premiumkeszulek.hu\/hu\/termek\/sirius-slt-973-halo-brushless-wi-fi-paraelszivo-szurke\/","name":"SIRIUS SLT-973 HALO BRUSHLESS WI-FI P\u00e1raelsz\u00edv\u00f3 sz\u00fcrke - Pr\u00e9miumK\u00e9sz\u00fcl\u00e9k","isPartOf":{"@id":"https:\/\/premiumkeszulek.hu\/hu\/#website"},"primaryImageOfPage":{"@id":"https:\/\/premiumkeszulek.hu\/hu\/termek\/sirius-slt-973-halo-brushless-wi-fi-paraelszivo-szurke\/#primaryimage"},"image":{"@id":"https:\/\/premiumkeszulek.hu\/hu\/termek\/sirius-slt-973-halo-brushless-wi-fi-paraelszivo-szurke\/#primaryimage"},"thumbnailUrl":"https:\/\/i0.wp.com\/premiumkeszulek.hu\/wp-content\/uploads\/2025\/06\/1-11.png?fit=800%2C800&ssl=1","datePublished":"2025-06-30T10:58:50+00:00","dateModified":"2026-04-14T13:49:18+00:00","description":"Fedezze fel a korszakos SIRIUS SLT-973 HALO BRUSHLESS WI-FI p\u00e1raelsz\u00edv\u00f3t! Csendes m\u0171k\u00f6d\u00e9s \u00e9s er\u0151teljes elsz\u00edv\u00e1s v\u00e1rja \u00d6nt. V\u00e1lassza most!","breadcrumb":{"@id":"https:\/\/premiumkeszulek.hu\/hu\/termek\/sirius-slt-973-halo-brushless-wi-fi-paraelszivo-szurke\/#breadcrumb"},"inLanguage":"en-GB","potentialAction":[{"@type":"ReadAction","target":["https:\/\/premiumkeszulek.hu\/hu\/termek\/sirius-slt-973-halo-brushless-wi-fi-paraelszivo-szurke\/"]}]},{"@type":"ImageObject","inLanguage":"en-GB","@id":"https:\/\/premiumkeszulek.hu\/hu\/termek\/sirius-slt-973-halo-brushless-wi-fi-paraelszivo-szurke\/#primaryimage","url":"https:\/\/i0.wp.com\/premiumkeszulek.hu\/wp-content\/uploads\/2025\/06\/1-11.png?fit=800%2C800&ssl=1","contentUrl":"https:\/\/i0.wp.com\/premiumkeszulek.hu\/wp-content\/uploads\/2025\/06\/1-11.png?fit=800%2C800&ssl=1","width":800,"height":800},{"@type":"BreadcrumbList","@id":"https:\/\/premiumkeszulek.hu\/hu\/termek\/sirius-slt-973-halo-brushless-wi-fi-paraelszivo-szurke\/#breadcrumb","itemListElement":[{"@type":"ListItem","position":1,"name":"Home","item":"https:\/\/premiumkeszulek.hu\/hu\/"},{"@type":"ListItem","position":2,"name":"Shop","item":"https:\/\/premiumkeszulek.hu\/hu\/shop\/"},{"@type":"ListItem","position":3,"name":"SIRIUS SLT-973 HALO BRUSHLESS WI-FI P\u00e1raelsz\u00edv\u00f3 sz\u00fcrke"}]},{"@type":"WebSite","@id":"https:\/\/premiumkeszulek.hu\/hu\/#website","url":"https:\/\/premiumkeszulek.hu\/hu\/","name":"Pr\u00e9miumK\u00e9sz\u00fcl\u00e9k","description":"","publisher":{"@id":"https:\/\/premiumkeszulek.hu\/hu\/#organization"},"potentialAction":[{"@type":"SearchAction","target":{"@type":"EntryPoint","urlTemplate":"https:\/\/premiumkeszulek.hu\/hu\/?s={search_term_string}"},"query-input":{"@type":"PropertyValueSpecification","valueRequired":true,"valueName":"search_term_string"}}],"inLanguage":"en-GB"},{"@type":"Organization","@id":"https:\/\/premiumkeszulek.hu\/hu\/#organization","name":"Pr\u00e9miumK\u00e9sz\u00fcl\u00e9k","alternateName":"HPH Special Kft","url":"https:\/\/premiumkeszulek.hu\/hu\/","logo":{"@type":"ImageObject","inLanguage":"en-GB","@id":"https:\/\/premiumkeszulek.hu\/hu\/#\/schema\/logo\/image\/","url":"http:\/\/premiumkeszulek.hu\/wp-content\/uploads\/2025\/03\/TURKIZLOGO-kicsi.png","contentUrl":"http:\/\/premiumkeszulek.hu\/wp-content\/uploads\/2025\/03\/TURKIZLOGO-kicsi.png","width":1600,"height":547,"caption":"Pr\u00e9miumK\u00e9sz\u00fcl\u00e9k"},"image":{"@id":"https:\/\/premiumkeszulek.hu\/hu\/#\/schema\/logo\/image\/"},"sameAs":["https:\/\/www.facebook.com\/konyhaluxnet","https:\/\/www.instagram.com\/konyhaluxnet\/#"],"email":"info@premiumkeszulek.hu","telephone":"36 1 \/ 226-1992","legalName":"HPH Special Kft","vatID":"HU12549502","taxID":"12549502","hasMerchantReturnPolicy":{"@type":"MerchantReturnPolicy","merchantReturnLink":"https:\/\/premiumkeszulek.hu\/en\/altalanos-szerzodesi-es-felhasznalasi-feltetelek\/"}}]},"product_brand":"Sirius","product_price_amount":"599990","product_price_currency":"HUF","og_availability":"backorder","product_availability":"available for order","product_retailer_item_id":"SIR1185","product_condition":"new"},"jetpack_publicize_connections":[],"jetpack_likes_enabled":true,"jetpack_sharing_enabled":true,"jetpack-related-posts":[],"_links":{"self":[{"href":"https:\/\/premiumkeszulek.hu\/en\/wp-json\/wp\/v2\/product\/31786","targetHints":{"allow":["GET"]}}],"collection":[{"href":"https:\/\/premiumkeszulek.hu\/en\/wp-json\/wp\/v2\/product"}],"about":[{"href":"https:\/\/premiumkeszulek.hu\/en\/wp-json\/wp\/v2\/types\/product"}],"replies":[{"embeddable":true,"href":"https:\/\/premiumkeszulek.hu\/en\/wp-json\/wp\/v2\/comments?post=31786"}],"wp:featuredmedia":[{"embeddable":true,"href":"https:\/\/premiumkeszulek.hu\/en\/wp-json\/wp\/v2\/media\/31785"}],"wp:attachment":[{"href":"https:\/\/premiumkeszulek.hu\/en\/wp-json\/wp\/v2\/media?parent=31786"}],"wp:term":[{"taxonomy":"product_brand","embeddable":true,"href":"https:\/\/premiumkeszulek.hu\/en\/wp-json\/wp\/v2\/product_brand?post=31786"},{"taxonomy":"product_cat","embeddable":true,"href":"https:\/\/premiumkeszulek.hu\/en\/wp-json\/wp\/v2\/product_cat?post=31786"},{"taxonomy":"product_tag","embeddable":true,"href":"https:\/\/premiumkeszulek.hu\/en\/wp-json\/wp\/v2\/product_tag?post=31786"},{"taxonomy":"woo-feed-brand","embeddable":true,"href":"https:\/\/premiumkeszulek.hu\/en\/wp-json\/wp\/v2\/woo-feed-brand?post=31786"}],"curies":[{"name":"wp","href":"https:\/\/api.w.org\/{rel}","templated":true}]}}