{"id":30717,"date":"2025-05-28T15:07:44","date_gmt":"2025-05-28T13:07:44","guid":{"rendered":"https:\/\/premiumkeszulek.hu\/termek\/aeg-tp9sb831ab-proassist-steampro-9000-gozsuto-goztisztitassal-fekete\/"},"modified":"2026-04-01T19:47:31","modified_gmt":"2026-04-01T17:47:31","slug":"aeg-tp9sb831ab-proassist-steampro-9000-gozsuto-goztisztitassal-fekete","status":"publish","type":"product","link":"https:\/\/premiumkeszulek.hu\/en\/product\/aeg-tp9sb831ab-proassist-steampro-9000-gozsuto-goztisztitassal-fekete\/","title":{"rendered":"AEG TP9SB831AB ProAssist\/SteamPro 9000 g\u0151zs\u00fct\u0151 g\u0151ztiszt\u00edt\u00e1ssal fekete"},"content":{"rendered":"<p>Wifi; SteamPro g\u0151zs\u00fct\u0151; Steamify\u00ae funkci\u00f3; ProAssist funkci\u00f3; sz\u00edn: matt fekete; CookSmart Touch+ \u00e9rint\u0151kijelz\u0151(SUPEX8); automatikus programok(168); tiszt\u00edt\u00e1s: g\u0151z; 4 r\u00e9teg\u0171 \u00fcvegajt\u00f3; nett\u00f3 \u0171rtartalom: 70l; finoman csuk\u00f3d\u00f3 ajt\u00f3; teleszk\u00f3pos s\u00fct\u0151s\u00edn; magh\u0151m\u00e9r\u0151<\/p>\n<p>Elektronika funkci\u00f3i: Display Full colour TFT touch 7.8 inches 16 x 5, 167 Variety of pre-set cooking programmes &#8216;Assist&#8217;, 14 Multi Step s\u00fct\u0151funkci\u00f3, 25 Languages \/ Textdisplay, 5 Cleaning programs (steam cleaning, steam cleaning plus, descaling, drying, rinsing), marad\u00e9kh\u0151 kijelz\u00e9s (\u00b0C), Marad\u00e9kh\u0151 haszn\u00e1lat , szervizk\u00f3d, Gyors el\u00e9r\u00e9s gombok a standby k\u00e9perny\u0151n , h\u0151m\u00e9rs\u00e9klet aj\u00e1nl\u00e1s, \u00f3ra (napi id\u0151), v\u00edzkem\u00e9nys\u00e9g, Preheating (none, eco, fast), val\u00f3s h\u0151m\u00e9rs\u00e9klet kijelz\u00e9s, \u00e1ll\u00edthat\u00f3 kijlez\u0151 f\u00e9nyer\u0151, elektronikus h\u0151m\u00e9rs\u00e9klet szab\u00e1lyoz\u00f3, 3 napos mem\u00f3ria, percsz\u00e1ml\u00e1l\u00f3, magh\u0151m\u00e9r\u0151 h\u0151m\u00e9rs\u00e9klet kijelz\u00e9ssel, h\u00fash\u0151m\u00e9r\u0151 h\u0151m\u00e9rs\u00e9klet kijelz\u00e9ssel, Vezet\u00e9k n\u00e9lk\u00fcli friss\u00edt\u00e9sek (kiv\u00e9ve alaplap), val\u00f3s h\u0151m\u00e9rs\u00e9klet kijelz\u00e9s, Kikapcsolhat\u00f3 s\u00fct\u0151vil\u00e1g\u00edt\u00e1s (men\u00fcn kereszt\u00fcl vagy kezel\u0151panelen), billenty\u0171hang, f\u0151kapcsol\u00f3, magh\u0151m\u00e9r\u0151, magh\u0151m\u00e9r\u0151 h\u0151m\u00e9rs\u00e9klet kijelz\u00e9ssel, Elektronikus ajt\u00f3\u00e9rz\u00e9kel\u0151, v\u00e1laszthat\u00f3 gyors felf\u0171t\u00e9s, programozott s\u00fct\u00e9s, programozott s\u00fct\u00e9s, Clock style in standby (2 versions: digital, 7 segments), okos panel, H\u00e1tral\u00e9v\u0151 id\u0151 sz\u00e1ml\u00e1l\u00f3, demo m\u00f3d, hangjelz\u00e9s, applik\u00e1ci\u00f3 vez\u00e9rl\u00e9s, tiszt\u00edt\u00e1s figyelmeztet\u0151, Clock automatic adjustment, Eredm\u00e9nyellen\u0151rz\u00e9s (befejez\u00e9s az id\u0151tartam marad\u00e9k 10%-\u00e1ban) (marad\u00e9kh\u0151 haszn\u00e1lata k\u00e9perny\u0151n + hangjelz\u00e9s), gyerekz\u00e1r, auto kikapcsol\u00e1s (csak s\u00fct\u0151), \u00e1ll\u00edthat\u00f3 jelz\u0151hang\u00a0<\/p>\n","protected":false},"excerpt":{"rendered":"<p>als\u00f3 s\u00fct\u00e9s, kiolvaszt\u00e1s, Dehydrating, keleszt\u00e9s, Grill, Energiatakar\u00e9kos h\u0151l\u00e9gkever\u00e9s, h\u0151l\u00e9gbef\u00fav\u00e1s, H\u0151l\u00e9gkever\u00e9s &#038; Als\u00f3, H\u0151l\u00e9gkever\u00e9s &#038; Fels\u0151, Fels\u0151-als\u00f3 s\u00fct\u00e9s, melegen tart\u00e1s, t\u00e1ny\u00e9rmeleg\u00edt\u00e9s, tart\u00f3s\u00edt\u00e1s, ProSteam: Teljes g\u0151z, ProSteam: Magas g\u0151z szint, ProSteam: Alacsony g\u0151z szint, ProSteam: k\u00f6zepes g\u0151zszint, Felfriss\u00edt\u00e9s, Reheating, H\u00fass\u00fct\u00e9s, lass\u00fa s\u00fct\u00e9s, szuvid program, g\u0151z, Steamfy program, P\u00e1rol\u00e1s, Fels\u0151 s\u00fct\u00e9s<\/p>\n","protected":false},"featured_media":30716,"comment_status":"closed","ping_status":"closed","template":"","meta":{"_crdt_document":"","content-type":"","jetpack_post_was_ever_published":false,"jetpack_publicize_message":"","jetpack_publicize_feature_enabled":true,"jetpack_social_post_already_shared":true,"jetpack_social_options":{"image_generator_settings":{"template":"highway","default_image_id":0,"font":"","enabled":false},"version":2},"_wpas_customize_per_network":false},"product_brand":[1632],"product_cat":[1389,1527],"product_tag":[],"woo-feed-brand":[],"class_list":{"0":"post-30717","1":"product","2":"type-product","3":"status-publish","4":"has-post-thumbnail","6":"product_brand-aeg","7":"product_cat-beepithetosutok","8":"product_cat-sutok-es-fozolapok","9":"product_shipping_class-100000felett","11":"first","12":"onbackorder","13":"taxable","14":"shipping-taxable","15":"purchasable","16":"product-type-simple"},"yoast_head":"<!-- This site is optimized with the Yoast SEO Premium plugin v26.9 (Yoast SEO v26.9) - https:\/\/yoast.com\/product\/yoast-seo-premium-wordpress\/ -->\n<title>AEG TP9SB831AB ProAssist\/SteamPro 9000 g\u0151zs\u00fct\u0151 g\u0151ztiszt\u00edt\u00e1ssal fekete - Pr\u00e9miumK\u00e9sz\u00fcl\u00e9k<\/title>\n<meta name=\"description\" content=\"Fedezze fel az AEG TP9SB831AB SteamPro 9000 g\u0151zs\u00fct\u0151 el\u0151nyeit, amely a Steamify\u00ae funkci\u00f3val \u00e9s WiFi-vel k\u00e9sz\u00fclt. Optimaliz\u00e1lja f\u0151z\u00e9s\u00e9t most!\" \/>\n<meta name=\"robots\" content=\"index, follow, max-snippet:-1, max-image-preview:large, max-video-preview:-1\" \/>\n<link rel=\"canonical\" href=\"https:\/\/premiumkeszulek.hu\/en\/termek\/aeg-tp9sb831ab-proassist-steampro-9000-gozsuto-goztisztitassal-fekete\/\" \/>\n<meta property=\"og:locale\" content=\"en_GB\" \/>\n<meta property=\"og:type\" content=\"article\" \/>\n<meta property=\"og:title\" content=\"AEG TP9SB831AB ProAssist\/SteamPro 9000 g\u0151zs\u00fct\u0151 g\u0151ztiszt\u00edt\u00e1ssal fekete\" \/>\n<meta property=\"og:description\" content=\"Fedezze fel az AEG TP9SB831AB SteamPro 9000 g\u0151zs\u00fct\u0151 el\u0151nyeit, amely a Steamify\u00ae funkci\u00f3val \u00e9s WiFi-vel k\u00e9sz\u00fclt. Optimaliz\u00e1lja f\u0151z\u00e9s\u00e9t most!\" \/>\n<meta property=\"og:url\" content=\"https:\/\/premiumkeszulek.hu\/en\/termek\/aeg-tp9sb831ab-proassist-steampro-9000-gozsuto-goztisztitassal-fekete\/\" \/>\n<meta property=\"og:site_name\" content=\"Pr\u00e9miumK\u00e9sz\u00fcl\u00e9k\" \/>\n<meta property=\"article:publisher\" content=\"https:\/\/www.facebook.com\/konyhaluxnet\" \/>\n<meta property=\"article:modified_time\" content=\"2026-04-01T17:47:31+00:00\" \/>\n<meta property=\"og:image\" content=\"https:\/\/i0.wp.com\/premiumkeszulek.hu\/wp-content\/uploads\/2025\/05\/TP9SB831AB-111.png?fit=800%2C800&ssl=1\" \/>\n\t<meta property=\"og:image:width\" content=\"800\" \/>\n\t<meta property=\"og:image:height\" content=\"800\" \/>\n\t<meta property=\"og:image:type\" content=\"image\/png\" \/>\n<meta name=\"twitter:card\" content=\"summary_large_image\" \/>\n<meta name=\"twitter:label1\" content=\"Price\" \/>\n\t<meta name=\"twitter:data1\" content=\"575.900&#070;&#116;\" \/>\n\t<meta name=\"twitter:label2\" content=\"Availability\" \/>\n\t<meta name=\"twitter:data2\" content=\"On back order\" \/>\n<script type=\"application\/ld+json\" class=\"yoast-schema-graph\">{\"@context\":\"https:\/\/schema.org\",\"@graph\":[{\"@type\":\"WebPage\",\"@id\":\"https:\/\/premiumkeszulek.hu\/hu\/termek\/aeg-tp9sb831ab-proassist-steampro-9000-gozsuto-goztisztitassal-fekete\/\",\"url\":\"https:\/\/premiumkeszulek.hu\/hu\/termek\/aeg-tp9sb831ab-proassist-steampro-9000-gozsuto-goztisztitassal-fekete\/\",\"name\":\"AEG TP9SB831AB ProAssist\/SteamPro 9000 g\u0151zs\u00fct\u0151 g\u0151ztiszt\u00edt\u00e1ssal fekete - Pr\u00e9miumK\u00e9sz\u00fcl\u00e9k\",\"isPartOf\":{\"@id\":\"https:\/\/premiumkeszulek.hu\/en\/#website\"},\"primaryImageOfPage\":{\"@id\":\"https:\/\/premiumkeszulek.hu\/hu\/termek\/aeg-tp9sb831ab-proassist-steampro-9000-gozsuto-goztisztitassal-fekete\/#primaryimage\"},\"image\":{\"@id\":\"https:\/\/premiumkeszulek.hu\/hu\/termek\/aeg-tp9sb831ab-proassist-steampro-9000-gozsuto-goztisztitassal-fekete\/#primaryimage\"},\"thumbnailUrl\":\"https:\/\/i0.wp.com\/premiumkeszulek.hu\/wp-content\/uploads\/2025\/05\/TP9SB831AB-111.png?fit=800%2C800&ssl=1\",\"datePublished\":\"2025-05-28T13:07:44+00:00\",\"dateModified\":\"2026-04-01T17:47:31+00:00\",\"description\":\"Fedezze fel az AEG TP9SB831AB SteamPro 9000 g\u0151zs\u00fct\u0151 el\u0151nyeit, amely a Steamify\u00ae funkci\u00f3val \u00e9s WiFi-vel k\u00e9sz\u00fclt. Optimaliz\u00e1lja f\u0151z\u00e9s\u00e9t most!\",\"breadcrumb\":{\"@id\":\"https:\/\/premiumkeszulek.hu\/hu\/termek\/aeg-tp9sb831ab-proassist-steampro-9000-gozsuto-goztisztitassal-fekete\/#breadcrumb\"},\"inLanguage\":\"en-GB\",\"potentialAction\":[{\"@type\":\"ReadAction\",\"target\":[\"https:\/\/premiumkeszulek.hu\/hu\/termek\/aeg-tp9sb831ab-proassist-steampro-9000-gozsuto-goztisztitassal-fekete\/\"]}]},{\"@type\":\"ImageObject\",\"inLanguage\":\"en-GB\",\"@id\":\"https:\/\/premiumkeszulek.hu\/hu\/termek\/aeg-tp9sb831ab-proassist-steampro-9000-gozsuto-goztisztitassal-fekete\/#primaryimage\",\"url\":\"https:\/\/i0.wp.com\/premiumkeszulek.hu\/wp-content\/uploads\/2025\/05\/TP9SB831AB-111.png?fit=800%2C800&ssl=1\",\"contentUrl\":\"https:\/\/i0.wp.com\/premiumkeszulek.hu\/wp-content\/uploads\/2025\/05\/TP9SB831AB-111.png?fit=800%2C800&ssl=1\",\"width\":800,\"height\":800},{\"@type\":\"BreadcrumbList\",\"@id\":\"https:\/\/premiumkeszulek.hu\/hu\/termek\/aeg-tp9sb831ab-proassist-steampro-9000-gozsuto-goztisztitassal-fekete\/#breadcrumb\",\"itemListElement\":[{\"@type\":\"ListItem\",\"position\":1,\"name\":\"Home\",\"item\":\"https:\/\/premiumkeszulek.hu\/en\/\"},{\"@type\":\"ListItem\",\"position\":2,\"name\":\"Shop\",\"item\":\"https:\/\/premiumkeszulek.hu\/en\/shop\/\"},{\"@type\":\"ListItem\",\"position\":3,\"name\":\"AEG TP9SB831AB ProAssist\/SteamPro 9000 g\u0151zs\u00fct\u0151 g\u0151ztiszt\u00edt\u00e1ssal fekete\"}]},{\"@type\":\"WebSite\",\"@id\":\"https:\/\/premiumkeszulek.hu\/en\/#website\",\"url\":\"https:\/\/premiumkeszulek.hu\/en\/\",\"name\":\"Pr\u00e9miumK\u00e9sz\u00fcl\u00e9k\",\"description\":\"\",\"publisher\":{\"@id\":\"https:\/\/premiumkeszulek.hu\/en\/#organization\"},\"potentialAction\":[{\"@type\":\"SearchAction\",\"target\":{\"@type\":\"EntryPoint\",\"urlTemplate\":\"https:\/\/premiumkeszulek.hu\/en\/?s={search_term_string}\"},\"query-input\":{\"@type\":\"PropertyValueSpecification\",\"valueRequired\":true,\"valueName\":\"search_term_string\"}}],\"inLanguage\":\"en-GB\"},{\"@type\":\"Organization\",\"@id\":\"https:\/\/premiumkeszulek.hu\/en\/#organization\",\"name\":\"Pr\u00e9miumK\u00e9sz\u00fcl\u00e9k\",\"alternateName\":\"HPH Special Kft\",\"url\":\"https:\/\/premiumkeszulek.hu\/en\/\",\"logo\":{\"@type\":\"ImageObject\",\"inLanguage\":\"en-GB\",\"@id\":\"https:\/\/premiumkeszulek.hu\/en\/#\/schema\/logo\/image\/\",\"url\":\"http:\/\/premiumkeszulek.hu\/wp-content\/uploads\/2025\/03\/TURKIZLOGO-kicsi.png\",\"contentUrl\":\"http:\/\/premiumkeszulek.hu\/wp-content\/uploads\/2025\/03\/TURKIZLOGO-kicsi.png\",\"width\":1600,\"height\":547,\"caption\":\"Pr\u00e9miumK\u00e9sz\u00fcl\u00e9k\"},\"image\":{\"@id\":\"https:\/\/premiumkeszulek.hu\/en\/#\/schema\/logo\/image\/\"},\"sameAs\":[\"https:\/\/www.facebook.com\/konyhaluxnet\",\"https:\/\/www.instagram.com\/konyhaluxnet\/#\"],\"email\":\"info@premiumkeszulek.hu\",\"telephone\":\"36 1 \/ 226-1992\",\"legalName\":\"HPH Special Kft\",\"vatID\":\"HU12549502\",\"taxID\":\"12549502\",\"hasMerchantReturnPolicy\":{\"@type\":\"MerchantReturnPolicy\",\"merchantReturnLink\":\"https:\/\/premiumkeszulek.hu\/en\/altalanos-szerzodesi-es-felhasznalasi-feltetelek\/\"}}]}<\/script>\n<meta property=\"product:brand\" content=\"AEG\" \/>\n<meta property=\"product:price:amount\" content=\"575900\" \/>\n<meta property=\"product:price:currency\" content=\"HUF\" \/>\n<meta property=\"og:availability\" content=\"backorder\" \/>\n<meta property=\"product:availability\" content=\"available for order\" \/>\n<meta property=\"product:retailer_item_id\" content=\"944035112\" \/>\n<meta property=\"product:condition\" content=\"new\" \/>\n<!-- \/ Yoast SEO Premium plugin. -->","yoast_head_json":{"title":"AEG TP9SB831AB ProAssist\/SteamPro 9000 g\u0151zs\u00fct\u0151 g\u0151ztiszt\u00edt\u00e1ssal fekete - Pr\u00e9miumK\u00e9sz\u00fcl\u00e9k","description":"Fedezze fel az AEG TP9SB831AB SteamPro 9000 g\u0151zs\u00fct\u0151 el\u0151nyeit, amely a Steamify\u00ae funkci\u00f3val \u00e9s WiFi-vel k\u00e9sz\u00fclt. Optimaliz\u00e1lja f\u0151z\u00e9s\u00e9t most!","robots":{"index":"index","follow":"follow","max-snippet":"max-snippet:-1","max-image-preview":"max-image-preview:large","max-video-preview":"max-video-preview:-1"},"canonical":"https:\/\/premiumkeszulek.hu\/en\/termek\/aeg-tp9sb831ab-proassist-steampro-9000-gozsuto-goztisztitassal-fekete\/","og_locale":"en_GB","og_type":"article","og_title":"AEG TP9SB831AB ProAssist\/SteamPro 9000 g\u0151zs\u00fct\u0151 g\u0151ztiszt\u00edt\u00e1ssal fekete","og_description":"Fedezze fel az AEG TP9SB831AB SteamPro 9000 g\u0151zs\u00fct\u0151 el\u0151nyeit, amely a Steamify\u00ae funkci\u00f3val \u00e9s WiFi-vel k\u00e9sz\u00fclt. Optimaliz\u00e1lja f\u0151z\u00e9s\u00e9t most!","og_url":"https:\/\/premiumkeszulek.hu\/en\/termek\/aeg-tp9sb831ab-proassist-steampro-9000-gozsuto-goztisztitassal-fekete\/","og_site_name":"Pr\u00e9miumK\u00e9sz\u00fcl\u00e9k","article_publisher":"https:\/\/www.facebook.com\/konyhaluxnet","article_modified_time":"2026-04-01T17:47:31+00:00","og_image":[{"width":800,"height":800,"url":"https:\/\/i0.wp.com\/premiumkeszulek.hu\/wp-content\/uploads\/2025\/05\/TP9SB831AB-111.png?fit=800%2C800&ssl=1","type":"image\/png"}],"twitter_card":"summary_large_image","twitter_misc":{"Price":"575.900&#70;&#116;","Availability":"On back order"},"schema":{"@context":"https:\/\/schema.org","@graph":[{"@type":"WebPage","@id":"https:\/\/premiumkeszulek.hu\/hu\/termek\/aeg-tp9sb831ab-proassist-steampro-9000-gozsuto-goztisztitassal-fekete\/","url":"https:\/\/premiumkeszulek.hu\/hu\/termek\/aeg-tp9sb831ab-proassist-steampro-9000-gozsuto-goztisztitassal-fekete\/","name":"AEG TP9SB831AB ProAssist\/SteamPro 9000 g\u0151zs\u00fct\u0151 g\u0151ztiszt\u00edt\u00e1ssal fekete - Pr\u00e9miumK\u00e9sz\u00fcl\u00e9k","isPartOf":{"@id":"https:\/\/premiumkeszulek.hu\/en\/#website"},"primaryImageOfPage":{"@id":"https:\/\/premiumkeszulek.hu\/hu\/termek\/aeg-tp9sb831ab-proassist-steampro-9000-gozsuto-goztisztitassal-fekete\/#primaryimage"},"image":{"@id":"https:\/\/premiumkeszulek.hu\/hu\/termek\/aeg-tp9sb831ab-proassist-steampro-9000-gozsuto-goztisztitassal-fekete\/#primaryimage"},"thumbnailUrl":"https:\/\/i0.wp.com\/premiumkeszulek.hu\/wp-content\/uploads\/2025\/05\/TP9SB831AB-111.png?fit=800%2C800&ssl=1","datePublished":"2025-05-28T13:07:44+00:00","dateModified":"2026-04-01T17:47:31+00:00","description":"Fedezze fel az AEG TP9SB831AB SteamPro 9000 g\u0151zs\u00fct\u0151 el\u0151nyeit, amely a Steamify\u00ae funkci\u00f3val \u00e9s WiFi-vel k\u00e9sz\u00fclt. Optimaliz\u00e1lja f\u0151z\u00e9s\u00e9t most!","breadcrumb":{"@id":"https:\/\/premiumkeszulek.hu\/hu\/termek\/aeg-tp9sb831ab-proassist-steampro-9000-gozsuto-goztisztitassal-fekete\/#breadcrumb"},"inLanguage":"en-GB","potentialAction":[{"@type":"ReadAction","target":["https:\/\/premiumkeszulek.hu\/hu\/termek\/aeg-tp9sb831ab-proassist-steampro-9000-gozsuto-goztisztitassal-fekete\/"]}]},{"@type":"ImageObject","inLanguage":"en-GB","@id":"https:\/\/premiumkeszulek.hu\/hu\/termek\/aeg-tp9sb831ab-proassist-steampro-9000-gozsuto-goztisztitassal-fekete\/#primaryimage","url":"https:\/\/i0.wp.com\/premiumkeszulek.hu\/wp-content\/uploads\/2025\/05\/TP9SB831AB-111.png?fit=800%2C800&ssl=1","contentUrl":"https:\/\/i0.wp.com\/premiumkeszulek.hu\/wp-content\/uploads\/2025\/05\/TP9SB831AB-111.png?fit=800%2C800&ssl=1","width":800,"height":800},{"@type":"BreadcrumbList","@id":"https:\/\/premiumkeszulek.hu\/hu\/termek\/aeg-tp9sb831ab-proassist-steampro-9000-gozsuto-goztisztitassal-fekete\/#breadcrumb","itemListElement":[{"@type":"ListItem","position":1,"name":"Home","item":"https:\/\/premiumkeszulek.hu\/en\/"},{"@type":"ListItem","position":2,"name":"Shop","item":"https:\/\/premiumkeszulek.hu\/en\/shop\/"},{"@type":"ListItem","position":3,"name":"AEG TP9SB831AB ProAssist\/SteamPro 9000 g\u0151zs\u00fct\u0151 g\u0151ztiszt\u00edt\u00e1ssal fekete"}]},{"@type":"WebSite","@id":"https:\/\/premiumkeszulek.hu\/en\/#website","url":"https:\/\/premiumkeszulek.hu\/en\/","name":"Pr\u00e9miumK\u00e9sz\u00fcl\u00e9k","description":"","publisher":{"@id":"https:\/\/premiumkeszulek.hu\/en\/#organization"},"potentialAction":[{"@type":"SearchAction","target":{"@type":"EntryPoint","urlTemplate":"https:\/\/premiumkeszulek.hu\/en\/?s={search_term_string}"},"query-input":{"@type":"PropertyValueSpecification","valueRequired":true,"valueName":"search_term_string"}}],"inLanguage":"en-GB"},{"@type":"Organization","@id":"https:\/\/premiumkeszulek.hu\/en\/#organization","name":"Pr\u00e9miumK\u00e9sz\u00fcl\u00e9k","alternateName":"HPH Special Kft","url":"https:\/\/premiumkeszulek.hu\/en\/","logo":{"@type":"ImageObject","inLanguage":"en-GB","@id":"https:\/\/premiumkeszulek.hu\/en\/#\/schema\/logo\/image\/","url":"http:\/\/premiumkeszulek.hu\/wp-content\/uploads\/2025\/03\/TURKIZLOGO-kicsi.png","contentUrl":"http:\/\/premiumkeszulek.hu\/wp-content\/uploads\/2025\/03\/TURKIZLOGO-kicsi.png","width":1600,"height":547,"caption":"Pr\u00e9miumK\u00e9sz\u00fcl\u00e9k"},"image":{"@id":"https:\/\/premiumkeszulek.hu\/en\/#\/schema\/logo\/image\/"},"sameAs":["https:\/\/www.facebook.com\/konyhaluxnet","https:\/\/www.instagram.com\/konyhaluxnet\/#"],"email":"info@premiumkeszulek.hu","telephone":"36 1 \/ 226-1992","legalName":"HPH Special Kft","vatID":"HU12549502","taxID":"12549502","hasMerchantReturnPolicy":{"@type":"MerchantReturnPolicy","merchantReturnLink":"https:\/\/premiumkeszulek.hu\/en\/altalanos-szerzodesi-es-felhasznalasi-feltetelek\/"}}]},"product_brand":"AEG","product_price_amount":"575900","product_price_currency":"HUF","og_availability":"backorder","product_availability":"available for order","product_retailer_item_id":"944035112","product_condition":"new"},"jetpack_publicize_connections":[],"jetpack_likes_enabled":true,"jetpack_sharing_enabled":true,"jetpack-related-posts":[],"_links":{"self":[{"href":"https:\/\/premiumkeszulek.hu\/en\/wp-json\/wp\/v2\/product\/30717","targetHints":{"allow":["GET"]}}],"collection":[{"href":"https:\/\/premiumkeszulek.hu\/en\/wp-json\/wp\/v2\/product"}],"about":[{"href":"https:\/\/premiumkeszulek.hu\/en\/wp-json\/wp\/v2\/types\/product"}],"replies":[{"embeddable":true,"href":"https:\/\/premiumkeszulek.hu\/en\/wp-json\/wp\/v2\/comments?post=30717"}],"wp:featuredmedia":[{"embeddable":true,"href":"https:\/\/premiumkeszulek.hu\/en\/wp-json\/wp\/v2\/media\/30716"}],"wp:attachment":[{"href":"https:\/\/premiumkeszulek.hu\/en\/wp-json\/wp\/v2\/media?parent=30717"}],"wp:term":[{"taxonomy":"product_brand","embeddable":true,"href":"https:\/\/premiumkeszulek.hu\/en\/wp-json\/wp\/v2\/product_brand?post=30717"},{"taxonomy":"product_cat","embeddable":true,"href":"https:\/\/premiumkeszulek.hu\/en\/wp-json\/wp\/v2\/product_cat?post=30717"},{"taxonomy":"product_tag","embeddable":true,"href":"https:\/\/premiumkeszulek.hu\/en\/wp-json\/wp\/v2\/product_tag?post=30717"},{"taxonomy":"woo-feed-brand","embeddable":true,"href":"https:\/\/premiumkeszulek.hu\/en\/wp-json\/wp\/v2\/woo-feed-brand?post=30717"}],"curies":[{"name":"wp","href":"https:\/\/api.w.org\/{rel}","templated":true}]}}