{"id":16960,"date":"2025-05-18T14:58:07","date_gmt":"2025-05-18T12:58:07","guid":{"rendered":"https:\/\/premiumkeszulek.hu\/termek\/electrolux-eec87400w-beepitheto-mosogatogep-comfortlift-quickselect-kezelopanel-maxiflex-fiok-14-teritek-airdry\/"},"modified":"2026-04-01T19:48:46","modified_gmt":"2026-04-01T17:48:46","slug":"electrolux-eec87400w-beepitheto-mosogatogep-comfortlift-quickselect-kezelopanel-maxiflex-fiok-14-teritek-airdry","status":"publish","type":"product","link":"https:\/\/premiumkeszulek.hu\/en\/product\/electrolux-eec87400w-beepitheto-mosogatogep-comfortlift-quickselect-kezelopanel-maxiflex-fiok-14-teritek-airdry\/","title":{"rendered":"Electrolux EEC87400W, Be\u00e9p\u00edthet\u0151 mosogat\u00f3g\u00e9p, ComfortLift, Quickselect kezel\u0151panel, MaxiFlex fi\u00f3k, 14 ter\u00edt\u00e9k, AirDry"},"content":{"rendered":"<p>\u00a0TFT kijelz\u0151,<br \/>\n\u00a0QuickSelect kezel\u0151panel,<br \/>\n\u00a0Wifi kapcsol\u00f3d\u00e1s,<br \/>\n\u00a0SensorControl,<br \/>\n\u00a0FuzzyLogic rendszer,<br \/>\n\u00a0automatikus kikapcsol\u00e1s,<br \/>\n\u00a0bels\u0151 vil\u00e1g\u00edt\u00e1s,<br \/>\n\u00a0k\u00e9sleltetett ind\u00edt\u00e1s (1-24 \u00f3ra),<br \/>\n\u00a0s\u00f3- \u00e9s \u00f6bl\u00edt\u0151szer hi\u00e1ny kijelz\u00e9s,<br \/>\n\u00a0Time Beam jelz\u00e9s a padl\u00f3n,<br \/>\n\u00a0ev\u0151eszk\u00f6z tart\u00f3 polc: k\u00e9start\u00f3, MaxiFlex fi\u00f3k, kivehet\u0151 fi\u00f3koszt\u00f3,<br \/>\n\u00a0fels\u0151 kos\u00e1r: 2 lehajthat\u00f3 tart\u00f3, 2 lehajthat\u00f3 dr\u00f3t poharakhoz, 2 SoftSpikes t\u00fcskesor, 6 borospoh\u00e1r r\u00f6gz\u00edt\u0151 gumigy\u0171r\u0171, lehajthat\u00f3 poh\u00e1rtart\u00f3k, rozsdamentes foganty\u00fa,<br \/>\n\u00a0als\u00f3 kos\u00e1r: 4 lehajthat\u00f3 t\u00e1ny\u00e9rtart\u00f3, Comfort Lift, rozsdamentes foganty\u00fa,<br \/>\n\u00a0AirDry sz\u00e1r\u00edt\u00e1si rendszer,<br \/>\n\u00a0AquaControl v\u00edzel\u00e1raszt\u00e1s elleni v\u00e9delem,<br \/>\n\u00a0fels\u0151 zuhany,<br \/>\n\u00a0als\u00f3 szatelit sz\u00f3r\u00f3kar,<br \/>\n\u00a0v\u00edzfogyaszt\u00e1s: 11 liter,<br \/>\n\u00a0inverteres motor,<br \/>\n\u00a0zajszint: 42 dB(A),<br \/>\n\u00a0energiaoszt\u00e1ly: C,<br \/>\n\u00a0m\u00e9retek (mag.sz\u00e9l.m\u00e9ly.): 818600560 mm<\/p>\n","protected":false},"excerpt":{"rendered":"<p>8 program: 160 perc, 60 perc, 90 perc, Auto Sense, Eco, tiszt\u00edt\u00e1s, gyors 30 perc, \u00f6bl\u00edt\u00e9s &#8211; tart\u00e1s,<br \/>\n\u00a04 h\u0151m\u00e9rs\u00e9klet,<\/p>\n","protected":false},"featured_media":16959,"comment_status":"closed","ping_status":"closed","template":"","meta":{"_crdt_document":"","content-type":"","jetpack_post_was_ever_published":false,"jetpack_publicize_message":"","jetpack_publicize_feature_enabled":true,"jetpack_social_post_already_shared":true,"jetpack_social_options":{"image_generator_settings":{"template":"highway","default_image_id":0,"font":"","enabled":false},"version":2},"_wpas_customize_per_network":false},"product_brand":[7625],"product_cat":[1385,1384],"product_tag":[],"woo-feed-brand":[],"class_list":{"0":"post-16960","1":"product","2":"type-product","3":"status-publish","4":"has-post-thumbnail","6":"product_brand-electrolux","7":"product_cat-beepithetomosogatogep","8":"product_cat-mosogatogep","9":"product_shipping_class-100000felett","11":"first","12":"onbackorder","13":"taxable","14":"shipping-taxable","15":"purchasable","16":"product-type-simple"},"yoast_head":"<!-- This site is optimized with the Yoast SEO Premium plugin v26.9 (Yoast SEO v26.9) - https:\/\/yoast.com\/product\/yoast-seo-premium-wordpress\/ -->\n<title>Electrolux EEC87400W, Be\u00e9p\u00edthet\u0151 mosogat\u00f3g\u00e9p, ComfortLift, Quickselect kezel\u0151panel, MaxiFlex fi\u00f3k, 14 ter\u00edt\u00e9k, AirDry - Pr\u00e9miumK\u00e9sz\u00fcl\u00e9k<\/title>\n<meta name=\"description\" content=\"Fedezze fel az Electrolux EEC87400W Be\u00e9p\u00edthet\u0151 mosogat\u00f3g\u00e9p gyors \u00e9s hat\u00e9kony teljes\u00edtm\u00e9ny\u00e9t! \u00c9lvezze a Wifi kapcsol\u00f3d\u00e1s el\u0151nyeit.\" \/>\n<meta name=\"robots\" content=\"index, follow, max-snippet:-1, max-image-preview:large, max-video-preview:-1\" \/>\n<link rel=\"canonical\" href=\"http:\/\/premiumkeszulek.hu\/en\/termek\/electrolux-eec87400w-beepitheto-mosogatogep-comfortlift-quickselect-kezelopanel-maxiflex-fiok-14-teritek-airdry\/\" \/>\n<meta property=\"og:locale\" content=\"en_GB\" \/>\n<meta property=\"og:type\" content=\"article\" \/>\n<meta property=\"og:title\" content=\"Electrolux EEC87400W, Be\u00e9p\u00edthet\u0151 mosogat\u00f3g\u00e9p, ComfortLift, Quickselect kezel\u0151panel, MaxiFlex fi\u00f3k, 14 ter\u00edt\u00e9k, AirDry\" \/>\n<meta property=\"og:description\" content=\"Fedezze fel az Electrolux EEC87400W Be\u00e9p\u00edthet\u0151 mosogat\u00f3g\u00e9p gyors \u00e9s hat\u00e9kony teljes\u00edtm\u00e9ny\u00e9t! \u00c9lvezze a Wifi kapcsol\u00f3d\u00e1s el\u0151nyeit.\" \/>\n<meta property=\"og:url\" content=\"http:\/\/premiumkeszulek.hu\/en\/termek\/electrolux-eec87400w-beepitheto-mosogatogep-comfortlift-quickselect-kezelopanel-maxiflex-fiok-14-teritek-airdry\/\" \/>\n<meta property=\"og:site_name\" content=\"Pr\u00e9miumK\u00e9sz\u00fcl\u00e9k\" \/>\n<meta property=\"article:publisher\" content=\"https:\/\/www.facebook.com\/konyhaluxnet\" \/>\n<meta property=\"article:modified_time\" content=\"2026-04-01T17:48:46+00:00\" \/>\n<meta property=\"og:image\" content=\"https:\/\/i0.wp.com\/premiumkeszulek.hu\/wp-content\/uploads\/2025\/05\/eec87400w.jpg?fit=800%2C800\" \/>\n\t<meta property=\"og:image:width\" content=\"800\" \/>\n\t<meta property=\"og:image:height\" content=\"800\" \/>\n\t<meta property=\"og:image:type\" content=\"image\/jpeg\" \/>\n<meta name=\"twitter:card\" content=\"summary_large_image\" \/>\n<meta name=\"twitter:label1\" content=\"Price\" \/>\n\t<meta name=\"twitter:data1\" content=\"408.991&#070;&#116;\" \/>\n\t<meta name=\"twitter:label2\" content=\"Availability\" \/>\n\t<meta name=\"twitter:data2\" content=\"On back order\" \/>\n<script type=\"application\/ld+json\" class=\"yoast-schema-graph\">{\"@context\":\"https:\/\/schema.org\",\"@graph\":[{\"@type\":\"WebPage\",\"@id\":\"http:\/\/premiumkeszulek.hu\/hu\/termek\/electrolux-eec87400w-beepitheto-mosogatogep-comfortlift-quickselect-kezelopanel-maxiflex-fiok-14-teritek-airdry\/\",\"url\":\"http:\/\/premiumkeszulek.hu\/hu\/termek\/electrolux-eec87400w-beepitheto-mosogatogep-comfortlift-quickselect-kezelopanel-maxiflex-fiok-14-teritek-airdry\/\",\"name\":\"Electrolux EEC87400W, Be\u00e9p\u00edthet\u0151 mosogat\u00f3g\u00e9p, ComfortLift, Quickselect kezel\u0151panel, MaxiFlex fi\u00f3k, 14 ter\u00edt\u00e9k, AirDry - Pr\u00e9miumK\u00e9sz\u00fcl\u00e9k\",\"isPartOf\":{\"@id\":\"https:\/\/premiumkeszulek.hu\/en\/#website\"},\"primaryImageOfPage\":{\"@id\":\"http:\/\/premiumkeszulek.hu\/hu\/termek\/electrolux-eec87400w-beepitheto-mosogatogep-comfortlift-quickselect-kezelopanel-maxiflex-fiok-14-teritek-airdry\/#primaryimage\"},\"image\":{\"@id\":\"http:\/\/premiumkeszulek.hu\/hu\/termek\/electrolux-eec87400w-beepitheto-mosogatogep-comfortlift-quickselect-kezelopanel-maxiflex-fiok-14-teritek-airdry\/#primaryimage\"},\"thumbnailUrl\":\"https:\/\/i0.wp.com\/premiumkeszulek.hu\/wp-content\/uploads\/2025\/05\/eec87400w.jpg?fit=800%2C800&ssl=1\",\"datePublished\":\"2025-05-18T12:58:07+00:00\",\"dateModified\":\"2026-04-01T17:48:46+00:00\",\"description\":\"Fedezze fel az Electrolux EEC87400W Be\u00e9p\u00edthet\u0151 mosogat\u00f3g\u00e9p gyors \u00e9s hat\u00e9kony teljes\u00edtm\u00e9ny\u00e9t! \u00c9lvezze a Wifi kapcsol\u00f3d\u00e1s el\u0151nyeit.\",\"breadcrumb\":{\"@id\":\"http:\/\/premiumkeszulek.hu\/hu\/termek\/electrolux-eec87400w-beepitheto-mosogatogep-comfortlift-quickselect-kezelopanel-maxiflex-fiok-14-teritek-airdry\/#breadcrumb\"},\"inLanguage\":\"en-GB\",\"potentialAction\":[{\"@type\":\"ReadAction\",\"target\":[\"http:\/\/premiumkeszulek.hu\/hu\/termek\/electrolux-eec87400w-beepitheto-mosogatogep-comfortlift-quickselect-kezelopanel-maxiflex-fiok-14-teritek-airdry\/\"]}]},{\"@type\":\"ImageObject\",\"inLanguage\":\"en-GB\",\"@id\":\"http:\/\/premiumkeszulek.hu\/hu\/termek\/electrolux-eec87400w-beepitheto-mosogatogep-comfortlift-quickselect-kezelopanel-maxiflex-fiok-14-teritek-airdry\/#primaryimage\",\"url\":\"https:\/\/i0.wp.com\/premiumkeszulek.hu\/wp-content\/uploads\/2025\/05\/eec87400w.jpg?fit=800%2C800&ssl=1\",\"contentUrl\":\"https:\/\/i0.wp.com\/premiumkeszulek.hu\/wp-content\/uploads\/2025\/05\/eec87400w.jpg?fit=800%2C800&ssl=1\",\"width\":800,\"height\":800},{\"@type\":\"BreadcrumbList\",\"@id\":\"http:\/\/premiumkeszulek.hu\/hu\/termek\/electrolux-eec87400w-beepitheto-mosogatogep-comfortlift-quickselect-kezelopanel-maxiflex-fiok-14-teritek-airdry\/#breadcrumb\",\"itemListElement\":[{\"@type\":\"ListItem\",\"position\":1,\"name\":\"Home\",\"item\":\"https:\/\/premiumkeszulek.hu\/en\/\"},{\"@type\":\"ListItem\",\"position\":2,\"name\":\"Shop\",\"item\":\"https:\/\/premiumkeszulek.hu\/en\/shop\/\"},{\"@type\":\"ListItem\",\"position\":3,\"name\":\"Electrolux EEC87400W, Be\u00e9p\u00edthet\u0151 mosogat\u00f3g\u00e9p, ComfortLift, Quickselect kezel\u0151panel, MaxiFlex fi\u00f3k, 14 ter\u00edt\u00e9k, AirDry\"}]},{\"@type\":\"WebSite\",\"@id\":\"https:\/\/premiumkeszulek.hu\/en\/#website\",\"url\":\"https:\/\/premiumkeszulek.hu\/en\/\",\"name\":\"Pr\u00e9miumK\u00e9sz\u00fcl\u00e9k\",\"description\":\"\",\"publisher\":{\"@id\":\"https:\/\/premiumkeszulek.hu\/en\/#organization\"},\"potentialAction\":[{\"@type\":\"SearchAction\",\"target\":{\"@type\":\"EntryPoint\",\"urlTemplate\":\"https:\/\/premiumkeszulek.hu\/en\/?s={search_term_string}\"},\"query-input\":{\"@type\":\"PropertyValueSpecification\",\"valueRequired\":true,\"valueName\":\"search_term_string\"}}],\"inLanguage\":\"en-GB\"},{\"@type\":\"Organization\",\"@id\":\"https:\/\/premiumkeszulek.hu\/en\/#organization\",\"name\":\"Pr\u00e9miumK\u00e9sz\u00fcl\u00e9k\",\"alternateName\":\"HPH Special Kft\",\"url\":\"https:\/\/premiumkeszulek.hu\/en\/\",\"logo\":{\"@type\":\"ImageObject\",\"inLanguage\":\"en-GB\",\"@id\":\"https:\/\/premiumkeszulek.hu\/en\/#\/schema\/logo\/image\/\",\"url\":\"http:\/\/premiumkeszulek.hu\/wp-content\/uploads\/2025\/03\/TURKIZLOGO-kicsi.png\",\"contentUrl\":\"http:\/\/premiumkeszulek.hu\/wp-content\/uploads\/2025\/03\/TURKIZLOGO-kicsi.png\",\"width\":1600,\"height\":547,\"caption\":\"Pr\u00e9miumK\u00e9sz\u00fcl\u00e9k\"},\"image\":{\"@id\":\"https:\/\/premiumkeszulek.hu\/en\/#\/schema\/logo\/image\/\"},\"sameAs\":[\"https:\/\/www.facebook.com\/konyhaluxnet\",\"https:\/\/www.instagram.com\/konyhaluxnet\/#\"],\"email\":\"info@premiumkeszulek.hu\",\"telephone\":\"36 1 \/ 226-1992\",\"legalName\":\"HPH Special Kft\",\"vatID\":\"HU12549502\",\"taxID\":\"12549502\",\"hasMerchantReturnPolicy\":{\"@type\":\"MerchantReturnPolicy\",\"merchantReturnLink\":\"https:\/\/premiumkeszulek.hu\/en\/altalanos-szerzodesi-es-felhasznalasi-feltetelek\/\"}}]}<\/script>\n<meta property=\"product:brand\" content=\"Electrolux\" \/>\n<meta property=\"product:price:amount\" content=\"408991\" \/>\n<meta property=\"product:price:currency\" content=\"HUF\" \/>\n<meta property=\"og:availability\" content=\"backorder\" \/>\n<meta property=\"product:availability\" content=\"available for order\" \/>\n<meta property=\"product:retailer_item_id\" content=\"911438464\" \/>\n<meta property=\"product:condition\" content=\"new\" \/>\n<!-- \/ Yoast SEO Premium plugin. -->","yoast_head_json":{"title":"Electrolux EEC87400W, Be\u00e9p\u00edthet\u0151 mosogat\u00f3g\u00e9p, ComfortLift, Quickselect kezel\u0151panel, MaxiFlex fi\u00f3k, 14 ter\u00edt\u00e9k, AirDry - Pr\u00e9miumK\u00e9sz\u00fcl\u00e9k","description":"Fedezze fel az Electrolux EEC87400W Be\u00e9p\u00edthet\u0151 mosogat\u00f3g\u00e9p gyors \u00e9s hat\u00e9kony teljes\u00edtm\u00e9ny\u00e9t! \u00c9lvezze a Wifi kapcsol\u00f3d\u00e1s el\u0151nyeit.","robots":{"index":"index","follow":"follow","max-snippet":"max-snippet:-1","max-image-preview":"max-image-preview:large","max-video-preview":"max-video-preview:-1"},"canonical":"http:\/\/premiumkeszulek.hu\/en\/termek\/electrolux-eec87400w-beepitheto-mosogatogep-comfortlift-quickselect-kezelopanel-maxiflex-fiok-14-teritek-airdry\/","og_locale":"en_GB","og_type":"article","og_title":"Electrolux EEC87400W, Be\u00e9p\u00edthet\u0151 mosogat\u00f3g\u00e9p, ComfortLift, Quickselect kezel\u0151panel, MaxiFlex fi\u00f3k, 14 ter\u00edt\u00e9k, AirDry","og_description":"Fedezze fel az Electrolux EEC87400W Be\u00e9p\u00edthet\u0151 mosogat\u00f3g\u00e9p gyors \u00e9s hat\u00e9kony teljes\u00edtm\u00e9ny\u00e9t! \u00c9lvezze a Wifi kapcsol\u00f3d\u00e1s el\u0151nyeit.","og_url":"http:\/\/premiumkeszulek.hu\/en\/termek\/electrolux-eec87400w-beepitheto-mosogatogep-comfortlift-quickselect-kezelopanel-maxiflex-fiok-14-teritek-airdry\/","og_site_name":"Pr\u00e9miumK\u00e9sz\u00fcl\u00e9k","article_publisher":"https:\/\/www.facebook.com\/konyhaluxnet","article_modified_time":"2026-04-01T17:48:46+00:00","og_image":[{"width":800,"height":800,"url":"https:\/\/i0.wp.com\/premiumkeszulek.hu\/wp-content\/uploads\/2025\/05\/eec87400w.jpg?fit=800%2C800","type":"image\/jpeg"}],"twitter_card":"summary_large_image","twitter_misc":{"Price":"408.991&#70;&#116;","Availability":"On back order"},"schema":{"@context":"https:\/\/schema.org","@graph":[{"@type":"WebPage","@id":"http:\/\/premiumkeszulek.hu\/hu\/termek\/electrolux-eec87400w-beepitheto-mosogatogep-comfortlift-quickselect-kezelopanel-maxiflex-fiok-14-teritek-airdry\/","url":"http:\/\/premiumkeszulek.hu\/hu\/termek\/electrolux-eec87400w-beepitheto-mosogatogep-comfortlift-quickselect-kezelopanel-maxiflex-fiok-14-teritek-airdry\/","name":"Electrolux EEC87400W, Be\u00e9p\u00edthet\u0151 mosogat\u00f3g\u00e9p, ComfortLift, Quickselect kezel\u0151panel, MaxiFlex fi\u00f3k, 14 ter\u00edt\u00e9k, AirDry - Pr\u00e9miumK\u00e9sz\u00fcl\u00e9k","isPartOf":{"@id":"https:\/\/premiumkeszulek.hu\/en\/#website"},"primaryImageOfPage":{"@id":"http:\/\/premiumkeszulek.hu\/hu\/termek\/electrolux-eec87400w-beepitheto-mosogatogep-comfortlift-quickselect-kezelopanel-maxiflex-fiok-14-teritek-airdry\/#primaryimage"},"image":{"@id":"http:\/\/premiumkeszulek.hu\/hu\/termek\/electrolux-eec87400w-beepitheto-mosogatogep-comfortlift-quickselect-kezelopanel-maxiflex-fiok-14-teritek-airdry\/#primaryimage"},"thumbnailUrl":"https:\/\/i0.wp.com\/premiumkeszulek.hu\/wp-content\/uploads\/2025\/05\/eec87400w.jpg?fit=800%2C800&ssl=1","datePublished":"2025-05-18T12:58:07+00:00","dateModified":"2026-04-01T17:48:46+00:00","description":"Fedezze fel az Electrolux EEC87400W Be\u00e9p\u00edthet\u0151 mosogat\u00f3g\u00e9p gyors \u00e9s hat\u00e9kony teljes\u00edtm\u00e9ny\u00e9t! \u00c9lvezze a Wifi kapcsol\u00f3d\u00e1s el\u0151nyeit.","breadcrumb":{"@id":"http:\/\/premiumkeszulek.hu\/hu\/termek\/electrolux-eec87400w-beepitheto-mosogatogep-comfortlift-quickselect-kezelopanel-maxiflex-fiok-14-teritek-airdry\/#breadcrumb"},"inLanguage":"en-GB","potentialAction":[{"@type":"ReadAction","target":["http:\/\/premiumkeszulek.hu\/hu\/termek\/electrolux-eec87400w-beepitheto-mosogatogep-comfortlift-quickselect-kezelopanel-maxiflex-fiok-14-teritek-airdry\/"]}]},{"@type":"ImageObject","inLanguage":"en-GB","@id":"http:\/\/premiumkeszulek.hu\/hu\/termek\/electrolux-eec87400w-beepitheto-mosogatogep-comfortlift-quickselect-kezelopanel-maxiflex-fiok-14-teritek-airdry\/#primaryimage","url":"https:\/\/i0.wp.com\/premiumkeszulek.hu\/wp-content\/uploads\/2025\/05\/eec87400w.jpg?fit=800%2C800&ssl=1","contentUrl":"https:\/\/i0.wp.com\/premiumkeszulek.hu\/wp-content\/uploads\/2025\/05\/eec87400w.jpg?fit=800%2C800&ssl=1","width":800,"height":800},{"@type":"BreadcrumbList","@id":"http:\/\/premiumkeszulek.hu\/hu\/termek\/electrolux-eec87400w-beepitheto-mosogatogep-comfortlift-quickselect-kezelopanel-maxiflex-fiok-14-teritek-airdry\/#breadcrumb","itemListElement":[{"@type":"ListItem","position":1,"name":"Home","item":"https:\/\/premiumkeszulek.hu\/en\/"},{"@type":"ListItem","position":2,"name":"Shop","item":"https:\/\/premiumkeszulek.hu\/en\/shop\/"},{"@type":"ListItem","position":3,"name":"Electrolux EEC87400W, Be\u00e9p\u00edthet\u0151 mosogat\u00f3g\u00e9p, ComfortLift, Quickselect kezel\u0151panel, MaxiFlex fi\u00f3k, 14 ter\u00edt\u00e9k, AirDry"}]},{"@type":"WebSite","@id":"https:\/\/premiumkeszulek.hu\/en\/#website","url":"https:\/\/premiumkeszulek.hu\/en\/","name":"Pr\u00e9miumK\u00e9sz\u00fcl\u00e9k","description":"","publisher":{"@id":"https:\/\/premiumkeszulek.hu\/en\/#organization"},"potentialAction":[{"@type":"SearchAction","target":{"@type":"EntryPoint","urlTemplate":"https:\/\/premiumkeszulek.hu\/en\/?s={search_term_string}"},"query-input":{"@type":"PropertyValueSpecification","valueRequired":true,"valueName":"search_term_string"}}],"inLanguage":"en-GB"},{"@type":"Organization","@id":"https:\/\/premiumkeszulek.hu\/en\/#organization","name":"Pr\u00e9miumK\u00e9sz\u00fcl\u00e9k","alternateName":"HPH Special Kft","url":"https:\/\/premiumkeszulek.hu\/en\/","logo":{"@type":"ImageObject","inLanguage":"en-GB","@id":"https:\/\/premiumkeszulek.hu\/en\/#\/schema\/logo\/image\/","url":"http:\/\/premiumkeszulek.hu\/wp-content\/uploads\/2025\/03\/TURKIZLOGO-kicsi.png","contentUrl":"http:\/\/premiumkeszulek.hu\/wp-content\/uploads\/2025\/03\/TURKIZLOGO-kicsi.png","width":1600,"height":547,"caption":"Pr\u00e9miumK\u00e9sz\u00fcl\u00e9k"},"image":{"@id":"https:\/\/premiumkeszulek.hu\/en\/#\/schema\/logo\/image\/"},"sameAs":["https:\/\/www.facebook.com\/konyhaluxnet","https:\/\/www.instagram.com\/konyhaluxnet\/#"],"email":"info@premiumkeszulek.hu","telephone":"36 1 \/ 226-1992","legalName":"HPH Special Kft","vatID":"HU12549502","taxID":"12549502","hasMerchantReturnPolicy":{"@type":"MerchantReturnPolicy","merchantReturnLink":"https:\/\/premiumkeszulek.hu\/en\/altalanos-szerzodesi-es-felhasznalasi-feltetelek\/"}}]},"product_brand":"Electrolux","product_price_amount":"408991","product_price_currency":"HUF","og_availability":"backorder","product_availability":"available for order","product_retailer_item_id":"911438464","product_condition":"new"},"jetpack_publicize_connections":[],"jetpack_likes_enabled":true,"jetpack_sharing_enabled":true,"jetpack-related-posts":[],"_links":{"self":[{"href":"https:\/\/premiumkeszulek.hu\/en\/wp-json\/wp\/v2\/product\/16960","targetHints":{"allow":["GET"]}}],"collection":[{"href":"https:\/\/premiumkeszulek.hu\/en\/wp-json\/wp\/v2\/product"}],"about":[{"href":"https:\/\/premiumkeszulek.hu\/en\/wp-json\/wp\/v2\/types\/product"}],"replies":[{"embeddable":true,"href":"https:\/\/premiumkeszulek.hu\/en\/wp-json\/wp\/v2\/comments?post=16960"}],"wp:featuredmedia":[{"embeddable":true,"href":"https:\/\/premiumkeszulek.hu\/en\/wp-json\/wp\/v2\/media\/16959"}],"wp:attachment":[{"href":"https:\/\/premiumkeszulek.hu\/en\/wp-json\/wp\/v2\/media?parent=16960"}],"wp:term":[{"taxonomy":"product_brand","embeddable":true,"href":"https:\/\/premiumkeszulek.hu\/en\/wp-json\/wp\/v2\/product_brand?post=16960"},{"taxonomy":"product_cat","embeddable":true,"href":"https:\/\/premiumkeszulek.hu\/en\/wp-json\/wp\/v2\/product_cat?post=16960"},{"taxonomy":"product_tag","embeddable":true,"href":"https:\/\/premiumkeszulek.hu\/en\/wp-json\/wp\/v2\/product_tag?post=16960"},{"taxonomy":"woo-feed-brand","embeddable":true,"href":"https:\/\/premiumkeszulek.hu\/en\/wp-json\/wp\/v2\/woo-feed-brand?post=16960"}],"curies":[{"name":"wp","href":"https:\/\/api.w.org\/{rel}","templated":true}]}}