{"id":16802,"date":"2025-05-18T12:49:05","date_gmt":"2025-05-18T10:49:05","guid":{"rendered":"https:\/\/premiumkeszulek.hu\/termek\/electrolux-lkr64020cx-keramialapos-tuzhely-airfry\/"},"modified":"2026-04-02T18:38:07","modified_gmt":"2026-04-02T16:38:07","slug":"electrolux-lkr64020cx-keramialapos-tuzhely-airfry","status":"publish","type":"product","link":"https:\/\/premiumkeszulek.hu\/en\/product\/electrolux-lkr64020cx-keramialapos-tuzhely-airfry\/","title":{"rendered":"Electrolux LKR64020CX Ker\u00e1mialapos t\u0171zhely, AirFry"},"content":{"rendered":"<p>&#8211;\u00a0Ez a multifunkci\u00f3s s\u00fct\u0151 rengeteg hasznos funkci\u00f3val rendelkezik, melyek gondoskodnak r\u00f3la, hogy minden \u00e9tel gyorsan \u00e9s egyenletesen s\u00fclj\u00f6n \u00e1t<br \/>\n&#8211;\u00a0F\u0151z\u0151lap t\u00edpusa: \u00fcvegker\u00e1mia\u00a0<br \/>\n&#8211;\u00a0A f\u0151z\u00e9si folyamat idej\u00e9nek hajsz\u00e1lpontos be\u00e1ll\u00edt\u00e1sa garancia a sikerre, minden egyes fog\u00e1sn\u00e1l<br \/>\n&#8211;\u00a0Teleszk\u00f3pos s\u00fct\u0151s\u00edn<br \/>\n&#8211;\u00a0Az elektromos f\u0151z\u0151lap gyorsan felmelegszik \u00e9s k\u00f6nnyen tiszt\u00edthat\u00f3, \u00edgy j\u00f3 alternat\u00edv\u00e1ja lehet a g\u00e1zf\u0151z\u0151lapnak<br \/>\n&#8211;\u00a0AirFry &#8211; olaj n\u00e9lk\u00fcli s\u00fct\u00e9s<br \/>\n&#8211;\u00a0S\u00fcllyesztett gombok<br \/>\n&#8211; Percsz\u00e1ml\u00e1l\u00f3, hangjelz\u00e9s<br \/>\n&#8211; S\u00fct\u0151t\u00e9r vil\u00e1g\u00edt\u00e1s<br \/>\n&#8211;\u00a0K\u00f6nnyen tiszt\u00edthat\u00f3 ajt\u00f3 (csavarok n\u00e9lk\u00fcl)\u00a0<br \/>\n&#8211;\u00a0H\u00e1ts\u00f3 g\u0151z-kivezet\u00e9s<br \/>\n&#8211;\u00a0H\u0171t\u0151 ventil\u00e1tor<br \/>\n&#8211;\u00a0Ed\u00e9nytart\u00f3 fi\u00f3k<br \/>\n&#8211;\u00a0\u00c1ll\u00edthat\u00f3 magass\u00e1g<\/p>\n","protected":false},"excerpt":{"rendered":"<p>S\u00fct\u00e9si Funkci\u00f3k: Als\u00f3s\u00fct\u00e9s + ventil\u00e1tor, Fan + top, grill + fels\u0151 s\u00fct\u00e9s, grill + vent+ fels\u0151 s\u00fct\u00e9s, h\u0151l\u00e9gbef\u00fav\u00e1s + als\u00f3 s\u00fct\u00e9s, h\u0151l\u00e9gbef\u00fav\u00e1s, fels\u0151 + als\u00f3 s\u00fct\u00e9s, hagyom\u00e1nyos s\u00fct\u00e9s, aszal\u00e1s, nedves h\u0151l\u00e9gbef\u00fav\u00e1s, pizza, h\u0151l\u00e9gkever\u00e9s, turbo grill<\/p>\n","protected":false},"featured_media":16801,"comment_status":"closed","ping_status":"closed","template":"","meta":{"_crdt_document":"","content-type":"","jetpack_post_was_ever_published":false,"jetpack_publicize_message":"","jetpack_publicize_feature_enabled":true,"jetpack_social_post_already_shared":true,"jetpack_social_options":{"image_generator_settings":{"template":"highway","default_image_id":0,"font":"","enabled":false},"version":2},"_wpas_customize_per_network":false},"product_brand":[7625],"product_cat":[1527,1643],"product_tag":[],"woo-feed-brand":[],"class_list":{"0":"post-16802","1":"product","2":"type-product","3":"status-publish","4":"has-post-thumbnail","6":"product_brand-electrolux","7":"product_cat-sutok-es-fozolapok","8":"product_cat-tuzhelyek","9":"product_shipping_class-100000felett","11":"first","12":"instock","13":"sale","14":"taxable","15":"shipping-taxable","16":"purchasable","17":"product-type-simple"},"yoast_head":"<!-- This site is optimized with the Yoast SEO Premium plugin v26.9 (Yoast SEO v26.9) - https:\/\/yoast.com\/product\/yoast-seo-premium-wordpress\/ -->\n<title>Electrolux LKR64020CX Ker\u00e1mialapos t\u0171zhely, AirFry - Pr\u00e9miumK\u00e9sz\u00fcl\u00e9k<\/title>\n<meta name=\"description\" content=\"Fedezze fel az Electrolux LKR64020CX Ker\u00e1mialapos t\u0171zhely minden funkci\u00f3j\u00e1t \u00e9s \u00e9lvezze a gyors, egyenletes s\u00fct\u00e9st. Rendelje meg most!\" \/>\n<meta name=\"robots\" content=\"index, follow, max-snippet:-1, max-image-preview:large, max-video-preview:-1\" \/>\n<link rel=\"canonical\" href=\"https:\/\/premiumkeszulek.hu\/en\/termek\/electrolux-lkr64020cx-keramialapos-tuzhely-airfry\/\" \/>\n<meta property=\"og:locale\" content=\"en_GB\" \/>\n<meta property=\"og:type\" content=\"article\" \/>\n<meta property=\"og:title\" content=\"Electrolux LKR64020CX Ker\u00e1mialapos t\u0171zhely, AirFry\" \/>\n<meta property=\"og:description\" content=\"Fedezze fel az Electrolux LKR64020CX Ker\u00e1mialapos t\u0171zhely minden funkci\u00f3j\u00e1t \u00e9s \u00e9lvezze a gyors, egyenletes s\u00fct\u00e9st. Rendelje meg most!\" \/>\n<meta property=\"og:url\" content=\"https:\/\/premiumkeszulek.hu\/en\/termek\/electrolux-lkr64020cx-keramialapos-tuzhely-airfry\/\" \/>\n<meta property=\"og:site_name\" content=\"Pr\u00e9miumK\u00e9sz\u00fcl\u00e9k\" \/>\n<meta property=\"article:publisher\" content=\"https:\/\/www.facebook.com\/konyhaluxnet\" \/>\n<meta property=\"article:modified_time\" content=\"2026-04-02T16:38:07+00:00\" \/>\n<meta property=\"og:image\" content=\"https:\/\/i0.wp.com\/premiumkeszulek.hu\/wp-content\/uploads\/2025\/05\/LKR64020CX.png?fit=800%2C800&ssl=1\" \/>\n\t<meta property=\"og:image:width\" content=\"800\" \/>\n\t<meta property=\"og:image:height\" content=\"800\" \/>\n\t<meta property=\"og:image:type\" content=\"image\/png\" \/>\n<meta name=\"twitter:card\" content=\"summary_large_image\" \/>\n<meta name=\"twitter:label1\" content=\"Price\" \/>\n\t<meta name=\"twitter:data1\" content=\"194.655&#070;&#116;\" \/>\n\t<meta name=\"twitter:label2\" content=\"Availability\" \/>\n\t<meta name=\"twitter:data2\" content=\"In stock\" \/>\n<script type=\"application\/ld+json\" class=\"yoast-schema-graph\">{\"@context\":\"https:\/\/schema.org\",\"@graph\":[{\"@type\":\"WebPage\",\"@id\":\"https:\/\/premiumkeszulek.hu\/hu\/termek\/electrolux-lkr64020cx-keramialapos-tuzhely-airfry\/\",\"url\":\"https:\/\/premiumkeszulek.hu\/hu\/termek\/electrolux-lkr64020cx-keramialapos-tuzhely-airfry\/\",\"name\":\"Electrolux LKR64020CX Ker\u00e1mialapos t\u0171zhely, AirFry - Pr\u00e9miumK\u00e9sz\u00fcl\u00e9k\",\"isPartOf\":{\"@id\":\"https:\/\/premiumkeszulek.hu\/en\/#website\"},\"primaryImageOfPage\":{\"@id\":\"https:\/\/premiumkeszulek.hu\/hu\/termek\/electrolux-lkr64020cx-keramialapos-tuzhely-airfry\/#primaryimage\"},\"image\":{\"@id\":\"https:\/\/premiumkeszulek.hu\/hu\/termek\/electrolux-lkr64020cx-keramialapos-tuzhely-airfry\/#primaryimage\"},\"thumbnailUrl\":\"https:\/\/i0.wp.com\/premiumkeszulek.hu\/wp-content\/uploads\/2025\/05\/LKR64020CX.png?fit=800%2C800&ssl=1\",\"datePublished\":\"2025-05-18T10:49:05+00:00\",\"dateModified\":\"2026-04-02T16:38:07+00:00\",\"description\":\"Fedezze fel az Electrolux LKR64020CX Ker\u00e1mialapos t\u0171zhely minden funkci\u00f3j\u00e1t \u00e9s \u00e9lvezze a gyors, egyenletes s\u00fct\u00e9st. Rendelje meg most!\",\"breadcrumb\":{\"@id\":\"https:\/\/premiumkeszulek.hu\/hu\/termek\/electrolux-lkr64020cx-keramialapos-tuzhely-airfry\/#breadcrumb\"},\"inLanguage\":\"en-GB\",\"potentialAction\":[{\"@type\":\"ReadAction\",\"target\":[\"https:\/\/premiumkeszulek.hu\/hu\/termek\/electrolux-lkr64020cx-keramialapos-tuzhely-airfry\/\"]}]},{\"@type\":\"ImageObject\",\"inLanguage\":\"en-GB\",\"@id\":\"https:\/\/premiumkeszulek.hu\/hu\/termek\/electrolux-lkr64020cx-keramialapos-tuzhely-airfry\/#primaryimage\",\"url\":\"https:\/\/i0.wp.com\/premiumkeszulek.hu\/wp-content\/uploads\/2025\/05\/LKR64020CX.png?fit=800%2C800&ssl=1\",\"contentUrl\":\"https:\/\/i0.wp.com\/premiumkeszulek.hu\/wp-content\/uploads\/2025\/05\/LKR64020CX.png?fit=800%2C800&ssl=1\",\"width\":800,\"height\":800},{\"@type\":\"BreadcrumbList\",\"@id\":\"https:\/\/premiumkeszulek.hu\/hu\/termek\/electrolux-lkr64020cx-keramialapos-tuzhely-airfry\/#breadcrumb\",\"itemListElement\":[{\"@type\":\"ListItem\",\"position\":1,\"name\":\"Home\",\"item\":\"https:\/\/premiumkeszulek.hu\/en\/\"},{\"@type\":\"ListItem\",\"position\":2,\"name\":\"Shop\",\"item\":\"https:\/\/premiumkeszulek.hu\/en\/shop\/\"},{\"@type\":\"ListItem\",\"position\":3,\"name\":\"Electrolux LKR64020CX Ker\u00e1mialapos t\u0171zhely, AirFry\"}]},{\"@type\":\"WebSite\",\"@id\":\"https:\/\/premiumkeszulek.hu\/en\/#website\",\"url\":\"https:\/\/premiumkeszulek.hu\/en\/\",\"name\":\"Pr\u00e9miumK\u00e9sz\u00fcl\u00e9k\",\"description\":\"\",\"publisher\":{\"@id\":\"https:\/\/premiumkeszulek.hu\/en\/#organization\"},\"potentialAction\":[{\"@type\":\"SearchAction\",\"target\":{\"@type\":\"EntryPoint\",\"urlTemplate\":\"https:\/\/premiumkeszulek.hu\/en\/?s={search_term_string}\"},\"query-input\":{\"@type\":\"PropertyValueSpecification\",\"valueRequired\":true,\"valueName\":\"search_term_string\"}}],\"inLanguage\":\"en-GB\"},{\"@type\":\"Organization\",\"@id\":\"https:\/\/premiumkeszulek.hu\/en\/#organization\",\"name\":\"Pr\u00e9miumK\u00e9sz\u00fcl\u00e9k\",\"alternateName\":\"HPH Special Kft\",\"url\":\"https:\/\/premiumkeszulek.hu\/en\/\",\"logo\":{\"@type\":\"ImageObject\",\"inLanguage\":\"en-GB\",\"@id\":\"https:\/\/premiumkeszulek.hu\/en\/#\/schema\/logo\/image\/\",\"url\":\"http:\/\/premiumkeszulek.hu\/wp-content\/uploads\/2025\/03\/TURKIZLOGO-kicsi.png\",\"contentUrl\":\"http:\/\/premiumkeszulek.hu\/wp-content\/uploads\/2025\/03\/TURKIZLOGO-kicsi.png\",\"width\":1600,\"height\":547,\"caption\":\"Pr\u00e9miumK\u00e9sz\u00fcl\u00e9k\"},\"image\":{\"@id\":\"https:\/\/premiumkeszulek.hu\/en\/#\/schema\/logo\/image\/\"},\"sameAs\":[\"https:\/\/www.facebook.com\/konyhaluxnet\",\"https:\/\/www.instagram.com\/konyhaluxnet\/#\"],\"email\":\"info@premiumkeszulek.hu\",\"telephone\":\"36 1 \/ 226-1992\",\"legalName\":\"HPH Special Kft\",\"vatID\":\"HU12549502\",\"taxID\":\"12549502\",\"hasMerchantReturnPolicy\":{\"@type\":\"MerchantReturnPolicy\",\"merchantReturnLink\":\"https:\/\/premiumkeszulek.hu\/en\/altalanos-szerzodesi-es-felhasznalasi-feltetelek\/\"}}]}<\/script>\n<meta property=\"product:brand\" content=\"Electrolux\" \/>\n<meta property=\"product:price:amount\" content=\"194655\" \/>\n<meta property=\"product:price:currency\" content=\"HUF\" \/>\n<meta property=\"og:availability\" content=\"instock\" \/>\n<meta property=\"product:availability\" content=\"instock\" \/>\n<meta property=\"product:retailer_item_id\" content=\"940003138\" \/>\n<meta property=\"product:condition\" content=\"new\" \/>\n<!-- \/ Yoast SEO Premium plugin. -->","yoast_head_json":{"title":"Electrolux LKR64020CX Ker\u00e1mialapos t\u0171zhely, AirFry - Pr\u00e9miumK\u00e9sz\u00fcl\u00e9k","description":"Fedezze fel az Electrolux LKR64020CX Ker\u00e1mialapos t\u0171zhely minden funkci\u00f3j\u00e1t \u00e9s \u00e9lvezze a gyors, egyenletes s\u00fct\u00e9st. Rendelje meg most!","robots":{"index":"index","follow":"follow","max-snippet":"max-snippet:-1","max-image-preview":"max-image-preview:large","max-video-preview":"max-video-preview:-1"},"canonical":"https:\/\/premiumkeszulek.hu\/en\/termek\/electrolux-lkr64020cx-keramialapos-tuzhely-airfry\/","og_locale":"en_GB","og_type":"article","og_title":"Electrolux LKR64020CX Ker\u00e1mialapos t\u0171zhely, AirFry","og_description":"Fedezze fel az Electrolux LKR64020CX Ker\u00e1mialapos t\u0171zhely minden funkci\u00f3j\u00e1t \u00e9s \u00e9lvezze a gyors, egyenletes s\u00fct\u00e9st. Rendelje meg most!","og_url":"https:\/\/premiumkeszulek.hu\/en\/termek\/electrolux-lkr64020cx-keramialapos-tuzhely-airfry\/","og_site_name":"Pr\u00e9miumK\u00e9sz\u00fcl\u00e9k","article_publisher":"https:\/\/www.facebook.com\/konyhaluxnet","article_modified_time":"2026-04-02T16:38:07+00:00","og_image":[{"width":800,"height":800,"url":"https:\/\/i0.wp.com\/premiumkeszulek.hu\/wp-content\/uploads\/2025\/05\/LKR64020CX.png?fit=800%2C800&ssl=1","type":"image\/png"}],"twitter_card":"summary_large_image","twitter_misc":{"Price":"194.655&#70;&#116;","Availability":"In stock"},"schema":{"@context":"https:\/\/schema.org","@graph":[{"@type":"WebPage","@id":"https:\/\/premiumkeszulek.hu\/hu\/termek\/electrolux-lkr64020cx-keramialapos-tuzhely-airfry\/","url":"https:\/\/premiumkeszulek.hu\/hu\/termek\/electrolux-lkr64020cx-keramialapos-tuzhely-airfry\/","name":"Electrolux LKR64020CX Ker\u00e1mialapos t\u0171zhely, AirFry - Pr\u00e9miumK\u00e9sz\u00fcl\u00e9k","isPartOf":{"@id":"https:\/\/premiumkeszulek.hu\/en\/#website"},"primaryImageOfPage":{"@id":"https:\/\/premiumkeszulek.hu\/hu\/termek\/electrolux-lkr64020cx-keramialapos-tuzhely-airfry\/#primaryimage"},"image":{"@id":"https:\/\/premiumkeszulek.hu\/hu\/termek\/electrolux-lkr64020cx-keramialapos-tuzhely-airfry\/#primaryimage"},"thumbnailUrl":"https:\/\/i0.wp.com\/premiumkeszulek.hu\/wp-content\/uploads\/2025\/05\/LKR64020CX.png?fit=800%2C800&ssl=1","datePublished":"2025-05-18T10:49:05+00:00","dateModified":"2026-04-02T16:38:07+00:00","description":"Fedezze fel az Electrolux LKR64020CX Ker\u00e1mialapos t\u0171zhely minden funkci\u00f3j\u00e1t \u00e9s \u00e9lvezze a gyors, egyenletes s\u00fct\u00e9st. Rendelje meg most!","breadcrumb":{"@id":"https:\/\/premiumkeszulek.hu\/hu\/termek\/electrolux-lkr64020cx-keramialapos-tuzhely-airfry\/#breadcrumb"},"inLanguage":"en-GB","potentialAction":[{"@type":"ReadAction","target":["https:\/\/premiumkeszulek.hu\/hu\/termek\/electrolux-lkr64020cx-keramialapos-tuzhely-airfry\/"]}]},{"@type":"ImageObject","inLanguage":"en-GB","@id":"https:\/\/premiumkeszulek.hu\/hu\/termek\/electrolux-lkr64020cx-keramialapos-tuzhely-airfry\/#primaryimage","url":"https:\/\/i0.wp.com\/premiumkeszulek.hu\/wp-content\/uploads\/2025\/05\/LKR64020CX.png?fit=800%2C800&ssl=1","contentUrl":"https:\/\/i0.wp.com\/premiumkeszulek.hu\/wp-content\/uploads\/2025\/05\/LKR64020CX.png?fit=800%2C800&ssl=1","width":800,"height":800},{"@type":"BreadcrumbList","@id":"https:\/\/premiumkeszulek.hu\/hu\/termek\/electrolux-lkr64020cx-keramialapos-tuzhely-airfry\/#breadcrumb","itemListElement":[{"@type":"ListItem","position":1,"name":"Home","item":"https:\/\/premiumkeszulek.hu\/en\/"},{"@type":"ListItem","position":2,"name":"Shop","item":"https:\/\/premiumkeszulek.hu\/en\/shop\/"},{"@type":"ListItem","position":3,"name":"Electrolux LKR64020CX Ker\u00e1mialapos t\u0171zhely, AirFry"}]},{"@type":"WebSite","@id":"https:\/\/premiumkeszulek.hu\/en\/#website","url":"https:\/\/premiumkeszulek.hu\/en\/","name":"Pr\u00e9miumK\u00e9sz\u00fcl\u00e9k","description":"","publisher":{"@id":"https:\/\/premiumkeszulek.hu\/en\/#organization"},"potentialAction":[{"@type":"SearchAction","target":{"@type":"EntryPoint","urlTemplate":"https:\/\/premiumkeszulek.hu\/en\/?s={search_term_string}"},"query-input":{"@type":"PropertyValueSpecification","valueRequired":true,"valueName":"search_term_string"}}],"inLanguage":"en-GB"},{"@type":"Organization","@id":"https:\/\/premiumkeszulek.hu\/en\/#organization","name":"Pr\u00e9miumK\u00e9sz\u00fcl\u00e9k","alternateName":"HPH Special Kft","url":"https:\/\/premiumkeszulek.hu\/en\/","logo":{"@type":"ImageObject","inLanguage":"en-GB","@id":"https:\/\/premiumkeszulek.hu\/en\/#\/schema\/logo\/image\/","url":"http:\/\/premiumkeszulek.hu\/wp-content\/uploads\/2025\/03\/TURKIZLOGO-kicsi.png","contentUrl":"http:\/\/premiumkeszulek.hu\/wp-content\/uploads\/2025\/03\/TURKIZLOGO-kicsi.png","width":1600,"height":547,"caption":"Pr\u00e9miumK\u00e9sz\u00fcl\u00e9k"},"image":{"@id":"https:\/\/premiumkeszulek.hu\/en\/#\/schema\/logo\/image\/"},"sameAs":["https:\/\/www.facebook.com\/konyhaluxnet","https:\/\/www.instagram.com\/konyhaluxnet\/#"],"email":"info@premiumkeszulek.hu","telephone":"36 1 \/ 226-1992","legalName":"HPH Special Kft","vatID":"HU12549502","taxID":"12549502","hasMerchantReturnPolicy":{"@type":"MerchantReturnPolicy","merchantReturnLink":"https:\/\/premiumkeszulek.hu\/en\/altalanos-szerzodesi-es-felhasznalasi-feltetelek\/"}}]},"product_brand":"Electrolux","product_price_amount":"194655","product_price_currency":"HUF","og_availability":"instock","product_availability":"instock","product_retailer_item_id":"940003138","product_condition":"new"},"jetpack_publicize_connections":[],"jetpack_likes_enabled":true,"jetpack_sharing_enabled":true,"jetpack-related-posts":[],"_links":{"self":[{"href":"https:\/\/premiumkeszulek.hu\/en\/wp-json\/wp\/v2\/product\/16802","targetHints":{"allow":["GET"]}}],"collection":[{"href":"https:\/\/premiumkeszulek.hu\/en\/wp-json\/wp\/v2\/product"}],"about":[{"href":"https:\/\/premiumkeszulek.hu\/en\/wp-json\/wp\/v2\/types\/product"}],"replies":[{"embeddable":true,"href":"https:\/\/premiumkeszulek.hu\/en\/wp-json\/wp\/v2\/comments?post=16802"}],"wp:featuredmedia":[{"embeddable":true,"href":"https:\/\/premiumkeszulek.hu\/en\/wp-json\/wp\/v2\/media\/16801"}],"wp:attachment":[{"href":"https:\/\/premiumkeszulek.hu\/en\/wp-json\/wp\/v2\/media?parent=16802"}],"wp:term":[{"taxonomy":"product_brand","embeddable":true,"href":"https:\/\/premiumkeszulek.hu\/en\/wp-json\/wp\/v2\/product_brand?post=16802"},{"taxonomy":"product_cat","embeddable":true,"href":"https:\/\/premiumkeszulek.hu\/en\/wp-json\/wp\/v2\/product_cat?post=16802"},{"taxonomy":"product_tag","embeddable":true,"href":"https:\/\/premiumkeszulek.hu\/en\/wp-json\/wp\/v2\/product_tag?post=16802"},{"taxonomy":"woo-feed-brand","embeddable":true,"href":"https:\/\/premiumkeszulek.hu\/en\/wp-json\/wp\/v2\/woo-feed-brand?post=16802"}],"curies":[{"name":"wp","href":"https:\/\/api.w.org\/{rel}","templated":true}]}}