{"id":16715,"date":"2025-05-18T12:46:39","date_gmt":"2025-05-18T10:46:39","guid":{"rendered":"https:\/\/premiumkeszulek.hu\/termek\/electrolux-lkr562055x-steambake-keramialapos-tuzhely-gozfunkcioval\/"},"modified":"2026-04-02T18:38:07","modified_gmt":"2026-04-02T16:38:07","slug":"electrolux-lkr562055x-steambake-keramialapos-tuzhely-gozfunkcioval","status":"publish","type":"product","link":"https:\/\/premiumkeszulek.hu\/en\/product\/electrolux-lkr562055x-steambake-keramialapos-tuzhely-gozfunkcioval\/","title":{"rendered":"Electrolux LKR562055X SteamBake ker\u00e1mialapos t\u0171zhely g\u0151zfunkci\u00f3val"},"content":{"rendered":"<p>&#8211; mechanikus percsz\u00e1ml\u00e1l\u00f3<br \/>\n\t&#8211; marad\u00e9kh\u0151-kijelz\u00e9s<br \/>\n\t&#8211; PlusSteam g\u0151zfunkci\u00f3<br \/>\n\t&#8211; rozsdamentes ac\u00e9l kivitel<br \/>\n\t&#8211; sz\u00e9tszedhet\u0151 ajt\u00f3 \u00fcvegez\u00e9s a k\u00f6nny\u0171 tiszt\u00edt\u00e1s\u00e9rt<br \/>\n\t&#8211; h\u00e1ts\u00f3 g\u0151z kivezet\u00e9s<\/p>\n","protected":false},"excerpt":{"rendered":"<p>S\u00fct\u00e9si Funkci\u00f3k: &#8211; als\u00f3 s\u00fct\u00e9s<br \/>\n&#8211; als\u00f3 + fels\u0151 s\u00fct\u00e9s<br \/>\n&#8211; als\u00f3 + fels\u0151 s\u00fct\u00e9s + l\u00e9gkever\u00e9s alacsony h\u0151fok (100\u00b0C)<br \/>\n&#8211; l\u00e9gkever\u00e9s h\u0151l\u00e9gbef\u00fav\u00e1ssal<br \/>\n&#8211; als\u00f3 + fels\u0151 s\u00fct\u00e9s + l\u00e9gkever\u00e9s<br \/>\n&#8211; grill + fels\u0151 s\u00fct\u00e9s<br \/>\n&#8211; grill + fels\u0151 s\u00fct\u00e9s + l\u00e9gkever\u00e9s (infras\u00fct\u00e9s)<br \/>\n&#8211; fels\u0151 s\u00fct\u00e9s + l\u00e9gkever\u00e9s (ECO)<br \/>\n&#8211; kiolvaszt\u00e1s<\/p>\n","protected":false},"featured_media":16714,"comment_status":"closed","ping_status":"closed","template":"","meta":{"_crdt_document":"","content-type":"","jetpack_post_was_ever_published":false,"jetpack_publicize_message":"","jetpack_publicize_feature_enabled":true,"jetpack_social_post_already_shared":true,"jetpack_social_options":{"image_generator_settings":{"template":"highway","default_image_id":0,"font":"","enabled":false},"version":2},"_wpas_customize_per_network":false},"product_brand":[7625],"product_cat":[1527,1643],"product_tag":[],"woo-feed-brand":[],"class_list":{"0":"post-16715","1":"product","2":"type-product","3":"status-publish","4":"has-post-thumbnail","6":"product_brand-electrolux","7":"product_cat-sutok-es-fozolapok","8":"product_cat-tuzhelyek","9":"product_shipping_class-100000felett","11":"first","12":"instock","13":"sale","14":"taxable","15":"shipping-taxable","16":"purchasable","17":"product-type-simple"},"yoast_head":"<!-- This site is optimized with the Yoast SEO Premium plugin v26.9 (Yoast SEO v26.9) - https:\/\/yoast.com\/product\/yoast-seo-premium-wordpress\/ -->\n<title>Electrolux LKR562055X SteamBake ker\u00e1mialapos t\u0171zhely g\u0151zfunkci\u00f3val - Pr\u00e9miumK\u00e9sz\u00fcl\u00e9k<\/title>\n<meta name=\"description\" content=\"Fedezd fel az Electrolux LKR562055X SteamBake ker\u00e1mialapos t\u0171zhely kiv\u00e1l\u00f3 s\u00fct\u00e9si funkci\u00f3it! \u00c9lvezd a k\u00f6nny\u0171 tiszt\u00edt\u00e1st \u00e9s a g\u0151zfunktionalit\u00e1st!\" \/>\n<meta name=\"robots\" content=\"index, follow, max-snippet:-1, max-image-preview:large, max-video-preview:-1\" \/>\n<link rel=\"canonical\" href=\"https:\/\/premiumkeszulek.hu\/en\/termek\/electrolux-lkr562055x-steambake-keramialapos-tuzhely-gozfunkcioval\/\" \/>\n<meta property=\"og:locale\" content=\"en_GB\" \/>\n<meta property=\"og:type\" content=\"article\" \/>\n<meta property=\"og:title\" content=\"Electrolux LKR562055X SteamBake ker\u00e1mialapos t\u0171zhely g\u0151zfunkci\u00f3val\" \/>\n<meta property=\"og:description\" content=\"Fedezd fel az Electrolux LKR562055X SteamBake ker\u00e1mialapos t\u0171zhely kiv\u00e1l\u00f3 s\u00fct\u00e9si funkci\u00f3it! \u00c9lvezd a k\u00f6nny\u0171 tiszt\u00edt\u00e1st \u00e9s a g\u0151zfunktionalit\u00e1st!\" \/>\n<meta property=\"og:url\" content=\"https:\/\/premiumkeszulek.hu\/en\/termek\/electrolux-lkr562055x-steambake-keramialapos-tuzhely-gozfunkcioval\/\" \/>\n<meta property=\"og:site_name\" content=\"Pr\u00e9miumK\u00e9sz\u00fcl\u00e9k\" \/>\n<meta property=\"article:publisher\" content=\"https:\/\/www.facebook.com\/konyhaluxnet\" \/>\n<meta property=\"article:modified_time\" content=\"2026-04-02T16:38:07+00:00\" \/>\n<meta property=\"og:image\" content=\"https:\/\/i0.wp.com\/premiumkeszulek.hu\/wp-content\/uploads\/2025\/05\/LKR562055X.png?fit=800%2C800&ssl=1\" \/>\n\t<meta property=\"og:image:width\" content=\"800\" \/>\n\t<meta property=\"og:image:height\" content=\"800\" \/>\n\t<meta property=\"og:image:type\" content=\"image\/png\" \/>\n<meta name=\"twitter:card\" content=\"summary_large_image\" \/>\n<meta name=\"twitter:label1\" content=\"Price\" \/>\n\t<meta name=\"twitter:data1\" content=\"147.155&#070;&#116;\" \/>\n\t<meta name=\"twitter:label2\" content=\"Availability\" \/>\n\t<meta name=\"twitter:data2\" content=\"In stock\" \/>\n<script type=\"application\/ld+json\" class=\"yoast-schema-graph\">{\"@context\":\"https:\/\/schema.org\",\"@graph\":[{\"@type\":\"WebPage\",\"@id\":\"https:\/\/premiumkeszulek.hu\/hu\/termek\/electrolux-lkr562055x-steambake-keramialapos-tuzhely-gozfunkcioval\/\",\"url\":\"https:\/\/premiumkeszulek.hu\/hu\/termek\/electrolux-lkr562055x-steambake-keramialapos-tuzhely-gozfunkcioval\/\",\"name\":\"Electrolux LKR562055X SteamBake ker\u00e1mialapos t\u0171zhely g\u0151zfunkci\u00f3val - Pr\u00e9miumK\u00e9sz\u00fcl\u00e9k\",\"isPartOf\":{\"@id\":\"https:\/\/premiumkeszulek.hu\/en\/#website\"},\"primaryImageOfPage\":{\"@id\":\"https:\/\/premiumkeszulek.hu\/hu\/termek\/electrolux-lkr562055x-steambake-keramialapos-tuzhely-gozfunkcioval\/#primaryimage\"},\"image\":{\"@id\":\"https:\/\/premiumkeszulek.hu\/hu\/termek\/electrolux-lkr562055x-steambake-keramialapos-tuzhely-gozfunkcioval\/#primaryimage\"},\"thumbnailUrl\":\"https:\/\/i0.wp.com\/premiumkeszulek.hu\/wp-content\/uploads\/2025\/05\/LKR562055X.png?fit=800%2C800&ssl=1\",\"datePublished\":\"2025-05-18T10:46:39+00:00\",\"dateModified\":\"2026-04-02T16:38:07+00:00\",\"description\":\"Fedezd fel az Electrolux LKR562055X SteamBake ker\u00e1mialapos t\u0171zhely kiv\u00e1l\u00f3 s\u00fct\u00e9si funkci\u00f3it! \u00c9lvezd a k\u00f6nny\u0171 tiszt\u00edt\u00e1st \u00e9s a g\u0151zfunktionalit\u00e1st!\",\"breadcrumb\":{\"@id\":\"https:\/\/premiumkeszulek.hu\/hu\/termek\/electrolux-lkr562055x-steambake-keramialapos-tuzhely-gozfunkcioval\/#breadcrumb\"},\"inLanguage\":\"en-GB\",\"potentialAction\":[{\"@type\":\"ReadAction\",\"target\":[\"https:\/\/premiumkeszulek.hu\/hu\/termek\/electrolux-lkr562055x-steambake-keramialapos-tuzhely-gozfunkcioval\/\"]}]},{\"@type\":\"ImageObject\",\"inLanguage\":\"en-GB\",\"@id\":\"https:\/\/premiumkeszulek.hu\/hu\/termek\/electrolux-lkr562055x-steambake-keramialapos-tuzhely-gozfunkcioval\/#primaryimage\",\"url\":\"https:\/\/i0.wp.com\/premiumkeszulek.hu\/wp-content\/uploads\/2025\/05\/LKR562055X.png?fit=800%2C800&ssl=1\",\"contentUrl\":\"https:\/\/i0.wp.com\/premiumkeszulek.hu\/wp-content\/uploads\/2025\/05\/LKR562055X.png?fit=800%2C800&ssl=1\",\"width\":800,\"height\":800},{\"@type\":\"BreadcrumbList\",\"@id\":\"https:\/\/premiumkeszulek.hu\/hu\/termek\/electrolux-lkr562055x-steambake-keramialapos-tuzhely-gozfunkcioval\/#breadcrumb\",\"itemListElement\":[{\"@type\":\"ListItem\",\"position\":1,\"name\":\"Home\",\"item\":\"https:\/\/premiumkeszulek.hu\/en\/\"},{\"@type\":\"ListItem\",\"position\":2,\"name\":\"Shop\",\"item\":\"https:\/\/premiumkeszulek.hu\/en\/shop\/\"},{\"@type\":\"ListItem\",\"position\":3,\"name\":\"Electrolux LKR562055X SteamBake ker\u00e1mialapos t\u0171zhely g\u0151zfunkci\u00f3val\"}]},{\"@type\":\"WebSite\",\"@id\":\"https:\/\/premiumkeszulek.hu\/en\/#website\",\"url\":\"https:\/\/premiumkeszulek.hu\/en\/\",\"name\":\"Pr\u00e9miumK\u00e9sz\u00fcl\u00e9k\",\"description\":\"\",\"publisher\":{\"@id\":\"https:\/\/premiumkeszulek.hu\/en\/#organization\"},\"potentialAction\":[{\"@type\":\"SearchAction\",\"target\":{\"@type\":\"EntryPoint\",\"urlTemplate\":\"https:\/\/premiumkeszulek.hu\/en\/?s={search_term_string}\"},\"query-input\":{\"@type\":\"PropertyValueSpecification\",\"valueRequired\":true,\"valueName\":\"search_term_string\"}}],\"inLanguage\":\"en-GB\"},{\"@type\":\"Organization\",\"@id\":\"https:\/\/premiumkeszulek.hu\/en\/#organization\",\"name\":\"Pr\u00e9miumK\u00e9sz\u00fcl\u00e9k\",\"alternateName\":\"HPH Special Kft\",\"url\":\"https:\/\/premiumkeszulek.hu\/en\/\",\"logo\":{\"@type\":\"ImageObject\",\"inLanguage\":\"en-GB\",\"@id\":\"https:\/\/premiumkeszulek.hu\/en\/#\/schema\/logo\/image\/\",\"url\":\"http:\/\/premiumkeszulek.hu\/wp-content\/uploads\/2025\/03\/TURKIZLOGO-kicsi.png\",\"contentUrl\":\"http:\/\/premiumkeszulek.hu\/wp-content\/uploads\/2025\/03\/TURKIZLOGO-kicsi.png\",\"width\":1600,\"height\":547,\"caption\":\"Pr\u00e9miumK\u00e9sz\u00fcl\u00e9k\"},\"image\":{\"@id\":\"https:\/\/premiumkeszulek.hu\/en\/#\/schema\/logo\/image\/\"},\"sameAs\":[\"https:\/\/www.facebook.com\/konyhaluxnet\",\"https:\/\/www.instagram.com\/konyhaluxnet\/#\"],\"email\":\"info@premiumkeszulek.hu\",\"telephone\":\"36 1 \/ 226-1992\",\"legalName\":\"HPH Special Kft\",\"vatID\":\"HU12549502\",\"taxID\":\"12549502\",\"hasMerchantReturnPolicy\":{\"@type\":\"MerchantReturnPolicy\",\"merchantReturnLink\":\"https:\/\/premiumkeszulek.hu\/en\/altalanos-szerzodesi-es-felhasznalasi-feltetelek\/\"}}]}<\/script>\n<meta property=\"product:brand\" content=\"Electrolux\" \/>\n<meta property=\"product:price:amount\" content=\"147155\" \/>\n<meta property=\"product:price:currency\" content=\"HUF\" \/>\n<meta property=\"og:availability\" content=\"instock\" \/>\n<meta property=\"product:availability\" content=\"instock\" \/>\n<meta property=\"product:retailer_item_id\" content=\"943005702\" \/>\n<meta property=\"product:condition\" content=\"new\" \/>\n<!-- \/ Yoast SEO Premium plugin. -->","yoast_head_json":{"title":"Electrolux LKR562055X SteamBake ker\u00e1mialapos t\u0171zhely g\u0151zfunkci\u00f3val - Pr\u00e9miumK\u00e9sz\u00fcl\u00e9k","description":"Fedezd fel az Electrolux LKR562055X SteamBake ker\u00e1mialapos t\u0171zhely kiv\u00e1l\u00f3 s\u00fct\u00e9si funkci\u00f3it! \u00c9lvezd a k\u00f6nny\u0171 tiszt\u00edt\u00e1st \u00e9s a g\u0151zfunktionalit\u00e1st!","robots":{"index":"index","follow":"follow","max-snippet":"max-snippet:-1","max-image-preview":"max-image-preview:large","max-video-preview":"max-video-preview:-1"},"canonical":"https:\/\/premiumkeszulek.hu\/en\/termek\/electrolux-lkr562055x-steambake-keramialapos-tuzhely-gozfunkcioval\/","og_locale":"en_GB","og_type":"article","og_title":"Electrolux LKR562055X SteamBake ker\u00e1mialapos t\u0171zhely g\u0151zfunkci\u00f3val","og_description":"Fedezd fel az Electrolux LKR562055X SteamBake ker\u00e1mialapos t\u0171zhely kiv\u00e1l\u00f3 s\u00fct\u00e9si funkci\u00f3it! \u00c9lvezd a k\u00f6nny\u0171 tiszt\u00edt\u00e1st \u00e9s a g\u0151zfunktionalit\u00e1st!","og_url":"https:\/\/premiumkeszulek.hu\/en\/termek\/electrolux-lkr562055x-steambake-keramialapos-tuzhely-gozfunkcioval\/","og_site_name":"Pr\u00e9miumK\u00e9sz\u00fcl\u00e9k","article_publisher":"https:\/\/www.facebook.com\/konyhaluxnet","article_modified_time":"2026-04-02T16:38:07+00:00","og_image":[{"width":800,"height":800,"url":"https:\/\/i0.wp.com\/premiumkeszulek.hu\/wp-content\/uploads\/2025\/05\/LKR562055X.png?fit=800%2C800&ssl=1","type":"image\/png"}],"twitter_card":"summary_large_image","twitter_misc":{"Price":"147.155&#70;&#116;","Availability":"In stock"},"schema":{"@context":"https:\/\/schema.org","@graph":[{"@type":"WebPage","@id":"https:\/\/premiumkeszulek.hu\/hu\/termek\/electrolux-lkr562055x-steambake-keramialapos-tuzhely-gozfunkcioval\/","url":"https:\/\/premiumkeszulek.hu\/hu\/termek\/electrolux-lkr562055x-steambake-keramialapos-tuzhely-gozfunkcioval\/","name":"Electrolux LKR562055X SteamBake ker\u00e1mialapos t\u0171zhely g\u0151zfunkci\u00f3val - Pr\u00e9miumK\u00e9sz\u00fcl\u00e9k","isPartOf":{"@id":"https:\/\/premiumkeszulek.hu\/en\/#website"},"primaryImageOfPage":{"@id":"https:\/\/premiumkeszulek.hu\/hu\/termek\/electrolux-lkr562055x-steambake-keramialapos-tuzhely-gozfunkcioval\/#primaryimage"},"image":{"@id":"https:\/\/premiumkeszulek.hu\/hu\/termek\/electrolux-lkr562055x-steambake-keramialapos-tuzhely-gozfunkcioval\/#primaryimage"},"thumbnailUrl":"https:\/\/i0.wp.com\/premiumkeszulek.hu\/wp-content\/uploads\/2025\/05\/LKR562055X.png?fit=800%2C800&ssl=1","datePublished":"2025-05-18T10:46:39+00:00","dateModified":"2026-04-02T16:38:07+00:00","description":"Fedezd fel az Electrolux LKR562055X SteamBake ker\u00e1mialapos t\u0171zhely kiv\u00e1l\u00f3 s\u00fct\u00e9si funkci\u00f3it! \u00c9lvezd a k\u00f6nny\u0171 tiszt\u00edt\u00e1st \u00e9s a g\u0151zfunktionalit\u00e1st!","breadcrumb":{"@id":"https:\/\/premiumkeszulek.hu\/hu\/termek\/electrolux-lkr562055x-steambake-keramialapos-tuzhely-gozfunkcioval\/#breadcrumb"},"inLanguage":"en-GB","potentialAction":[{"@type":"ReadAction","target":["https:\/\/premiumkeszulek.hu\/hu\/termek\/electrolux-lkr562055x-steambake-keramialapos-tuzhely-gozfunkcioval\/"]}]},{"@type":"ImageObject","inLanguage":"en-GB","@id":"https:\/\/premiumkeszulek.hu\/hu\/termek\/electrolux-lkr562055x-steambake-keramialapos-tuzhely-gozfunkcioval\/#primaryimage","url":"https:\/\/i0.wp.com\/premiumkeszulek.hu\/wp-content\/uploads\/2025\/05\/LKR562055X.png?fit=800%2C800&ssl=1","contentUrl":"https:\/\/i0.wp.com\/premiumkeszulek.hu\/wp-content\/uploads\/2025\/05\/LKR562055X.png?fit=800%2C800&ssl=1","width":800,"height":800},{"@type":"BreadcrumbList","@id":"https:\/\/premiumkeszulek.hu\/hu\/termek\/electrolux-lkr562055x-steambake-keramialapos-tuzhely-gozfunkcioval\/#breadcrumb","itemListElement":[{"@type":"ListItem","position":1,"name":"Home","item":"https:\/\/premiumkeszulek.hu\/en\/"},{"@type":"ListItem","position":2,"name":"Shop","item":"https:\/\/premiumkeszulek.hu\/en\/shop\/"},{"@type":"ListItem","position":3,"name":"Electrolux LKR562055X SteamBake ker\u00e1mialapos t\u0171zhely g\u0151zfunkci\u00f3val"}]},{"@type":"WebSite","@id":"https:\/\/premiumkeszulek.hu\/en\/#website","url":"https:\/\/premiumkeszulek.hu\/en\/","name":"Pr\u00e9miumK\u00e9sz\u00fcl\u00e9k","description":"","publisher":{"@id":"https:\/\/premiumkeszulek.hu\/en\/#organization"},"potentialAction":[{"@type":"SearchAction","target":{"@type":"EntryPoint","urlTemplate":"https:\/\/premiumkeszulek.hu\/en\/?s={search_term_string}"},"query-input":{"@type":"PropertyValueSpecification","valueRequired":true,"valueName":"search_term_string"}}],"inLanguage":"en-GB"},{"@type":"Organization","@id":"https:\/\/premiumkeszulek.hu\/en\/#organization","name":"Pr\u00e9miumK\u00e9sz\u00fcl\u00e9k","alternateName":"HPH Special Kft","url":"https:\/\/premiumkeszulek.hu\/en\/","logo":{"@type":"ImageObject","inLanguage":"en-GB","@id":"https:\/\/premiumkeszulek.hu\/en\/#\/schema\/logo\/image\/","url":"http:\/\/premiumkeszulek.hu\/wp-content\/uploads\/2025\/03\/TURKIZLOGO-kicsi.png","contentUrl":"http:\/\/premiumkeszulek.hu\/wp-content\/uploads\/2025\/03\/TURKIZLOGO-kicsi.png","width":1600,"height":547,"caption":"Pr\u00e9miumK\u00e9sz\u00fcl\u00e9k"},"image":{"@id":"https:\/\/premiumkeszulek.hu\/en\/#\/schema\/logo\/image\/"},"sameAs":["https:\/\/www.facebook.com\/konyhaluxnet","https:\/\/www.instagram.com\/konyhaluxnet\/#"],"email":"info@premiumkeszulek.hu","telephone":"36 1 \/ 226-1992","legalName":"HPH Special Kft","vatID":"HU12549502","taxID":"12549502","hasMerchantReturnPolicy":{"@type":"MerchantReturnPolicy","merchantReturnLink":"https:\/\/premiumkeszulek.hu\/en\/altalanos-szerzodesi-es-felhasznalasi-feltetelek\/"}}]},"product_brand":"Electrolux","product_price_amount":"147155","product_price_currency":"HUF","og_availability":"instock","product_availability":"instock","product_retailer_item_id":"943005702","product_condition":"new"},"jetpack_publicize_connections":[],"jetpack_likes_enabled":true,"jetpack_sharing_enabled":true,"jetpack-related-posts":[],"_links":{"self":[{"href":"https:\/\/premiumkeszulek.hu\/en\/wp-json\/wp\/v2\/product\/16715","targetHints":{"allow":["GET"]}}],"collection":[{"href":"https:\/\/premiumkeszulek.hu\/en\/wp-json\/wp\/v2\/product"}],"about":[{"href":"https:\/\/premiumkeszulek.hu\/en\/wp-json\/wp\/v2\/types\/product"}],"replies":[{"embeddable":true,"href":"https:\/\/premiumkeszulek.hu\/en\/wp-json\/wp\/v2\/comments?post=16715"}],"wp:featuredmedia":[{"embeddable":true,"href":"https:\/\/premiumkeszulek.hu\/en\/wp-json\/wp\/v2\/media\/16714"}],"wp:attachment":[{"href":"https:\/\/premiumkeszulek.hu\/en\/wp-json\/wp\/v2\/media?parent=16715"}],"wp:term":[{"taxonomy":"product_brand","embeddable":true,"href":"https:\/\/premiumkeszulek.hu\/en\/wp-json\/wp\/v2\/product_brand?post=16715"},{"taxonomy":"product_cat","embeddable":true,"href":"https:\/\/premiumkeszulek.hu\/en\/wp-json\/wp\/v2\/product_cat?post=16715"},{"taxonomy":"product_tag","embeddable":true,"href":"https:\/\/premiumkeszulek.hu\/en\/wp-json\/wp\/v2\/product_tag?post=16715"},{"taxonomy":"woo-feed-brand","embeddable":true,"href":"https:\/\/premiumkeszulek.hu\/en\/wp-json\/wp\/v2\/woo-feed-brand?post=16715"}],"curies":[{"name":"wp","href":"https:\/\/api.w.org\/{rel}","templated":true}]}}