{"id":16700,"date":"2025-05-18T12:46:17","date_gmt":"2025-05-18T10:46:17","guid":{"rendered":"https:\/\/premiumkeszulek.hu\/termek\/electrolux-lkr540202x-keramialapos-tuzhely-gozfunkcioval\/"},"modified":"2026-04-01T19:49:10","modified_gmt":"2026-04-01T17:49:10","slug":"electrolux-lkr540202x-keramialapos-tuzhely-gozfunkcioval","status":"publish","type":"product","link":"https:\/\/premiumkeszulek.hu\/en\/product\/electrolux-lkr540202x-keramialapos-tuzhely-gozfunkcioval\/","title":{"rendered":"Electrolux LKR540202X ker\u00e1mialapos t\u0171zhely g\u0151zfunkci\u00f3val"},"content":{"rendered":"<p>&#8211;\u00a0Ujjlenyomatmentes inox fel\u00fclet<br \/>\n\t&#8211; Multifunkci\u00f3s s\u00fct\u0151 &#8211; a legsokoldal\u00fabb t\u00e1rs s\u00fct\u00e9shez<br \/>\n\t&#8211; Fekete zom\u00e1nc &#8211; tart\u00f3s \u00e9s k\u00f6nnyen tiszt\u00edthat\u00f3<br \/>\n\t&#8211;\u00a0A f\u0151z\u00e9si folyamat idej\u00e9nek hajsz\u00e1lpontos be\u00e1ll\u00edt\u00e1sa garancia a sikerre, minden egyes fog\u00e1sn\u00e1l<br \/>\n\t&#8211; K\u00f6nnyen tiszt\u00edthat\u00f3 ajt\u00f3 (csavarok n\u00e9lk\u00fcl)<br \/>\n\t&#8211; H\u00e1ts\u00f3 g\u0151z-kivezet\u00e9s<br \/>\n\t&#8211; Ed\u00e9nytart\u00f3 fi\u00f3k<br \/>\n\t&#8211;\u00a0BBQ<br \/>\n\t&#8211; Digit\u00e1lis kijelz\u0151, percsz\u00e1ml\u00e1l\u00f3, id\u0151zit\u0151<\/p>\n","protected":false},"excerpt":{"rendered":"<p>S\u00fct\u00e9si Funkci\u00f3k: Als\u00f3 s\u00fct\u00e9s, kiolvaszt\u00e1s, grill + vent+ fels\u0151 s\u00fct\u00e9s, h\u0151l\u00e9gbef\u00fav\u00e1s + als\u00f3 s\u00fct\u00e9s, h\u0151l\u00e9gbef\u00fav\u00e1s, fels\u0151 + als\u00f3 s\u00fct\u00e9s, fels\u0151 + als\u00f3 s\u00fct\u00e9s + l\u00e9gkever\u00e9s, Top + Fan (ECO), hagyom\u00e1nyos s\u00fct\u00e9s, l\u00e9gkever\u00e9s, pizza, h\u0151l\u00e9gkever\u00e9s, turbo grill<\/p>\n","protected":false},"featured_media":16699,"comment_status":"closed","ping_status":"closed","template":"","meta":{"_crdt_document":"","content-type":"","jetpack_post_was_ever_published":false,"jetpack_publicize_message":"","jetpack_publicize_feature_enabled":true,"jetpack_social_post_already_shared":true,"jetpack_social_options":{"image_generator_settings":{"template":"highway","default_image_id":0,"font":"","enabled":false},"version":2},"_wpas_customize_per_network":false},"product_brand":[7625],"product_cat":[1527,1643],"product_tag":[],"woo-feed-brand":[],"class_list":{"0":"post-16700","1":"product","2":"type-product","3":"status-publish","4":"has-post-thumbnail","6":"product_brand-electrolux","7":"product_cat-sutok-es-fozolapok","8":"product_cat-tuzhelyek","9":"product_shipping_class-100000felett","11":"first","12":"onbackorder","13":"taxable","14":"shipping-taxable","15":"purchasable","16":"product-type-simple"},"yoast_head":"<!-- This site is optimized with the Yoast SEO Premium plugin v26.9 (Yoast SEO v26.9) - https:\/\/yoast.com\/product\/yoast-seo-premium-wordpress\/ -->\n<title>Electrolux LKR540202X ker\u00e1mialapos t\u0171zhely g\u0151zfunkci\u00f3val - Pr\u00e9miumK\u00e9sz\u00fcl\u00e9k<\/title>\n<meta name=\"description\" content=\"Fedezze fel a multifunkci\u00f3s Electrolux LKR540202X ker\u00e1mialapos t\u0171zhelyt! \u00c9lvezze a pontos s\u00fct\u00e9si be\u00e1ll\u00edt\u00e1sok el\u0151nyeit minden \u00e9teln\u00e9l.\" \/>\n<meta name=\"robots\" content=\"index, follow, max-snippet:-1, max-image-preview:large, max-video-preview:-1\" \/>\n<link rel=\"canonical\" href=\"https:\/\/premiumkeszulek.hu\/en\/termek\/electrolux-lkr540202x-keramialapos-tuzhely-gozfunkcioval\/\" \/>\n<meta property=\"og:locale\" content=\"en_GB\" \/>\n<meta property=\"og:type\" content=\"article\" \/>\n<meta property=\"og:title\" content=\"Electrolux LKR540202X ker\u00e1mialapos t\u0171zhely g\u0151zfunkci\u00f3val\" \/>\n<meta property=\"og:description\" content=\"Fedezze fel a multifunkci\u00f3s Electrolux LKR540202X ker\u00e1mialapos t\u0171zhelyt! \u00c9lvezze a pontos s\u00fct\u00e9si be\u00e1ll\u00edt\u00e1sok el\u0151nyeit minden \u00e9teln\u00e9l.\" \/>\n<meta property=\"og:url\" content=\"https:\/\/premiumkeszulek.hu\/en\/termek\/electrolux-lkr540202x-keramialapos-tuzhely-gozfunkcioval\/\" \/>\n<meta property=\"og:site_name\" content=\"Pr\u00e9miumK\u00e9sz\u00fcl\u00e9k\" \/>\n<meta property=\"article:publisher\" content=\"https:\/\/www.facebook.com\/konyhaluxnet\" \/>\n<meta property=\"article:modified_time\" content=\"2026-04-01T17:49:10+00:00\" \/>\n<meta property=\"og:image\" content=\"https:\/\/i0.wp.com\/premiumkeszulek.hu\/wp-content\/uploads\/2025\/05\/LKR540202X.jpg?fit=800%2C800&ssl=1\" \/>\n\t<meta property=\"og:image:width\" content=\"800\" \/>\n\t<meta property=\"og:image:height\" content=\"800\" \/>\n\t<meta property=\"og:image:type\" content=\"image\/jpeg\" \/>\n<meta name=\"twitter:card\" content=\"summary_large_image\" \/>\n<meta name=\"twitter:label1\" content=\"Price\" \/>\n\t<meta name=\"twitter:data1\" content=\"210.890&#070;&#116;\" \/>\n\t<meta name=\"twitter:label2\" content=\"Availability\" \/>\n\t<meta name=\"twitter:data2\" content=\"On back order\" \/>\n<script type=\"application\/ld+json\" class=\"yoast-schema-graph\">{\"@context\":\"https:\/\/schema.org\",\"@graph\":[{\"@type\":\"WebPage\",\"@id\":\"https:\/\/premiumkeszulek.hu\/hu\/termek\/electrolux-lkr540202x-keramialapos-tuzhely-gozfunkcioval\/\",\"url\":\"https:\/\/premiumkeszulek.hu\/hu\/termek\/electrolux-lkr540202x-keramialapos-tuzhely-gozfunkcioval\/\",\"name\":\"Electrolux LKR540202X ker\u00e1mialapos t\u0171zhely g\u0151zfunkci\u00f3val - Pr\u00e9miumK\u00e9sz\u00fcl\u00e9k\",\"isPartOf\":{\"@id\":\"http:\/\/premiumkeszulek.hu\/hu\/#website\"},\"primaryImageOfPage\":{\"@id\":\"https:\/\/premiumkeszulek.hu\/hu\/termek\/electrolux-lkr540202x-keramialapos-tuzhely-gozfunkcioval\/#primaryimage\"},\"image\":{\"@id\":\"https:\/\/premiumkeszulek.hu\/hu\/termek\/electrolux-lkr540202x-keramialapos-tuzhely-gozfunkcioval\/#primaryimage\"},\"thumbnailUrl\":\"https:\/\/i0.wp.com\/premiumkeszulek.hu\/wp-content\/uploads\/2025\/05\/LKR540202X.jpg?fit=800%2C800&ssl=1\",\"datePublished\":\"2025-05-18T10:46:17+00:00\",\"dateModified\":\"2026-04-01T17:49:10+00:00\",\"description\":\"Fedezze fel a multifunkci\u00f3s Electrolux LKR540202X ker\u00e1mialapos t\u0171zhelyt! \u00c9lvezze a pontos s\u00fct\u00e9si be\u00e1ll\u00edt\u00e1sok el\u0151nyeit minden \u00e9teln\u00e9l.\",\"breadcrumb\":{\"@id\":\"https:\/\/premiumkeszulek.hu\/hu\/termek\/electrolux-lkr540202x-keramialapos-tuzhely-gozfunkcioval\/#breadcrumb\"},\"inLanguage\":\"en-GB\",\"potentialAction\":[{\"@type\":\"ReadAction\",\"target\":[\"https:\/\/premiumkeszulek.hu\/hu\/termek\/electrolux-lkr540202x-keramialapos-tuzhely-gozfunkcioval\/\"]}]},{\"@type\":\"ImageObject\",\"inLanguage\":\"en-GB\",\"@id\":\"https:\/\/premiumkeszulek.hu\/hu\/termek\/electrolux-lkr540202x-keramialapos-tuzhely-gozfunkcioval\/#primaryimage\",\"url\":\"https:\/\/i0.wp.com\/premiumkeszulek.hu\/wp-content\/uploads\/2025\/05\/LKR540202X.jpg?fit=800%2C800&ssl=1\",\"contentUrl\":\"https:\/\/i0.wp.com\/premiumkeszulek.hu\/wp-content\/uploads\/2025\/05\/LKR540202X.jpg?fit=800%2C800&ssl=1\",\"width\":800,\"height\":800},{\"@type\":\"BreadcrumbList\",\"@id\":\"https:\/\/premiumkeszulek.hu\/hu\/termek\/electrolux-lkr540202x-keramialapos-tuzhely-gozfunkcioval\/#breadcrumb\",\"itemListElement\":[{\"@type\":\"ListItem\",\"position\":1,\"name\":\"Home\",\"item\":\"https:\/\/premiumkeszulek.hu\/hu\/\"},{\"@type\":\"ListItem\",\"position\":2,\"name\":\"Shop\",\"item\":\"https:\/\/premiumkeszulek.hu\/hu\/shop\/\"},{\"@type\":\"ListItem\",\"position\":3,\"name\":\"Electrolux LKR540202X ker\u00e1mialapos t\u0171zhely g\u0151zfunkci\u00f3val\"}]},{\"@type\":\"WebSite\",\"@id\":\"http:\/\/premiumkeszulek.hu\/hu\/#website\",\"url\":\"http:\/\/premiumkeszulek.hu\/hu\/\",\"name\":\"Pr\u00e9miumK\u00e9sz\u00fcl\u00e9k\",\"description\":\"\",\"publisher\":{\"@id\":\"http:\/\/premiumkeszulek.hu\/hu\/#organization\"},\"potentialAction\":[{\"@type\":\"SearchAction\",\"target\":{\"@type\":\"EntryPoint\",\"urlTemplate\":\"http:\/\/premiumkeszulek.hu\/hu\/?s={search_term_string}\"},\"query-input\":{\"@type\":\"PropertyValueSpecification\",\"valueRequired\":true,\"valueName\":\"search_term_string\"}}],\"inLanguage\":\"en-GB\"},{\"@type\":\"Organization\",\"@id\":\"http:\/\/premiumkeszulek.hu\/hu\/#organization\",\"name\":\"Pr\u00e9miumK\u00e9sz\u00fcl\u00e9k\",\"alternateName\":\"HPH Special Kft\",\"url\":\"http:\/\/premiumkeszulek.hu\/hu\/\",\"logo\":{\"@type\":\"ImageObject\",\"inLanguage\":\"en-GB\",\"@id\":\"http:\/\/premiumkeszulek.hu\/hu\/#\/schema\/logo\/image\/\",\"url\":\"http:\/\/premiumkeszulek.hu\/wp-content\/uploads\/2025\/03\/TURKIZLOGO-kicsi.png\",\"contentUrl\":\"http:\/\/premiumkeszulek.hu\/wp-content\/uploads\/2025\/03\/TURKIZLOGO-kicsi.png\",\"width\":1600,\"height\":547,\"caption\":\"Pr\u00e9miumK\u00e9sz\u00fcl\u00e9k\"},\"image\":{\"@id\":\"http:\/\/premiumkeszulek.hu\/hu\/#\/schema\/logo\/image\/\"},\"sameAs\":[\"https:\/\/www.facebook.com\/konyhaluxnet\",\"https:\/\/www.instagram.com\/konyhaluxnet\/#\"],\"email\":\"info@premiumkeszulek.hu\",\"telephone\":\"36 1 \/ 226-1992\",\"legalName\":\"HPH Special Kft\",\"vatID\":\"HU12549502\",\"taxID\":\"12549502\",\"hasMerchantReturnPolicy\":{\"@type\":\"MerchantReturnPolicy\",\"merchantReturnLink\":\"https:\/\/premiumkeszulek.hu\/en\/altalanos-szerzodesi-es-felhasznalasi-feltetelek\/\"}}]}<\/script>\n<meta property=\"product:brand\" content=\"Electrolux\" \/>\n<meta property=\"product:price:amount\" content=\"210890\" \/>\n<meta property=\"product:price:currency\" content=\"HUF\" \/>\n<meta property=\"og:availability\" content=\"backorder\" \/>\n<meta property=\"product:availability\" content=\"available for order\" \/>\n<meta property=\"product:retailer_item_id\" content=\"943005505\" \/>\n<meta property=\"product:condition\" content=\"new\" \/>\n<!-- \/ Yoast SEO Premium plugin. -->","yoast_head_json":{"title":"Electrolux LKR540202X ker\u00e1mialapos t\u0171zhely g\u0151zfunkci\u00f3val - Pr\u00e9miumK\u00e9sz\u00fcl\u00e9k","description":"Fedezze fel a multifunkci\u00f3s Electrolux LKR540202X ker\u00e1mialapos t\u0171zhelyt! \u00c9lvezze a pontos s\u00fct\u00e9si be\u00e1ll\u00edt\u00e1sok el\u0151nyeit minden \u00e9teln\u00e9l.","robots":{"index":"index","follow":"follow","max-snippet":"max-snippet:-1","max-image-preview":"max-image-preview:large","max-video-preview":"max-video-preview:-1"},"canonical":"https:\/\/premiumkeszulek.hu\/en\/termek\/electrolux-lkr540202x-keramialapos-tuzhely-gozfunkcioval\/","og_locale":"en_GB","og_type":"article","og_title":"Electrolux LKR540202X ker\u00e1mialapos t\u0171zhely g\u0151zfunkci\u00f3val","og_description":"Fedezze fel a multifunkci\u00f3s Electrolux LKR540202X ker\u00e1mialapos t\u0171zhelyt! \u00c9lvezze a pontos s\u00fct\u00e9si be\u00e1ll\u00edt\u00e1sok el\u0151nyeit minden \u00e9teln\u00e9l.","og_url":"https:\/\/premiumkeszulek.hu\/en\/termek\/electrolux-lkr540202x-keramialapos-tuzhely-gozfunkcioval\/","og_site_name":"Pr\u00e9miumK\u00e9sz\u00fcl\u00e9k","article_publisher":"https:\/\/www.facebook.com\/konyhaluxnet","article_modified_time":"2026-04-01T17:49:10+00:00","og_image":[{"width":800,"height":800,"url":"https:\/\/i0.wp.com\/premiumkeszulek.hu\/wp-content\/uploads\/2025\/05\/LKR540202X.jpg?fit=800%2C800&ssl=1","type":"image\/jpeg"}],"twitter_card":"summary_large_image","twitter_misc":{"Price":"210.890&#70;&#116;","Availability":"On back order"},"schema":{"@context":"https:\/\/schema.org","@graph":[{"@type":"WebPage","@id":"https:\/\/premiumkeszulek.hu\/hu\/termek\/electrolux-lkr540202x-keramialapos-tuzhely-gozfunkcioval\/","url":"https:\/\/premiumkeszulek.hu\/hu\/termek\/electrolux-lkr540202x-keramialapos-tuzhely-gozfunkcioval\/","name":"Electrolux LKR540202X ker\u00e1mialapos t\u0171zhely g\u0151zfunkci\u00f3val - Pr\u00e9miumK\u00e9sz\u00fcl\u00e9k","isPartOf":{"@id":"http:\/\/premiumkeszulek.hu\/hu\/#website"},"primaryImageOfPage":{"@id":"https:\/\/premiumkeszulek.hu\/hu\/termek\/electrolux-lkr540202x-keramialapos-tuzhely-gozfunkcioval\/#primaryimage"},"image":{"@id":"https:\/\/premiumkeszulek.hu\/hu\/termek\/electrolux-lkr540202x-keramialapos-tuzhely-gozfunkcioval\/#primaryimage"},"thumbnailUrl":"https:\/\/i0.wp.com\/premiumkeszulek.hu\/wp-content\/uploads\/2025\/05\/LKR540202X.jpg?fit=800%2C800&ssl=1","datePublished":"2025-05-18T10:46:17+00:00","dateModified":"2026-04-01T17:49:10+00:00","description":"Fedezze fel a multifunkci\u00f3s Electrolux LKR540202X ker\u00e1mialapos t\u0171zhelyt! \u00c9lvezze a pontos s\u00fct\u00e9si be\u00e1ll\u00edt\u00e1sok el\u0151nyeit minden \u00e9teln\u00e9l.","breadcrumb":{"@id":"https:\/\/premiumkeszulek.hu\/hu\/termek\/electrolux-lkr540202x-keramialapos-tuzhely-gozfunkcioval\/#breadcrumb"},"inLanguage":"en-GB","potentialAction":[{"@type":"ReadAction","target":["https:\/\/premiumkeszulek.hu\/hu\/termek\/electrolux-lkr540202x-keramialapos-tuzhely-gozfunkcioval\/"]}]},{"@type":"ImageObject","inLanguage":"en-GB","@id":"https:\/\/premiumkeszulek.hu\/hu\/termek\/electrolux-lkr540202x-keramialapos-tuzhely-gozfunkcioval\/#primaryimage","url":"https:\/\/i0.wp.com\/premiumkeszulek.hu\/wp-content\/uploads\/2025\/05\/LKR540202X.jpg?fit=800%2C800&ssl=1","contentUrl":"https:\/\/i0.wp.com\/premiumkeszulek.hu\/wp-content\/uploads\/2025\/05\/LKR540202X.jpg?fit=800%2C800&ssl=1","width":800,"height":800},{"@type":"BreadcrumbList","@id":"https:\/\/premiumkeszulek.hu\/hu\/termek\/electrolux-lkr540202x-keramialapos-tuzhely-gozfunkcioval\/#breadcrumb","itemListElement":[{"@type":"ListItem","position":1,"name":"Home","item":"https:\/\/premiumkeszulek.hu\/hu\/"},{"@type":"ListItem","position":2,"name":"Shop","item":"https:\/\/premiumkeszulek.hu\/hu\/shop\/"},{"@type":"ListItem","position":3,"name":"Electrolux LKR540202X ker\u00e1mialapos t\u0171zhely g\u0151zfunkci\u00f3val"}]},{"@type":"WebSite","@id":"http:\/\/premiumkeszulek.hu\/hu\/#website","url":"http:\/\/premiumkeszulek.hu\/hu\/","name":"Pr\u00e9miumK\u00e9sz\u00fcl\u00e9k","description":"","publisher":{"@id":"http:\/\/premiumkeszulek.hu\/hu\/#organization"},"potentialAction":[{"@type":"SearchAction","target":{"@type":"EntryPoint","urlTemplate":"http:\/\/premiumkeszulek.hu\/hu\/?s={search_term_string}"},"query-input":{"@type":"PropertyValueSpecification","valueRequired":true,"valueName":"search_term_string"}}],"inLanguage":"en-GB"},{"@type":"Organization","@id":"http:\/\/premiumkeszulek.hu\/hu\/#organization","name":"Pr\u00e9miumK\u00e9sz\u00fcl\u00e9k","alternateName":"HPH Special Kft","url":"http:\/\/premiumkeszulek.hu\/hu\/","logo":{"@type":"ImageObject","inLanguage":"en-GB","@id":"http:\/\/premiumkeszulek.hu\/hu\/#\/schema\/logo\/image\/","url":"http:\/\/premiumkeszulek.hu\/wp-content\/uploads\/2025\/03\/TURKIZLOGO-kicsi.png","contentUrl":"http:\/\/premiumkeszulek.hu\/wp-content\/uploads\/2025\/03\/TURKIZLOGO-kicsi.png","width":1600,"height":547,"caption":"Pr\u00e9miumK\u00e9sz\u00fcl\u00e9k"},"image":{"@id":"http:\/\/premiumkeszulek.hu\/hu\/#\/schema\/logo\/image\/"},"sameAs":["https:\/\/www.facebook.com\/konyhaluxnet","https:\/\/www.instagram.com\/konyhaluxnet\/#"],"email":"info@premiumkeszulek.hu","telephone":"36 1 \/ 226-1992","legalName":"HPH Special Kft","vatID":"HU12549502","taxID":"12549502","hasMerchantReturnPolicy":{"@type":"MerchantReturnPolicy","merchantReturnLink":"https:\/\/premiumkeszulek.hu\/en\/altalanos-szerzodesi-es-felhasznalasi-feltetelek\/"}}]},"product_brand":"Electrolux","product_price_amount":"210890","product_price_currency":"HUF","og_availability":"backorder","product_availability":"available for order","product_retailer_item_id":"943005505","product_condition":"new"},"jetpack_publicize_connections":[],"jetpack_likes_enabled":true,"jetpack_sharing_enabled":true,"jetpack-related-posts":[],"_links":{"self":[{"href":"https:\/\/premiumkeszulek.hu\/en\/wp-json\/wp\/v2\/product\/16700","targetHints":{"allow":["GET"]}}],"collection":[{"href":"https:\/\/premiumkeszulek.hu\/en\/wp-json\/wp\/v2\/product"}],"about":[{"href":"https:\/\/premiumkeszulek.hu\/en\/wp-json\/wp\/v2\/types\/product"}],"replies":[{"embeddable":true,"href":"https:\/\/premiumkeszulek.hu\/en\/wp-json\/wp\/v2\/comments?post=16700"}],"wp:featuredmedia":[{"embeddable":true,"href":"https:\/\/premiumkeszulek.hu\/en\/wp-json\/wp\/v2\/media\/16699"}],"wp:attachment":[{"href":"https:\/\/premiumkeszulek.hu\/en\/wp-json\/wp\/v2\/media?parent=16700"}],"wp:term":[{"taxonomy":"product_brand","embeddable":true,"href":"https:\/\/premiumkeszulek.hu\/en\/wp-json\/wp\/v2\/product_brand?post=16700"},{"taxonomy":"product_cat","embeddable":true,"href":"https:\/\/premiumkeszulek.hu\/en\/wp-json\/wp\/v2\/product_cat?post=16700"},{"taxonomy":"product_tag","embeddable":true,"href":"https:\/\/premiumkeszulek.hu\/en\/wp-json\/wp\/v2\/product_tag?post=16700"},{"taxonomy":"woo-feed-brand","embeddable":true,"href":"https:\/\/premiumkeszulek.hu\/en\/wp-json\/wp\/v2\/woo-feed-brand?post=16700"}],"curies":[{"name":"wp","href":"https:\/\/api.w.org\/{rel}","templated":true}]}}