{"id":16285,"date":"2025-05-16T19:22:05","date_gmt":"2025-05-16T17:22:05","guid":{"rendered":"https:\/\/premiumkeszulek.hu\/termek\/electrolux-ew7d384ve-delicatecare-hoszivattyus-szaritogep-8-kg\/"},"modified":"2026-04-02T18:37:58","modified_gmt":"2026-04-02T16:37:58","slug":"electrolux-ew7d384ve-delicatecare-hoszivattyus-szaritogep-8-kg","status":"publish","type":"product","link":"https:\/\/premiumkeszulek.hu\/en\/product\/electrolux-ew7d384ve-delicatecare-hoszivattyus-szaritogep-8-kg\/","title":{"rendered":"Electrolux EW7D384VE DelicateCare H\u0151szivatty\u00fas sz\u00e1r\u00edt\u00f3g\u00e9p, 8 kg"},"content":{"rendered":"<p>&#8211; h\u0151szivatty\u00fas sz\u00e1r\u00edt\u00e1si technol\u00f3gia<br \/>\n\t&#8211; nagym\u00e9ret\u0171, kerek \u00fcvegajt\u00f3<br \/>\n\t&#8211; inverter motor<br \/>\n\t&#8211; MixCare sz\u00e1r\u00edt\u00e1s vegyes t\u00f6ltetekhez<br \/>\n\t&#8211; Hygiene program elt\u00e1vol\u00edtja a bakt\u00e9riumok \u00e9s v\u00edrusok 99,9%-\u00e1t<br \/>\n\t&#8211; bels\u0151 vil\u00e1g\u00edt\u00e1s (LED)<br \/>\n\t&#8211; feh\u00e9r LED kijelz\u0151 \u00e9rint\u0151kapcsol\u00f3kkal<br \/>\n\t&#8211; k\u00e9sleltetett ind\u00edt\u00e1s<br \/>\n\t&#8211; sz\u0171r\u0151 \u00e9s tart\u00e1ly tel\u00edtetts\u00e9g kijelz\u00e9s<br \/>\n\t&#8211; ir\u00e1nyv\u00e1lt\u00f3 dob megakad\u00e1lyozza a ruh\u00e1k gy\u0171r\u0151d\u00e9s\u00e9t<br \/>\n\t&#8211; Ajt\u00f3nyit\u00e1s jobbra, megford\u00edthat\u00f3<br \/>\n\t&#8211; EasyClean sz\u0171r\u0151 &#8211; k\u00f6nnyen tiszt\u00edthat\u00f3<br \/>\n\t&#8211; DelicateCare rendszer &#8211; h\u0151m\u00e9rs\u00e9klet \u00e9s dobmozg\u00e1s vez\u00e9rl\u00e9s<br \/>\n\t&#8211; SensiCare rendszer &#8211; optim\u00e1lis programid\u0151<\/p>\n","protected":false},"excerpt":{"rendered":"<p>Programok: MixCare, pamut, m\u0171sz\u00e1l, k\u00edm\u00e9l\u0151, gyapj\u00fa, selyem, vasal\u00e1sk\u00f6nny\u00edt\u0151, Sportruha, k\u00fclt\u00e9ri ruh\u00e1zat, Hygiene, Bed LINEN XL, Eco<\/p>\n","protected":false},"featured_media":16284,"comment_status":"closed","ping_status":"closed","template":"","meta":{"_crdt_document":"","content-type":"","jetpack_post_was_ever_published":false,"jetpack_publicize_message":"","jetpack_publicize_feature_enabled":true,"jetpack_social_post_already_shared":true,"jetpack_social_options":{"image_generator_settings":{"template":"highway","default_image_id":0,"font":"","enabled":false},"version":2},"_wpas_customize_per_network":false},"product_brand":[7625],"product_cat":[1377,1379],"product_tag":[],"woo-feed-brand":[],"class_list":{"0":"post-16285","1":"product","2":"type-product","3":"status-publish","4":"has-post-thumbnail","6":"product_brand-electrolux","7":"product_cat-mososzaritogepek","8":"product_cat-szaritogep","9":"product_shipping_class-100000felett","11":"first","12":"instock","13":"sale","14":"taxable","15":"shipping-taxable","16":"purchasable","17":"product-type-simple"},"yoast_head":"<!-- This site is optimized with the Yoast SEO Premium plugin v26.9 (Yoast SEO v26.9) - https:\/\/yoast.com\/product\/yoast-seo-premium-wordpress\/ -->\n<title>Electrolux EW7D384VE DelicateCare H\u0151szivatty\u00fas sz\u00e1r\u00edt\u00f3g\u00e9p, 8 kg - Pr\u00e9miumK\u00e9sz\u00fcl\u00e9k<\/title>\n<meta name=\"description\" content=\"Fedezze fel az Electrolux EW7D384VE H\u0151szivatty\u00fas sz\u00e1r\u00edt\u00f3g\u00e9p el\u0151nyeit! Hygiene programj\u00e1val 99,9% -ban elt\u00e1vol\u00edtja a bakt\u00e9riumokat \u00e9s v\u00edrusokat.\" \/>\n<meta name=\"robots\" content=\"index, follow, max-snippet:-1, max-image-preview:large, max-video-preview:-1\" \/>\n<link rel=\"canonical\" href=\"https:\/\/premiumkeszulek.hu\/en\/termek\/electrolux-ew7d384ve-delicatecare-hoszivattyus-szaritogep-8-kg\/\" \/>\n<meta property=\"og:locale\" content=\"en_GB\" \/>\n<meta property=\"og:type\" content=\"article\" \/>\n<meta property=\"og:title\" content=\"Electrolux EW7D384VE DelicateCare H\u0151szivatty\u00fas sz\u00e1r\u00edt\u00f3g\u00e9p, 8 kg\" \/>\n<meta property=\"og:description\" content=\"Fedezze fel az Electrolux EW7D384VE H\u0151szivatty\u00fas sz\u00e1r\u00edt\u00f3g\u00e9p el\u0151nyeit! Hygiene programj\u00e1val 99,9% -ban elt\u00e1vol\u00edtja a bakt\u00e9riumokat \u00e9s v\u00edrusokat.\" \/>\n<meta property=\"og:url\" content=\"https:\/\/premiumkeszulek.hu\/en\/termek\/electrolux-ew7d384ve-delicatecare-hoszivattyus-szaritogep-8-kg\/\" \/>\n<meta property=\"og:site_name\" content=\"Pr\u00e9miumK\u00e9sz\u00fcl\u00e9k\" \/>\n<meta property=\"article:publisher\" content=\"https:\/\/www.facebook.com\/konyhaluxnet\" \/>\n<meta property=\"article:modified_time\" content=\"2026-04-02T16:37:58+00:00\" \/>\n<meta property=\"og:image\" content=\"https:\/\/i0.wp.com\/premiumkeszulek.hu\/wp-content\/uploads\/2025\/05\/EW7D384VE.png?fit=800%2C800&ssl=1\" \/>\n\t<meta property=\"og:image:width\" content=\"800\" \/>\n\t<meta property=\"og:image:height\" content=\"800\" \/>\n\t<meta property=\"og:image:type\" content=\"image\/png\" \/>\n<meta name=\"twitter:card\" content=\"summary_large_image\" \/>\n<meta name=\"twitter:label1\" content=\"Price\" \/>\n\t<meta name=\"twitter:data1\" content=\"213.655&#070;&#116;\" \/>\n\t<meta name=\"twitter:label2\" content=\"Availability\" \/>\n\t<meta name=\"twitter:data2\" content=\"In stock\" \/>\n<script type=\"application\/ld+json\" class=\"yoast-schema-graph\">{\"@context\":\"https:\/\/schema.org\",\"@graph\":[{\"@type\":\"WebPage\",\"@id\":\"https:\/\/premiumkeszulek.hu\/hu\/termek\/electrolux-ew7d384ve-delicatecare-hoszivattyus-szaritogep-8-kg\/\",\"url\":\"https:\/\/premiumkeszulek.hu\/hu\/termek\/electrolux-ew7d384ve-delicatecare-hoszivattyus-szaritogep-8-kg\/\",\"name\":\"Electrolux EW7D384VE DelicateCare H\u0151szivatty\u00fas sz\u00e1r\u00edt\u00f3g\u00e9p, 8 kg - Pr\u00e9miumK\u00e9sz\u00fcl\u00e9k\",\"isPartOf\":{\"@id\":\"https:\/\/premiumkeszulek.hu\/en\/#website\"},\"primaryImageOfPage\":{\"@id\":\"https:\/\/premiumkeszulek.hu\/hu\/termek\/electrolux-ew7d384ve-delicatecare-hoszivattyus-szaritogep-8-kg\/#primaryimage\"},\"image\":{\"@id\":\"https:\/\/premiumkeszulek.hu\/hu\/termek\/electrolux-ew7d384ve-delicatecare-hoszivattyus-szaritogep-8-kg\/#primaryimage\"},\"thumbnailUrl\":\"https:\/\/i0.wp.com\/premiumkeszulek.hu\/wp-content\/uploads\/2025\/05\/EW7D384VE.png?fit=800%2C800&ssl=1\",\"datePublished\":\"2025-05-16T17:22:05+00:00\",\"dateModified\":\"2026-04-02T16:37:58+00:00\",\"description\":\"Fedezze fel az Electrolux EW7D384VE H\u0151szivatty\u00fas sz\u00e1r\u00edt\u00f3g\u00e9p el\u0151nyeit! Hygiene programj\u00e1val 99,9% -ban elt\u00e1vol\u00edtja a bakt\u00e9riumokat \u00e9s v\u00edrusokat.\",\"breadcrumb\":{\"@id\":\"https:\/\/premiumkeszulek.hu\/hu\/termek\/electrolux-ew7d384ve-delicatecare-hoszivattyus-szaritogep-8-kg\/#breadcrumb\"},\"inLanguage\":\"en-GB\",\"potentialAction\":[{\"@type\":\"ReadAction\",\"target\":[\"https:\/\/premiumkeszulek.hu\/hu\/termek\/electrolux-ew7d384ve-delicatecare-hoszivattyus-szaritogep-8-kg\/\"]}]},{\"@type\":\"ImageObject\",\"inLanguage\":\"en-GB\",\"@id\":\"https:\/\/premiumkeszulek.hu\/hu\/termek\/electrolux-ew7d384ve-delicatecare-hoszivattyus-szaritogep-8-kg\/#primaryimage\",\"url\":\"https:\/\/i0.wp.com\/premiumkeszulek.hu\/wp-content\/uploads\/2025\/05\/EW7D384VE.png?fit=800%2C800&ssl=1\",\"contentUrl\":\"https:\/\/i0.wp.com\/premiumkeszulek.hu\/wp-content\/uploads\/2025\/05\/EW7D384VE.png?fit=800%2C800&ssl=1\",\"width\":800,\"height\":800},{\"@type\":\"BreadcrumbList\",\"@id\":\"https:\/\/premiumkeszulek.hu\/hu\/termek\/electrolux-ew7d384ve-delicatecare-hoszivattyus-szaritogep-8-kg\/#breadcrumb\",\"itemListElement\":[{\"@type\":\"ListItem\",\"position\":1,\"name\":\"Home\",\"item\":\"https:\/\/premiumkeszulek.hu\/en\/\"},{\"@type\":\"ListItem\",\"position\":2,\"name\":\"Shop\",\"item\":\"https:\/\/premiumkeszulek.hu\/en\/shop\/\"},{\"@type\":\"ListItem\",\"position\":3,\"name\":\"Electrolux EW7D384VE DelicateCare H\u0151szivatty\u00fas sz\u00e1r\u00edt\u00f3g\u00e9p, 8 kg\"}]},{\"@type\":\"WebSite\",\"@id\":\"https:\/\/premiumkeszulek.hu\/en\/#website\",\"url\":\"https:\/\/premiumkeszulek.hu\/en\/\",\"name\":\"Pr\u00e9miumK\u00e9sz\u00fcl\u00e9k\",\"description\":\"\",\"publisher\":{\"@id\":\"https:\/\/premiumkeszulek.hu\/en\/#organization\"},\"potentialAction\":[{\"@type\":\"SearchAction\",\"target\":{\"@type\":\"EntryPoint\",\"urlTemplate\":\"https:\/\/premiumkeszulek.hu\/en\/?s={search_term_string}\"},\"query-input\":{\"@type\":\"PropertyValueSpecification\",\"valueRequired\":true,\"valueName\":\"search_term_string\"}}],\"inLanguage\":\"en-GB\"},{\"@type\":\"Organization\",\"@id\":\"https:\/\/premiumkeszulek.hu\/en\/#organization\",\"name\":\"Pr\u00e9miumK\u00e9sz\u00fcl\u00e9k\",\"alternateName\":\"HPH Special Kft\",\"url\":\"https:\/\/premiumkeszulek.hu\/en\/\",\"logo\":{\"@type\":\"ImageObject\",\"inLanguage\":\"en-GB\",\"@id\":\"https:\/\/premiumkeszulek.hu\/en\/#\/schema\/logo\/image\/\",\"url\":\"http:\/\/premiumkeszulek.hu\/wp-content\/uploads\/2025\/03\/TURKIZLOGO-kicsi.png\",\"contentUrl\":\"http:\/\/premiumkeszulek.hu\/wp-content\/uploads\/2025\/03\/TURKIZLOGO-kicsi.png\",\"width\":1600,\"height\":547,\"caption\":\"Pr\u00e9miumK\u00e9sz\u00fcl\u00e9k\"},\"image\":{\"@id\":\"https:\/\/premiumkeszulek.hu\/en\/#\/schema\/logo\/image\/\"},\"sameAs\":[\"https:\/\/www.facebook.com\/konyhaluxnet\",\"https:\/\/www.instagram.com\/konyhaluxnet\/#\"],\"email\":\"info@premiumkeszulek.hu\",\"telephone\":\"36 1 \/ 226-1992\",\"legalName\":\"HPH Special Kft\",\"vatID\":\"HU12549502\",\"taxID\":\"12549502\",\"hasMerchantReturnPolicy\":{\"@type\":\"MerchantReturnPolicy\",\"merchantReturnLink\":\"https:\/\/premiumkeszulek.hu\/en\/altalanos-szerzodesi-es-felhasznalasi-feltetelek\/\"}}]}<\/script>\n<meta property=\"product:brand\" content=\"Electrolux\" \/>\n<meta property=\"product:price:amount\" content=\"213655\" \/>\n<meta property=\"product:price:currency\" content=\"HUF\" \/>\n<meta property=\"og:availability\" content=\"instock\" \/>\n<meta property=\"product:availability\" content=\"instock\" \/>\n<meta property=\"product:retailer_item_id\" content=\"916099846\" \/>\n<meta property=\"product:condition\" content=\"new\" \/>\n<!-- \/ Yoast SEO Premium plugin. -->","yoast_head_json":{"title":"Electrolux EW7D384VE DelicateCare H\u0151szivatty\u00fas sz\u00e1r\u00edt\u00f3g\u00e9p, 8 kg - Pr\u00e9miumK\u00e9sz\u00fcl\u00e9k","description":"Fedezze fel az Electrolux EW7D384VE H\u0151szivatty\u00fas sz\u00e1r\u00edt\u00f3g\u00e9p el\u0151nyeit! Hygiene programj\u00e1val 99,9% -ban elt\u00e1vol\u00edtja a bakt\u00e9riumokat \u00e9s v\u00edrusokat.","robots":{"index":"index","follow":"follow","max-snippet":"max-snippet:-1","max-image-preview":"max-image-preview:large","max-video-preview":"max-video-preview:-1"},"canonical":"https:\/\/premiumkeszulek.hu\/en\/termek\/electrolux-ew7d384ve-delicatecare-hoszivattyus-szaritogep-8-kg\/","og_locale":"en_GB","og_type":"article","og_title":"Electrolux EW7D384VE DelicateCare H\u0151szivatty\u00fas sz\u00e1r\u00edt\u00f3g\u00e9p, 8 kg","og_description":"Fedezze fel az Electrolux EW7D384VE H\u0151szivatty\u00fas sz\u00e1r\u00edt\u00f3g\u00e9p el\u0151nyeit! Hygiene programj\u00e1val 99,9% -ban elt\u00e1vol\u00edtja a bakt\u00e9riumokat \u00e9s v\u00edrusokat.","og_url":"https:\/\/premiumkeszulek.hu\/en\/termek\/electrolux-ew7d384ve-delicatecare-hoszivattyus-szaritogep-8-kg\/","og_site_name":"Pr\u00e9miumK\u00e9sz\u00fcl\u00e9k","article_publisher":"https:\/\/www.facebook.com\/konyhaluxnet","article_modified_time":"2026-04-02T16:37:58+00:00","og_image":[{"width":800,"height":800,"url":"https:\/\/i0.wp.com\/premiumkeszulek.hu\/wp-content\/uploads\/2025\/05\/EW7D384VE.png?fit=800%2C800&ssl=1","type":"image\/png"}],"twitter_card":"summary_large_image","twitter_misc":{"Price":"213.655&#70;&#116;","Availability":"In stock"},"schema":{"@context":"https:\/\/schema.org","@graph":[{"@type":"WebPage","@id":"https:\/\/premiumkeszulek.hu\/hu\/termek\/electrolux-ew7d384ve-delicatecare-hoszivattyus-szaritogep-8-kg\/","url":"https:\/\/premiumkeszulek.hu\/hu\/termek\/electrolux-ew7d384ve-delicatecare-hoszivattyus-szaritogep-8-kg\/","name":"Electrolux EW7D384VE DelicateCare H\u0151szivatty\u00fas sz\u00e1r\u00edt\u00f3g\u00e9p, 8 kg - Pr\u00e9miumK\u00e9sz\u00fcl\u00e9k","isPartOf":{"@id":"https:\/\/premiumkeszulek.hu\/en\/#website"},"primaryImageOfPage":{"@id":"https:\/\/premiumkeszulek.hu\/hu\/termek\/electrolux-ew7d384ve-delicatecare-hoszivattyus-szaritogep-8-kg\/#primaryimage"},"image":{"@id":"https:\/\/premiumkeszulek.hu\/hu\/termek\/electrolux-ew7d384ve-delicatecare-hoszivattyus-szaritogep-8-kg\/#primaryimage"},"thumbnailUrl":"https:\/\/i0.wp.com\/premiumkeszulek.hu\/wp-content\/uploads\/2025\/05\/EW7D384VE.png?fit=800%2C800&ssl=1","datePublished":"2025-05-16T17:22:05+00:00","dateModified":"2026-04-02T16:37:58+00:00","description":"Fedezze fel az Electrolux EW7D384VE H\u0151szivatty\u00fas sz\u00e1r\u00edt\u00f3g\u00e9p el\u0151nyeit! Hygiene programj\u00e1val 99,9% -ban elt\u00e1vol\u00edtja a bakt\u00e9riumokat \u00e9s v\u00edrusokat.","breadcrumb":{"@id":"https:\/\/premiumkeszulek.hu\/hu\/termek\/electrolux-ew7d384ve-delicatecare-hoszivattyus-szaritogep-8-kg\/#breadcrumb"},"inLanguage":"en-GB","potentialAction":[{"@type":"ReadAction","target":["https:\/\/premiumkeszulek.hu\/hu\/termek\/electrolux-ew7d384ve-delicatecare-hoszivattyus-szaritogep-8-kg\/"]}]},{"@type":"ImageObject","inLanguage":"en-GB","@id":"https:\/\/premiumkeszulek.hu\/hu\/termek\/electrolux-ew7d384ve-delicatecare-hoszivattyus-szaritogep-8-kg\/#primaryimage","url":"https:\/\/i0.wp.com\/premiumkeszulek.hu\/wp-content\/uploads\/2025\/05\/EW7D384VE.png?fit=800%2C800&ssl=1","contentUrl":"https:\/\/i0.wp.com\/premiumkeszulek.hu\/wp-content\/uploads\/2025\/05\/EW7D384VE.png?fit=800%2C800&ssl=1","width":800,"height":800},{"@type":"BreadcrumbList","@id":"https:\/\/premiumkeszulek.hu\/hu\/termek\/electrolux-ew7d384ve-delicatecare-hoszivattyus-szaritogep-8-kg\/#breadcrumb","itemListElement":[{"@type":"ListItem","position":1,"name":"Home","item":"https:\/\/premiumkeszulek.hu\/en\/"},{"@type":"ListItem","position":2,"name":"Shop","item":"https:\/\/premiumkeszulek.hu\/en\/shop\/"},{"@type":"ListItem","position":3,"name":"Electrolux EW7D384VE DelicateCare H\u0151szivatty\u00fas sz\u00e1r\u00edt\u00f3g\u00e9p, 8 kg"}]},{"@type":"WebSite","@id":"https:\/\/premiumkeszulek.hu\/en\/#website","url":"https:\/\/premiumkeszulek.hu\/en\/","name":"Pr\u00e9miumK\u00e9sz\u00fcl\u00e9k","description":"","publisher":{"@id":"https:\/\/premiumkeszulek.hu\/en\/#organization"},"potentialAction":[{"@type":"SearchAction","target":{"@type":"EntryPoint","urlTemplate":"https:\/\/premiumkeszulek.hu\/en\/?s={search_term_string}"},"query-input":{"@type":"PropertyValueSpecification","valueRequired":true,"valueName":"search_term_string"}}],"inLanguage":"en-GB"},{"@type":"Organization","@id":"https:\/\/premiumkeszulek.hu\/en\/#organization","name":"Pr\u00e9miumK\u00e9sz\u00fcl\u00e9k","alternateName":"HPH Special Kft","url":"https:\/\/premiumkeszulek.hu\/en\/","logo":{"@type":"ImageObject","inLanguage":"en-GB","@id":"https:\/\/premiumkeszulek.hu\/en\/#\/schema\/logo\/image\/","url":"http:\/\/premiumkeszulek.hu\/wp-content\/uploads\/2025\/03\/TURKIZLOGO-kicsi.png","contentUrl":"http:\/\/premiumkeszulek.hu\/wp-content\/uploads\/2025\/03\/TURKIZLOGO-kicsi.png","width":1600,"height":547,"caption":"Pr\u00e9miumK\u00e9sz\u00fcl\u00e9k"},"image":{"@id":"https:\/\/premiumkeszulek.hu\/en\/#\/schema\/logo\/image\/"},"sameAs":["https:\/\/www.facebook.com\/konyhaluxnet","https:\/\/www.instagram.com\/konyhaluxnet\/#"],"email":"info@premiumkeszulek.hu","telephone":"36 1 \/ 226-1992","legalName":"HPH Special Kft","vatID":"HU12549502","taxID":"12549502","hasMerchantReturnPolicy":{"@type":"MerchantReturnPolicy","merchantReturnLink":"https:\/\/premiumkeszulek.hu\/en\/altalanos-szerzodesi-es-felhasznalasi-feltetelek\/"}}]},"product_brand":"Electrolux","product_price_amount":"213655","product_price_currency":"HUF","og_availability":"instock","product_availability":"instock","product_retailer_item_id":"916099846","product_condition":"new"},"jetpack_publicize_connections":[],"jetpack_likes_enabled":true,"jetpack_sharing_enabled":true,"jetpack-related-posts":[],"_links":{"self":[{"href":"https:\/\/premiumkeszulek.hu\/en\/wp-json\/wp\/v2\/product\/16285","targetHints":{"allow":["GET"]}}],"collection":[{"href":"https:\/\/premiumkeszulek.hu\/en\/wp-json\/wp\/v2\/product"}],"about":[{"href":"https:\/\/premiumkeszulek.hu\/en\/wp-json\/wp\/v2\/types\/product"}],"replies":[{"embeddable":true,"href":"https:\/\/premiumkeszulek.hu\/en\/wp-json\/wp\/v2\/comments?post=16285"}],"wp:featuredmedia":[{"embeddable":true,"href":"https:\/\/premiumkeszulek.hu\/en\/wp-json\/wp\/v2\/media\/16284"}],"wp:attachment":[{"href":"https:\/\/premiumkeszulek.hu\/en\/wp-json\/wp\/v2\/media?parent=16285"}],"wp:term":[{"taxonomy":"product_brand","embeddable":true,"href":"https:\/\/premiumkeszulek.hu\/en\/wp-json\/wp\/v2\/product_brand?post=16285"},{"taxonomy":"product_cat","embeddable":true,"href":"https:\/\/premiumkeszulek.hu\/en\/wp-json\/wp\/v2\/product_cat?post=16285"},{"taxonomy":"product_tag","embeddable":true,"href":"https:\/\/premiumkeszulek.hu\/en\/wp-json\/wp\/v2\/product_tag?post=16285"},{"taxonomy":"woo-feed-brand","embeddable":true,"href":"https:\/\/premiumkeszulek.hu\/en\/wp-json\/wp\/v2\/woo-feed-brand?post=16285"}],"curies":[{"name":"wp","href":"https:\/\/api.w.org\/{rel}","templated":true}]}}