{"id":16101,"date":"2025-05-16T19:16:15","date_gmt":"2025-05-16T17:16:15","guid":{"rendered":"https:\/\/premiumkeszulek.hu\/termek\/electrolux-ew9wn249w-perfectcare-hoszivattyus-moso-szaritogep-gozprogram-9-6-kg\/"},"modified":"2026-05-15T18:36:08","modified_gmt":"2026-05-15T16:36:08","slug":"electrolux-ew9wn249w-perfectcare-hoszivattyus-moso-szaritogep-gozprogram-9-6-kg","status":"publish","type":"product","link":"https:\/\/premiumkeszulek.hu\/en\/product\/electrolux-ew9wn249w-perfectcare-hoszivattyus-moso-szaritogep-gozprogram-9-6-kg\/","title":{"rendered":"Electrolux EW9WN249W PerfectCare h\u0151szivatty\u00fas mos\u00f3-sz\u00e1r\u00edt\u00f3g\u00e9p, g\u0151zprogram, 9\/6 kg"},"content":{"rendered":"<p>&#8211; H\u0151szivatty\u00fas mos\u00f3-sz\u00e1r\u00edt\u00f3g\u00e9p<br \/>\n\t&#8211; Ruhanem\u0171it\u00a0 a szok\u00e1sos h\u0151fok fel\u00e9n moshatja \u00e9s sz\u00e1r\u00edthatja,\u00a0kisebb energiafogyaszt\u00e1s, kisebb h\u0151hat\u00e1s.<br \/>\n\t&#8211;\u00a0DelicateCare: az anyagfajt\u00e1hoz igaz\u00edtja a sz\u00e1r\u00edt\u00e1s h\u0151fok\u00e1t \u00e9s a dob mozg\u00e1s\u00e1t, hogy a lehet\u0151 legk\u00edm\u00e9letesebben sz\u00e1r\u00edtson.<br \/>\n\t&#8211;\u00a0SteamCare technol\u00f3gia: minden mos\u00e1st egy g\u0151z\u00f6s ciklussal fejez be, \u00edgy a gy\u0171r\u0151d\u00e9sek egyharmaddal cs\u00f6kkenthet\u0151k<br \/>\n\t&#8211;\u00a0LED nyom\u00f3gombok<br \/>\n\t&#8211;\u00a0Hab\u00e9rz\u00e9kel\u0151 \u00f6bl\u00edt\u00e9si rendszer<br \/>\n\t&#8211;\u00a0K\u00e9zimos\u00e1s program<br \/>\n\t&#8211;\u00a0Gyapj\u00famos\u00e1s program<br \/>\n\t&#8211;\u00a0V\u00edzel\u00e1raszt\u00e1s elleni v\u00e9delem<br \/>\n\t&#8211;\u00a0G\u00f6rg\u0151k, l\u00e1bak: 4 \u00e1ll\u00edthat\u00f3 l\u00e1b<br \/>\n\t&#8211;\u00a0AutoDry &#8211; Automata sz\u00e1r\u00edt\u00e1s\u00a0<br \/>\n\t&#8211;\u00a0Id\u0151vez\u00e9relt sz\u00e1r\u00edt\u00e1s<\/p>\n","protected":false},"excerpt":{"rendered":"<p>Programok: Eco 40-60, pamut, m\u0171sz\u00e1l, 3 \u00f3ra \/ 3 kg, k\u00edm\u00e9l\u0151 mos\u00e1s, selyem, gyapj\u00fa\/k\u00e9zimos\u00e1s, k\u00fclt\u00e9ri ruh\u00e1zat, FreshScent g\u0151z\u00f6l\u00e9s, \u00f6bl\u00edt\u00e9s<\/p>\n","protected":false},"featured_media":16100,"comment_status":"closed","ping_status":"closed","template":"","meta":{"_crdt_document":"","content-type":"","jetpack_post_was_ever_published":false,"jetpack_publicize_message":"","jetpack_publicize_feature_enabled":true,"jetpack_social_post_already_shared":true,"jetpack_social_options":{"image_generator_settings":{"template":"highway","default_image_id":0,"font":"","enabled":false},"version":2},"_wpas_customize_per_network":false},"product_brand":[7625],"product_cat":[1377,1378],"product_tag":[],"woo-feed-brand":[],"class_list":{"0":"post-16101","1":"product","2":"type-product","3":"status-publish","4":"has-post-thumbnail","6":"product_brand-electrolux","7":"product_cat-mososzaritogepek","8":"product_cat-mosogep","9":"product_shipping_class-100000felett","11":"first","12":"instock","13":"sale","14":"taxable","15":"shipping-taxable","16":"purchasable","17":"product-type-simple"},"yoast_head":"<!-- This site is optimized with the Yoast SEO Premium plugin v26.9 (Yoast SEO v27.4) - https:\/\/yoast.com\/product\/yoast-seo-premium-wordpress\/ -->\n<title>Electrolux EW9WN249W PerfectCare h\u0151szivatty\u00fas mos\u00f3-sz\u00e1r\u00edt\u00f3g\u00e9p, g\u0151zprogram, 9\/6 kg - Pr\u00e9miumK\u00e9sz\u00fcl\u00e9k<\/title>\n<meta name=\"description\" content=\"Az Electrolux EW9WN249W PerfectCare mos\u00f3-sz\u00e1r\u00edt\u00f3g\u00e9p minden mos\u00e1st g\u0151z\u00f6l\u00e9ssel fejez be, \u00edgy cs\u00f6kkentheti a gy\u0171r\u0151d\u00e9st. T\u00f6ltse le most!\" \/>\n<meta name=\"robots\" content=\"index, follow, max-snippet:-1, max-image-preview:large, max-video-preview:-1\" \/>\n<link rel=\"canonical\" href=\"https:\/\/premiumkeszulek.hu\/en\/product\/electrolux-ew9wn249w-perfectcare-hoszivattyus-moso-szaritogep-gozprogram-9-6-kg\/\" \/>\n<meta property=\"og:locale\" content=\"en_GB\" \/>\n<meta property=\"og:type\" content=\"article\" \/>\n<meta property=\"og:title\" content=\"Electrolux EW9WN249W PerfectCare h\u0151szivatty\u00fas mos\u00f3-sz\u00e1r\u00edt\u00f3g\u00e9p, g\u0151zprogram, 9\/6 kg\" \/>\n<meta property=\"og:description\" content=\"Az Electrolux EW9WN249W PerfectCare mos\u00f3-sz\u00e1r\u00edt\u00f3g\u00e9p minden mos\u00e1st g\u0151z\u00f6l\u00e9ssel fejez be, \u00edgy cs\u00f6kkentheti a gy\u0171r\u0151d\u00e9st. T\u00f6ltse le most!\" \/>\n<meta property=\"og:url\" content=\"https:\/\/premiumkeszulek.hu\/en\/product\/electrolux-ew9wn249w-perfectcare-hoszivattyus-moso-szaritogep-gozprogram-9-6-kg\/\" \/>\n<meta property=\"og:site_name\" content=\"Pr\u00e9miumK\u00e9sz\u00fcl\u00e9k\" \/>\n<meta property=\"article:publisher\" content=\"https:\/\/www.facebook.com\/konyhaluxnet\" \/>\n<meta property=\"article:modified_time\" content=\"2026-05-15T16:36:08+00:00\" \/>\n<meta property=\"og:image\" content=\"https:\/\/i0.wp.com\/premiumkeszulek.hu\/wp-content\/uploads\/2025\/05\/ew9wn249w.jpg?fit=800%2C800&ssl=1\" \/>\n\t<meta property=\"og:image:width\" content=\"800\" \/>\n\t<meta property=\"og:image:height\" content=\"800\" \/>\n\t<meta property=\"og:image:type\" content=\"image\/jpeg\" \/>\n<meta name=\"twitter:card\" content=\"summary_large_image\" \/>\n<meta name=\"twitter:label1\" content=\"Price\" \/>\n\t<meta name=\"twitter:data1\" content=\"394.155&#070;&#116;\" \/>\n\t<meta name=\"twitter:label2\" content=\"Availability\" \/>\n\t<meta name=\"twitter:data2\" content=\"In stock\" \/>\n<script type=\"application\/ld+json\" class=\"yoast-schema-graph\">{\"@context\":\"https:\\\/\\\/schema.org\",\"@graph\":[{\"@type\":\"WebPage\",\"@id\":\"https:\\\/\\\/premiumkeszulek.hu\\\/en\\\/product\\\/electrolux-ew9wn249w-perfectcare-hoszivattyus-moso-szaritogep-gozprogram-9-6-kg\\\/\",\"url\":\"https:\\\/\\\/premiumkeszulek.hu\\\/en\\\/product\\\/electrolux-ew9wn249w-perfectcare-hoszivattyus-moso-szaritogep-gozprogram-9-6-kg\\\/\",\"name\":\"Electrolux EW9WN249W PerfectCare h\u0151szivatty\u00fas mos\u00f3-sz\u00e1r\u00edt\u00f3g\u00e9p, g\u0151zprogram, 9\\\/6 kg - Pr\u00e9miumK\u00e9sz\u00fcl\u00e9k\",\"isPartOf\":{\"@id\":\"https:\\\/\\\/premiumkeszulek.hu\\\/hu\\\/#website\"},\"primaryImageOfPage\":{\"@id\":\"https:\\\/\\\/premiumkeszulek.hu\\\/en\\\/product\\\/electrolux-ew9wn249w-perfectcare-hoszivattyus-moso-szaritogep-gozprogram-9-6-kg\\\/#primaryimage\"},\"image\":{\"@id\":\"https:\\\/\\\/premiumkeszulek.hu\\\/en\\\/product\\\/electrolux-ew9wn249w-perfectcare-hoszivattyus-moso-szaritogep-gozprogram-9-6-kg\\\/#primaryimage\"},\"thumbnailUrl\":\"https:\\\/\\\/i0.wp.com\\\/premiumkeszulek.hu\\\/wp-content\\\/uploads\\\/2025\\\/05\\\/ew9wn249w.jpg?fit=800%2C800&ssl=1\",\"datePublished\":\"2025-05-16T17:16:15+00:00\",\"dateModified\":\"2026-05-15T16:36:08+00:00\",\"description\":\"Az Electrolux EW9WN249W PerfectCare mos\u00f3-sz\u00e1r\u00edt\u00f3g\u00e9p minden mos\u00e1st g\u0151z\u00f6l\u00e9ssel fejez be, \u00edgy cs\u00f6kkentheti a gy\u0171r\u0151d\u00e9st. T\u00f6ltse le most!\",\"breadcrumb\":{\"@id\":\"https:\\\/\\\/premiumkeszulek.hu\\\/en\\\/product\\\/electrolux-ew9wn249w-perfectcare-hoszivattyus-moso-szaritogep-gozprogram-9-6-kg\\\/#breadcrumb\"},\"inLanguage\":\"en-GB\",\"potentialAction\":[{\"@type\":\"ReadAction\",\"target\":[\"https:\\\/\\\/premiumkeszulek.hu\\\/en\\\/product\\\/electrolux-ew9wn249w-perfectcare-hoszivattyus-moso-szaritogep-gozprogram-9-6-kg\\\/\"]}]},{\"@type\":\"ImageObject\",\"inLanguage\":\"en-GB\",\"@id\":\"https:\\\/\\\/premiumkeszulek.hu\\\/en\\\/product\\\/electrolux-ew9wn249w-perfectcare-hoszivattyus-moso-szaritogep-gozprogram-9-6-kg\\\/#primaryimage\",\"url\":\"https:\\\/\\\/i0.wp.com\\\/premiumkeszulek.hu\\\/wp-content\\\/uploads\\\/2025\\\/05\\\/ew9wn249w.jpg?fit=800%2C800&ssl=1\",\"contentUrl\":\"https:\\\/\\\/i0.wp.com\\\/premiumkeszulek.hu\\\/wp-content\\\/uploads\\\/2025\\\/05\\\/ew9wn249w.jpg?fit=800%2C800&ssl=1\",\"width\":800,\"height\":800},{\"@type\":\"BreadcrumbList\",\"@id\":\"https:\\\/\\\/premiumkeszulek.hu\\\/en\\\/product\\\/electrolux-ew9wn249w-perfectcare-hoszivattyus-moso-szaritogep-gozprogram-9-6-kg\\\/#breadcrumb\",\"itemListElement\":[{\"@type\":\"ListItem\",\"position\":1,\"name\":\"Home\",\"item\":\"https:\\\/\\\/premiumkeszulek.hu\\\/hu\\\/\"},{\"@type\":\"ListItem\",\"position\":2,\"name\":\"Shop\",\"item\":\"https:\\\/\\\/premiumkeszulek.hu\\\/hu\\\/shop\\\/\"},{\"@type\":\"ListItem\",\"position\":3,\"name\":\"Electrolux EW9WN249W PerfectCare h\u0151szivatty\u00fas mos\u00f3-sz\u00e1r\u00edt\u00f3g\u00e9p, g\u0151zprogram, 9\\\/6 kg\"}]},{\"@type\":\"WebSite\",\"@id\":\"https:\\\/\\\/premiumkeszulek.hu\\\/hu\\\/#website\",\"url\":\"https:\\\/\\\/premiumkeszulek.hu\\\/hu\\\/\",\"name\":\"Pr\u00e9miumK\u00e9sz\u00fcl\u00e9k\",\"description\":\"\",\"publisher\":{\"@id\":\"https:\\\/\\\/premiumkeszulek.hu\\\/hu\\\/#organization\"},\"potentialAction\":[{\"@type\":\"SearchAction\",\"target\":{\"@type\":\"EntryPoint\",\"urlTemplate\":\"https:\\\/\\\/premiumkeszulek.hu\\\/hu\\\/?s={search_term_string}\"},\"query-input\":{\"@type\":\"PropertyValueSpecification\",\"valueRequired\":true,\"valueName\":\"search_term_string\"}}],\"inLanguage\":\"en-GB\"},{\"@type\":\"Organization\",\"@id\":\"https:\\\/\\\/premiumkeszulek.hu\\\/hu\\\/#organization\",\"name\":\"Pr\u00e9miumK\u00e9sz\u00fcl\u00e9k\",\"alternateName\":\"HPH Special Kft\",\"url\":\"https:\\\/\\\/premiumkeszulek.hu\\\/hu\\\/\",\"logo\":{\"@type\":\"ImageObject\",\"inLanguage\":\"en-GB\",\"@id\":\"https:\\\/\\\/premiumkeszulek.hu\\\/hu\\\/#\\\/schema\\\/logo\\\/image\\\/\",\"url\":\"http:\\\/\\\/premiumkeszulek.hu\\\/wp-content\\\/uploads\\\/2025\\\/03\\\/TURKIZLOGO-kicsi.png\",\"contentUrl\":\"http:\\\/\\\/premiumkeszulek.hu\\\/wp-content\\\/uploads\\\/2025\\\/03\\\/TURKIZLOGO-kicsi.png\",\"width\":1600,\"height\":547,\"caption\":\"Pr\u00e9miumK\u00e9sz\u00fcl\u00e9k\"},\"image\":{\"@id\":\"https:\\\/\\\/premiumkeszulek.hu\\\/hu\\\/#\\\/schema\\\/logo\\\/image\\\/\"},\"sameAs\":[\"https:\\\/\\\/www.facebook.com\\\/konyhaluxnet\",\"https:\\\/\\\/www.instagram.com\\\/konyhaluxnet\\\/#\"],\"email\":\"info@premiumkeszulek.hu\",\"telephone\":\"36 1 \\\/ 226-1992\",\"legalName\":\"HPH Special Kft\",\"vatID\":\"HU12549502\",\"taxID\":\"12549502\",\"hasMerchantReturnPolicy\":{\"@type\":\"MerchantReturnPolicy\",\"merchantReturnLink\":\"https:\\\/\\\/premiumkeszulek.hu\\\/en\\\/altalanos-szerzodesi-es-felhasznalasi-feltetelek\\\/\"}}]}<\/script>\n<meta property=\"product:brand\" content=\"Electrolux\" \/>\n<meta property=\"product:price:amount\" content=\"394155\" \/>\n<meta property=\"product:price:currency\" content=\"HUF\" \/>\n<meta property=\"og:availability\" content=\"instock\" \/>\n<meta property=\"product:availability\" content=\"instock\" \/>\n<meta property=\"product:retailer_item_id\" content=\"914600370\" \/>\n<meta property=\"product:condition\" content=\"new\" \/>\n<!-- \/ Yoast SEO Premium plugin. -->","yoast_head_json":{"title":"Electrolux EW9WN249W PerfectCare h\u0151szivatty\u00fas mos\u00f3-sz\u00e1r\u00edt\u00f3g\u00e9p, g\u0151zprogram, 9\/6 kg - Pr\u00e9miumK\u00e9sz\u00fcl\u00e9k","description":"Az Electrolux EW9WN249W PerfectCare mos\u00f3-sz\u00e1r\u00edt\u00f3g\u00e9p minden mos\u00e1st g\u0151z\u00f6l\u00e9ssel fejez be, \u00edgy cs\u00f6kkentheti a gy\u0171r\u0151d\u00e9st. T\u00f6ltse le most!","robots":{"index":"index","follow":"follow","max-snippet":"max-snippet:-1","max-image-preview":"max-image-preview:large","max-video-preview":"max-video-preview:-1"},"canonical":"https:\/\/premiumkeszulek.hu\/en\/product\/electrolux-ew9wn249w-perfectcare-hoszivattyus-moso-szaritogep-gozprogram-9-6-kg\/","og_locale":"en_GB","og_type":"article","og_title":"Electrolux EW9WN249W PerfectCare h\u0151szivatty\u00fas mos\u00f3-sz\u00e1r\u00edt\u00f3g\u00e9p, g\u0151zprogram, 9\/6 kg","og_description":"Az Electrolux EW9WN249W PerfectCare mos\u00f3-sz\u00e1r\u00edt\u00f3g\u00e9p minden mos\u00e1st g\u0151z\u00f6l\u00e9ssel fejez be, \u00edgy cs\u00f6kkentheti a gy\u0171r\u0151d\u00e9st. T\u00f6ltse le most!","og_url":"https:\/\/premiumkeszulek.hu\/en\/product\/electrolux-ew9wn249w-perfectcare-hoszivattyus-moso-szaritogep-gozprogram-9-6-kg\/","og_site_name":"Pr\u00e9miumK\u00e9sz\u00fcl\u00e9k","article_publisher":"https:\/\/www.facebook.com\/konyhaluxnet","article_modified_time":"2026-05-15T16:36:08+00:00","og_image":[{"width":800,"height":800,"url":"https:\/\/i0.wp.com\/premiumkeszulek.hu\/wp-content\/uploads\/2025\/05\/ew9wn249w.jpg?fit=800%2C800&ssl=1","type":"image\/jpeg"}],"twitter_card":"summary_large_image","twitter_misc":{"Price":"394.155&#70;&#116;","Availability":"In stock"},"schema":{"@context":"https:\/\/schema.org","@graph":[{"@type":"WebPage","@id":"https:\/\/premiumkeszulek.hu\/en\/product\/electrolux-ew9wn249w-perfectcare-hoszivattyus-moso-szaritogep-gozprogram-9-6-kg\/","url":"https:\/\/premiumkeszulek.hu\/en\/product\/electrolux-ew9wn249w-perfectcare-hoszivattyus-moso-szaritogep-gozprogram-9-6-kg\/","name":"Electrolux EW9WN249W PerfectCare h\u0151szivatty\u00fas mos\u00f3-sz\u00e1r\u00edt\u00f3g\u00e9p, g\u0151zprogram, 9\/6 kg - Pr\u00e9miumK\u00e9sz\u00fcl\u00e9k","isPartOf":{"@id":"https:\/\/premiumkeszulek.hu\/hu\/#website"},"primaryImageOfPage":{"@id":"https:\/\/premiumkeszulek.hu\/en\/product\/electrolux-ew9wn249w-perfectcare-hoszivattyus-moso-szaritogep-gozprogram-9-6-kg\/#primaryimage"},"image":{"@id":"https:\/\/premiumkeszulek.hu\/en\/product\/electrolux-ew9wn249w-perfectcare-hoszivattyus-moso-szaritogep-gozprogram-9-6-kg\/#primaryimage"},"thumbnailUrl":"https:\/\/i0.wp.com\/premiumkeszulek.hu\/wp-content\/uploads\/2025\/05\/ew9wn249w.jpg?fit=800%2C800&ssl=1","datePublished":"2025-05-16T17:16:15+00:00","dateModified":"2026-05-15T16:36:08+00:00","description":"Az Electrolux EW9WN249W PerfectCare mos\u00f3-sz\u00e1r\u00edt\u00f3g\u00e9p minden mos\u00e1st g\u0151z\u00f6l\u00e9ssel fejez be, \u00edgy cs\u00f6kkentheti a gy\u0171r\u0151d\u00e9st. T\u00f6ltse le most!","breadcrumb":{"@id":"https:\/\/premiumkeszulek.hu\/en\/product\/electrolux-ew9wn249w-perfectcare-hoszivattyus-moso-szaritogep-gozprogram-9-6-kg\/#breadcrumb"},"inLanguage":"en-GB","potentialAction":[{"@type":"ReadAction","target":["https:\/\/premiumkeszulek.hu\/en\/product\/electrolux-ew9wn249w-perfectcare-hoszivattyus-moso-szaritogep-gozprogram-9-6-kg\/"]}]},{"@type":"ImageObject","inLanguage":"en-GB","@id":"https:\/\/premiumkeszulek.hu\/en\/product\/electrolux-ew9wn249w-perfectcare-hoszivattyus-moso-szaritogep-gozprogram-9-6-kg\/#primaryimage","url":"https:\/\/i0.wp.com\/premiumkeszulek.hu\/wp-content\/uploads\/2025\/05\/ew9wn249w.jpg?fit=800%2C800&ssl=1","contentUrl":"https:\/\/i0.wp.com\/premiumkeszulek.hu\/wp-content\/uploads\/2025\/05\/ew9wn249w.jpg?fit=800%2C800&ssl=1","width":800,"height":800},{"@type":"BreadcrumbList","@id":"https:\/\/premiumkeszulek.hu\/en\/product\/electrolux-ew9wn249w-perfectcare-hoszivattyus-moso-szaritogep-gozprogram-9-6-kg\/#breadcrumb","itemListElement":[{"@type":"ListItem","position":1,"name":"Home","item":"https:\/\/premiumkeszulek.hu\/hu\/"},{"@type":"ListItem","position":2,"name":"Shop","item":"https:\/\/premiumkeszulek.hu\/hu\/shop\/"},{"@type":"ListItem","position":3,"name":"Electrolux EW9WN249W PerfectCare h\u0151szivatty\u00fas mos\u00f3-sz\u00e1r\u00edt\u00f3g\u00e9p, g\u0151zprogram, 9\/6 kg"}]},{"@type":"WebSite","@id":"https:\/\/premiumkeszulek.hu\/hu\/#website","url":"https:\/\/premiumkeszulek.hu\/hu\/","name":"Pr\u00e9miumK\u00e9sz\u00fcl\u00e9k","description":"","publisher":{"@id":"https:\/\/premiumkeszulek.hu\/hu\/#organization"},"potentialAction":[{"@type":"SearchAction","target":{"@type":"EntryPoint","urlTemplate":"https:\/\/premiumkeszulek.hu\/hu\/?s={search_term_string}"},"query-input":{"@type":"PropertyValueSpecification","valueRequired":true,"valueName":"search_term_string"}}],"inLanguage":"en-GB"},{"@type":"Organization","@id":"https:\/\/premiumkeszulek.hu\/hu\/#organization","name":"Pr\u00e9miumK\u00e9sz\u00fcl\u00e9k","alternateName":"HPH Special Kft","url":"https:\/\/premiumkeszulek.hu\/hu\/","logo":{"@type":"ImageObject","inLanguage":"en-GB","@id":"https:\/\/premiumkeszulek.hu\/hu\/#\/schema\/logo\/image\/","url":"http:\/\/premiumkeszulek.hu\/wp-content\/uploads\/2025\/03\/TURKIZLOGO-kicsi.png","contentUrl":"http:\/\/premiumkeszulek.hu\/wp-content\/uploads\/2025\/03\/TURKIZLOGO-kicsi.png","width":1600,"height":547,"caption":"Pr\u00e9miumK\u00e9sz\u00fcl\u00e9k"},"image":{"@id":"https:\/\/premiumkeszulek.hu\/hu\/#\/schema\/logo\/image\/"},"sameAs":["https:\/\/www.facebook.com\/konyhaluxnet","https:\/\/www.instagram.com\/konyhaluxnet\/#"],"email":"info@premiumkeszulek.hu","telephone":"36 1 \/ 226-1992","legalName":"HPH Special Kft","vatID":"HU12549502","taxID":"12549502","hasMerchantReturnPolicy":{"@type":"MerchantReturnPolicy","merchantReturnLink":"https:\/\/premiumkeszulek.hu\/en\/altalanos-szerzodesi-es-felhasznalasi-feltetelek\/"}}]},"product_brand":"Electrolux","product_price_amount":"394155","product_price_currency":"HUF","og_availability":"instock","product_availability":"instock","product_retailer_item_id":"914600370","product_condition":"new"},"jetpack_publicize_connections":[],"jetpack_likes_enabled":true,"jetpack_sharing_enabled":true,"jetpack-related-posts":[],"_links":{"self":[{"href":"https:\/\/premiumkeszulek.hu\/en\/wp-json\/wp\/v2\/product\/16101","targetHints":{"allow":["GET"]}}],"collection":[{"href":"https:\/\/premiumkeszulek.hu\/en\/wp-json\/wp\/v2\/product"}],"about":[{"href":"https:\/\/premiumkeszulek.hu\/en\/wp-json\/wp\/v2\/types\/product"}],"replies":[{"embeddable":true,"href":"https:\/\/premiumkeszulek.hu\/en\/wp-json\/wp\/v2\/comments?post=16101"}],"wp:featuredmedia":[{"embeddable":true,"href":"https:\/\/premiumkeszulek.hu\/en\/wp-json\/wp\/v2\/media\/16100"}],"wp:attachment":[{"href":"https:\/\/premiumkeszulek.hu\/en\/wp-json\/wp\/v2\/media?parent=16101"}],"wp:term":[{"taxonomy":"product_brand","embeddable":true,"href":"https:\/\/premiumkeszulek.hu\/en\/wp-json\/wp\/v2\/product_brand?post=16101"},{"taxonomy":"product_cat","embeddable":true,"href":"https:\/\/premiumkeszulek.hu\/en\/wp-json\/wp\/v2\/product_cat?post=16101"},{"taxonomy":"product_tag","embeddable":true,"href":"https:\/\/premiumkeszulek.hu\/en\/wp-json\/wp\/v2\/product_tag?post=16101"},{"taxonomy":"woo-feed-brand","embeddable":true,"href":"https:\/\/premiumkeszulek.hu\/en\/wp-json\/wp\/v2\/woo-feed-brand?post=16101"}],"curies":[{"name":"wp","href":"https:\/\/api.w.org\/{rel}","templated":true}]}}