{"id":16061,"date":"2025-05-16T19:15:26","date_gmt":"2025-05-16T17:15:26","guid":{"rendered":"https:\/\/premiumkeszulek.hu\/termek\/electrolux-ew6sn327si-keskeny-eloltoltos-mosogep-7kg\/"},"modified":"2026-04-01T19:48:58","modified_gmt":"2026-04-01T17:48:58","slug":"electrolux-ew6sn327si-keskeny-eloltoltos-mosogep-7kg","status":"publish","type":"product","link":"https:\/\/premiumkeszulek.hu\/en\/product\/electrolux-ew6sn327si-keskeny-eloltoltos-mosogep-7kg\/","title":{"rendered":"Electrolux EW6SN327SI keskeny el\u00f6lt\u00f6lt\u0151s mos\u00f3g\u00e9p 7kg"},"content":{"rendered":"<p>&#8211; SensiCare t\u00f6ltet\u00e9rz\u00e9kel\u0151 rendszer<br \/>\n&#8211; inverter motor<br \/>\n&#8211; pillanatmeg\u00e1ll\u00edt\u00e1s<br \/>\n&#8211; \u00e1ramsz\u00fcnet mem\u00f3ria<br \/>\n&#8211; nagym\u00e9ret\u0171 bet\u00f6lt\u0151ny\u00edl\u00e1s, sz\u00fcrke ajt\u00f3<br \/>\n&#8211; Time Manager (5 fokozat)<br \/>\n&#8211; Antiallerg\u00e9n program<br \/>\n&#8211; k\u00f6zepes LED kijelz\u0151<br \/>\n&#8211; 3 rekeszes por\/foly\u00e9kony mos\u00f3szeradagol\u00f3<br \/>\n&#8211; SoftPlus funkci\u00f3<br \/>\n&#8211; k\u00e9sleltetett ind\u00edt\u00e1s (1-20 \u00f3ra)<br \/>\n&#8211; AutoOff funkci\u00f3<br \/>\n&#8211; Ez\u00fcst ajt\u00f3<\/p>\n","protected":false},"excerpt":{"rendered":"<p>Programok: Be\/Ki, Eco 40-60, pamut, m\u0171sz\u00e1l, k\u00edm\u00e9l\u0151 mos\u00e1s, Gyorsmos\u00e1s (14 perc), \u00f6bl\u00edt\u00e9s, centrifuga\/szivatty\u00faz\u00e1s,<br \/>\nantiallerg\u00e9n program, babaprogram, selyem, gyapj\u00fa, sportruha, k\u00fclt\u00e9ri ruh\u00e1zat, farmer<\/p>\n","protected":false},"featured_media":16060,"comment_status":"closed","ping_status":"closed","template":"","meta":{"_crdt_document":"","content-type":"","jetpack_post_was_ever_published":false,"jetpack_publicize_message":"","jetpack_publicize_feature_enabled":true,"jetpack_social_post_already_shared":true,"jetpack_social_options":{"image_generator_settings":{"template":"highway","default_image_id":0,"font":"","enabled":false},"version":2},"_wpas_customize_per_network":false},"product_brand":[7625],"product_cat":[1377,1378],"product_tag":[],"woo-feed-brand":[],"class_list":{"0":"post-16061","1":"product","2":"type-product","3":"status-publish","4":"has-post-thumbnail","6":"product_brand-electrolux","7":"product_cat-mososzaritogepek","8":"product_cat-mosogep","9":"product_shipping_class-100000felett","11":"first","12":"onbackorder","13":"taxable","14":"shipping-taxable","15":"purchasable","16":"product-type-simple"},"yoast_head":"<!-- This site is optimized with the Yoast SEO Premium plugin v26.9 (Yoast SEO v26.9) - https:\/\/yoast.com\/product\/yoast-seo-premium-wordpress\/ -->\n<title>Electrolux EW6SN327SI keskeny el\u00f6lt\u00f6lt\u0151s mos\u00f3g\u00e9p 7kg - Pr\u00e9miumK\u00e9sz\u00fcl\u00e9k<\/title>\n<meta name=\"description\" content=\"\u00c9ljen a k\u00e9nyelemmel \u00e9s hat\u00e9konys\u00e1ggal az Electrolux EW6SN327SI keskeny el\u00f6lt\u00f6lt\u0151s mos\u00f3g\u00e9ppel! \u00c9lvezze, hogy minden ruhadarab tiszta \u00e9s friss lesz! \ud83c\udf1f\" \/>\n<meta name=\"robots\" content=\"index, follow, max-snippet:-1, max-image-preview:large, max-video-preview:-1\" \/>\n<link rel=\"canonical\" href=\"https:\/\/premiumkeszulek.hu\/en\/termek\/electrolux-ew6sn327si-keskeny-eloltoltos-mosogep-7kg\/\" \/>\n<meta property=\"og:locale\" content=\"en_GB\" \/>\n<meta property=\"og:type\" content=\"article\" \/>\n<meta property=\"og:title\" content=\"Electrolux EW6SN327SI keskeny el\u00f6lt\u00f6lt\u0151s mos\u00f3g\u00e9p 7kg\" \/>\n<meta property=\"og:description\" content=\"\u00c9ljen a k\u00e9nyelemmel \u00e9s hat\u00e9konys\u00e1ggal az Electrolux EW6SN327SI keskeny el\u00f6lt\u00f6lt\u0151s mos\u00f3g\u00e9ppel! \u00c9lvezze, hogy minden ruhadarab tiszta \u00e9s friss lesz! \ud83c\udf1f\" \/>\n<meta property=\"og:url\" content=\"https:\/\/premiumkeszulek.hu\/en\/termek\/electrolux-ew6sn327si-keskeny-eloltoltos-mosogep-7kg\/\" \/>\n<meta property=\"og:site_name\" content=\"Pr\u00e9miumK\u00e9sz\u00fcl\u00e9k\" \/>\n<meta property=\"article:publisher\" content=\"https:\/\/www.facebook.com\/konyhaluxnet\" \/>\n<meta property=\"article:modified_time\" content=\"2026-04-01T17:48:58+00:00\" \/>\n<meta property=\"og:image\" content=\"https:\/\/i0.wp.com\/premiumkeszulek.hu\/wp-content\/uploads\/2025\/05\/EW6SN327SI.jpg?fit=800%2C800&ssl=1\" \/>\n\t<meta property=\"og:image:width\" content=\"800\" \/>\n\t<meta property=\"og:image:height\" content=\"800\" \/>\n\t<meta property=\"og:image:type\" content=\"image\/jpeg\" \/>\n<meta name=\"twitter:card\" content=\"summary_large_image\" \/>\n<meta name=\"twitter:label1\" content=\"Price\" \/>\n\t<meta name=\"twitter:data1\" content=\"179.900&#070;&#116;\" \/>\n\t<meta name=\"twitter:label2\" content=\"Availability\" \/>\n\t<meta name=\"twitter:data2\" content=\"On back order\" \/>\n<script type=\"application\/ld+json\" class=\"yoast-schema-graph\">{\"@context\":\"https:\/\/schema.org\",\"@graph\":[{\"@type\":\"WebPage\",\"@id\":\"https:\/\/premiumkeszulek.hu\/hu\/termek\/electrolux-ew6sn327si-keskeny-eloltoltos-mosogep-7kg\/\",\"url\":\"https:\/\/premiumkeszulek.hu\/hu\/termek\/electrolux-ew6sn327si-keskeny-eloltoltos-mosogep-7kg\/\",\"name\":\"Electrolux EW6SN327SI keskeny el\u00f6lt\u00f6lt\u0151s mos\u00f3g\u00e9p 7kg - Pr\u00e9miumK\u00e9sz\u00fcl\u00e9k\",\"isPartOf\":{\"@id\":\"https:\/\/premiumkeszulek.hu\/en\/#website\"},\"primaryImageOfPage\":{\"@id\":\"https:\/\/premiumkeszulek.hu\/hu\/termek\/electrolux-ew6sn327si-keskeny-eloltoltos-mosogep-7kg\/#primaryimage\"},\"image\":{\"@id\":\"https:\/\/premiumkeszulek.hu\/hu\/termek\/electrolux-ew6sn327si-keskeny-eloltoltos-mosogep-7kg\/#primaryimage\"},\"thumbnailUrl\":\"https:\/\/i0.wp.com\/premiumkeszulek.hu\/wp-content\/uploads\/2025\/05\/EW6SN327SI.jpg?fit=800%2C800&ssl=1\",\"datePublished\":\"2025-05-16T17:15:26+00:00\",\"dateModified\":\"2026-04-01T17:48:58+00:00\",\"description\":\"\u00c9ljen a k\u00e9nyelemmel \u00e9s hat\u00e9konys\u00e1ggal az Electrolux EW6SN327SI keskeny el\u00f6lt\u00f6lt\u0151s mos\u00f3g\u00e9ppel! \u00c9lvezze, hogy minden ruhadarab tiszta \u00e9s friss lesz! \ud83c\udf1f\",\"breadcrumb\":{\"@id\":\"https:\/\/premiumkeszulek.hu\/hu\/termek\/electrolux-ew6sn327si-keskeny-eloltoltos-mosogep-7kg\/#breadcrumb\"},\"inLanguage\":\"en-GB\",\"potentialAction\":[{\"@type\":\"ReadAction\",\"target\":[\"https:\/\/premiumkeszulek.hu\/hu\/termek\/electrolux-ew6sn327si-keskeny-eloltoltos-mosogep-7kg\/\"]}]},{\"@type\":\"ImageObject\",\"inLanguage\":\"en-GB\",\"@id\":\"https:\/\/premiumkeszulek.hu\/hu\/termek\/electrolux-ew6sn327si-keskeny-eloltoltos-mosogep-7kg\/#primaryimage\",\"url\":\"https:\/\/i0.wp.com\/premiumkeszulek.hu\/wp-content\/uploads\/2025\/05\/EW6SN327SI.jpg?fit=800%2C800&ssl=1\",\"contentUrl\":\"https:\/\/i0.wp.com\/premiumkeszulek.hu\/wp-content\/uploads\/2025\/05\/EW6SN327SI.jpg?fit=800%2C800&ssl=1\",\"width\":800,\"height\":800},{\"@type\":\"BreadcrumbList\",\"@id\":\"https:\/\/premiumkeszulek.hu\/hu\/termek\/electrolux-ew6sn327si-keskeny-eloltoltos-mosogep-7kg\/#breadcrumb\",\"itemListElement\":[{\"@type\":\"ListItem\",\"position\":1,\"name\":\"Home\",\"item\":\"https:\/\/premiumkeszulek.hu\/en\/\"},{\"@type\":\"ListItem\",\"position\":2,\"name\":\"Shop\",\"item\":\"https:\/\/premiumkeszulek.hu\/en\/shop\/\"},{\"@type\":\"ListItem\",\"position\":3,\"name\":\"Electrolux EW6SN327SI keskeny el\u00f6lt\u00f6lt\u0151s mos\u00f3g\u00e9p 7kg\"}]},{\"@type\":\"WebSite\",\"@id\":\"https:\/\/premiumkeszulek.hu\/en\/#website\",\"url\":\"https:\/\/premiumkeszulek.hu\/en\/\",\"name\":\"Pr\u00e9miumK\u00e9sz\u00fcl\u00e9k\",\"description\":\"\",\"publisher\":{\"@id\":\"https:\/\/premiumkeszulek.hu\/en\/#organization\"},\"potentialAction\":[{\"@type\":\"SearchAction\",\"target\":{\"@type\":\"EntryPoint\",\"urlTemplate\":\"https:\/\/premiumkeszulek.hu\/en\/?s={search_term_string}\"},\"query-input\":{\"@type\":\"PropertyValueSpecification\",\"valueRequired\":true,\"valueName\":\"search_term_string\"}}],\"inLanguage\":\"en-GB\"},{\"@type\":\"Organization\",\"@id\":\"https:\/\/premiumkeszulek.hu\/en\/#organization\",\"name\":\"Pr\u00e9miumK\u00e9sz\u00fcl\u00e9k\",\"alternateName\":\"HPH Special Kft\",\"url\":\"https:\/\/premiumkeszulek.hu\/en\/\",\"logo\":{\"@type\":\"ImageObject\",\"inLanguage\":\"en-GB\",\"@id\":\"https:\/\/premiumkeszulek.hu\/en\/#\/schema\/logo\/image\/\",\"url\":\"http:\/\/premiumkeszulek.hu\/wp-content\/uploads\/2025\/03\/TURKIZLOGO-kicsi.png\",\"contentUrl\":\"http:\/\/premiumkeszulek.hu\/wp-content\/uploads\/2025\/03\/TURKIZLOGO-kicsi.png\",\"width\":1600,\"height\":547,\"caption\":\"Pr\u00e9miumK\u00e9sz\u00fcl\u00e9k\"},\"image\":{\"@id\":\"https:\/\/premiumkeszulek.hu\/en\/#\/schema\/logo\/image\/\"},\"sameAs\":[\"https:\/\/www.facebook.com\/konyhaluxnet\",\"https:\/\/www.instagram.com\/konyhaluxnet\/#\"],\"email\":\"info@premiumkeszulek.hu\",\"telephone\":\"36 1 \/ 226-1992\",\"legalName\":\"HPH Special Kft\",\"vatID\":\"HU12549502\",\"taxID\":\"12549502\",\"hasMerchantReturnPolicy\":{\"@type\":\"MerchantReturnPolicy\",\"merchantReturnLink\":\"https:\/\/premiumkeszulek.hu\/en\/altalanos-szerzodesi-es-felhasznalasi-feltetelek\/\"}}]}<\/script>\n<meta property=\"product:brand\" content=\"Electrolux\" \/>\n<meta property=\"product:price:amount\" content=\"179900\" \/>\n<meta property=\"product:price:currency\" content=\"HUF\" \/>\n<meta property=\"og:availability\" content=\"backorder\" \/>\n<meta property=\"product:availability\" content=\"available for order\" \/>\n<meta property=\"product:retailer_item_id\" content=\"914340392\" \/>\n<meta property=\"product:condition\" content=\"new\" \/>\n<!-- \/ Yoast SEO Premium plugin. -->","yoast_head_json":{"title":"Electrolux EW6SN327SI keskeny el\u00f6lt\u00f6lt\u0151s mos\u00f3g\u00e9p 7kg - Pr\u00e9miumK\u00e9sz\u00fcl\u00e9k","description":"\u00c9ljen a k\u00e9nyelemmel \u00e9s hat\u00e9konys\u00e1ggal az Electrolux EW6SN327SI keskeny el\u00f6lt\u00f6lt\u0151s mos\u00f3g\u00e9ppel! \u00c9lvezze, hogy minden ruhadarab tiszta \u00e9s friss lesz! \ud83c\udf1f","robots":{"index":"index","follow":"follow","max-snippet":"max-snippet:-1","max-image-preview":"max-image-preview:large","max-video-preview":"max-video-preview:-1"},"canonical":"https:\/\/premiumkeszulek.hu\/en\/termek\/electrolux-ew6sn327si-keskeny-eloltoltos-mosogep-7kg\/","og_locale":"en_GB","og_type":"article","og_title":"Electrolux EW6SN327SI keskeny el\u00f6lt\u00f6lt\u0151s mos\u00f3g\u00e9p 7kg","og_description":"\u00c9ljen a k\u00e9nyelemmel \u00e9s hat\u00e9konys\u00e1ggal az Electrolux EW6SN327SI keskeny el\u00f6lt\u00f6lt\u0151s mos\u00f3g\u00e9ppel! \u00c9lvezze, hogy minden ruhadarab tiszta \u00e9s friss lesz! \ud83c\udf1f","og_url":"https:\/\/premiumkeszulek.hu\/en\/termek\/electrolux-ew6sn327si-keskeny-eloltoltos-mosogep-7kg\/","og_site_name":"Pr\u00e9miumK\u00e9sz\u00fcl\u00e9k","article_publisher":"https:\/\/www.facebook.com\/konyhaluxnet","article_modified_time":"2026-04-01T17:48:58+00:00","og_image":[{"width":800,"height":800,"url":"https:\/\/i0.wp.com\/premiumkeszulek.hu\/wp-content\/uploads\/2025\/05\/EW6SN327SI.jpg?fit=800%2C800&ssl=1","type":"image\/jpeg"}],"twitter_card":"summary_large_image","twitter_misc":{"Price":"179.900&#70;&#116;","Availability":"On back order"},"schema":{"@context":"https:\/\/schema.org","@graph":[{"@type":"WebPage","@id":"https:\/\/premiumkeszulek.hu\/hu\/termek\/electrolux-ew6sn327si-keskeny-eloltoltos-mosogep-7kg\/","url":"https:\/\/premiumkeszulek.hu\/hu\/termek\/electrolux-ew6sn327si-keskeny-eloltoltos-mosogep-7kg\/","name":"Electrolux EW6SN327SI keskeny el\u00f6lt\u00f6lt\u0151s mos\u00f3g\u00e9p 7kg - Pr\u00e9miumK\u00e9sz\u00fcl\u00e9k","isPartOf":{"@id":"https:\/\/premiumkeszulek.hu\/en\/#website"},"primaryImageOfPage":{"@id":"https:\/\/premiumkeszulek.hu\/hu\/termek\/electrolux-ew6sn327si-keskeny-eloltoltos-mosogep-7kg\/#primaryimage"},"image":{"@id":"https:\/\/premiumkeszulek.hu\/hu\/termek\/electrolux-ew6sn327si-keskeny-eloltoltos-mosogep-7kg\/#primaryimage"},"thumbnailUrl":"https:\/\/i0.wp.com\/premiumkeszulek.hu\/wp-content\/uploads\/2025\/05\/EW6SN327SI.jpg?fit=800%2C800&ssl=1","datePublished":"2025-05-16T17:15:26+00:00","dateModified":"2026-04-01T17:48:58+00:00","description":"\u00c9ljen a k\u00e9nyelemmel \u00e9s hat\u00e9konys\u00e1ggal az Electrolux EW6SN327SI keskeny el\u00f6lt\u00f6lt\u0151s mos\u00f3g\u00e9ppel! \u00c9lvezze, hogy minden ruhadarab tiszta \u00e9s friss lesz! \ud83c\udf1f","breadcrumb":{"@id":"https:\/\/premiumkeszulek.hu\/hu\/termek\/electrolux-ew6sn327si-keskeny-eloltoltos-mosogep-7kg\/#breadcrumb"},"inLanguage":"en-GB","potentialAction":[{"@type":"ReadAction","target":["https:\/\/premiumkeszulek.hu\/hu\/termek\/electrolux-ew6sn327si-keskeny-eloltoltos-mosogep-7kg\/"]}]},{"@type":"ImageObject","inLanguage":"en-GB","@id":"https:\/\/premiumkeszulek.hu\/hu\/termek\/electrolux-ew6sn327si-keskeny-eloltoltos-mosogep-7kg\/#primaryimage","url":"https:\/\/i0.wp.com\/premiumkeszulek.hu\/wp-content\/uploads\/2025\/05\/EW6SN327SI.jpg?fit=800%2C800&ssl=1","contentUrl":"https:\/\/i0.wp.com\/premiumkeszulek.hu\/wp-content\/uploads\/2025\/05\/EW6SN327SI.jpg?fit=800%2C800&ssl=1","width":800,"height":800},{"@type":"BreadcrumbList","@id":"https:\/\/premiumkeszulek.hu\/hu\/termek\/electrolux-ew6sn327si-keskeny-eloltoltos-mosogep-7kg\/#breadcrumb","itemListElement":[{"@type":"ListItem","position":1,"name":"Home","item":"https:\/\/premiumkeszulek.hu\/en\/"},{"@type":"ListItem","position":2,"name":"Shop","item":"https:\/\/premiumkeszulek.hu\/en\/shop\/"},{"@type":"ListItem","position":3,"name":"Electrolux EW6SN327SI keskeny el\u00f6lt\u00f6lt\u0151s mos\u00f3g\u00e9p 7kg"}]},{"@type":"WebSite","@id":"https:\/\/premiumkeszulek.hu\/en\/#website","url":"https:\/\/premiumkeszulek.hu\/en\/","name":"Pr\u00e9miumK\u00e9sz\u00fcl\u00e9k","description":"","publisher":{"@id":"https:\/\/premiumkeszulek.hu\/en\/#organization"},"potentialAction":[{"@type":"SearchAction","target":{"@type":"EntryPoint","urlTemplate":"https:\/\/premiumkeszulek.hu\/en\/?s={search_term_string}"},"query-input":{"@type":"PropertyValueSpecification","valueRequired":true,"valueName":"search_term_string"}}],"inLanguage":"en-GB"},{"@type":"Organization","@id":"https:\/\/premiumkeszulek.hu\/en\/#organization","name":"Pr\u00e9miumK\u00e9sz\u00fcl\u00e9k","alternateName":"HPH Special Kft","url":"https:\/\/premiumkeszulek.hu\/en\/","logo":{"@type":"ImageObject","inLanguage":"en-GB","@id":"https:\/\/premiumkeszulek.hu\/en\/#\/schema\/logo\/image\/","url":"http:\/\/premiumkeszulek.hu\/wp-content\/uploads\/2025\/03\/TURKIZLOGO-kicsi.png","contentUrl":"http:\/\/premiumkeszulek.hu\/wp-content\/uploads\/2025\/03\/TURKIZLOGO-kicsi.png","width":1600,"height":547,"caption":"Pr\u00e9miumK\u00e9sz\u00fcl\u00e9k"},"image":{"@id":"https:\/\/premiumkeszulek.hu\/en\/#\/schema\/logo\/image\/"},"sameAs":["https:\/\/www.facebook.com\/konyhaluxnet","https:\/\/www.instagram.com\/konyhaluxnet\/#"],"email":"info@premiumkeszulek.hu","telephone":"36 1 \/ 226-1992","legalName":"HPH Special Kft","vatID":"HU12549502","taxID":"12549502","hasMerchantReturnPolicy":{"@type":"MerchantReturnPolicy","merchantReturnLink":"https:\/\/premiumkeszulek.hu\/en\/altalanos-szerzodesi-es-felhasznalasi-feltetelek\/"}}]},"product_brand":"Electrolux","product_price_amount":"179900","product_price_currency":"HUF","og_availability":"backorder","product_availability":"available for order","product_retailer_item_id":"914340392","product_condition":"new"},"jetpack_publicize_connections":[],"jetpack_likes_enabled":true,"jetpack_sharing_enabled":true,"jetpack-related-posts":[],"_links":{"self":[{"href":"https:\/\/premiumkeszulek.hu\/en\/wp-json\/wp\/v2\/product\/16061","targetHints":{"allow":["GET"]}}],"collection":[{"href":"https:\/\/premiumkeszulek.hu\/en\/wp-json\/wp\/v2\/product"}],"about":[{"href":"https:\/\/premiumkeszulek.hu\/en\/wp-json\/wp\/v2\/types\/product"}],"replies":[{"embeddable":true,"href":"https:\/\/premiumkeszulek.hu\/en\/wp-json\/wp\/v2\/comments?post=16061"}],"wp:featuredmedia":[{"embeddable":true,"href":"https:\/\/premiumkeszulek.hu\/en\/wp-json\/wp\/v2\/media\/16060"}],"wp:attachment":[{"href":"https:\/\/premiumkeszulek.hu\/en\/wp-json\/wp\/v2\/media?parent=16061"}],"wp:term":[{"taxonomy":"product_brand","embeddable":true,"href":"https:\/\/premiumkeszulek.hu\/en\/wp-json\/wp\/v2\/product_brand?post=16061"},{"taxonomy":"product_cat","embeddable":true,"href":"https:\/\/premiumkeszulek.hu\/en\/wp-json\/wp\/v2\/product_cat?post=16061"},{"taxonomy":"product_tag","embeddable":true,"href":"https:\/\/premiumkeszulek.hu\/en\/wp-json\/wp\/v2\/product_tag?post=16061"},{"taxonomy":"woo-feed-brand","embeddable":true,"href":"https:\/\/premiumkeszulek.hu\/en\/wp-json\/wp\/v2\/woo-feed-brand?post=16061"}],"curies":[{"name":"wp","href":"https:\/\/api.w.org\/{rel}","templated":true}]}}