{"id":15450,"date":"2025-05-01T16:20:43","date_gmt":"2025-05-01T14:20:43","guid":{"rendered":"https:\/\/premiumkeszulek.hu\/termek\/whirlpool-szabadonallo-mosogatogep-w7f-hp33-x\/"},"modified":"2026-04-14T15:50:01","modified_gmt":"2026-04-14T13:50:01","slug":"whirlpool-szabadonallo-mosogatogep-w7f-hp33-x","status":"publish","type":"product","link":"https:\/\/premiumkeszulek.hu\/en\/product\/whirlpool-szabadonallo-mosogatogep-w7f-hp33-x\/","title":{"rendered":"Whirlpool szabadon\u00e1ll\u00f3 mosogat\u00f3g\u00e9p W7F HP33 X"},"content":{"rendered":"<p>Csendes<br \/>\n\tTeljes\u00edtm\u00e9ny csendesen. Az \u00d6n Whirlpool mosogat\u00f3g\u00e9p\u00e9t \u00fagy tervezt\u00e9k meg, hogy a legkisebb zajkibocs\u00e1t\u00e1s mellett biztos\u00edtsa a t\u00f6k\u00e9letes mosogat\u00e1si eredm\u00e9nyt.<\/p>\n<p>PowerClean Pro<br \/>\n\tA g\u00e9p h\u00e1tulj\u00e1b\u00f3l \u00e9rkez\u0151 er\u0151teljes v\u00edzsug\u00e1r a legmakacsabb szennyez\u0151d\u00e9sek eset\u00e9n is a legjobb tiszt\u00edt\u00e1si eredm\u00e9nyt biztos\u00edtja. Az intelligens \u00e9rz\u00e9kel\u0151k \u00e9rz\u00e9kelik a szennyez\u0151d\u00e9s szintj\u00e9t, \u00e9s ennek megfelel\u0151en m\u00f3dos\u00edtj\u00e1k a v\u00edznyom\u00e1st.<\/p>\n<p>Harmadik ev\u0151eszk\u00f6ztart\u00f3 fi\u00f3k<br \/>\n\tAz \u00d6n Whirlpool mosogat\u00f3g\u00e9pe fel van szerelve harmadik ev\u0151eszk\u00f6ztart\u00f3 fi\u00f3kkal. Az \u00edgy megn\u00f6velt kapacit\u00e1s seg\u00edt abban, hogy mindennek jusson hely.<\/p>\n<p>ExtraSpace<br \/>\n\tForradalmi helykihaszn\u00e1l\u00e1s. Az egyed\u00fcl\u00e1ll\u00f3 ExtraSpace design lehet\u0151v\u00e9 teszi l\u00e1basok \u00e9s serpeny\u0151k elhelyez\u00e9s\u00e9t is az als\u00f3 kos\u00e1rban \u00fagy, hogy emellett 10 ter\u00edt\u00e9knek is jusson hely. Sp\u00f3roljon helyet \u00e9s id\u0151t.<\/p>\n<p>NaturalDry<br \/>\n\tA k\u00e9sz\u00fcl\u00e9k a program befejezt\u00e9vel kinyitja az ajtaj\u00e1t a hat\u00e9konyabb sz\u00e1r\u00edt\u00e1s \u00e9s az alacsonyabb energiafelhaszn\u00e1l\u00e1s \u00e9rdek\u00e9ben.<\/p>\n<p>EcoFriendly<br \/>\n\tA 6. \u00c9rz\u00e9k EcoFriendly technol\u00f3gia intelligens szenzoraival folyamatosan figyeli a mosogat\u00e1si ciklust \u00e9s a szennyezetts\u00e9gi szintet, ennek megfelel\u0151en v\u00e1ltoztatva a mosogat\u00e1si param\u00e9tereket. \u00c9lvezze a t\u00f6k\u00e9letes eredm\u00e9ny \u00e9s az ak\u00e1r 50%-os energia-, v\u00edz- \u00e9s id\u0151megtakar\u00edt\u00e1st.* (*\u00d6sszehasonl\u00edtva a 6. \u00c9rz\u00e9k programok minimum \u00e9s maximum fogyaszt\u00e1s\u00e1t.)<\/p>\n<p>\u00c1ll\u00edthat\u00f3 fels\u0151 kos\u00e1r, kivehet\u0151 fels\u0151 kos\u00e1r<br \/>\n\t\u00c1ll\u00edthat\u00f3 fels\u0151 kos\u00e1r. Az \u00d6n mosogat\u00f3g\u00e9p\u00e9nek \u00e1ll\u00edthat\u00f3 fels\u0151 kosara lehet\u0151v\u00e9 teszi, hogy szokatlan form\u00e1j\u00fa ed\u00e9nyeket is k\u00f6nnyed\u00e9n el tudjon helyezni benne.<\/p>\n<p>T\u00falfoly\u00e1s elleni v\u00e9delem<br \/>\n\tA k\u00e9sz\u00fcl\u00e9k a v\u00edzbefoly\u00f3 cs\u0151be \u00e9p\u00edtett t\u00falfoly\u00e1s elleni v\u00e9delemmel van ell\u00e1tva.<\/p>\n<p>Rozsdamentes ac\u00e9l bels\u0151 t\u00e9r<br \/>\n\tA Whirlpool mosogat\u00f3g\u00e9p rozsdamentes ac\u00e9l belseje biztos\u00edtja a csillog\u00f3 ed\u00e9nyeket \u00e9s a tiszta bels\u0151 teret.<\/p>\n<p>Multitabletta opci\u00f3<br \/>\n\tA Multitabletta opci\u00f3 seg\u00edts\u00e9g\u00e9vel mosogat\u00e1si programjait mosogat\u00f3tabletta haszn\u00e1lat\u00e1ra optimaliz\u00e1lhatja.<\/p>\n<p>Melegvizes csatlakoz\u00e1s<br \/>\n\tMelegvizes csatlakoz\u00e1s. Ez a k\u00e9sz\u00fcl\u00e9k maximum 60\u00b0C fokos melegv\u00edz-h\u00e1l\u00f3zatra k\u00f6zvetlen\u00fcl r\u00e1k\u00f6thet\u0151.<\/p>\n<p>Gyors ciklus<br \/>\n\t\u00c9lvezze a gyors eredm\u00e9nyeket! A gyors program teljes k\u00f6r\u0171 gondoskod\u00e1st k\u00edn\u00e1l \u00e9s biztos\u00edtja azt a mos\u00f3hat\u00e1st, amire sz\u00fcks\u00e9ge van, mindezt kevesebb id\u0151 alatt.<\/p>\n<p>8 program<br \/>\n\tRugalmas opci\u00f3k, t\u00f6k\u00e9letes eredm\u00e9ny. Ez a Whirlpool mosogat\u00f3g\u00e9p 8 sokoldal\u00fa programot k\u00edn\u00e1l, hogy mindig az ig\u00e9nyeinek megfelel\u0151t v\u00e1laszthassa ki.<\/p>\n<p>Levehet\u0151 tet\u0151<br \/>\n\tA levehet\u0151 tet\u0151nek k\u00f6sz\u00f6nhet\u0151en egyszer\u0171en alak\u00edthatja a k\u00e9sz\u00fcl\u00e9ket az ig\u00e9nyeihez.<\/p>\n<p>Multizone<br \/>\n\tA ciklus kiv\u00e1laszt\u00e1sok lehet\u0151s\u00e9g van arra a be\u00e1ll\u00edt\u00e1sra, hogy egyszerre csak egy kos\u00e1r r\u00e9szt mosogasson.<\/p>\n<p>Intenz\u00edv program<br \/>\n\tMos\u00e1si program 65 \u00b0 C hossz\u00fa programban, ide\u00e1lis a legkoszosabb ed\u00e9nyek sz\u00e1m\u00e1ra.<\/p>\n<p>Aquastop<br \/>\n\tEgy elektromos szelep blokkolja a v\u00edz bet\u00f6lt\u00e9s\u00e9t a k\u00fcls\u0151 cs\u0151b\u0151l, ha a bels\u0151 t\u00f6ml\u0151 megszakad. Szakad\u00e1s eset\u00e9n a v\u00edz a t\u00f6ml\u0151n kereszt\u00fcl a g\u00e9p als\u00f3 rekesz\u00e9be sziv\u00e1rog, ahol az \u00fasz\u00f3 berendez\u00e9s hibariaszt\u00e1st v\u00e1lt ki, \u00e9s az elektronikus szelepnek k\u00fcld\u00f6tt jellel aktiv\u00e1lja az Aquastopot. A v\u00edzbemenet z\u00e1rva van, \u00e9s a leereszt\u0151 szivatty\u00fa ki\u00fcr\u00edti a t\u00e1lc\u00e1t.Whirlpool mosogat\u00f3g\u00e9p jellemz\u0151i: inox sz\u00edn. D energiahat\u00e9konys\u00e1gi oszt\u00e1ly. K\u00e9nyelmes digit\u00e1lis visszasz\u00e1ml\u00e1l\u00f3, amely t\u00e1j\u00e9koztatja \u00d6nt arr\u00f3l, amikor a mos\u00e1si ciklus befejez\u0151d\u00f6tt. Innovat\u00edv technol\u00f3gia, amely rendk\u00edv\u00fcl csendes teljes\u00edtm\u00e9nyt biztos\u00edt a halk k\u00e9sz\u00fcl\u00e9k sz\u00e1m\u00e1ra. Kiv\u00e1l\u00f3 tiszt\u00edt\u00e1si teljes\u00edtm\u00e9ny az ide\u00e1lis mos\u00e1si eredm\u00e9nyekhez.[BusinessBox-whirlpool-mosogatogep]<\/p>\n","protected":false},"excerpt":{"rendered":"<p>Csendes Teljes\u00edtm\u00e9ny csendesen. Az \u00d6n Whirlpool mosogat\u00f3g\u00e9p\u00e9t \u00fagy tervezt\u00e9k meg, hogy a legkisebb zajkibocs\u00e1t\u00e1s mellett biztos\u00edtsa a t\u00f6k\u00e9letes mosogat\u00e1si eredm\u00e9nyt. PowerClean Pro A g\u00e9p h\u00e1tulj\u00e1b\u00f3l \u00e9rkez\u0151 er\u0151teljes v\u00edzsug\u00e1r a legmakacsabb szennyez\u0151d\u00e9sek eset\u00e9n is a legjobb tiszt\u00edt\u00e1si eredm\u00e9nyt biztos\u00edtja. Az intelligens \u00e9rz\u00e9kel\u0151k \u00e9rz\u00e9kelik a szennyez\u0151d\u00e9s szintj\u00e9t, \u00e9s ennek megfelel\u0151en m\u00f3dos\u00edtj\u00e1k a v\u00edznyom\u00e1st. Harmadik ev\u0151eszk\u00f6ztart\u00f3 fi\u00f3k Az [&hellip;]<\/p>\n","protected":false},"featured_media":15449,"comment_status":"closed","ping_status":"closed","template":"","meta":{"_crdt_document":"","content-type":"","jetpack_post_was_ever_published":false,"jetpack_publicize_message":"","jetpack_publicize_feature_enabled":true,"jetpack_social_post_already_shared":true,"jetpack_social_options":{"image_generator_settings":{"template":"highway","default_image_id":0,"font":"","enabled":false},"version":2},"_wpas_customize_per_network":false},"product_brand":[6849],"product_cat":[1384,1388],"product_tag":[],"woo-feed-brand":[],"class_list":{"0":"post-15450","1":"product","2":"type-product","3":"status-publish","4":"has-post-thumbnail","6":"product_brand-whirlpool","7":"product_cat-mosogatogep","8":"product_cat-szabadonallomosogatogep","9":"product_shipping_class-100000felett","11":"first","12":"onbackorder","13":"taxable","14":"shipping-taxable","15":"purchasable","16":"product-type-simple"},"yoast_head":"<!-- This site is optimized with the Yoast SEO Premium plugin v26.9 (Yoast SEO v27.4) - https:\/\/yoast.com\/product\/yoast-seo-premium-wordpress\/ -->\n<title>Whirlpool szabadon\u00e1ll\u00f3 mosogat\u00f3g\u00e9p W7F HP33 X - Pr\u00e9miumK\u00e9sz\u00fcl\u00e9k<\/title>\n<meta name=\"description\" content=\"A Whirlpool W7F HP33 szabadon\u00e1ll\u00f3 mosogat\u00f3g\u00e9p maximaliz\u00e1lja a mosogat\u00e1si teljes\u00edtm\u00e9nyt, csendes m\u0171k\u00f6d\u00e9ssel \u00e9s intelligens \u00e9rz\u00e9kel\u0151kkel. Fedezze fel most!\" \/>\n<meta name=\"robots\" content=\"index, follow, max-snippet:-1, max-image-preview:large, max-video-preview:-1\" \/>\n<link rel=\"canonical\" href=\"https:\/\/premiumkeszulek.hu\/en\/product\/whirlpool-szabadonallo-mosogatogep-w7f-hp33-x\/\" \/>\n<meta property=\"og:locale\" content=\"en_GB\" \/>\n<meta property=\"og:type\" content=\"article\" \/>\n<meta property=\"og:title\" content=\"Whirlpool szabadon\u00e1ll\u00f3 mosogat\u00f3g\u00e9p W7F HP33 X\" \/>\n<meta property=\"og:description\" content=\"A Whirlpool W7F HP33 szabadon\u00e1ll\u00f3 mosogat\u00f3g\u00e9p maximaliz\u00e1lja a mosogat\u00e1si teljes\u00edtm\u00e9nyt, csendes m\u0171k\u00f6d\u00e9ssel \u00e9s intelligens \u00e9rz\u00e9kel\u0151kkel. Fedezze fel most!\" \/>\n<meta property=\"og:url\" content=\"https:\/\/premiumkeszulek.hu\/en\/product\/whirlpool-szabadonallo-mosogatogep-w7f-hp33-x\/\" \/>\n<meta property=\"og:site_name\" content=\"Pr\u00e9miumK\u00e9sz\u00fcl\u00e9k\" \/>\n<meta property=\"article:publisher\" content=\"https:\/\/www.facebook.com\/konyhaluxnet\" \/>\n<meta property=\"article:modified_time\" content=\"2026-04-14T13:50:01+00:00\" \/>\n<meta property=\"og:image\" content=\"https:\/\/i0.wp.com\/premiumkeszulek.hu\/wp-content\/uploads\/2025\/05\/1-3.jpg?fit=800%2C800&ssl=1\" \/>\n\t<meta property=\"og:image:width\" content=\"800\" \/>\n\t<meta property=\"og:image:height\" content=\"800\" \/>\n\t<meta property=\"og:image:type\" content=\"image\/jpeg\" \/>\n<meta name=\"twitter:card\" content=\"summary_large_image\" \/>\n<meta name=\"twitter:label1\" content=\"Price\" \/>\n\t<meta name=\"twitter:data1\" content=\"207.900&#070;&#116;\" \/>\n\t<meta name=\"twitter:label2\" content=\"Availability\" \/>\n\t<meta name=\"twitter:data2\" content=\"On back order\" \/>\n<script type=\"application\/ld+json\" class=\"yoast-schema-graph\">{\"@context\":\"https:\\\/\\\/schema.org\",\"@graph\":[{\"@type\":\"WebPage\",\"@id\":\"https:\\\/\\\/premiumkeszulek.hu\\\/en\\\/product\\\/whirlpool-szabadonallo-mosogatogep-w7f-hp33-x\\\/\",\"url\":\"https:\\\/\\\/premiumkeszulek.hu\\\/en\\\/product\\\/whirlpool-szabadonallo-mosogatogep-w7f-hp33-x\\\/\",\"name\":\"Whirlpool szabadon\u00e1ll\u00f3 mosogat\u00f3g\u00e9p W7F HP33 X - Pr\u00e9miumK\u00e9sz\u00fcl\u00e9k\",\"isPartOf\":{\"@id\":\"https:\\\/\\\/premiumkeszulek.hu\\\/hu\\\/#website\"},\"primaryImageOfPage\":{\"@id\":\"https:\\\/\\\/premiumkeszulek.hu\\\/en\\\/product\\\/whirlpool-szabadonallo-mosogatogep-w7f-hp33-x\\\/#primaryimage\"},\"image\":{\"@id\":\"https:\\\/\\\/premiumkeszulek.hu\\\/en\\\/product\\\/whirlpool-szabadonallo-mosogatogep-w7f-hp33-x\\\/#primaryimage\"},\"thumbnailUrl\":\"https:\\\/\\\/i0.wp.com\\\/premiumkeszulek.hu\\\/wp-content\\\/uploads\\\/2025\\\/05\\\/1-3.jpg?fit=800%2C800&ssl=1\",\"datePublished\":\"2025-05-01T14:20:43+00:00\",\"dateModified\":\"2026-04-14T13:50:01+00:00\",\"description\":\"A Whirlpool W7F HP33 szabadon\u00e1ll\u00f3 mosogat\u00f3g\u00e9p maximaliz\u00e1lja a mosogat\u00e1si teljes\u00edtm\u00e9nyt, csendes m\u0171k\u00f6d\u00e9ssel \u00e9s intelligens \u00e9rz\u00e9kel\u0151kkel. Fedezze fel most!\",\"breadcrumb\":{\"@id\":\"https:\\\/\\\/premiumkeszulek.hu\\\/en\\\/product\\\/whirlpool-szabadonallo-mosogatogep-w7f-hp33-x\\\/#breadcrumb\"},\"inLanguage\":\"en-GB\",\"potentialAction\":[{\"@type\":\"ReadAction\",\"target\":[\"https:\\\/\\\/premiumkeszulek.hu\\\/en\\\/product\\\/whirlpool-szabadonallo-mosogatogep-w7f-hp33-x\\\/\"]}]},{\"@type\":\"ImageObject\",\"inLanguage\":\"en-GB\",\"@id\":\"https:\\\/\\\/premiumkeszulek.hu\\\/en\\\/product\\\/whirlpool-szabadonallo-mosogatogep-w7f-hp33-x\\\/#primaryimage\",\"url\":\"https:\\\/\\\/i0.wp.com\\\/premiumkeszulek.hu\\\/wp-content\\\/uploads\\\/2025\\\/05\\\/1-3.jpg?fit=800%2C800&ssl=1\",\"contentUrl\":\"https:\\\/\\\/i0.wp.com\\\/premiumkeszulek.hu\\\/wp-content\\\/uploads\\\/2025\\\/05\\\/1-3.jpg?fit=800%2C800&ssl=1\",\"width\":800,\"height\":800},{\"@type\":\"BreadcrumbList\",\"@id\":\"https:\\\/\\\/premiumkeszulek.hu\\\/en\\\/product\\\/whirlpool-szabadonallo-mosogatogep-w7f-hp33-x\\\/#breadcrumb\",\"itemListElement\":[{\"@type\":\"ListItem\",\"position\":1,\"name\":\"Home\",\"item\":\"https:\\\/\\\/premiumkeszulek.hu\\\/hu\\\/\"},{\"@type\":\"ListItem\",\"position\":2,\"name\":\"Shop\",\"item\":\"https:\\\/\\\/premiumkeszulek.hu\\\/hu\\\/shop\\\/\"},{\"@type\":\"ListItem\",\"position\":3,\"name\":\"Whirlpool szabadon\u00e1ll\u00f3 mosogat\u00f3g\u00e9p W7F HP33 X\"}]},{\"@type\":\"WebSite\",\"@id\":\"https:\\\/\\\/premiumkeszulek.hu\\\/hu\\\/#website\",\"url\":\"https:\\\/\\\/premiumkeszulek.hu\\\/hu\\\/\",\"name\":\"Pr\u00e9miumK\u00e9sz\u00fcl\u00e9k\",\"description\":\"\",\"publisher\":{\"@id\":\"https:\\\/\\\/premiumkeszulek.hu\\\/hu\\\/#organization\"},\"potentialAction\":[{\"@type\":\"SearchAction\",\"target\":{\"@type\":\"EntryPoint\",\"urlTemplate\":\"https:\\\/\\\/premiumkeszulek.hu\\\/hu\\\/?s={search_term_string}\"},\"query-input\":{\"@type\":\"PropertyValueSpecification\",\"valueRequired\":true,\"valueName\":\"search_term_string\"}}],\"inLanguage\":\"en-GB\"},{\"@type\":\"Organization\",\"@id\":\"https:\\\/\\\/premiumkeszulek.hu\\\/hu\\\/#organization\",\"name\":\"Pr\u00e9miumK\u00e9sz\u00fcl\u00e9k\",\"alternateName\":\"HPH Special Kft\",\"url\":\"https:\\\/\\\/premiumkeszulek.hu\\\/hu\\\/\",\"logo\":{\"@type\":\"ImageObject\",\"inLanguage\":\"en-GB\",\"@id\":\"https:\\\/\\\/premiumkeszulek.hu\\\/hu\\\/#\\\/schema\\\/logo\\\/image\\\/\",\"url\":\"http:\\\/\\\/premiumkeszulek.hu\\\/wp-content\\\/uploads\\\/2025\\\/03\\\/TURKIZLOGO-kicsi.png\",\"contentUrl\":\"http:\\\/\\\/premiumkeszulek.hu\\\/wp-content\\\/uploads\\\/2025\\\/03\\\/TURKIZLOGO-kicsi.png\",\"width\":1600,\"height\":547,\"caption\":\"Pr\u00e9miumK\u00e9sz\u00fcl\u00e9k\"},\"image\":{\"@id\":\"https:\\\/\\\/premiumkeszulek.hu\\\/hu\\\/#\\\/schema\\\/logo\\\/image\\\/\"},\"sameAs\":[\"https:\\\/\\\/www.facebook.com\\\/konyhaluxnet\",\"https:\\\/\\\/www.instagram.com\\\/konyhaluxnet\\\/#\"],\"email\":\"info@premiumkeszulek.hu\",\"telephone\":\"36 1 \\\/ 226-1992\",\"legalName\":\"HPH Special Kft\",\"vatID\":\"HU12549502\",\"taxID\":\"12549502\",\"hasMerchantReturnPolicy\":{\"@type\":\"MerchantReturnPolicy\",\"merchantReturnLink\":\"https:\\\/\\\/premiumkeszulek.hu\\\/en\\\/altalanos-szerzodesi-es-felhasznalasi-feltetelek\\\/\"}}]}<\/script>\n<meta property=\"product:brand\" content=\"Whirlpool\" \/>\n<meta property=\"product:price:amount\" content=\"207900\" \/>\n<meta property=\"product:price:currency\" content=\"HUF\" \/>\n<meta property=\"og:availability\" content=\"backorder\" \/>\n<meta property=\"product:availability\" content=\"available for order\" \/>\n<meta property=\"product:retailer_item_id\" content=\"859991658900\" \/>\n<meta property=\"product:condition\" content=\"new\" \/>\n<!-- \/ Yoast SEO Premium plugin. -->","yoast_head_json":{"title":"Whirlpool szabadon\u00e1ll\u00f3 mosogat\u00f3g\u00e9p W7F HP33 X - Pr\u00e9miumK\u00e9sz\u00fcl\u00e9k","description":"A Whirlpool W7F HP33 szabadon\u00e1ll\u00f3 mosogat\u00f3g\u00e9p maximaliz\u00e1lja a mosogat\u00e1si teljes\u00edtm\u00e9nyt, csendes m\u0171k\u00f6d\u00e9ssel \u00e9s intelligens \u00e9rz\u00e9kel\u0151kkel. Fedezze fel most!","robots":{"index":"index","follow":"follow","max-snippet":"max-snippet:-1","max-image-preview":"max-image-preview:large","max-video-preview":"max-video-preview:-1"},"canonical":"https:\/\/premiumkeszulek.hu\/en\/product\/whirlpool-szabadonallo-mosogatogep-w7f-hp33-x\/","og_locale":"en_GB","og_type":"article","og_title":"Whirlpool szabadon\u00e1ll\u00f3 mosogat\u00f3g\u00e9p W7F HP33 X","og_description":"A Whirlpool W7F HP33 szabadon\u00e1ll\u00f3 mosogat\u00f3g\u00e9p maximaliz\u00e1lja a mosogat\u00e1si teljes\u00edtm\u00e9nyt, csendes m\u0171k\u00f6d\u00e9ssel \u00e9s intelligens \u00e9rz\u00e9kel\u0151kkel. Fedezze fel most!","og_url":"https:\/\/premiumkeszulek.hu\/en\/product\/whirlpool-szabadonallo-mosogatogep-w7f-hp33-x\/","og_site_name":"Pr\u00e9miumK\u00e9sz\u00fcl\u00e9k","article_publisher":"https:\/\/www.facebook.com\/konyhaluxnet","article_modified_time":"2026-04-14T13:50:01+00:00","og_image":[{"width":800,"height":800,"url":"https:\/\/i0.wp.com\/premiumkeszulek.hu\/wp-content\/uploads\/2025\/05\/1-3.jpg?fit=800%2C800&ssl=1","type":"image\/jpeg"}],"twitter_card":"summary_large_image","twitter_misc":{"Price":"207.900&#70;&#116;","Availability":"On back order"},"schema":{"@context":"https:\/\/schema.org","@graph":[{"@type":"WebPage","@id":"https:\/\/premiumkeszulek.hu\/en\/product\/whirlpool-szabadonallo-mosogatogep-w7f-hp33-x\/","url":"https:\/\/premiumkeszulek.hu\/en\/product\/whirlpool-szabadonallo-mosogatogep-w7f-hp33-x\/","name":"Whirlpool szabadon\u00e1ll\u00f3 mosogat\u00f3g\u00e9p W7F HP33 X - Pr\u00e9miumK\u00e9sz\u00fcl\u00e9k","isPartOf":{"@id":"https:\/\/premiumkeszulek.hu\/hu\/#website"},"primaryImageOfPage":{"@id":"https:\/\/premiumkeszulek.hu\/en\/product\/whirlpool-szabadonallo-mosogatogep-w7f-hp33-x\/#primaryimage"},"image":{"@id":"https:\/\/premiumkeszulek.hu\/en\/product\/whirlpool-szabadonallo-mosogatogep-w7f-hp33-x\/#primaryimage"},"thumbnailUrl":"https:\/\/i0.wp.com\/premiumkeszulek.hu\/wp-content\/uploads\/2025\/05\/1-3.jpg?fit=800%2C800&ssl=1","datePublished":"2025-05-01T14:20:43+00:00","dateModified":"2026-04-14T13:50:01+00:00","description":"A Whirlpool W7F HP33 szabadon\u00e1ll\u00f3 mosogat\u00f3g\u00e9p maximaliz\u00e1lja a mosogat\u00e1si teljes\u00edtm\u00e9nyt, csendes m\u0171k\u00f6d\u00e9ssel \u00e9s intelligens \u00e9rz\u00e9kel\u0151kkel. Fedezze fel most!","breadcrumb":{"@id":"https:\/\/premiumkeszulek.hu\/en\/product\/whirlpool-szabadonallo-mosogatogep-w7f-hp33-x\/#breadcrumb"},"inLanguage":"en-GB","potentialAction":[{"@type":"ReadAction","target":["https:\/\/premiumkeszulek.hu\/en\/product\/whirlpool-szabadonallo-mosogatogep-w7f-hp33-x\/"]}]},{"@type":"ImageObject","inLanguage":"en-GB","@id":"https:\/\/premiumkeszulek.hu\/en\/product\/whirlpool-szabadonallo-mosogatogep-w7f-hp33-x\/#primaryimage","url":"https:\/\/i0.wp.com\/premiumkeszulek.hu\/wp-content\/uploads\/2025\/05\/1-3.jpg?fit=800%2C800&ssl=1","contentUrl":"https:\/\/i0.wp.com\/premiumkeszulek.hu\/wp-content\/uploads\/2025\/05\/1-3.jpg?fit=800%2C800&ssl=1","width":800,"height":800},{"@type":"BreadcrumbList","@id":"https:\/\/premiumkeszulek.hu\/en\/product\/whirlpool-szabadonallo-mosogatogep-w7f-hp33-x\/#breadcrumb","itemListElement":[{"@type":"ListItem","position":1,"name":"Home","item":"https:\/\/premiumkeszulek.hu\/hu\/"},{"@type":"ListItem","position":2,"name":"Shop","item":"https:\/\/premiumkeszulek.hu\/hu\/shop\/"},{"@type":"ListItem","position":3,"name":"Whirlpool szabadon\u00e1ll\u00f3 mosogat\u00f3g\u00e9p W7F HP33 X"}]},{"@type":"WebSite","@id":"https:\/\/premiumkeszulek.hu\/hu\/#website","url":"https:\/\/premiumkeszulek.hu\/hu\/","name":"Pr\u00e9miumK\u00e9sz\u00fcl\u00e9k","description":"","publisher":{"@id":"https:\/\/premiumkeszulek.hu\/hu\/#organization"},"potentialAction":[{"@type":"SearchAction","target":{"@type":"EntryPoint","urlTemplate":"https:\/\/premiumkeszulek.hu\/hu\/?s={search_term_string}"},"query-input":{"@type":"PropertyValueSpecification","valueRequired":true,"valueName":"search_term_string"}}],"inLanguage":"en-GB"},{"@type":"Organization","@id":"https:\/\/premiumkeszulek.hu\/hu\/#organization","name":"Pr\u00e9miumK\u00e9sz\u00fcl\u00e9k","alternateName":"HPH Special Kft","url":"https:\/\/premiumkeszulek.hu\/hu\/","logo":{"@type":"ImageObject","inLanguage":"en-GB","@id":"https:\/\/premiumkeszulek.hu\/hu\/#\/schema\/logo\/image\/","url":"http:\/\/premiumkeszulek.hu\/wp-content\/uploads\/2025\/03\/TURKIZLOGO-kicsi.png","contentUrl":"http:\/\/premiumkeszulek.hu\/wp-content\/uploads\/2025\/03\/TURKIZLOGO-kicsi.png","width":1600,"height":547,"caption":"Pr\u00e9miumK\u00e9sz\u00fcl\u00e9k"},"image":{"@id":"https:\/\/premiumkeszulek.hu\/hu\/#\/schema\/logo\/image\/"},"sameAs":["https:\/\/www.facebook.com\/konyhaluxnet","https:\/\/www.instagram.com\/konyhaluxnet\/#"],"email":"info@premiumkeszulek.hu","telephone":"36 1 \/ 226-1992","legalName":"HPH Special Kft","vatID":"HU12549502","taxID":"12549502","hasMerchantReturnPolicy":{"@type":"MerchantReturnPolicy","merchantReturnLink":"https:\/\/premiumkeszulek.hu\/en\/altalanos-szerzodesi-es-felhasznalasi-feltetelek\/"}}]},"product_brand":"Whirlpool","product_price_amount":"207900","product_price_currency":"HUF","og_availability":"backorder","product_availability":"available for order","product_retailer_item_id":"859991658900","product_condition":"new"},"jetpack_publicize_connections":[],"jetpack_likes_enabled":true,"jetpack_sharing_enabled":true,"jetpack-related-posts":[],"_links":{"self":[{"href":"https:\/\/premiumkeszulek.hu\/en\/wp-json\/wp\/v2\/product\/15450","targetHints":{"allow":["GET"]}}],"collection":[{"href":"https:\/\/premiumkeszulek.hu\/en\/wp-json\/wp\/v2\/product"}],"about":[{"href":"https:\/\/premiumkeszulek.hu\/en\/wp-json\/wp\/v2\/types\/product"}],"replies":[{"embeddable":true,"href":"https:\/\/premiumkeszulek.hu\/en\/wp-json\/wp\/v2\/comments?post=15450"}],"wp:featuredmedia":[{"embeddable":true,"href":"https:\/\/premiumkeszulek.hu\/en\/wp-json\/wp\/v2\/media\/15449"}],"wp:attachment":[{"href":"https:\/\/premiumkeszulek.hu\/en\/wp-json\/wp\/v2\/media?parent=15450"}],"wp:term":[{"taxonomy":"product_brand","embeddable":true,"href":"https:\/\/premiumkeszulek.hu\/en\/wp-json\/wp\/v2\/product_brand?post=15450"},{"taxonomy":"product_cat","embeddable":true,"href":"https:\/\/premiumkeszulek.hu\/en\/wp-json\/wp\/v2\/product_cat?post=15450"},{"taxonomy":"product_tag","embeddable":true,"href":"https:\/\/premiumkeszulek.hu\/en\/wp-json\/wp\/v2\/product_tag?post=15450"},{"taxonomy":"woo-feed-brand","embeddable":true,"href":"https:\/\/premiumkeszulek.hu\/en\/wp-json\/wp\/v2\/woo-feed-brand?post=15450"}],"curies":[{"name":"wp","href":"https:\/\/api.w.org\/{rel}","templated":true}]}}