{"id":15428,"date":"2025-05-01T16:20:13","date_gmt":"2025-05-01T14:20:13","guid":{"rendered":"https:\/\/premiumkeszulek.hu\/termek\/whirlpool-szabadonallo-mosogatogep-w2f-hd624\/"},"modified":"2026-04-14T15:50:01","modified_gmt":"2026-04-14T13:50:01","slug":"whirlpool-szabadonallo-mosogatogep-w2f-hd624","status":"publish","type":"product","link":"https:\/\/premiumkeszulek.hu\/en\/product\/whirlpool-szabadonallo-mosogatogep-w2f-hd624\/","title":{"rendered":"Whirlpool szabadon\u00e1ll\u00f3 mosogat\u00f3g\u00e9p W2F HD624"},"content":{"rendered":"<p>14 ter\u00edt\u00e9k<br \/>\n\tEz a Whirlpool mosogat\u00f3g\u00e9p 14 ter\u00edt\u00e9k kapacit\u00e1s\u00fa.<\/p>\n<p>Csendes<br \/>\n\tTeljes\u00edtm\u00e9ny csendesen. Az \u00d6n Whirlpool mosogat\u00f3g\u00e9p\u00e9t \u00fagy tervezt\u00e9k meg, hogy a legkisebb zajkibocs\u00e1t\u00e1s mellett biztos\u00edtsa a t\u00f6k\u00e9letes mosogat\u00e1si eredm\u00e9nyt.<\/p>\n<p>FlexiSpace<br \/>\n\tA FlexiSpace modul\u00e1ris szerkezet\u0171 kosarai lehet\u0151v\u00e9 teszik az ed\u00e9nyek korl\u00e1tok n\u00e9lk\u00fcli elrendez\u00e9s\u00e9t.<\/p>\n<p>F\u00e9lt\u00f6ltet opci\u00f3<br \/>\n\tEr\u0151forr\u00e1s-hat\u00e9kony. A F\u00e9lt\u00f6ltet opci\u00f3 optimaliz\u00e1lja a v\u00edz-, \u00e9s energiafogyaszt\u00e1st, ha a mosogat\u00f3g\u00e9p kosaraiban csak kev\u00e9s ed\u00e9ny tal\u00e1lhat\u00f3.<\/p>\n<p>Ind\u00edt\u00e1sk\u00e9sleltet\u00e9s<br \/>\n\t\u00d6nre szabva. Az ind\u00edt\u00e1sk\u00e9sleltet\u00e9s haszn\u00e1lat\u00e1val megadhatja, hogy a k\u00e9sz\u00fcl\u00e9k akkor kezdje el a mosogat\u00e1si ciklust, amikor \u00d6nnek az legmegfelel\u0151bb, id\u0151t \u00e9s energi\u00e1t sp\u00f3rolva ezzel.<\/p>\n<p>Kivehet\u0151 fels\u0151 kos\u00e1r<br \/>\n\tKivehet\u0151 fels\u0151 kos\u00e1r. Ha szokatlan form\u00e1j\u00fa ed\u00e9nyeket szeretne elmosni, a k\u00e9sz\u00fcl\u00e9k fels\u0151 kosar\u00e1nak elt\u00e1vol\u00edt\u00e1s\u00e1val azonnal lehet\u0151s\u00e9ge ny\u00edlik elhelyezni \u0151ket.<\/p>\n<p>\u00c1ll\u00edthat\u00f3 fels\u0151 kos\u00e1r<br \/>\n\t\u00c1ll\u00edthat\u00f3 fels\u0151 kos\u00e1r. Az \u00d6n mosogat\u00f3g\u00e9p\u00e9nek \u00e1ll\u00edthat\u00f3 fels\u0151 kosara lehet\u0151v\u00e9 teszi, hogy szokatlan form\u00e1j\u00fa ed\u00e9nyeket is k\u00f6nnyed\u00e9n el tudjon helyezni benne.<\/p>\n<p>Rozsdamentes ac\u00e9l bels\u0151 t\u00e9r<br \/>\n\tA Whirlpool mosogat\u00f3g\u00e9p rozsdamentes ac\u00e9l belseje biztos\u00edtja a csillog\u00f3 ed\u00e9nyeket \u00e9s a tiszta bels\u0151 teret.<\/p>\n<p>Multitabletta opci\u00f3<br \/>\n\tA Multitabletta opci\u00f3 seg\u00edts\u00e9g\u00e9vel mosogat\u00e1si programjait mosogat\u00f3tabletta haszn\u00e1lat\u00e1ra optimaliz\u00e1lhatja.<\/p>\n<p>Melegvizes csatlakoz\u00e1s<br \/>\n\tMelegvizes csatlakoz\u00e1s. Ez a k\u00e9sz\u00fcl\u00e9k maximum 60\u00b0C fokos melegv\u00edz-h\u00e1l\u00f3zatra k\u00f6zvetlen\u00fcl r\u00e1k\u00f6thet\u0151.<\/p>\n<p>Gyors ciklus<br \/>\n\t\u00c9lvezze a gyors eredm\u00e9nyeket! A gyors program teljes k\u00f6r\u0171 gondoskod\u00e1st k\u00edn\u00e1l \u00e9s biztos\u00edtja azt a mos\u00f3hat\u00e1st, amire sz\u00fcks\u00e9ge van, mindezt kevesebb id\u0151 alatt.<\/p>\n<p>Levehet\u0151 tet\u0151<br \/>\n\tA levehet\u0151 tet\u0151nek k\u00f6sz\u00f6nhet\u0151en egyszer\u0171en alak\u00edthatja a k\u00e9sz\u00fcl\u00e9ket az ig\u00e9nyeihez.<\/p>\n<p>Intenz\u00edv program<br \/>\n\tMos\u00e1si program 65 \u00b0 C hossz\u00fa programban, ide\u00e1lis a legkoszosabb ed\u00e9nyek sz\u00e1m\u00e1ra.<\/p>\n<p>T\u00falfoly\u00e1s<br \/>\n\tPassz\u00edv v\u00edzv\u00e9delmi rendszer, amely \u00e9szleli a sziv\u00e1rg\u00e1st a v\u00edzbek\u00f6t\u0151 t\u00f6ml\u0151ben \u00e9s ez\u00e1ltal megakad\u00e1lyozza az \u00e1rad\u00e1st a h\u00e1zban. A t\u00f6ml\u0151 elszakad\u00e1sa vagy s\u00e9r\u00fcl\u00e9se eset\u00e9n a v\u00edz a g\u00e9p als\u00f3 rekesz\u00e9be\/t\u00e1lc\u00e1ba sziv\u00e1rog, ahol az \u00fasz\u00f3eszk\u00f6z kiv\u00e1ltja a hibariaszt\u00e1st. A leereszt\u0151 szivatty\u00fa aktiv\u00e1l\u00f3dik \u00e9s a t\u00e1lca ki\u00fcr\u00fcl. Whirlpool mosogat\u00f3g\u00e9p jellemz\u0151i: feh\u00e9r sz\u00edn. \u00c1ll\u00edthat\u00f3 l\u00e1bak, a t\u00f6k\u00e9letes stabilit\u00e1s \u00e9rdek\u00e9ben az egyenetlen padl\u00f3n \u00e9s fel\u00fcleteken. K\u00e9nyelmes digit\u00e1lis visszasz\u00e1ml\u00e1l\u00f3, amely t\u00e1j\u00e9koztatja \u00d6nt arr\u00f3l, amikor a mos\u00e1si ciklus befejez\u0151d\u00f6tt. Innovat\u00edv technol\u00f3gia, amely rendk\u00edv\u00fcl csendes teljes\u00edtm\u00e9nyt biztos\u00edt a halk k\u00e9sz\u00fcl\u00e9k sz\u00e1m\u00e1ra. Kiv\u00e1l\u00f3 tiszt\u00edt\u00e1si teljes\u00edtm\u00e9ny az ide\u00e1lis mos\u00e1si eredm\u00e9nyekhez.<br \/>[BusinessBox-whirlpool-mosogatogep]<br \/>\n\u00a0<\/p>\n","protected":false},"excerpt":{"rendered":"<p>14 ter\u00edt\u00e9k Ez a Whirlpool mosogat\u00f3g\u00e9p 14 ter\u00edt\u00e9k kapacit\u00e1s\u00fa. Csendes Teljes\u00edtm\u00e9ny csendesen. Az \u00d6n Whirlpool mosogat\u00f3g\u00e9p\u00e9t \u00fagy tervezt\u00e9k meg, hogy a legkisebb zajkibocs\u00e1t\u00e1s mellett biztos\u00edtsa a t\u00f6k\u00e9letes mosogat\u00e1si eredm\u00e9nyt. FlexiSpace A FlexiSpace modul\u00e1ris szerkezet\u0171 kosarai lehet\u0151v\u00e9 teszik az ed\u00e9nyek korl\u00e1tok n\u00e9lk\u00fcli elrendez\u00e9s\u00e9t. F\u00e9lt\u00f6ltet opci\u00f3 Er\u0151forr\u00e1s-hat\u00e9kony. A F\u00e9lt\u00f6ltet opci\u00f3 optimaliz\u00e1lja a v\u00edz-, \u00e9s energiafogyaszt\u00e1st, ha a [&hellip;]<\/p>\n","protected":false},"featured_media":15427,"comment_status":"closed","ping_status":"closed","template":"","meta":{"_crdt_document":"","content-type":"","jetpack_post_was_ever_published":false,"jetpack_publicize_message":"","jetpack_publicize_feature_enabled":true,"jetpack_social_post_already_shared":true,"jetpack_social_options":{"image_generator_settings":{"template":"highway","default_image_id":0,"font":"","enabled":false},"version":2},"_wpas_customize_per_network":false},"product_brand":[6849],"product_cat":[1384,1388],"product_tag":[],"woo-feed-brand":[],"class_list":{"0":"post-15428","1":"product","2":"type-product","3":"status-publish","4":"has-post-thumbnail","6":"product_brand-whirlpool","7":"product_cat-mosogatogep","8":"product_cat-szabadonallomosogatogep","9":"product_shipping_class-100000felett","11":"first","12":"onbackorder","13":"taxable","14":"shipping-taxable","15":"purchasable","16":"product-type-simple"},"yoast_head":"<!-- This site is optimized with the Yoast SEO Premium plugin v26.9 (Yoast SEO v27.4) - https:\/\/yoast.com\/product\/yoast-seo-premium-wordpress\/ -->\n<title>Whirlpool szabadon\u00e1ll\u00f3 mosogat\u00f3g\u00e9p W2F HD624 - Pr\u00e9miumK\u00e9sz\u00fcl\u00e9k<\/title>\n<meta name=\"description\" content=\"Fedezze fel a csendes m\u0171k\u00f6d\u00e9st \u00e9s a 14 ter\u00edt\u00e9k kapacit\u00e1st a Whirlpool W2F HD624 szabadon\u00e1ll\u00f3 mosogat\u00f3g\u00e9p\u00e9vel. Optimaliz\u00e1lja a v\u00edzfogyaszt\u00e1st!\" \/>\n<meta name=\"robots\" content=\"index, follow, max-snippet:-1, max-image-preview:large, max-video-preview:-1\" \/>\n<link rel=\"canonical\" href=\"http:\/\/premiumkeszulek.hu\/en\/termek\/whirlpool-szabadonallo-mosogatogep-w2f-hd624\/\" \/>\n<meta property=\"og:locale\" content=\"en_GB\" \/>\n<meta property=\"og:type\" content=\"article\" \/>\n<meta property=\"og:title\" content=\"Whirlpool szabadon\u00e1ll\u00f3 mosogat\u00f3g\u00e9p W2F HD624\" \/>\n<meta property=\"og:description\" content=\"Fedezze fel a csendes m\u0171k\u00f6d\u00e9st \u00e9s a 14 ter\u00edt\u00e9k kapacit\u00e1st a Whirlpool W2F HD624 szabadon\u00e1ll\u00f3 mosogat\u00f3g\u00e9p\u00e9vel. Optimaliz\u00e1lja a v\u00edzfogyaszt\u00e1st!\" \/>\n<meta property=\"og:url\" content=\"http:\/\/premiumkeszulek.hu\/en\/termek\/whirlpool-szabadonallo-mosogatogep-w2f-hd624\/\" \/>\n<meta property=\"og:site_name\" content=\"Pr\u00e9miumK\u00e9sz\u00fcl\u00e9k\" \/>\n<meta property=\"article:publisher\" content=\"https:\/\/www.facebook.com\/konyhaluxnet\" \/>\n<meta property=\"article:modified_time\" content=\"2026-04-14T13:50:01+00:00\" \/>\n<meta property=\"og:image\" content=\"https:\/\/i0.wp.com\/premiumkeszulek.hu\/wp-content\/uploads\/2025\/05\/1.jpg?fit=800%2C800\" \/>\n\t<meta property=\"og:image:width\" content=\"800\" \/>\n\t<meta property=\"og:image:height\" content=\"800\" \/>\n\t<meta property=\"og:image:type\" content=\"image\/jpeg\" \/>\n<meta name=\"twitter:card\" content=\"summary_large_image\" \/>\n<meta name=\"twitter:label1\" content=\"Price\" \/>\n\t<meta name=\"twitter:data1\" content=\"163.900&#070;&#116;\" \/>\n\t<meta name=\"twitter:label2\" content=\"Availability\" \/>\n\t<meta name=\"twitter:data2\" content=\"On back order\" \/>\n<script type=\"application\/ld+json\" class=\"yoast-schema-graph\">{\"@context\":\"https:\\\/\\\/schema.org\",\"@graph\":[{\"@type\":\"WebPage\",\"@id\":\"http:\\\/\\\/premiumkeszulek.hu\\\/hu\\\/termek\\\/whirlpool-szabadonallo-mosogatogep-w2f-hd624\\\/\",\"url\":\"http:\\\/\\\/premiumkeszulek.hu\\\/hu\\\/termek\\\/whirlpool-szabadonallo-mosogatogep-w2f-hd624\\\/\",\"name\":\"Whirlpool szabadon\u00e1ll\u00f3 mosogat\u00f3g\u00e9p W2F HD624 - Pr\u00e9miumK\u00e9sz\u00fcl\u00e9k\",\"isPartOf\":{\"@id\":\"https:\\\/\\\/premiumkeszulek.hu\\\/hu\\\/#website\"},\"primaryImageOfPage\":{\"@id\":\"http:\\\/\\\/premiumkeszulek.hu\\\/hu\\\/termek\\\/whirlpool-szabadonallo-mosogatogep-w2f-hd624\\\/#primaryimage\"},\"image\":{\"@id\":\"http:\\\/\\\/premiumkeszulek.hu\\\/hu\\\/termek\\\/whirlpool-szabadonallo-mosogatogep-w2f-hd624\\\/#primaryimage\"},\"thumbnailUrl\":\"https:\\\/\\\/i0.wp.com\\\/premiumkeszulek.hu\\\/wp-content\\\/uploads\\\/2025\\\/05\\\/1.jpg?fit=800%2C800&ssl=1\",\"datePublished\":\"2025-05-01T14:20:13+00:00\",\"dateModified\":\"2026-04-14T13:50:01+00:00\",\"description\":\"Fedezze fel a csendes m\u0171k\u00f6d\u00e9st \u00e9s a 14 ter\u00edt\u00e9k kapacit\u00e1st a Whirlpool W2F HD624 szabadon\u00e1ll\u00f3 mosogat\u00f3g\u00e9p\u00e9vel. Optimaliz\u00e1lja a v\u00edzfogyaszt\u00e1st!\",\"breadcrumb\":{\"@id\":\"http:\\\/\\\/premiumkeszulek.hu\\\/hu\\\/termek\\\/whirlpool-szabadonallo-mosogatogep-w2f-hd624\\\/#breadcrumb\"},\"inLanguage\":\"en-GB\",\"potentialAction\":[{\"@type\":\"ReadAction\",\"target\":[\"http:\\\/\\\/premiumkeszulek.hu\\\/hu\\\/termek\\\/whirlpool-szabadonallo-mosogatogep-w2f-hd624\\\/\"]}]},{\"@type\":\"ImageObject\",\"inLanguage\":\"en-GB\",\"@id\":\"http:\\\/\\\/premiumkeszulek.hu\\\/hu\\\/termek\\\/whirlpool-szabadonallo-mosogatogep-w2f-hd624\\\/#primaryimage\",\"url\":\"https:\\\/\\\/i0.wp.com\\\/premiumkeszulek.hu\\\/wp-content\\\/uploads\\\/2025\\\/05\\\/1.jpg?fit=800%2C800&ssl=1\",\"contentUrl\":\"https:\\\/\\\/i0.wp.com\\\/premiumkeszulek.hu\\\/wp-content\\\/uploads\\\/2025\\\/05\\\/1.jpg?fit=800%2C800&ssl=1\",\"width\":800,\"height\":800},{\"@type\":\"BreadcrumbList\",\"@id\":\"http:\\\/\\\/premiumkeszulek.hu\\\/hu\\\/termek\\\/whirlpool-szabadonallo-mosogatogep-w2f-hd624\\\/#breadcrumb\",\"itemListElement\":[{\"@type\":\"ListItem\",\"position\":1,\"name\":\"Home\",\"item\":\"https:\\\/\\\/premiumkeszulek.hu\\\/hu\\\/\"},{\"@type\":\"ListItem\",\"position\":2,\"name\":\"Shop\",\"item\":\"https:\\\/\\\/premiumkeszulek.hu\\\/hu\\\/shop\\\/\"},{\"@type\":\"ListItem\",\"position\":3,\"name\":\"Whirlpool szabadon\u00e1ll\u00f3 mosogat\u00f3g\u00e9p W2F HD624\"}]},{\"@type\":\"WebSite\",\"@id\":\"https:\\\/\\\/premiumkeszulek.hu\\\/hu\\\/#website\",\"url\":\"https:\\\/\\\/premiumkeszulek.hu\\\/hu\\\/\",\"name\":\"Pr\u00e9miumK\u00e9sz\u00fcl\u00e9k\",\"description\":\"\",\"publisher\":{\"@id\":\"https:\\\/\\\/premiumkeszulek.hu\\\/hu\\\/#organization\"},\"potentialAction\":[{\"@type\":\"SearchAction\",\"target\":{\"@type\":\"EntryPoint\",\"urlTemplate\":\"https:\\\/\\\/premiumkeszulek.hu\\\/hu\\\/?s={search_term_string}\"},\"query-input\":{\"@type\":\"PropertyValueSpecification\",\"valueRequired\":true,\"valueName\":\"search_term_string\"}}],\"inLanguage\":\"en-GB\"},{\"@type\":\"Organization\",\"@id\":\"https:\\\/\\\/premiumkeszulek.hu\\\/hu\\\/#organization\",\"name\":\"Pr\u00e9miumK\u00e9sz\u00fcl\u00e9k\",\"alternateName\":\"HPH Special Kft\",\"url\":\"https:\\\/\\\/premiumkeszulek.hu\\\/hu\\\/\",\"logo\":{\"@type\":\"ImageObject\",\"inLanguage\":\"en-GB\",\"@id\":\"https:\\\/\\\/premiumkeszulek.hu\\\/hu\\\/#\\\/schema\\\/logo\\\/image\\\/\",\"url\":\"http:\\\/\\\/premiumkeszulek.hu\\\/wp-content\\\/uploads\\\/2025\\\/03\\\/TURKIZLOGO-kicsi.png\",\"contentUrl\":\"http:\\\/\\\/premiumkeszulek.hu\\\/wp-content\\\/uploads\\\/2025\\\/03\\\/TURKIZLOGO-kicsi.png\",\"width\":1600,\"height\":547,\"caption\":\"Pr\u00e9miumK\u00e9sz\u00fcl\u00e9k\"},\"image\":{\"@id\":\"https:\\\/\\\/premiumkeszulek.hu\\\/hu\\\/#\\\/schema\\\/logo\\\/image\\\/\"},\"sameAs\":[\"https:\\\/\\\/www.facebook.com\\\/konyhaluxnet\",\"https:\\\/\\\/www.instagram.com\\\/konyhaluxnet\\\/#\"],\"email\":\"info@premiumkeszulek.hu\",\"telephone\":\"36 1 \\\/ 226-1992\",\"legalName\":\"HPH Special Kft\",\"vatID\":\"HU12549502\",\"taxID\":\"12549502\",\"hasMerchantReturnPolicy\":{\"@type\":\"MerchantReturnPolicy\",\"merchantReturnLink\":\"https:\\\/\\\/premiumkeszulek.hu\\\/en\\\/altalanos-szerzodesi-es-felhasznalasi-feltetelek\\\/\"}}]}<\/script>\n<meta property=\"product:brand\" content=\"Whirlpool\" \/>\n<meta property=\"product:price:amount\" content=\"163900\" \/>\n<meta property=\"product:price:currency\" content=\"HUF\" \/>\n<meta property=\"og:availability\" content=\"backorder\" \/>\n<meta property=\"product:availability\" content=\"available for order\" \/>\n<meta property=\"product:retailer_item_id\" content=\"869991663330\" \/>\n<meta property=\"product:condition\" content=\"new\" \/>\n<!-- \/ Yoast SEO Premium plugin. -->","yoast_head_json":{"title":"Whirlpool szabadon\u00e1ll\u00f3 mosogat\u00f3g\u00e9p W2F HD624 - Pr\u00e9miumK\u00e9sz\u00fcl\u00e9k","description":"Fedezze fel a csendes m\u0171k\u00f6d\u00e9st \u00e9s a 14 ter\u00edt\u00e9k kapacit\u00e1st a Whirlpool W2F HD624 szabadon\u00e1ll\u00f3 mosogat\u00f3g\u00e9p\u00e9vel. Optimaliz\u00e1lja a v\u00edzfogyaszt\u00e1st!","robots":{"index":"index","follow":"follow","max-snippet":"max-snippet:-1","max-image-preview":"max-image-preview:large","max-video-preview":"max-video-preview:-1"},"canonical":"http:\/\/premiumkeszulek.hu\/en\/termek\/whirlpool-szabadonallo-mosogatogep-w2f-hd624\/","og_locale":"en_GB","og_type":"article","og_title":"Whirlpool szabadon\u00e1ll\u00f3 mosogat\u00f3g\u00e9p W2F HD624","og_description":"Fedezze fel a csendes m\u0171k\u00f6d\u00e9st \u00e9s a 14 ter\u00edt\u00e9k kapacit\u00e1st a Whirlpool W2F HD624 szabadon\u00e1ll\u00f3 mosogat\u00f3g\u00e9p\u00e9vel. Optimaliz\u00e1lja a v\u00edzfogyaszt\u00e1st!","og_url":"http:\/\/premiumkeszulek.hu\/en\/termek\/whirlpool-szabadonallo-mosogatogep-w2f-hd624\/","og_site_name":"Pr\u00e9miumK\u00e9sz\u00fcl\u00e9k","article_publisher":"https:\/\/www.facebook.com\/konyhaluxnet","article_modified_time":"2026-04-14T13:50:01+00:00","og_image":[{"width":800,"height":800,"url":"https:\/\/i0.wp.com\/premiumkeszulek.hu\/wp-content\/uploads\/2025\/05\/1.jpg?fit=800%2C800","type":"image\/jpeg"}],"twitter_card":"summary_large_image","twitter_misc":{"Price":"163.900&#70;&#116;","Availability":"On back order"},"schema":{"@context":"https:\/\/schema.org","@graph":[{"@type":"WebPage","@id":"http:\/\/premiumkeszulek.hu\/hu\/termek\/whirlpool-szabadonallo-mosogatogep-w2f-hd624\/","url":"http:\/\/premiumkeszulek.hu\/hu\/termek\/whirlpool-szabadonallo-mosogatogep-w2f-hd624\/","name":"Whirlpool szabadon\u00e1ll\u00f3 mosogat\u00f3g\u00e9p W2F HD624 - Pr\u00e9miumK\u00e9sz\u00fcl\u00e9k","isPartOf":{"@id":"https:\/\/premiumkeszulek.hu\/hu\/#website"},"primaryImageOfPage":{"@id":"http:\/\/premiumkeszulek.hu\/hu\/termek\/whirlpool-szabadonallo-mosogatogep-w2f-hd624\/#primaryimage"},"image":{"@id":"http:\/\/premiumkeszulek.hu\/hu\/termek\/whirlpool-szabadonallo-mosogatogep-w2f-hd624\/#primaryimage"},"thumbnailUrl":"https:\/\/i0.wp.com\/premiumkeszulek.hu\/wp-content\/uploads\/2025\/05\/1.jpg?fit=800%2C800&ssl=1","datePublished":"2025-05-01T14:20:13+00:00","dateModified":"2026-04-14T13:50:01+00:00","description":"Fedezze fel a csendes m\u0171k\u00f6d\u00e9st \u00e9s a 14 ter\u00edt\u00e9k kapacit\u00e1st a Whirlpool W2F HD624 szabadon\u00e1ll\u00f3 mosogat\u00f3g\u00e9p\u00e9vel. Optimaliz\u00e1lja a v\u00edzfogyaszt\u00e1st!","breadcrumb":{"@id":"http:\/\/premiumkeszulek.hu\/hu\/termek\/whirlpool-szabadonallo-mosogatogep-w2f-hd624\/#breadcrumb"},"inLanguage":"en-GB","potentialAction":[{"@type":"ReadAction","target":["http:\/\/premiumkeszulek.hu\/hu\/termek\/whirlpool-szabadonallo-mosogatogep-w2f-hd624\/"]}]},{"@type":"ImageObject","inLanguage":"en-GB","@id":"http:\/\/premiumkeszulek.hu\/hu\/termek\/whirlpool-szabadonallo-mosogatogep-w2f-hd624\/#primaryimage","url":"https:\/\/i0.wp.com\/premiumkeszulek.hu\/wp-content\/uploads\/2025\/05\/1.jpg?fit=800%2C800&ssl=1","contentUrl":"https:\/\/i0.wp.com\/premiumkeszulek.hu\/wp-content\/uploads\/2025\/05\/1.jpg?fit=800%2C800&ssl=1","width":800,"height":800},{"@type":"BreadcrumbList","@id":"http:\/\/premiumkeszulek.hu\/hu\/termek\/whirlpool-szabadonallo-mosogatogep-w2f-hd624\/#breadcrumb","itemListElement":[{"@type":"ListItem","position":1,"name":"Home","item":"https:\/\/premiumkeszulek.hu\/hu\/"},{"@type":"ListItem","position":2,"name":"Shop","item":"https:\/\/premiumkeszulek.hu\/hu\/shop\/"},{"@type":"ListItem","position":3,"name":"Whirlpool szabadon\u00e1ll\u00f3 mosogat\u00f3g\u00e9p W2F HD624"}]},{"@type":"WebSite","@id":"https:\/\/premiumkeszulek.hu\/hu\/#website","url":"https:\/\/premiumkeszulek.hu\/hu\/","name":"Pr\u00e9miumK\u00e9sz\u00fcl\u00e9k","description":"","publisher":{"@id":"https:\/\/premiumkeszulek.hu\/hu\/#organization"},"potentialAction":[{"@type":"SearchAction","target":{"@type":"EntryPoint","urlTemplate":"https:\/\/premiumkeszulek.hu\/hu\/?s={search_term_string}"},"query-input":{"@type":"PropertyValueSpecification","valueRequired":true,"valueName":"search_term_string"}}],"inLanguage":"en-GB"},{"@type":"Organization","@id":"https:\/\/premiumkeszulek.hu\/hu\/#organization","name":"Pr\u00e9miumK\u00e9sz\u00fcl\u00e9k","alternateName":"HPH Special Kft","url":"https:\/\/premiumkeszulek.hu\/hu\/","logo":{"@type":"ImageObject","inLanguage":"en-GB","@id":"https:\/\/premiumkeszulek.hu\/hu\/#\/schema\/logo\/image\/","url":"http:\/\/premiumkeszulek.hu\/wp-content\/uploads\/2025\/03\/TURKIZLOGO-kicsi.png","contentUrl":"http:\/\/premiumkeszulek.hu\/wp-content\/uploads\/2025\/03\/TURKIZLOGO-kicsi.png","width":1600,"height":547,"caption":"Pr\u00e9miumK\u00e9sz\u00fcl\u00e9k"},"image":{"@id":"https:\/\/premiumkeszulek.hu\/hu\/#\/schema\/logo\/image\/"},"sameAs":["https:\/\/www.facebook.com\/konyhaluxnet","https:\/\/www.instagram.com\/konyhaluxnet\/#"],"email":"info@premiumkeszulek.hu","telephone":"36 1 \/ 226-1992","legalName":"HPH Special Kft","vatID":"HU12549502","taxID":"12549502","hasMerchantReturnPolicy":{"@type":"MerchantReturnPolicy","merchantReturnLink":"https:\/\/premiumkeszulek.hu\/en\/altalanos-szerzodesi-es-felhasznalasi-feltetelek\/"}}]},"product_brand":"Whirlpool","product_price_amount":"163900","product_price_currency":"HUF","og_availability":"backorder","product_availability":"available for order","product_retailer_item_id":"869991663330","product_condition":"new"},"jetpack_publicize_connections":[],"jetpack_likes_enabled":true,"jetpack_sharing_enabled":true,"jetpack-related-posts":[],"_links":{"self":[{"href":"https:\/\/premiumkeszulek.hu\/en\/wp-json\/wp\/v2\/product\/15428","targetHints":{"allow":["GET"]}}],"collection":[{"href":"https:\/\/premiumkeszulek.hu\/en\/wp-json\/wp\/v2\/product"}],"about":[{"href":"https:\/\/premiumkeszulek.hu\/en\/wp-json\/wp\/v2\/types\/product"}],"replies":[{"embeddable":true,"href":"https:\/\/premiumkeszulek.hu\/en\/wp-json\/wp\/v2\/comments?post=15428"}],"wp:featuredmedia":[{"embeddable":true,"href":"https:\/\/premiumkeszulek.hu\/en\/wp-json\/wp\/v2\/media\/15427"}],"wp:attachment":[{"href":"https:\/\/premiumkeszulek.hu\/en\/wp-json\/wp\/v2\/media?parent=15428"}],"wp:term":[{"taxonomy":"product_brand","embeddable":true,"href":"https:\/\/premiumkeszulek.hu\/en\/wp-json\/wp\/v2\/product_brand?post=15428"},{"taxonomy":"product_cat","embeddable":true,"href":"https:\/\/premiumkeszulek.hu\/en\/wp-json\/wp\/v2\/product_cat?post=15428"},{"taxonomy":"product_tag","embeddable":true,"href":"https:\/\/premiumkeszulek.hu\/en\/wp-json\/wp\/v2\/product_tag?post=15428"},{"taxonomy":"woo-feed-brand","embeddable":true,"href":"https:\/\/premiumkeszulek.hu\/en\/wp-json\/wp\/v2\/woo-feed-brand?post=15428"}],"curies":[{"name":"wp","href":"https:\/\/api.w.org\/{rel}","templated":true}]}}