{"id":14604,"date":"2025-04-28T21:43:10","date_gmt":"2025-04-28T19:43:10","guid":{"rendered":"https:\/\/premiumkeszulek.hu\/termek\/whirlpool-woi4s8ppm1sx-beepitheto-suto\/"},"modified":"2026-05-14T14:40:31","modified_gmt":"2026-05-14T12:40:31","slug":"whirlpool-woi4s8ppm1sx-beepitheto-suto","status":"publish","type":"product","link":"https:\/\/premiumkeszulek.hu\/en\/product\/whirlpool-woi4s8ppm1sx-beepitheto-suto\/","title":{"rendered":"Whirlpool WOI4S8PPM1SX Be\u00e9p\u00edthet\u0151 s\u00fct\u0151"},"content":{"rendered":"<p>Finoman csuk\u00f3d\u00f3 s\u00fct\u0151ajt\u00f3<br \/>\n\t6. \u00c9rz\u00e9k s\u00fct\u00e9s<br \/>\n\tSpeci\u00e1lis funkci\u00f3k<br \/>\n\tReady2Cook funkci\u00f3<br \/>\n\tH\u0171t\u0151ventil\u00e1tor<br \/>\n\tNagyteljes\u00edtm\u00e9ny\u0171 grill f\u0171t\u0151test<\/p>\n<p>AirFry funkci\u00f3<\/p>\n","protected":false},"excerpt":{"rendered":"<p>S\u00fct\u00e9si funkci\u00f3k: MF16+ elektromos s\u00fct\u0151<br \/>\n\tGyors el\u0151f\u0171t\u00e9s<br \/>\n\tTurbogrill<br \/>\n\tEco h\u0151l\u00e9gbef\u00fav\u00e1s<br \/>\n\tMelegentart\u00e1s<br \/>\n\tKeleszt\u00e9s<br \/>\n\tAls\u00f3\/fels\u0151<br \/>\n\tGrill<br \/>\n\tH\u0151l\u00e9gbef\u00fav\u00e1s<br \/>\n\tL\u00e9gkever\u00e9s<\/p>\n<p>6. \u00c9rz\u00e9k s\u00fct\u00e9si programok 6 \u00e9telkateg\u00f3ri\u00e1ra:<br \/>\n\tCs\u0151ben s\u00fcltek<br \/>\n\tH\u00fasok<br \/>\n\tXXL m\u00e9ret\u0171 h\u00fass\u00fct\u00e9<br \/>\n\tKeny\u00e9r<br \/>\n\tPizza<br \/>\n\tT\u00e9sztaf\u00e9l\u00e9k<br \/>\n\tMelegen tart\u00e1s<br \/>\n\tKeleszt\u00e9s<br \/>\n\tECO h\u0151l\u00e9gbef\u00fav\u00e1s<br \/>\n\tRakott t\u00e9szt\u00e1k<br \/>\n\tMaxi s\u00fct\u00e9s (+2,5 kg)<br \/>\n\tS\u00fctem\u00e9ny\/tortaf\u00e9l\u00e9k<\/p>\n","protected":false},"featured_media":14572,"comment_status":"closed","ping_status":"closed","template":"","meta":{"_crdt_document":"","content-type":"","jetpack_post_was_ever_published":false,"jetpack_publicize_message":"","jetpack_publicize_feature_enabled":true,"jetpack_social_post_already_shared":true,"jetpack_social_options":{"image_generator_settings":{"template":"highway","default_image_id":0,"font":"","enabled":false},"version":2},"_wpas_customize_per_network":false},"product_brand":[6849],"product_cat":[1389,1527],"product_tag":[],"woo-feed-brand":[],"class_list":{"0":"post-14604","1":"product","2":"type-product","3":"status-publish","4":"has-post-thumbnail","6":"product_brand-whirlpool","7":"product_cat-beepithetosutok","8":"product_cat-sutok-es-fozolapok","9":"product_shipping_class-100000felett","11":"first","12":"instock","13":"sale","14":"taxable","15":"shipping-taxable","16":"purchasable","17":"product-type-simple"},"yoast_head":"<!-- This site is optimized with the Yoast SEO Premium plugin v26.9 (Yoast SEO v27.4) - https:\/\/yoast.com\/product\/yoast-seo-premium-wordpress\/ -->\n<title>Whirlpool WOI4S8PPM1SX Be\u00e9p\u00edthet\u0151 s\u00fct\u0151 - Pr\u00e9miumK\u00e9sz\u00fcl\u00e9k<\/title>\n<meta name=\"description\" content=\"Fedezd fel a Whirlpool WOI4S8PPM1SX Be\u00e9p\u00edthet\u0151 s\u00fct\u0151 csod\u00e1latos funkci\u00f3it! \u00c9lvezd a 6. \u00c9rz\u00e9k s\u00fct\u00e9st \u00e9s a h\u0171t\u0151ventil\u00e1tort az \u00edzek\u00e9rt!\" \/>\n<meta name=\"robots\" content=\"index, follow, max-snippet:-1, max-image-preview:large, max-video-preview:-1\" \/>\n<link rel=\"canonical\" href=\"https:\/\/premiumkeszulek.hu\/en\/product\/whirlpool-woi4s8ppm1sx-beepitheto-suto\/\" \/>\n<meta property=\"og:locale\" content=\"en_GB\" \/>\n<meta property=\"og:type\" content=\"article\" \/>\n<meta property=\"og:title\" content=\"Whirlpool WOI4S8PPM1SX Be\u00e9p\u00edthet\u0151 s\u00fct\u0151\" \/>\n<meta property=\"og:description\" content=\"Fedezd fel a Whirlpool WOI4S8PPM1SX Be\u00e9p\u00edthet\u0151 s\u00fct\u0151 csod\u00e1latos funkci\u00f3it! \u00c9lvezd a 6. \u00c9rz\u00e9k s\u00fct\u00e9st \u00e9s a h\u0171t\u0151ventil\u00e1tort az \u00edzek\u00e9rt!\" \/>\n<meta property=\"og:url\" content=\"https:\/\/premiumkeszulek.hu\/en\/product\/whirlpool-woi4s8ppm1sx-beepitheto-suto\/\" \/>\n<meta property=\"og:site_name\" content=\"Pr\u00e9miumK\u00e9sz\u00fcl\u00e9k\" \/>\n<meta property=\"article:publisher\" content=\"https:\/\/www.facebook.com\/konyhaluxnet\" \/>\n<meta property=\"article:modified_time\" content=\"2026-05-14T12:40:31+00:00\" \/>\n<meta property=\"og:image\" content=\"https:\/\/i0.wp.com\/premiumkeszulek.hu\/wp-content\/uploads\/2025\/04\/WOI4S8CM1SXA.png?fit=800%2C800&ssl=1\" \/>\n\t<meta property=\"og:image:width\" content=\"800\" \/>\n\t<meta property=\"og:image:height\" content=\"800\" \/>\n\t<meta property=\"og:image:type\" content=\"image\/png\" \/>\n<meta name=\"twitter:card\" content=\"summary_large_image\" \/>\n<meta name=\"twitter:label1\" content=\"Price\" \/>\n\t<meta name=\"twitter:data1\" content=\"199.405&#070;&#116;\" \/>\n\t<meta name=\"twitter:label2\" content=\"Availability\" \/>\n\t<meta name=\"twitter:data2\" content=\"In stock\" \/>\n<script type=\"application\/ld+json\" class=\"yoast-schema-graph\">{\"@context\":\"https:\\\/\\\/schema.org\",\"@graph\":[{\"@type\":\"WebPage\",\"@id\":\"https:\\\/\\\/premiumkeszulek.hu\\\/en\\\/product\\\/whirlpool-woi4s8ppm1sx-beepitheto-suto\\\/\",\"url\":\"https:\\\/\\\/premiumkeszulek.hu\\\/en\\\/product\\\/whirlpool-woi4s8ppm1sx-beepitheto-suto\\\/\",\"name\":\"Whirlpool WOI4S8PPM1SX Be\u00e9p\u00edthet\u0151 s\u00fct\u0151 - Pr\u00e9miumK\u00e9sz\u00fcl\u00e9k\",\"isPartOf\":{\"@id\":\"https:\\\/\\\/premiumkeszulek.hu\\\/hu\\\/#website\"},\"primaryImageOfPage\":{\"@id\":\"https:\\\/\\\/premiumkeszulek.hu\\\/en\\\/product\\\/whirlpool-woi4s8ppm1sx-beepitheto-suto\\\/#primaryimage\"},\"image\":{\"@id\":\"https:\\\/\\\/premiumkeszulek.hu\\\/en\\\/product\\\/whirlpool-woi4s8ppm1sx-beepitheto-suto\\\/#primaryimage\"},\"thumbnailUrl\":\"https:\\\/\\\/i0.wp.com\\\/premiumkeszulek.hu\\\/wp-content\\\/uploads\\\/2025\\\/04\\\/WOI4S8CM1SXA.png?fit=800%2C800&ssl=1\",\"datePublished\":\"2025-04-28T19:43:10+00:00\",\"dateModified\":\"2026-05-14T12:40:31+00:00\",\"description\":\"Fedezd fel a Whirlpool WOI4S8PPM1SX Be\u00e9p\u00edthet\u0151 s\u00fct\u0151 csod\u00e1latos funkci\u00f3it! \u00c9lvezd a 6. \u00c9rz\u00e9k s\u00fct\u00e9st \u00e9s a h\u0171t\u0151ventil\u00e1tort az \u00edzek\u00e9rt!\",\"breadcrumb\":{\"@id\":\"https:\\\/\\\/premiumkeszulek.hu\\\/en\\\/product\\\/whirlpool-woi4s8ppm1sx-beepitheto-suto\\\/#breadcrumb\"},\"inLanguage\":\"en-GB\",\"potentialAction\":[{\"@type\":\"ReadAction\",\"target\":[\"https:\\\/\\\/premiumkeszulek.hu\\\/en\\\/product\\\/whirlpool-woi4s8ppm1sx-beepitheto-suto\\\/\"]}]},{\"@type\":\"ImageObject\",\"inLanguage\":\"en-GB\",\"@id\":\"https:\\\/\\\/premiumkeszulek.hu\\\/en\\\/product\\\/whirlpool-woi4s8ppm1sx-beepitheto-suto\\\/#primaryimage\",\"url\":\"https:\\\/\\\/i0.wp.com\\\/premiumkeszulek.hu\\\/wp-content\\\/uploads\\\/2025\\\/04\\\/WOI4S8CM1SXA.png?fit=800%2C800&ssl=1\",\"contentUrl\":\"https:\\\/\\\/i0.wp.com\\\/premiumkeszulek.hu\\\/wp-content\\\/uploads\\\/2025\\\/04\\\/WOI4S8CM1SXA.png?fit=800%2C800&ssl=1\",\"width\":800,\"height\":800},{\"@type\":\"BreadcrumbList\",\"@id\":\"https:\\\/\\\/premiumkeszulek.hu\\\/en\\\/product\\\/whirlpool-woi4s8ppm1sx-beepitheto-suto\\\/#breadcrumb\",\"itemListElement\":[{\"@type\":\"ListItem\",\"position\":1,\"name\":\"Home\",\"item\":\"https:\\\/\\\/premiumkeszulek.hu\\\/hu\\\/\"},{\"@type\":\"ListItem\",\"position\":2,\"name\":\"Shop\",\"item\":\"https:\\\/\\\/premiumkeszulek.hu\\\/hu\\\/shop\\\/\"},{\"@type\":\"ListItem\",\"position\":3,\"name\":\"Whirlpool WOI4S8PPM1SX Be\u00e9p\u00edthet\u0151 s\u00fct\u0151\"}]},{\"@type\":\"WebSite\",\"@id\":\"https:\\\/\\\/premiumkeszulek.hu\\\/hu\\\/#website\",\"url\":\"https:\\\/\\\/premiumkeszulek.hu\\\/hu\\\/\",\"name\":\"Pr\u00e9miumK\u00e9sz\u00fcl\u00e9k\",\"description\":\"\",\"publisher\":{\"@id\":\"https:\\\/\\\/premiumkeszulek.hu\\\/hu\\\/#organization\"},\"potentialAction\":[{\"@type\":\"SearchAction\",\"target\":{\"@type\":\"EntryPoint\",\"urlTemplate\":\"https:\\\/\\\/premiumkeszulek.hu\\\/hu\\\/?s={search_term_string}\"},\"query-input\":{\"@type\":\"PropertyValueSpecification\",\"valueRequired\":true,\"valueName\":\"search_term_string\"}}],\"inLanguage\":\"en-GB\"},{\"@type\":\"Organization\",\"@id\":\"https:\\\/\\\/premiumkeszulek.hu\\\/hu\\\/#organization\",\"name\":\"Pr\u00e9miumK\u00e9sz\u00fcl\u00e9k\",\"alternateName\":\"HPH Special Kft\",\"url\":\"https:\\\/\\\/premiumkeszulek.hu\\\/hu\\\/\",\"logo\":{\"@type\":\"ImageObject\",\"inLanguage\":\"en-GB\",\"@id\":\"https:\\\/\\\/premiumkeszulek.hu\\\/hu\\\/#\\\/schema\\\/logo\\\/image\\\/\",\"url\":\"http:\\\/\\\/premiumkeszulek.hu\\\/wp-content\\\/uploads\\\/2025\\\/03\\\/TURKIZLOGO-kicsi.png\",\"contentUrl\":\"http:\\\/\\\/premiumkeszulek.hu\\\/wp-content\\\/uploads\\\/2025\\\/03\\\/TURKIZLOGO-kicsi.png\",\"width\":1600,\"height\":547,\"caption\":\"Pr\u00e9miumK\u00e9sz\u00fcl\u00e9k\"},\"image\":{\"@id\":\"https:\\\/\\\/premiumkeszulek.hu\\\/hu\\\/#\\\/schema\\\/logo\\\/image\\\/\"},\"sameAs\":[\"https:\\\/\\\/www.facebook.com\\\/konyhaluxnet\",\"https:\\\/\\\/www.instagram.com\\\/konyhaluxnet\\\/#\"],\"email\":\"info@premiumkeszulek.hu\",\"telephone\":\"36 1 \\\/ 226-1992\",\"legalName\":\"HPH Special Kft\",\"vatID\":\"HU12549502\",\"taxID\":\"12549502\",\"hasMerchantReturnPolicy\":{\"@type\":\"MerchantReturnPolicy\",\"merchantReturnLink\":\"https:\\\/\\\/premiumkeszulek.hu\\\/en\\\/altalanos-szerzodesi-es-felhasznalasi-feltetelek\\\/\"}}]}<\/script>\n<meta property=\"product:brand\" content=\"Whirlpool\" \/>\n<meta property=\"product:price:amount\" content=\"199405\" \/>\n<meta property=\"product:price:currency\" content=\"HUF\" \/>\n<meta property=\"og:availability\" content=\"instock\" \/>\n<meta property=\"product:availability\" content=\"instock\" \/>\n<meta property=\"product:retailer_item_id\" content=\"859991682400\" \/>\n<meta property=\"product:condition\" content=\"new\" \/>\n<!-- \/ Yoast SEO Premium plugin. -->","yoast_head_json":{"title":"Whirlpool WOI4S8PPM1SX Be\u00e9p\u00edthet\u0151 s\u00fct\u0151 - Pr\u00e9miumK\u00e9sz\u00fcl\u00e9k","description":"Fedezd fel a Whirlpool WOI4S8PPM1SX Be\u00e9p\u00edthet\u0151 s\u00fct\u0151 csod\u00e1latos funkci\u00f3it! \u00c9lvezd a 6. \u00c9rz\u00e9k s\u00fct\u00e9st \u00e9s a h\u0171t\u0151ventil\u00e1tort az \u00edzek\u00e9rt!","robots":{"index":"index","follow":"follow","max-snippet":"max-snippet:-1","max-image-preview":"max-image-preview:large","max-video-preview":"max-video-preview:-1"},"canonical":"https:\/\/premiumkeszulek.hu\/en\/product\/whirlpool-woi4s8ppm1sx-beepitheto-suto\/","og_locale":"en_GB","og_type":"article","og_title":"Whirlpool WOI4S8PPM1SX Be\u00e9p\u00edthet\u0151 s\u00fct\u0151","og_description":"Fedezd fel a Whirlpool WOI4S8PPM1SX Be\u00e9p\u00edthet\u0151 s\u00fct\u0151 csod\u00e1latos funkci\u00f3it! \u00c9lvezd a 6. \u00c9rz\u00e9k s\u00fct\u00e9st \u00e9s a h\u0171t\u0151ventil\u00e1tort az \u00edzek\u00e9rt!","og_url":"https:\/\/premiumkeszulek.hu\/en\/product\/whirlpool-woi4s8ppm1sx-beepitheto-suto\/","og_site_name":"Pr\u00e9miumK\u00e9sz\u00fcl\u00e9k","article_publisher":"https:\/\/www.facebook.com\/konyhaluxnet","article_modified_time":"2026-05-14T12:40:31+00:00","og_image":[{"width":800,"height":800,"url":"https:\/\/i0.wp.com\/premiumkeszulek.hu\/wp-content\/uploads\/2025\/04\/WOI4S8CM1SXA.png?fit=800%2C800&ssl=1","type":"image\/png"}],"twitter_card":"summary_large_image","twitter_misc":{"Price":"199.405&#70;&#116;","Availability":"In stock"},"schema":{"@context":"https:\/\/schema.org","@graph":[{"@type":"WebPage","@id":"https:\/\/premiumkeszulek.hu\/en\/product\/whirlpool-woi4s8ppm1sx-beepitheto-suto\/","url":"https:\/\/premiumkeszulek.hu\/en\/product\/whirlpool-woi4s8ppm1sx-beepitheto-suto\/","name":"Whirlpool WOI4S8PPM1SX Be\u00e9p\u00edthet\u0151 s\u00fct\u0151 - Pr\u00e9miumK\u00e9sz\u00fcl\u00e9k","isPartOf":{"@id":"https:\/\/premiumkeszulek.hu\/hu\/#website"},"primaryImageOfPage":{"@id":"https:\/\/premiumkeszulek.hu\/en\/product\/whirlpool-woi4s8ppm1sx-beepitheto-suto\/#primaryimage"},"image":{"@id":"https:\/\/premiumkeszulek.hu\/en\/product\/whirlpool-woi4s8ppm1sx-beepitheto-suto\/#primaryimage"},"thumbnailUrl":"https:\/\/i0.wp.com\/premiumkeszulek.hu\/wp-content\/uploads\/2025\/04\/WOI4S8CM1SXA.png?fit=800%2C800&ssl=1","datePublished":"2025-04-28T19:43:10+00:00","dateModified":"2026-05-14T12:40:31+00:00","description":"Fedezd fel a Whirlpool WOI4S8PPM1SX Be\u00e9p\u00edthet\u0151 s\u00fct\u0151 csod\u00e1latos funkci\u00f3it! \u00c9lvezd a 6. \u00c9rz\u00e9k s\u00fct\u00e9st \u00e9s a h\u0171t\u0151ventil\u00e1tort az \u00edzek\u00e9rt!","breadcrumb":{"@id":"https:\/\/premiumkeszulek.hu\/en\/product\/whirlpool-woi4s8ppm1sx-beepitheto-suto\/#breadcrumb"},"inLanguage":"en-GB","potentialAction":[{"@type":"ReadAction","target":["https:\/\/premiumkeszulek.hu\/en\/product\/whirlpool-woi4s8ppm1sx-beepitheto-suto\/"]}]},{"@type":"ImageObject","inLanguage":"en-GB","@id":"https:\/\/premiumkeszulek.hu\/en\/product\/whirlpool-woi4s8ppm1sx-beepitheto-suto\/#primaryimage","url":"https:\/\/i0.wp.com\/premiumkeszulek.hu\/wp-content\/uploads\/2025\/04\/WOI4S8CM1SXA.png?fit=800%2C800&ssl=1","contentUrl":"https:\/\/i0.wp.com\/premiumkeszulek.hu\/wp-content\/uploads\/2025\/04\/WOI4S8CM1SXA.png?fit=800%2C800&ssl=1","width":800,"height":800},{"@type":"BreadcrumbList","@id":"https:\/\/premiumkeszulek.hu\/en\/product\/whirlpool-woi4s8ppm1sx-beepitheto-suto\/#breadcrumb","itemListElement":[{"@type":"ListItem","position":1,"name":"Home","item":"https:\/\/premiumkeszulek.hu\/hu\/"},{"@type":"ListItem","position":2,"name":"Shop","item":"https:\/\/premiumkeszulek.hu\/hu\/shop\/"},{"@type":"ListItem","position":3,"name":"Whirlpool WOI4S8PPM1SX Be\u00e9p\u00edthet\u0151 s\u00fct\u0151"}]},{"@type":"WebSite","@id":"https:\/\/premiumkeszulek.hu\/hu\/#website","url":"https:\/\/premiumkeszulek.hu\/hu\/","name":"Pr\u00e9miumK\u00e9sz\u00fcl\u00e9k","description":"","publisher":{"@id":"https:\/\/premiumkeszulek.hu\/hu\/#organization"},"potentialAction":[{"@type":"SearchAction","target":{"@type":"EntryPoint","urlTemplate":"https:\/\/premiumkeszulek.hu\/hu\/?s={search_term_string}"},"query-input":{"@type":"PropertyValueSpecification","valueRequired":true,"valueName":"search_term_string"}}],"inLanguage":"en-GB"},{"@type":"Organization","@id":"https:\/\/premiumkeszulek.hu\/hu\/#organization","name":"Pr\u00e9miumK\u00e9sz\u00fcl\u00e9k","alternateName":"HPH Special Kft","url":"https:\/\/premiumkeszulek.hu\/hu\/","logo":{"@type":"ImageObject","inLanguage":"en-GB","@id":"https:\/\/premiumkeszulek.hu\/hu\/#\/schema\/logo\/image\/","url":"http:\/\/premiumkeszulek.hu\/wp-content\/uploads\/2025\/03\/TURKIZLOGO-kicsi.png","contentUrl":"http:\/\/premiumkeszulek.hu\/wp-content\/uploads\/2025\/03\/TURKIZLOGO-kicsi.png","width":1600,"height":547,"caption":"Pr\u00e9miumK\u00e9sz\u00fcl\u00e9k"},"image":{"@id":"https:\/\/premiumkeszulek.hu\/hu\/#\/schema\/logo\/image\/"},"sameAs":["https:\/\/www.facebook.com\/konyhaluxnet","https:\/\/www.instagram.com\/konyhaluxnet\/#"],"email":"info@premiumkeszulek.hu","telephone":"36 1 \/ 226-1992","legalName":"HPH Special Kft","vatID":"HU12549502","taxID":"12549502","hasMerchantReturnPolicy":{"@type":"MerchantReturnPolicy","merchantReturnLink":"https:\/\/premiumkeszulek.hu\/en\/altalanos-szerzodesi-es-felhasznalasi-feltetelek\/"}}]},"product_brand":"Whirlpool","product_price_amount":"199405","product_price_currency":"HUF","og_availability":"instock","product_availability":"instock","product_retailer_item_id":"859991682400","product_condition":"new"},"jetpack_publicize_connections":[],"jetpack_likes_enabled":true,"jetpack_sharing_enabled":true,"jetpack-related-posts":[],"_links":{"self":[{"href":"https:\/\/premiumkeszulek.hu\/en\/wp-json\/wp\/v2\/product\/14604","targetHints":{"allow":["GET"]}}],"collection":[{"href":"https:\/\/premiumkeszulek.hu\/en\/wp-json\/wp\/v2\/product"}],"about":[{"href":"https:\/\/premiumkeszulek.hu\/en\/wp-json\/wp\/v2\/types\/product"}],"replies":[{"embeddable":true,"href":"https:\/\/premiumkeszulek.hu\/en\/wp-json\/wp\/v2\/comments?post=14604"}],"wp:featuredmedia":[{"embeddable":true,"href":"https:\/\/premiumkeszulek.hu\/en\/wp-json\/wp\/v2\/media\/14572"}],"wp:attachment":[{"href":"https:\/\/premiumkeszulek.hu\/en\/wp-json\/wp\/v2\/media?parent=14604"}],"wp:term":[{"taxonomy":"product_brand","embeddable":true,"href":"https:\/\/premiumkeszulek.hu\/en\/wp-json\/wp\/v2\/product_brand?post=14604"},{"taxonomy":"product_cat","embeddable":true,"href":"https:\/\/premiumkeszulek.hu\/en\/wp-json\/wp\/v2\/product_cat?post=14604"},{"taxonomy":"product_tag","embeddable":true,"href":"https:\/\/premiumkeszulek.hu\/en\/wp-json\/wp\/v2\/product_tag?post=14604"},{"taxonomy":"woo-feed-brand","embeddable":true,"href":"https:\/\/premiumkeszulek.hu\/en\/wp-json\/wp\/v2\/woo-feed-brand?post=14604"}],"curies":[{"name":"wp","href":"https:\/\/api.w.org\/{rel}","templated":true}]}}