{"id":14375,"date":"2025-04-28T17:37:25","date_gmt":"2025-04-28T15:37:25","guid":{"rendered":"https:\/\/premiumkeszulek.hu\/termek\/whirlpool-whsd18a011b2-beepitheto-egyajtos-huto-306l-178cm\/"},"modified":"2026-05-14T14:40:24","modified_gmt":"2026-05-14T12:40:24","slug":"whirlpool-whsd18a011b2-beepitheto-egyajtos-huto-306l-178cm","status":"publish","type":"product","link":"https:\/\/premiumkeszulek.hu\/en\/product\/whirlpool-whsd18a011b2-beepitheto-egyajtos-huto-306l-178cm\/","title":{"rendered":"Whirlpool WHSD18A011B2 be\u00e9p\u00edthet\u0151 egyajt\u00f3s h\u0171t\u0151 306L 178cm"},"content":{"rendered":"<p>306 l h\u0171t\u0151t\u00e9r<br \/>\nD energiaoszt\u00e1ly,<br \/>\n6. \u00c9rz\u00e9k<br \/>\nFresh Control funkci\u00f3,<br \/>\nAutomatikus h\u0171t\u0151t\u00e9rleolvaszt\u00e1s,<br \/>\nElektronikus h\u0151m\u00e9rs\u00e9klet szab\u00e1lyoz\u00e1s,<br \/>\nLED vil\u00e1g\u00edt\u00e1s,<br \/>\nVentil\u00e1tor antibakteri\u00e1lis sz\u0171r\u0151vel,<br \/>\n\u00dcvegpolcok,<br \/>\n2db palacktart\u00f3,<br \/>\n3 Fresh Box,<\/p>\n","protected":false},"excerpt":{"rendered":"<p>306 l h\u0171t\u0151t\u00e9r D energiaoszt\u00e1ly, 6. \u00c9rz\u00e9k Fresh Control funkci\u00f3, Automatikus h\u0171t\u0151t\u00e9rleolvaszt\u00e1s, Elektronikus h\u0151m\u00e9rs\u00e9klet szab\u00e1lyoz\u00e1s, LED vil\u00e1g\u00edt\u00e1s, Ventil\u00e1tor antibakteri\u00e1lis sz\u0171r\u0151vel, \u00dcvegpolcok, 2db palacktart\u00f3, 3 Fresh Box,<\/p>\n","protected":false},"featured_media":14374,"comment_status":"closed","ping_status":"closed","template":"","meta":{"_crdt_document":"","content-type":"","jetpack_post_was_ever_published":false,"jetpack_publicize_message":"","jetpack_publicize_feature_enabled":true,"jetpack_social_post_already_shared":true,"jetpack_social_options":{"image_generator_settings":{"template":"highway","default_image_id":0,"font":"","enabled":false},"version":2},"_wpas_customize_per_network":false},"product_brand":[6849],"product_cat":[1405,1404],"product_tag":[],"woo-feed-brand":[],"class_list":{"0":"post-14375","1":"product","2":"type-product","3":"status-publish","4":"has-post-thumbnail","6":"product_brand-whirlpool","7":"product_cat-beepithetohuto","8":"product_cat-hutokfagyasztok","9":"product_shipping_class-100000felett","11":"first","12":"instock","13":"sale","14":"taxable","15":"shipping-taxable","16":"purchasable","17":"product-type-simple"},"yoast_head":"<!-- This site is optimized with the Yoast SEO Premium plugin v26.9 (Yoast SEO v27.4) - https:\/\/yoast.com\/product\/yoast-seo-premium-wordpress\/ -->\n<title>Whirlpool WHSD18A011B2 be\u00e9p\u00edthet\u0151 egyajt\u00f3s h\u0171t\u0151 306L 178cm - Pr\u00e9miumK\u00e9sz\u00fcl\u00e9k<\/title>\n<meta name=\"robots\" content=\"index, follow, max-snippet:-1, max-image-preview:large, max-video-preview:-1\" \/>\n<link rel=\"canonical\" href=\"https:\/\/premiumkeszulek.hu\/en\/termek\/whirlpool-whsd18a011b2-beepitheto-egyajtos-huto-306l-178cm\/\" \/>\n<meta property=\"og:locale\" content=\"en_GB\" \/>\n<meta property=\"og:type\" content=\"article\" \/>\n<meta property=\"og:title\" content=\"Whirlpool WHSD18A011B2 be\u00e9p\u00edthet\u0151 egyajt\u00f3s h\u0171t\u0151 306L 178cm\" \/>\n<meta property=\"og:description\" content=\"306 l h\u0171t\u0151t\u00e9r D energiaoszt\u00e1ly, 6. \u00c9rz\u00e9k Fresh Control funkci\u00f3, Automatikus h\u0171t\u0151t\u00e9rleolvaszt\u00e1s, Elektronikus h\u0151m\u00e9rs\u00e9klet szab\u00e1lyoz\u00e1s, LED vil\u00e1g\u00edt\u00e1s, Ventil\u00e1tor antibakteri\u00e1lis sz\u0171r\u0151vel, \u00dcvegpolcok, 2db palacktart\u00f3, 3 Fresh Box,\" \/>\n<meta property=\"og:url\" content=\"https:\/\/premiumkeszulek.hu\/en\/termek\/whirlpool-whsd18a011b2-beepitheto-egyajtos-huto-306l-178cm\/\" \/>\n<meta property=\"og:site_name\" content=\"Pr\u00e9miumK\u00e9sz\u00fcl\u00e9k\" \/>\n<meta property=\"article:publisher\" content=\"https:\/\/www.facebook.com\/konyhaluxnet\" \/>\n<meta property=\"article:modified_time\" content=\"2026-05-14T12:40:24+00:00\" \/>\n<meta property=\"og:image\" content=\"https:\/\/i0.wp.com\/premiumkeszulek.hu\/wp-content\/uploads\/2025\/04\/WHSD18A011B2.jpg?fit=800%2C800&ssl=1\" \/>\n\t<meta property=\"og:image:width\" content=\"800\" \/>\n\t<meta property=\"og:image:height\" content=\"800\" \/>\n\t<meta property=\"og:image:type\" content=\"image\/jpeg\" \/>\n<meta name=\"twitter:card\" content=\"summary_large_image\" \/>\n<meta name=\"twitter:label1\" content=\"Price\" \/>\n\t<meta name=\"twitter:data1\" content=\"256.405&#070;&#116;\" \/>\n\t<meta name=\"twitter:label2\" content=\"Availability\" \/>\n\t<meta name=\"twitter:data2\" content=\"In stock\" \/>\n<script type=\"application\/ld+json\" class=\"yoast-schema-graph\">{\"@context\":\"https:\\\/\\\/schema.org\",\"@graph\":[{\"@type\":\"WebPage\",\"@id\":\"https:\\\/\\\/premiumkeszulek.hu\\\/hu\\\/termek\\\/whirlpool-whsd18a011b2-beepitheto-egyajtos-huto-306l-178cm\\\/\",\"url\":\"https:\\\/\\\/premiumkeszulek.hu\\\/hu\\\/termek\\\/whirlpool-whsd18a011b2-beepitheto-egyajtos-huto-306l-178cm\\\/\",\"name\":\"Whirlpool WHSD18A011B2 be\u00e9p\u00edthet\u0151 egyajt\u00f3s h\u0171t\u0151 306L 178cm - Pr\u00e9miumK\u00e9sz\u00fcl\u00e9k\",\"isPartOf\":{\"@id\":\"https:\\\/\\\/premiumkeszulek.hu\\\/hu\\\/#website\"},\"primaryImageOfPage\":{\"@id\":\"https:\\\/\\\/premiumkeszulek.hu\\\/hu\\\/termek\\\/whirlpool-whsd18a011b2-beepitheto-egyajtos-huto-306l-178cm\\\/#primaryimage\"},\"image\":{\"@id\":\"https:\\\/\\\/premiumkeszulek.hu\\\/hu\\\/termek\\\/whirlpool-whsd18a011b2-beepitheto-egyajtos-huto-306l-178cm\\\/#primaryimage\"},\"thumbnailUrl\":\"https:\\\/\\\/i0.wp.com\\\/premiumkeszulek.hu\\\/wp-content\\\/uploads\\\/2025\\\/04\\\/WHSD18A011B2.jpg?fit=800%2C800&ssl=1\",\"datePublished\":\"2025-04-28T15:37:25+00:00\",\"dateModified\":\"2026-05-14T12:40:24+00:00\",\"breadcrumb\":{\"@id\":\"https:\\\/\\\/premiumkeszulek.hu\\\/hu\\\/termek\\\/whirlpool-whsd18a011b2-beepitheto-egyajtos-huto-306l-178cm\\\/#breadcrumb\"},\"inLanguage\":\"en-GB\",\"potentialAction\":[{\"@type\":\"ReadAction\",\"target\":[\"https:\\\/\\\/premiumkeszulek.hu\\\/hu\\\/termek\\\/whirlpool-whsd18a011b2-beepitheto-egyajtos-huto-306l-178cm\\\/\"]}]},{\"@type\":\"ImageObject\",\"inLanguage\":\"en-GB\",\"@id\":\"https:\\\/\\\/premiumkeszulek.hu\\\/hu\\\/termek\\\/whirlpool-whsd18a011b2-beepitheto-egyajtos-huto-306l-178cm\\\/#primaryimage\",\"url\":\"https:\\\/\\\/i0.wp.com\\\/premiumkeszulek.hu\\\/wp-content\\\/uploads\\\/2025\\\/04\\\/WHSD18A011B2.jpg?fit=800%2C800&ssl=1\",\"contentUrl\":\"https:\\\/\\\/i0.wp.com\\\/premiumkeszulek.hu\\\/wp-content\\\/uploads\\\/2025\\\/04\\\/WHSD18A011B2.jpg?fit=800%2C800&ssl=1\",\"width\":800,\"height\":800},{\"@type\":\"BreadcrumbList\",\"@id\":\"https:\\\/\\\/premiumkeszulek.hu\\\/hu\\\/termek\\\/whirlpool-whsd18a011b2-beepitheto-egyajtos-huto-306l-178cm\\\/#breadcrumb\",\"itemListElement\":[{\"@type\":\"ListItem\",\"position\":1,\"name\":\"Home\",\"item\":\"https:\\\/\\\/premiumkeszulek.hu\\\/hu\\\/\"},{\"@type\":\"ListItem\",\"position\":2,\"name\":\"Shop\",\"item\":\"https:\\\/\\\/premiumkeszulek.hu\\\/hu\\\/shop\\\/\"},{\"@type\":\"ListItem\",\"position\":3,\"name\":\"Whirlpool WHSD18A011B2 be\u00e9p\u00edthet\u0151 egyajt\u00f3s h\u0171t\u0151 306L 178cm\"}]},{\"@type\":\"WebSite\",\"@id\":\"https:\\\/\\\/premiumkeszulek.hu\\\/hu\\\/#website\",\"url\":\"https:\\\/\\\/premiumkeszulek.hu\\\/hu\\\/\",\"name\":\"Pr\u00e9miumK\u00e9sz\u00fcl\u00e9k\",\"description\":\"\",\"publisher\":{\"@id\":\"https:\\\/\\\/premiumkeszulek.hu\\\/hu\\\/#organization\"},\"potentialAction\":[{\"@type\":\"SearchAction\",\"target\":{\"@type\":\"EntryPoint\",\"urlTemplate\":\"https:\\\/\\\/premiumkeszulek.hu\\\/hu\\\/?s={search_term_string}\"},\"query-input\":{\"@type\":\"PropertyValueSpecification\",\"valueRequired\":true,\"valueName\":\"search_term_string\"}}],\"inLanguage\":\"en-GB\"},{\"@type\":\"Organization\",\"@id\":\"https:\\\/\\\/premiumkeszulek.hu\\\/hu\\\/#organization\",\"name\":\"Pr\u00e9miumK\u00e9sz\u00fcl\u00e9k\",\"alternateName\":\"HPH Special Kft\",\"url\":\"https:\\\/\\\/premiumkeszulek.hu\\\/hu\\\/\",\"logo\":{\"@type\":\"ImageObject\",\"inLanguage\":\"en-GB\",\"@id\":\"https:\\\/\\\/premiumkeszulek.hu\\\/hu\\\/#\\\/schema\\\/logo\\\/image\\\/\",\"url\":\"http:\\\/\\\/premiumkeszulek.hu\\\/wp-content\\\/uploads\\\/2025\\\/03\\\/TURKIZLOGO-kicsi.png\",\"contentUrl\":\"http:\\\/\\\/premiumkeszulek.hu\\\/wp-content\\\/uploads\\\/2025\\\/03\\\/TURKIZLOGO-kicsi.png\",\"width\":1600,\"height\":547,\"caption\":\"Pr\u00e9miumK\u00e9sz\u00fcl\u00e9k\"},\"image\":{\"@id\":\"https:\\\/\\\/premiumkeszulek.hu\\\/hu\\\/#\\\/schema\\\/logo\\\/image\\\/\"},\"sameAs\":[\"https:\\\/\\\/www.facebook.com\\\/konyhaluxnet\",\"https:\\\/\\\/www.instagram.com\\\/konyhaluxnet\\\/#\"],\"email\":\"info@premiumkeszulek.hu\",\"telephone\":\"36 1 \\\/ 226-1992\",\"legalName\":\"HPH Special Kft\",\"vatID\":\"HU12549502\",\"taxID\":\"12549502\",\"hasMerchantReturnPolicy\":{\"@type\":\"MerchantReturnPolicy\",\"merchantReturnLink\":\"https:\\\/\\\/premiumkeszulek.hu\\\/en\\\/altalanos-szerzodesi-es-felhasznalasi-feltetelek\\\/\"}}]}<\/script>\n<meta property=\"product:brand\" content=\"Whirlpool\" \/>\n<meta property=\"product:price:amount\" content=\"256405\" \/>\n<meta property=\"product:price:currency\" content=\"HUF\" \/>\n<meta property=\"og:availability\" content=\"instock\" \/>\n<meta property=\"product:availability\" content=\"instock\" \/>\n<meta property=\"product:retailer_item_id\" content=\"859991688130\" \/>\n<meta property=\"product:condition\" content=\"new\" \/>\n<!-- \/ Yoast SEO Premium plugin. -->","yoast_head_json":{"title":"Whirlpool WHSD18A011B2 be\u00e9p\u00edthet\u0151 egyajt\u00f3s h\u0171t\u0151 306L 178cm - Pr\u00e9miumK\u00e9sz\u00fcl\u00e9k","robots":{"index":"index","follow":"follow","max-snippet":"max-snippet:-1","max-image-preview":"max-image-preview:large","max-video-preview":"max-video-preview:-1"},"canonical":"https:\/\/premiumkeszulek.hu\/en\/termek\/whirlpool-whsd18a011b2-beepitheto-egyajtos-huto-306l-178cm\/","og_locale":"en_GB","og_type":"article","og_title":"Whirlpool WHSD18A011B2 be\u00e9p\u00edthet\u0151 egyajt\u00f3s h\u0171t\u0151 306L 178cm","og_description":"306 l h\u0171t\u0151t\u00e9r D energiaoszt\u00e1ly, 6. \u00c9rz\u00e9k Fresh Control funkci\u00f3, Automatikus h\u0171t\u0151t\u00e9rleolvaszt\u00e1s, Elektronikus h\u0151m\u00e9rs\u00e9klet szab\u00e1lyoz\u00e1s, LED vil\u00e1g\u00edt\u00e1s, Ventil\u00e1tor antibakteri\u00e1lis sz\u0171r\u0151vel, \u00dcvegpolcok, 2db palacktart\u00f3, 3 Fresh Box,","og_url":"https:\/\/premiumkeszulek.hu\/en\/termek\/whirlpool-whsd18a011b2-beepitheto-egyajtos-huto-306l-178cm\/","og_site_name":"Pr\u00e9miumK\u00e9sz\u00fcl\u00e9k","article_publisher":"https:\/\/www.facebook.com\/konyhaluxnet","article_modified_time":"2026-05-14T12:40:24+00:00","og_image":[{"width":800,"height":800,"url":"https:\/\/i0.wp.com\/premiumkeszulek.hu\/wp-content\/uploads\/2025\/04\/WHSD18A011B2.jpg?fit=800%2C800&ssl=1","type":"image\/jpeg"}],"twitter_card":"summary_large_image","twitter_misc":{"Price":"256.405&#70;&#116;","Availability":"In stock"},"schema":{"@context":"https:\/\/schema.org","@graph":[{"@type":"WebPage","@id":"https:\/\/premiumkeszulek.hu\/hu\/termek\/whirlpool-whsd18a011b2-beepitheto-egyajtos-huto-306l-178cm\/","url":"https:\/\/premiumkeszulek.hu\/hu\/termek\/whirlpool-whsd18a011b2-beepitheto-egyajtos-huto-306l-178cm\/","name":"Whirlpool WHSD18A011B2 be\u00e9p\u00edthet\u0151 egyajt\u00f3s h\u0171t\u0151 306L 178cm - Pr\u00e9miumK\u00e9sz\u00fcl\u00e9k","isPartOf":{"@id":"https:\/\/premiumkeszulek.hu\/hu\/#website"},"primaryImageOfPage":{"@id":"https:\/\/premiumkeszulek.hu\/hu\/termek\/whirlpool-whsd18a011b2-beepitheto-egyajtos-huto-306l-178cm\/#primaryimage"},"image":{"@id":"https:\/\/premiumkeszulek.hu\/hu\/termek\/whirlpool-whsd18a011b2-beepitheto-egyajtos-huto-306l-178cm\/#primaryimage"},"thumbnailUrl":"https:\/\/i0.wp.com\/premiumkeszulek.hu\/wp-content\/uploads\/2025\/04\/WHSD18A011B2.jpg?fit=800%2C800&ssl=1","datePublished":"2025-04-28T15:37:25+00:00","dateModified":"2026-05-14T12:40:24+00:00","breadcrumb":{"@id":"https:\/\/premiumkeszulek.hu\/hu\/termek\/whirlpool-whsd18a011b2-beepitheto-egyajtos-huto-306l-178cm\/#breadcrumb"},"inLanguage":"en-GB","potentialAction":[{"@type":"ReadAction","target":["https:\/\/premiumkeszulek.hu\/hu\/termek\/whirlpool-whsd18a011b2-beepitheto-egyajtos-huto-306l-178cm\/"]}]},{"@type":"ImageObject","inLanguage":"en-GB","@id":"https:\/\/premiumkeszulek.hu\/hu\/termek\/whirlpool-whsd18a011b2-beepitheto-egyajtos-huto-306l-178cm\/#primaryimage","url":"https:\/\/i0.wp.com\/premiumkeszulek.hu\/wp-content\/uploads\/2025\/04\/WHSD18A011B2.jpg?fit=800%2C800&ssl=1","contentUrl":"https:\/\/i0.wp.com\/premiumkeszulek.hu\/wp-content\/uploads\/2025\/04\/WHSD18A011B2.jpg?fit=800%2C800&ssl=1","width":800,"height":800},{"@type":"BreadcrumbList","@id":"https:\/\/premiumkeszulek.hu\/hu\/termek\/whirlpool-whsd18a011b2-beepitheto-egyajtos-huto-306l-178cm\/#breadcrumb","itemListElement":[{"@type":"ListItem","position":1,"name":"Home","item":"https:\/\/premiumkeszulek.hu\/hu\/"},{"@type":"ListItem","position":2,"name":"Shop","item":"https:\/\/premiumkeszulek.hu\/hu\/shop\/"},{"@type":"ListItem","position":3,"name":"Whirlpool WHSD18A011B2 be\u00e9p\u00edthet\u0151 egyajt\u00f3s h\u0171t\u0151 306L 178cm"}]},{"@type":"WebSite","@id":"https:\/\/premiumkeszulek.hu\/hu\/#website","url":"https:\/\/premiumkeszulek.hu\/hu\/","name":"Pr\u00e9miumK\u00e9sz\u00fcl\u00e9k","description":"","publisher":{"@id":"https:\/\/premiumkeszulek.hu\/hu\/#organization"},"potentialAction":[{"@type":"SearchAction","target":{"@type":"EntryPoint","urlTemplate":"https:\/\/premiumkeszulek.hu\/hu\/?s={search_term_string}"},"query-input":{"@type":"PropertyValueSpecification","valueRequired":true,"valueName":"search_term_string"}}],"inLanguage":"en-GB"},{"@type":"Organization","@id":"https:\/\/premiumkeszulek.hu\/hu\/#organization","name":"Pr\u00e9miumK\u00e9sz\u00fcl\u00e9k","alternateName":"HPH Special Kft","url":"https:\/\/premiumkeszulek.hu\/hu\/","logo":{"@type":"ImageObject","inLanguage":"en-GB","@id":"https:\/\/premiumkeszulek.hu\/hu\/#\/schema\/logo\/image\/","url":"http:\/\/premiumkeszulek.hu\/wp-content\/uploads\/2025\/03\/TURKIZLOGO-kicsi.png","contentUrl":"http:\/\/premiumkeszulek.hu\/wp-content\/uploads\/2025\/03\/TURKIZLOGO-kicsi.png","width":1600,"height":547,"caption":"Pr\u00e9miumK\u00e9sz\u00fcl\u00e9k"},"image":{"@id":"https:\/\/premiumkeszulek.hu\/hu\/#\/schema\/logo\/image\/"},"sameAs":["https:\/\/www.facebook.com\/konyhaluxnet","https:\/\/www.instagram.com\/konyhaluxnet\/#"],"email":"info@premiumkeszulek.hu","telephone":"36 1 \/ 226-1992","legalName":"HPH Special Kft","vatID":"HU12549502","taxID":"12549502","hasMerchantReturnPolicy":{"@type":"MerchantReturnPolicy","merchantReturnLink":"https:\/\/premiumkeszulek.hu\/en\/altalanos-szerzodesi-es-felhasznalasi-feltetelek\/"}}]},"product_brand":"Whirlpool","product_price_amount":"256405","product_price_currency":"HUF","og_availability":"instock","product_availability":"instock","product_retailer_item_id":"859991688130","product_condition":"new"},"jetpack_publicize_connections":[],"jetpack_likes_enabled":true,"jetpack_sharing_enabled":true,"jetpack-related-posts":[],"_links":{"self":[{"href":"https:\/\/premiumkeszulek.hu\/en\/wp-json\/wp\/v2\/product\/14375","targetHints":{"allow":["GET"]}}],"collection":[{"href":"https:\/\/premiumkeszulek.hu\/en\/wp-json\/wp\/v2\/product"}],"about":[{"href":"https:\/\/premiumkeszulek.hu\/en\/wp-json\/wp\/v2\/types\/product"}],"replies":[{"embeddable":true,"href":"https:\/\/premiumkeszulek.hu\/en\/wp-json\/wp\/v2\/comments?post=14375"}],"wp:featuredmedia":[{"embeddable":true,"href":"https:\/\/premiumkeszulek.hu\/en\/wp-json\/wp\/v2\/media\/14374"}],"wp:attachment":[{"href":"https:\/\/premiumkeszulek.hu\/en\/wp-json\/wp\/v2\/media?parent=14375"}],"wp:term":[{"taxonomy":"product_brand","embeddable":true,"href":"https:\/\/premiumkeszulek.hu\/en\/wp-json\/wp\/v2\/product_brand?post=14375"},{"taxonomy":"product_cat","embeddable":true,"href":"https:\/\/premiumkeszulek.hu\/en\/wp-json\/wp\/v2\/product_cat?post=14375"},{"taxonomy":"product_tag","embeddable":true,"href":"https:\/\/premiumkeszulek.hu\/en\/wp-json\/wp\/v2\/product_tag?post=14375"},{"taxonomy":"woo-feed-brand","embeddable":true,"href":"https:\/\/premiumkeszulek.hu\/en\/wp-json\/wp\/v2\/woo-feed-brand?post=14375"}],"curies":[{"name":"wp","href":"https:\/\/api.w.org\/{rel}","templated":true}]}}