{"id":13797,"date":"2025-04-28T15:16:40","date_gmt":"2025-04-28T13:16:40","guid":{"rendered":"https:\/\/premiumkeszulek.hu\/termek\/whirlpool-szabadonallo-moso-szarito-8kg-ffwdb-864349-bv-ee\/"},"modified":"2026-04-01T19:53:06","modified_gmt":"2026-04-01T17:53:06","slug":"whirlpool-szabadonallo-moso-szarito-8kg-ffwdb-864349-bv-ee","status":"publish","type":"product","link":"https:\/\/premiumkeszulek.hu\/en\/product\/whirlpool-szabadonallo-moso-szarito-8kg-ffwdb-864349-bv-ee\/","title":{"rendered":"Whirlpool szabadon\u00e1ll\u00f3 mos\u00f3-sz\u00e1r\u00edt\u00f3 8kg FFWDB 864349 BV EE"},"content":{"rendered":"<p>6. \u00c9rz\u00e9k technol\u00f3gia<br \/>\nAz egyed\u00fcl\u00e1ll\u00f3 6. \u00c9rz\u00e9k 3Dry technol\u00f3gia t\u00f6bbir\u00e1ny\u00fa leveg\u0151\u00e1raml\u00e1ssal, k\u00edm\u00e9letesen sz\u00e1r\u00edtja meg a ruh\u00e1kat a t\u00f6k\u00e9letes v\u00e9delem \u00e9rdek\u00e9ben.<\/p>\n<p>45 perces program<br \/>\nA 45 perces programmal 1 kg ruhat\u00f6ltetet moshat \u00e9s sz\u00e1r\u00edthat, kiemelked\u0151 mos\u00e1si eredm\u00e9nnyel.<\/p>\n<p>SteamCare<br \/>\nA SteamCare hat\u00e9konyan friss\u00edti fel, l\u00e1gy\u00edtja \u00e9s sim\u00edtja ki ruh\u00e1it a g\u0151z term\u00e9szetes tiszt\u00edt\u00f3erej\u00e9vel.<\/p>\n<p>FreshCare+<br \/>\nA FreshCare+ alkalmaz\u00e1sakor prec\u00edz, v\u00e1ltakoz\u00f3 dobmozg\u00e1sok sorozata \u00e9s rendszeres id\u0151k\u00f6z\u00f6nk\u00e9nti g\u0151zbef\u00fav\u00e1sok v\u00e1ltogatj\u00e1k egym\u00e1st, hogy biztos\u00edts\u00e1k a dobban a leveg\u0151keringtet\u00e9st, ezzel t\u00f6k\u00e9letes p\u00e1ratartalom szintet teremtve \u00e9s meg\u0151rizve a ruhanem\u0171k frissess\u00e9g\u00e9t. A FreshCare+ opci\u00f3 kiv\u00e1laszthat\u00f3 a mos\u00e1si param\u00e9terek be\u00e1ll\u00edt\u00e1sa sor\u00e1n vagy a mos\u00f3program alatt, \u00e9s b\u00e1rmikor le\u00e1ll\u00edthat\u00f3, amikor szeretn\u00e9 kipakolni a ruh\u00e1kat.<\/p>\n<p>Sz\u00e1r\u00edt\u00e1si programok<br \/>\nMos\u00f3-sz\u00e1r\u00edt\u00f3ja v\u00e1ltozatos sz\u00e1r\u00edt\u00e1si programjai k\u00f6z\u00fcl \u00d6n mindig a sz\u00e1m\u00e1ra legmegfelel\u0151bbet v\u00e1laszthatja ki.<\/p>\n<p>Inverter Motor<br \/>\nAz innovat\u00edv inverteres motor rendk\u00edv\u00fcl csendes \u00e9s kiemelked\u0151 energiahat\u00e9konys\u00e1got biztos\u00edt.<\/p>\n<p>Sz\u00e1r\u00edt\u00e1si opci\u00f3k<br \/>\nMos\u00f3-sz\u00e1r\u00edt\u00f3ja v\u00e1ltozatos sz\u00e1r\u00edt\u00e1si opci\u00f3i k\u00f6z\u00fcl \u00d6n mindig a sz\u00e1m\u00e1ra legmegfelel\u0151bbet v\u00e1laszthatja ki.<\/p>\n<p>Csak sz\u00e1r\u00edt\u00e1s<br \/>\nLehet\u0151v\u00e9 teszi a felhaszn\u00e1l\u00f3k sz\u00e1m\u00e1ra, hogy nedves ruh\u00e1jukat megsz\u00e1r\u00edts\u00e1k, m\u00e9g akkor is, ha azt k\u00e9zzel most\u00e1k, an\u00e9lk\u00fcl, hogy b\u00e1rmilyen mos\u00f3programot elind\u00edtan\u00e1nak. Ha csak a ruh\u00e1k sz\u00e1r\u00edt\u00e1s\u00e1ra van sz\u00fcks\u00e9ge, ez az opci\u00f3 mindenf\u00e9le programmal kombin\u00e1lva haszn\u00e1lhat\u00f3, kihagyva a mos\u00e1si ciklust.<\/p>\n<p>Gyapj\u00fa program<br \/>\nA Gyapj\u00fa program t\u00f6k\u00e9letes v\u00e9delmet biztos\u00edt ruh\u00e1inak.<\/p>\n<p>Wash&#038;Dry (Mos\u00e1s \u00e9s sz\u00e1r\u00edt\u00e1s)<br \/>\nA Wash&#038;Dry funkci\u00f3val egyetlen k\u00e9sz\u00fcl\u00e9kkel var\u00e1zsolhatja ruh\u00e1it tiszt\u00e1v\u00e1 \u00e9s sz\u00e1razz\u00e1.<\/p>\n<p>Smart Delay<br \/>\n\u00d6nre szabva. A K\u00e9sleltetett ind\u00edt\u00e1s opci\u00f3 lehet\u0151v\u00e9 teszi, hogy a mos\u00f3-sz\u00e1r\u00edt\u00f3g\u00e9pet \u00fagy \u00e1ll\u00edtsa be, hogy akkor kezdje el a ciklus\u00e1t, amikor \u00d6nnek a legmegfelel\u0151bb, \u00edgy id\u0151t \u00e9s energi\u00e1t takar\u00edthat meg.<br \/>\n\t\u00a0<\/p>\n","protected":false},"excerpt":{"rendered":"<p>6. \u00c9rz\u00e9k technol\u00f3gia Az egyed\u00fcl\u00e1ll\u00f3 6. \u00c9rz\u00e9k 3Dry technol\u00f3gia t\u00f6bbir\u00e1ny\u00fa leveg\u0151\u00e1raml\u00e1ssal, k\u00edm\u00e9letesen sz\u00e1r\u00edtja meg a ruh\u00e1kat a t\u00f6k\u00e9letes v\u00e9delem \u00e9rdek\u00e9ben. 45 perces program A 45 perces programmal 1 kg ruhat\u00f6ltetet moshat \u00e9s sz\u00e1r\u00edthat, kiemelked\u0151 mos\u00e1si eredm\u00e9nnyel. SteamCare A SteamCare hat\u00e9konyan friss\u00edti fel, l\u00e1gy\u00edtja \u00e9s sim\u00edtja ki ruh\u00e1it a g\u0151z term\u00e9szetes tiszt\u00edt\u00f3erej\u00e9vel. FreshCare+ A FreshCare+ alkalmaz\u00e1sakor [&hellip;]<\/p>\n","protected":false},"featured_media":13796,"comment_status":"closed","ping_status":"closed","template":"","meta":{"_crdt_document":"","content-type":"","jetpack_post_was_ever_published":false,"jetpack_publicize_message":"","jetpack_publicize_feature_enabled":true,"jetpack_social_post_already_shared":true,"jetpack_social_options":{"image_generator_settings":{"template":"highway","default_image_id":0,"font":"","enabled":false},"version":2},"_wpas_customize_per_network":false},"product_brand":[6849],"product_cat":[1377,1378],"product_tag":[],"woo-feed-brand":[],"class_list":{"0":"post-13797","1":"product","2":"type-product","3":"status-publish","4":"has-post-thumbnail","6":"product_brand-whirlpool","7":"product_cat-mososzaritogepek","8":"product_cat-mosogep","9":"product_shipping_class-100000felett","11":"first","12":"onbackorder","13":"taxable","14":"shipping-taxable","15":"purchasable","16":"product-type-simple"},"yoast_head":"<!-- This site is optimized with the Yoast SEO Premium plugin v26.9 (Yoast SEO v26.9) - https:\/\/yoast.com\/product\/yoast-seo-premium-wordpress\/ -->\n<title>Whirlpool szabadon\u00e1ll\u00f3 mos\u00f3-sz\u00e1r\u00edt\u00f3 8kg FFWDB 864349 BV EE - Pr\u00e9miumK\u00e9sz\u00fcl\u00e9k<\/title>\n<meta name=\"robots\" content=\"index, follow, max-snippet:-1, max-image-preview:large, max-video-preview:-1\" \/>\n<link rel=\"canonical\" href=\"https:\/\/premiumkeszulek.hu\/en\/termek\/whirlpool-szabadonallo-moso-szarito-8kg-ffwdb-864349-bv-ee\/\" \/>\n<meta property=\"og:locale\" content=\"en_GB\" \/>\n<meta property=\"og:type\" content=\"article\" \/>\n<meta property=\"og:title\" content=\"Whirlpool szabadon\u00e1ll\u00f3 mos\u00f3-sz\u00e1r\u00edt\u00f3 8kg FFWDB 864349 BV EE\" \/>\n<meta property=\"og:description\" content=\"6. \u00c9rz\u00e9k technol\u00f3gia Az egyed\u00fcl\u00e1ll\u00f3 6. \u00c9rz\u00e9k 3Dry technol\u00f3gia t\u00f6bbir\u00e1ny\u00fa leveg\u0151\u00e1raml\u00e1ssal, k\u00edm\u00e9letesen sz\u00e1r\u00edtja meg a ruh\u00e1kat a t\u00f6k\u00e9letes v\u00e9delem \u00e9rdek\u00e9ben. 45 perces program A 45 perces programmal 1 kg ruhat\u00f6ltetet moshat \u00e9s sz\u00e1r\u00edthat, kiemelked\u0151 mos\u00e1si eredm\u00e9nnyel. SteamCare A SteamCare hat\u00e9konyan friss\u00edti fel, l\u00e1gy\u00edtja \u00e9s sim\u00edtja ki ruh\u00e1it a g\u0151z term\u00e9szetes tiszt\u00edt\u00f3erej\u00e9vel. FreshCare+ A FreshCare+ alkalmaz\u00e1sakor [&hellip;]\" \/>\n<meta property=\"og:url\" content=\"https:\/\/premiumkeszulek.hu\/en\/termek\/whirlpool-szabadonallo-moso-szarito-8kg-ffwdb-864349-bv-ee\/\" \/>\n<meta property=\"og:site_name\" content=\"Pr\u00e9miumK\u00e9sz\u00fcl\u00e9k\" \/>\n<meta property=\"article:publisher\" content=\"https:\/\/www.facebook.com\/konyhaluxnet\" \/>\n<meta property=\"article:modified_time\" content=\"2026-04-01T17:53:06+00:00\" \/>\n<meta property=\"og:image\" content=\"https:\/\/i0.wp.com\/premiumkeszulek.hu\/wp-content\/uploads\/2025\/04\/1-16.jpg?fit=800%2C800&ssl=1\" \/>\n\t<meta property=\"og:image:width\" content=\"800\" \/>\n\t<meta property=\"og:image:height\" content=\"800\" \/>\n\t<meta property=\"og:image:type\" content=\"image\/jpeg\" \/>\n<meta name=\"twitter:card\" content=\"summary_large_image\" \/>\n<meta name=\"twitter:label1\" content=\"Price\" \/>\n\t<meta name=\"twitter:data1\" content=\"223.900&#070;&#116;\" \/>\n\t<meta name=\"twitter:label2\" content=\"Availability\" \/>\n\t<meta name=\"twitter:data2\" content=\"On back order\" \/>\n<script type=\"application\/ld+json\" class=\"yoast-schema-graph\">{\"@context\":\"https:\/\/schema.org\",\"@graph\":[{\"@type\":\"WebPage\",\"@id\":\"https:\/\/premiumkeszulek.hu\/hu\/termek\/whirlpool-szabadonallo-moso-szarito-8kg-ffwdb-864349-bv-ee\/\",\"url\":\"https:\/\/premiumkeszulek.hu\/hu\/termek\/whirlpool-szabadonallo-moso-szarito-8kg-ffwdb-864349-bv-ee\/\",\"name\":\"Whirlpool szabadon\u00e1ll\u00f3 mos\u00f3-sz\u00e1r\u00edt\u00f3 8kg FFWDB 864349 BV EE - Pr\u00e9miumK\u00e9sz\u00fcl\u00e9k\",\"isPartOf\":{\"@id\":\"https:\/\/premiumkeszulek.hu\/en\/#website\"},\"primaryImageOfPage\":{\"@id\":\"https:\/\/premiumkeszulek.hu\/hu\/termek\/whirlpool-szabadonallo-moso-szarito-8kg-ffwdb-864349-bv-ee\/#primaryimage\"},\"image\":{\"@id\":\"https:\/\/premiumkeszulek.hu\/hu\/termek\/whirlpool-szabadonallo-moso-szarito-8kg-ffwdb-864349-bv-ee\/#primaryimage\"},\"thumbnailUrl\":\"https:\/\/i0.wp.com\/premiumkeszulek.hu\/wp-content\/uploads\/2025\/04\/1-16.jpg?fit=800%2C800&ssl=1\",\"datePublished\":\"2025-04-28T13:16:40+00:00\",\"dateModified\":\"2026-04-01T17:53:06+00:00\",\"breadcrumb\":{\"@id\":\"https:\/\/premiumkeszulek.hu\/hu\/termek\/whirlpool-szabadonallo-moso-szarito-8kg-ffwdb-864349-bv-ee\/#breadcrumb\"},\"inLanguage\":\"en-GB\",\"potentialAction\":[{\"@type\":\"ReadAction\",\"target\":[\"https:\/\/premiumkeszulek.hu\/hu\/termek\/whirlpool-szabadonallo-moso-szarito-8kg-ffwdb-864349-bv-ee\/\"]}]},{\"@type\":\"ImageObject\",\"inLanguage\":\"en-GB\",\"@id\":\"https:\/\/premiumkeszulek.hu\/hu\/termek\/whirlpool-szabadonallo-moso-szarito-8kg-ffwdb-864349-bv-ee\/#primaryimage\",\"url\":\"https:\/\/i0.wp.com\/premiumkeszulek.hu\/wp-content\/uploads\/2025\/04\/1-16.jpg?fit=800%2C800&ssl=1\",\"contentUrl\":\"https:\/\/i0.wp.com\/premiumkeszulek.hu\/wp-content\/uploads\/2025\/04\/1-16.jpg?fit=800%2C800&ssl=1\",\"width\":800,\"height\":800},{\"@type\":\"BreadcrumbList\",\"@id\":\"https:\/\/premiumkeszulek.hu\/hu\/termek\/whirlpool-szabadonallo-moso-szarito-8kg-ffwdb-864349-bv-ee\/#breadcrumb\",\"itemListElement\":[{\"@type\":\"ListItem\",\"position\":1,\"name\":\"Home\",\"item\":\"https:\/\/premiumkeszulek.hu\/en\/\"},{\"@type\":\"ListItem\",\"position\":2,\"name\":\"Shop\",\"item\":\"https:\/\/premiumkeszulek.hu\/en\/shop\/\"},{\"@type\":\"ListItem\",\"position\":3,\"name\":\"Whirlpool szabadon\u00e1ll\u00f3 mos\u00f3-sz\u00e1r\u00edt\u00f3 8kg FFWDB 864349 BV EE\"}]},{\"@type\":\"WebSite\",\"@id\":\"https:\/\/premiumkeszulek.hu\/en\/#website\",\"url\":\"https:\/\/premiumkeszulek.hu\/en\/\",\"name\":\"Pr\u00e9miumK\u00e9sz\u00fcl\u00e9k\",\"description\":\"\",\"publisher\":{\"@id\":\"https:\/\/premiumkeszulek.hu\/en\/#organization\"},\"potentialAction\":[{\"@type\":\"SearchAction\",\"target\":{\"@type\":\"EntryPoint\",\"urlTemplate\":\"https:\/\/premiumkeszulek.hu\/en\/?s={search_term_string}\"},\"query-input\":{\"@type\":\"PropertyValueSpecification\",\"valueRequired\":true,\"valueName\":\"search_term_string\"}}],\"inLanguage\":\"en-GB\"},{\"@type\":\"Organization\",\"@id\":\"https:\/\/premiumkeszulek.hu\/en\/#organization\",\"name\":\"Pr\u00e9miumK\u00e9sz\u00fcl\u00e9k\",\"alternateName\":\"HPH Special Kft\",\"url\":\"https:\/\/premiumkeszulek.hu\/en\/\",\"logo\":{\"@type\":\"ImageObject\",\"inLanguage\":\"en-GB\",\"@id\":\"https:\/\/premiumkeszulek.hu\/en\/#\/schema\/logo\/image\/\",\"url\":\"http:\/\/premiumkeszulek.hu\/wp-content\/uploads\/2025\/03\/TURKIZLOGO-kicsi.png\",\"contentUrl\":\"http:\/\/premiumkeszulek.hu\/wp-content\/uploads\/2025\/03\/TURKIZLOGO-kicsi.png\",\"width\":1600,\"height\":547,\"caption\":\"Pr\u00e9miumK\u00e9sz\u00fcl\u00e9k\"},\"image\":{\"@id\":\"https:\/\/premiumkeszulek.hu\/en\/#\/schema\/logo\/image\/\"},\"sameAs\":[\"https:\/\/www.facebook.com\/konyhaluxnet\",\"https:\/\/www.instagram.com\/konyhaluxnet\/#\"],\"email\":\"info@premiumkeszulek.hu\",\"telephone\":\"36 1 \/ 226-1992\",\"legalName\":\"HPH Special Kft\",\"vatID\":\"HU12549502\",\"taxID\":\"12549502\",\"hasMerchantReturnPolicy\":{\"@type\":\"MerchantReturnPolicy\",\"merchantReturnLink\":\"https:\/\/premiumkeszulek.hu\/en\/altalanos-szerzodesi-es-felhasznalasi-feltetelek\/\"}}]}<\/script>\n<meta property=\"product:brand\" content=\"Whirlpool\" \/>\n<meta property=\"product:price:amount\" content=\"223900\" \/>\n<meta property=\"product:price:currency\" content=\"HUF\" \/>\n<meta property=\"og:availability\" content=\"backorder\" \/>\n<meta property=\"product:availability\" content=\"available for order\" \/>\n<meta property=\"product:retailer_item_id\" content=\"869991651660\" \/>\n<meta property=\"product:condition\" content=\"new\" \/>\n<!-- \/ Yoast SEO Premium plugin. -->","yoast_head_json":{"title":"Whirlpool szabadon\u00e1ll\u00f3 mos\u00f3-sz\u00e1r\u00edt\u00f3 8kg FFWDB 864349 BV EE - Pr\u00e9miumK\u00e9sz\u00fcl\u00e9k","robots":{"index":"index","follow":"follow","max-snippet":"max-snippet:-1","max-image-preview":"max-image-preview:large","max-video-preview":"max-video-preview:-1"},"canonical":"https:\/\/premiumkeszulek.hu\/en\/termek\/whirlpool-szabadonallo-moso-szarito-8kg-ffwdb-864349-bv-ee\/","og_locale":"en_GB","og_type":"article","og_title":"Whirlpool szabadon\u00e1ll\u00f3 mos\u00f3-sz\u00e1r\u00edt\u00f3 8kg FFWDB 864349 BV EE","og_description":"6. \u00c9rz\u00e9k technol\u00f3gia Az egyed\u00fcl\u00e1ll\u00f3 6. \u00c9rz\u00e9k 3Dry technol\u00f3gia t\u00f6bbir\u00e1ny\u00fa leveg\u0151\u00e1raml\u00e1ssal, k\u00edm\u00e9letesen sz\u00e1r\u00edtja meg a ruh\u00e1kat a t\u00f6k\u00e9letes v\u00e9delem \u00e9rdek\u00e9ben. 45 perces program A 45 perces programmal 1 kg ruhat\u00f6ltetet moshat \u00e9s sz\u00e1r\u00edthat, kiemelked\u0151 mos\u00e1si eredm\u00e9nnyel. SteamCare A SteamCare hat\u00e9konyan friss\u00edti fel, l\u00e1gy\u00edtja \u00e9s sim\u00edtja ki ruh\u00e1it a g\u0151z term\u00e9szetes tiszt\u00edt\u00f3erej\u00e9vel. FreshCare+ A FreshCare+ alkalmaz\u00e1sakor [&hellip;]","og_url":"https:\/\/premiumkeszulek.hu\/en\/termek\/whirlpool-szabadonallo-moso-szarito-8kg-ffwdb-864349-bv-ee\/","og_site_name":"Pr\u00e9miumK\u00e9sz\u00fcl\u00e9k","article_publisher":"https:\/\/www.facebook.com\/konyhaluxnet","article_modified_time":"2026-04-01T17:53:06+00:00","og_image":[{"width":800,"height":800,"url":"https:\/\/i0.wp.com\/premiumkeszulek.hu\/wp-content\/uploads\/2025\/04\/1-16.jpg?fit=800%2C800&ssl=1","type":"image\/jpeg"}],"twitter_card":"summary_large_image","twitter_misc":{"Price":"223.900&#70;&#116;","Availability":"On back order"},"schema":{"@context":"https:\/\/schema.org","@graph":[{"@type":"WebPage","@id":"https:\/\/premiumkeszulek.hu\/hu\/termek\/whirlpool-szabadonallo-moso-szarito-8kg-ffwdb-864349-bv-ee\/","url":"https:\/\/premiumkeszulek.hu\/hu\/termek\/whirlpool-szabadonallo-moso-szarito-8kg-ffwdb-864349-bv-ee\/","name":"Whirlpool szabadon\u00e1ll\u00f3 mos\u00f3-sz\u00e1r\u00edt\u00f3 8kg FFWDB 864349 BV EE - Pr\u00e9miumK\u00e9sz\u00fcl\u00e9k","isPartOf":{"@id":"https:\/\/premiumkeszulek.hu\/en\/#website"},"primaryImageOfPage":{"@id":"https:\/\/premiumkeszulek.hu\/hu\/termek\/whirlpool-szabadonallo-moso-szarito-8kg-ffwdb-864349-bv-ee\/#primaryimage"},"image":{"@id":"https:\/\/premiumkeszulek.hu\/hu\/termek\/whirlpool-szabadonallo-moso-szarito-8kg-ffwdb-864349-bv-ee\/#primaryimage"},"thumbnailUrl":"https:\/\/i0.wp.com\/premiumkeszulek.hu\/wp-content\/uploads\/2025\/04\/1-16.jpg?fit=800%2C800&ssl=1","datePublished":"2025-04-28T13:16:40+00:00","dateModified":"2026-04-01T17:53:06+00:00","breadcrumb":{"@id":"https:\/\/premiumkeszulek.hu\/hu\/termek\/whirlpool-szabadonallo-moso-szarito-8kg-ffwdb-864349-bv-ee\/#breadcrumb"},"inLanguage":"en-GB","potentialAction":[{"@type":"ReadAction","target":["https:\/\/premiumkeszulek.hu\/hu\/termek\/whirlpool-szabadonallo-moso-szarito-8kg-ffwdb-864349-bv-ee\/"]}]},{"@type":"ImageObject","inLanguage":"en-GB","@id":"https:\/\/premiumkeszulek.hu\/hu\/termek\/whirlpool-szabadonallo-moso-szarito-8kg-ffwdb-864349-bv-ee\/#primaryimage","url":"https:\/\/i0.wp.com\/premiumkeszulek.hu\/wp-content\/uploads\/2025\/04\/1-16.jpg?fit=800%2C800&ssl=1","contentUrl":"https:\/\/i0.wp.com\/premiumkeszulek.hu\/wp-content\/uploads\/2025\/04\/1-16.jpg?fit=800%2C800&ssl=1","width":800,"height":800},{"@type":"BreadcrumbList","@id":"https:\/\/premiumkeszulek.hu\/hu\/termek\/whirlpool-szabadonallo-moso-szarito-8kg-ffwdb-864349-bv-ee\/#breadcrumb","itemListElement":[{"@type":"ListItem","position":1,"name":"Home","item":"https:\/\/premiumkeszulek.hu\/en\/"},{"@type":"ListItem","position":2,"name":"Shop","item":"https:\/\/premiumkeszulek.hu\/en\/shop\/"},{"@type":"ListItem","position":3,"name":"Whirlpool szabadon\u00e1ll\u00f3 mos\u00f3-sz\u00e1r\u00edt\u00f3 8kg FFWDB 864349 BV EE"}]},{"@type":"WebSite","@id":"https:\/\/premiumkeszulek.hu\/en\/#website","url":"https:\/\/premiumkeszulek.hu\/en\/","name":"Pr\u00e9miumK\u00e9sz\u00fcl\u00e9k","description":"","publisher":{"@id":"https:\/\/premiumkeszulek.hu\/en\/#organization"},"potentialAction":[{"@type":"SearchAction","target":{"@type":"EntryPoint","urlTemplate":"https:\/\/premiumkeszulek.hu\/en\/?s={search_term_string}"},"query-input":{"@type":"PropertyValueSpecification","valueRequired":true,"valueName":"search_term_string"}}],"inLanguage":"en-GB"},{"@type":"Organization","@id":"https:\/\/premiumkeszulek.hu\/en\/#organization","name":"Pr\u00e9miumK\u00e9sz\u00fcl\u00e9k","alternateName":"HPH Special Kft","url":"https:\/\/premiumkeszulek.hu\/en\/","logo":{"@type":"ImageObject","inLanguage":"en-GB","@id":"https:\/\/premiumkeszulek.hu\/en\/#\/schema\/logo\/image\/","url":"http:\/\/premiumkeszulek.hu\/wp-content\/uploads\/2025\/03\/TURKIZLOGO-kicsi.png","contentUrl":"http:\/\/premiumkeszulek.hu\/wp-content\/uploads\/2025\/03\/TURKIZLOGO-kicsi.png","width":1600,"height":547,"caption":"Pr\u00e9miumK\u00e9sz\u00fcl\u00e9k"},"image":{"@id":"https:\/\/premiumkeszulek.hu\/en\/#\/schema\/logo\/image\/"},"sameAs":["https:\/\/www.facebook.com\/konyhaluxnet","https:\/\/www.instagram.com\/konyhaluxnet\/#"],"email":"info@premiumkeszulek.hu","telephone":"36 1 \/ 226-1992","legalName":"HPH Special Kft","vatID":"HU12549502","taxID":"12549502","hasMerchantReturnPolicy":{"@type":"MerchantReturnPolicy","merchantReturnLink":"https:\/\/premiumkeszulek.hu\/en\/altalanos-szerzodesi-es-felhasznalasi-feltetelek\/"}}]},"product_brand":"Whirlpool","product_price_amount":"223900","product_price_currency":"HUF","og_availability":"backorder","product_availability":"available for order","product_retailer_item_id":"869991651660","product_condition":"new"},"jetpack_publicize_connections":[],"jetpack_likes_enabled":true,"jetpack_sharing_enabled":true,"jetpack-related-posts":[],"_links":{"self":[{"href":"https:\/\/premiumkeszulek.hu\/en\/wp-json\/wp\/v2\/product\/13797","targetHints":{"allow":["GET"]}}],"collection":[{"href":"https:\/\/premiumkeszulek.hu\/en\/wp-json\/wp\/v2\/product"}],"about":[{"href":"https:\/\/premiumkeszulek.hu\/en\/wp-json\/wp\/v2\/types\/product"}],"replies":[{"embeddable":true,"href":"https:\/\/premiumkeszulek.hu\/en\/wp-json\/wp\/v2\/comments?post=13797"}],"wp:featuredmedia":[{"embeddable":true,"href":"https:\/\/premiumkeszulek.hu\/en\/wp-json\/wp\/v2\/media\/13796"}],"wp:attachment":[{"href":"https:\/\/premiumkeszulek.hu\/en\/wp-json\/wp\/v2\/media?parent=13797"}],"wp:term":[{"taxonomy":"product_brand","embeddable":true,"href":"https:\/\/premiumkeszulek.hu\/en\/wp-json\/wp\/v2\/product_brand?post=13797"},{"taxonomy":"product_cat","embeddable":true,"href":"https:\/\/premiumkeszulek.hu\/en\/wp-json\/wp\/v2\/product_cat?post=13797"},{"taxonomy":"product_tag","embeddable":true,"href":"https:\/\/premiumkeszulek.hu\/en\/wp-json\/wp\/v2\/product_tag?post=13797"},{"taxonomy":"woo-feed-brand","embeddable":true,"href":"https:\/\/premiumkeszulek.hu\/en\/wp-json\/wp\/v2\/woo-feed-brand?post=13797"}],"curies":[{"name":"wp","href":"https:\/\/api.w.org\/{rel}","templated":true}]}}