{"id":12478,"date":"2025-04-16T20:04:33","date_gmt":"2025-04-16T18:04:33","guid":{"rendered":"https:\/\/premiumkeszulek.hu\/termek\/sage-ses878bss-the-barista-pro-eszpresszo-kavefozo-kavedaraloval\/"},"modified":"2026-05-12T12:11:15","modified_gmt":"2026-05-12T10:11:15","slug":"sage-ses878bss-the-barista-pro-eszpresszo-kavefozo-kavedaraloval","status":"publish","type":"product","link":"https:\/\/premiumkeszulek.hu\/en\/product\/sage-ses878bss-the-barista-pro-eszpresszo-kavefozo-kavedaraloval\/","title":{"rendered":"Sage SES878BSS The Barista Pro\u2122 eszpressz\u00f3 k\u00e1v\u00e9f\u0151z\u0151 k\u00e1v\u00e9dar\u00e1l\u00f3val"},"content":{"rendered":"<p>+ AJ\u00c1ND\u00c9K\u00a0 BES 100 Knock Box<\/p>\n<p>\u00a0<br \/>\n\t<img data-recalc-dims=\"1\" decoding=\"async\" alt=\"\" src=\"https:\/\/i0.wp.com\/konyhaluxnet.hu\/custom\/konyhalux\/image\/cache\/w300h300q80np1roduct\/Sage\/bes100.jpg?ssl=1\" style=\"width: 300px; height: 300px;\" \/> <\/p>\n<p>\t<img data-recalc-dims=\"1\" decoding=\"async\" alt=\"\" src=\"https:\/\/i0.wp.com\/konyhaluxnet.hu\/custom\/konyhalux\/image\/cache\/w0h0q80np1roduct\/Sage\/Le%C3%ADr%C3%A1s%20k%C3%A9pek\/kavefozo-daraloval-ses878bss-sage-12.jpg?ssl=1\" style=\"width: 100%; height: 100%;\" title=\"SAGE SES878BSS\" \/><\/p>\n<p>A Sage SES878 eszpressz\u00f3g\u00e9p innovat\u00edv h\u0151m\u00e9rs\u00e9kletszab\u00e1lyoz\u00e1si technol\u00f3gi\u00e1val rendelkezik, amely a teljes extrakci\u00f3s folyamat alatt m\u0171k\u00f6dik. A t\u00f6k\u00e9letes eszpressz\u00f3ja t\u00f6bb t\u00e9nyez\u0151 kombin\u00e1ci\u00f3j\u00e1nak eredm\u00e9nye &#8211; frissen \u0151r\u00f6lt k\u00e1v\u00e9, megfelel\u0151en t\u00f6m\u00f6r\u00edtett k\u00e1v\u00e9, a megfelel\u0151 nyom\u00e1s \u00e9s utolj\u00e1ra, de nem utols\u00f3sorban a v\u00edz h\u0151m\u00e9rs\u00e9klete. Az kivon\u00e1s sor\u00e1n bek\u00f6vetkez\u0151 h\u0151m\u00e9rs\u00e9kleti ingadoz\u00e1s a hab elveszt\u00e9s\u00e9vel j\u00e1r, \u00e9s a kapott k\u00e1v\u00e9 n\u00e9h\u00e1ny m\u00e1sodperc alatt elvesz\u00edti gy\u00f6ny\u00f6r\u0171 sz\u00edn\u00e9t. Az Elektronikus PID h\u0151m\u00e9rs\u00e9kletszab\u00e1lyoz\u00f3 rendszer\u00a0+\/- 2 \u00b0 C-on r\u00f6gz\u00edti a h\u0151m\u00e9rs\u00e9kletet a teljes extrakci\u00f3s folyamat sor\u00e1n, \u00e9s biztos\u00edtja a folyamatos h\u0151m\u00e9rs\u00e9kleti stabilit\u00e1st.<\/p>\n<p>\t<img data-recalc-dims=\"1\" decoding=\"async\" alt=\"\" src=\"https:\/\/i0.wp.com\/konyhaluxnet.hu\/custom\/konyhalux\/image\/cache\/w0h0q80np1roduct\/Sage\/Le%C3%ADr%C3%A1s%20k%C3%A9pek\/kavefozo-daraloval-ses878bss-sage-32.jpg?ssl=1\" style=\"width: 100%; height: 100%;\" title=\"SAGE SES878BSS\" \/><\/p>\n<p>A Barista Pro \u2122 be\u00e9p\u00edtett dar\u00e1l\u00f3val eg\u00e9sz\u00edti ki a Barista k\u00e1v\u00e9f\u0151z\u0151k legkelend\u0151bb sorozat\u00e1t. Fel van szerelve egy \u00faj LCD kijelz\u0151vel, amely annyira \u00e1tl\u00e1that\u00f3, hogy lehet\u0151v\u00e9 teszi a dar\u00e1l\u00f3 finomabb be\u00e1ll\u00edt\u00e1s\u00e1t (legfeljebb 30 k\u00e1v\u00e9-durvas\u00e1g-szint); most azt is lehet\u0151v\u00e9 teszi, hogy magasabb v\u00edzh\u0151m\u00e9rs\u00e9kletet \u00e1ll\u00edtson be a k\u00e1v\u00e9 kivon\u00e1s\u00e1ra. A g\u00e9p 3 m\u00e1sodperc alatt k\u00e9szen \u00e1ll a haszn\u00e1latra.<\/p>\n<p>\t<img data-recalc-dims=\"1\" decoding=\"async\" alt=\"\" src=\"https:\/\/i0.wp.com\/konyhaluxnet.hu\/custom\/konyhalux\/image\/cache\/w0h0q80np1roduct\/Sage\/Le%C3%ADr%C3%A1s%20k%C3%A9pek\/kavefozo-daraloval-ses878bss-sage-4.jpg?ssl=1\" style=\"width: 50%; height: 50%; margin-left: 20px; margin-right: 20px; float: left;\" \/> \u00a0<\/p>\n<p>A term\u00e9k tov\u00e1bbi funkci\u00f3i \u00e9s tulajdons\u00e1gai el\u0151seg\u00edtik a t\u00f6k\u00e9letes k\u00e1v\u00e9 elk\u00e9sz\u00edt\u00e9s\u00e9t. A Razor<sup>TM<\/sup> k\u00e1v\u00e9be\u00e1ll\u00edt\u00f3 eszk\u00f6z pontosan be\u00e1ll\u00edtja az \u0151r\u00f6lt k\u00e1v\u00e9 adagj\u00e1t; a nyom\u00e1svezet\u0151 javasolja az kinyert k\u00e1v\u00e9 ide\u00e1lis nyom\u00e1s\u00e1t; a Thermocoil f\u0171t\u00e9si rendszer szab\u00e1lyozza a v\u00edz h\u0151m\u00e9rs\u00e9klet\u00e9t; a sz\u00e1raz k\u00e1v\u00e9 funkci\u00f3 seg\u00edt minim\u00e1lis v\u00edztartalommal elt\u00e1vol\u00edtani a k\u00e1v\u00e9 \u00fcled\u00e9k\u00e9t a sz\u0171r\u0151b\u0151l.<\/p>\n","protected":false},"excerpt":{"rendered":"<p>+ AJ\u00c1ND\u00c9K\u00a0 BES 100 Knock Box \u00a0 A Sage SES878 eszpressz\u00f3g\u00e9p innovat\u00edv h\u0151m\u00e9rs\u00e9kletszab\u00e1lyoz\u00e1si technol\u00f3gi\u00e1val rendelkezik, amely a teljes extrakci\u00f3s folyamat alatt m\u0171k\u00f6dik. A t\u00f6k\u00e9letes eszpressz\u00f3ja t\u00f6bb t\u00e9nyez\u0151 kombin\u00e1ci\u00f3j\u00e1nak eredm\u00e9nye &#8211; frissen \u0151r\u00f6lt k\u00e1v\u00e9, megfelel\u0151en t\u00f6m\u00f6r\u00edtett k\u00e1v\u00e9, a megfelel\u0151 nyom\u00e1s \u00e9s utolj\u00e1ra, de nem utols\u00f3sorban a v\u00edz h\u0151m\u00e9rs\u00e9klete. Az kivon\u00e1s sor\u00e1n bek\u00f6vetkez\u0151 h\u0151m\u00e9rs\u00e9kleti ingadoz\u00e1s a hab [&hellip;]<\/p>\n","protected":false},"featured_media":12477,"comment_status":"closed","ping_status":"closed","template":"","meta":{"_crdt_document":"","content-type":"","jetpack_post_was_ever_published":false,"jetpack_publicize_message":"","jetpack_publicize_feature_enabled":true,"jetpack_social_post_already_shared":true,"jetpack_social_options":{"image_generator_settings":{"template":"highway","default_image_id":0,"font":"","enabled":false},"version":2},"_wpas_customize_per_network":false},"product_brand":[1633],"product_cat":[5035,5033,5032],"product_tag":[],"woo-feed-brand":[],"class_list":{"0":"post-12478","1":"product","2":"type-product","3":"status-publish","4":"has-post-thumbnail","6":"product_brand-sage","7":"product_cat-kavefozok","8":"product_cat-kiskeszulek","9":"product_cat-tobb-kategoria","10":"product_shipping_class-100000felett","12":"first","13":"instock","14":"taxable","15":"shipping-taxable","16":"purchasable","17":"product-type-simple"},"yoast_head":"<!-- This site is optimized with the Yoast SEO Premium plugin v26.9 (Yoast SEO v27.4) - https:\/\/yoast.com\/product\/yoast-seo-premium-wordpress\/ -->\n<title>Sage SES878BSS The Barista Pro\u2122 eszpressz\u00f3 k\u00e1v\u00e9f\u0151z\u0151 k\u00e1v\u00e9dar\u00e1l\u00f3val - Pr\u00e9miumK\u00e9sz\u00fcl\u00e9k<\/title>\n<meta name=\"description\" content=\"\u00c9lvezze a k\u00e1v\u00e9k\u00e9sz\u00edt\u00e9st a Sage SES878BSS The Barista Pro\u2122 k\u00e1v\u00e9f\u0151z\u0151 el\u0151re be\u00e1ll\u00edtott h\u0151m\u00e9rs\u00e9kletstabilit\u00e1s\u00e1val. Rendelje meg m\u00e9g ma!\" \/>\n<meta name=\"robots\" content=\"index, follow, max-snippet:-1, max-image-preview:large, max-video-preview:-1\" \/>\n<link rel=\"canonical\" href=\"https:\/\/premiumkeszulek.hu\/en\/product\/sage-ses878bss-the-barista-pro-eszpresszo-kavefozo-kavedaraloval\/\" \/>\n<meta property=\"og:locale\" content=\"en_GB\" \/>\n<meta property=\"og:type\" content=\"article\" \/>\n<meta property=\"og:title\" content=\"Sage SES878BSS The Barista Pro\u2122 eszpressz\u00f3 k\u00e1v\u00e9f\u0151z\u0151 k\u00e1v\u00e9dar\u00e1l\u00f3val\" \/>\n<meta property=\"og:description\" content=\"\u00c9lvezze a k\u00e1v\u00e9k\u00e9sz\u00edt\u00e9st a Sage SES878BSS The Barista Pro\u2122 k\u00e1v\u00e9f\u0151z\u0151 el\u0151re be\u00e1ll\u00edtott h\u0151m\u00e9rs\u00e9kletstabilit\u00e1s\u00e1val. Rendelje meg m\u00e9g ma!\" \/>\n<meta property=\"og:url\" content=\"https:\/\/premiumkeszulek.hu\/en\/product\/sage-ses878bss-the-barista-pro-eszpresszo-kavefozo-kavedaraloval\/\" \/>\n<meta property=\"og:site_name\" content=\"Pr\u00e9miumK\u00e9sz\u00fcl\u00e9k\" \/>\n<meta property=\"article:publisher\" content=\"https:\/\/www.facebook.com\/konyhaluxnet\" \/>\n<meta property=\"article:modified_time\" content=\"2026-05-12T10:11:15+00:00\" \/>\n<meta property=\"og:image\" content=\"https:\/\/i0.wp.com\/premiumkeszulek.hu\/wp-content\/uploads\/2025\/04\/SES878BSS-11120FILEminimizer.jpg?fit=800%2C800&ssl=1\" \/>\n\t<meta property=\"og:image:width\" content=\"800\" \/>\n\t<meta property=\"og:image:height\" content=\"800\" \/>\n\t<meta property=\"og:image:type\" content=\"image\/jpeg\" \/>\n<meta name=\"twitter:card\" content=\"summary_large_image\" \/>\n<meta name=\"twitter:label1\" content=\"Price\" \/>\n\t<meta name=\"twitter:data1\" content=\"369.890&#070;&#116;\" \/>\n\t<meta name=\"twitter:label2\" content=\"Availability\" \/>\n\t<meta name=\"twitter:data2\" content=\"In stock\" \/>\n<script type=\"application\/ld+json\" class=\"yoast-schema-graph\">{\"@context\":\"https:\\\/\\\/schema.org\",\"@graph\":[{\"@type\":\"WebPage\",\"@id\":\"https:\\\/\\\/premiumkeszulek.hu\\\/product\\\/sage-ses878bss-the-barista-pro-eszpresszo-kavefozo-kavedaraloval\\\/\",\"url\":\"https:\\\/\\\/premiumkeszulek.hu\\\/product\\\/sage-ses878bss-the-barista-pro-eszpresszo-kavefozo-kavedaraloval\\\/\",\"name\":\"Sage SES878BSS The Barista Pro\u2122 eszpressz\u00f3 k\u00e1v\u00e9f\u0151z\u0151 k\u00e1v\u00e9dar\u00e1l\u00f3val - Pr\u00e9miumK\u00e9sz\u00fcl\u00e9k\",\"isPartOf\":{\"@id\":\"https:\\\/\\\/premiumkeszulek.hu\\\/hu\\\/#website\"},\"primaryImageOfPage\":{\"@id\":\"https:\\\/\\\/premiumkeszulek.hu\\\/product\\\/sage-ses878bss-the-barista-pro-eszpresszo-kavefozo-kavedaraloval\\\/#primaryimage\"},\"image\":{\"@id\":\"https:\\\/\\\/premiumkeszulek.hu\\\/product\\\/sage-ses878bss-the-barista-pro-eszpresszo-kavefozo-kavedaraloval\\\/#primaryimage\"},\"thumbnailUrl\":\"https:\\\/\\\/i0.wp.com\\\/premiumkeszulek.hu\\\/wp-content\\\/uploads\\\/2025\\\/04\\\/SES878BSS-11120FILEminimizer.jpg?fit=800%2C800&ssl=1\",\"datePublished\":\"2025-04-16T18:04:33+00:00\",\"dateModified\":\"2026-05-12T10:11:15+00:00\",\"description\":\"\u00c9lvezze a k\u00e1v\u00e9k\u00e9sz\u00edt\u00e9st a Sage SES878BSS The Barista Pro\u2122 k\u00e1v\u00e9f\u0151z\u0151 el\u0151re be\u00e1ll\u00edtott h\u0151m\u00e9rs\u00e9kletstabilit\u00e1s\u00e1val. Rendelje meg m\u00e9g ma!\",\"breadcrumb\":{\"@id\":\"https:\\\/\\\/premiumkeszulek.hu\\\/product\\\/sage-ses878bss-the-barista-pro-eszpresszo-kavefozo-kavedaraloval\\\/#breadcrumb\"},\"inLanguage\":\"en-GB\",\"potentialAction\":[{\"@type\":\"ReadAction\",\"target\":[\"https:\\\/\\\/premiumkeszulek.hu\\\/product\\\/sage-ses878bss-the-barista-pro-eszpresszo-kavefozo-kavedaraloval\\\/\"]}]},{\"@type\":\"ImageObject\",\"inLanguage\":\"en-GB\",\"@id\":\"https:\\\/\\\/premiumkeszulek.hu\\\/product\\\/sage-ses878bss-the-barista-pro-eszpresszo-kavefozo-kavedaraloval\\\/#primaryimage\",\"url\":\"https:\\\/\\\/i0.wp.com\\\/premiumkeszulek.hu\\\/wp-content\\\/uploads\\\/2025\\\/04\\\/SES878BSS-11120FILEminimizer.jpg?fit=800%2C800&ssl=1\",\"contentUrl\":\"https:\\\/\\\/i0.wp.com\\\/premiumkeszulek.hu\\\/wp-content\\\/uploads\\\/2025\\\/04\\\/SES878BSS-11120FILEminimizer.jpg?fit=800%2C800&ssl=1\",\"width\":800,\"height\":800},{\"@type\":\"BreadcrumbList\",\"@id\":\"https:\\\/\\\/premiumkeszulek.hu\\\/product\\\/sage-ses878bss-the-barista-pro-eszpresszo-kavefozo-kavedaraloval\\\/#breadcrumb\",\"itemListElement\":[{\"@type\":\"ListItem\",\"position\":1,\"name\":\"Home\",\"item\":\"https:\\\/\\\/premiumkeszulek.hu\\\/hu\\\/\"},{\"@type\":\"ListItem\",\"position\":2,\"name\":\"Shop\",\"item\":\"https:\\\/\\\/premiumkeszulek.hu\\\/hu\\\/shop\\\/\"},{\"@type\":\"ListItem\",\"position\":3,\"name\":\"Sage SES878BSS The Barista Pro\u2122 eszpressz\u00f3 k\u00e1v\u00e9f\u0151z\u0151 k\u00e1v\u00e9dar\u00e1l\u00f3val\"}]},{\"@type\":\"WebSite\",\"@id\":\"https:\\\/\\\/premiumkeszulek.hu\\\/hu\\\/#website\",\"url\":\"https:\\\/\\\/premiumkeszulek.hu\\\/hu\\\/\",\"name\":\"Pr\u00e9miumK\u00e9sz\u00fcl\u00e9k\",\"description\":\"\",\"publisher\":{\"@id\":\"https:\\\/\\\/premiumkeszulek.hu\\\/hu\\\/#organization\"},\"potentialAction\":[{\"@type\":\"SearchAction\",\"target\":{\"@type\":\"EntryPoint\",\"urlTemplate\":\"https:\\\/\\\/premiumkeszulek.hu\\\/hu\\\/?s={search_term_string}\"},\"query-input\":{\"@type\":\"PropertyValueSpecification\",\"valueRequired\":true,\"valueName\":\"search_term_string\"}}],\"inLanguage\":\"en-GB\"},{\"@type\":\"Organization\",\"@id\":\"https:\\\/\\\/premiumkeszulek.hu\\\/hu\\\/#organization\",\"name\":\"Pr\u00e9miumK\u00e9sz\u00fcl\u00e9k\",\"alternateName\":\"HPH Special Kft\",\"url\":\"https:\\\/\\\/premiumkeszulek.hu\\\/hu\\\/\",\"logo\":{\"@type\":\"ImageObject\",\"inLanguage\":\"en-GB\",\"@id\":\"https:\\\/\\\/premiumkeszulek.hu\\\/hu\\\/#\\\/schema\\\/logo\\\/image\\\/\",\"url\":\"http:\\\/\\\/premiumkeszulek.hu\\\/wp-content\\\/uploads\\\/2025\\\/03\\\/TURKIZLOGO-kicsi.png\",\"contentUrl\":\"http:\\\/\\\/premiumkeszulek.hu\\\/wp-content\\\/uploads\\\/2025\\\/03\\\/TURKIZLOGO-kicsi.png\",\"width\":1600,\"height\":547,\"caption\":\"Pr\u00e9miumK\u00e9sz\u00fcl\u00e9k\"},\"image\":{\"@id\":\"https:\\\/\\\/premiumkeszulek.hu\\\/hu\\\/#\\\/schema\\\/logo\\\/image\\\/\"},\"sameAs\":[\"https:\\\/\\\/www.facebook.com\\\/konyhaluxnet\",\"https:\\\/\\\/www.instagram.com\\\/konyhaluxnet\\\/#\"],\"email\":\"info@premiumkeszulek.hu\",\"telephone\":\"36 1 \\\/ 226-1992\",\"legalName\":\"HPH Special Kft\",\"vatID\":\"HU12549502\",\"taxID\":\"12549502\",\"hasMerchantReturnPolicy\":{\"@type\":\"MerchantReturnPolicy\",\"merchantReturnLink\":\"https:\\\/\\\/premiumkeszulek.hu\\\/en\\\/altalanos-szerzodesi-es-felhasznalasi-feltetelek\\\/\"}}]}<\/script>\n<meta property=\"product:brand\" content=\"Sage\" \/>\n<meta property=\"product:price:amount\" content=\"369890\" \/>\n<meta property=\"product:price:currency\" content=\"HUF\" \/>\n<meta property=\"og:availability\" content=\"instock\" \/>\n<meta property=\"product:availability\" content=\"instock\" \/>\n<meta property=\"product:retailer_item_id\" content=\"41009944\" \/>\n<meta property=\"product:condition\" content=\"new\" \/>\n<!-- \/ Yoast SEO Premium plugin. -->","yoast_head_json":{"title":"Sage SES878BSS The Barista Pro\u2122 eszpressz\u00f3 k\u00e1v\u00e9f\u0151z\u0151 k\u00e1v\u00e9dar\u00e1l\u00f3val - Pr\u00e9miumK\u00e9sz\u00fcl\u00e9k","description":"\u00c9lvezze a k\u00e1v\u00e9k\u00e9sz\u00edt\u00e9st a Sage SES878BSS The Barista Pro\u2122 k\u00e1v\u00e9f\u0151z\u0151 el\u0151re be\u00e1ll\u00edtott h\u0151m\u00e9rs\u00e9kletstabilit\u00e1s\u00e1val. Rendelje meg m\u00e9g ma!","robots":{"index":"index","follow":"follow","max-snippet":"max-snippet:-1","max-image-preview":"max-image-preview:large","max-video-preview":"max-video-preview:-1"},"canonical":"https:\/\/premiumkeszulek.hu\/en\/product\/sage-ses878bss-the-barista-pro-eszpresszo-kavefozo-kavedaraloval\/","og_locale":"en_GB","og_type":"article","og_title":"Sage SES878BSS The Barista Pro\u2122 eszpressz\u00f3 k\u00e1v\u00e9f\u0151z\u0151 k\u00e1v\u00e9dar\u00e1l\u00f3val","og_description":"\u00c9lvezze a k\u00e1v\u00e9k\u00e9sz\u00edt\u00e9st a Sage SES878BSS The Barista Pro\u2122 k\u00e1v\u00e9f\u0151z\u0151 el\u0151re be\u00e1ll\u00edtott h\u0151m\u00e9rs\u00e9kletstabilit\u00e1s\u00e1val. Rendelje meg m\u00e9g ma!","og_url":"https:\/\/premiumkeszulek.hu\/en\/product\/sage-ses878bss-the-barista-pro-eszpresszo-kavefozo-kavedaraloval\/","og_site_name":"Pr\u00e9miumK\u00e9sz\u00fcl\u00e9k","article_publisher":"https:\/\/www.facebook.com\/konyhaluxnet","article_modified_time":"2026-05-12T10:11:15+00:00","og_image":[{"width":800,"height":800,"url":"https:\/\/i0.wp.com\/premiumkeszulek.hu\/wp-content\/uploads\/2025\/04\/SES878BSS-11120FILEminimizer.jpg?fit=800%2C800&ssl=1","type":"image\/jpeg"}],"twitter_card":"summary_large_image","twitter_misc":{"Price":"369.890&#70;&#116;","Availability":"In stock"},"schema":{"@context":"https:\/\/schema.org","@graph":[{"@type":"WebPage","@id":"https:\/\/premiumkeszulek.hu\/product\/sage-ses878bss-the-barista-pro-eszpresszo-kavefozo-kavedaraloval\/","url":"https:\/\/premiumkeszulek.hu\/product\/sage-ses878bss-the-barista-pro-eszpresszo-kavefozo-kavedaraloval\/","name":"Sage SES878BSS The Barista Pro\u2122 eszpressz\u00f3 k\u00e1v\u00e9f\u0151z\u0151 k\u00e1v\u00e9dar\u00e1l\u00f3val - Pr\u00e9miumK\u00e9sz\u00fcl\u00e9k","isPartOf":{"@id":"https:\/\/premiumkeszulek.hu\/hu\/#website"},"primaryImageOfPage":{"@id":"https:\/\/premiumkeszulek.hu\/product\/sage-ses878bss-the-barista-pro-eszpresszo-kavefozo-kavedaraloval\/#primaryimage"},"image":{"@id":"https:\/\/premiumkeszulek.hu\/product\/sage-ses878bss-the-barista-pro-eszpresszo-kavefozo-kavedaraloval\/#primaryimage"},"thumbnailUrl":"https:\/\/i0.wp.com\/premiumkeszulek.hu\/wp-content\/uploads\/2025\/04\/SES878BSS-11120FILEminimizer.jpg?fit=800%2C800&ssl=1","datePublished":"2025-04-16T18:04:33+00:00","dateModified":"2026-05-12T10:11:15+00:00","description":"\u00c9lvezze a k\u00e1v\u00e9k\u00e9sz\u00edt\u00e9st a Sage SES878BSS The Barista Pro\u2122 k\u00e1v\u00e9f\u0151z\u0151 el\u0151re be\u00e1ll\u00edtott h\u0151m\u00e9rs\u00e9kletstabilit\u00e1s\u00e1val. Rendelje meg m\u00e9g ma!","breadcrumb":{"@id":"https:\/\/premiumkeszulek.hu\/product\/sage-ses878bss-the-barista-pro-eszpresszo-kavefozo-kavedaraloval\/#breadcrumb"},"inLanguage":"en-GB","potentialAction":[{"@type":"ReadAction","target":["https:\/\/premiumkeszulek.hu\/product\/sage-ses878bss-the-barista-pro-eszpresszo-kavefozo-kavedaraloval\/"]}]},{"@type":"ImageObject","inLanguage":"en-GB","@id":"https:\/\/premiumkeszulek.hu\/product\/sage-ses878bss-the-barista-pro-eszpresszo-kavefozo-kavedaraloval\/#primaryimage","url":"https:\/\/i0.wp.com\/premiumkeszulek.hu\/wp-content\/uploads\/2025\/04\/SES878BSS-11120FILEminimizer.jpg?fit=800%2C800&ssl=1","contentUrl":"https:\/\/i0.wp.com\/premiumkeszulek.hu\/wp-content\/uploads\/2025\/04\/SES878BSS-11120FILEminimizer.jpg?fit=800%2C800&ssl=1","width":800,"height":800},{"@type":"BreadcrumbList","@id":"https:\/\/premiumkeszulek.hu\/product\/sage-ses878bss-the-barista-pro-eszpresszo-kavefozo-kavedaraloval\/#breadcrumb","itemListElement":[{"@type":"ListItem","position":1,"name":"Home","item":"https:\/\/premiumkeszulek.hu\/hu\/"},{"@type":"ListItem","position":2,"name":"Shop","item":"https:\/\/premiumkeszulek.hu\/hu\/shop\/"},{"@type":"ListItem","position":3,"name":"Sage SES878BSS The Barista Pro\u2122 eszpressz\u00f3 k\u00e1v\u00e9f\u0151z\u0151 k\u00e1v\u00e9dar\u00e1l\u00f3val"}]},{"@type":"WebSite","@id":"https:\/\/premiumkeszulek.hu\/hu\/#website","url":"https:\/\/premiumkeszulek.hu\/hu\/","name":"Pr\u00e9miumK\u00e9sz\u00fcl\u00e9k","description":"","publisher":{"@id":"https:\/\/premiumkeszulek.hu\/hu\/#organization"},"potentialAction":[{"@type":"SearchAction","target":{"@type":"EntryPoint","urlTemplate":"https:\/\/premiumkeszulek.hu\/hu\/?s={search_term_string}"},"query-input":{"@type":"PropertyValueSpecification","valueRequired":true,"valueName":"search_term_string"}}],"inLanguage":"en-GB"},{"@type":"Organization","@id":"https:\/\/premiumkeszulek.hu\/hu\/#organization","name":"Pr\u00e9miumK\u00e9sz\u00fcl\u00e9k","alternateName":"HPH Special Kft","url":"https:\/\/premiumkeszulek.hu\/hu\/","logo":{"@type":"ImageObject","inLanguage":"en-GB","@id":"https:\/\/premiumkeszulek.hu\/hu\/#\/schema\/logo\/image\/","url":"http:\/\/premiumkeszulek.hu\/wp-content\/uploads\/2025\/03\/TURKIZLOGO-kicsi.png","contentUrl":"http:\/\/premiumkeszulek.hu\/wp-content\/uploads\/2025\/03\/TURKIZLOGO-kicsi.png","width":1600,"height":547,"caption":"Pr\u00e9miumK\u00e9sz\u00fcl\u00e9k"},"image":{"@id":"https:\/\/premiumkeszulek.hu\/hu\/#\/schema\/logo\/image\/"},"sameAs":["https:\/\/www.facebook.com\/konyhaluxnet","https:\/\/www.instagram.com\/konyhaluxnet\/#"],"email":"info@premiumkeszulek.hu","telephone":"36 1 \/ 226-1992","legalName":"HPH Special Kft","vatID":"HU12549502","taxID":"12549502","hasMerchantReturnPolicy":{"@type":"MerchantReturnPolicy","merchantReturnLink":"https:\/\/premiumkeszulek.hu\/en\/altalanos-szerzodesi-es-felhasznalasi-feltetelek\/"}}]},"product_brand":"Sage","product_price_amount":"369890","product_price_currency":"HUF","og_availability":"instock","product_availability":"instock","product_retailer_item_id":"41009944","product_condition":"new"},"jetpack_publicize_connections":[],"jetpack_likes_enabled":true,"jetpack_sharing_enabled":true,"jetpack-related-posts":[],"_links":{"self":[{"href":"https:\/\/premiumkeszulek.hu\/en\/wp-json\/wp\/v2\/product\/12478","targetHints":{"allow":["GET"]}}],"collection":[{"href":"https:\/\/premiumkeszulek.hu\/en\/wp-json\/wp\/v2\/product"}],"about":[{"href":"https:\/\/premiumkeszulek.hu\/en\/wp-json\/wp\/v2\/types\/product"}],"replies":[{"embeddable":true,"href":"https:\/\/premiumkeszulek.hu\/en\/wp-json\/wp\/v2\/comments?post=12478"}],"wp:featuredmedia":[{"embeddable":true,"href":"https:\/\/premiumkeszulek.hu\/en\/wp-json\/wp\/v2\/media\/12477"}],"wp:attachment":[{"href":"https:\/\/premiumkeszulek.hu\/en\/wp-json\/wp\/v2\/media?parent=12478"}],"wp:term":[{"taxonomy":"product_brand","embeddable":true,"href":"https:\/\/premiumkeszulek.hu\/en\/wp-json\/wp\/v2\/product_brand?post=12478"},{"taxonomy":"product_cat","embeddable":true,"href":"https:\/\/premiumkeszulek.hu\/en\/wp-json\/wp\/v2\/product_cat?post=12478"},{"taxonomy":"product_tag","embeddable":true,"href":"https:\/\/premiumkeszulek.hu\/en\/wp-json\/wp\/v2\/product_tag?post=12478"},{"taxonomy":"woo-feed-brand","embeddable":true,"href":"https:\/\/premiumkeszulek.hu\/en\/wp-json\/wp\/v2\/woo-feed-brand?post=12478"}],"curies":[{"name":"wp","href":"https:\/\/api.w.org\/{rel}","templated":true}]}}