{"id":1212,"date":"2025-02-06T13:39:18","date_gmt":"2025-02-06T12:39:18","guid":{"rendered":"https:\/\/premiumkeszulek.hu\/product\/miele-dgc-7450-beepitheto-kombi-gozparolo-3\/"},"modified":"2026-04-07T11:42:00","modified_gmt":"2026-04-07T09:42:00","slug":"miele-dgc-7450-beepitheto-kombi-gozparolo-3","status":"publish","type":"product","link":"https:\/\/premiumkeszulek.hu\/en\/product\/miele-dgc-7450-beepitheto-kombi-gozparolo-3\/","title":{"rendered":"Miele DGC 7450 be\u00e9p\u00edthet\u0151 kombi g\u0151zp\u00e1rol\u00f3"},"content":{"rendered":"<div class=\"loadbeeTabContent\" data-loadbee-apikey=\"bVxDWaSdseFz5PWWtvKmAkGr88n6WXYY\" data-loadbee-gtin=\"4002516586098\" data-loadbee-locale=\"hu_HU\">\u00a0\n<\/div>\n<p><script async src=\"https:\/\/cdn.loadbee.com\/js\/loadbee_integration.js\"><\/script><script type=\"text\/javascript\"\nsrc=\"https:\/\/tracking.channelsight.com\/api\/tracking\/v2\/Init\">\n<\/script><br \/>\n\tNagy sz\u00f6veges kijelz\u0151 szenzoros kezel\u00e9ssel \u2013 DirectSensor<br \/>\n\tKiv\u00e1l\u00f3 eredm\u00e9nyek \u2013 MonoSteam g\u0151ztechnol\u00f3gia<br \/>\n\tK\u00fcl\u00f6n\u00f6sen laza t\u00e9szta \u00e9s ropog\u00f3s k\u00e9reg \u2013 Kl\u00edmavez\u00e9rl\u00e9s<br \/>\n\tAz \u00e9telek garant\u00e1ltan nem \u00e9gnek le \u2013 TasteControl\u00a0<br \/>\n\tK\u00f6nny\u0171 tiszt\u00edt\u00e1s \u2013 PerfectClean felszerelts\u00e9g\u00a0<\/p>\n","protected":false},"excerpt":{"rendered":"<p>\u00a0 Nagy sz\u00f6veges kijelz\u0151 szenzoros kezel\u00e9ssel \u2013 DirectSensor Kiv\u00e1l\u00f3 eredm\u00e9nyek \u2013 MonoSteam g\u0151ztechnol\u00f3gia K\u00fcl\u00f6n\u00f6sen laza t\u00e9szta \u00e9s ropog\u00f3s k\u00e9reg \u2013 Kl\u00edmavez\u00e9rl\u00e9s Az \u00e9telek garant\u00e1ltan nem \u00e9gnek le \u2013 TasteControl\u00a0 K\u00f6nny\u0171 tiszt\u00edt\u00e1s \u2013 PerfectClean felszerelts\u00e9g\u00a0<\/p>\n","protected":false},"featured_media":10010,"comment_status":"closed","ping_status":"closed","template":"","meta":{"_crdt_document":"","content-type":"","jetpack_post_was_ever_published":false,"jetpack_publicize_message":"","jetpack_publicize_feature_enabled":true,"jetpack_social_post_already_shared":true,"jetpack_social_options":{"image_generator_settings":{"template":"highway","default_image_id":0,"font":"","enabled":false},"version":2},"_wpas_customize_per_network":false},"product_brand":[1372],"product_cat":[1390,1527],"product_tag":[],"woo-feed-brand":[],"class_list":{"0":"post-1212","1":"product","2":"type-product","3":"status-publish","4":"has-post-thumbnail","6":"product_brand-miele","7":"product_cat-gozparolo","8":"product_cat-sutok-es-fozolapok","9":"product_shipping_class-100000felett","11":"first","12":"onbackorder","13":"taxable","14":"shipping-taxable","15":"purchasable","16":"product-type-simple"},"yoast_head":"<!-- This site is optimized with the Yoast SEO Premium plugin v26.9 (Yoast SEO v26.9) - https:\/\/yoast.com\/product\/yoast-seo-premium-wordpress\/ -->\n<title>Miele DGC 7450 be\u00e9p\u00edthet\u0151 kombi g\u0151zp\u00e1rol\u00f3 - Pr\u00e9miumK\u00e9sz\u00fcl\u00e9k<\/title>\n<meta name=\"description\" content=\"Ismerje meg a Miele DGC 7450 kombi g\u0151zp\u00e1rol\u00f3 el\u0151nyeit \u00e9s \u00e9lvezze a t\u00f6k\u00e9letes f\u0151z\u00e9si eredm\u00e9nyeket! K\u00f6nny\u0171 tiszt\u00edt\u00e1s egy \u00e9rint\u00e9ssel!\" \/>\n<meta name=\"robots\" content=\"index, follow, max-snippet:-1, max-image-preview:large, max-video-preview:-1\" \/>\n<link rel=\"canonical\" href=\"http:\/\/premiumkeszulek.hu\/en\/termek\/miele-dgc-7450-beepitheto-kombi-gozparolo-3\/\" \/>\n<meta property=\"og:locale\" content=\"en_GB\" \/>\n<meta property=\"og:type\" content=\"article\" \/>\n<meta property=\"og:title\" content=\"Miele DGC 7450 be\u00e9p\u00edthet\u0151 kombi g\u0151zp\u00e1rol\u00f3\" \/>\n<meta property=\"og:description\" content=\"Ismerje meg a Miele DGC 7450 kombi g\u0151zp\u00e1rol\u00f3 el\u0151nyeit \u00e9s \u00e9lvezze a t\u00f6k\u00e9letes f\u0151z\u00e9si eredm\u00e9nyeket! K\u00f6nny\u0171 tiszt\u00edt\u00e1s egy \u00e9rint\u00e9ssel!\" \/>\n<meta property=\"og:url\" content=\"http:\/\/premiumkeszulek.hu\/en\/termek\/miele-dgc-7450-beepitheto-kombi-gozparolo-3\/\" \/>\n<meta property=\"og:site_name\" content=\"Pr\u00e9miumK\u00e9sz\u00fcl\u00e9k\" \/>\n<meta property=\"article:publisher\" content=\"https:\/\/www.facebook.com\/konyhaluxnet\" \/>\n<meta property=\"article:modified_time\" content=\"2026-04-07T09:42:00+00:00\" \/>\n<meta property=\"og:image\" content=\"https:\/\/i0.wp.com\/premiumkeszulek.hu\/wp-content\/uploads\/2025\/04\/dgc7450_ob_1.jpg?fit=1000%2C1000\" \/>\n\t<meta property=\"og:image:width\" content=\"1000\" \/>\n\t<meta property=\"og:image:height\" content=\"1000\" \/>\n\t<meta property=\"og:image:type\" content=\"image\/jpeg\" \/>\n<meta name=\"twitter:card\" content=\"summary_large_image\" \/>\n<meta name=\"twitter:label1\" content=\"Price\" \/>\n\t<meta name=\"twitter:data1\" content=\"1.079.900&#070;&#116;\" \/>\n\t<meta name=\"twitter:label2\" content=\"Availability\" \/>\n\t<meta name=\"twitter:data2\" content=\"On back order\" \/>\n<script type=\"application\/ld+json\" class=\"yoast-schema-graph\">{\"@context\":\"https:\/\/schema.org\",\"@graph\":[{\"@type\":\"WebPage\",\"@id\":\"http:\/\/premiumkeszulek.hu\/hu\/termek\/miele-dgc-7450-beepitheto-kombi-gozparolo-3\/\",\"url\":\"http:\/\/premiumkeszulek.hu\/hu\/termek\/miele-dgc-7450-beepitheto-kombi-gozparolo-3\/\",\"name\":\"Miele DGC 7450 be\u00e9p\u00edthet\u0151 kombi g\u0151zp\u00e1rol\u00f3 - Pr\u00e9miumK\u00e9sz\u00fcl\u00e9k\",\"isPartOf\":{\"@id\":\"http:\/\/premiumkeszulek.hu\/hu\/#website\"},\"primaryImageOfPage\":{\"@id\":\"http:\/\/premiumkeszulek.hu\/hu\/termek\/miele-dgc-7450-beepitheto-kombi-gozparolo-3\/#primaryimage\"},\"image\":{\"@id\":\"http:\/\/premiumkeszulek.hu\/hu\/termek\/miele-dgc-7450-beepitheto-kombi-gozparolo-3\/#primaryimage\"},\"thumbnailUrl\":\"https:\/\/i0.wp.com\/premiumkeszulek.hu\/wp-content\/uploads\/2025\/04\/dgc7450_ob_1.jpg?fit=1000%2C1000&ssl=1\",\"datePublished\":\"2025-02-06T12:39:18+00:00\",\"dateModified\":\"2026-04-07T09:42:00+00:00\",\"description\":\"Ismerje meg a Miele DGC 7450 kombi g\u0151zp\u00e1rol\u00f3 el\u0151nyeit \u00e9s \u00e9lvezze a t\u00f6k\u00e9letes f\u0151z\u00e9si eredm\u00e9nyeket! K\u00f6nny\u0171 tiszt\u00edt\u00e1s egy \u00e9rint\u00e9ssel!\",\"breadcrumb\":{\"@id\":\"http:\/\/premiumkeszulek.hu\/hu\/termek\/miele-dgc-7450-beepitheto-kombi-gozparolo-3\/#breadcrumb\"},\"inLanguage\":\"en-GB\",\"potentialAction\":[{\"@type\":\"ReadAction\",\"target\":[\"http:\/\/premiumkeszulek.hu\/hu\/termek\/miele-dgc-7450-beepitheto-kombi-gozparolo-3\/\"]}]},{\"@type\":\"ImageObject\",\"inLanguage\":\"en-GB\",\"@id\":\"http:\/\/premiumkeszulek.hu\/hu\/termek\/miele-dgc-7450-beepitheto-kombi-gozparolo-3\/#primaryimage\",\"url\":\"https:\/\/i0.wp.com\/premiumkeszulek.hu\/wp-content\/uploads\/2025\/04\/dgc7450_ob_1.jpg?fit=1000%2C1000&ssl=1\",\"contentUrl\":\"https:\/\/i0.wp.com\/premiumkeszulek.hu\/wp-content\/uploads\/2025\/04\/dgc7450_ob_1.jpg?fit=1000%2C1000&ssl=1\",\"width\":1000,\"height\":1000},{\"@type\":\"BreadcrumbList\",\"@id\":\"http:\/\/premiumkeszulek.hu\/hu\/termek\/miele-dgc-7450-beepitheto-kombi-gozparolo-3\/#breadcrumb\",\"itemListElement\":[{\"@type\":\"ListItem\",\"position\":1,\"name\":\"Home\",\"item\":\"http:\/\/premiumkeszulek.hu\/hu\/\"},{\"@type\":\"ListItem\",\"position\":2,\"name\":\"Shop\",\"item\":\"http:\/\/premiumkeszulek.hu\/hu\/shop\/\"},{\"@type\":\"ListItem\",\"position\":3,\"name\":\"Miele DGC 7450 be\u00e9p\u00edthet\u0151 kombi g\u0151zp\u00e1rol\u00f3\"}]},{\"@type\":\"WebSite\",\"@id\":\"http:\/\/premiumkeszulek.hu\/hu\/#website\",\"url\":\"http:\/\/premiumkeszulek.hu\/hu\/\",\"name\":\"Pr\u00e9miumK\u00e9sz\u00fcl\u00e9k\",\"description\":\"\",\"publisher\":{\"@id\":\"http:\/\/premiumkeszulek.hu\/hu\/#organization\"},\"potentialAction\":[{\"@type\":\"SearchAction\",\"target\":{\"@type\":\"EntryPoint\",\"urlTemplate\":\"http:\/\/premiumkeszulek.hu\/hu\/?s={search_term_string}\"},\"query-input\":{\"@type\":\"PropertyValueSpecification\",\"valueRequired\":true,\"valueName\":\"search_term_string\"}}],\"inLanguage\":\"en-GB\"},{\"@type\":\"Organization\",\"@id\":\"http:\/\/premiumkeszulek.hu\/hu\/#organization\",\"name\":\"Pr\u00e9miumK\u00e9sz\u00fcl\u00e9k\",\"alternateName\":\"HPH Special Kft\",\"url\":\"http:\/\/premiumkeszulek.hu\/hu\/\",\"logo\":{\"@type\":\"ImageObject\",\"inLanguage\":\"en-GB\",\"@id\":\"http:\/\/premiumkeszulek.hu\/hu\/#\/schema\/logo\/image\/\",\"url\":\"http:\/\/premiumkeszulek.hu\/wp-content\/uploads\/2025\/03\/TURKIZLOGO-kicsi.png\",\"contentUrl\":\"http:\/\/premiumkeszulek.hu\/wp-content\/uploads\/2025\/03\/TURKIZLOGO-kicsi.png\",\"width\":1600,\"height\":547,\"caption\":\"Pr\u00e9miumK\u00e9sz\u00fcl\u00e9k\"},\"image\":{\"@id\":\"http:\/\/premiumkeszulek.hu\/hu\/#\/schema\/logo\/image\/\"},\"sameAs\":[\"https:\/\/www.facebook.com\/konyhaluxnet\",\"https:\/\/www.instagram.com\/konyhaluxnet\/#\"],\"email\":\"info@premiumkeszulek.hu\",\"telephone\":\"36 1 \/ 226-1992\",\"legalName\":\"HPH Special Kft\",\"vatID\":\"HU12549502\",\"taxID\":\"12549502\",\"hasMerchantReturnPolicy\":{\"@type\":\"MerchantReturnPolicy\",\"merchantReturnLink\":\"https:\/\/premiumkeszulek.hu\/en\/altalanos-szerzodesi-es-felhasznalasi-feltetelek\/\"}}]}<\/script>\n<meta property=\"product:brand\" content=\"Miele\" \/>\n<meta property=\"product:price:amount\" content=\"1079900\" \/>\n<meta property=\"product:price:currency\" content=\"HUF\" \/>\n<meta property=\"og:availability\" content=\"backorder\" \/>\n<meta property=\"product:availability\" content=\"available for order\" \/>\n<meta property=\"product:retailer_item_id\" content=\"4002516586098\" \/>\n<meta property=\"product:condition\" content=\"new\" \/>\n<!-- \/ Yoast SEO Premium plugin. -->","yoast_head_json":{"title":"Miele DGC 7450 be\u00e9p\u00edthet\u0151 kombi g\u0151zp\u00e1rol\u00f3 - Pr\u00e9miumK\u00e9sz\u00fcl\u00e9k","description":"Ismerje meg a Miele DGC 7450 kombi g\u0151zp\u00e1rol\u00f3 el\u0151nyeit \u00e9s \u00e9lvezze a t\u00f6k\u00e9letes f\u0151z\u00e9si eredm\u00e9nyeket! K\u00f6nny\u0171 tiszt\u00edt\u00e1s egy \u00e9rint\u00e9ssel!","robots":{"index":"index","follow":"follow","max-snippet":"max-snippet:-1","max-image-preview":"max-image-preview:large","max-video-preview":"max-video-preview:-1"},"canonical":"http:\/\/premiumkeszulek.hu\/en\/termek\/miele-dgc-7450-beepitheto-kombi-gozparolo-3\/","og_locale":"en_GB","og_type":"article","og_title":"Miele DGC 7450 be\u00e9p\u00edthet\u0151 kombi g\u0151zp\u00e1rol\u00f3","og_description":"Ismerje meg a Miele DGC 7450 kombi g\u0151zp\u00e1rol\u00f3 el\u0151nyeit \u00e9s \u00e9lvezze a t\u00f6k\u00e9letes f\u0151z\u00e9si eredm\u00e9nyeket! K\u00f6nny\u0171 tiszt\u00edt\u00e1s egy \u00e9rint\u00e9ssel!","og_url":"http:\/\/premiumkeszulek.hu\/en\/termek\/miele-dgc-7450-beepitheto-kombi-gozparolo-3\/","og_site_name":"Pr\u00e9miumK\u00e9sz\u00fcl\u00e9k","article_publisher":"https:\/\/www.facebook.com\/konyhaluxnet","article_modified_time":"2026-04-07T09:42:00+00:00","og_image":[{"width":1000,"height":1000,"url":"https:\/\/i0.wp.com\/premiumkeszulek.hu\/wp-content\/uploads\/2025\/04\/dgc7450_ob_1.jpg?fit=1000%2C1000","type":"image\/jpeg"}],"twitter_card":"summary_large_image","twitter_misc":{"Price":"1.079.900&#70;&#116;","Availability":"On back order"},"schema":{"@context":"https:\/\/schema.org","@graph":[{"@type":"WebPage","@id":"http:\/\/premiumkeszulek.hu\/hu\/termek\/miele-dgc-7450-beepitheto-kombi-gozparolo-3\/","url":"http:\/\/premiumkeszulek.hu\/hu\/termek\/miele-dgc-7450-beepitheto-kombi-gozparolo-3\/","name":"Miele DGC 7450 be\u00e9p\u00edthet\u0151 kombi g\u0151zp\u00e1rol\u00f3 - Pr\u00e9miumK\u00e9sz\u00fcl\u00e9k","isPartOf":{"@id":"http:\/\/premiumkeszulek.hu\/hu\/#website"},"primaryImageOfPage":{"@id":"http:\/\/premiumkeszulek.hu\/hu\/termek\/miele-dgc-7450-beepitheto-kombi-gozparolo-3\/#primaryimage"},"image":{"@id":"http:\/\/premiumkeszulek.hu\/hu\/termek\/miele-dgc-7450-beepitheto-kombi-gozparolo-3\/#primaryimage"},"thumbnailUrl":"https:\/\/i0.wp.com\/premiumkeszulek.hu\/wp-content\/uploads\/2025\/04\/dgc7450_ob_1.jpg?fit=1000%2C1000&ssl=1","datePublished":"2025-02-06T12:39:18+00:00","dateModified":"2026-04-07T09:42:00+00:00","description":"Ismerje meg a Miele DGC 7450 kombi g\u0151zp\u00e1rol\u00f3 el\u0151nyeit \u00e9s \u00e9lvezze a t\u00f6k\u00e9letes f\u0151z\u00e9si eredm\u00e9nyeket! K\u00f6nny\u0171 tiszt\u00edt\u00e1s egy \u00e9rint\u00e9ssel!","breadcrumb":{"@id":"http:\/\/premiumkeszulek.hu\/hu\/termek\/miele-dgc-7450-beepitheto-kombi-gozparolo-3\/#breadcrumb"},"inLanguage":"en-GB","potentialAction":[{"@type":"ReadAction","target":["http:\/\/premiumkeszulek.hu\/hu\/termek\/miele-dgc-7450-beepitheto-kombi-gozparolo-3\/"]}]},{"@type":"ImageObject","inLanguage":"en-GB","@id":"http:\/\/premiumkeszulek.hu\/hu\/termek\/miele-dgc-7450-beepitheto-kombi-gozparolo-3\/#primaryimage","url":"https:\/\/i0.wp.com\/premiumkeszulek.hu\/wp-content\/uploads\/2025\/04\/dgc7450_ob_1.jpg?fit=1000%2C1000&ssl=1","contentUrl":"https:\/\/i0.wp.com\/premiumkeszulek.hu\/wp-content\/uploads\/2025\/04\/dgc7450_ob_1.jpg?fit=1000%2C1000&ssl=1","width":1000,"height":1000},{"@type":"BreadcrumbList","@id":"http:\/\/premiumkeszulek.hu\/hu\/termek\/miele-dgc-7450-beepitheto-kombi-gozparolo-3\/#breadcrumb","itemListElement":[{"@type":"ListItem","position":1,"name":"Home","item":"http:\/\/premiumkeszulek.hu\/hu\/"},{"@type":"ListItem","position":2,"name":"Shop","item":"http:\/\/premiumkeszulek.hu\/hu\/shop\/"},{"@type":"ListItem","position":3,"name":"Miele DGC 7450 be\u00e9p\u00edthet\u0151 kombi g\u0151zp\u00e1rol\u00f3"}]},{"@type":"WebSite","@id":"http:\/\/premiumkeszulek.hu\/hu\/#website","url":"http:\/\/premiumkeszulek.hu\/hu\/","name":"Pr\u00e9miumK\u00e9sz\u00fcl\u00e9k","description":"","publisher":{"@id":"http:\/\/premiumkeszulek.hu\/hu\/#organization"},"potentialAction":[{"@type":"SearchAction","target":{"@type":"EntryPoint","urlTemplate":"http:\/\/premiumkeszulek.hu\/hu\/?s={search_term_string}"},"query-input":{"@type":"PropertyValueSpecification","valueRequired":true,"valueName":"search_term_string"}}],"inLanguage":"en-GB"},{"@type":"Organization","@id":"http:\/\/premiumkeszulek.hu\/hu\/#organization","name":"Pr\u00e9miumK\u00e9sz\u00fcl\u00e9k","alternateName":"HPH Special Kft","url":"http:\/\/premiumkeszulek.hu\/hu\/","logo":{"@type":"ImageObject","inLanguage":"en-GB","@id":"http:\/\/premiumkeszulek.hu\/hu\/#\/schema\/logo\/image\/","url":"http:\/\/premiumkeszulek.hu\/wp-content\/uploads\/2025\/03\/TURKIZLOGO-kicsi.png","contentUrl":"http:\/\/premiumkeszulek.hu\/wp-content\/uploads\/2025\/03\/TURKIZLOGO-kicsi.png","width":1600,"height":547,"caption":"Pr\u00e9miumK\u00e9sz\u00fcl\u00e9k"},"image":{"@id":"http:\/\/premiumkeszulek.hu\/hu\/#\/schema\/logo\/image\/"},"sameAs":["https:\/\/www.facebook.com\/konyhaluxnet","https:\/\/www.instagram.com\/konyhaluxnet\/#"],"email":"info@premiumkeszulek.hu","telephone":"36 1 \/ 226-1992","legalName":"HPH Special Kft","vatID":"HU12549502","taxID":"12549502","hasMerchantReturnPolicy":{"@type":"MerchantReturnPolicy","merchantReturnLink":"https:\/\/premiumkeszulek.hu\/en\/altalanos-szerzodesi-es-felhasznalasi-feltetelek\/"}}]},"product_brand":"Miele","product_price_amount":"1079900","product_price_currency":"HUF","og_availability":"backorder","product_availability":"available for order","product_retailer_item_id":"4002516586098","product_condition":"new"},"jetpack_publicize_connections":[],"jetpack_likes_enabled":true,"jetpack_sharing_enabled":true,"jetpack-related-posts":[],"_links":{"self":[{"href":"https:\/\/premiumkeszulek.hu\/en\/wp-json\/wp\/v2\/product\/1212","targetHints":{"allow":["GET"]}}],"collection":[{"href":"https:\/\/premiumkeszulek.hu\/en\/wp-json\/wp\/v2\/product"}],"about":[{"href":"https:\/\/premiumkeszulek.hu\/en\/wp-json\/wp\/v2\/types\/product"}],"replies":[{"embeddable":true,"href":"https:\/\/premiumkeszulek.hu\/en\/wp-json\/wp\/v2\/comments?post=1212"}],"wp:featuredmedia":[{"embeddable":true,"href":"https:\/\/premiumkeszulek.hu\/en\/wp-json\/wp\/v2\/media\/10010"}],"wp:attachment":[{"href":"https:\/\/premiumkeszulek.hu\/en\/wp-json\/wp\/v2\/media?parent=1212"}],"wp:term":[{"taxonomy":"product_brand","embeddable":true,"href":"https:\/\/premiumkeszulek.hu\/en\/wp-json\/wp\/v2\/product_brand?post=1212"},{"taxonomy":"product_cat","embeddable":true,"href":"https:\/\/premiumkeszulek.hu\/en\/wp-json\/wp\/v2\/product_cat?post=1212"},{"taxonomy":"product_tag","embeddable":true,"href":"https:\/\/premiumkeszulek.hu\/en\/wp-json\/wp\/v2\/product_tag?post=1212"},{"taxonomy":"woo-feed-brand","embeddable":true,"href":"https:\/\/premiumkeszulek.hu\/en\/wp-json\/wp\/v2\/woo-feed-brand?post=1212"}],"curies":[{"name":"wp","href":"https:\/\/api.w.org\/{rel}","templated":true}]}}