{"id":12096,"date":"2025-04-16T19:55:17","date_gmt":"2025-04-16T17:55:17","guid":{"rendered":"https:\/\/premiumkeszulek.hu\/termek\/kitchenaid-eteldaralo-es-gyumolcspasszirozo-keszlet-5ksmfvsfga\/"},"modified":"2026-04-01T19:50:10","modified_gmt":"2026-04-01T17:50:10","slug":"kitchenaid-eteldaralo-es-gyumolcspasszirozo-keszlet-5ksmfvsfga","status":"publish","type":"product","link":"https:\/\/premiumkeszulek.hu\/en\/product\/kitchenaid-eteldaralo-es-gyumolcspasszirozo-keszlet-5ksmfvsfga\/","title":{"rendered":"Kitchenaid \u00c9teldar\u00e1l\u00f3 \u00e9s Gy\u00fcm\u00f6lcspassz\u00edroz\u00f3 k\u00e9szlet 5KSMFVSFGA"},"content":{"rendered":"<p>KitchenAid robotg\u00e9phez<\/p>\n<p>5KSMFGA-hoz<\/p>\n","protected":false},"excerpt":{"rendered":"<p><img decoding=\"async\" alt=\"\" src=\"https:\/\/konyhaluxnet.hu\/custom\/konyhalux\/image\/cache\/w100h24q80np1\/Log%C3%B3k\/KitchenAidlogored.jpg\" style=\"width: 100px; height: 24px;\" \/> <\/p>\n","protected":false},"featured_media":12095,"comment_status":"closed","ping_status":"closed","template":"","meta":{"_crdt_document":"","content-type":"","jetpack_post_was_ever_published":false,"jetpack_publicize_message":"","jetpack_publicize_feature_enabled":true,"jetpack_social_post_already_shared":true,"jetpack_social_options":{"image_generator_settings":{"template":"highway","default_image_id":0,"font":"","enabled":false},"version":2},"_wpas_customize_per_network":false},"product_brand":[1641],"product_cat":[5042,5044,5032],"product_tag":[],"woo-feed-brand":[],"class_list":{"0":"post-12096","1":"product","2":"type-product","3":"status-publish","4":"has-post-thumbnail","6":"product_brand-kitchenaid","7":"product_cat-kiegeszitok","8":"product_cat-tartozekok","9":"product_cat-tobb-kategoria","10":"product_shipping_class-100000alatt","12":"first","13":"onbackorder","14":"taxable","15":"shipping-taxable","16":"purchasable","17":"product-type-simple"},"yoast_head":"<!-- This site is optimized with the Yoast SEO Premium plugin v26.9 (Yoast SEO v26.9) - https:\/\/yoast.com\/product\/yoast-seo-premium-wordpress\/ -->\n<title>Kitchenaid \u00c9teldar\u00e1l\u00f3 \u00e9s Gy\u00fcm\u00f6lcspassz\u00edroz\u00f3 k\u00e9szlet 5KSMFVSFGA - Pr\u00e9miumK\u00e9sz\u00fcl\u00e9k<\/title>\n<meta name=\"description\" content=\"B\u0151v\u00edtsd a KitchenAid robotg\u00e9pedet a Kitchenaid \u00c9teldar\u00e1l\u00f3 \u00e9s Gy\u00fcm\u00f6lcspassz\u00edroz\u00f3 k\u00e9szlettel! K\u00e9nyelem \u00e9s funkcionalit\u00e1s egyben!\" \/>\n<meta name=\"robots\" content=\"index, follow, max-snippet:-1, max-image-preview:large, max-video-preview:-1\" \/>\n<link rel=\"canonical\" href=\"https:\/\/premiumkeszulek.hu\/en\/product\/kitchenaid-eteldaralo-es-gyumolcspasszirozo-keszlet-5ksmfvsfga\/\" \/>\n<meta property=\"og:locale\" content=\"en_GB\" \/>\n<meta property=\"og:type\" content=\"article\" \/>\n<meta property=\"og:title\" content=\"Kitchenaid \u00c9teldar\u00e1l\u00f3 \u00e9s Gy\u00fcm\u00f6lcspassz\u00edroz\u00f3 k\u00e9szlet 5KSMFVSFGA\" \/>\n<meta property=\"og:description\" content=\"B\u0151v\u00edtsd a KitchenAid robotg\u00e9pedet a Kitchenaid \u00c9teldar\u00e1l\u00f3 \u00e9s Gy\u00fcm\u00f6lcspassz\u00edroz\u00f3 k\u00e9szlettel! K\u00e9nyelem \u00e9s funkcionalit\u00e1s egyben!\" \/>\n<meta property=\"og:url\" content=\"https:\/\/premiumkeszulek.hu\/en\/product\/kitchenaid-eteldaralo-es-gyumolcspasszirozo-keszlet-5ksmfvsfga\/\" \/>\n<meta property=\"og:site_name\" content=\"Pr\u00e9miumK\u00e9sz\u00fcl\u00e9k\" \/>\n<meta property=\"article:publisher\" content=\"https:\/\/www.facebook.com\/konyhaluxnet\" \/>\n<meta property=\"article:modified_time\" content=\"2026-04-01T17:50:10+00:00\" \/>\n<meta property=\"og:image\" content=\"https:\/\/i0.wp.com\/premiumkeszulek.hu\/wp-content\/uploads\/2025\/04\/konyhaluxnet-kitchenaid-5ksmfvsfga-1.jpg?fit=800%2C800&ssl=1\" \/>\n\t<meta property=\"og:image:width\" content=\"800\" \/>\n\t<meta property=\"og:image:height\" content=\"800\" \/>\n\t<meta property=\"og:image:type\" content=\"image\/jpeg\" \/>\n<meta name=\"twitter:card\" content=\"summary_large_image\" \/>\n<meta name=\"twitter:label1\" content=\"Price\" \/>\n\t<meta name=\"twitter:data1\" content=\"84.991&#070;&#116;\" \/>\n\t<meta name=\"twitter:label2\" content=\"Availability\" \/>\n\t<meta name=\"twitter:data2\" content=\"On back order\" \/>\n<script type=\"application\/ld+json\" class=\"yoast-schema-graph\">{\"@context\":\"https:\/\/schema.org\",\"@graph\":[{\"@type\":\"WebPage\",\"@id\":\"https:\/\/premiumkeszulek.hu\/en\/product\/kitchenaid-eteldaralo-es-gyumolcspasszirozo-keszlet-5ksmfvsfga\/\",\"url\":\"https:\/\/premiumkeszulek.hu\/en\/product\/kitchenaid-eteldaralo-es-gyumolcspasszirozo-keszlet-5ksmfvsfga\/\",\"name\":\"Kitchenaid \u00c9teldar\u00e1l\u00f3 \u00e9s Gy\u00fcm\u00f6lcspassz\u00edroz\u00f3 k\u00e9szlet 5KSMFVSFGA - Pr\u00e9miumK\u00e9sz\u00fcl\u00e9k\",\"isPartOf\":{\"@id\":\"http:\/\/premiumkeszulek.hu\/hu\/#website\"},\"primaryImageOfPage\":{\"@id\":\"https:\/\/premiumkeszulek.hu\/en\/product\/kitchenaid-eteldaralo-es-gyumolcspasszirozo-keszlet-5ksmfvsfga\/#primaryimage\"},\"image\":{\"@id\":\"https:\/\/premiumkeszulek.hu\/en\/product\/kitchenaid-eteldaralo-es-gyumolcspasszirozo-keszlet-5ksmfvsfga\/#primaryimage\"},\"thumbnailUrl\":\"https:\/\/i0.wp.com\/premiumkeszulek.hu\/wp-content\/uploads\/2025\/04\/konyhaluxnet-kitchenaid-5ksmfvsfga-1.jpg?fit=800%2C800&ssl=1\",\"datePublished\":\"2025-04-16T17:55:17+00:00\",\"dateModified\":\"2026-04-01T17:50:10+00:00\",\"description\":\"B\u0151v\u00edtsd a KitchenAid robotg\u00e9pedet a Kitchenaid \u00c9teldar\u00e1l\u00f3 \u00e9s Gy\u00fcm\u00f6lcspassz\u00edroz\u00f3 k\u00e9szlettel! K\u00e9nyelem \u00e9s funkcionalit\u00e1s egyben!\",\"breadcrumb\":{\"@id\":\"https:\/\/premiumkeszulek.hu\/en\/product\/kitchenaid-eteldaralo-es-gyumolcspasszirozo-keszlet-5ksmfvsfga\/#breadcrumb\"},\"inLanguage\":\"en-GB\",\"potentialAction\":[{\"@type\":\"ReadAction\",\"target\":[\"https:\/\/premiumkeszulek.hu\/en\/product\/kitchenaid-eteldaralo-es-gyumolcspasszirozo-keszlet-5ksmfvsfga\/\"]}]},{\"@type\":\"ImageObject\",\"inLanguage\":\"en-GB\",\"@id\":\"https:\/\/premiumkeszulek.hu\/en\/product\/kitchenaid-eteldaralo-es-gyumolcspasszirozo-keszlet-5ksmfvsfga\/#primaryimage\",\"url\":\"https:\/\/i0.wp.com\/premiumkeszulek.hu\/wp-content\/uploads\/2025\/04\/konyhaluxnet-kitchenaid-5ksmfvsfga-1.jpg?fit=800%2C800&ssl=1\",\"contentUrl\":\"https:\/\/i0.wp.com\/premiumkeszulek.hu\/wp-content\/uploads\/2025\/04\/konyhaluxnet-kitchenaid-5ksmfvsfga-1.jpg?fit=800%2C800&ssl=1\",\"width\":800,\"height\":800},{\"@type\":\"BreadcrumbList\",\"@id\":\"https:\/\/premiumkeszulek.hu\/en\/product\/kitchenaid-eteldaralo-es-gyumolcspasszirozo-keszlet-5ksmfvsfga\/#breadcrumb\",\"itemListElement\":[{\"@type\":\"ListItem\",\"position\":1,\"name\":\"Home\",\"item\":\"https:\/\/premiumkeszulek.hu\/hu\/\"},{\"@type\":\"ListItem\",\"position\":2,\"name\":\"Shop\",\"item\":\"https:\/\/premiumkeszulek.hu\/hu\/shop\/\"},{\"@type\":\"ListItem\",\"position\":3,\"name\":\"Kitchenaid \u00c9teldar\u00e1l\u00f3 \u00e9s Gy\u00fcm\u00f6lcspassz\u00edroz\u00f3 k\u00e9szlet 5KSMFVSFGA\"}]},{\"@type\":\"WebSite\",\"@id\":\"http:\/\/premiumkeszulek.hu\/hu\/#website\",\"url\":\"http:\/\/premiumkeszulek.hu\/hu\/\",\"name\":\"Pr\u00e9miumK\u00e9sz\u00fcl\u00e9k\",\"description\":\"\",\"publisher\":{\"@id\":\"http:\/\/premiumkeszulek.hu\/hu\/#organization\"},\"potentialAction\":[{\"@type\":\"SearchAction\",\"target\":{\"@type\":\"EntryPoint\",\"urlTemplate\":\"http:\/\/premiumkeszulek.hu\/hu\/?s={search_term_string}\"},\"query-input\":{\"@type\":\"PropertyValueSpecification\",\"valueRequired\":true,\"valueName\":\"search_term_string\"}}],\"inLanguage\":\"en-GB\"},{\"@type\":\"Organization\",\"@id\":\"http:\/\/premiumkeszulek.hu\/hu\/#organization\",\"name\":\"Pr\u00e9miumK\u00e9sz\u00fcl\u00e9k\",\"alternateName\":\"HPH Special Kft\",\"url\":\"http:\/\/premiumkeszulek.hu\/hu\/\",\"logo\":{\"@type\":\"ImageObject\",\"inLanguage\":\"en-GB\",\"@id\":\"http:\/\/premiumkeszulek.hu\/hu\/#\/schema\/logo\/image\/\",\"url\":\"http:\/\/premiumkeszulek.hu\/wp-content\/uploads\/2025\/03\/TURKIZLOGO-kicsi.png\",\"contentUrl\":\"http:\/\/premiumkeszulek.hu\/wp-content\/uploads\/2025\/03\/TURKIZLOGO-kicsi.png\",\"width\":1600,\"height\":547,\"caption\":\"Pr\u00e9miumK\u00e9sz\u00fcl\u00e9k\"},\"image\":{\"@id\":\"http:\/\/premiumkeszulek.hu\/hu\/#\/schema\/logo\/image\/\"},\"sameAs\":[\"https:\/\/www.facebook.com\/konyhaluxnet\",\"https:\/\/www.instagram.com\/konyhaluxnet\/#\"],\"email\":\"info@premiumkeszulek.hu\",\"telephone\":\"36 1 \/ 226-1992\",\"legalName\":\"HPH Special Kft\",\"vatID\":\"HU12549502\",\"taxID\":\"12549502\",\"hasMerchantReturnPolicy\":{\"@type\":\"MerchantReturnPolicy\",\"merchantReturnLink\":\"https:\/\/premiumkeszulek.hu\/en\/altalanos-szerzodesi-es-felhasznalasi-feltetelek\/\"}}]}<\/script>\n<meta property=\"product:brand\" content=\"KitchenAid\" \/>\n<meta property=\"product:price:amount\" content=\"84991\" \/>\n<meta property=\"product:price:currency\" content=\"HUF\" \/>\n<meta property=\"og:availability\" content=\"backorder\" \/>\n<meta property=\"product:availability\" content=\"available for order\" \/>\n<meta property=\"product:retailer_item_id\" content=\"5413184602970\" \/>\n<meta property=\"product:condition\" content=\"new\" \/>\n<!-- \/ Yoast SEO Premium plugin. -->","yoast_head_json":{"title":"Kitchenaid \u00c9teldar\u00e1l\u00f3 \u00e9s Gy\u00fcm\u00f6lcspassz\u00edroz\u00f3 k\u00e9szlet 5KSMFVSFGA - Pr\u00e9miumK\u00e9sz\u00fcl\u00e9k","description":"B\u0151v\u00edtsd a KitchenAid robotg\u00e9pedet a Kitchenaid \u00c9teldar\u00e1l\u00f3 \u00e9s Gy\u00fcm\u00f6lcspassz\u00edroz\u00f3 k\u00e9szlettel! K\u00e9nyelem \u00e9s funkcionalit\u00e1s egyben!","robots":{"index":"index","follow":"follow","max-snippet":"max-snippet:-1","max-image-preview":"max-image-preview:large","max-video-preview":"max-video-preview:-1"},"canonical":"https:\/\/premiumkeszulek.hu\/en\/product\/kitchenaid-eteldaralo-es-gyumolcspasszirozo-keszlet-5ksmfvsfga\/","og_locale":"en_GB","og_type":"article","og_title":"Kitchenaid \u00c9teldar\u00e1l\u00f3 \u00e9s Gy\u00fcm\u00f6lcspassz\u00edroz\u00f3 k\u00e9szlet 5KSMFVSFGA","og_description":"B\u0151v\u00edtsd a KitchenAid robotg\u00e9pedet a Kitchenaid \u00c9teldar\u00e1l\u00f3 \u00e9s Gy\u00fcm\u00f6lcspassz\u00edroz\u00f3 k\u00e9szlettel! K\u00e9nyelem \u00e9s funkcionalit\u00e1s egyben!","og_url":"https:\/\/premiumkeszulek.hu\/en\/product\/kitchenaid-eteldaralo-es-gyumolcspasszirozo-keszlet-5ksmfvsfga\/","og_site_name":"Pr\u00e9miumK\u00e9sz\u00fcl\u00e9k","article_publisher":"https:\/\/www.facebook.com\/konyhaluxnet","article_modified_time":"2026-04-01T17:50:10+00:00","og_image":[{"width":800,"height":800,"url":"https:\/\/i0.wp.com\/premiumkeszulek.hu\/wp-content\/uploads\/2025\/04\/konyhaluxnet-kitchenaid-5ksmfvsfga-1.jpg?fit=800%2C800&ssl=1","type":"image\/jpeg"}],"twitter_card":"summary_large_image","twitter_misc":{"Price":"84.991&#70;&#116;","Availability":"On back order"},"schema":{"@context":"https:\/\/schema.org","@graph":[{"@type":"WebPage","@id":"https:\/\/premiumkeszulek.hu\/en\/product\/kitchenaid-eteldaralo-es-gyumolcspasszirozo-keszlet-5ksmfvsfga\/","url":"https:\/\/premiumkeszulek.hu\/en\/product\/kitchenaid-eteldaralo-es-gyumolcspasszirozo-keszlet-5ksmfvsfga\/","name":"Kitchenaid \u00c9teldar\u00e1l\u00f3 \u00e9s Gy\u00fcm\u00f6lcspassz\u00edroz\u00f3 k\u00e9szlet 5KSMFVSFGA - Pr\u00e9miumK\u00e9sz\u00fcl\u00e9k","isPartOf":{"@id":"http:\/\/premiumkeszulek.hu\/hu\/#website"},"primaryImageOfPage":{"@id":"https:\/\/premiumkeszulek.hu\/en\/product\/kitchenaid-eteldaralo-es-gyumolcspasszirozo-keszlet-5ksmfvsfga\/#primaryimage"},"image":{"@id":"https:\/\/premiumkeszulek.hu\/en\/product\/kitchenaid-eteldaralo-es-gyumolcspasszirozo-keszlet-5ksmfvsfga\/#primaryimage"},"thumbnailUrl":"https:\/\/i0.wp.com\/premiumkeszulek.hu\/wp-content\/uploads\/2025\/04\/konyhaluxnet-kitchenaid-5ksmfvsfga-1.jpg?fit=800%2C800&ssl=1","datePublished":"2025-04-16T17:55:17+00:00","dateModified":"2026-04-01T17:50:10+00:00","description":"B\u0151v\u00edtsd a KitchenAid robotg\u00e9pedet a Kitchenaid \u00c9teldar\u00e1l\u00f3 \u00e9s Gy\u00fcm\u00f6lcspassz\u00edroz\u00f3 k\u00e9szlettel! K\u00e9nyelem \u00e9s funkcionalit\u00e1s egyben!","breadcrumb":{"@id":"https:\/\/premiumkeszulek.hu\/en\/product\/kitchenaid-eteldaralo-es-gyumolcspasszirozo-keszlet-5ksmfvsfga\/#breadcrumb"},"inLanguage":"en-GB","potentialAction":[{"@type":"ReadAction","target":["https:\/\/premiumkeszulek.hu\/en\/product\/kitchenaid-eteldaralo-es-gyumolcspasszirozo-keszlet-5ksmfvsfga\/"]}]},{"@type":"ImageObject","inLanguage":"en-GB","@id":"https:\/\/premiumkeszulek.hu\/en\/product\/kitchenaid-eteldaralo-es-gyumolcspasszirozo-keszlet-5ksmfvsfga\/#primaryimage","url":"https:\/\/i0.wp.com\/premiumkeszulek.hu\/wp-content\/uploads\/2025\/04\/konyhaluxnet-kitchenaid-5ksmfvsfga-1.jpg?fit=800%2C800&ssl=1","contentUrl":"https:\/\/i0.wp.com\/premiumkeszulek.hu\/wp-content\/uploads\/2025\/04\/konyhaluxnet-kitchenaid-5ksmfvsfga-1.jpg?fit=800%2C800&ssl=1","width":800,"height":800},{"@type":"BreadcrumbList","@id":"https:\/\/premiumkeszulek.hu\/en\/product\/kitchenaid-eteldaralo-es-gyumolcspasszirozo-keszlet-5ksmfvsfga\/#breadcrumb","itemListElement":[{"@type":"ListItem","position":1,"name":"Home","item":"https:\/\/premiumkeszulek.hu\/hu\/"},{"@type":"ListItem","position":2,"name":"Shop","item":"https:\/\/premiumkeszulek.hu\/hu\/shop\/"},{"@type":"ListItem","position":3,"name":"Kitchenaid \u00c9teldar\u00e1l\u00f3 \u00e9s Gy\u00fcm\u00f6lcspassz\u00edroz\u00f3 k\u00e9szlet 5KSMFVSFGA"}]},{"@type":"WebSite","@id":"http:\/\/premiumkeszulek.hu\/hu\/#website","url":"http:\/\/premiumkeszulek.hu\/hu\/","name":"Pr\u00e9miumK\u00e9sz\u00fcl\u00e9k","description":"","publisher":{"@id":"http:\/\/premiumkeszulek.hu\/hu\/#organization"},"potentialAction":[{"@type":"SearchAction","target":{"@type":"EntryPoint","urlTemplate":"http:\/\/premiumkeszulek.hu\/hu\/?s={search_term_string}"},"query-input":{"@type":"PropertyValueSpecification","valueRequired":true,"valueName":"search_term_string"}}],"inLanguage":"en-GB"},{"@type":"Organization","@id":"http:\/\/premiumkeszulek.hu\/hu\/#organization","name":"Pr\u00e9miumK\u00e9sz\u00fcl\u00e9k","alternateName":"HPH Special Kft","url":"http:\/\/premiumkeszulek.hu\/hu\/","logo":{"@type":"ImageObject","inLanguage":"en-GB","@id":"http:\/\/premiumkeszulek.hu\/hu\/#\/schema\/logo\/image\/","url":"http:\/\/premiumkeszulek.hu\/wp-content\/uploads\/2025\/03\/TURKIZLOGO-kicsi.png","contentUrl":"http:\/\/premiumkeszulek.hu\/wp-content\/uploads\/2025\/03\/TURKIZLOGO-kicsi.png","width":1600,"height":547,"caption":"Pr\u00e9miumK\u00e9sz\u00fcl\u00e9k"},"image":{"@id":"http:\/\/premiumkeszulek.hu\/hu\/#\/schema\/logo\/image\/"},"sameAs":["https:\/\/www.facebook.com\/konyhaluxnet","https:\/\/www.instagram.com\/konyhaluxnet\/#"],"email":"info@premiumkeszulek.hu","telephone":"36 1 \/ 226-1992","legalName":"HPH Special Kft","vatID":"HU12549502","taxID":"12549502","hasMerchantReturnPolicy":{"@type":"MerchantReturnPolicy","merchantReturnLink":"https:\/\/premiumkeszulek.hu\/en\/altalanos-szerzodesi-es-felhasznalasi-feltetelek\/"}}]},"product_brand":"KitchenAid","product_price_amount":"84991","product_price_currency":"HUF","og_availability":"backorder","product_availability":"available for order","product_retailer_item_id":"5413184602970","product_condition":"new"},"jetpack_publicize_connections":[],"jetpack_likes_enabled":true,"jetpack_sharing_enabled":true,"jetpack-related-posts":[],"_links":{"self":[{"href":"https:\/\/premiumkeszulek.hu\/en\/wp-json\/wp\/v2\/product\/12096","targetHints":{"allow":["GET"]}}],"collection":[{"href":"https:\/\/premiumkeszulek.hu\/en\/wp-json\/wp\/v2\/product"}],"about":[{"href":"https:\/\/premiumkeszulek.hu\/en\/wp-json\/wp\/v2\/types\/product"}],"replies":[{"embeddable":true,"href":"https:\/\/premiumkeszulek.hu\/en\/wp-json\/wp\/v2\/comments?post=12096"}],"wp:featuredmedia":[{"embeddable":true,"href":"https:\/\/premiumkeszulek.hu\/en\/wp-json\/wp\/v2\/media\/12095"}],"wp:attachment":[{"href":"https:\/\/premiumkeszulek.hu\/en\/wp-json\/wp\/v2\/media?parent=12096"}],"wp:term":[{"taxonomy":"product_brand","embeddable":true,"href":"https:\/\/premiumkeszulek.hu\/en\/wp-json\/wp\/v2\/product_brand?post=12096"},{"taxonomy":"product_cat","embeddable":true,"href":"https:\/\/premiumkeszulek.hu\/en\/wp-json\/wp\/v2\/product_cat?post=12096"},{"taxonomy":"product_tag","embeddable":true,"href":"https:\/\/premiumkeszulek.hu\/en\/wp-json\/wp\/v2\/product_tag?post=12096"},{"taxonomy":"woo-feed-brand","embeddable":true,"href":"https:\/\/premiumkeszulek.hu\/en\/wp-json\/wp\/v2\/woo-feed-brand?post=12096"}],"curies":[{"name":"wp","href":"https:\/\/api.w.org\/{rel}","templated":true}]}}