{"id":10581,"date":"2025-04-08T11:19:55","date_gmt":"2025-04-08T09:19:55","guid":{"rendered":"https:\/\/premiumkeszulek.hu\/termek\/miele-wwd380-wcs-pwashsteam9kg-eloltoltos-mosogep\/"},"modified":"2026-04-01T19:51:52","modified_gmt":"2026-04-01T17:51:52","slug":"miele-wwd380-wcs-pwashsteam9kg-eloltoltos-mosogep","status":"publish","type":"product","link":"https:\/\/premiumkeszulek.hu\/en\/product\/miele-wwd380-wcs-pwashsteam9kg-eloltoltos-mosogep\/","title":{"rendered":"Miele WWD380 WCS PWash&#038;Steam&#038;9kg   el\u00f6lt\u00f6lt\u0151s mos\u00f3g\u00e9p"},"content":{"rendered":"<div class=\"loadbeeTabContent\" data-loadbee-apikey=\"bVxDWaSdseFz5PWWtvKmAkGr88n6WXYY\" data-loadbee-gtin=\"4002516869269\" data-loadbee-locale=\"hu_HU\">\u00a0\n<\/div>\n<p><script async src=\"https:\/\/cdn.loadbee.com\/js\/loadbee_integration.js\"><\/script><\/p>\n","protected":false},"excerpt":{"rendered":"<p>20 \u00e9vest\u00f6k\u00e9letes textil\u00e1pol\u00e1sra tesztelve<br \/>\nM\u00e9g nagyobb energiamegtakar\u00edt\u00e1s ezzel: A -20%<br \/>\nQuickPowerWash\u2013 hat\u00e9kony \u00e9s gyors eredm\u00e9nyek m\u00e1r 49 perc alatt.7<br \/>\nMos\u00f3g\u00e9p\u00e9nek teljes k\u00f6r\u0171 App-vez\u00e9rl\u00e9se a Miele@home-mal<br \/>\nExkluz\u00edvCapDosing-k\u00edn\u00e1lat k\u00fcl\u00f6nb\u00f6z\u0151 text\u00edli\u00e1khoz \u00e9s foltokhoz<\/p>\n","protected":false},"featured_media":10569,"comment_status":"closed","ping_status":"closed","template":"","meta":{"_crdt_document":"","content-type":"","jetpack_post_was_ever_published":false,"jetpack_publicize_message":"","jetpack_publicize_feature_enabled":true,"jetpack_social_post_already_shared":true,"jetpack_social_options":{"image_generator_settings":{"template":"highway","default_image_id":0,"font":"","enabled":false},"version":2},"_wpas_customize_per_network":false},"product_brand":[1372],"product_cat":[1377,1378],"product_tag":[],"woo-feed-brand":[],"class_list":{"0":"post-10581","1":"product","2":"type-product","3":"status-publish","4":"has-post-thumbnail","6":"product_brand-miele","7":"product_cat-mososzaritogepek","8":"product_cat-mosogep","9":"product_shipping_class-100000felett","11":"first","12":"onbackorder","13":"taxable","14":"shipping-taxable","15":"purchasable","16":"product-type-simple"},"yoast_head":"<!-- This site is optimized with the Yoast SEO Premium plugin v26.9 (Yoast SEO v26.9) - https:\/\/yoast.com\/product\/yoast-seo-premium-wordpress\/ -->\n<title>Miele WWD380 WCS PWash&amp;Steam&amp;9kg  el\u00f6lt\u00f6lt\u0151s mos\u00f3g\u00e9p - Pr\u00e9miumK\u00e9sz\u00fcl\u00e9k<\/title>\n<meta name=\"description\" content=\"\u00c9lvezze a gyors \u00e9s hat\u00e9kony mos\u00e1st a Miele WWD380 WCS el\u00f6lt\u00f6lt\u0151s mos\u00f3g\u00e9ppel, amely m\u00e1r 49 perc alatt eredm\u00e9nyeket k\u00edn\u00e1l. Ne habozzon, v\u00e1s\u00e1roljon most! \ud83c\udf1f\" \/>\n<meta name=\"robots\" content=\"index, follow, max-snippet:-1, max-image-preview:large, max-video-preview:-1\" \/>\n<link rel=\"canonical\" href=\"https:\/\/premiumkeszulek.hu\/en\/termek\/miele-wwd380-wcs-pwashsteam9kg-eloltoltos-mosogep\/\" \/>\n<meta property=\"og:locale\" content=\"en_GB\" \/>\n<meta property=\"og:type\" content=\"article\" \/>\n<meta property=\"og:title\" content=\"Miele WWD380 WCS PWash&amp;Steam&amp;9kg  el\u00f6lt\u00f6lt\u0151s mos\u00f3g\u00e9p\" \/>\n<meta property=\"og:description\" content=\"\u00c9lvezze a gyors \u00e9s hat\u00e9kony mos\u00e1st a Miele WWD380 WCS el\u00f6lt\u00f6lt\u0151s mos\u00f3g\u00e9ppel, amely m\u00e1r 49 perc alatt eredm\u00e9nyeket k\u00edn\u00e1l. Ne habozzon, v\u00e1s\u00e1roljon most! \ud83c\udf1f\" \/>\n<meta property=\"og:url\" content=\"https:\/\/premiumkeszulek.hu\/en\/termek\/miele-wwd380-wcs-pwashsteam9kg-eloltoltos-mosogep\/\" \/>\n<meta property=\"og:site_name\" content=\"Pr\u00e9miumK\u00e9sz\u00fcl\u00e9k\" \/>\n<meta property=\"article:publisher\" content=\"https:\/\/www.facebook.com\/konyhaluxnet\" \/>\n<meta property=\"article:modified_time\" content=\"2026-04-01T17:51:52+00:00\" \/>\n<meta property=\"og:image\" content=\"https:\/\/i0.wp.com\/premiumkeszulek.hu\/wp-content\/uploads\/2025\/04\/WWB3602.jpg?fit=800%2C800&ssl=1\" \/>\n\t<meta property=\"og:image:width\" content=\"800\" \/>\n\t<meta property=\"og:image:height\" content=\"800\" \/>\n\t<meta property=\"og:image:type\" content=\"image\/jpeg\" \/>\n<meta name=\"twitter:card\" content=\"summary_large_image\" \/>\n<meta name=\"twitter:label1\" content=\"Price\" \/>\n\t<meta name=\"twitter:data1\" content=\"449.900&#070;&#116;\" \/>\n\t<meta name=\"twitter:label2\" content=\"Availability\" \/>\n\t<meta name=\"twitter:data2\" content=\"On back order\" \/>\n<script type=\"application\/ld+json\" class=\"yoast-schema-graph\">{\"@context\":\"https:\/\/schema.org\",\"@graph\":[{\"@type\":\"WebPage\",\"@id\":\"https:\/\/premiumkeszulek.hu\/hu\/termek\/miele-wwd380-wcs-pwashsteam9kg-eloltoltos-mosogep\/\",\"url\":\"https:\/\/premiumkeszulek.hu\/hu\/termek\/miele-wwd380-wcs-pwashsteam9kg-eloltoltos-mosogep\/\",\"name\":\"Miele WWD380 WCS PWash&Steam&9kg el\u00f6lt\u00f6lt\u0151s mos\u00f3g\u00e9p - Pr\u00e9miumK\u00e9sz\u00fcl\u00e9k\",\"isPartOf\":{\"@id\":\"https:\/\/premiumkeszulek.hu\/en\/#website\"},\"primaryImageOfPage\":{\"@id\":\"https:\/\/premiumkeszulek.hu\/hu\/termek\/miele-wwd380-wcs-pwashsteam9kg-eloltoltos-mosogep\/#primaryimage\"},\"image\":{\"@id\":\"https:\/\/premiumkeszulek.hu\/hu\/termek\/miele-wwd380-wcs-pwashsteam9kg-eloltoltos-mosogep\/#primaryimage\"},\"thumbnailUrl\":\"https:\/\/i0.wp.com\/premiumkeszulek.hu\/wp-content\/uploads\/2025\/04\/WWB3602.jpg?fit=800%2C800&ssl=1\",\"datePublished\":\"2025-04-08T09:19:55+00:00\",\"dateModified\":\"2026-04-01T17:51:52+00:00\",\"description\":\"\u00c9lvezze a gyors \u00e9s hat\u00e9kony mos\u00e1st a Miele WWD380 WCS el\u00f6lt\u00f6lt\u0151s mos\u00f3g\u00e9ppel, amely m\u00e1r 49 perc alatt eredm\u00e9nyeket k\u00edn\u00e1l. Ne habozzon, v\u00e1s\u00e1roljon most! \ud83c\udf1f\",\"breadcrumb\":{\"@id\":\"https:\/\/premiumkeszulek.hu\/hu\/termek\/miele-wwd380-wcs-pwashsteam9kg-eloltoltos-mosogep\/#breadcrumb\"},\"inLanguage\":\"en-GB\",\"potentialAction\":[{\"@type\":\"ReadAction\",\"target\":[\"https:\/\/premiumkeszulek.hu\/hu\/termek\/miele-wwd380-wcs-pwashsteam9kg-eloltoltos-mosogep\/\"]}]},{\"@type\":\"ImageObject\",\"inLanguage\":\"en-GB\",\"@id\":\"https:\/\/premiumkeszulek.hu\/hu\/termek\/miele-wwd380-wcs-pwashsteam9kg-eloltoltos-mosogep\/#primaryimage\",\"url\":\"https:\/\/i0.wp.com\/premiumkeszulek.hu\/wp-content\/uploads\/2025\/04\/WWB3602.jpg?fit=800%2C800&ssl=1\",\"contentUrl\":\"https:\/\/i0.wp.com\/premiumkeszulek.hu\/wp-content\/uploads\/2025\/04\/WWB3602.jpg?fit=800%2C800&ssl=1\",\"width\":800,\"height\":800},{\"@type\":\"BreadcrumbList\",\"@id\":\"https:\/\/premiumkeszulek.hu\/hu\/termek\/miele-wwd380-wcs-pwashsteam9kg-eloltoltos-mosogep\/#breadcrumb\",\"itemListElement\":[{\"@type\":\"ListItem\",\"position\":1,\"name\":\"Home\",\"item\":\"https:\/\/premiumkeszulek.hu\/en\/\"},{\"@type\":\"ListItem\",\"position\":2,\"name\":\"Shop\",\"item\":\"https:\/\/premiumkeszulek.hu\/en\/shop\/\"},{\"@type\":\"ListItem\",\"position\":3,\"name\":\"Miele WWD380 WCS PWash&#038;Steam&#038;9kg el\u00f6lt\u00f6lt\u0151s mos\u00f3g\u00e9p\"}]},{\"@type\":\"WebSite\",\"@id\":\"https:\/\/premiumkeszulek.hu\/en\/#website\",\"url\":\"https:\/\/premiumkeszulek.hu\/en\/\",\"name\":\"Pr\u00e9miumK\u00e9sz\u00fcl\u00e9k\",\"description\":\"\",\"publisher\":{\"@id\":\"https:\/\/premiumkeszulek.hu\/en\/#organization\"},\"potentialAction\":[{\"@type\":\"SearchAction\",\"target\":{\"@type\":\"EntryPoint\",\"urlTemplate\":\"https:\/\/premiumkeszulek.hu\/en\/?s={search_term_string}\"},\"query-input\":{\"@type\":\"PropertyValueSpecification\",\"valueRequired\":true,\"valueName\":\"search_term_string\"}}],\"inLanguage\":\"en-GB\"},{\"@type\":\"Organization\",\"@id\":\"https:\/\/premiumkeszulek.hu\/en\/#organization\",\"name\":\"Pr\u00e9miumK\u00e9sz\u00fcl\u00e9k\",\"alternateName\":\"HPH Special Kft\",\"url\":\"https:\/\/premiumkeszulek.hu\/en\/\",\"logo\":{\"@type\":\"ImageObject\",\"inLanguage\":\"en-GB\",\"@id\":\"https:\/\/premiumkeszulek.hu\/en\/#\/schema\/logo\/image\/\",\"url\":\"http:\/\/premiumkeszulek.hu\/wp-content\/uploads\/2025\/03\/TURKIZLOGO-kicsi.png\",\"contentUrl\":\"http:\/\/premiumkeszulek.hu\/wp-content\/uploads\/2025\/03\/TURKIZLOGO-kicsi.png\",\"width\":1600,\"height\":547,\"caption\":\"Pr\u00e9miumK\u00e9sz\u00fcl\u00e9k\"},\"image\":{\"@id\":\"https:\/\/premiumkeszulek.hu\/en\/#\/schema\/logo\/image\/\"},\"sameAs\":[\"https:\/\/www.facebook.com\/konyhaluxnet\",\"https:\/\/www.instagram.com\/konyhaluxnet\/#\"],\"email\":\"info@premiumkeszulek.hu\",\"telephone\":\"36 1 \/ 226-1992\",\"legalName\":\"HPH Special Kft\",\"vatID\":\"HU12549502\",\"taxID\":\"12549502\",\"hasMerchantReturnPolicy\":{\"@type\":\"MerchantReturnPolicy\",\"merchantReturnLink\":\"https:\/\/premiumkeszulek.hu\/en\/altalanos-szerzodesi-es-felhasznalasi-feltetelek\/\"}}]}<\/script>\n<meta property=\"product:brand\" content=\"Miele\" \/>\n<meta property=\"product:price:amount\" content=\"449900\" \/>\n<meta property=\"product:price:currency\" content=\"HUF\" \/>\n<meta property=\"og:availability\" content=\"backorder\" \/>\n<meta property=\"product:availability\" content=\"available for order\" \/>\n<meta property=\"product:retailer_item_id\" content=\"4002516869269\" \/>\n<meta property=\"product:condition\" content=\"new\" \/>\n<!-- \/ Yoast SEO Premium plugin. -->","yoast_head_json":{"title":"Miele WWD380 WCS PWash&Steam&9kg  el\u00f6lt\u00f6lt\u0151s mos\u00f3g\u00e9p - Pr\u00e9miumK\u00e9sz\u00fcl\u00e9k","description":"\u00c9lvezze a gyors \u00e9s hat\u00e9kony mos\u00e1st a Miele WWD380 WCS el\u00f6lt\u00f6lt\u0151s mos\u00f3g\u00e9ppel, amely m\u00e1r 49 perc alatt eredm\u00e9nyeket k\u00edn\u00e1l. Ne habozzon, v\u00e1s\u00e1roljon most! \ud83c\udf1f","robots":{"index":"index","follow":"follow","max-snippet":"max-snippet:-1","max-image-preview":"max-image-preview:large","max-video-preview":"max-video-preview:-1"},"canonical":"https:\/\/premiumkeszulek.hu\/en\/termek\/miele-wwd380-wcs-pwashsteam9kg-eloltoltos-mosogep\/","og_locale":"en_GB","og_type":"article","og_title":"Miele WWD380 WCS PWash&Steam&9kg  el\u00f6lt\u00f6lt\u0151s mos\u00f3g\u00e9p","og_description":"\u00c9lvezze a gyors \u00e9s hat\u00e9kony mos\u00e1st a Miele WWD380 WCS el\u00f6lt\u00f6lt\u0151s mos\u00f3g\u00e9ppel, amely m\u00e1r 49 perc alatt eredm\u00e9nyeket k\u00edn\u00e1l. Ne habozzon, v\u00e1s\u00e1roljon most! \ud83c\udf1f","og_url":"https:\/\/premiumkeszulek.hu\/en\/termek\/miele-wwd380-wcs-pwashsteam9kg-eloltoltos-mosogep\/","og_site_name":"Pr\u00e9miumK\u00e9sz\u00fcl\u00e9k","article_publisher":"https:\/\/www.facebook.com\/konyhaluxnet","article_modified_time":"2026-04-01T17:51:52+00:00","og_image":[{"width":800,"height":800,"url":"https:\/\/i0.wp.com\/premiumkeszulek.hu\/wp-content\/uploads\/2025\/04\/WWB3602.jpg?fit=800%2C800&ssl=1","type":"image\/jpeg"}],"twitter_card":"summary_large_image","twitter_misc":{"Price":"449.900&#70;&#116;","Availability":"On back order"},"schema":{"@context":"https:\/\/schema.org","@graph":[{"@type":"WebPage","@id":"https:\/\/premiumkeszulek.hu\/hu\/termek\/miele-wwd380-wcs-pwashsteam9kg-eloltoltos-mosogep\/","url":"https:\/\/premiumkeszulek.hu\/hu\/termek\/miele-wwd380-wcs-pwashsteam9kg-eloltoltos-mosogep\/","name":"Miele WWD380 WCS PWash&Steam&9kg el\u00f6lt\u00f6lt\u0151s mos\u00f3g\u00e9p - Pr\u00e9miumK\u00e9sz\u00fcl\u00e9k","isPartOf":{"@id":"https:\/\/premiumkeszulek.hu\/en\/#website"},"primaryImageOfPage":{"@id":"https:\/\/premiumkeszulek.hu\/hu\/termek\/miele-wwd380-wcs-pwashsteam9kg-eloltoltos-mosogep\/#primaryimage"},"image":{"@id":"https:\/\/premiumkeszulek.hu\/hu\/termek\/miele-wwd380-wcs-pwashsteam9kg-eloltoltos-mosogep\/#primaryimage"},"thumbnailUrl":"https:\/\/i0.wp.com\/premiumkeszulek.hu\/wp-content\/uploads\/2025\/04\/WWB3602.jpg?fit=800%2C800&ssl=1","datePublished":"2025-04-08T09:19:55+00:00","dateModified":"2026-04-01T17:51:52+00:00","description":"\u00c9lvezze a gyors \u00e9s hat\u00e9kony mos\u00e1st a Miele WWD380 WCS el\u00f6lt\u00f6lt\u0151s mos\u00f3g\u00e9ppel, amely m\u00e1r 49 perc alatt eredm\u00e9nyeket k\u00edn\u00e1l. Ne habozzon, v\u00e1s\u00e1roljon most! \ud83c\udf1f","breadcrumb":{"@id":"https:\/\/premiumkeszulek.hu\/hu\/termek\/miele-wwd380-wcs-pwashsteam9kg-eloltoltos-mosogep\/#breadcrumb"},"inLanguage":"en-GB","potentialAction":[{"@type":"ReadAction","target":["https:\/\/premiumkeszulek.hu\/hu\/termek\/miele-wwd380-wcs-pwashsteam9kg-eloltoltos-mosogep\/"]}]},{"@type":"ImageObject","inLanguage":"en-GB","@id":"https:\/\/premiumkeszulek.hu\/hu\/termek\/miele-wwd380-wcs-pwashsteam9kg-eloltoltos-mosogep\/#primaryimage","url":"https:\/\/i0.wp.com\/premiumkeszulek.hu\/wp-content\/uploads\/2025\/04\/WWB3602.jpg?fit=800%2C800&ssl=1","contentUrl":"https:\/\/i0.wp.com\/premiumkeszulek.hu\/wp-content\/uploads\/2025\/04\/WWB3602.jpg?fit=800%2C800&ssl=1","width":800,"height":800},{"@type":"BreadcrumbList","@id":"https:\/\/premiumkeszulek.hu\/hu\/termek\/miele-wwd380-wcs-pwashsteam9kg-eloltoltos-mosogep\/#breadcrumb","itemListElement":[{"@type":"ListItem","position":1,"name":"Home","item":"https:\/\/premiumkeszulek.hu\/en\/"},{"@type":"ListItem","position":2,"name":"Shop","item":"https:\/\/premiumkeszulek.hu\/en\/shop\/"},{"@type":"ListItem","position":3,"name":"Miele WWD380 WCS PWash&#038;Steam&#038;9kg el\u00f6lt\u00f6lt\u0151s mos\u00f3g\u00e9p"}]},{"@type":"WebSite","@id":"https:\/\/premiumkeszulek.hu\/en\/#website","url":"https:\/\/premiumkeszulek.hu\/en\/","name":"Pr\u00e9miumK\u00e9sz\u00fcl\u00e9k","description":"","publisher":{"@id":"https:\/\/premiumkeszulek.hu\/en\/#organization"},"potentialAction":[{"@type":"SearchAction","target":{"@type":"EntryPoint","urlTemplate":"https:\/\/premiumkeszulek.hu\/en\/?s={search_term_string}"},"query-input":{"@type":"PropertyValueSpecification","valueRequired":true,"valueName":"search_term_string"}}],"inLanguage":"en-GB"},{"@type":"Organization","@id":"https:\/\/premiumkeszulek.hu\/en\/#organization","name":"Pr\u00e9miumK\u00e9sz\u00fcl\u00e9k","alternateName":"HPH Special Kft","url":"https:\/\/premiumkeszulek.hu\/en\/","logo":{"@type":"ImageObject","inLanguage":"en-GB","@id":"https:\/\/premiumkeszulek.hu\/en\/#\/schema\/logo\/image\/","url":"http:\/\/premiumkeszulek.hu\/wp-content\/uploads\/2025\/03\/TURKIZLOGO-kicsi.png","contentUrl":"http:\/\/premiumkeszulek.hu\/wp-content\/uploads\/2025\/03\/TURKIZLOGO-kicsi.png","width":1600,"height":547,"caption":"Pr\u00e9miumK\u00e9sz\u00fcl\u00e9k"},"image":{"@id":"https:\/\/premiumkeszulek.hu\/en\/#\/schema\/logo\/image\/"},"sameAs":["https:\/\/www.facebook.com\/konyhaluxnet","https:\/\/www.instagram.com\/konyhaluxnet\/#"],"email":"info@premiumkeszulek.hu","telephone":"36 1 \/ 226-1992","legalName":"HPH Special Kft","vatID":"HU12549502","taxID":"12549502","hasMerchantReturnPolicy":{"@type":"MerchantReturnPolicy","merchantReturnLink":"https:\/\/premiumkeszulek.hu\/en\/altalanos-szerzodesi-es-felhasznalasi-feltetelek\/"}}]},"product_brand":"Miele","product_price_amount":"449900","product_price_currency":"HUF","og_availability":"backorder","product_availability":"available for order","product_retailer_item_id":"4002516869269","product_condition":"new"},"jetpack_publicize_connections":[],"jetpack_likes_enabled":true,"jetpack_sharing_enabled":true,"jetpack-related-posts":[],"_links":{"self":[{"href":"https:\/\/premiumkeszulek.hu\/en\/wp-json\/wp\/v2\/product\/10581","targetHints":{"allow":["GET"]}}],"collection":[{"href":"https:\/\/premiumkeszulek.hu\/en\/wp-json\/wp\/v2\/product"}],"about":[{"href":"https:\/\/premiumkeszulek.hu\/en\/wp-json\/wp\/v2\/types\/product"}],"replies":[{"embeddable":true,"href":"https:\/\/premiumkeszulek.hu\/en\/wp-json\/wp\/v2\/comments?post=10581"}],"wp:featuredmedia":[{"embeddable":true,"href":"https:\/\/premiumkeszulek.hu\/en\/wp-json\/wp\/v2\/media\/10569"}],"wp:attachment":[{"href":"https:\/\/premiumkeszulek.hu\/en\/wp-json\/wp\/v2\/media?parent=10581"}],"wp:term":[{"taxonomy":"product_brand","embeddable":true,"href":"https:\/\/premiumkeszulek.hu\/en\/wp-json\/wp\/v2\/product_brand?post=10581"},{"taxonomy":"product_cat","embeddable":true,"href":"https:\/\/premiumkeszulek.hu\/en\/wp-json\/wp\/v2\/product_cat?post=10581"},{"taxonomy":"product_tag","embeddable":true,"href":"https:\/\/premiumkeszulek.hu\/en\/wp-json\/wp\/v2\/product_tag?post=10581"},{"taxonomy":"woo-feed-brand","embeddable":true,"href":"https:\/\/premiumkeszulek.hu\/en\/wp-json\/wp\/v2\/woo-feed-brand?post=10581"}],"curies":[{"name":"wp","href":"https:\/\/api.w.org\/{rel}","templated":true}]}}