{"id":10322,"date":"2025-04-07T19:31:55","date_gmt":"2025-04-07T17:31:55","guid":{"rendered":"https:\/\/premiumkeszulek.hu\/termek\/miele-dg-7440-beepitheto-gozparolo-3\/"},"modified":"2026-04-01T19:51:11","modified_gmt":"2026-04-01T17:51:11","slug":"miele-dg-7440-beepitheto-gozparolo-3","status":"publish","type":"product","link":"https:\/\/premiumkeszulek.hu\/en\/product\/miele-dg-7440-beepitheto-gozparolo-3\/","title":{"rendered":"Miele DG 7440 be\u00e9p\u00edthet\u0151 g\u0151zp\u00e1rol\u00f3"},"content":{"rendered":"<div class=\"loadbeeTabContent\" data-loadbee-apikey=\"bVxDWaSdseFz5PWWtvKmAkGr88n6WXYY\" data-loadbee-gtin=\"4002516128496\" data-loadbee-locale=\"hu_HU\">\u00a0\n<\/div>\n<p><script async src=\"https:\/\/cdn.loadbee.com\/js\/loadbee_integration.js\"><\/script><script type=\"text\/javascript\"\nsrc=\"https:\/\/tracking.channelsight.com\/api\/tracking\/v2\/Init\">\n<\/script><\/p>\n","protected":false},"excerpt":{"rendered":"<p>Nagy sz\u00f6veges kijelz\u0151 szenzoros kezel\u00e9ssel \u2013 DirectSensor<br \/>\nT\u00f6k\u00e9letes eredm\u00e9nyek \u2013 DualSteam g\u0151ztechnol\u00f3gia<br \/>\nGarant\u00e1lt siker minden \u00e9teln\u00e9l \u2013 automatikus programok<br \/>\nKivil\u00e1g\u00edtott s\u00fct\u0151t\u00e9r \u2013 2 LED l\u00e1mpa<br \/>\nWi-Fi-h\u00e1l\u00f3zatba k\u00f6thet\u0151 k\u00e9sz\u00fcl\u00e9k \u2013 Miele@home<\/p>\n","protected":false},"featured_media":10321,"comment_status":"closed","ping_status":"closed","template":"","meta":{"_crdt_document":"","content-type":"","jetpack_post_was_ever_published":false,"jetpack_publicize_message":"","jetpack_publicize_feature_enabled":true,"jetpack_social_post_already_shared":true,"jetpack_social_options":{"image_generator_settings":{"template":"highway","default_image_id":0,"font":"","enabled":false},"version":2},"_wpas_customize_per_network":false},"product_brand":[1372],"product_cat":[1390,1527],"product_tag":[],"woo-feed-brand":[],"class_list":{"0":"post-10322","1":"product","2":"type-product","3":"status-publish","4":"has-post-thumbnail","6":"product_brand-miele","7":"product_cat-gozparolo","8":"product_cat-sutok-es-fozolapok","9":"product_shipping_class-100000felett","11":"first","12":"onbackorder","13":"sale","14":"taxable","15":"shipping-taxable","16":"purchasable","17":"product-type-simple"},"yoast_head":"<!-- This site is optimized with the Yoast SEO Premium plugin v26.9 (Yoast SEO v26.9) - https:\/\/yoast.com\/product\/yoast-seo-premium-wordpress\/ -->\n<title>Miele DG 7440 be\u00e9p\u00edthet\u0151 g\u0151zp\u00e1rol\u00f3 - Pr\u00e9miumK\u00e9sz\u00fcl\u00e9k<\/title>\n<meta name=\"description\" content=\"Tegye \u00e9lvezetesebb\u00e9 a f\u0151z\u00e9st a Miele DG 7440 be\u00e9p\u00edthet\u0151 g\u0151zp\u00e1rol\u00f3val! A modern kialak\u00edt\u00e1s \u00e9s a Wi-Fi csatlakoz\u00e1s \u00faj lehet\u0151s\u00e9geket ny\u00fajt \u00d6nnek! \ud83c\udf1f\" \/>\n<meta name=\"robots\" content=\"index, follow, max-snippet:-1, max-image-preview:large, max-video-preview:-1\" \/>\n<link rel=\"canonical\" href=\"https:\/\/premiumkeszulek.hu\/en\/termek\/miele-dg-7440-beepitheto-gozparolo-3\/\" \/>\n<meta property=\"og:locale\" content=\"en_GB\" \/>\n<meta property=\"og:type\" content=\"article\" \/>\n<meta property=\"og:title\" content=\"Miele DG 7440 be\u00e9p\u00edthet\u0151 g\u0151zp\u00e1rol\u00f3\" \/>\n<meta property=\"og:description\" content=\"Tegye \u00e9lvezetesebb\u00e9 a f\u0151z\u00e9st a Miele DG 7440 be\u00e9p\u00edthet\u0151 g\u0151zp\u00e1rol\u00f3val! A modern kialak\u00edt\u00e1s \u00e9s a Wi-Fi csatlakoz\u00e1s \u00faj lehet\u0151s\u00e9geket ny\u00fajt \u00d6nnek! \ud83c\udf1f\" \/>\n<meta property=\"og:url\" content=\"https:\/\/premiumkeszulek.hu\/en\/termek\/miele-dg-7440-beepitheto-gozparolo-3\/\" \/>\n<meta property=\"og:site_name\" content=\"Pr\u00e9miumK\u00e9sz\u00fcl\u00e9k\" \/>\n<meta property=\"article:publisher\" content=\"https:\/\/www.facebook.com\/konyhaluxnet\" \/>\n<meta property=\"article:modified_time\" content=\"2026-04-01T17:51:11+00:00\" \/>\n<meta property=\"og:image\" content=\"https:\/\/i0.wp.com\/premiumkeszulek.hu\/wp-content\/uploads\/2025\/04\/dg7440_ob_1.jpg?fit=1000%2C1000&ssl=1\" \/>\n\t<meta property=\"og:image:width\" content=\"1000\" \/>\n\t<meta property=\"og:image:height\" content=\"1000\" \/>\n\t<meta property=\"og:image:type\" content=\"image\/jpeg\" \/>\n<meta name=\"twitter:card\" content=\"summary_large_image\" \/>\n<meta name=\"twitter:label1\" content=\"Price\" \/>\n\t<meta name=\"twitter:data1\" content=\"949.905&#070;&#116;\" \/>\n\t<meta name=\"twitter:label2\" content=\"Availability\" \/>\n\t<meta name=\"twitter:data2\" content=\"On back order\" \/>\n<script type=\"application\/ld+json\" class=\"yoast-schema-graph\">{\"@context\":\"https:\/\/schema.org\",\"@graph\":[{\"@type\":\"WebPage\",\"@id\":\"https:\/\/premiumkeszulek.hu\/hu\/termek\/miele-dg-7440-beepitheto-gozparolo-3\/\",\"url\":\"https:\/\/premiumkeszulek.hu\/hu\/termek\/miele-dg-7440-beepitheto-gozparolo-3\/\",\"name\":\"Miele DG 7440 be\u00e9p\u00edthet\u0151 g\u0151zp\u00e1rol\u00f3 - Pr\u00e9miumK\u00e9sz\u00fcl\u00e9k\",\"isPartOf\":{\"@id\":\"http:\/\/premiumkeszulek.hu\/hu\/#website\"},\"primaryImageOfPage\":{\"@id\":\"https:\/\/premiumkeszulek.hu\/hu\/termek\/miele-dg-7440-beepitheto-gozparolo-3\/#primaryimage\"},\"image\":{\"@id\":\"https:\/\/premiumkeszulek.hu\/hu\/termek\/miele-dg-7440-beepitheto-gozparolo-3\/#primaryimage\"},\"thumbnailUrl\":\"https:\/\/i0.wp.com\/premiumkeszulek.hu\/wp-content\/uploads\/2025\/04\/dg7440_ob_1.jpg?fit=1000%2C1000&ssl=1\",\"datePublished\":\"2025-04-07T17:31:55+00:00\",\"dateModified\":\"2026-04-01T17:51:11+00:00\",\"description\":\"Tegye \u00e9lvezetesebb\u00e9 a f\u0151z\u00e9st a Miele DG 7440 be\u00e9p\u00edthet\u0151 g\u0151zp\u00e1rol\u00f3val! A modern kialak\u00edt\u00e1s \u00e9s a Wi-Fi csatlakoz\u00e1s \u00faj lehet\u0151s\u00e9geket ny\u00fajt \u00d6nnek! \ud83c\udf1f\",\"breadcrumb\":{\"@id\":\"https:\/\/premiumkeszulek.hu\/hu\/termek\/miele-dg-7440-beepitheto-gozparolo-3\/#breadcrumb\"},\"inLanguage\":\"en-GB\",\"potentialAction\":[{\"@type\":\"ReadAction\",\"target\":[\"https:\/\/premiumkeszulek.hu\/hu\/termek\/miele-dg-7440-beepitheto-gozparolo-3\/\"]}]},{\"@type\":\"ImageObject\",\"inLanguage\":\"en-GB\",\"@id\":\"https:\/\/premiumkeszulek.hu\/hu\/termek\/miele-dg-7440-beepitheto-gozparolo-3\/#primaryimage\",\"url\":\"https:\/\/i0.wp.com\/premiumkeszulek.hu\/wp-content\/uploads\/2025\/04\/dg7440_ob_1.jpg?fit=1000%2C1000&ssl=1\",\"contentUrl\":\"https:\/\/i0.wp.com\/premiumkeszulek.hu\/wp-content\/uploads\/2025\/04\/dg7440_ob_1.jpg?fit=1000%2C1000&ssl=1\",\"width\":1000,\"height\":1000},{\"@type\":\"BreadcrumbList\",\"@id\":\"https:\/\/premiumkeszulek.hu\/hu\/termek\/miele-dg-7440-beepitheto-gozparolo-3\/#breadcrumb\",\"itemListElement\":[{\"@type\":\"ListItem\",\"position\":1,\"name\":\"Home\",\"item\":\"https:\/\/premiumkeszulek.hu\/hu\/\"},{\"@type\":\"ListItem\",\"position\":2,\"name\":\"Shop\",\"item\":\"https:\/\/premiumkeszulek.hu\/hu\/shop\/\"},{\"@type\":\"ListItem\",\"position\":3,\"name\":\"Miele DG 7440 be\u00e9p\u00edthet\u0151 g\u0151zp\u00e1rol\u00f3\"}]},{\"@type\":\"WebSite\",\"@id\":\"http:\/\/premiumkeszulek.hu\/hu\/#website\",\"url\":\"http:\/\/premiumkeszulek.hu\/hu\/\",\"name\":\"Pr\u00e9miumK\u00e9sz\u00fcl\u00e9k\",\"description\":\"\",\"publisher\":{\"@id\":\"http:\/\/premiumkeszulek.hu\/hu\/#organization\"},\"potentialAction\":[{\"@type\":\"SearchAction\",\"target\":{\"@type\":\"EntryPoint\",\"urlTemplate\":\"http:\/\/premiumkeszulek.hu\/hu\/?s={search_term_string}\"},\"query-input\":{\"@type\":\"PropertyValueSpecification\",\"valueRequired\":true,\"valueName\":\"search_term_string\"}}],\"inLanguage\":\"en-GB\"},{\"@type\":\"Organization\",\"@id\":\"http:\/\/premiumkeszulek.hu\/hu\/#organization\",\"name\":\"Pr\u00e9miumK\u00e9sz\u00fcl\u00e9k\",\"alternateName\":\"HPH Special Kft\",\"url\":\"http:\/\/premiumkeszulek.hu\/hu\/\",\"logo\":{\"@type\":\"ImageObject\",\"inLanguage\":\"en-GB\",\"@id\":\"http:\/\/premiumkeszulek.hu\/hu\/#\/schema\/logo\/image\/\",\"url\":\"http:\/\/premiumkeszulek.hu\/wp-content\/uploads\/2025\/03\/TURKIZLOGO-kicsi.png\",\"contentUrl\":\"http:\/\/premiumkeszulek.hu\/wp-content\/uploads\/2025\/03\/TURKIZLOGO-kicsi.png\",\"width\":1600,\"height\":547,\"caption\":\"Pr\u00e9miumK\u00e9sz\u00fcl\u00e9k\"},\"image\":{\"@id\":\"http:\/\/premiumkeszulek.hu\/hu\/#\/schema\/logo\/image\/\"},\"sameAs\":[\"https:\/\/www.facebook.com\/konyhaluxnet\",\"https:\/\/www.instagram.com\/konyhaluxnet\/#\"],\"email\":\"info@premiumkeszulek.hu\",\"telephone\":\"36 1 \/ 226-1992\",\"legalName\":\"HPH Special Kft\",\"vatID\":\"HU12549502\",\"taxID\":\"12549502\",\"hasMerchantReturnPolicy\":{\"@type\":\"MerchantReturnPolicy\",\"merchantReturnLink\":\"https:\/\/premiumkeszulek.hu\/en\/altalanos-szerzodesi-es-felhasznalasi-feltetelek\/\"}}]}<\/script>\n<meta property=\"product:brand\" content=\"Miele\" \/>\n<meta property=\"product:price:amount\" content=\"949905\" \/>\n<meta property=\"product:price:currency\" content=\"HUF\" \/>\n<meta property=\"og:availability\" content=\"backorder\" \/>\n<meta property=\"product:availability\" content=\"available for order\" \/>\n<meta property=\"product:retailer_item_id\" content=\"4002516128496\" \/>\n<meta property=\"product:condition\" content=\"new\" \/>\n<!-- \/ Yoast SEO Premium plugin. -->","yoast_head_json":{"title":"Miele DG 7440 be\u00e9p\u00edthet\u0151 g\u0151zp\u00e1rol\u00f3 - Pr\u00e9miumK\u00e9sz\u00fcl\u00e9k","description":"Tegye \u00e9lvezetesebb\u00e9 a f\u0151z\u00e9st a Miele DG 7440 be\u00e9p\u00edthet\u0151 g\u0151zp\u00e1rol\u00f3val! A modern kialak\u00edt\u00e1s \u00e9s a Wi-Fi csatlakoz\u00e1s \u00faj lehet\u0151s\u00e9geket ny\u00fajt \u00d6nnek! \ud83c\udf1f","robots":{"index":"index","follow":"follow","max-snippet":"max-snippet:-1","max-image-preview":"max-image-preview:large","max-video-preview":"max-video-preview:-1"},"canonical":"https:\/\/premiumkeszulek.hu\/en\/termek\/miele-dg-7440-beepitheto-gozparolo-3\/","og_locale":"en_GB","og_type":"article","og_title":"Miele DG 7440 be\u00e9p\u00edthet\u0151 g\u0151zp\u00e1rol\u00f3","og_description":"Tegye \u00e9lvezetesebb\u00e9 a f\u0151z\u00e9st a Miele DG 7440 be\u00e9p\u00edthet\u0151 g\u0151zp\u00e1rol\u00f3val! A modern kialak\u00edt\u00e1s \u00e9s a Wi-Fi csatlakoz\u00e1s \u00faj lehet\u0151s\u00e9geket ny\u00fajt \u00d6nnek! \ud83c\udf1f","og_url":"https:\/\/premiumkeszulek.hu\/en\/termek\/miele-dg-7440-beepitheto-gozparolo-3\/","og_site_name":"Pr\u00e9miumK\u00e9sz\u00fcl\u00e9k","article_publisher":"https:\/\/www.facebook.com\/konyhaluxnet","article_modified_time":"2026-04-01T17:51:11+00:00","og_image":[{"width":1000,"height":1000,"url":"https:\/\/i0.wp.com\/premiumkeszulek.hu\/wp-content\/uploads\/2025\/04\/dg7440_ob_1.jpg?fit=1000%2C1000&ssl=1","type":"image\/jpeg"}],"twitter_card":"summary_large_image","twitter_misc":{"Price":"949.905&#70;&#116;","Availability":"On back order"},"schema":{"@context":"https:\/\/schema.org","@graph":[{"@type":"WebPage","@id":"https:\/\/premiumkeszulek.hu\/hu\/termek\/miele-dg-7440-beepitheto-gozparolo-3\/","url":"https:\/\/premiumkeszulek.hu\/hu\/termek\/miele-dg-7440-beepitheto-gozparolo-3\/","name":"Miele DG 7440 be\u00e9p\u00edthet\u0151 g\u0151zp\u00e1rol\u00f3 - Pr\u00e9miumK\u00e9sz\u00fcl\u00e9k","isPartOf":{"@id":"http:\/\/premiumkeszulek.hu\/hu\/#website"},"primaryImageOfPage":{"@id":"https:\/\/premiumkeszulek.hu\/hu\/termek\/miele-dg-7440-beepitheto-gozparolo-3\/#primaryimage"},"image":{"@id":"https:\/\/premiumkeszulek.hu\/hu\/termek\/miele-dg-7440-beepitheto-gozparolo-3\/#primaryimage"},"thumbnailUrl":"https:\/\/i0.wp.com\/premiumkeszulek.hu\/wp-content\/uploads\/2025\/04\/dg7440_ob_1.jpg?fit=1000%2C1000&ssl=1","datePublished":"2025-04-07T17:31:55+00:00","dateModified":"2026-04-01T17:51:11+00:00","description":"Tegye \u00e9lvezetesebb\u00e9 a f\u0151z\u00e9st a Miele DG 7440 be\u00e9p\u00edthet\u0151 g\u0151zp\u00e1rol\u00f3val! A modern kialak\u00edt\u00e1s \u00e9s a Wi-Fi csatlakoz\u00e1s \u00faj lehet\u0151s\u00e9geket ny\u00fajt \u00d6nnek! \ud83c\udf1f","breadcrumb":{"@id":"https:\/\/premiumkeszulek.hu\/hu\/termek\/miele-dg-7440-beepitheto-gozparolo-3\/#breadcrumb"},"inLanguage":"en-GB","potentialAction":[{"@type":"ReadAction","target":["https:\/\/premiumkeszulek.hu\/hu\/termek\/miele-dg-7440-beepitheto-gozparolo-3\/"]}]},{"@type":"ImageObject","inLanguage":"en-GB","@id":"https:\/\/premiumkeszulek.hu\/hu\/termek\/miele-dg-7440-beepitheto-gozparolo-3\/#primaryimage","url":"https:\/\/i0.wp.com\/premiumkeszulek.hu\/wp-content\/uploads\/2025\/04\/dg7440_ob_1.jpg?fit=1000%2C1000&ssl=1","contentUrl":"https:\/\/i0.wp.com\/premiumkeszulek.hu\/wp-content\/uploads\/2025\/04\/dg7440_ob_1.jpg?fit=1000%2C1000&ssl=1","width":1000,"height":1000},{"@type":"BreadcrumbList","@id":"https:\/\/premiumkeszulek.hu\/hu\/termek\/miele-dg-7440-beepitheto-gozparolo-3\/#breadcrumb","itemListElement":[{"@type":"ListItem","position":1,"name":"Home","item":"https:\/\/premiumkeszulek.hu\/hu\/"},{"@type":"ListItem","position":2,"name":"Shop","item":"https:\/\/premiumkeszulek.hu\/hu\/shop\/"},{"@type":"ListItem","position":3,"name":"Miele DG 7440 be\u00e9p\u00edthet\u0151 g\u0151zp\u00e1rol\u00f3"}]},{"@type":"WebSite","@id":"http:\/\/premiumkeszulek.hu\/hu\/#website","url":"http:\/\/premiumkeszulek.hu\/hu\/","name":"Pr\u00e9miumK\u00e9sz\u00fcl\u00e9k","description":"","publisher":{"@id":"http:\/\/premiumkeszulek.hu\/hu\/#organization"},"potentialAction":[{"@type":"SearchAction","target":{"@type":"EntryPoint","urlTemplate":"http:\/\/premiumkeszulek.hu\/hu\/?s={search_term_string}"},"query-input":{"@type":"PropertyValueSpecification","valueRequired":true,"valueName":"search_term_string"}}],"inLanguage":"en-GB"},{"@type":"Organization","@id":"http:\/\/premiumkeszulek.hu\/hu\/#organization","name":"Pr\u00e9miumK\u00e9sz\u00fcl\u00e9k","alternateName":"HPH Special Kft","url":"http:\/\/premiumkeszulek.hu\/hu\/","logo":{"@type":"ImageObject","inLanguage":"en-GB","@id":"http:\/\/premiumkeszulek.hu\/hu\/#\/schema\/logo\/image\/","url":"http:\/\/premiumkeszulek.hu\/wp-content\/uploads\/2025\/03\/TURKIZLOGO-kicsi.png","contentUrl":"http:\/\/premiumkeszulek.hu\/wp-content\/uploads\/2025\/03\/TURKIZLOGO-kicsi.png","width":1600,"height":547,"caption":"Pr\u00e9miumK\u00e9sz\u00fcl\u00e9k"},"image":{"@id":"http:\/\/premiumkeszulek.hu\/hu\/#\/schema\/logo\/image\/"},"sameAs":["https:\/\/www.facebook.com\/konyhaluxnet","https:\/\/www.instagram.com\/konyhaluxnet\/#"],"email":"info@premiumkeszulek.hu","telephone":"36 1 \/ 226-1992","legalName":"HPH Special Kft","vatID":"HU12549502","taxID":"12549502","hasMerchantReturnPolicy":{"@type":"MerchantReturnPolicy","merchantReturnLink":"https:\/\/premiumkeszulek.hu\/en\/altalanos-szerzodesi-es-felhasznalasi-feltetelek\/"}}]},"product_brand":"Miele","product_price_amount":"949905","product_price_currency":"HUF","og_availability":"backorder","product_availability":"available for order","product_retailer_item_id":"4002516128496","product_condition":"new"},"jetpack_publicize_connections":[],"jetpack_likes_enabled":true,"jetpack_sharing_enabled":true,"jetpack-related-posts":[],"_links":{"self":[{"href":"https:\/\/premiumkeszulek.hu\/en\/wp-json\/wp\/v2\/product\/10322","targetHints":{"allow":["GET"]}}],"collection":[{"href":"https:\/\/premiumkeszulek.hu\/en\/wp-json\/wp\/v2\/product"}],"about":[{"href":"https:\/\/premiumkeszulek.hu\/en\/wp-json\/wp\/v2\/types\/product"}],"replies":[{"embeddable":true,"href":"https:\/\/premiumkeszulek.hu\/en\/wp-json\/wp\/v2\/comments?post=10322"}],"wp:featuredmedia":[{"embeddable":true,"href":"https:\/\/premiumkeszulek.hu\/en\/wp-json\/wp\/v2\/media\/10321"}],"wp:attachment":[{"href":"https:\/\/premiumkeszulek.hu\/en\/wp-json\/wp\/v2\/media?parent=10322"}],"wp:term":[{"taxonomy":"product_brand","embeddable":true,"href":"https:\/\/premiumkeszulek.hu\/en\/wp-json\/wp\/v2\/product_brand?post=10322"},{"taxonomy":"product_cat","embeddable":true,"href":"https:\/\/premiumkeszulek.hu\/en\/wp-json\/wp\/v2\/product_cat?post=10322"},{"taxonomy":"product_tag","embeddable":true,"href":"https:\/\/premiumkeszulek.hu\/en\/wp-json\/wp\/v2\/product_tag?post=10322"},{"taxonomy":"woo-feed-brand","embeddable":true,"href":"https:\/\/premiumkeszulek.hu\/en\/wp-json\/wp\/v2\/woo-feed-brand?post=10322"}],"curies":[{"name":"wp","href":"https:\/\/api.w.org\/{rel}","templated":true}]}}