{"id":40876,"date":"2025-10-19T14:46:23","date_gmt":"2025-10-19T12:46:23","guid":{"rendered":"https:\/\/premiumkeszulek.hu\/product\/smeg-smf04wheu-retro-konyhai-robotgep-a-test-feher\/"},"modified":"2026-04-01T19:52:44","modified_gmt":"2026-04-01T17:52:44","slug":"smeg-smf04wheu-retro-konyhai-robotgep-a-test-feher","status":"publish","type":"product","link":"http:\/\/premiumkeszulek.hu\/hu\/termek\/smeg-smf04wheu-retro-konyhai-robotgep-a-test-feher\/","title":{"rendered":"Smeg SMF04WHEU retro konyhai robotg\u00e9p a teszt feh\u00e9r"},"content":{"rendered":"<p>V\u00e1rhat\u00f3 be\u00e9rkez\u00e9se 2025. december 2025.<\/p>\n<p>\u00a0 \u00a0800 W-os teljes\u00edtm\u00e9ny<br \/>\n\t\u00a0 \u00a0 10 fokozat<br \/>\n\t\u00a0 \u00a0 Alaptartoz\u00e9kok: 4,8 literes rozsdamentes ac\u00e9l kever\u0151t\u00e1l, dagaszt\u00f3kar, habver\u0151 kever\u0151fej, kr\u00e9mkever\u0151 kar, v\u00e9d\u0151karima<br \/>\n\t\u00a0 \u00a0 Egy\u00e9b opcion\u00e1lis tartoz\u00e9kok sz\u00e9les v\u00e1laszt\u00e9ka rendelhet\u0151<\/p>\n<p>Max. kapacit\u00e1s toj\u00e1sfeh\u00e9rje\/k\u00f6zepes toj\u00e1s eset\u00e9n: 12<br \/>\n\tMin. kapacit\u00e1s toj\u00e1sfeh\u00e9rje\/k\u00f6zepes toj\u00e1s eset\u00e9n: 2<br \/>\n\tMax. kapacit\u00e1s t\u00e9szt\u00e1hoz: 2,6 kg<br \/>\n\tMax. kapacit\u00e1s s\u00fctem\u00e9nyt\u00e9szt\u00e1hoz: 2,8 kg<br \/>\n\tMax. kapacit\u00e1s toj\u00e1sos t\u00e9szt\u00e1hoz: 500 g t\u00e9szta 5 k\u00f6zepes toj\u00e1ssal<br \/>\n\tMax. kapacit\u00e1s keny\u00e9r-, pizza- vagy t\u00e9sztat\u00e9szt\u00e1hoz: 1,9 kg teljes t\u00e9szta (max. 1,2 kg liszt\/min. 55% nedvess\u00e9gtartalom)<br \/>\n\tMax. kapacit\u00e1s tejsz\u00ednhabbal: 1 l<br \/>\n\tMin. kapacit\u00e1s tejsz\u00ednhabbal: 100 ml<\/p>\n<p>V\u00e1laszhat\u00f3 sz\u00ednek:<\/p>\n<p>SMF04CREU - b\u00e9zs<br \/>\n\tSMF04WHEU - feh\u00e9r<br \/>\n\tSMF04BLEU - fekete<\/p>","protected":false},"excerpt":{"rendered":"<p>V\u00e1rhat\u00f3 be\u00e9rkez\u00e9se 2025. december \u00a0 \u00a0800 W-os teljes\u00edtm\u00e9ny \u00a0 \u00a0 10 fokozat \u00a0 \u00a0 Alaptartoz\u00e9kok: 4,8 literes rozsdamentes ac\u00e9l kever\u0151t\u00e1l, dagaszt\u00f3kar, habver\u0151 kever\u0151fej, kr\u00e9mkever\u0151 kar, v\u00e9d\u0151karima \u00a0 \u00a0 Egy\u00e9b opcion\u00e1lis tartoz\u00e9kok sz\u00e9les v\u00e1laszt\u00e9ka rendelhet\u0151 Max. kapacit\u00e1s toj\u00e1sfeh\u00e9rje\/k\u00f6zepes toj\u00e1s eset\u00e9n: 12 Min. kapacit\u00e1s toj\u00e1sfeh\u00e9rje\/k\u00f6zepes toj\u00e1s eset\u00e9n: 2 Max. kapacit\u00e1s t\u00e9szt\u00e1hoz: 2,6 kg Max. kapacit\u00e1s s\u00fctem\u00e9nyt\u00e9szt\u00e1hoz: 2,8 [&hellip;]<\/p>\n","protected":false},"featured_media":40875,"comment_status":"closed","ping_status":"closed","template":"","meta":{"_crdt_document":"","content-type":"","jetpack_post_was_ever_published":false,"jetpack_publicize_message":"","jetpack_publicize_feature_enabled":true,"jetpack_social_post_already_shared":true,"jetpack_social_options":{"image_generator_settings":{"template":"highway","default_image_id":0,"font":"","enabled":false},"version":2},"_wpas_customize_per_network":false},"product_brand":[1634],"product_cat":[5033,5037,5032],"product_tag":[],"woo-feed-brand":[],"class_list":{"0":"post-40876","1":"product","2":"type-product","3":"status-publish","4":"has-post-thumbnail","6":"product_brand-smeg","7":"product_cat-kiskeszulek","8":"product_cat-robotgep","9":"product_cat-tobb-kategoria","10":"product_shipping_class-100000felett","12":"first","13":"instock","14":"taxable","15":"shipping-taxable","16":"purchasable","17":"product-type-simple"},"yoast_head":"<!-- This site is optimized with the Yoast SEO Premium plugin v26.9 (Yoast SEO v26.9) - https:\/\/yoast.com\/product\/yoast-seo-premium-wordpress\/ -->\n<title>Smeg SMF04WHEU retro konyhai robotg\u00e9p a test feh\u00e9r - Pr\u00e9miumK\u00e9sz\u00fcl\u00e9k<\/title>\n<meta name=\"description\" content=\"Fedezze fel a Smeg SMF04WHEU konyhai robotg\u00e9p erej\u00e9t 800 W-os teljes\u00edtm\u00e9nnyel \u00e9s 10 fokozattal! K\u00e9sz\u00edtse el kedvenc receptjeit k\u00f6nnyed\u00e9n!\" \/>\n<meta name=\"robots\" content=\"index, follow, max-snippet:-1, max-image-preview:large, max-video-preview:-1\" \/>\n<link rel=\"canonical\" href=\"https:\/\/premiumkeszulek.hu\/hu\/termek\/smeg-smf04wheu-retro-konyhai-robotgep-a-test-feher\/\" \/>\n<meta property=\"og:locale\" content=\"hu_HU\" \/>\n<meta property=\"og:type\" content=\"article\" \/>\n<meta property=\"og:title\" content=\"Smeg SMF04WHEU retro konyhai robotg\u00e9p a test feh\u00e9r\" \/>\n<meta property=\"og:description\" content=\"Fedezze fel a Smeg SMF04WHEU konyhai robotg\u00e9p erej\u00e9t 800 W-os teljes\u00edtm\u00e9nnyel \u00e9s 10 fokozattal! K\u00e9sz\u00edtse el kedvenc receptjeit k\u00f6nnyed\u00e9n!\" \/>\n<meta property=\"og:url\" content=\"https:\/\/premiumkeszulek.hu\/hu\/termek\/smeg-smf04wheu-retro-konyhai-robotgep-a-test-feher\/\" \/>\n<meta property=\"og:site_name\" content=\"Pr\u00e9miumK\u00e9sz\u00fcl\u00e9k\" \/>\n<meta property=\"article:publisher\" content=\"https:\/\/www.facebook.com\/konyhaluxnet\" \/>\n<meta property=\"article:modified_time\" content=\"2026-04-01T17:52:44+00:00\" \/>\n<meta property=\"og:image\" content=\"https:\/\/i0.wp.com\/premiumkeszulek.hu\/wp-content\/uploads\/2025\/10\/SMF04WHEU-111.jpg?fit=800%2C800&ssl=1\" \/>\n\t<meta property=\"og:image:width\" content=\"800\" \/>\n\t<meta property=\"og:image:height\" content=\"800\" \/>\n\t<meta property=\"og:image:type\" content=\"image\/jpeg\" \/>\n<meta name=\"twitter:card\" content=\"summary_large_image\" \/>\n<meta name=\"twitter:label1\" content=\"\u00c1r\" \/>\n\t<meta name=\"twitter:data1\" content=\"207.900&#070;&#116;\" \/>\n\t<meta name=\"twitter:label2\" content=\"El\u00e9rhet\u0151s\u00e9g\" \/>\n\t<meta name=\"twitter:data2\" content=\"K\u00e9szleten\" \/>\n<script type=\"application\/ld+json\" class=\"yoast-schema-graph\">{\"@context\":\"https:\/\/schema.org\",\"@graph\":[{\"@type\":\"WebPage\",\"@id\":\"https:\/\/premiumkeszulek.hu\/en\/product\/smeg-smf04wheu-retro-konyhai-robotgep-a-test-feher\/\",\"url\":\"https:\/\/premiumkeszulek.hu\/en\/product\/smeg-smf04wheu-retro-konyhai-robotgep-a-test-feher\/\",\"name\":\"Smeg SMF04WHEU retro konyhai robotg\u00e9p a test feh\u00e9r - Pr\u00e9miumK\u00e9sz\u00fcl\u00e9k\",\"isPartOf\":{\"@id\":\"https:\/\/premiumkeszulek.hu\/en\/#website\"},\"primaryImageOfPage\":{\"@id\":\"https:\/\/premiumkeszulek.hu\/en\/product\/smeg-smf04wheu-retro-konyhai-robotgep-a-test-feher\/#primaryimage\"},\"image\":{\"@id\":\"https:\/\/premiumkeszulek.hu\/en\/product\/smeg-smf04wheu-retro-konyhai-robotgep-a-test-feher\/#primaryimage\"},\"thumbnailUrl\":\"https:\/\/i0.wp.com\/premiumkeszulek.hu\/wp-content\/uploads\/2025\/10\/SMF04WHEU-111.jpg?fit=800%2C800\",\"datePublished\":\"2025-10-19T12:46:23+00:00\",\"dateModified\":\"2026-04-01T17:52:44+00:00\",\"description\":\"Fedezze fel a Smeg SMF04WHEU konyhai robotg\u00e9p erej\u00e9t 800 W-os teljes\u00edtm\u00e9nnyel \u00e9s 10 fokozattal! K\u00e9sz\u00edtse el kedvenc receptjeit k\u00f6nnyed\u00e9n!\",\"breadcrumb\":{\"@id\":\"https:\/\/premiumkeszulek.hu\/en\/product\/smeg-smf04wheu-retro-konyhai-robotgep-a-test-feher\/#breadcrumb\"},\"inLanguage\":\"hu\",\"potentialAction\":[{\"@type\":\"ReadAction\",\"target\":[\"https:\/\/premiumkeszulek.hu\/en\/product\/smeg-smf04wheu-retro-konyhai-robotgep-a-test-feher\/\"]}]},{\"@type\":\"ImageObject\",\"inLanguage\":\"hu\",\"@id\":\"https:\/\/premiumkeszulek.hu\/en\/product\/smeg-smf04wheu-retro-konyhai-robotgep-a-test-feher\/#primaryimage\",\"url\":\"https:\/\/i0.wp.com\/premiumkeszulek.hu\/wp-content\/uploads\/2025\/10\/SMF04WHEU-111.jpg?fit=800%2C800\",\"contentUrl\":\"https:\/\/i0.wp.com\/premiumkeszulek.hu\/wp-content\/uploads\/2025\/10\/SMF04WHEU-111.jpg?fit=800%2C800\",\"width\":800,\"height\":800},{\"@type\":\"BreadcrumbList\",\"@id\":\"https:\/\/premiumkeszulek.hu\/en\/product\/smeg-smf04wheu-retro-konyhai-robotgep-a-test-feher\/#breadcrumb\",\"itemListElement\":[{\"@type\":\"ListItem\",\"position\":1,\"name\":\"Home\",\"item\":\"https:\/\/premiumkeszulek.hu\/en\/\"},{\"@type\":\"ListItem\",\"position\":2,\"name\":\"Shop\",\"item\":\"https:\/\/premiumkeszulek.hu\/en\/shop\/\"},{\"@type\":\"ListItem\",\"position\":3,\"name\":\"Smeg SMF04WHEU retro konyhai robotg\u00e9p a test feh\u00e9r\"}]},{\"@type\":\"WebSite\",\"@id\":\"https:\/\/premiumkeszulek.hu\/en\/#website\",\"url\":\"https:\/\/premiumkeszulek.hu\/en\/\",\"name\":\"Pr\u00e9miumK\u00e9sz\u00fcl\u00e9k\",\"description\":\"\",\"publisher\":{\"@id\":\"https:\/\/premiumkeszulek.hu\/en\/#organization\"},\"potentialAction\":[{\"@type\":\"SearchAction\",\"target\":{\"@type\":\"EntryPoint\",\"urlTemplate\":\"https:\/\/premiumkeszulek.hu\/en\/?s={search_term_string}\"},\"query-input\":{\"@type\":\"PropertyValueSpecification\",\"valueRequired\":true,\"valueName\":\"search_term_string\"}}],\"inLanguage\":\"hu\"},{\"@type\":\"Organization\",\"@id\":\"https:\/\/premiumkeszulek.hu\/en\/#organization\",\"name\":\"Pr\u00e9miumK\u00e9sz\u00fcl\u00e9k\",\"alternateName\":\"HPH Special Kft\",\"url\":\"https:\/\/premiumkeszulek.hu\/en\/\",\"logo\":{\"@type\":\"ImageObject\",\"inLanguage\":\"hu\",\"@id\":\"https:\/\/premiumkeszulek.hu\/en\/#\/schema\/logo\/image\/\",\"url\":\"http:\/\/premiumkeszulek.hu\/wp-content\/uploads\/2025\/03\/TURKIZLOGO-kicsi.png\",\"contentUrl\":\"http:\/\/premiumkeszulek.hu\/wp-content\/uploads\/2025\/03\/TURKIZLOGO-kicsi.png\",\"width\":1600,\"height\":547,\"caption\":\"Pr\u00e9miumK\u00e9sz\u00fcl\u00e9k\"},\"image\":{\"@id\":\"https:\/\/premiumkeszulek.hu\/en\/#\/schema\/logo\/image\/\"},\"sameAs\":[\"https:\/\/www.facebook.com\/konyhaluxnet\",\"https:\/\/www.instagram.com\/konyhaluxnet\/#\"],\"email\":\"info@premiumkeszulek.hu\",\"telephone\":\"36 1 \/ 226-1992\",\"legalName\":\"HPH Special Kft\",\"vatID\":\"HU12549502\",\"taxID\":\"12549502\",\"hasMerchantReturnPolicy\":{\"@type\":\"MerchantReturnPolicy\",\"merchantReturnLink\":\"http:\/\/premiumkeszulek.hu\/hu\/altalanos-szerzodesi-es-felhasznalasi-feltetelek\/\"}}]}<\/script>\n<meta property=\"product:brand\" content=\"Smeg\" \/>\n<meta property=\"product:price:amount\" content=\"207900\" \/>\n<meta property=\"product:price:currency\" content=\"HUF\" \/>\n<meta property=\"og:availability\" content=\"instock\" \/>\n<meta property=\"product:availability\" content=\"instock\" \/>\n<meta property=\"product:retailer_item_id\" content=\"SMF04WHEU\" \/>\n<meta property=\"product:condition\" content=\"new\" \/>\n<!-- \/ Yoast SEO Premium plugin. -->","yoast_head_json":{"title":"Smeg SMF04WHEU retro konyhai robotg\u00e9p a test feh\u00e9r - Pr\u00e9miumK\u00e9sz\u00fcl\u00e9k","description":"Fedezze fel a Smeg SMF04WHEU konyhai robotg\u00e9p erej\u00e9t 800 W-os teljes\u00edtm\u00e9nnyel \u00e9s 10 fokozattal! K\u00e9sz\u00edtse el kedvenc receptjeit k\u00f6nnyed\u00e9n!","robots":{"index":"index","follow":"follow","max-snippet":"max-snippet:-1","max-image-preview":"max-image-preview:large","max-video-preview":"max-video-preview:-1"},"canonical":"https:\/\/premiumkeszulek.hu\/hu\/termek\/smeg-smf04wheu-retro-konyhai-robotgep-a-test-feher\/","og_locale":"hu_HU","og_type":"article","og_title":"Smeg SMF04WHEU retro konyhai robotg\u00e9p a test feh\u00e9r","og_description":"Fedezze fel a Smeg SMF04WHEU konyhai robotg\u00e9p erej\u00e9t 800 W-os teljes\u00edtm\u00e9nnyel \u00e9s 10 fokozattal! K\u00e9sz\u00edtse el kedvenc receptjeit k\u00f6nnyed\u00e9n!","og_url":"https:\/\/premiumkeszulek.hu\/hu\/termek\/smeg-smf04wheu-retro-konyhai-robotgep-a-test-feher\/","og_site_name":"Pr\u00e9miumK\u00e9sz\u00fcl\u00e9k","article_publisher":"https:\/\/www.facebook.com\/konyhaluxnet","article_modified_time":"2026-04-01T17:52:44+00:00","og_image":[{"width":800,"height":800,"url":"https:\/\/i0.wp.com\/premiumkeszulek.hu\/wp-content\/uploads\/2025\/10\/SMF04WHEU-111.jpg?fit=800%2C800&ssl=1","type":"image\/jpeg"}],"twitter_card":"summary_large_image","twitter_misc":{"\u00c1r":"207.900&#70;&#116;","El\u00e9rhet\u0151s\u00e9g":"K\u00e9szleten"},"schema":{"@context":"https:\/\/schema.org","@graph":[{"@type":"WebPage","@id":"https:\/\/premiumkeszulek.hu\/en\/product\/smeg-smf04wheu-retro-konyhai-robotgep-a-test-feher\/","url":"https:\/\/premiumkeszulek.hu\/en\/product\/smeg-smf04wheu-retro-konyhai-robotgep-a-test-feher\/","name":"Smeg SMF04WHEU retro konyhai robotg\u00e9p a test feh\u00e9r - Pr\u00e9miumK\u00e9sz\u00fcl\u00e9k","isPartOf":{"@id":"https:\/\/premiumkeszulek.hu\/en\/#website"},"primaryImageOfPage":{"@id":"https:\/\/premiumkeszulek.hu\/en\/product\/smeg-smf04wheu-retro-konyhai-robotgep-a-test-feher\/#primaryimage"},"image":{"@id":"https:\/\/premiumkeszulek.hu\/en\/product\/smeg-smf04wheu-retro-konyhai-robotgep-a-test-feher\/#primaryimage"},"thumbnailUrl":"https:\/\/i0.wp.com\/premiumkeszulek.hu\/wp-content\/uploads\/2025\/10\/SMF04WHEU-111.jpg?fit=800%2C800","datePublished":"2025-10-19T12:46:23+00:00","dateModified":"2026-04-01T17:52:44+00:00","description":"Fedezze fel a Smeg SMF04WHEU konyhai robotg\u00e9p erej\u00e9t 800 W-os teljes\u00edtm\u00e9nnyel \u00e9s 10 fokozattal! K\u00e9sz\u00edtse el kedvenc receptjeit k\u00f6nnyed\u00e9n!","breadcrumb":{"@id":"https:\/\/premiumkeszulek.hu\/en\/product\/smeg-smf04wheu-retro-konyhai-robotgep-a-test-feher\/#breadcrumb"},"inLanguage":"hu","potentialAction":[{"@type":"ReadAction","target":["https:\/\/premiumkeszulek.hu\/en\/product\/smeg-smf04wheu-retro-konyhai-robotgep-a-test-feher\/"]}]},{"@type":"ImageObject","inLanguage":"hu","@id":"https:\/\/premiumkeszulek.hu\/en\/product\/smeg-smf04wheu-retro-konyhai-robotgep-a-test-feher\/#primaryimage","url":"https:\/\/i0.wp.com\/premiumkeszulek.hu\/wp-content\/uploads\/2025\/10\/SMF04WHEU-111.jpg?fit=800%2C800","contentUrl":"https:\/\/i0.wp.com\/premiumkeszulek.hu\/wp-content\/uploads\/2025\/10\/SMF04WHEU-111.jpg?fit=800%2C800","width":800,"height":800},{"@type":"BreadcrumbList","@id":"https:\/\/premiumkeszulek.hu\/en\/product\/smeg-smf04wheu-retro-konyhai-robotgep-a-test-feher\/#breadcrumb","itemListElement":[{"@type":"ListItem","position":1,"name":"Home","item":"https:\/\/premiumkeszulek.hu\/en\/"},{"@type":"ListItem","position":2,"name":"Shop","item":"https:\/\/premiumkeszulek.hu\/en\/shop\/"},{"@type":"ListItem","position":3,"name":"Smeg SMF04WHEU retro konyhai robotg\u00e9p a test feh\u00e9r"}]},{"@type":"WebSite","@id":"https:\/\/premiumkeszulek.hu\/en\/#website","url":"https:\/\/premiumkeszulek.hu\/en\/","name":"Pr\u00e9miumK\u00e9sz\u00fcl\u00e9k","description":"","publisher":{"@id":"https:\/\/premiumkeszulek.hu\/en\/#organization"},"potentialAction":[{"@type":"SearchAction","target":{"@type":"EntryPoint","urlTemplate":"https:\/\/premiumkeszulek.hu\/en\/?s={search_term_string}"},"query-input":{"@type":"PropertyValueSpecification","valueRequired":true,"valueName":"search_term_string"}}],"inLanguage":"hu"},{"@type":"Organization","@id":"https:\/\/premiumkeszulek.hu\/en\/#organization","name":"Pr\u00e9miumK\u00e9sz\u00fcl\u00e9k","alternateName":"HPH Special Kft","url":"https:\/\/premiumkeszulek.hu\/en\/","logo":{"@type":"ImageObject","inLanguage":"hu","@id":"https:\/\/premiumkeszulek.hu\/en\/#\/schema\/logo\/image\/","url":"http:\/\/premiumkeszulek.hu\/wp-content\/uploads\/2025\/03\/TURKIZLOGO-kicsi.png","contentUrl":"http:\/\/premiumkeszulek.hu\/wp-content\/uploads\/2025\/03\/TURKIZLOGO-kicsi.png","width":1600,"height":547,"caption":"Pr\u00e9miumK\u00e9sz\u00fcl\u00e9k"},"image":{"@id":"https:\/\/premiumkeszulek.hu\/en\/#\/schema\/logo\/image\/"},"sameAs":["https:\/\/www.facebook.com\/konyhaluxnet","https:\/\/www.instagram.com\/konyhaluxnet\/#"],"email":"info@premiumkeszulek.hu","telephone":"36 1 \/ 226-1992","legalName":"HPH Special Kft","vatID":"HU12549502","taxID":"12549502","hasMerchantReturnPolicy":{"@type":"MerchantReturnPolicy","merchantReturnLink":"http:\/\/premiumkeszulek.hu\/hu\/altalanos-szerzodesi-es-felhasznalasi-feltetelek\/"}}]},"product_brand":"Smeg","product_price_amount":"207900","product_price_currency":"HUF","og_availability":"instock","product_availability":"instock","product_retailer_item_id":"SMF04WHEU","product_condition":"new"},"jetpack_publicize_connections":[],"jetpack_likes_enabled":true,"jetpack_sharing_enabled":true,"jetpack-related-posts":[],"_links":{"self":[{"href":"http:\/\/premiumkeszulek.hu\/hu\/wp-json\/wp\/v2\/product\/40876","targetHints":{"allow":["GET"]}}],"collection":[{"href":"http:\/\/premiumkeszulek.hu\/hu\/wp-json\/wp\/v2\/product"}],"about":[{"href":"http:\/\/premiumkeszulek.hu\/hu\/wp-json\/wp\/v2\/types\/product"}],"replies":[{"embeddable":true,"href":"http:\/\/premiumkeszulek.hu\/hu\/wp-json\/wp\/v2\/comments?post=40876"}],"wp:featuredmedia":[{"embeddable":true,"href":"http:\/\/premiumkeszulek.hu\/hu\/wp-json\/wp\/v2\/media\/40875"}],"wp:attachment":[{"href":"http:\/\/premiumkeszulek.hu\/hu\/wp-json\/wp\/v2\/media?parent=40876"}],"wp:term":[{"taxonomy":"product_brand","embeddable":true,"href":"http:\/\/premiumkeszulek.hu\/hu\/wp-json\/wp\/v2\/product_brand?post=40876"},{"taxonomy":"product_cat","embeddable":true,"href":"http:\/\/premiumkeszulek.hu\/hu\/wp-json\/wp\/v2\/product_cat?post=40876"},{"taxonomy":"product_tag","embeddable":true,"href":"http:\/\/premiumkeszulek.hu\/hu\/wp-json\/wp\/v2\/product_tag?post=40876"},{"taxonomy":"woo-feed-brand","embeddable":true,"href":"http:\/\/premiumkeszulek.hu\/hu\/wp-json\/wp\/v2\/woo-feed-brand?post=40876"}],"curies":[{"name":"wp","href":"https:\/\/api.w.org\/{rel}","templated":true}]}}