{"id":33078,"date":"2025-08-08T15:34:41","date_gmt":"2025-08-08T13:34:41","guid":{"rendered":"https:\/\/premiumkeszulek.hu\/termek\/whirlpool-whd26473x5e-felulfagyasztos-hutoszekreny\/"},"modified":"2026-04-16T11:15:35","modified_gmt":"2026-04-16T09:15:35","slug":"whirlpool-whd26473x5e-felulfagyasztos-hutoszekreny","status":"publish","type":"product","link":"https:\/\/premiumkeszulek.hu\/hu\/termek\/whirlpool-whd26473x5e-felulfagyasztos-hutoszekreny\/","title":{"rendered":"WHIRLPOOL WHD26473X5E Fel\u00fclfagyaszt\u00f3s h\u0171t\u0151szekr\u00e9ny"},"content":{"rendered":"<p>Ajt\u00f3 dekor panel: Nem lehets\u00e9ges<br \/>\n\tA fagyaszt\u00f3rekeszek teljes \u0171rtartalma: 123<br \/>\n\tT\u00edpus: H\u0171t\u0151\/fagyaszt\u00f3 kombin\u00e1ci\u00f3<br \/>\n\tH\u0151m\u00e9rs\u00e9kleti z\u00f3n\u00e1k sz\u00e1ma: 2<br \/>\n\tFagy\u00e1smentes rendszer: H\u0171t\u0151szekr\u00e9ny \u00e9s fagyaszt\u00f3<br \/>\n\tA term\u00e9k teljes \u0171rtartalma: 477<br \/>\n\tH\u0171t\u0151szekr\u00e9ny olvad\u00e9kv\u00edz elvezet\u0151 rendszerrel: Igen<br \/>\n\tInstall\u00e1ci\u00f3 t\u00edpusa: Szabadon\u00e1ll\u00f3<br \/>\n\t\u00c1ll\u00edthat\u00f3 h\u0171t\u0151polcok sz\u00e1ma: 3<br \/>\n\t\u00c1ll\u00edthat\u00f3 l\u00e1bak: Igen - csak el\u0151l<br \/>\n\tLeolvaszt\u00e1si folyamat fagyaszt\u00f3 r\u00e9sz: Automatikus<br \/>\n\tH\u0171t\u0151polcok sz\u00e1ma: 4<br \/>\n\tFigyelmeztet\u0151 jel \/ \u00fczemzavar: Hallhat\u00f3<br \/>\n\tFed\u0151ajt\u00f3 be\u00e9p\u00edt\u00e9si rendszer: Fixen szerelt<br \/>\n\tH\u00e1l\u00f3zati k\u00e1bel hossza (cm): 213<br \/>\n\tNyitvamaradt ajt\u00f3 jelz\u0151<br \/>\n\tFagyaszt\u00f3 kapacit\u00e1sa (4 csillagos rekesz) (EU2017 \/ 1369): 5.6<br \/>\n\tSz\u00edn: Gy\u00f6ngy Inox<br \/>\n\tElektromos csatlakoz\u00e1s n\u00e9vleges \u00e9rt\u00e9ke (W): 125<br \/>\n\t\u00c1tlagos \u00e9ves energiafogyaszt\u00e1s kilowatt\u00f3r\u00e1ban \/ \u00e9v (kWh\/a): 219<br \/>\n\tGyorsfagyaszt\u00e1s funkci\u00f3: Nem<br \/>\n\t\u00c1ram\/ Biztos\u00edt\u00e9k (A): 1<br \/>\n\tT\u00e1rol\u00e1si id\u0151 teljes\u00edtm\u00e9nyhiba eset\u00e9n (\u00f3ra): 15<br \/>\n\tCsillagos min\u0151s\u00edt\u00e9s: 4<br \/>\n\tEnergiahat\u00e9konys\u00e1gi besorol\u00e1s: D<br \/>\n\tLeveg\u0151ben terjed\u0151 akusztikus zajkibocs\u00e1t\u00e1s: 36<\/p>\n<p>H\u0171t\u0151 brutt\u00f3 kapacit\u00e1sa (l): 354<br \/>\n\tSz\u00e9less\u00e9g (cm): 70.0<br \/>\n\tM\u00e9lys\u00e9g (cm): 74.6<br \/>\n\tFagyaszt\u00f3 brutt\u00f3 kapacit\u00e1sa (l): 1223<br \/>\n\tMagass\u00e1g (cm): 186.5\u00a0<\/p>","protected":false},"excerpt":{"rendered":"<p>Ajt\u00f3 dekor panel: Nem lehets\u00e9ges A fagyaszt\u00f3rekeszek teljes \u0171rtaltalma: 123 T\u00edpus: H\u0171t\u0151\/fagyaszt\u00f3 kombin\u00e1ci\u00f3 H\u0151m\u00e9rs\u00e9kleti z\u00f3n\u00e1k sz\u00e1ma: 2 Fagy\u00e1smentes rendszer: Fridge and freezer A term\u00e9k teljes \u0171rtartalma: 477 H\u0171t\u0151szekr\u00e9ny olvad\u00e9kv\u00edz elvezet\u0151 rendszerrel: Igen Install\u00e1ci\u00f3 t\u00edpusa: Szabadon\u00e1ll\u00f3 \u00c1ll\u00edthat\u00f3 h\u0171t\u0151polcok sz\u00e1ma: 3 \u00c1ll\u00edthat\u00f3 l\u00e1bak: Igen &#8211; csak el\u0151l Leolvaszt\u00e1si folyamat fagyaszt\u00f3 r\u00e9sz: Automatikus H\u0171t\u0151polcok sz\u00e1ma: 4 Figyelmeztet\u0151 jel [&hellip;]<\/p>\n","protected":false},"featured_media":33077,"comment_status":"closed","ping_status":"closed","template":"","meta":{"_crdt_document":"","content-type":"","jetpack_post_was_ever_published":false,"jetpack_publicize_message":"","jetpack_publicize_feature_enabled":true,"jetpack_social_post_already_shared":true,"jetpack_social_options":{"image_generator_settings":{"template":"highway","default_image_id":0,"font":"","enabled":false},"version":2},"_wpas_customize_per_network":false},"product_brand":[6849],"product_cat":[1404,1543],"product_tag":[],"woo-feed-brand":[],"class_list":{"0":"post-33078","1":"product","2":"type-product","3":"status-publish","4":"has-post-thumbnail","6":"product_brand-whirlpool","7":"product_cat-hutokfagyasztok","8":"product_cat-szabadonallo-hutoszekrenyek","9":"product_shipping_class-100000felett","11":"first","12":"onbackorder","13":"taxable","14":"shipping-taxable","15":"purchasable","16":"product-type-simple"},"yoast_head":"<!-- This site is optimized with the Yoast SEO Premium plugin v26.9 (Yoast SEO v27.4) - https:\/\/yoast.com\/product\/yoast-seo-premium-wordpress\/ -->\n<title>WHIRLPOOL WHD26473X5E Fel\u00fclfagyaszt\u00f3s h\u0171t\u0151szekr\u00e9ny - Pr\u00e9miumK\u00e9sz\u00fcl\u00e9k<\/title>\n<meta name=\"description\" content=\"Fedezze fel a WHIRLPOOL WHD26473X5E Fel\u00fclfagyaszt\u00f3s h\u0171t\u0151szekr\u00e9nyt, amely maxim\u00e1lis t\u00e1rol\u00e1st \u00e9s praktikuss\u00e1got biztos\u00edt. Rendelje meg most!\" \/>\n<meta name=\"robots\" content=\"index, follow, max-snippet:-1, max-image-preview:large, max-video-preview:-1\" \/>\n<link rel=\"canonical\" href=\"https:\/\/premiumkeszulek.hu\/hu\/termek\/whirlpool-whd26473x5e-felulfagyasztos-hutoszekreny\/\" \/>\n<meta property=\"og:locale\" content=\"hu_HU\" \/>\n<meta property=\"og:type\" content=\"article\" \/>\n<meta property=\"og:title\" content=\"WHIRLPOOL WHD26473X5E Fel\u00fclfagyaszt\u00f3s h\u0171t\u0151szekr\u00e9ny\" \/>\n<meta property=\"og:description\" content=\"Fedezze fel a WHIRLPOOL WHD26473X5E Fel\u00fclfagyaszt\u00f3s h\u0171t\u0151szekr\u00e9nyt, amely maxim\u00e1lis t\u00e1rol\u00e1st \u00e9s praktikuss\u00e1got biztos\u00edt. Rendelje meg most!\" \/>\n<meta property=\"og:url\" content=\"https:\/\/premiumkeszulek.hu\/hu\/termek\/whirlpool-whd26473x5e-felulfagyasztos-hutoszekreny\/\" \/>\n<meta property=\"og:site_name\" content=\"Pr\u00e9miumK\u00e9sz\u00fcl\u00e9k\" \/>\n<meta property=\"article:publisher\" content=\"https:\/\/www.facebook.com\/konyhaluxnet\" \/>\n<meta property=\"article:modified_time\" content=\"2026-04-16T09:15:35+00:00\" \/>\n<meta property=\"og:image\" content=\"https:\/\/i0.wp.com\/premiumkeszulek.hu\/wp-content\/uploads\/2025\/08\/WHD2_6473_X5E.png?fit=800%2C800&ssl=1\" \/>\n\t<meta property=\"og:image:width\" content=\"800\" \/>\n\t<meta property=\"og:image:height\" content=\"800\" \/>\n\t<meta property=\"og:image:type\" content=\"image\/png\" \/>\n<meta name=\"twitter:card\" content=\"summary_large_image\" \/>\n<meta name=\"twitter:label1\" content=\"\u00c1r\" \/>\n\t<meta name=\"twitter:data1\" content=\"379.900&#070;&#116;\" \/>\n\t<meta name=\"twitter:label2\" content=\"El\u00e9rhet\u0151s\u00e9g\" \/>\n\t<meta name=\"twitter:data2\" content=\"Beszerz\u00e9s alatt\" \/>\n<script type=\"application\/ld+json\" class=\"yoast-schema-graph\">{\"@context\":\"https:\\\/\\\/schema.org\",\"@graph\":[{\"@type\":\"WebPage\",\"@id\":\"https:\\\/\\\/premiumkeszulek.hu\\\/product\\\/whirlpool-whd26473x5e-felulfagyasztos-hutoszekreny\\\/\",\"url\":\"https:\\\/\\\/premiumkeszulek.hu\\\/product\\\/whirlpool-whd26473x5e-felulfagyasztos-hutoszekreny\\\/\",\"name\":\"WHIRLPOOL WHD26473X5E Fel\u00fclfagyaszt\u00f3s h\u0171t\u0151szekr\u00e9ny - Pr\u00e9miumK\u00e9sz\u00fcl\u00e9k\",\"isPartOf\":{\"@id\":\"https:\\\/\\\/premiumkeszulek.hu\\\/hu\\\/#website\"},\"primaryImageOfPage\":{\"@id\":\"https:\\\/\\\/premiumkeszulek.hu\\\/product\\\/whirlpool-whd26473x5e-felulfagyasztos-hutoszekreny\\\/#primaryimage\"},\"image\":{\"@id\":\"https:\\\/\\\/premiumkeszulek.hu\\\/product\\\/whirlpool-whd26473x5e-felulfagyasztos-hutoszekreny\\\/#primaryimage\"},\"thumbnailUrl\":\"https:\\\/\\\/i0.wp.com\\\/premiumkeszulek.hu\\\/wp-content\\\/uploads\\\/2025\\\/08\\\/WHD2_6473_X5E.png?fit=800%2C800&ssl=1\",\"datePublished\":\"2025-08-08T13:34:41+00:00\",\"dateModified\":\"2026-04-16T09:15:35+00:00\",\"description\":\"Fedezze fel a WHIRLPOOL WHD26473X5E Fel\u00fclfagyaszt\u00f3s h\u0171t\u0151szekr\u00e9nyt, amely maxim\u00e1lis t\u00e1rol\u00e1st \u00e9s praktikuss\u00e1got biztos\u00edt. Rendelje meg most!\",\"breadcrumb\":{\"@id\":\"https:\\\/\\\/premiumkeszulek.hu\\\/product\\\/whirlpool-whd26473x5e-felulfagyasztos-hutoszekreny\\\/#breadcrumb\"},\"inLanguage\":\"hu\",\"potentialAction\":[{\"@type\":\"ReadAction\",\"target\":[\"https:\\\/\\\/premiumkeszulek.hu\\\/product\\\/whirlpool-whd26473x5e-felulfagyasztos-hutoszekreny\\\/\"]}]},{\"@type\":\"ImageObject\",\"inLanguage\":\"hu\",\"@id\":\"https:\\\/\\\/premiumkeszulek.hu\\\/product\\\/whirlpool-whd26473x5e-felulfagyasztos-hutoszekreny\\\/#primaryimage\",\"url\":\"https:\\\/\\\/i0.wp.com\\\/premiumkeszulek.hu\\\/wp-content\\\/uploads\\\/2025\\\/08\\\/WHD2_6473_X5E.png?fit=800%2C800&ssl=1\",\"contentUrl\":\"https:\\\/\\\/i0.wp.com\\\/premiumkeszulek.hu\\\/wp-content\\\/uploads\\\/2025\\\/08\\\/WHD2_6473_X5E.png?fit=800%2C800&ssl=1\",\"width\":800,\"height\":800},{\"@type\":\"BreadcrumbList\",\"@id\":\"https:\\\/\\\/premiumkeszulek.hu\\\/product\\\/whirlpool-whd26473x5e-felulfagyasztos-hutoszekreny\\\/#breadcrumb\",\"itemListElement\":[{\"@type\":\"ListItem\",\"position\":1,\"name\":\"Home\",\"item\":\"https:\\\/\\\/premiumkeszulek.hu\\\/hu\\\/\"},{\"@type\":\"ListItem\",\"position\":2,\"name\":\"Shop\",\"item\":\"https:\\\/\\\/premiumkeszulek.hu\\\/hu\\\/shop\\\/\"},{\"@type\":\"ListItem\",\"position\":3,\"name\":\"WHIRLPOOL WHD26473X5E Fel\u00fclfagyaszt\u00f3s h\u0171t\u0151szekr\u00e9ny\"}]},{\"@type\":\"WebSite\",\"@id\":\"https:\\\/\\\/premiumkeszulek.hu\\\/hu\\\/#website\",\"url\":\"https:\\\/\\\/premiumkeszulek.hu\\\/hu\\\/\",\"name\":\"Pr\u00e9miumK\u00e9sz\u00fcl\u00e9k\",\"description\":\"\",\"publisher\":{\"@id\":\"https:\\\/\\\/premiumkeszulek.hu\\\/hu\\\/#organization\"},\"potentialAction\":[{\"@type\":\"SearchAction\",\"target\":{\"@type\":\"EntryPoint\",\"urlTemplate\":\"https:\\\/\\\/premiumkeszulek.hu\\\/hu\\\/?s={search_term_string}\"},\"query-input\":{\"@type\":\"PropertyValueSpecification\",\"valueRequired\":true,\"valueName\":\"search_term_string\"}}],\"inLanguage\":\"hu\"},{\"@type\":\"Organization\",\"@id\":\"https:\\\/\\\/premiumkeszulek.hu\\\/hu\\\/#organization\",\"name\":\"Pr\u00e9miumK\u00e9sz\u00fcl\u00e9k\",\"alternateName\":\"HPH Special Kft\",\"url\":\"https:\\\/\\\/premiumkeszulek.hu\\\/hu\\\/\",\"logo\":{\"@type\":\"ImageObject\",\"inLanguage\":\"hu\",\"@id\":\"https:\\\/\\\/premiumkeszulek.hu\\\/hu\\\/#\\\/schema\\\/logo\\\/image\\\/\",\"url\":\"http:\\\/\\\/premiumkeszulek.hu\\\/wp-content\\\/uploads\\\/2025\\\/03\\\/TURKIZLOGO-kicsi.png\",\"contentUrl\":\"http:\\\/\\\/premiumkeszulek.hu\\\/wp-content\\\/uploads\\\/2025\\\/03\\\/TURKIZLOGO-kicsi.png\",\"width\":1600,\"height\":547,\"caption\":\"Pr\u00e9miumK\u00e9sz\u00fcl\u00e9k\"},\"image\":{\"@id\":\"https:\\\/\\\/premiumkeszulek.hu\\\/hu\\\/#\\\/schema\\\/logo\\\/image\\\/\"},\"sameAs\":[\"https:\\\/\\\/www.facebook.com\\\/konyhaluxnet\",\"https:\\\/\\\/www.instagram.com\\\/konyhaluxnet\\\/#\"],\"email\":\"info@premiumkeszulek.hu\",\"telephone\":\"36 1 \\\/ 226-1992\",\"legalName\":\"HPH Special Kft\",\"vatID\":\"HU12549502\",\"taxID\":\"12549502\",\"hasMerchantReturnPolicy\":{\"@type\":\"MerchantReturnPolicy\",\"merchantReturnLink\":\"https:\\\/\\\/premiumkeszulek.hu\\\/hu\\\/altalanos-szerzodesi-es-felhasznalasi-feltetelek\\\/\"}}]}<\/script>\n<meta property=\"product:brand\" content=\"Whirlpool\" \/>\n<meta property=\"product:price:amount\" content=\"379900\" \/>\n<meta property=\"product:price:currency\" content=\"HUF\" \/>\n<meta property=\"og:availability\" content=\"backorder\" \/>\n<meta property=\"product:availability\" content=\"available for order\" \/>\n<meta property=\"product:retailer_item_id\" content=\"859991719180\" \/>\n<meta property=\"product:condition\" content=\"new\" \/>\n<!-- \/ Yoast SEO Premium plugin. -->","yoast_head_json":{"title":"WHIRLPOOL WHD26473X5E Fel\u00fclfagyaszt\u00f3s h\u0171t\u0151szekr\u00e9ny - Pr\u00e9miumK\u00e9sz\u00fcl\u00e9k","description":"Fedezze fel a WHIRLPOOL WHD26473X5E Fel\u00fclfagyaszt\u00f3s h\u0171t\u0151szekr\u00e9nyt, amely maxim\u00e1lis t\u00e1rol\u00e1st \u00e9s praktikuss\u00e1got biztos\u00edt. Rendelje meg a legt\u00f6bbet!","robots":{"index":"index","follow":"follow","max-snippet":"max-snippet:-1","max-image-preview":"max-image-preview:large","max-video-preview":"max-video-preview:-1"},"canonical":"https:\/\/premiumkeszulek.hu\/hu\/termek\/whirlpool-whd26473x5e-felulfagyasztos-hutoszekreny\/","og_locale":"hu_HU","og_type":"article","og_title":"WHIRLPOOL WHD26473X5E Fel\u00fclfagyaszt\u00f3s h\u0171t\u0151szekr\u00e9ny","og_description":"Fedezze fel a WHIRLPOOL WHD26473X5E Fel\u00fclfagyaszt\u00f3s h\u0171t\u0151szekr\u00e9nyt, amely maxim\u00e1lis t\u00e1rol\u00e1st \u00e9s praktikuss\u00e1got biztos\u00edt. Rendelje meg most!","og_url":"https:\/\/premiumkeszulek.hu\/hu\/termek\/whirlpool-whd26473x5e-felulfagyasztos-hutoszekreny\/","og_site_name":"Pr\u00e9miumK\u00e9sz\u00fcl\u00e9k","article_publisher":"https:\/\/www.facebook.com\/konyhaluxnet","article_modified_time":"2026-04-16T09:15:35+00:00","og_image":[{"width":800,"height":800,"url":"https:\/\/i0.wp.com\/premiumkeszulek.hu\/wp-content\/uploads\/2025\/08\/WHD2_6473_X5E.png?fit=800%2C800&ssl=1","type":"image\/png"}],"twitter_card":"summary_large_image","twitter_misc":{"\u00c1r":"379.900&#70;&#116;","El\u00e9rhet\u0151s\u00e9g":"Beszerz\u00e9s alatt"},"schema":{"@context":"https:\/\/schema.org","@graph":[{"@type":"WebPage","@id":"https:\/\/premiumkeszulek.hu\/product\/whirlpool-whd26473x5e-felulfagyasztos-hutoszekreny\/","url":"https:\/\/premiumkeszulek.hu\/product\/whirlpool-whd26473x5e-felulfagyasztos-hutoszekreny\/","name":"WHIRLPOOL WHD26473X5E Fel\u00fclfagyaszt\u00f3s h\u0171t\u0151szekr\u00e9ny - Pr\u00e9miumK\u00e9sz\u00fcl\u00e9k","isPartOf":{"@id":"https:\/\/premiumkeszulek.hu\/hu\/#website"},"primaryImageOfPage":{"@id":"https:\/\/premiumkeszulek.hu\/product\/whirlpool-whd26473x5e-felulfagyasztos-hutoszekreny\/#primaryimage"},"image":{"@id":"https:\/\/premiumkeszulek.hu\/product\/whirlpool-whd26473x5e-felulfagyasztos-hutoszekreny\/#primaryimage"},"thumbnailUrl":"https:\/\/i0.wp.com\/premiumkeszulek.hu\/wp-content\/uploads\/2025\/08\/WHD2_6473_X5E.png?fit=800%2C800&ssl=1","datePublished":"2025-08-08T13:34:41+00:00","dateModified":"2026-04-16T09:15:35+00:00","description":"Fedezze fel a WHIRLPOOL WHD26473X5E Fel\u00fclfagyaszt\u00f3s h\u0171t\u0151szekr\u00e9nyt, amely maxim\u00e1lis t\u00e1rol\u00e1st \u00e9s praktikuss\u00e1got biztos\u00edt. Rendelje meg a legt\u00f6bbet!","breadcrumb":{"@id":"https:\/\/premiumkeszulek.hu\/product\/whirlpool-whd26473x5e-felulfagyasztos-hutoszekreny\/#breadcrumb"},"inLanguage":"hu","potentialAction":[{"@type":"ReadAction","target":["https:\/\/premiumkeszulek.hu\/product\/whirlpool-whd26473x5e-felulfagyasztos-hutoszekreny\/"]}]},{"@type":"ImageObject","inLanguage":"hu","@id":"https:\/\/premiumkeszulek.hu\/product\/whirlpool-whd26473x5e-felulfagyasztos-hutoszekreny\/#primaryimage","url":"https:\/\/i0.wp.com\/premiumkeszulek.hu\/wp-content\/uploads\/2025\/08\/WHD2_6473_X5E.png?fit=800%2C800&ssl=1","contentUrl":"https:\/\/i0.wp.com\/premiumkeszulek.hu\/wp-content\/uploads\/2025\/08\/WHD2_6473_X5E.png?fit=800%2C800&ssl=1","width":800,"height":800},{"@type":"BreadcrumbList","@id":"https:\/\/premiumkeszulek.hu\/product\/whirlpool-whd26473x5e-felulfagyasztos-hutoszekreny\/#breadcrumb","itemListElement":[{"@type":"ListItem","position":1,"name":"Home","item":"https:\/\/premiumkeszulek.hu\/hu\/"},{"@type":"ListItem","position":2,"name":"Shop","item":"https:\/\/premiumkeszulek.hu\/hu\/shop\/"},{"@type":"ListItem","position":3,"name":"WHIRLPOOL WHD26473X5E Fel\u00fclfagyaszt\u00f3s h\u0171t\u0151szekr\u00e9ny"}]},{"@type":"WebSite","@id":"https:\/\/premiumkeszulek.hu\/hu\/#website","url":"https:\/\/premiumkeszulek.hu\/hu\/","name":"Pr\u00e9miumK\u00e9sz\u00fcl\u00e9k","description":"","publisher":{"@id":"https:\/\/premiumkeszulek.hu\/hu\/#organization"},"potentialAction":[{"@type":"SearchAction","target":{"@type":"EntryPoint","urlTemplate":"https:\/\/premiumkeszulek.hu\/hu\/?s={search_term_string}"},"query-input":{"@type":"PropertyValueSpecification","valueRequired":true,"valueName":"search_term_string"}}],"inLanguage":"hu"},{"@type":"Organization","@id":"https:\/\/premiumkeszulek.hu\/hu\/#organization","name":"Pr\u00e9miumK\u00e9sz\u00fcl\u00e9k","alternateName":"HPH Special Kft","url":"https:\/\/premiumkeszulek.hu\/hu\/","logo":{"@type":"ImageObject","inLanguage":"hu","@id":"https:\/\/premiumkeszulek.hu\/hu\/#\/schema\/logo\/image\/","url":"http:\/\/premiumkeszulek.hu\/wp-content\/uploads\/2025\/03\/TURKIZLOGO-kicsi.png","contentUrl":"http:\/\/premiumkeszulek.hu\/wp-content\/uploads\/2025\/03\/TURKIZLOGO-kicsi.png","width":1600,"height":547,"caption":"Pr\u00e9miumK\u00e9sz\u00fcl\u00e9k"},"image":{"@id":"https:\/\/premiumkeszulek.hu\/hu\/#\/schema\/logo\/image\/"},"sameAs":["https:\/\/www.facebook.com\/konyhaluxnet","https:\/\/www.instagram.com\/konyhaluxnet\/#"],"email":"info@premiumkeszulek.hu","telephone":"36 1 \/ 226-1992","legalName":"HPH Special Kft","vatID":"HU12549502","taxID":"12549502","hasMerchantReturnPolicy":{"@type":"MerchantReturnPolicy","merchantReturnLink":"https:\/\/premiumkeszulek.hu\/hu\/altalanos-szerzodesi-es-felhasznalasi-feltetelek\/"}}]},"product_brand":"Whirlpool","product_price_amount":"379900","product_price_currency":"HUF","og_availability":"backorder","product_availability":"available for order","product_retailer_item_id":"859991719180","product_condition":"new"},"jetpack_publicize_connections":[],"jetpack_likes_enabled":true,"jetpack_sharing_enabled":true,"jetpack-related-posts":[],"_links":{"self":[{"href":"https:\/\/premiumkeszulek.hu\/hu\/wp-json\/wp\/v2\/product\/33078","targetHints":{"allow":["GET"]}}],"collection":[{"href":"https:\/\/premiumkeszulek.hu\/hu\/wp-json\/wp\/v2\/product"}],"about":[{"href":"https:\/\/premiumkeszulek.hu\/hu\/wp-json\/wp\/v2\/types\/product"}],"replies":[{"embeddable":true,"href":"https:\/\/premiumkeszulek.hu\/hu\/wp-json\/wp\/v2\/comments?post=33078"}],"wp:featuredmedia":[{"embeddable":true,"href":"https:\/\/premiumkeszulek.hu\/hu\/wp-json\/wp\/v2\/media\/33077"}],"wp:attachment":[{"href":"https:\/\/premiumkeszulek.hu\/hu\/wp-json\/wp\/v2\/media?parent=33078"}],"wp:term":[{"taxonomy":"product_brand","embeddable":true,"href":"https:\/\/premiumkeszulek.hu\/hu\/wp-json\/wp\/v2\/product_brand?post=33078"},{"taxonomy":"product_cat","embeddable":true,"href":"https:\/\/premiumkeszulek.hu\/hu\/wp-json\/wp\/v2\/product_cat?post=33078"},{"taxonomy":"product_tag","embeddable":true,"href":"https:\/\/premiumkeszulek.hu\/hu\/wp-json\/wp\/v2\/product_tag?post=33078"},{"taxonomy":"woo-feed-brand","embeddable":true,"href":"https:\/\/premiumkeszulek.hu\/hu\/wp-json\/wp\/v2\/woo-feed-brand?post=33078"}],"curies":[{"name":"wp","href":"https:\/\/api.w.org\/{rel}","templated":true}]}}