{"id":17301,"date":"2025-05-19T11:12:11","date_gmt":"2025-05-19T09:12:11","guid":{"rendered":"https:\/\/premiumkeszulek.hu\/termek\/electrolux-lub3ae88s-beepitheto-fagyaszto-fastfreeze-funkcio\/"},"modified":"2026-04-13T11:56:41","modified_gmt":"2026-04-13T09:56:41","slug":"electrolux-lub3ae88s-beepitheto-fagyaszto-fastfreeze-funkcio","status":"publish","type":"product","link":"https:\/\/premiumkeszulek.hu\/hu\/termek\/electrolux-lub3ae88s-beepitheto-fagyaszto-fastfreeze-funkcio\/","title":{"rendered":"Electrolux LUB3AE88S Be\u00e9p\u00edthet\u0151 fagyaszt\u00f3, FastFreeze funkci\u00f3"},"content":{"rendered":"<p>- cs\u00faszkajt\u00f3s be\u00e9p\u00edt\u00e9s<br \/>\n- megford\u00edthat\u00f3 ajt\u00f3nyit\u00e1s<br \/>\n- magas h\u0151m\u00e9rs\u00e9klet riaszt\u00e1s (f\u00e9ny+hang)<\/p>","protected":false},"excerpt":{"rendered":"<p>- cs\u00faszkap\u00e1ntos be\u00e9p\u00edt\u00e9s - megford\u00edthat\u00f3 ajt\u00f3nyit\u00e1s - magas h\u0151m\u00e9rs\u00e9klet riaszt\u00e1s (f\u00e9ny+hang)<\/p>","protected":false},"featured_media":17300,"comment_status":"closed","ping_status":"closed","template":"","meta":{"_crdt_document":"","content-type":"","jetpack_post_was_ever_published":false,"jetpack_publicize_message":"","jetpack_publicize_feature_enabled":true,"jetpack_social_post_already_shared":true,"jetpack_social_options":{"image_generator_settings":{"template":"highway","default_image_id":0,"font":"","enabled":false},"version":2},"_wpas_customize_per_network":false},"product_brand":[7625],"product_cat":[1544,1404],"product_tag":[],"woo-feed-brand":[],"class_list":{"0":"post-17301","1":"product","2":"type-product","3":"status-publish","4":"has-post-thumbnail","6":"product_brand-electrolux","7":"product_cat-beepitheto-fagyasztoszekrenyek","8":"product_cat-hutokfagyasztok","9":"product_shipping_class-100000felett","11":"first","12":"instock","13":"taxable","14":"shipping-taxable","15":"purchasable","16":"product-type-simple"},"yoast_head":"<!-- This site is optimized with the Yoast SEO Premium plugin v26.9 (Yoast SEO v27.4) - https:\/\/yoast.com\/product\/yoast-seo-premium-wordpress\/ -->\n<title>Electrolux LUB3AE88S Be\u00e9p\u00edthet\u0151 fagyaszt\u00f3, FastFreeze funkci\u00f3 - Pr\u00e9miumK\u00e9sz\u00fcl\u00e9k<\/title>\n<meta name=\"description\" content=\"Fedezze fel az Electrolux LUB3AE88S Be\u00e9p\u00edthet\u0151 fagyaszt\u00f3t, amely cs\u00faszkap\u00e1ntos be\u00e9p\u00edt\u00e9st \u00e9s megford\u00edthat\u00f3 ajt\u00f3nyit\u00e1st k\u00edn\u00e1l. Rendelje meg most!\" \/>\n<meta name=\"robots\" content=\"index, follow, max-snippet:-1, max-image-preview:large, max-video-preview:-1\" \/>\n<link rel=\"canonical\" href=\"https:\/\/premiumkeszulek.hu\/hu\/termek\/electrolux-lub3ae88s-beepitheto-fagyaszto-fastfreeze-funkcio\/\" \/>\n<meta property=\"og:locale\" content=\"hu_HU\" \/>\n<meta property=\"og:type\" content=\"article\" \/>\n<meta property=\"og:title\" content=\"Electrolux LUB3AE88S Be\u00e9p\u00edthet\u0151 fagyaszt\u00f3, FastFreeze funkci\u00f3\" \/>\n<meta property=\"og:description\" content=\"Fedezze fel az Electrolux LUB3AE88S Be\u00e9p\u00edthet\u0151 fagyaszt\u00f3t, amely cs\u00faszkap\u00e1ntos be\u00e9p\u00edt\u00e9st \u00e9s megford\u00edthat\u00f3 ajt\u00f3nyit\u00e1st k\u00edn\u00e1l. Rendelje meg most!\" \/>\n<meta property=\"og:url\" content=\"https:\/\/premiumkeszulek.hu\/hu\/termek\/electrolux-lub3ae88s-beepitheto-fagyaszto-fastfreeze-funkcio\/\" \/>\n<meta property=\"og:site_name\" content=\"Pr\u00e9miumK\u00e9sz\u00fcl\u00e9k\" \/>\n<meta property=\"article:publisher\" content=\"https:\/\/www.facebook.com\/konyhaluxnet\" \/>\n<meta property=\"article:modified_time\" content=\"2026-04-13T09:56:41+00:00\" \/>\n<meta property=\"og:image\" content=\"https:\/\/i0.wp.com\/premiumkeszulek.hu\/wp-content\/uploads\/2025\/05\/lub3ae88s.jpg?fit=800%2C800&ssl=1\" \/>\n\t<meta property=\"og:image:width\" content=\"800\" \/>\n\t<meta property=\"og:image:height\" content=\"800\" \/>\n\t<meta property=\"og:image:type\" content=\"image\/jpeg\" \/>\n<meta name=\"twitter:card\" content=\"summary_large_image\" \/>\n<meta name=\"twitter:label1\" content=\"\u00c1r\" \/>\n\t<meta name=\"twitter:data1\" content=\"133.900&#070;&#116;\" \/>\n\t<meta name=\"twitter:label2\" content=\"El\u00e9rhet\u0151s\u00e9g\" \/>\n\t<meta name=\"twitter:data2\" content=\"K\u00e9szleten\" \/>\n<script type=\"application\/ld+json\" class=\"yoast-schema-graph\">{\"@context\":\"https:\\\/\\\/schema.org\",\"@graph\":[{\"@type\":\"WebPage\",\"@id\":\"https:\\\/\\\/premiumkeszulek.hu\\\/en\\\/product\\\/electrolux-lub3ae88s-beepitheto-fagyaszto-fastfreeze-funkcio\\\/\",\"url\":\"https:\\\/\\\/premiumkeszulek.hu\\\/en\\\/product\\\/electrolux-lub3ae88s-beepitheto-fagyaszto-fastfreeze-funkcio\\\/\",\"name\":\"Electrolux LUB3AE88S Be\u00e9p\u00edthet\u0151 fagyaszt\u00f3, FastFreeze funkci\u00f3 - Pr\u00e9miumK\u00e9sz\u00fcl\u00e9k\",\"isPartOf\":{\"@id\":\"https:\\\/\\\/premiumkeszulek.hu\\\/hu\\\/#website\"},\"primaryImageOfPage\":{\"@id\":\"https:\\\/\\\/premiumkeszulek.hu\\\/en\\\/product\\\/electrolux-lub3ae88s-beepitheto-fagyaszto-fastfreeze-funkcio\\\/#primaryimage\"},\"image\":{\"@id\":\"https:\\\/\\\/premiumkeszulek.hu\\\/en\\\/product\\\/electrolux-lub3ae88s-beepitheto-fagyaszto-fastfreeze-funkcio\\\/#primaryimage\"},\"thumbnailUrl\":\"https:\\\/\\\/i0.wp.com\\\/premiumkeszulek.hu\\\/wp-content\\\/uploads\\\/2025\\\/05\\\/lub3ae88s.jpg?fit=800%2C800&ssl=1\",\"datePublished\":\"2025-05-19T09:12:11+00:00\",\"dateModified\":\"2026-04-13T09:56:41+00:00\",\"description\":\"Fedezze fel az Electrolux LUB3AE88S Be\u00e9p\u00edthet\u0151 fagyaszt\u00f3t, amely cs\u00faszkap\u00e1ntos be\u00e9p\u00edt\u00e9st \u00e9s megford\u00edthat\u00f3 ajt\u00f3nyit\u00e1st k\u00edn\u00e1l. Rendelje meg most!\",\"breadcrumb\":{\"@id\":\"https:\\\/\\\/premiumkeszulek.hu\\\/en\\\/product\\\/electrolux-lub3ae88s-beepitheto-fagyaszto-fastfreeze-funkcio\\\/#breadcrumb\"},\"inLanguage\":\"hu\",\"potentialAction\":[{\"@type\":\"ReadAction\",\"target\":[\"https:\\\/\\\/premiumkeszulek.hu\\\/en\\\/product\\\/electrolux-lub3ae88s-beepitheto-fagyaszto-fastfreeze-funkcio\\\/\"]}]},{\"@type\":\"ImageObject\",\"inLanguage\":\"hu\",\"@id\":\"https:\\\/\\\/premiumkeszulek.hu\\\/en\\\/product\\\/electrolux-lub3ae88s-beepitheto-fagyaszto-fastfreeze-funkcio\\\/#primaryimage\",\"url\":\"https:\\\/\\\/i0.wp.com\\\/premiumkeszulek.hu\\\/wp-content\\\/uploads\\\/2025\\\/05\\\/lub3ae88s.jpg?fit=800%2C800&ssl=1\",\"contentUrl\":\"https:\\\/\\\/i0.wp.com\\\/premiumkeszulek.hu\\\/wp-content\\\/uploads\\\/2025\\\/05\\\/lub3ae88s.jpg?fit=800%2C800&ssl=1\",\"width\":800,\"height\":800},{\"@type\":\"BreadcrumbList\",\"@id\":\"https:\\\/\\\/premiumkeszulek.hu\\\/en\\\/product\\\/electrolux-lub3ae88s-beepitheto-fagyaszto-fastfreeze-funkcio\\\/#breadcrumb\",\"itemListElement\":[{\"@type\":\"ListItem\",\"position\":1,\"name\":\"Home\",\"item\":\"https:\\\/\\\/premiumkeszulek.hu\\\/hu\\\/\"},{\"@type\":\"ListItem\",\"position\":2,\"name\":\"Shop\",\"item\":\"https:\\\/\\\/premiumkeszulek.hu\\\/hu\\\/shop\\\/\"},{\"@type\":\"ListItem\",\"position\":3,\"name\":\"Electrolux LUB3AE88S Be\u00e9p\u00edthet\u0151 fagyaszt\u00f3, FastFreeze funkci\u00f3\"}]},{\"@type\":\"WebSite\",\"@id\":\"https:\\\/\\\/premiumkeszulek.hu\\\/hu\\\/#website\",\"url\":\"https:\\\/\\\/premiumkeszulek.hu\\\/hu\\\/\",\"name\":\"Pr\u00e9miumK\u00e9sz\u00fcl\u00e9k\",\"description\":\"\",\"publisher\":{\"@id\":\"https:\\\/\\\/premiumkeszulek.hu\\\/hu\\\/#organization\"},\"potentialAction\":[{\"@type\":\"SearchAction\",\"target\":{\"@type\":\"EntryPoint\",\"urlTemplate\":\"https:\\\/\\\/premiumkeszulek.hu\\\/hu\\\/?s={search_term_string}\"},\"query-input\":{\"@type\":\"PropertyValueSpecification\",\"valueRequired\":true,\"valueName\":\"search_term_string\"}}],\"inLanguage\":\"hu\"},{\"@type\":\"Organization\",\"@id\":\"https:\\\/\\\/premiumkeszulek.hu\\\/hu\\\/#organization\",\"name\":\"Pr\u00e9miumK\u00e9sz\u00fcl\u00e9k\",\"alternateName\":\"HPH Special Kft\",\"url\":\"https:\\\/\\\/premiumkeszulek.hu\\\/hu\\\/\",\"logo\":{\"@type\":\"ImageObject\",\"inLanguage\":\"hu\",\"@id\":\"https:\\\/\\\/premiumkeszulek.hu\\\/hu\\\/#\\\/schema\\\/logo\\\/image\\\/\",\"url\":\"http:\\\/\\\/premiumkeszulek.hu\\\/wp-content\\\/uploads\\\/2025\\\/03\\\/TURKIZLOGO-kicsi.png\",\"contentUrl\":\"http:\\\/\\\/premiumkeszulek.hu\\\/wp-content\\\/uploads\\\/2025\\\/03\\\/TURKIZLOGO-kicsi.png\",\"width\":1600,\"height\":547,\"caption\":\"Pr\u00e9miumK\u00e9sz\u00fcl\u00e9k\"},\"image\":{\"@id\":\"https:\\\/\\\/premiumkeszulek.hu\\\/hu\\\/#\\\/schema\\\/logo\\\/image\\\/\"},\"sameAs\":[\"https:\\\/\\\/www.facebook.com\\\/konyhaluxnet\",\"https:\\\/\\\/www.instagram.com\\\/konyhaluxnet\\\/#\"],\"email\":\"info@premiumkeszulek.hu\",\"telephone\":\"36 1 \\\/ 226-1992\",\"legalName\":\"HPH Special Kft\",\"vatID\":\"HU12549502\",\"taxID\":\"12549502\",\"hasMerchantReturnPolicy\":{\"@type\":\"MerchantReturnPolicy\",\"merchantReturnLink\":\"https:\\\/\\\/premiumkeszulek.hu\\\/hu\\\/altalanos-szerzodesi-es-felhasznalasi-feltetelek\\\/\"}}]}<\/script>\n<meta property=\"product:brand\" content=\"Electrolux\" \/>\n<meta property=\"product:price:amount\" content=\"133900\" \/>\n<meta property=\"product:price:currency\" content=\"HUF\" \/>\n<meta property=\"og:availability\" content=\"instock\" \/>\n<meta property=\"product:availability\" content=\"instock\" \/>\n<meta property=\"product:retailer_item_id\" content=\"933033738\" \/>\n<meta property=\"product:condition\" content=\"new\" \/>\n<!-- \/ Yoast SEO Premium plugin. -->","yoast_head_json":{"title":"Electrolux LUB3AE88S Be\u00e9p\u00edthet\u0151 fagyaszt\u00f3, FastFreeze funkci\u00f3 - Pr\u00e9miumK\u00e9sz\u00fcl\u00e9k","description":"Fedezze fel az Electrolux LUB3AE88S Be\u00e9p\u00edthet\u0151 fagyaszt\u00f3t, amely cs\u00faszkap\u00e1ntos be\u00e9p\u00edt\u00e9st \u00e9s megford\u00edthat\u00f3 ajt\u00f3nyit\u00e1st k\u00edn\u00e1l. Rendelje meg a legt\u00f6bbet!","robots":{"index":"index","follow":"follow","max-snippet":"max-snippet:-1","max-image-preview":"max-image-preview:large","max-video-preview":"max-video-preview:-1"},"canonical":"https:\/\/premiumkeszulek.hu\/hu\/termek\/electrolux-lub3ae88s-beepitheto-fagyaszto-fastfreeze-funkcio\/","og_locale":"hu_HU","og_type":"article","og_title":"Electrolux LUB3AE88S Be\u00e9p\u00edthet\u0151 fagyaszt\u00f3, FastFreeze funkci\u00f3","og_description":"Fedezze fel az Electrolux LUB3AE88S Be\u00e9p\u00edthet\u0151 fagyaszt\u00f3t, amely cs\u00faszkap\u00e1ntos be\u00e9p\u00edt\u00e9st \u00e9s megford\u00edthat\u00f3 ajt\u00f3nyit\u00e1st k\u00edn\u00e1l. Rendelje meg most!","og_url":"https:\/\/premiumkeszulek.hu\/hu\/termek\/electrolux-lub3ae88s-beepitheto-fagyaszto-fastfreeze-funkcio\/","og_site_name":"Pr\u00e9miumK\u00e9sz\u00fcl\u00e9k","article_publisher":"https:\/\/www.facebook.com\/konyhaluxnet","article_modified_time":"2026-04-13T09:56:41+00:00","og_image":[{"width":800,"height":800,"url":"https:\/\/i0.wp.com\/premiumkeszulek.hu\/wp-content\/uploads\/2025\/05\/lub3ae88s.jpg?fit=800%2C800&ssl=1","type":"image\/jpeg"}],"twitter_card":"summary_large_image","twitter_misc":{"\u00c1r":"133.900&#70;&#116;","El\u00e9rhet\u0151s\u00e9g":"K\u00e9szleten"},"schema":{"@context":"https:\/\/schema.org","@graph":[{"@type":"WebPage","@id":"https:\/\/premiumkeszulek.hu\/en\/product\/electrolux-lub3ae88s-beepitheto-fagyaszto-fastfreeze-funkcio\/","url":"https:\/\/premiumkeszulek.hu\/en\/product\/electrolux-lub3ae88s-beepitheto-fagyaszto-fastfreeze-funkcio\/","name":"Electrolux LUB3AE88S Be\u00e9p\u00edthet\u0151 fagyaszt\u00f3, FastFreeze funkci\u00f3 - Pr\u00e9miumK\u00e9sz\u00fcl\u00e9k","isPartOf":{"@id":"https:\/\/premiumkeszulek.hu\/hu\/#website"},"primaryImageOfPage":{"@id":"https:\/\/premiumkeszulek.hu\/en\/product\/electrolux-lub3ae88s-beepitheto-fagyaszto-fastfreeze-funkcio\/#primaryimage"},"image":{"@id":"https:\/\/premiumkeszulek.hu\/en\/product\/electrolux-lub3ae88s-beepitheto-fagyaszto-fastfreeze-funkcio\/#primaryimage"},"thumbnailUrl":"https:\/\/i0.wp.com\/premiumkeszulek.hu\/wp-content\/uploads\/2025\/05\/lub3ae88s.jpg?fit=800%2C800&ssl=1","datePublished":"2025-05-19T09:12:11+00:00","dateModified":"2026-04-13T09:56:41+00:00","description":"Fedezze fel az Electrolux LUB3AE88S Be\u00e9p\u00edthet\u0151 fagyaszt\u00f3t, amely cs\u00faszkap\u00e1ntos be\u00e9p\u00edt\u00e9st \u00e9s megford\u00edthat\u00f3 ajt\u00f3nyit\u00e1st k\u00edn\u00e1l. Rendelje meg a legt\u00f6bbet!","breadcrumb":{"@id":"https:\/\/premiumkeszulek.hu\/en\/product\/electrolux-lub3ae88s-beepitheto-fagyaszto-fastfreeze-funkcio\/#breadcrumb"},"inLanguage":"hu","potentialAction":[{"@type":"ReadAction","target":["https:\/\/premiumkeszulek.hu\/en\/product\/electrolux-lub3ae88s-beepitheto-fagyaszto-fastfreeze-funkcio\/"]}]},{"@type":"ImageObject","inLanguage":"hu","@id":"https:\/\/premiumkeszulek.hu\/en\/product\/electrolux-lub3ae88s-beepitheto-fagyaszto-fastfreeze-funkcio\/#primaryimage","url":"https:\/\/i0.wp.com\/premiumkeszulek.hu\/wp-content\/uploads\/2025\/05\/lub3ae88s.jpg?fit=800%2C800&ssl=1","contentUrl":"https:\/\/i0.wp.com\/premiumkeszulek.hu\/wp-content\/uploads\/2025\/05\/lub3ae88s.jpg?fit=800%2C800&ssl=1","width":800,"height":800},{"@type":"BreadcrumbList","@id":"https:\/\/premiumkeszulek.hu\/en\/product\/electrolux-lub3ae88s-beepitheto-fagyaszto-fastfreeze-funkcio\/#breadcrumb","itemListElement":[{"@type":"ListItem","position":1,"name":"Home","item":"https:\/\/premiumkeszulek.hu\/hu\/"},{"@type":"ListItem","position":2,"name":"Shop","item":"https:\/\/premiumkeszulek.hu\/hu\/shop\/"},{"@type":"ListItem","position":3,"name":"Electrolux LUB3AE88S Be\u00e9p\u00edthet\u0151 fagyaszt\u00f3, FastFreeze funkci\u00f3"}]},{"@type":"WebSite","@id":"https:\/\/premiumkeszulek.hu\/hu\/#website","url":"https:\/\/premiumkeszulek.hu\/hu\/","name":"Pr\u00e9miumK\u00e9sz\u00fcl\u00e9k","description":"","publisher":{"@id":"https:\/\/premiumkeszulek.hu\/hu\/#organization"},"potentialAction":[{"@type":"SearchAction","target":{"@type":"EntryPoint","urlTemplate":"https:\/\/premiumkeszulek.hu\/hu\/?s={search_term_string}"},"query-input":{"@type":"PropertyValueSpecification","valueRequired":true,"valueName":"search_term_string"}}],"inLanguage":"hu"},{"@type":"Organization","@id":"https:\/\/premiumkeszulek.hu\/hu\/#organization","name":"Pr\u00e9miumK\u00e9sz\u00fcl\u00e9k","alternateName":"HPH Special Kft","url":"https:\/\/premiumkeszulek.hu\/hu\/","logo":{"@type":"ImageObject","inLanguage":"hu","@id":"https:\/\/premiumkeszulek.hu\/hu\/#\/schema\/logo\/image\/","url":"http:\/\/premiumkeszulek.hu\/wp-content\/uploads\/2025\/03\/TURKIZLOGO-kicsi.png","contentUrl":"http:\/\/premiumkeszulek.hu\/wp-content\/uploads\/2025\/03\/TURKIZLOGO-kicsi.png","width":1600,"height":547,"caption":"Pr\u00e9miumK\u00e9sz\u00fcl\u00e9k"},"image":{"@id":"https:\/\/premiumkeszulek.hu\/hu\/#\/schema\/logo\/image\/"},"sameAs":["https:\/\/www.facebook.com\/konyhaluxnet","https:\/\/www.instagram.com\/konyhaluxnet\/#"],"email":"info@premiumkeszulek.hu","telephone":"36 1 \/ 226-1992","legalName":"HPH Special Kft","vatID":"HU12549502","taxID":"12549502","hasMerchantReturnPolicy":{"@type":"MerchantReturnPolicy","merchantReturnLink":"https:\/\/premiumkeszulek.hu\/hu\/altalanos-szerzodesi-es-felhasznalasi-feltetelek\/"}}]},"product_brand":"Electrolux","product_price_amount":"133900","product_price_currency":"HUF","og_availability":"instock","product_availability":"instock","product_retailer_item_id":"933033738","product_condition":"new"},"jetpack_publicize_connections":[],"jetpack_likes_enabled":true,"jetpack_sharing_enabled":true,"jetpack-related-posts":[],"_links":{"self":[{"href":"https:\/\/premiumkeszulek.hu\/hu\/wp-json\/wp\/v2\/product\/17301","targetHints":{"allow":["GET"]}}],"collection":[{"href":"https:\/\/premiumkeszulek.hu\/hu\/wp-json\/wp\/v2\/product"}],"about":[{"href":"https:\/\/premiumkeszulek.hu\/hu\/wp-json\/wp\/v2\/types\/product"}],"replies":[{"embeddable":true,"href":"https:\/\/premiumkeszulek.hu\/hu\/wp-json\/wp\/v2\/comments?post=17301"}],"wp:featuredmedia":[{"embeddable":true,"href":"https:\/\/premiumkeszulek.hu\/hu\/wp-json\/wp\/v2\/media\/17300"}],"wp:attachment":[{"href":"https:\/\/premiumkeszulek.hu\/hu\/wp-json\/wp\/v2\/media?parent=17301"}],"wp:term":[{"taxonomy":"product_brand","embeddable":true,"href":"https:\/\/premiumkeszulek.hu\/hu\/wp-json\/wp\/v2\/product_brand?post=17301"},{"taxonomy":"product_cat","embeddable":true,"href":"https:\/\/premiumkeszulek.hu\/hu\/wp-json\/wp\/v2\/product_cat?post=17301"},{"taxonomy":"product_tag","embeddable":true,"href":"https:\/\/premiumkeszulek.hu\/hu\/wp-json\/wp\/v2\/product_tag?post=17301"},{"taxonomy":"woo-feed-brand","embeddable":true,"href":"https:\/\/premiumkeszulek.hu\/hu\/wp-json\/wp\/v2\/woo-feed-brand?post=17301"}],"curies":[{"name":"wp","href":"https:\/\/api.w.org\/{rel}","templated":true}]}}